{"id":99703,"date":"2026-03-11T13:51:09","date_gmt":"2026-03-11T13:51:09","guid":{"rendered":"http:\/\/recettes-gourmandes-de-joce.fr\/?page_id=99703"},"modified":"2026-03-15T00:08:41","modified_gmt":"2026-03-15T00:08:41","slug":"boulettes-mini-burgers-de-poulet-sauce-cremee-a-la-marinade-citronnee-et-pimentee","status":"publish","type":"page","link":"http:\/\/recettes-gourmandes-de-joce.fr\/index.php\/index\/viandes\/volailles\/poulet-poule-poularde-coq-coquelet\/boulettes-mini-burgers-de-poulet-sauce-cremee-a-la-marinade-citronnee-et-pimentee\/","title":{"rendered":"Boulettes (mini burgers) de poulet sauce cr\u00e9m\u00e9e \u00e0 la marinade citronn\u00e9e et piment\u00e9e"},"content":{"rendered":"<p style=\"text-align: center;\"><span style=\"text-decoration: underline; color: #008000;\"><span style=\"font-size: 18pt; font-family: georgia, palatino, serif;\"><em>Une de mes recettes<\/em><\/span><\/span><\/p>\n<p style=\"text-align: center;\"><img loading=\"lazy\" decoding=\"async\" class=\"alignnone wp-image-99685\" src=\"http:\/\/recettes-gourmandes-de-joce.fr\/wp-content\/uploads\/2026\/03\/20260310_201308.jpg\" alt=\"\" width=\"206\" height=\"180\" srcset=\"http:\/\/recettes-gourmandes-de-joce.fr\/wp-content\/uploads\/2026\/03\/20260310_201308.jpg 800w, http:\/\/recettes-gourmandes-de-joce.fr\/wp-content\/uploads\/2026\/03\/20260310_201308-768x671.jpg 768w, http:\/\/recettes-gourmandes-de-joce.fr\/wp-content\/uploads\/2026\/03\/20260310_201308-750x655.jpg 750w\" sizes=\"auto, (max-width: 206px) 100vw, 206px\" \/> <img loading=\"lazy\" decoding=\"async\" class=\"alignnone wp-image-99690\" src=\"http:\/\/recettes-gourmandes-de-joce.fr\/wp-content\/uploads\/2026\/03\/20260310_201327.jpg\" alt=\"\" width=\"240\" height=\"180\" srcset=\"http:\/\/recettes-gourmandes-de-joce.fr\/wp-content\/uploads\/2026\/03\/20260310_201327.jpg 800w, http:\/\/recettes-gourmandes-de-joce.fr\/wp-content\/uploads\/2026\/03\/20260310_201327-768x576.jpg 768w, http:\/\/recettes-gourmandes-de-joce.fr\/wp-content\/uploads\/2026\/03\/20260310_201327-750x563.jpg 750w\" sizes=\"auto, (max-width: 240px) 100vw, 240px\" \/> <img loading=\"lazy\" decoding=\"async\" class=\"alignnone wp-image-99686\" src=\"http:\/\/recettes-gourmandes-de-joce.fr\/wp-content\/uploads\/2026\/03\/20260310_201309.jpg\" alt=\"\" width=\"240\" height=\"180\" srcset=\"http:\/\/recettes-gourmandes-de-joce.fr\/wp-content\/uploads\/2026\/03\/20260310_201309.jpg 800w, http:\/\/recettes-gourmandes-de-joce.fr\/wp-content\/uploads\/2026\/03\/20260310_201309-768x576.jpg 768w, http:\/\/recettes-gourmandes-de-joce.fr\/wp-content\/uploads\/2026\/03\/20260310_201309-750x563.jpg 750w\" sizes=\"auto, (max-width: 240px) 100vw, 240px\" \/><\/p>\n<p style=\"text-align: center;\"><span style=\"text-decoration: underline; color: #008000;\"><span style=\"font-size: 18pt; font-family: georgia, palatino, serif;\"><em>Ingr\u00e9dients pour 4 personnes<\/em><\/span><\/span><\/p>\n<p style=\"text-align: center;\"><img loading=\"lazy\" decoding=\"async\" class=\"alignnone wp-image-99699\" src=\"http:\/\/recettes-gourmandes-de-joce.fr\/wp-content\/uploads\/2026\/03\/20260310_192839.jpg\" alt=\"\" width=\"185\" height=\"200\" \/><\/p>\n<p style=\"text-align: center;\"><span style=\"font-family: georgia, palatino, serif; font-size: 14pt; color: #008000;\"><em>16 boulettes (ici des mini burgers) de poulet <\/em><\/span><\/p>\n<p style=\"text-align: center;\"><span style=\"font-family: georgia, palatino, serif; font-size: 14pt; color: #008000;\"><em>2 bonne c \u00e0 s de cr\u00e8me fra\u00eeche<\/em><\/span><\/p>\n<p style=\"text-align: center;\"><span style=\"font-family: georgia, palatino, serif; font-size: 14pt; color: #008000;\"><em> 1 morceau de beurre<\/em><\/span><\/p>\n<p style=\"text-align: center;\"><span style=\"font-family: georgia, palatino, serif; font-size: 14pt; color: #008000;\"><em>Sel et poivre <\/em><\/span><\/p>\n<p style=\"text-align: center;\"><span style=\"color: #008000;\"><strong><span style=\"text-decoration: underline;\"><span style=\"font-family: georgia, palatino, serif; font-size: 14pt;\"><em>Pour la marinade<\/em><\/span><\/span><\/strong><\/span><\/p>\n<p style=\"text-align: center;\"><span style=\"font-family: georgia, palatino, serif; font-size: 14pt; color: #008000;\"><em>1 citron <\/em><\/span><\/p>\n<p style=\"text-align: center;\"><span style=\"font-family: georgia, palatino, serif; font-size: 14pt; color: #008000;\"><em>1 petit bouquet de ciboulette <\/em><\/span><\/p>\n<p style=\"text-align: center;\"><span style=\"font-family: georgia, palatino, serif; font-size: 14pt; color: #008000;\"><em>1 petit bouquet de persil plat<\/em><\/span><\/p>\n<p style=\"text-align: center;\"><span style=\"font-family: georgia, palatino, serif; font-size: 14pt; color: #008000;\"><em> 10 feuilles de basilic <\/em><\/span><\/p>\n<p style=\"text-align: center;\"><span style=\"font-family: georgia, palatino, serif; font-size: 14pt; color: #008000;\"><em>1 c \u00e0 s rase d&rsquo;ail semoule <\/em><\/span><\/p>\n<p style=\"text-align: center;\"><span style=\"font-family: georgia, palatino, serif; font-size: 14pt; color: #008000;\"><em>1 c \u00e0 c de piment d&rsquo;Espelette Sel\u00a0<\/em><\/span><\/p>\n<p style=\"text-align: center;\"><span style=\"font-family: georgia, palatino, serif; font-size: 14pt; color: #008000;\"><em>Huile d\u2019olive pour couvrir les ingr\u00e9dients (\u00b1 100 ml)<\/em><\/span><\/p>\n<p style=\"text-align: center;\"><span style=\"font-family: georgia, palatino, serif; font-size: 14pt; color: #008000;\"><em>Recette de la marinade sur ce lien -&gt;<\/em><\/span><a href=\"http:\/\/recettes-gourmandes-de-joce.fr\/index.php\/index\/sauces-assaisonnements\/marinades\/marinade-au-citron-piment-despelette-ail-et-herbes-aromatiques\/\"><span style=\"font-size: 14pt; font-family: georgia, palatino, serif;\"><em>Marinade au citron, piment d&rsquo;Espelette, ail et herbes aromatiques.<\/em><\/span><span style=\"font-family: georgia, palatino, serif; font-size: 14pt; color: #008000;\"><em>\u00a0<img loading=\"lazy\" decoding=\"async\" class=\"alignnone wp-image-99675\" src=\"http:\/\/recettes-gourmandes-de-joce.fr\/wp-content\/uploads\/2026\/03\/20260310_121436.jpg\" alt=\"\" width=\"200\" height=\"150\" srcset=\"http:\/\/recettes-gourmandes-de-joce.fr\/wp-content\/uploads\/2026\/03\/20260310_121436.jpg 800w, http:\/\/recettes-gourmandes-de-joce.fr\/wp-content\/uploads\/2026\/03\/20260310_121436-768x576.jpg 768w, http:\/\/recettes-gourmandes-de-joce.fr\/wp-content\/uploads\/2026\/03\/20260310_121436-750x563.jpg 750w\" sizes=\"auto, (max-width: 200px) 100vw, 200px\" \/><\/em><\/span><\/a><\/p>\n<p style=\"text-align: center;\"><img loading=\"lazy\" decoding=\"async\" class=\"alignnone wp-image-99675\" src=\"http:\/\/recettes-gourmandes-de-joce.fr\/wp-content\/uploads\/2026\/03\/20260310_121436.jpg\" alt=\"\" width=\"227\" height=\"170\" srcset=\"http:\/\/recettes-gourmandes-de-joce.fr\/wp-content\/uploads\/2026\/03\/20260310_121436.jpg 800w, http:\/\/recettes-gourmandes-de-joce.fr\/wp-content\/uploads\/2026\/03\/20260310_121436-768x576.jpg 768w, http:\/\/recettes-gourmandes-de-joce.fr\/wp-content\/uploads\/2026\/03\/20260310_121436-750x563.jpg 750w\" sizes=\"auto, (max-width: 227px) 100vw, 227px\" \/> <img loading=\"lazy\" decoding=\"async\" class=\"alignnone wp-image-99677\" src=\"http:\/\/recettes-gourmandes-de-joce.fr\/wp-content\/uploads\/2026\/03\/20260310_193010.jpg\" alt=\"\" width=\"205\" height=\"170\" srcset=\"http:\/\/recettes-gourmandes-de-joce.fr\/wp-content\/uploads\/2026\/03\/20260310_193010.jpg 800w, http:\/\/recettes-gourmandes-de-joce.fr\/wp-content\/uploads\/2026\/03\/20260310_193010-768x636.jpg 768w, http:\/\/recettes-gourmandes-de-joce.fr\/wp-content\/uploads\/2026\/03\/20260310_193010-750x621.jpg 750w\" sizes=\"auto, (max-width: 205px) 100vw, 205px\" \/> <img loading=\"lazy\" decoding=\"async\" class=\"alignnone wp-image-99678\" src=\"http:\/\/recettes-gourmandes-de-joce.fr\/wp-content\/uploads\/2026\/03\/20260310_193042.jpg\" alt=\"\" width=\"208\" height=\"170\" srcset=\"http:\/\/recettes-gourmandes-de-joce.fr\/wp-content\/uploads\/2026\/03\/20260310_193042.jpg 800w, http:\/\/recettes-gourmandes-de-joce.fr\/wp-content\/uploads\/2026\/03\/20260310_193042-768x629.jpg 768w, http:\/\/recettes-gourmandes-de-joce.fr\/wp-content\/uploads\/2026\/03\/20260310_193042-750x614.jpg 750w\" sizes=\"auto, (max-width: 208px) 100vw, 208px\" \/><\/p>\n<p style=\"text-align: center;\"><span style=\"font-family: georgia, palatino, serif; color: #008000;\"><em><span style=\"font-size: 14pt;\">R\u00e9aliser votre marinade. Dans une po\u00eale mettre le beurre et 3 bonnes c \u00e0 s de marinade (le reste de la marinade se garde quelques jours au r\u00e9frig\u00e9rateur pour un barbecue par exemple, ou cela peut-\u00eatre les restes de la marinade que l&rsquo;on utilise pour cette recette \ud83d\ude09 ). Mettre \u00e0 chauffer.<\/span><\/em><\/span><\/p>\n<p style=\"text-align: center;\"><img loading=\"lazy\" decoding=\"async\" class=\"alignnone wp-image-99679\" src=\"http:\/\/recettes-gourmandes-de-joce.fr\/wp-content\/uploads\/2026\/03\/20260310_193230.jpg\" alt=\"\" width=\"199\" height=\"170\" srcset=\"http:\/\/recettes-gourmandes-de-joce.fr\/wp-content\/uploads\/2026\/03\/20260310_193230.jpg 800w, http:\/\/recettes-gourmandes-de-joce.fr\/wp-content\/uploads\/2026\/03\/20260310_193230-768x655.jpg 768w, http:\/\/recettes-gourmandes-de-joce.fr\/wp-content\/uploads\/2026\/03\/20260310_193230-750x639.jpg 750w\" sizes=\"auto, (max-width: 199px) 100vw, 199px\" \/> <img loading=\"lazy\" decoding=\"async\" class=\"alignnone wp-image-99680\" src=\"http:\/\/recettes-gourmandes-de-joce.fr\/wp-content\/uploads\/2026\/03\/20260310_193535.jpg\" alt=\"\" width=\"227\" height=\"170\" srcset=\"http:\/\/recettes-gourmandes-de-joce.fr\/wp-content\/uploads\/2026\/03\/20260310_193535.jpg 800w, http:\/\/recettes-gourmandes-de-joce.fr\/wp-content\/uploads\/2026\/03\/20260310_193535-768x576.jpg 768w, http:\/\/recettes-gourmandes-de-joce.fr\/wp-content\/uploads\/2026\/03\/20260310_193535-750x563.jpg 750w\" sizes=\"auto, (max-width: 227px) 100vw, 227px\" \/> <img loading=\"lazy\" decoding=\"async\" class=\"alignnone wp-image-99681\" src=\"http:\/\/recettes-gourmandes-de-joce.fr\/wp-content\/uploads\/2026\/03\/20260310_193715.jpg\" alt=\"\" width=\"227\" height=\"170\" srcset=\"http:\/\/recettes-gourmandes-de-joce.fr\/wp-content\/uploads\/2026\/03\/20260310_193715.jpg 800w, http:\/\/recettes-gourmandes-de-joce.fr\/wp-content\/uploads\/2026\/03\/20260310_193715-768x576.jpg 768w, http:\/\/recettes-gourmandes-de-joce.fr\/wp-content\/uploads\/2026\/03\/20260310_193715-750x563.jpg 750w\" sizes=\"auto, (max-width: 227px) 100vw, 227px\" \/><\/p>\n<p style=\"text-align: center;\"><span style=\"font-family: georgia, palatino, serif;\"><em><span style=\"color: #008000; font-size: 14pt;\">Lorsque le beurre est fondu, mettre les boulettes de poulet \u00e0 colorer l\u00e9g\u00e8rement, les saler et poivrer, ajouter ensuite 100 ml d&rsquo;eau environ pour d\u00e9glacer les sucs de cuisson.<\/span><\/em><\/span><\/p>\n<p style=\"text-align: center;\"><img loading=\"lazy\" decoding=\"async\" class=\"alignnone wp-image-99682\" src=\"http:\/\/recettes-gourmandes-de-joce.fr\/wp-content\/uploads\/2026\/03\/20260310_193735.jpg\" alt=\"\" width=\"227\" height=\"170\" srcset=\"http:\/\/recettes-gourmandes-de-joce.fr\/wp-content\/uploads\/2026\/03\/20260310_193735.jpg 800w, http:\/\/recettes-gourmandes-de-joce.fr\/wp-content\/uploads\/2026\/03\/20260310_193735-768x576.jpg 768w, http:\/\/recettes-gourmandes-de-joce.fr\/wp-content\/uploads\/2026\/03\/20260310_193735-750x563.jpg 750w\" sizes=\"auto, (max-width: 227px) 100vw, 227px\" \/> <img loading=\"lazy\" decoding=\"async\" class=\"alignnone wp-image-99683\" src=\"http:\/\/recettes-gourmandes-de-joce.fr\/wp-content\/uploads\/2026\/03\/20260310_194244.jpg\" alt=\"\" width=\"205\" height=\"170\" srcset=\"http:\/\/recettes-gourmandes-de-joce.fr\/wp-content\/uploads\/2026\/03\/20260310_194244.jpg 800w, http:\/\/recettes-gourmandes-de-joce.fr\/wp-content\/uploads\/2026\/03\/20260310_194244-768x636.jpg 768w, http:\/\/recettes-gourmandes-de-joce.fr\/wp-content\/uploads\/2026\/03\/20260310_194244-750x621.jpg 750w\" sizes=\"auto, (max-width: 205px) 100vw, 205px\" \/> <img loading=\"lazy\" decoding=\"async\" class=\"alignnone wp-image-99684\" src=\"http:\/\/recettes-gourmandes-de-joce.fr\/wp-content\/uploads\/2026\/03\/20260310_194411.jpg\" alt=\"\" width=\"227\" height=\"170\" srcset=\"http:\/\/recettes-gourmandes-de-joce.fr\/wp-content\/uploads\/2026\/03\/20260310_194411.jpg 800w, http:\/\/recettes-gourmandes-de-joce.fr\/wp-content\/uploads\/2026\/03\/20260310_194411-768x576.jpg 768w, http:\/\/recettes-gourmandes-de-joce.fr\/wp-content\/uploads\/2026\/03\/20260310_194411-750x563.jpg 750w\" sizes=\"auto, (max-width: 227px) 100vw, 227px\" \/><\/p>\n<p style=\"text-align: center;\"><span style=\"font-family: georgia, palatino, serif; color: #008000;\"><em><span style=\"font-size: 14pt;\">Ajouter 3 c \u00e0 s de marinade, m\u00e9langer et laisser mijoter\u00a0<\/span><\/em><\/span><em style=\"color: #008000; font-family: georgia, palatino, serif;\"><span style=\"font-size: 14pt;\">selon la grosseur des boulettes <\/span><\/em><em style=\"color: #008000; font-family: georgia, palatino, serif;\"><span style=\"font-size: 14pt;\">environ 15\/20 minutes \u00e0 feu doux en les retournant de temps en temps. Lorsqu&rsquo;elles sont cuites, ajouter la cr\u00e8me, m\u00e9langer, laisser r\u00e9chauffer quelques instants et servir sans attendre avec soit du riz ou encore des haricots verts.<\/span><\/em><\/p>\n<p style=\"text-align: center;\"><span style=\"font-family: georgia, palatino, serif; color: #008000;\"><em><span style=\"font-size: 14pt;\">Bon app\u00e9tit!<\/span><\/em><\/span><\/p>\n<p style=\"text-align: center;\"><img loading=\"lazy\" decoding=\"async\" class=\"alignnone wp-image-99688\" src=\"http:\/\/recettes-gourmandes-de-joce.fr\/wp-content\/uploads\/2026\/03\/20260310_201322.jpg\" alt=\"\" width=\"240\" height=\"180\" srcset=\"http:\/\/recettes-gourmandes-de-joce.fr\/wp-content\/uploads\/2026\/03\/20260310_201322.jpg 800w, http:\/\/recettes-gourmandes-de-joce.fr\/wp-content\/uploads\/2026\/03\/20260310_201322-768x576.jpg 768w, http:\/\/recettes-gourmandes-de-joce.fr\/wp-content\/uploads\/2026\/03\/20260310_201322-750x563.jpg 750w\" sizes=\"auto, (max-width: 240px) 100vw, 240px\" \/> <img loading=\"lazy\" decoding=\"async\" class=\"alignnone wp-image-99689\" src=\"http:\/\/recettes-gourmandes-de-joce.fr\/wp-content\/uploads\/2026\/03\/20260310_201325.jpg\" alt=\"\" width=\"240\" height=\"180\" srcset=\"http:\/\/recettes-gourmandes-de-joce.fr\/wp-content\/uploads\/2026\/03\/20260310_201325.jpg 800w, http:\/\/recettes-gourmandes-de-joce.fr\/wp-content\/uploads\/2026\/03\/20260310_201325-768x576.jpg 768w, http:\/\/recettes-gourmandes-de-joce.fr\/wp-content\/uploads\/2026\/03\/20260310_201325-750x563.jpg 750w\" sizes=\"auto, (max-width: 240px) 100vw, 240px\" \/> <img loading=\"lazy\" decoding=\"async\" class=\"alignnone wp-image-99685\" src=\"http:\/\/recettes-gourmandes-de-joce.fr\/wp-content\/uploads\/2026\/03\/20260310_201308.jpg\" alt=\"\" width=\"206\" height=\"180\" srcset=\"http:\/\/recettes-gourmandes-de-joce.fr\/wp-content\/uploads\/2026\/03\/20260310_201308.jpg 800w, http:\/\/recettes-gourmandes-de-joce.fr\/wp-content\/uploads\/2026\/03\/20260310_201308-768x671.jpg 768w, http:\/\/recettes-gourmandes-de-joce.fr\/wp-content\/uploads\/2026\/03\/20260310_201308-750x655.jpg 750w\" sizes=\"auto, (max-width: 206px) 100vw, 206px\" \/><\/p>\n<p style=\"text-align: center;\"><a href=\"https:\/\/recettes-gourmandes-de-joce.fr\"><span style=\"color: #008000;\"><img loading=\"lazy\" decoding=\"async\" class=\"alignnone wp-image-37354 size-full\" src=\"http:\/\/recettes-gourmandes-de-joce.fr\/wp-content\/uploads\/2021\/06\/logitech-gaming-software-14112014-121223.jpg\" alt=\"\" width=\"640\" height=\"144\" srcset=\"http:\/\/recettes-gourmandes-de-joce.fr\/wp-content\/uploads\/2021\/06\/logitech-gaming-software-14112014-121223.jpg 640w, http:\/\/recettes-gourmandes-de-joce.fr\/wp-content\/uploads\/2021\/06\/logitech-gaming-software-14112014-121223-300x68.jpg 300w\" sizes=\"auto, (max-width: 640px) 100vw, 640px\" \/><\/span><\/a><\/p>\n","protected":false},"excerpt":{"rendered":"<p>Une de mes recettes Ingr\u00e9dients pour 4 personnes 16 boulettes (ici des mini burgers) de poulet 2 bonne c \u00e0 s de cr\u00e8me fra\u00eeche 1 morceau de beurre Sel et poivre Pour la marinade 1 citron 1 petit bouquet de ciboulette 1 petit bouquet de persil plat 10 feuilles de basilic 1 c \u00e0 s &hellip; <\/p>\n<p><a class=\"more-link btn\" href=\"http:\/\/recettes-gourmandes-de-joce.fr\/index.php\/index\/viandes\/volailles\/poulet-poule-poularde-coq-coquelet\/boulettes-mini-burgers-de-poulet-sauce-cremee-a-la-marinade-citronnee-et-pimentee\/\">Lire la suite<\/a><\/p>\n","protected":false},"author":2,"featured_media":99687,"parent":99760,"menu_order":0,"comment_status":"open","ping_status":"closed","template":"","meta":{"footnotes":""},"class_list":["post-99703","page","type-page","status-publish","has-post-thumbnail","hentry","nodate","item-wrap"],"_links":{"self":[{"href":"http:\/\/recettes-gourmandes-de-joce.fr\/index.php\/wp-json\/wp\/v2\/pages\/99703","targetHints":{"allow":["GET"]}}],"collection":[{"href":"http:\/\/recettes-gourmandes-de-joce.fr\/index.php\/wp-json\/wp\/v2\/pages"}],"about":[{"href":"http:\/\/recettes-gourmandes-de-joce.fr\/index.php\/wp-json\/wp\/v2\/types\/page"}],"author":[{"embeddable":true,"href":"http:\/\/recettes-gourmandes-de-joce.fr\/index.php\/wp-json\/wp\/v2\/users\/2"}],"replies":[{"embeddable":true,"href":"http:\/\/recettes-gourmandes-de-joce.fr\/index.php\/wp-json\/wp\/v2\/comments?post=99703"}],"version-history":[{"count":1,"href":"http:\/\/recettes-gourmandes-de-joce.fr\/index.php\/wp-json\/wp\/v2\/pages\/99703\/revisions"}],"predecessor-version":[{"id":99704,"href":"http:\/\/recettes-gourmandes-de-joce.fr\/index.php\/wp-json\/wp\/v2\/pages\/99703\/revisions\/99704"}],"up":[{"embeddable":true,"href":"http:\/\/recettes-gourmandes-de-joce.fr\/index.php\/wp-json\/wp\/v2\/pages\/99760"}],"wp:featuredmedia":[{"embeddable":true,"href":"http:\/\/recettes-gourmandes-de-joce.fr\/index.php\/wp-json\/wp\/v2\/media\/99687"}],"wp:attachment":[{"href":"http:\/\/recettes-gourmandes-de-joce.fr\/index.php\/wp-json\/wp\/v2\/media?parent=99703"}],"curies":[{"name":"wp","href":"https:\/\/api.w.org\/{rel}","templated":true}]}}