{"id":99701,"date":"2026-03-11T13:34:06","date_gmt":"2026-03-11T13:34:06","guid":{"rendered":"http:\/\/recettes-gourmandes-de-joce.fr\/?page_id=99701"},"modified":"2026-03-11T13:52:04","modified_gmt":"2026-03-11T13:52:04","slug":"marinade-au-citron-piment-despelette-ail-et-herbes-aromatiques","status":"publish","type":"page","link":"http:\/\/recettes-gourmandes-de-joce.fr\/index.php\/index\/sauces-assaisonnements\/marinades\/marinade-au-citron-piment-despelette-ail-et-herbes-aromatiques\/","title":{"rendered":"Marinade au citron, piment d&rsquo;Espelette, ail et herbes aromatiques."},"content":{"rendered":"<p style=\"text-align: center;\"><span style=\"text-decoration: underline; color: #008000;\"><span style=\"font-size: 18pt; font-family: georgia, palatino, serif;\"><em>Une de mes recettes<\/em><\/span><\/span><\/p>\n<p style=\"text-align: center;\"><img loading=\"lazy\" decoding=\"async\" class=\"alignnone wp-image-99675\" src=\"http:\/\/recettes-gourmandes-de-joce.fr\/wp-content\/uploads\/2026\/03\/20260310_121436.jpg\" alt=\"\" width=\"267\" height=\"200\" srcset=\"http:\/\/recettes-gourmandes-de-joce.fr\/wp-content\/uploads\/2026\/03\/20260310_121436.jpg 800w, http:\/\/recettes-gourmandes-de-joce.fr\/wp-content\/uploads\/2026\/03\/20260310_121436-768x576.jpg 768w, http:\/\/recettes-gourmandes-de-joce.fr\/wp-content\/uploads\/2026\/03\/20260310_121436-750x563.jpg 750w\" sizes=\"auto, (max-width: 267px) 100vw, 267px\" \/><\/p>\n<p style=\"text-align: center;\"><span style=\"text-decoration: underline; color: #008000;\"><span style=\"font-size: 18pt; font-family: georgia, palatino, serif;\"><em>Ingr\u00e9dients<\/em><\/span><\/span><\/p>\n<p style=\"text-align: center;\"><img loading=\"lazy\" decoding=\"async\" class=\"alignnone wp-image-99700\" src=\"http:\/\/recettes-gourmandes-de-joce.fr\/wp-content\/uploads\/2026\/03\/20260311_141022.jpg\" alt=\"\" width=\"227\" height=\"200\" srcset=\"http:\/\/recettes-gourmandes-de-joce.fr\/wp-content\/uploads\/2026\/03\/20260311_141022.jpg 800w, http:\/\/recettes-gourmandes-de-joce.fr\/wp-content\/uploads\/2026\/03\/20260311_141022-768x677.jpg 768w, http:\/\/recettes-gourmandes-de-joce.fr\/wp-content\/uploads\/2026\/03\/20260311_141022-750x661.jpg 750w\" sizes=\"auto, (max-width: 227px) 100vw, 227px\" \/><\/p>\n<p style=\"text-align: center;\"><span style=\"font-family: georgia, palatino, serif; font-size: 14pt; color: #008000;\"><em>1 citron <\/em><\/span><\/p>\n<p style=\"text-align: center;\"><span style=\"font-family: georgia, palatino, serif; font-size: 14pt; color: #008000;\"><em>1 petit bouquet de ciboulette <\/em><\/span><\/p>\n<p style=\"text-align: center;\"><span style=\"font-family: georgia, palatino, serif; font-size: 14pt; color: #008000;\"><em>1 petit bouquet de persil plat<\/em><\/span><\/p>\n<p style=\"text-align: center;\"><span style=\"font-family: georgia, palatino, serif; font-size: 14pt; color: #008000;\"><em> 10 feuilles de basilic <\/em><\/span><\/p>\n<p style=\"text-align: center;\"><span style=\"font-family: georgia, palatino, serif; font-size: 14pt; color: #008000;\"><em>1 c \u00e0 s rase d&rsquo;ail semoule <\/em><\/span><\/p>\n<p style=\"text-align: center;\"><span style=\"font-family: georgia, palatino, serif; font-size: 14pt; color: #008000;\"><em>1 c \u00e0 c de piment d&rsquo;Espelette Sel\u00a0<\/em><\/span><\/p>\n<p style=\"text-align: center;\"><span style=\"font-family: georgia, palatino, serif; font-size: 14pt; color: #008000;\"><em>Huile d\u2019olive pour couvrir les ingr\u00e9dients (\u00b1 100 ml)<\/em><\/span><\/p>\n<p style=\"text-align: center;\"><span style=\"font-family: georgia, palatino, serif; font-size: 14pt; color: #008000;\"><em>Utilisation dans cette recette sur ce lien -&gt;<a href=\"http:\/\/recettes-gourmandes-de-joce.fr\/index.php\/index\/viandes\/volailles\/poulet\/boulettes-mini-burgers-de-poulet-sauce-cremee-a-la-marinade-citronnee-et-pimentee\/\"> Boulettes (mini burgers) de poulet sauce cr\u00e9m\u00e9e \u00e0 la marinade citronn\u00e9e et piment\u00e9e. <img loading=\"lazy\" decoding=\"async\" class=\"alignnone wp-image-99685\" src=\"http:\/\/recettes-gourmandes-de-joce.fr\/wp-content\/uploads\/2026\/03\/20260310_201308.jpg\" alt=\"\" width=\"172\" height=\"150\" srcset=\"http:\/\/recettes-gourmandes-de-joce.fr\/wp-content\/uploads\/2026\/03\/20260310_201308.jpg 800w, http:\/\/recettes-gourmandes-de-joce.fr\/wp-content\/uploads\/2026\/03\/20260310_201308-768x671.jpg 768w, http:\/\/recettes-gourmandes-de-joce.fr\/wp-content\/uploads\/2026\/03\/20260310_201308-750x655.jpg 750w\" sizes=\"auto, (max-width: 172px) 100vw, 172px\" \/><\/a><\/em><\/span><\/p>\n<p style=\"text-align: center;\"><span style=\"font-size: 14pt; font-family: georgia, palatino, serif; color: #008000;\"><em><img loading=\"lazy\" decoding=\"async\" class=\"alignnone wp-image-99691\" src=\"http:\/\/recettes-gourmandes-de-joce.fr\/wp-content\/uploads\/2026\/03\/20260310_121138.jpg\" alt=\"\" width=\"220\" height=\"170\" srcset=\"http:\/\/recettes-gourmandes-de-joce.fr\/wp-content\/uploads\/2026\/03\/20260310_121138.jpg 800w, http:\/\/recettes-gourmandes-de-joce.fr\/wp-content\/uploads\/2026\/03\/20260310_121138-768x593.jpg 768w, http:\/\/recettes-gourmandes-de-joce.fr\/wp-content\/uploads\/2026\/03\/20260310_121138-750x579.jpg 750w\" sizes=\"auto, (max-width: 220px) 100vw, 220px\" \/> <img loading=\"lazy\" decoding=\"async\" class=\"alignnone wp-image-99692\" src=\"http:\/\/recettes-gourmandes-de-joce.fr\/wp-content\/uploads\/2026\/03\/20260310_121224.jpg\" alt=\"\" width=\"227\" height=\"170\" srcset=\"http:\/\/recettes-gourmandes-de-joce.fr\/wp-content\/uploads\/2026\/03\/20260310_121224.jpg 800w, http:\/\/recettes-gourmandes-de-joce.fr\/wp-content\/uploads\/2026\/03\/20260310_121224-768x576.jpg 768w, http:\/\/recettes-gourmandes-de-joce.fr\/wp-content\/uploads\/2026\/03\/20260310_121224-750x563.jpg 750w\" sizes=\"auto, (max-width: 227px) 100vw, 227px\" \/> <img loading=\"lazy\" decoding=\"async\" class=\"alignnone wp-image-99693\" src=\"http:\/\/recettes-gourmandes-de-joce.fr\/wp-content\/uploads\/2026\/03\/20260310_121243.jpg\" alt=\"\" width=\"227\" height=\"170\" srcset=\"http:\/\/recettes-gourmandes-de-joce.fr\/wp-content\/uploads\/2026\/03\/20260310_121243.jpg 800w, http:\/\/recettes-gourmandes-de-joce.fr\/wp-content\/uploads\/2026\/03\/20260310_121243-768x576.jpg 768w, http:\/\/recettes-gourmandes-de-joce.fr\/wp-content\/uploads\/2026\/03\/20260310_121243-750x563.jpg 750w\" sizes=\"auto, (max-width: 227px) 100vw, 227px\" \/><\/em><\/span><\/p>\n<p style=\"text-align: center;\"><span style=\"font-size: 14pt; font-family: georgia, palatino, serif; color: #008000;\"><em>Laver et ciseler finement les herbes aromatiques, laver et pr\u00e9lever le zeste du citron. Dans un bol mettre les herbes aromatiques et le zeste du citron.<\/em><\/span><\/p>\n<p style=\"text-align: center;\"><span style=\"font-size: 14pt; font-family: georgia, palatino, serif; color: #008000;\"><em><img loading=\"lazy\" decoding=\"async\" class=\"alignnone wp-image-99694\" src=\"http:\/\/recettes-gourmandes-de-joce.fr\/wp-content\/uploads\/2026\/03\/20260310_121302.jpg\" alt=\"\" width=\"227\" height=\"170\" srcset=\"http:\/\/recettes-gourmandes-de-joce.fr\/wp-content\/uploads\/2026\/03\/20260310_121302.jpg 800w, http:\/\/recettes-gourmandes-de-joce.fr\/wp-content\/uploads\/2026\/03\/20260310_121302-768x576.jpg 768w, http:\/\/recettes-gourmandes-de-joce.fr\/wp-content\/uploads\/2026\/03\/20260310_121302-750x563.jpg 750w\" sizes=\"auto, (max-width: 227px) 100vw, 227px\" \/> <img loading=\"lazy\" decoding=\"async\" class=\"alignnone wp-image-99695\" src=\"http:\/\/recettes-gourmandes-de-joce.fr\/wp-content\/uploads\/2026\/03\/20260310_121312.jpg\" alt=\"\" width=\"227\" height=\"170\" srcset=\"http:\/\/recettes-gourmandes-de-joce.fr\/wp-content\/uploads\/2026\/03\/20260310_121312.jpg 800w, http:\/\/recettes-gourmandes-de-joce.fr\/wp-content\/uploads\/2026\/03\/20260310_121312-768x576.jpg 768w, http:\/\/recettes-gourmandes-de-joce.fr\/wp-content\/uploads\/2026\/03\/20260310_121312-750x563.jpg 750w\" sizes=\"auto, (max-width: 227px) 100vw, 227px\" \/> <img loading=\"lazy\" decoding=\"async\" class=\"alignnone wp-image-99696\" src=\"http:\/\/recettes-gourmandes-de-joce.fr\/wp-content\/uploads\/2026\/03\/20260310_121325.jpg\" alt=\"\" width=\"227\" height=\"170\" srcset=\"http:\/\/recettes-gourmandes-de-joce.fr\/wp-content\/uploads\/2026\/03\/20260310_121325.jpg 800w, http:\/\/recettes-gourmandes-de-joce.fr\/wp-content\/uploads\/2026\/03\/20260310_121325-768x576.jpg 768w, http:\/\/recettes-gourmandes-de-joce.fr\/wp-content\/uploads\/2026\/03\/20260310_121325-750x563.jpg 750w\" sizes=\"auto, (max-width: 227px) 100vw, 227px\" \/><\/em><\/span><\/p>\n<p style=\"text-align: center;\"><span style=\"font-size: 14pt; font-family: georgia, palatino, serif; color: #008000;\"><em>Ajouter l&rsquo;ail, le piment d&rsquo;Espelette et le sel.<\/em><\/span><\/p>\n<p style=\"text-align: center;\"><img loading=\"lazy\" decoding=\"async\" class=\"alignnone wp-image-99697\" src=\"http:\/\/recettes-gourmandes-de-joce.fr\/wp-content\/uploads\/2026\/03\/20260310_121357.jpg\" alt=\"\" width=\"231\" height=\"170\" srcset=\"http:\/\/recettes-gourmandes-de-joce.fr\/wp-content\/uploads\/2026\/03\/20260310_121357.jpg 800w, http:\/\/recettes-gourmandes-de-joce.fr\/wp-content\/uploads\/2026\/03\/20260310_121357-768x566.jpg 768w, http:\/\/recettes-gourmandes-de-joce.fr\/wp-content\/uploads\/2026\/03\/20260310_121357-750x553.jpg 750w\" sizes=\"auto, (max-width: 231px) 100vw, 231px\" \/> <img loading=\"lazy\" decoding=\"async\" class=\"alignnone wp-image-99698\" src=\"http:\/\/recettes-gourmandes-de-joce.fr\/wp-content\/uploads\/2026\/03\/20260310_121423.jpg\" alt=\"\" width=\"227\" height=\"170\" srcset=\"http:\/\/recettes-gourmandes-de-joce.fr\/wp-content\/uploads\/2026\/03\/20260310_121423.jpg 800w, http:\/\/recettes-gourmandes-de-joce.fr\/wp-content\/uploads\/2026\/03\/20260310_121423-768x576.jpg 768w, http:\/\/recettes-gourmandes-de-joce.fr\/wp-content\/uploads\/2026\/03\/20260310_121423-750x563.jpg 750w\" sizes=\"auto, (max-width: 227px) 100vw, 227px\" \/> <img loading=\"lazy\" decoding=\"async\" class=\"alignnone wp-image-99675\" src=\"http:\/\/recettes-gourmandes-de-joce.fr\/wp-content\/uploads\/2026\/03\/20260310_121436.jpg\" alt=\"\" width=\"227\" height=\"170\" srcset=\"http:\/\/recettes-gourmandes-de-joce.fr\/wp-content\/uploads\/2026\/03\/20260310_121436.jpg 800w, http:\/\/recettes-gourmandes-de-joce.fr\/wp-content\/uploads\/2026\/03\/20260310_121436-768x576.jpg 768w, http:\/\/recettes-gourmandes-de-joce.fr\/wp-content\/uploads\/2026\/03\/20260310_121436-750x563.jpg 750w\" sizes=\"auto, (max-width: 227px) 100vw, 227px\" \/><\/p>\n<p style=\"text-align: center;\"><span style=\"font-family: georgia, palatino, serif; color: #008000;\"><em><span style=\"font-size: 14pt;\">Ajouter le jus du citron et bien m\u00e9langer, terminer en couvrant les ingr\u00e9dients d&rsquo;huile d&rsquo;olive, m\u00e9langer, rectifier au besoin selon vos go\u00fbts l&rsquo;assaisonnement. Votre marinade est pr\u00eate. <\/span><\/em><\/span><\/p>\n<p style=\"text-align: center;\"><span style=\"font-family: georgia, palatino, serif; color: #008000;\"><em><span style=\"font-size: 14pt;\">Id\u00e9al pour des viandes blanches mais \u00e9galement pour du poisson.<\/span><\/em><\/span><\/p>\n<p style=\"text-align: center;\"><span style=\"font-family: georgia, palatino, serif; color: #008000;\"><em><span style=\"font-size: 14pt;\">Bon app\u00e9tit!<\/span><\/em><\/span><\/p>\n<p style=\"text-align: center;\"><img loading=\"lazy\" decoding=\"async\" class=\"alignnone wp-image-99675\" src=\"http:\/\/recettes-gourmandes-de-joce.fr\/wp-content\/uploads\/2026\/03\/20260310_121436.jpg\" alt=\"\" width=\"267\" height=\"200\" srcset=\"http:\/\/recettes-gourmandes-de-joce.fr\/wp-content\/uploads\/2026\/03\/20260310_121436.jpg 800w, http:\/\/recettes-gourmandes-de-joce.fr\/wp-content\/uploads\/2026\/03\/20260310_121436-768x576.jpg 768w, http:\/\/recettes-gourmandes-de-joce.fr\/wp-content\/uploads\/2026\/03\/20260310_121436-750x563.jpg 750w\" sizes=\"auto, (max-width: 267px) 100vw, 267px\" \/><\/p>\n<p style=\"text-align: center;\"><a href=\"https:\/\/recettes-gourmandes-de-joce.fr\"><span style=\"color: #008000;\"><img loading=\"lazy\" decoding=\"async\" class=\"alignnone wp-image-37354 size-full\" src=\"http:\/\/recettes-gourmandes-de-joce.fr\/wp-content\/uploads\/2021\/06\/logitech-gaming-software-14112014-121223.jpg\" alt=\"\" width=\"640\" height=\"144\" srcset=\"http:\/\/recettes-gourmandes-de-joce.fr\/wp-content\/uploads\/2021\/06\/logitech-gaming-software-14112014-121223.jpg 640w, http:\/\/recettes-gourmandes-de-joce.fr\/wp-content\/uploads\/2021\/06\/logitech-gaming-software-14112014-121223-300x68.jpg 300w\" sizes=\"auto, (max-width: 640px) 100vw, 640px\" \/><\/span><\/a><\/p>\n","protected":false},"excerpt":{"rendered":"<p>Une de mes recettes Ingr\u00e9dients 1 citron 1 petit bouquet de ciboulette 1 petit bouquet de persil plat 10 feuilles de basilic 1 c \u00e0 s rase d&rsquo;ail semoule 1 c \u00e0 c de piment d&rsquo;Espelette Sel\u00a0 Huile d\u2019olive pour couvrir les ingr\u00e9dients (\u00b1 100 ml) Utilisation dans cette recette sur ce lien -&gt; Boulettes &hellip; <\/p>\n<p><a class=\"more-link btn\" href=\"http:\/\/recettes-gourmandes-de-joce.fr\/index.php\/index\/sauces-assaisonnements\/marinades\/marinade-au-citron-piment-despelette-ail-et-herbes-aromatiques\/\">Lire la suite<\/a><\/p>\n","protected":false},"author":2,"featured_media":99675,"parent":219,"menu_order":0,"comment_status":"open","ping_status":"closed","template":"","meta":{"footnotes":""},"class_list":["post-99701","page","type-page","status-publish","has-post-thumbnail","hentry","nodate","item-wrap"],"_links":{"self":[{"href":"http:\/\/recettes-gourmandes-de-joce.fr\/index.php\/wp-json\/wp\/v2\/pages\/99701","targetHints":{"allow":["GET"]}}],"collection":[{"href":"http:\/\/recettes-gourmandes-de-joce.fr\/index.php\/wp-json\/wp\/v2\/pages"}],"about":[{"href":"http:\/\/recettes-gourmandes-de-joce.fr\/index.php\/wp-json\/wp\/v2\/types\/page"}],"author":[{"embeddable":true,"href":"http:\/\/recettes-gourmandes-de-joce.fr\/index.php\/wp-json\/wp\/v2\/users\/2"}],"replies":[{"embeddable":true,"href":"http:\/\/recettes-gourmandes-de-joce.fr\/index.php\/wp-json\/wp\/v2\/comments?post=99701"}],"version-history":[{"count":2,"href":"http:\/\/recettes-gourmandes-de-joce.fr\/index.php\/wp-json\/wp\/v2\/pages\/99701\/revisions"}],"predecessor-version":[{"id":99707,"href":"http:\/\/recettes-gourmandes-de-joce.fr\/index.php\/wp-json\/wp\/v2\/pages\/99701\/revisions\/99707"}],"up":[{"embeddable":true,"href":"http:\/\/recettes-gourmandes-de-joce.fr\/index.php\/wp-json\/wp\/v2\/pages\/219"}],"wp:featuredmedia":[{"embeddable":true,"href":"http:\/\/recettes-gourmandes-de-joce.fr\/index.php\/wp-json\/wp\/v2\/media\/99675"}],"wp:attachment":[{"href":"http:\/\/recettes-gourmandes-de-joce.fr\/index.php\/wp-json\/wp\/v2\/media?parent=99701"}],"curies":[{"name":"wp","href":"https:\/\/api.w.org\/{rel}","templated":true}]}}