{"id":99586,"date":"2026-03-04T23:27:41","date_gmt":"2026-03-04T23:27:41","guid":{"rendered":"http:\/\/recettes-gourmandes-de-joce.fr\/?page_id=99586"},"modified":"2026-03-04T23:27:41","modified_gmt":"2026-03-04T23:27:41","slug":"marinade-au-curry-doux-ail-et-persil","status":"publish","type":"page","link":"http:\/\/recettes-gourmandes-de-joce.fr\/index.php\/index\/sauces-assaisonnements\/marinades\/marinade-au-curry-doux-ail-et-persil\/","title":{"rendered":"Marinade au curry doux, ail et persil."},"content":{"rendered":"<p style=\"text-align: center;\"><span style=\"text-decoration: underline; color: #008000;\"><span style=\"font-size: 18pt; font-family: georgia, palatino, serif;\"><em>Une de mes recettes<\/em><\/span><\/span><\/p>\n<p style=\"text-align: center;\"><span style=\"color: #008000;\"> <img loading=\"lazy\" decoding=\"async\" class=\"alignnone wp-image-99554\" src=\"http:\/\/recettes-gourmandes-de-joce.fr\/wp-content\/uploads\/2026\/03\/20260221_145026.jpg\" alt=\"\" width=\"240\" height=\"180\" srcset=\"http:\/\/recettes-gourmandes-de-joce.fr\/wp-content\/uploads\/2026\/03\/20260221_145026.jpg 800w, http:\/\/recettes-gourmandes-de-joce.fr\/wp-content\/uploads\/2026\/03\/20260221_145026-768x576.jpg 768w, http:\/\/recettes-gourmandes-de-joce.fr\/wp-content\/uploads\/2026\/03\/20260221_145026-750x563.jpg 750w\" sizes=\"auto, (max-width: 240px) 100vw, 240px\" \/> <img loading=\"lazy\" decoding=\"async\" class=\"alignnone wp-image-99553\" src=\"http:\/\/recettes-gourmandes-de-joce.fr\/wp-content\/uploads\/2026\/03\/20260221_145020.jpg\" alt=\"\" width=\"233\" height=\"180\" srcset=\"http:\/\/recettes-gourmandes-de-joce.fr\/wp-content\/uploads\/2026\/03\/20260221_145020.jpg 800w, http:\/\/recettes-gourmandes-de-joce.fr\/wp-content\/uploads\/2026\/03\/20260221_145020-768x592.jpg 768w, http:\/\/recettes-gourmandes-de-joce.fr\/wp-content\/uploads\/2026\/03\/20260221_145020-750x578.jpg 750w\" sizes=\"auto, (max-width: 233px) 100vw, 233px\" \/> <img loading=\"lazy\" decoding=\"async\" class=\"alignnone wp-image-99552\" src=\"http:\/\/recettes-gourmandes-de-joce.fr\/wp-content\/uploads\/2026\/03\/20260221_145018.jpg\" alt=\"\" width=\"230\" height=\"180\" srcset=\"http:\/\/recettes-gourmandes-de-joce.fr\/wp-content\/uploads\/2026\/03\/20260221_145018.jpg 800w, http:\/\/recettes-gourmandes-de-joce.fr\/wp-content\/uploads\/2026\/03\/20260221_145018-768x600.jpg 768w, http:\/\/recettes-gourmandes-de-joce.fr\/wp-content\/uploads\/2026\/03\/20260221_145018-750x586.jpg 750w\" sizes=\"auto, (max-width: 230px) 100vw, 230px\" \/><\/span><\/p>\n<p style=\"text-align: center;\"><span style=\"text-decoration: underline; color: #008000;\"><span style=\"font-size: 18pt; font-family: georgia, palatino, serif;\"><em>Ingr\u00e9dients<\/em><\/span><\/span><\/p>\n<p style=\"text-align: center;\"><span style=\"color: #008000;\"><img loading=\"lazy\" decoding=\"async\" class=\"alignnone wp-image-99543\" src=\"http:\/\/recettes-gourmandes-de-joce.fr\/wp-content\/uploads\/2026\/03\/20260221_144644.jpg\" alt=\"\" width=\"134\" height=\"200\" \/><\/span><\/p>\n<p style=\"text-align: center;\"><span style=\"font-family: georgia, palatino, serif; font-size: 14pt; color: #008000;\"><em>1 c \u00e0 s de curry doux d\u00e9tails sur ce lien -&gt; <a href=\"https:\/\/www.epicetoo.fr\/produit\/curry-doux\/\">\u00c9pic\u00e9too <\/a><\/em><\/span><\/p>\n<p style=\"text-align: center;\"><span style=\"color: #008000; font-family: georgia, palatino, serif;\"><span style=\"font-size: 18.6667px;\"><i>1 c \u00e0 s d&rsquo;ail d\u00e9shydrat\u00e9 ou frais hach\u00e9<\/i><\/span><\/span><\/p>\n<p style=\"text-align: center;\"><span style=\"font-family: georgia, palatino, serif; font-size: 14pt; color: #008000;\"><em> 2 c \u00e0 s de persil frais cisel\u00e9<\/em><\/span><\/p>\n<p style=\"text-align: center;\"><span style=\"font-family: georgia, palatino, serif; font-size: 14pt; color: #008000;\"><em>Huile d\u2019olive<\/em><\/span><\/p>\n<p style=\"text-align: center;\"><span style=\"font-family: georgia, palatino, serif; font-size: 14pt; color: #008000;\"><em>Sel et poivre <\/em><\/span><\/p>\n<p style=\"text-align: center;\"><span style=\"color: #008000;\"><img loading=\"lazy\" decoding=\"async\" class=\"alignnone wp-image-99545\" src=\"http:\/\/recettes-gourmandes-de-joce.fr\/wp-content\/uploads\/2026\/03\/20260221_144759.jpg\" alt=\"\" width=\"241\" height=\"170\" srcset=\"http:\/\/recettes-gourmandes-de-joce.fr\/wp-content\/uploads\/2026\/03\/20260221_144759.jpg 800w, http:\/\/recettes-gourmandes-de-joce.fr\/wp-content\/uploads\/2026\/03\/20260221_144759-768x541.jpg 768w, http:\/\/recettes-gourmandes-de-joce.fr\/wp-content\/uploads\/2026\/03\/20260221_144759-750x529.jpg 750w\" sizes=\"auto, (max-width: 241px) 100vw, 241px\" \/> <img loading=\"lazy\" decoding=\"async\" class=\"alignnone wp-image-99546\" src=\"http:\/\/recettes-gourmandes-de-joce.fr\/wp-content\/uploads\/2026\/03\/20260221_144823.jpg\" alt=\"\" width=\"227\" height=\"170\" srcset=\"http:\/\/recettes-gourmandes-de-joce.fr\/wp-content\/uploads\/2026\/03\/20260221_144823.jpg 800w, http:\/\/recettes-gourmandes-de-joce.fr\/wp-content\/uploads\/2026\/03\/20260221_144823-768x576.jpg 768w, http:\/\/recettes-gourmandes-de-joce.fr\/wp-content\/uploads\/2026\/03\/20260221_144823-750x563.jpg 750w\" sizes=\"auto, (max-width: 227px) 100vw, 227px\" \/> <img loading=\"lazy\" decoding=\"async\" class=\"alignnone wp-image-99547\" src=\"http:\/\/recettes-gourmandes-de-joce.fr\/wp-content\/uploads\/2026\/03\/20260221_144851.jpg\" alt=\"\" width=\"227\" height=\"170\" srcset=\"http:\/\/recettes-gourmandes-de-joce.fr\/wp-content\/uploads\/2026\/03\/20260221_144851.jpg 800w, http:\/\/recettes-gourmandes-de-joce.fr\/wp-content\/uploads\/2026\/03\/20260221_144851-768x576.jpg 768w, http:\/\/recettes-gourmandes-de-joce.fr\/wp-content\/uploads\/2026\/03\/20260221_144851-750x563.jpg 750w\" sizes=\"auto, (max-width: 227px) 100vw, 227px\" \/>\u00a0<\/span><\/p>\n<p style=\"text-align: center;\"><span style=\"font-size: 14pt; font-family: georgia, palatino, serif; color: #008000;\"><em>Laver et ciseler finement le persil. Dans un bol, mettre le sel et le poivre, ajouter le curry.\u00a0<\/em><\/span><\/p>\n<p style=\"text-align: center;\"><span style=\"color: #008000;\"><img loading=\"lazy\" decoding=\"async\" class=\"alignnone wp-image-99548\" src=\"http:\/\/recettes-gourmandes-de-joce.fr\/wp-content\/uploads\/2026\/03\/20260221_144902.jpg\" alt=\"\" width=\"227\" height=\"170\" srcset=\"http:\/\/recettes-gourmandes-de-joce.fr\/wp-content\/uploads\/2026\/03\/20260221_144902.jpg 800w, http:\/\/recettes-gourmandes-de-joce.fr\/wp-content\/uploads\/2026\/03\/20260221_144902-768x576.jpg 768w, http:\/\/recettes-gourmandes-de-joce.fr\/wp-content\/uploads\/2026\/03\/20260221_144902-750x563.jpg 750w\" sizes=\"auto, (max-width: 227px) 100vw, 227px\" \/> <img loading=\"lazy\" decoding=\"async\" class=\"alignnone wp-image-99549\" src=\"http:\/\/recettes-gourmandes-de-joce.fr\/wp-content\/uploads\/2026\/03\/20260221_144921.jpg\" alt=\"\" width=\"227\" height=\"170\" srcset=\"http:\/\/recettes-gourmandes-de-joce.fr\/wp-content\/uploads\/2026\/03\/20260221_144921.jpg 800w, http:\/\/recettes-gourmandes-de-joce.fr\/wp-content\/uploads\/2026\/03\/20260221_144921-768x576.jpg 768w, http:\/\/recettes-gourmandes-de-joce.fr\/wp-content\/uploads\/2026\/03\/20260221_144921-750x563.jpg 750w\" sizes=\"auto, (max-width: 227px) 100vw, 227px\" \/> <img loading=\"lazy\" decoding=\"async\" class=\"alignnone wp-image-99550\" src=\"http:\/\/recettes-gourmandes-de-joce.fr\/wp-content\/uploads\/2026\/03\/20260221_144936.jpg\" alt=\"\" width=\"227\" height=\"170\" srcset=\"http:\/\/recettes-gourmandes-de-joce.fr\/wp-content\/uploads\/2026\/03\/20260221_144936.jpg 800w, http:\/\/recettes-gourmandes-de-joce.fr\/wp-content\/uploads\/2026\/03\/20260221_144936-768x576.jpg 768w, http:\/\/recettes-gourmandes-de-joce.fr\/wp-content\/uploads\/2026\/03\/20260221_144936-750x563.jpg 750w\" sizes=\"auto, (max-width: 227px) 100vw, 227px\" \/>\u00a0<\/span><\/p>\n<p style=\"text-align: center;\"><span style=\"font-size: 14pt; font-family: georgia, palatino, serif; color: #008000;\"><em>Puis ajouter l&rsquo;ail et le persil. <\/em><em>Couvrir les ingr\u00e9dients \u00e0 hauteur d&rsquo;huile d&rsquo;olive.\u00a0<\/em><\/span><\/p>\n<p style=\"text-align: center;\"><span style=\"color: #008000;\"><img loading=\"lazy\" decoding=\"async\" class=\"alignnone wp-image-99551\" src=\"http:\/\/recettes-gourmandes-de-joce.fr\/wp-content\/uploads\/2026\/03\/20260221_145008.jpg\" alt=\"\" width=\"227\" height=\"170\" srcset=\"http:\/\/recettes-gourmandes-de-joce.fr\/wp-content\/uploads\/2026\/03\/20260221_145008.jpg 800w, http:\/\/recettes-gourmandes-de-joce.fr\/wp-content\/uploads\/2026\/03\/20260221_145008-768x576.jpg 768w, http:\/\/recettes-gourmandes-de-joce.fr\/wp-content\/uploads\/2026\/03\/20260221_145008-750x563.jpg 750w\" sizes=\"auto, (max-width: 227px) 100vw, 227px\" \/>\u00a0<\/span><\/p>\n<p style=\"text-align: center;\"><span style=\"color: #008000;\"><em style=\"font-family: georgia, palatino, serif; font-size: 18.6667px;\">M\u00e9langer. Verser la marinade sur les morceaux de viande. <\/em><em style=\"font-family: georgia, palatino, serif;\"><span style=\"font-size: 14pt;\">Bien m\u00e9langer et laisser mariner environ 1h au frais.\u00a0<\/span><\/em><\/span><\/p>\n<p style=\"text-align: center;\"><span style=\"font-family: georgia, palatino, serif; color: #008000;\"><em><span style=\"font-size: 14pt;\">Bon app\u00e9tit!<\/span><\/em><\/span><\/p>\n<p style=\"text-align: center;\"><span style=\"color: #008000;\"><img loading=\"lazy\" decoding=\"async\" class=\"alignnone wp-image-99554\" src=\"http:\/\/recettes-gourmandes-de-joce.fr\/wp-content\/uploads\/2026\/03\/20260221_145026.jpg\" alt=\"\" width=\"240\" height=\"180\" srcset=\"http:\/\/recettes-gourmandes-de-joce.fr\/wp-content\/uploads\/2026\/03\/20260221_145026.jpg 800w, http:\/\/recettes-gourmandes-de-joce.fr\/wp-content\/uploads\/2026\/03\/20260221_145026-768x576.jpg 768w, http:\/\/recettes-gourmandes-de-joce.fr\/wp-content\/uploads\/2026\/03\/20260221_145026-750x563.jpg 750w\" sizes=\"auto, (max-width: 240px) 100vw, 240px\" \/> <img loading=\"lazy\" decoding=\"async\" class=\"alignnone wp-image-99553\" src=\"http:\/\/recettes-gourmandes-de-joce.fr\/wp-content\/uploads\/2026\/03\/20260221_145020.jpg\" alt=\"\" width=\"233\" height=\"180\" srcset=\"http:\/\/recettes-gourmandes-de-joce.fr\/wp-content\/uploads\/2026\/03\/20260221_145020.jpg 800w, http:\/\/recettes-gourmandes-de-joce.fr\/wp-content\/uploads\/2026\/03\/20260221_145020-768x592.jpg 768w, http:\/\/recettes-gourmandes-de-joce.fr\/wp-content\/uploads\/2026\/03\/20260221_145020-750x578.jpg 750w\" sizes=\"auto, (max-width: 233px) 100vw, 233px\" \/> <img loading=\"lazy\" decoding=\"async\" class=\"alignnone wp-image-99551\" src=\"http:\/\/recettes-gourmandes-de-joce.fr\/wp-content\/uploads\/2026\/03\/20260221_145008.jpg\" alt=\"\" width=\"240\" height=\"180\" srcset=\"http:\/\/recettes-gourmandes-de-joce.fr\/wp-content\/uploads\/2026\/03\/20260221_145008.jpg 800w, http:\/\/recettes-gourmandes-de-joce.fr\/wp-content\/uploads\/2026\/03\/20260221_145008-768x576.jpg 768w, http:\/\/recettes-gourmandes-de-joce.fr\/wp-content\/uploads\/2026\/03\/20260221_145008-750x563.jpg 750w\" sizes=\"auto, (max-width: 240px) 100vw, 240px\" \/><\/span><\/p>\n<p style=\"text-align: center;\"><span style=\"color: #008000;\"><a style=\"color: #008000;\" href=\"https:\/\/recettes-gourmandes-de-joce.fr\"><img loading=\"lazy\" decoding=\"async\" class=\"alignnone wp-image-37354 size-full\" src=\"http:\/\/recettes-gourmandes-de-joce.fr\/wp-content\/uploads\/2021\/06\/logitech-gaming-software-14112014-121223.jpg\" alt=\"\" width=\"640\" height=\"144\" srcset=\"http:\/\/recettes-gourmandes-de-joce.fr\/wp-content\/uploads\/2021\/06\/logitech-gaming-software-14112014-121223.jpg 640w, http:\/\/recettes-gourmandes-de-joce.fr\/wp-content\/uploads\/2021\/06\/logitech-gaming-software-14112014-121223-300x68.jpg 300w\" sizes=\"auto, (max-width: 640px) 100vw, 640px\" \/><\/a><\/span><\/p>\n","protected":false},"excerpt":{"rendered":"<p>Une de mes recettes Ingr\u00e9dients 1 c \u00e0 s de curry doux d\u00e9tails sur ce lien -&gt; \u00c9pic\u00e9too 1 c \u00e0 s d&rsquo;ail d\u00e9shydrat\u00e9 ou frais hach\u00e9 2 c \u00e0 s de persil frais cisel\u00e9 Huile d\u2019olive Sel et poivre \u00a0 Laver et ciseler finement le persil. Dans un bol, mettre le sel et le &hellip; <\/p>\n<p><a class=\"more-link btn\" href=\"http:\/\/recettes-gourmandes-de-joce.fr\/index.php\/index\/sauces-assaisonnements\/marinades\/marinade-au-curry-doux-ail-et-persil\/\">Lire la suite<\/a><\/p>\n","protected":false},"author":2,"featured_media":99553,"parent":219,"menu_order":0,"comment_status":"open","ping_status":"closed","template":"","meta":{"footnotes":""},"class_list":["post-99586","page","type-page","status-publish","has-post-thumbnail","hentry","nodate","item-wrap"],"_links":{"self":[{"href":"http:\/\/recettes-gourmandes-de-joce.fr\/index.php\/wp-json\/wp\/v2\/pages\/99586","targetHints":{"allow":["GET"]}}],"collection":[{"href":"http:\/\/recettes-gourmandes-de-joce.fr\/index.php\/wp-json\/wp\/v2\/pages"}],"about":[{"href":"http:\/\/recettes-gourmandes-de-joce.fr\/index.php\/wp-json\/wp\/v2\/types\/page"}],"author":[{"embeddable":true,"href":"http:\/\/recettes-gourmandes-de-joce.fr\/index.php\/wp-json\/wp\/v2\/users\/2"}],"replies":[{"embeddable":true,"href":"http:\/\/recettes-gourmandes-de-joce.fr\/index.php\/wp-json\/wp\/v2\/comments?post=99586"}],"version-history":[{"count":1,"href":"http:\/\/recettes-gourmandes-de-joce.fr\/index.php\/wp-json\/wp\/v2\/pages\/99586\/revisions"}],"predecessor-version":[{"id":99587,"href":"http:\/\/recettes-gourmandes-de-joce.fr\/index.php\/wp-json\/wp\/v2\/pages\/99586\/revisions\/99587"}],"up":[{"embeddable":true,"href":"http:\/\/recettes-gourmandes-de-joce.fr\/index.php\/wp-json\/wp\/v2\/pages\/219"}],"wp:featuredmedia":[{"embeddable":true,"href":"http:\/\/recettes-gourmandes-de-joce.fr\/index.php\/wp-json\/wp\/v2\/media\/99553"}],"wp:attachment":[{"href":"http:\/\/recettes-gourmandes-de-joce.fr\/index.php\/wp-json\/wp\/v2\/media?parent=99586"}],"curies":[{"name":"wp","href":"https:\/\/api.w.org\/{rel}","templated":true}]}}