{"id":9952,"date":"2019-11-11T22:46:29","date_gmt":"2019-11-11T22:46:29","guid":{"rendered":"http:\/\/recettes-gourmandes-de-joce.fr\/?page_id=9952"},"modified":"2024-05-22T22:12:15","modified_gmt":"2024-05-22T22:12:15","slug":"soupe-de-chou-fleur-et-brocolis-au-cantal","status":"publish","type":"page","link":"http:\/\/recettes-gourmandes-de-joce.fr\/index.php\/index\/entrees\/soupes-veloutes\/soupe-de-chou-fleur-et-brocolis-au-cantal\/","title":{"rendered":"Soupe de chou-fleur et brocolis au Cantal."},"content":{"rendered":"<p style=\"text-align: center;\"><span style=\"font-size: 24px;\"><span style=\"font-family: georgia,serif;\"><span style=\"color: #808000; text-decoration: underline;\"><em><span style=\"text-decoration: underline;\"><span style=\"text-decoration: underline;\">Une de mes recettes<\/span><\/span><\/em><\/span><\/span><\/span><\/p>\n<p style=\"text-align: center;\"><img loading=\"lazy\" decoding=\"async\" class=\"alignnone wp-image-9933\" src=\"http:\/\/recettes-gourmandes-de-joce.fr\/wp-content\/uploads\/2019\/11\/soupe-de-choux-fleur-brocolis-au-cantal-8-150x150.jpg\" alt=\"\" width=\"215\" height=\"180\" srcset=\"http:\/\/recettes-gourmandes-de-joce.fr\/wp-content\/uploads\/2019\/11\/soupe-de-choux-fleur-brocolis-au-cantal-8-300x251.jpg 300w, http:\/\/recettes-gourmandes-de-joce.fr\/wp-content\/uploads\/2019\/11\/soupe-de-choux-fleur-brocolis-au-cantal-8.jpg 640w\" sizes=\"auto, (max-width: 215px) 100vw, 215px\" \/> <img loading=\"lazy\" decoding=\"async\" class=\"alignnone wp-image-9932\" src=\"http:\/\/recettes-gourmandes-de-joce.fr\/wp-content\/uploads\/2019\/11\/soupe-de-choux-fleur-brocolis-au-cantal-7-150x150.jpg\" alt=\"\" width=\"269\" height=\"180\" srcset=\"http:\/\/recettes-gourmandes-de-joce.fr\/wp-content\/uploads\/2019\/11\/soupe-de-choux-fleur-brocolis-au-cantal-7-300x201.jpg 300w, http:\/\/recettes-gourmandes-de-joce.fr\/wp-content\/uploads\/2019\/11\/soupe-de-choux-fleur-brocolis-au-cantal-7.jpg 640w\" sizes=\"auto, (max-width: 269px) 100vw, 269px\" \/> <img loading=\"lazy\" decoding=\"async\" class=\"alignnone wp-image-9931\" src=\"http:\/\/recettes-gourmandes-de-joce.fr\/wp-content\/uploads\/2019\/11\/soupe-de-choux-fleur-brocolis-au-cantal-6-150x150.jpg\" alt=\"\" width=\"240\" height=\"180\" srcset=\"http:\/\/recettes-gourmandes-de-joce.fr\/wp-content\/uploads\/2019\/11\/soupe-de-choux-fleur-brocolis-au-cantal-6-300x225.jpg 300w, http:\/\/recettes-gourmandes-de-joce.fr\/wp-content\/uploads\/2019\/11\/soupe-de-choux-fleur-brocolis-au-cantal-6.jpg 640w\" sizes=\"auto, (max-width: 240px) 100vw, 240px\" \/><\/p>\n<p style=\"text-align: center;\"><span style=\"font-size: 24px;\"><span style=\"font-family: georgia,serif;\"><span style=\"color: #808000; text-decoration: underline;\"><em><span style=\"text-decoration: underline;\"><span style=\"text-decoration: underline;\">Ingr\u00e9dients pour 4 personnes<\/span><\/span><\/em><\/span><\/span><\/span><\/p>\n<p style=\"text-align: center;\"><img loading=\"lazy\" decoding=\"async\" class=\"alignnone wp-image-9935\" src=\"http:\/\/recettes-gourmandes-de-joce.fr\/wp-content\/uploads\/2019\/11\/soupe-de-choux-fleur-brocolis-au-cantal-19-150x150.jpg\" alt=\"\" width=\"239\" height=\"175\" srcset=\"http:\/\/recettes-gourmandes-de-joce.fr\/wp-content\/uploads\/2019\/11\/soupe-de-choux-fleur-brocolis-au-cantal-19-300x220.jpg 300w, http:\/\/recettes-gourmandes-de-joce.fr\/wp-content\/uploads\/2019\/11\/soupe-de-choux-fleur-brocolis-au-cantal-19.jpg 640w\" sizes=\"auto, (max-width: 239px) 100vw, 239px\" \/><\/p>\n<p style=\"text-align: center;\"><span style=\"font-size: 14pt;\"><span style=\"font-family: georgia,serif;\"><span style=\"color: #808000;\"><em>\u00bd chou-fleur<\/em><\/span><\/span><\/span><\/p>\n<p style=\"text-align: center;\"><span style=\"font-size: 14pt;\"><span style=\"font-family: georgia,serif;\"><span style=\"color: #808000;\"><em>1 t\u00eate de brocolis<\/em><\/span><\/span><\/span><\/p>\n<p style=\"text-align: center;\"><span style=\"font-size: 14pt;\"><span style=\"font-family: georgia,serif;\"><span style=\"color: #808000;\"><em>3 belles pommes de terre<\/em><\/span><\/span><\/span><\/p>\n<p style=\"text-align: center;\"><span style=\"font-size: 14pt;\"><span style=\"font-family: georgia,serif;\"><span style=\"color: #808000;\"><em>1 morceau de Cantal<\/em><\/span><\/span><\/span><\/p>\n<p style=\"text-align: center;\"><span style=\"font-size: 14pt;\"><span style=\"font-family: georgia,serif;\"><span style=\"color: #808000;\"><em>2 gousses d&rsquo;ail<\/em><\/span><\/span><\/span><\/p>\n<p style=\"text-align: center;\"><span style=\"font-size: 14pt;\"><span style=\"font-family: georgia,serif;\"><span style=\"color: #808000;\"><em>1 \u00e9chalote<\/em><\/span><\/span><\/span><\/p>\n<p style=\"text-align: center;\"><span style=\"font-size: 14pt;\"><span style=\"font-family: georgia,serif;\"><span style=\"color: #808000;\"><em>1 morceau de beurre<\/em><\/span><\/span><\/span><\/p>\n<p style=\"text-align: center;\"><span style=\"font-size: 14pt;\"><span style=\"font-family: georgia,serif;\"><span style=\"color: #808000;\"><em>2\u00a0c \u00e0 s de cr\u00e8me fra\u00eeche<\/em><\/span><\/span><\/span><\/p>\n<p style=\"text-align: center;\"><span style=\"font-size: 14pt;\"><span style=\"font-family: georgia,serif;\"><span style=\"color: #808000;\"><em>Sel et poivre<\/em><\/span><\/span><\/span><\/p>\n<p style=\"text-align: center;\"><span style=\"font-size: 14pt;\"><span style=\"font-family: georgia,serif;\"><span style=\"color: #808000;\"><em>Accompagnement des cro\u00fbtons aill\u00e9s.<\/em><\/span><\/span><\/span><\/p>\n<p style=\"text-align: center;\"><span style=\"font-size: 14pt;\"><img loading=\"lazy\" decoding=\"async\" class=\"alignnone wp-image-9934\" src=\"http:\/\/recettes-gourmandes-de-joce.fr\/wp-content\/uploads\/2019\/11\/soupe-de-choux-fleur-brocolis-au-cantal-16-150x150.jpg\" alt=\"\" width=\"227\" height=\"155\" srcset=\"http:\/\/recettes-gourmandes-de-joce.fr\/wp-content\/uploads\/2019\/11\/soupe-de-choux-fleur-brocolis-au-cantal-16-300x205.jpg 300w, http:\/\/recettes-gourmandes-de-joce.fr\/wp-content\/uploads\/2019\/11\/soupe-de-choux-fleur-brocolis-au-cantal-16.jpg 640w\" sizes=\"auto, (max-width: 227px) 100vw, 227px\" \/> <img loading=\"lazy\" decoding=\"async\" class=\"alignnone wp-image-9936\" src=\"http:\/\/recettes-gourmandes-de-joce.fr\/wp-content\/uploads\/2019\/11\/soupe-de-choux-fleur-brocolis-au-cantal-23-150x150.jpg\" alt=\"\" width=\"207\" height=\"155\" srcset=\"http:\/\/recettes-gourmandes-de-joce.fr\/wp-content\/uploads\/2019\/11\/soupe-de-choux-fleur-brocolis-au-cantal-23-300x225.jpg 300w, http:\/\/recettes-gourmandes-de-joce.fr\/wp-content\/uploads\/2019\/11\/soupe-de-choux-fleur-brocolis-au-cantal-23.jpg 640w\" sizes=\"auto, (max-width: 207px) 100vw, 207px\" \/> <img loading=\"lazy\" decoding=\"async\" class=\"alignnone wp-image-9953\" src=\"http:\/\/recettes-gourmandes-de-joce.fr\/wp-content\/uploads\/2019\/11\/Logitech-Gaming-Software-11112019-233907-150x150.jpg\" alt=\"\" width=\"192\" height=\"155\" srcset=\"http:\/\/recettes-gourmandes-de-joce.fr\/wp-content\/uploads\/2019\/11\/Logitech-Gaming-Software-11112019-233907-300x243.jpg 300w, http:\/\/recettes-gourmandes-de-joce.fr\/wp-content\/uploads\/2019\/11\/Logitech-Gaming-Software-11112019-233907.jpg 640w\" sizes=\"auto, (max-width: 192px) 100vw, 192px\" \/><\/span><\/p>\n<p style=\"text-align: center;\"><span style=\"font-size: 14pt;\"><span style=\"font-family: georgia,serif;\"><span style=\"color: #808000;\"><em>Peler et \u00e9mincer les gousses d&rsquo;ail d\u00e9germ\u00e9es et l&rsquo;\u00e9chalote. R\u00e2per en gros copeaux de\u00a0Cantal. <span style=\"color: #808000;\"><em><em>D\u00e9tailler les choux en petits bouquets, lavez l\u00e9s. Laver et couper les pommes de terre en petits morceaux. <\/em><\/em><\/span><\/em><\/span><\/span><em style=\"color: #808000; font-family: georgia, serif;\">Mettre tous les l\u00e9gumes, l&rsquo;ail et l&rsquo;\u00e9chalote dans un faitout, ajouter 1 c \u00e0 s de gros sel et couvrir d&rsquo;eau. Laisser mijoter environ 40 minutes \u00e0 feux doux.<\/em><\/span><\/p>\n<p style=\"text-align: center;\"><span style=\"font-size: 14pt;\"><img loading=\"lazy\" decoding=\"async\" class=\"alignnone wp-image-9929\" src=\"http:\/\/recettes-gourmandes-de-joce.fr\/wp-content\/uploads\/2019\/11\/soupe-de-choux-fleur-brocolis-au-cantal-1-150x150.jpg\" alt=\"\" width=\"207\" height=\"155\" srcset=\"http:\/\/recettes-gourmandes-de-joce.fr\/wp-content\/uploads\/2019\/11\/soupe-de-choux-fleur-brocolis-au-cantal-1-300x225.jpg 300w, http:\/\/recettes-gourmandes-de-joce.fr\/wp-content\/uploads\/2019\/11\/soupe-de-choux-fleur-brocolis-au-cantal-1.jpg 640w\" sizes=\"auto, (max-width: 207px) 100vw, 207px\" \/> <img loading=\"lazy\" decoding=\"async\" class=\"alignnone wp-image-9930\" src=\"http:\/\/recettes-gourmandes-de-joce.fr\/wp-content\/uploads\/2019\/11\/soupe-de-choux-fleur-brocolis-au-cantal-2-150x150.jpg\" alt=\"\" width=\"207\" height=\"155\" srcset=\"http:\/\/recettes-gourmandes-de-joce.fr\/wp-content\/uploads\/2019\/11\/soupe-de-choux-fleur-brocolis-au-cantal-2-300x225.jpg 300w, http:\/\/recettes-gourmandes-de-joce.fr\/wp-content\/uploads\/2019\/11\/soupe-de-choux-fleur-brocolis-au-cantal-2.jpg 640w\" sizes=\"auto, (max-width: 207px) 100vw, 207px\" \/><\/span><\/p>\n<p style=\"text-align: center;\"><span style=\"font-size: 14pt;\"><span style=\"font-family: georgia,serif;\"><span style=\"color: #808000;\"><em>\u00a0V\u00e9rifier la cuisson de l\u00e9gumes et passez l\u00e8s au mixeur plongeant ou au moulin \u00e0 l\u00e9gumes. <\/em><\/span><\/span><span style=\"font-family: georgia,serif;\"><span style=\"color: #808000;\"><em>Rectifier l&rsquo;assaisonnement, ajouter le beurre et la cr\u00e8me et m\u00e9langer.<\/em><\/span><\/span><\/span><\/p>\n<p style=\"text-align: center;\"><span style=\"font-size: 14pt;\"><span style=\"font-family: georgia,serif;\"><span style=\"color: #808000;\"><em>Servir parsemer de Cantal r\u00e2p\u00e9 et de cro\u00fbtons aill\u00e9s et d&rsquo;une pointe de piment d&rsquo;Espelette si vous aimez.<\/em><\/span><\/span><\/span><\/p>\n<p style=\"text-align: center;\"><span style=\"font-size: 14pt;\"><span style=\"font-family: georgia,serif;\"><em><span style=\"color: #808080;\"><span style=\"color: #ff0000;\"><span style=\"color: #808000;\">Bon app\u00e9tit!<\/span><\/span><\/span><\/em><\/span><\/span><\/p>\n<p style=\"text-align: center;\"><span style=\"font-size: 14pt;\"><img loading=\"lazy\" decoding=\"async\" class=\"alignnone wp-image-9931\" src=\"http:\/\/recettes-gourmandes-de-joce.fr\/wp-content\/uploads\/2019\/11\/soupe-de-choux-fleur-brocolis-au-cantal-6-150x150.jpg\" alt=\"\" width=\"240\" height=\"180\" srcset=\"http:\/\/recettes-gourmandes-de-joce.fr\/wp-content\/uploads\/2019\/11\/soupe-de-choux-fleur-brocolis-au-cantal-6-300x225.jpg 300w, http:\/\/recettes-gourmandes-de-joce.fr\/wp-content\/uploads\/2019\/11\/soupe-de-choux-fleur-brocolis-au-cantal-6.jpg 640w\" sizes=\"auto, (max-width: 240px) 100vw, 240px\" \/> <img loading=\"lazy\" decoding=\"async\" class=\"alignnone wp-image-9932\" src=\"http:\/\/recettes-gourmandes-de-joce.fr\/wp-content\/uploads\/2019\/11\/soupe-de-choux-fleur-brocolis-au-cantal-7-150x150.jpg\" alt=\"\" width=\"269\" height=\"180\" srcset=\"http:\/\/recettes-gourmandes-de-joce.fr\/wp-content\/uploads\/2019\/11\/soupe-de-choux-fleur-brocolis-au-cantal-7-300x201.jpg 300w, http:\/\/recettes-gourmandes-de-joce.fr\/wp-content\/uploads\/2019\/11\/soupe-de-choux-fleur-brocolis-au-cantal-7.jpg 640w\" sizes=\"auto, (max-width: 269px) 100vw, 269px\" \/> <img loading=\"lazy\" decoding=\"async\" class=\"alignnone wp-image-9933\" src=\"http:\/\/recettes-gourmandes-de-joce.fr\/wp-content\/uploads\/2019\/11\/soupe-de-choux-fleur-brocolis-au-cantal-8-150x150.jpg\" alt=\"\" width=\"215\" height=\"180\" srcset=\"http:\/\/recettes-gourmandes-de-joce.fr\/wp-content\/uploads\/2019\/11\/soupe-de-choux-fleur-brocolis-au-cantal-8-300x251.jpg 300w, http:\/\/recettes-gourmandes-de-joce.fr\/wp-content\/uploads\/2019\/11\/soupe-de-choux-fleur-brocolis-au-cantal-8.jpg 640w\" sizes=\"auto, (max-width: 215px) 100vw, 215px\" \/><\/span><\/p>\n<p style=\"text-align: center;\"><img loading=\"lazy\" decoding=\"async\" class=\"alignnone size-full wp-image-59803\" src=\"http:\/\/recettes-gourmandes-de-joce.fr\/wp-content\/uploads\/2024\/01\/logitech-gaming-software-14112014-121223.jpg\" alt=\"\" width=\"640\" height=\"144\" \/><\/p>\n<p style=\"text-align: center;\">\n","protected":false},"excerpt":{"rendered":"<p>Une de mes recettes Ingr\u00e9dients pour 4 personnes \u00bd chou-fleur 1 t\u00eate de brocolis 3 belles pommes de terre 1 morceau de Cantal 2 gousses d&rsquo;ail 1 \u00e9chalote 1 morceau de beurre 2\u00a0c \u00e0 s de cr\u00e8me fra\u00eeche Sel et poivre Accompagnement des cro\u00fbtons aill\u00e9s. Peler et \u00e9mincer les gousses d&rsquo;ail d\u00e9germ\u00e9es et l&rsquo;\u00e9chalote. R\u00e2per &hellip; <\/p>\n<p><a class=\"more-link btn\" href=\"http:\/\/recettes-gourmandes-de-joce.fr\/index.php\/index\/entrees\/soupes-veloutes\/soupe-de-chou-fleur-et-brocolis-au-cantal\/\">Lire la suite<\/a><\/p>\n","protected":false},"author":2,"featured_media":82829,"parent":167,"menu_order":0,"comment_status":"open","ping_status":"closed","template":"","meta":{"footnotes":""},"class_list":["post-9952","page","type-page","status-publish","has-post-thumbnail","hentry","nodate","item-wrap"],"_links":{"self":[{"href":"http:\/\/recettes-gourmandes-de-joce.fr\/index.php\/wp-json\/wp\/v2\/pages\/9952","targetHints":{"allow":["GET"]}}],"collection":[{"href":"http:\/\/recettes-gourmandes-de-joce.fr\/index.php\/wp-json\/wp\/v2\/pages"}],"about":[{"href":"http:\/\/recettes-gourmandes-de-joce.fr\/index.php\/wp-json\/wp\/v2\/types\/page"}],"author":[{"embeddable":true,"href":"http:\/\/recettes-gourmandes-de-joce.fr\/index.php\/wp-json\/wp\/v2\/users\/2"}],"replies":[{"embeddable":true,"href":"http:\/\/recettes-gourmandes-de-joce.fr\/index.php\/wp-json\/wp\/v2\/comments?post=9952"}],"version-history":[{"count":5,"href":"http:\/\/recettes-gourmandes-de-joce.fr\/index.php\/wp-json\/wp\/v2\/pages\/9952\/revisions"}],"predecessor-version":[{"id":82828,"href":"http:\/\/recettes-gourmandes-de-joce.fr\/index.php\/wp-json\/wp\/v2\/pages\/9952\/revisions\/82828"}],"up":[{"embeddable":true,"href":"http:\/\/recettes-gourmandes-de-joce.fr\/index.php\/wp-json\/wp\/v2\/pages\/167"}],"wp:featuredmedia":[{"embeddable":true,"href":"http:\/\/recettes-gourmandes-de-joce.fr\/index.php\/wp-json\/wp\/v2\/media\/82829"}],"wp:attachment":[{"href":"http:\/\/recettes-gourmandes-de-joce.fr\/index.php\/wp-json\/wp\/v2\/media?parent=9952"}],"curies":[{"name":"wp","href":"https:\/\/api.w.org\/{rel}","templated":true}]}}