{"id":99516,"date":"2026-03-04T12:50:35","date_gmt":"2026-03-04T12:50:35","guid":{"rendered":"http:\/\/recettes-gourmandes-de-joce.fr\/?page_id=99516"},"modified":"2026-03-04T12:50:35","modified_gmt":"2026-03-04T12:50:35","slug":"saucisses-de-toulouse-epicees-aux-oignons-grelots-lardons-fumes-au-jus","status":"publish","type":"page","link":"http:\/\/recettes-gourmandes-de-joce.fr\/index.php\/index\/viandes\/saucisses-chipolatas-merguez-andouille-etc\/saucisses-de-toulouse-epicees-aux-oignons-grelots-lardons-fumes-au-jus\/","title":{"rendered":"Saucisses de Toulouse \u00e9pic\u00e9es aux oignons grelots, lardons fum\u00e9s au jus."},"content":{"rendered":"<p style=\"text-align: center;\"><span style=\"text-decoration: underline; color: #993300;\"><span style=\"font-size: 18pt; font-family: georgia, palatino, serif;\"><em>Une de mes recettes<\/em><\/span><\/span><\/p>\n<p style=\"text-align: center;\"><span style=\"color: #993300;\">\u00a0<img loading=\"lazy\" decoding=\"async\" class=\"alignnone wp-image-99525\" src=\"http:\/\/recettes-gourmandes-de-joce.fr\/wp-content\/uploads\/2026\/03\/20260303_202052.jpg\" alt=\"\" width=\"231\" height=\"180\" srcset=\"http:\/\/recettes-gourmandes-de-joce.fr\/wp-content\/uploads\/2026\/03\/20260303_202052.jpg 800w, http:\/\/recettes-gourmandes-de-joce.fr\/wp-content\/uploads\/2026\/03\/20260303_202052-768x598.jpg 768w, http:\/\/recettes-gourmandes-de-joce.fr\/wp-content\/uploads\/2026\/03\/20260303_202052-750x584.jpg 750w\" sizes=\"auto, (max-width: 231px) 100vw, 231px\" \/> <img loading=\"lazy\" decoding=\"async\" class=\"alignnone wp-image-99520\" src=\"http:\/\/recettes-gourmandes-de-joce.fr\/wp-content\/uploads\/2026\/03\/20260303_202036.jpg\" alt=\"\" width=\"247\" height=\"180\" srcset=\"http:\/\/recettes-gourmandes-de-joce.fr\/wp-content\/uploads\/2026\/03\/20260303_202036.jpg 800w, http:\/\/recettes-gourmandes-de-joce.fr\/wp-content\/uploads\/2026\/03\/20260303_202036-768x561.jpg 768w, http:\/\/recettes-gourmandes-de-joce.fr\/wp-content\/uploads\/2026\/03\/20260303_202036-750x548.jpg 750w\" sizes=\"auto, (max-width: 247px) 100vw, 247px\" \/> <img loading=\"lazy\" decoding=\"async\" class=\"alignnone wp-image-99531\" src=\"http:\/\/recettes-gourmandes-de-joce.fr\/wp-content\/uploads\/2026\/03\/20260303_202029.jpg\" alt=\"\" width=\"230\" height=\"180\" srcset=\"http:\/\/recettes-gourmandes-de-joce.fr\/wp-content\/uploads\/2026\/03\/20260303_202029.jpg 800w, http:\/\/recettes-gourmandes-de-joce.fr\/wp-content\/uploads\/2026\/03\/20260303_202029-768x600.jpg 768w, http:\/\/recettes-gourmandes-de-joce.fr\/wp-content\/uploads\/2026\/03\/20260303_202029-750x586.jpg 750w\" sizes=\"auto, (max-width: 230px) 100vw, 230px\" \/><img loading=\"lazy\" decoding=\"async\" class=\"alignnone wp-image-99521\" src=\"http:\/\/recettes-gourmandes-de-joce.fr\/wp-content\/uploads\/2026\/03\/20260303_202039.jpg\" alt=\"\" width=\"207\" height=\"180\" srcset=\"http:\/\/recettes-gourmandes-de-joce.fr\/wp-content\/uploads\/2026\/03\/20260303_202039.jpg 800w, http:\/\/recettes-gourmandes-de-joce.fr\/wp-content\/uploads\/2026\/03\/20260303_202039-768x667.jpg 768w, http:\/\/recettes-gourmandes-de-joce.fr\/wp-content\/uploads\/2026\/03\/20260303_202039-750x652.jpg 750w\" sizes=\"auto, (max-width: 207px) 100vw, 207px\" \/><\/span><\/p>\n<p style=\"text-align: center;\"><span style=\"text-decoration: underline; color: #993300;\"><span style=\"font-size: 18pt; font-family: georgia, palatino, serif;\"><em>Ingr\u00e9dients pour 6 personnes<\/em><\/span><\/span><\/p>\n<p style=\"text-align: center;\"><span style=\"color: #993300;\"><img loading=\"lazy\" decoding=\"async\" class=\"alignnone wp-image-99526\" src=\"http:\/\/recettes-gourmandes-de-joce.fr\/wp-content\/uploads\/2026\/03\/20260303_190344.jpg\" alt=\"\" width=\"197\" height=\"200\" srcset=\"http:\/\/recettes-gourmandes-de-joce.fr\/wp-content\/uploads\/2026\/03\/20260303_190344.jpg 789w, http:\/\/recettes-gourmandes-de-joce.fr\/wp-content\/uploads\/2026\/03\/20260303_190344-768x779.jpg 768w, http:\/\/recettes-gourmandes-de-joce.fr\/wp-content\/uploads\/2026\/03\/20260303_190344-750x760.jpg 750w\" sizes=\"auto, (max-width: 197px) 100vw, 197px\" \/><\/span><\/p>\n<p style=\"text-align: center;\"><span style=\"font-family: georgia, palatino, serif; font-size: 14pt; color: #993300;\"><em>6 saucisses de Toulouse<\/em><\/span><\/p>\n<p style=\"text-align: center;\"><span style=\"font-family: georgia, palatino, serif; font-size: 14pt; color: #993300;\"><em> 100 g de lardons fum\u00e9s<\/em><\/span><\/p>\n<p style=\"text-align: center;\"><span style=\"font-family: georgia, palatino, serif; font-size: 14pt; color: #993300;\"><em> 1 poign\u00e9e d&rsquo;oignons grelots<\/em><\/span><\/p>\n<p style=\"text-align: center;\"><span style=\"font-family: georgia, palatino, serif; font-size: 14pt; color: #993300;\"><em> 1 petit bouquet de persil plat <\/em><\/span><\/p>\n<p style=\"text-align: center;\"><span style=\"font-family: georgia, palatino, serif; font-size: 14pt; color: #993300;\"><em>1 bonne c \u00e0 s de fond de veau<\/em><\/span><\/p>\n<p style=\"text-align: center;\"><span style=\"font-family: georgia, palatino, serif; font-size: 14pt; color: #993300;\"><em> 250 ml d&rsquo;eau chaude <\/em><\/span><\/p>\n<p style=\"text-align: center;\"><span style=\"font-family: georgia, palatino, serif; font-size: 14pt; color: #993300;\"><em>1 morceau de beurre <\/em><\/span><\/p>\n<p style=\"text-align: center;\"><span style=\"font-family: georgia, palatino, serif; font-size: 14pt; color: #993300;\"><em>Piment D&rsquo;Espelette\u00a0<\/em><\/span><\/p>\n<p style=\"text-align: center;\"><span style=\"font-family: georgia, palatino, serif; font-size: 14pt; color: #993300;\"><em>Huile d\u2019olive<\/em><\/span><\/p>\n<p style=\"text-align: center;\"><span style=\"font-family: georgia, palatino, serif; font-size: 14pt; color: #993300;\"><em>Sel et poivre <\/em><\/span><\/p>\n<p style=\"text-align: center;\"><span style=\"font-family: georgia, palatino, serif; font-size: 14pt; color: #993300;\"><em>Recette de la Pur\u00e9e sur ce lien -&gt;<a href=\"http:\/\/recettes-gourmandes-de-joce.fr\/index.php\/index\/legumes\/purees-diverses\/puree-de-pommes-de-terre\/\"> Pur\u00e9e de pommes de terre <img loading=\"lazy\" decoding=\"async\" class=\"alignnone wp-image-10718\" src=\"http:\/\/recettes-gourmandes-de-joce.fr\/wp-content\/uploads\/2019\/11\/20191121_202823-300x225.jpg\" alt=\"\" width=\"200\" height=\"150\" srcset=\"http:\/\/recettes-gourmandes-de-joce.fr\/wp-content\/uploads\/2019\/11\/20191121_202823-300x225.jpg 300w, http:\/\/recettes-gourmandes-de-joce.fr\/wp-content\/uploads\/2019\/11\/20191121_202823.jpg 640w\" sizes=\"auto, (max-width: 200px) 100vw, 200px\" \/>\u00a0<\/a><\/em><\/span><\/p>\n<p style=\"text-align: center;\"><span style=\"color: #993300;\"><img loading=\"lazy\" decoding=\"async\" class=\"alignnone wp-image-99528\" src=\"http:\/\/recettes-gourmandes-de-joce.fr\/wp-content\/uploads\/2026\/03\/20260303_190745.jpg\" alt=\"\" width=\"277\" height=\"170\" srcset=\"http:\/\/recettes-gourmandes-de-joce.fr\/wp-content\/uploads\/2026\/03\/20260303_190745.jpg 800w, http:\/\/recettes-gourmandes-de-joce.fr\/wp-content\/uploads\/2026\/03\/20260303_190745-768x471.jpg 768w, http:\/\/recettes-gourmandes-de-joce.fr\/wp-content\/uploads\/2026\/03\/20260303_190745-750x460.jpg 750w\" sizes=\"auto, (max-width: 277px) 100vw, 277px\" \/> <img loading=\"lazy\" decoding=\"async\" class=\"alignnone wp-image-97611\" src=\"http:\/\/recettes-gourmandes-de-joce.fr\/wp-content\/uploads\/2025\/10\/20251029_193904.jpg\" alt=\"\" width=\"227\" height=\"170\" srcset=\"http:\/\/recettes-gourmandes-de-joce.fr\/wp-content\/uploads\/2025\/10\/20251029_193904.jpg 800w, http:\/\/recettes-gourmandes-de-joce.fr\/wp-content\/uploads\/2025\/10\/20251029_193904-768x576.jpg 768w, http:\/\/recettes-gourmandes-de-joce.fr\/wp-content\/uploads\/2025\/10\/20251029_193904-750x563.jpg 750w\" sizes=\"auto, (max-width: 227px) 100vw, 227px\" \/> <img loading=\"lazy\" decoding=\"async\" class=\"alignnone wp-image-99527\" src=\"http:\/\/recettes-gourmandes-de-joce.fr\/wp-content\/uploads\/2026\/03\/20260303_190743.jpg\" alt=\"\" width=\"227\" height=\"170\" srcset=\"http:\/\/recettes-gourmandes-de-joce.fr\/wp-content\/uploads\/2026\/03\/20260303_190743.jpg 800w, http:\/\/recettes-gourmandes-de-joce.fr\/wp-content\/uploads\/2026\/03\/20260303_190743-768x576.jpg 768w, http:\/\/recettes-gourmandes-de-joce.fr\/wp-content\/uploads\/2026\/03\/20260303_190743-750x563.jpg 750w\" sizes=\"auto, (max-width: 227px) 100vw, 227px\" \/><\/span><\/p>\n<p style=\"text-align: center;\"><span style=\"font-size: 14pt; font-family: georgia, palatino, serif; color: #993300;\"><em>Laver et ciseler le persil. Dans une po\u00eale, mettre le beurre \u00e0 fondre avec un l\u00e9ger filet d\u2019huile d\u2019olive. Mettre les saucisses \u00e0 cuire et dorer sur toutes les faces<\/em><\/span><\/p>\n<p style=\"text-align: center;\"><span style=\"font-size: 14pt; font-family: georgia, palatino, serif; color: #993300;\"><em><img loading=\"lazy\" decoding=\"async\" class=\"alignnone wp-image-97613\" src=\"http:\/\/recettes-gourmandes-de-joce.fr\/wp-content\/uploads\/2025\/10\/20251029_194307.jpg\" alt=\"\" width=\"227\" height=\"170\" srcset=\"http:\/\/recettes-gourmandes-de-joce.fr\/wp-content\/uploads\/2025\/10\/20251029_194307.jpg 800w, http:\/\/recettes-gourmandes-de-joce.fr\/wp-content\/uploads\/2025\/10\/20251029_194307-768x576.jpg 768w, http:\/\/recettes-gourmandes-de-joce.fr\/wp-content\/uploads\/2025\/10\/20251029_194307-750x563.jpg 750w\" sizes=\"auto, (max-width: 227px) 100vw, 227px\" \/> <img loading=\"lazy\" decoding=\"async\" class=\"alignnone wp-image-99530\" src=\"http:\/\/recettes-gourmandes-de-joce.fr\/wp-content\/uploads\/2026\/03\/20260303_191339.jpg\" alt=\"\" width=\"201\" height=\"170\" srcset=\"http:\/\/recettes-gourmandes-de-joce.fr\/wp-content\/uploads\/2026\/03\/20260303_191339.jpg 800w, http:\/\/recettes-gourmandes-de-joce.fr\/wp-content\/uploads\/2026\/03\/20260303_191339-768x648.jpg 768w, http:\/\/recettes-gourmandes-de-joce.fr\/wp-content\/uploads\/2026\/03\/20260303_191339-750x633.jpg 750w\" sizes=\"auto, (max-width: 201px) 100vw, 201px\" \/> <img loading=\"lazy\" decoding=\"async\" class=\"alignnone wp-image-99529\" src=\"http:\/\/recettes-gourmandes-de-joce.fr\/wp-content\/uploads\/2026\/03\/20260303_191337.jpg\" alt=\"\" width=\"227\" height=\"170\" srcset=\"http:\/\/recettes-gourmandes-de-joce.fr\/wp-content\/uploads\/2026\/03\/20260303_191337.jpg 800w, http:\/\/recettes-gourmandes-de-joce.fr\/wp-content\/uploads\/2026\/03\/20260303_191337-768x576.jpg 768w, http:\/\/recettes-gourmandes-de-joce.fr\/wp-content\/uploads\/2026\/03\/20260303_191337-750x563.jpg 750w\" sizes=\"auto, (max-width: 227px) 100vw, 227px\" \/><\/em><\/span><\/p>\n<p style=\"text-align: center;\"><span style=\"font-size: 14pt; font-family: georgia, palatino, serif; color: #993300;\"><em style=\"text-align: center;\">Lorsqu\u2019elles sont bien dor\u00e9es, les d\u00e9barrasser. \u00c0 la place, ajouter les oignons et les lardons\u00a0<\/em><\/span><\/p>\n<p style=\"text-align: center;\"><span style=\"font-size: 14pt; font-family: georgia, palatino, serif; color: #993300;\"><em> <img loading=\"lazy\" decoding=\"async\" class=\"alignnone wp-image-99517\" src=\"http:\/\/recettes-gourmandes-de-joce.fr\/wp-content\/uploads\/2026\/03\/20260303_191436.jpg\" alt=\"\" width=\"227\" height=\"170\" srcset=\"http:\/\/recettes-gourmandes-de-joce.fr\/wp-content\/uploads\/2026\/03\/20260303_191436.jpg 800w, http:\/\/recettes-gourmandes-de-joce.fr\/wp-content\/uploads\/2026\/03\/20260303_191436-768x576.jpg 768w, http:\/\/recettes-gourmandes-de-joce.fr\/wp-content\/uploads\/2026\/03\/20260303_191436-750x563.jpg 750w\" sizes=\"auto, (max-width: 227px) 100vw, 227px\" \/> <img loading=\"lazy\" decoding=\"async\" class=\"alignnone wp-image-99518\" src=\"http:\/\/recettes-gourmandes-de-joce.fr\/wp-content\/uploads\/2026\/03\/20260303_191521.jpg\" alt=\"\" width=\"227\" height=\"170\" srcset=\"http:\/\/recettes-gourmandes-de-joce.fr\/wp-content\/uploads\/2026\/03\/20260303_191521.jpg 800w, http:\/\/recettes-gourmandes-de-joce.fr\/wp-content\/uploads\/2026\/03\/20260303_191521-768x576.jpg 768w, http:\/\/recettes-gourmandes-de-joce.fr\/wp-content\/uploads\/2026\/03\/20260303_191521-750x563.jpg 750w\" sizes=\"auto, (max-width: 227px) 100vw, 227px\" \/> <img loading=\"lazy\" decoding=\"async\" class=\"alignnone wp-image-99519\" src=\"http:\/\/recettes-gourmandes-de-joce.fr\/wp-content\/uploads\/2026\/03\/20260303_191746.jpg\" alt=\"\" width=\"188\" height=\"170\" srcset=\"http:\/\/recettes-gourmandes-de-joce.fr\/wp-content\/uploads\/2026\/03\/20260303_191746.jpg 800w, http:\/\/recettes-gourmandes-de-joce.fr\/wp-content\/uploads\/2026\/03\/20260303_191746-768x694.jpg 768w, http:\/\/recettes-gourmandes-de-joce.fr\/wp-content\/uploads\/2026\/03\/20260303_191746-750x678.jpg 750w\" sizes=\"auto, (max-width: 188px) 100vw, 188px\" \/><\/em><\/span><\/p>\n<p style=\"text-align: center;\"><span style=\"font-size: 14pt; font-family: georgia, palatino, serif; color: #993300;\"><em>Les faire dorer, ajouter le piment d&rsquo;Espelette, <span style=\"text-decoration: underline;\">saler tr\u00e8s l\u00e9g\u00e8rement<\/span>, poivrer, verser ensuite le fond de veau r\u00e9hydrat\u00e9 dans les 250 ml d&rsquo;eau chaude, m\u00e9langer, laisser \u00e9paissir 2 minutes, ajouter le persil, m\u00e9langer puis remettre les saucisses et le jus qu&rsquo;elles auront rendu, laisser mijoter \u00e0 feu moyen environ 25 minutes en les retournant de temps en temps. Servir avec une bonne pur\u00e9e maison.<\/em><\/span><\/p>\n<p style=\"text-align: center;\"><span style=\"font-family: georgia, palatino, serif; color: #993300;\"><em><span style=\"font-size: 14pt;\">Bon app\u00e9tit!<\/span><\/em><\/span><\/p>\n<p style=\"text-align: center;\"><span style=\"color: #993300;\"><img loading=\"lazy\" decoding=\"async\" class=\"alignnone wp-image-99523\" src=\"http:\/\/recettes-gourmandes-de-joce.fr\/wp-content\/uploads\/2026\/03\/20260303_202046.jpg\" alt=\"\" width=\"240\" height=\"180\" srcset=\"http:\/\/recettes-gourmandes-de-joce.fr\/wp-content\/uploads\/2026\/03\/20260303_202046.jpg 800w, http:\/\/recettes-gourmandes-de-joce.fr\/wp-content\/uploads\/2026\/03\/20260303_202046-768x576.jpg 768w, http:\/\/recettes-gourmandes-de-joce.fr\/wp-content\/uploads\/2026\/03\/20260303_202046-750x563.jpg 750w\" sizes=\"auto, (max-width: 240px) 100vw, 240px\" \/> <img loading=\"lazy\" decoding=\"async\" class=\"alignnone wp-image-99524\" src=\"http:\/\/recettes-gourmandes-de-joce.fr\/wp-content\/uploads\/2026\/03\/20260303_202049.jpg\" alt=\"\" width=\"269\" height=\"180\" srcset=\"http:\/\/recettes-gourmandes-de-joce.fr\/wp-content\/uploads\/2026\/03\/20260303_202049.jpg 800w, http:\/\/recettes-gourmandes-de-joce.fr\/wp-content\/uploads\/2026\/03\/20260303_202049-768x514.jpg 768w, http:\/\/recettes-gourmandes-de-joce.fr\/wp-content\/uploads\/2026\/03\/20260303_202049-750x502.jpg 750w\" sizes=\"auto, (max-width: 269px) 100vw, 269px\" \/> <img loading=\"lazy\" decoding=\"async\" class=\"alignnone wp-image-99522\" src=\"http:\/\/recettes-gourmandes-de-joce.fr\/wp-content\/uploads\/2026\/03\/20260303_202041.jpg\" alt=\"\" width=\"222\" height=\"180\" srcset=\"http:\/\/recettes-gourmandes-de-joce.fr\/wp-content\/uploads\/2026\/03\/20260303_202041.jpg 800w, http:\/\/recettes-gourmandes-de-joce.fr\/wp-content\/uploads\/2026\/03\/20260303_202041-768x624.jpg 768w, http:\/\/recettes-gourmandes-de-joce.fr\/wp-content\/uploads\/2026\/03\/20260303_202041-750x609.jpg 750w\" sizes=\"auto, (max-width: 222px) 100vw, 222px\" \/><\/span><\/p>\n<p style=\"text-align: center;\"><span style=\"color: #993300;\"><a style=\"color: #993300;\" href=\"https:\/\/recettes-gourmandes-de-joce.fr\"><img loading=\"lazy\" decoding=\"async\" class=\"alignnone wp-image-37354 size-full\" src=\"http:\/\/recettes-gourmandes-de-joce.fr\/wp-content\/uploads\/2021\/06\/logitech-gaming-software-14112014-121223.jpg\" alt=\"\" width=\"640\" height=\"144\" srcset=\"http:\/\/recettes-gourmandes-de-joce.fr\/wp-content\/uploads\/2021\/06\/logitech-gaming-software-14112014-121223.jpg 640w, http:\/\/recettes-gourmandes-de-joce.fr\/wp-content\/uploads\/2021\/06\/logitech-gaming-software-14112014-121223-300x68.jpg 300w\" sizes=\"auto, (max-width: 640px) 100vw, 640px\" \/><\/a><\/span><\/p>\n","protected":false},"excerpt":{"rendered":"<p>Une de mes recettes \u00a0 Ingr\u00e9dients pour 6 personnes 6 saucisses de Toulouse 100 g de lardons fum\u00e9s 1 poign\u00e9e d&rsquo;oignons grelots 1 petit bouquet de persil plat 1 bonne c \u00e0 s de fond de veau 250 ml d&rsquo;eau chaude 1 morceau de beurre Piment D&rsquo;Espelette\u00a0 Huile d\u2019olive Sel et poivre Recette de la &hellip; <\/p>\n<p><a class=\"more-link btn\" href=\"http:\/\/recettes-gourmandes-de-joce.fr\/index.php\/index\/viandes\/saucisses-chipolatas-merguez-andouille-etc\/saucisses-de-toulouse-epicees-aux-oignons-grelots-lardons-fumes-au-jus\/\">Lire la suite<\/a><\/p>\n","protected":false},"author":2,"featured_media":99520,"parent":138,"menu_order":0,"comment_status":"open","ping_status":"closed","template":"","meta":{"footnotes":""},"class_list":["post-99516","page","type-page","status-publish","has-post-thumbnail","hentry","nodate","item-wrap"],"_links":{"self":[{"href":"http:\/\/recettes-gourmandes-de-joce.fr\/index.php\/wp-json\/wp\/v2\/pages\/99516","targetHints":{"allow":["GET"]}}],"collection":[{"href":"http:\/\/recettes-gourmandes-de-joce.fr\/index.php\/wp-json\/wp\/v2\/pages"}],"about":[{"href":"http:\/\/recettes-gourmandes-de-joce.fr\/index.php\/wp-json\/wp\/v2\/types\/page"}],"author":[{"embeddable":true,"href":"http:\/\/recettes-gourmandes-de-joce.fr\/index.php\/wp-json\/wp\/v2\/users\/2"}],"replies":[{"embeddable":true,"href":"http:\/\/recettes-gourmandes-de-joce.fr\/index.php\/wp-json\/wp\/v2\/comments?post=99516"}],"version-history":[{"count":1,"href":"http:\/\/recettes-gourmandes-de-joce.fr\/index.php\/wp-json\/wp\/v2\/pages\/99516\/revisions"}],"predecessor-version":[{"id":99532,"href":"http:\/\/recettes-gourmandes-de-joce.fr\/index.php\/wp-json\/wp\/v2\/pages\/99516\/revisions\/99532"}],"up":[{"embeddable":true,"href":"http:\/\/recettes-gourmandes-de-joce.fr\/index.php\/wp-json\/wp\/v2\/pages\/138"}],"wp:featuredmedia":[{"embeddable":true,"href":"http:\/\/recettes-gourmandes-de-joce.fr\/index.php\/wp-json\/wp\/v2\/media\/99520"}],"wp:attachment":[{"href":"http:\/\/recettes-gourmandes-de-joce.fr\/index.php\/wp-json\/wp\/v2\/media?parent=99516"}],"curies":[{"name":"wp","href":"https:\/\/api.w.org\/{rel}","templated":true}]}}