{"id":98414,"date":"2025-12-29T00:40:07","date_gmt":"2025-12-29T00:40:07","guid":{"rendered":"http:\/\/recettes-gourmandes-de-joce.fr\/?page_id=98414"},"modified":"2025-12-29T00:40:07","modified_gmt":"2025-12-29T00:40:07","slug":"macaronis-aux-merguez-et-aux-tomates","status":"publish","type":"page","link":"http:\/\/recettes-gourmandes-de-joce.fr\/index.php\/index\/legumes\/pates\/macaronis-aux-merguez-et-aux-tomates\/","title":{"rendered":"Macaronis aux merguez et aux tomates."},"content":{"rendered":"<p style=\"text-align: center;\"><span style=\"text-decoration: underline; color: #ff6600;\"><span style=\"font-size: 18pt; font-family: georgia, palatino, serif;\"><em>Une de mes recettes<\/em><\/span><\/span><\/p>\n<p style=\"text-align: center;\"><span style=\"color: #ff6600;\"><img loading=\"lazy\" decoding=\"async\" class=\"alignnone wp-image-98410\" src=\"http:\/\/recettes-gourmandes-de-joce.fr\/wp-content\/uploads\/2025\/12\/20251227_204454.jpg\" alt=\"\" width=\"240\" height=\"180\" srcset=\"http:\/\/recettes-gourmandes-de-joce.fr\/wp-content\/uploads\/2025\/12\/20251227_204454.jpg 800w, http:\/\/recettes-gourmandes-de-joce.fr\/wp-content\/uploads\/2025\/12\/20251227_204454-768x576.jpg 768w, http:\/\/recettes-gourmandes-de-joce.fr\/wp-content\/uploads\/2025\/12\/20251227_204454-750x563.jpg 750w\" sizes=\"auto, (max-width: 240px) 100vw, 240px\" \/> <img loading=\"lazy\" decoding=\"async\" class=\"alignnone wp-image-98409\" src=\"http:\/\/recettes-gourmandes-de-joce.fr\/wp-content\/uploads\/2025\/12\/20251227_204446.jpg\" alt=\"\" width=\"240\" height=\"180\" srcset=\"http:\/\/recettes-gourmandes-de-joce.fr\/wp-content\/uploads\/2025\/12\/20251227_204446.jpg 800w, http:\/\/recettes-gourmandes-de-joce.fr\/wp-content\/uploads\/2025\/12\/20251227_204446-768x576.jpg 768w, http:\/\/recettes-gourmandes-de-joce.fr\/wp-content\/uploads\/2025\/12\/20251227_204446-750x563.jpg 750w\" sizes=\"auto, (max-width: 240px) 100vw, 240px\" \/> <img loading=\"lazy\" decoding=\"async\" class=\"alignnone wp-image-98408\" src=\"http:\/\/recettes-gourmandes-de-joce.fr\/wp-content\/uploads\/2025\/12\/20251227_204444.jpg\" alt=\"\" width=\"222\" height=\"180\" srcset=\"http:\/\/recettes-gourmandes-de-joce.fr\/wp-content\/uploads\/2025\/12\/20251227_204444.jpg 800w, http:\/\/recettes-gourmandes-de-joce.fr\/wp-content\/uploads\/2025\/12\/20251227_204444-768x624.jpg 768w, http:\/\/recettes-gourmandes-de-joce.fr\/wp-content\/uploads\/2025\/12\/20251227_204444-750x609.jpg 750w\" sizes=\"auto, (max-width: 222px) 100vw, 222px\" \/><\/span><\/p>\n<p style=\"text-align: center;\"><span style=\"text-decoration: underline; color: #ff6600;\"><span style=\"font-size: 18pt; font-family: georgia, palatino, serif;\"><em>Ingr\u00e9dients pour 3 personnes<\/em><\/span><\/span><\/p>\n<p style=\"text-align: center;\"><span style=\"color: #ff6600;\"><img loading=\"lazy\" decoding=\"async\" class=\"alignnone wp-image-98412\" src=\"http:\/\/recettes-gourmandes-de-joce.fr\/wp-content\/uploads\/2025\/12\/20251227_200239.jpg\" alt=\"\" width=\"202\" height=\"200\" srcset=\"http:\/\/recettes-gourmandes-de-joce.fr\/wp-content\/uploads\/2025\/12\/20251227_200239.jpg 800w, http:\/\/recettes-gourmandes-de-joce.fr\/wp-content\/uploads\/2025\/12\/20251227_200239-768x759.jpg 768w, http:\/\/recettes-gourmandes-de-joce.fr\/wp-content\/uploads\/2025\/12\/20251227_200239-750x742.jpg 750w\" sizes=\"auto, (max-width: 202px) 100vw, 202px\" \/><\/span><\/p>\n<p style=\"text-align: center;\"><span style=\"font-family: georgia, palatino, serif; font-size: 14pt; color: #ff6600;\"><em>300 g de macaronis<\/em><\/span><\/p>\n<p style=\"text-align: center;\"><span style=\"font-family: georgia, palatino, serif; font-size: 14pt; color: #ff6600;\"><em>6 merguez <\/em><\/span><\/p>\n<p style=\"text-align: center;\"><span style=\"font-family: georgia, palatino, serif; font-size: 14pt; color: #ff6600;\"><em>3 tomates<\/em><\/span><\/p>\n<p style=\"text-align: center;\"><span style=\"font-family: georgia, palatino, serif; font-size: 14pt; color: #ff6600;\"><em> 1 gros oignon rouge \u00e0 d\u00e9faut jaune<\/em><\/span><\/p>\n<p style=\"text-align: center;\"><span style=\"font-family: georgia, palatino, serif; font-size: 14pt; color: #ff6600;\"><em> 1 petit bouquet de persil plat<\/em><\/span><\/p>\n<p style=\"text-align: center;\"><span style=\"font-family: georgia, palatino, serif; font-size: 14pt; color: #ff6600;\"><em> 1 kub&rsquo;or<\/em><\/span><\/p>\n<p style=\"text-align: center;\"><span style=\"font-family: georgia, palatino, serif; font-size: 14pt; color: #ff6600;\"><em>Huile d\u2019olive<\/em><\/span><\/p>\n<p style=\"text-align: center;\"><span style=\"font-family: georgia, palatino, serif; font-size: 14pt; color: #ff6600;\"><em>Sel et poivre <\/em><\/span><\/p>\n<p style=\"text-align: center;\"><span style=\"color: #ff6600;\"><img loading=\"lazy\" decoding=\"async\" class=\"alignnone wp-image-98413\" src=\"http:\/\/recettes-gourmandes-de-joce.fr\/wp-content\/uploads\/2025\/12\/20251227_200944.jpg\" alt=\"\" width=\"256\" height=\"170\" srcset=\"http:\/\/recettes-gourmandes-de-joce.fr\/wp-content\/uploads\/2025\/12\/20251227_200944.jpg 800w, http:\/\/recettes-gourmandes-de-joce.fr\/wp-content\/uploads\/2025\/12\/20251227_200944-768x511.jpg 768w, http:\/\/recettes-gourmandes-de-joce.fr\/wp-content\/uploads\/2025\/12\/20251227_200944-750x499.jpg 750w\" sizes=\"auto, (max-width: 256px) 100vw, 256px\" \/> <img loading=\"lazy\" decoding=\"async\" class=\"alignnone wp-image-46042\" src=\"http:\/\/recettes-gourmandes-de-joce.fr\/wp-content\/uploads\/2022\/08\/20210117_200039-300x225.jpg\" alt=\"\" width=\"227\" height=\"170\" srcset=\"http:\/\/recettes-gourmandes-de-joce.fr\/wp-content\/uploads\/2022\/08\/20210117_200039-300x225.jpg 300w, http:\/\/recettes-gourmandes-de-joce.fr\/wp-content\/uploads\/2022\/08\/20210117_200039-1024x768.jpg 1024w, http:\/\/recettes-gourmandes-de-joce.fr\/wp-content\/uploads\/2022\/08\/20210117_200039-768x576.jpg 768w, http:\/\/recettes-gourmandes-de-joce.fr\/wp-content\/uploads\/2022\/08\/20210117_200039-1536x1152.jpg 1536w, http:\/\/recettes-gourmandes-de-joce.fr\/wp-content\/uploads\/2022\/08\/20210117_200039-2048x1536.jpg 2048w, http:\/\/recettes-gourmandes-de-joce.fr\/wp-content\/uploads\/2022\/08\/20210117_200039-750x563.jpg 750w\" sizes=\"auto, (max-width: 227px) 100vw, 227px\" \/> <img loading=\"lazy\" decoding=\"async\" class=\"alignnone wp-image-98403\" src=\"http:\/\/recettes-gourmandes-de-joce.fr\/wp-content\/uploads\/2025\/12\/20251227_204154.jpg\" alt=\"\" width=\"217\" height=\"170\" srcset=\"http:\/\/recettes-gourmandes-de-joce.fr\/wp-content\/uploads\/2025\/12\/20251227_204154.jpg 800w, http:\/\/recettes-gourmandes-de-joce.fr\/wp-content\/uploads\/2025\/12\/20251227_204154-768x601.jpg 768w, http:\/\/recettes-gourmandes-de-joce.fr\/wp-content\/uploads\/2025\/12\/20251227_204154-750x587.jpg 750w\" sizes=\"auto, (max-width: 217px) 100vw, 217px\" \/><\/span><\/p>\n<p style=\"text-align: center;\"><span style=\"font-size: 14pt; font-family: georgia, palatino, serif; color: #ff6600;\"><em>Couper les merguez en morceaux, laver et couper les tomates en petits d\u00e9s, peler et \u00e9mincer l&rsquo;oignon, laver et ciseler le persil. Mettre une marmite d&rsquo;eau sal\u00e9e \u00e0 chauffer avec le kub&rsquo;or, \u00e0 l&rsquo;\u00e9bullition ajouter les macaronis et les cuire selon les indications du paquet et vos go\u00fbts.<\/em><\/span><\/p>\n<p style=\"text-align: center;\"><span style=\"font-size: 14pt; font-family: georgia, palatino, serif; color: #ff6600;\"><em><img loading=\"lazy\" decoding=\"async\" class=\"alignnone wp-image-98397\" src=\"http:\/\/recettes-gourmandes-de-joce.fr\/wp-content\/uploads\/2025\/12\/20251227_200947.jpg\" alt=\"\" width=\"227\" height=\"170\" srcset=\"http:\/\/recettes-gourmandes-de-joce.fr\/wp-content\/uploads\/2025\/12\/20251227_200947.jpg 800w, http:\/\/recettes-gourmandes-de-joce.fr\/wp-content\/uploads\/2025\/12\/20251227_200947-768x576.jpg 768w, http:\/\/recettes-gourmandes-de-joce.fr\/wp-content\/uploads\/2025\/12\/20251227_200947-750x563.jpg 750w\" sizes=\"auto, (max-width: 227px) 100vw, 227px\" \/> <img loading=\"lazy\" decoding=\"async\" class=\"alignnone wp-image-98398\" src=\"http:\/\/recettes-gourmandes-de-joce.fr\/wp-content\/uploads\/2025\/12\/20251227_201104.jpg\" alt=\"\" width=\"227\" height=\"170\" srcset=\"http:\/\/recettes-gourmandes-de-joce.fr\/wp-content\/uploads\/2025\/12\/20251227_201104.jpg 800w, http:\/\/recettes-gourmandes-de-joce.fr\/wp-content\/uploads\/2025\/12\/20251227_201104-768x576.jpg 768w, http:\/\/recettes-gourmandes-de-joce.fr\/wp-content\/uploads\/2025\/12\/20251227_201104-750x563.jpg 750w\" sizes=\"auto, (max-width: 227px) 100vw, 227px\" \/> <img loading=\"lazy\" decoding=\"async\" class=\"alignnone wp-image-98399\" src=\"http:\/\/recettes-gourmandes-de-joce.fr\/wp-content\/uploads\/2025\/12\/20251227_201242.jpg\" alt=\"\" width=\"227\" height=\"170\" srcset=\"http:\/\/recettes-gourmandes-de-joce.fr\/wp-content\/uploads\/2025\/12\/20251227_201242.jpg 800w, http:\/\/recettes-gourmandes-de-joce.fr\/wp-content\/uploads\/2025\/12\/20251227_201242-768x575.jpg 768w, http:\/\/recettes-gourmandes-de-joce.fr\/wp-content\/uploads\/2025\/12\/20251227_201242-750x562.jpg 750w\" sizes=\"auto, (max-width: 227px) 100vw, 227px\" \/><\/em><\/span><\/p>\n<p style=\"text-align: center;\"><span style=\"font-size: 14pt; font-family: georgia, palatino, serif; color: #ff6600;\"><em>Pendant ce temps mettre un filet d&rsquo;huile d&rsquo;olive dans une po\u00eale et y faire suer les oignons, ajouter ensuite les morceaux de merguez.<\/em><\/span><\/p>\n<p style=\"text-align: center;\"><span style=\"font-size: 14pt; font-family: georgia, palatino, serif; color: #ff6600;\"><em><img loading=\"lazy\" decoding=\"async\" class=\"alignnone wp-image-98400\" src=\"http:\/\/recettes-gourmandes-de-joce.fr\/wp-content\/uploads\/2025\/12\/20251227_201318.jpg\" alt=\"\" width=\"227\" height=\"170\" srcset=\"http:\/\/recettes-gourmandes-de-joce.fr\/wp-content\/uploads\/2025\/12\/20251227_201318.jpg 800w, http:\/\/recettes-gourmandes-de-joce.fr\/wp-content\/uploads\/2025\/12\/20251227_201318-768x576.jpg 768w, http:\/\/recettes-gourmandes-de-joce.fr\/wp-content\/uploads\/2025\/12\/20251227_201318-750x563.jpg 750w\" sizes=\"auto, (max-width: 227px) 100vw, 227px\" \/> <img loading=\"lazy\" decoding=\"async\" class=\"alignnone wp-image-98401\" src=\"http:\/\/recettes-gourmandes-de-joce.fr\/wp-content\/uploads\/2025\/12\/20251227_201351.jpg\" alt=\"\" width=\"227\" height=\"170\" srcset=\"http:\/\/recettes-gourmandes-de-joce.fr\/wp-content\/uploads\/2025\/12\/20251227_201351.jpg 800w, http:\/\/recettes-gourmandes-de-joce.fr\/wp-content\/uploads\/2025\/12\/20251227_201351-768x576.jpg 768w, http:\/\/recettes-gourmandes-de-joce.fr\/wp-content\/uploads\/2025\/12\/20251227_201351-750x563.jpg 750w\" sizes=\"auto, (max-width: 227px) 100vw, 227px\" \/> <img loading=\"lazy\" decoding=\"async\" class=\"alignnone wp-image-98402\" src=\"http:\/\/recettes-gourmandes-de-joce.fr\/wp-content\/uploads\/2025\/12\/20251227_201547.jpg\" alt=\"\" width=\"227\" height=\"170\" srcset=\"http:\/\/recettes-gourmandes-de-joce.fr\/wp-content\/uploads\/2025\/12\/20251227_201547.jpg 800w, http:\/\/recettes-gourmandes-de-joce.fr\/wp-content\/uploads\/2025\/12\/20251227_201547-768x576.jpg 768w, http:\/\/recettes-gourmandes-de-joce.fr\/wp-content\/uploads\/2025\/12\/20251227_201547-750x563.jpg 750w\" sizes=\"auto, (max-width: 227px) 100vw, 227px\" \/><\/em><\/span><\/p>\n<p style=\"text-align: center;\"><span style=\"font-size: 14pt; font-family: georgia, palatino, serif; color: #ff6600;\"><em>Laisser suer quelques instants puis ajouter les tomates, saler et poivrer, m\u00e9langer et laisser cuire en remuant r\u00e9guli\u00e8rement, surveiller la cuisson des p\u00e2tes. Lorsque les merguez sont cuites, ajouter le persil et m\u00e9langer.<\/em><\/span><\/p>\n<p style=\"text-align: center;\"><span style=\"font-size: 14pt; font-family: georgia, palatino, serif; color: #ff6600;\"><em><img loading=\"lazy\" decoding=\"async\" class=\"alignnone wp-image-37586\" src=\"http:\/\/recettes-gourmandes-de-joce.fr\/wp-content\/uploads\/2021\/07\/20210117_200906-300x225.jpg\" alt=\"\" width=\"227\" height=\"170\" srcset=\"http:\/\/recettes-gourmandes-de-joce.fr\/wp-content\/uploads\/2021\/07\/20210117_200906-300x225.jpg 300w, http:\/\/recettes-gourmandes-de-joce.fr\/wp-content\/uploads\/2021\/07\/20210117_200906-768x576.jpg 768w, http:\/\/recettes-gourmandes-de-joce.fr\/wp-content\/uploads\/2021\/07\/20210117_200906-750x563.jpg 750w, http:\/\/recettes-gourmandes-de-joce.fr\/wp-content\/uploads\/2021\/07\/20210117_200906.jpg 800w\" sizes=\"auto, (max-width: 227px) 100vw, 227px\" \/> <img loading=\"lazy\" decoding=\"async\" class=\"alignnone wp-image-98404\" src=\"http:\/\/recettes-gourmandes-de-joce.fr\/wp-content\/uploads\/2025\/12\/20251227_204257.jpg\" alt=\"\" width=\"232\" height=\"170\" srcset=\"http:\/\/recettes-gourmandes-de-joce.fr\/wp-content\/uploads\/2025\/12\/20251227_204257.jpg 800w, http:\/\/recettes-gourmandes-de-joce.fr\/wp-content\/uploads\/2025\/12\/20251227_204257-768x563.jpg 768w, http:\/\/recettes-gourmandes-de-joce.fr\/wp-content\/uploads\/2025\/12\/20251227_204257-750x549.jpg 750w\" sizes=\"auto, (max-width: 232px) 100vw, 232px\" \/><\/em><\/span><\/p>\n<p style=\"text-align: center;\"><span style=\"font-family: georgia, palatino, serif; color: #ff6600;\"><em><span style=\"font-size: 14pt;\">\u00c9goutter les p\u00e2tes d\u00e8s qu&rsquo;elles sont cuites et les ajouter dans la po\u00eale, m\u00e9langer et servir sans attendre.<\/span><\/em><\/span><\/p>\n<p style=\"text-align: center;\"><span style=\"font-family: georgia, palatino, serif; color: #ff6600;\"><em><span style=\"font-size: 14pt;\">Bon app\u00e9tit!<\/span><\/em><\/span><\/p>\n<p style=\"text-align: center;\"><span style=\"color: #ff6600;\"><img loading=\"lazy\" decoding=\"async\" class=\"alignnone wp-image-98405\" src=\"http:\/\/recettes-gourmandes-de-joce.fr\/wp-content\/uploads\/2025\/12\/20251227_204434.jpg\" alt=\"\" width=\"240\" height=\"180\" srcset=\"http:\/\/recettes-gourmandes-de-joce.fr\/wp-content\/uploads\/2025\/12\/20251227_204434.jpg 800w, http:\/\/recettes-gourmandes-de-joce.fr\/wp-content\/uploads\/2025\/12\/20251227_204434-768x576.jpg 768w, http:\/\/recettes-gourmandes-de-joce.fr\/wp-content\/uploads\/2025\/12\/20251227_204434-750x563.jpg 750w\" sizes=\"auto, (max-width: 240px) 100vw, 240px\" \/> <img loading=\"lazy\" decoding=\"async\" class=\"alignnone wp-image-98407\" src=\"http:\/\/recettes-gourmandes-de-joce.fr\/wp-content\/uploads\/2025\/12\/20251227_204441.jpg\" alt=\"\" width=\"214\" height=\"180\" srcset=\"http:\/\/recettes-gourmandes-de-joce.fr\/wp-content\/uploads\/2025\/12\/20251227_204441.jpg 800w, http:\/\/recettes-gourmandes-de-joce.fr\/wp-content\/uploads\/2025\/12\/20251227_204441-768x645.jpg 768w, http:\/\/recettes-gourmandes-de-joce.fr\/wp-content\/uploads\/2025\/12\/20251227_204441-750x630.jpg 750w\" sizes=\"auto, (max-width: 214px) 100vw, 214px\" \/> <img loading=\"lazy\" decoding=\"async\" class=\"alignnone wp-image-98406\" src=\"http:\/\/recettes-gourmandes-de-joce.fr\/wp-content\/uploads\/2025\/12\/20251227_204436.jpg\" alt=\"\" width=\"264\" height=\"180\" srcset=\"http:\/\/recettes-gourmandes-de-joce.fr\/wp-content\/uploads\/2025\/12\/20251227_204436.jpg 800w, http:\/\/recettes-gourmandes-de-joce.fr\/wp-content\/uploads\/2025\/12\/20251227_204436-768x523.jpg 768w, http:\/\/recettes-gourmandes-de-joce.fr\/wp-content\/uploads\/2025\/12\/20251227_204436-750x511.jpg 750w\" sizes=\"auto, (max-width: 264px) 100vw, 264px\" \/><\/span><\/p>\n<p style=\"text-align: center;\"><span style=\"color: #ff6600;\"><a style=\"color: #ff6600;\" href=\"https:\/\/recettes-gourmandes-de-joce.fr\"><img loading=\"lazy\" decoding=\"async\" class=\"alignnone wp-image-37354 size-full\" src=\"http:\/\/recettes-gourmandes-de-joce.fr\/wp-content\/uploads\/2021\/06\/logitech-gaming-software-14112014-121223.jpg\" alt=\"\" width=\"640\" height=\"144\" srcset=\"http:\/\/recettes-gourmandes-de-joce.fr\/wp-content\/uploads\/2021\/06\/logitech-gaming-software-14112014-121223.jpg 640w, http:\/\/recettes-gourmandes-de-joce.fr\/wp-content\/uploads\/2021\/06\/logitech-gaming-software-14112014-121223-300x68.jpg 300w\" sizes=\"auto, (max-width: 640px) 100vw, 640px\" \/><\/a><\/span><\/p>\n","protected":false},"excerpt":{"rendered":"<p>Une de mes recettes Ingr\u00e9dients pour 3 personnes 300 g de macaronis 6 merguez 3 tomates 1 gros oignon rouge \u00e0 d\u00e9faut jaune 1 petit bouquet de persil plat 1 kub&rsquo;or Huile d\u2019olive Sel et poivre Couper les merguez en morceaux, laver et couper les tomates en petits d\u00e9s, peler et \u00e9mincer l&rsquo;oignon, laver et &hellip; <\/p>\n<p><a class=\"more-link btn\" href=\"http:\/\/recettes-gourmandes-de-joce.fr\/index.php\/index\/legumes\/pates\/macaronis-aux-merguez-et-aux-tomates\/\">Lire la suite<\/a><\/p>\n","protected":false},"author":2,"featured_media":98415,"parent":160,"menu_order":0,"comment_status":"open","ping_status":"closed","template":"","meta":{"footnotes":""},"class_list":["post-98414","page","type-page","status-publish","has-post-thumbnail","hentry","nodate","item-wrap"],"_links":{"self":[{"href":"http:\/\/recettes-gourmandes-de-joce.fr\/index.php\/wp-json\/wp\/v2\/pages\/98414","targetHints":{"allow":["GET"]}}],"collection":[{"href":"http:\/\/recettes-gourmandes-de-joce.fr\/index.php\/wp-json\/wp\/v2\/pages"}],"about":[{"href":"http:\/\/recettes-gourmandes-de-joce.fr\/index.php\/wp-json\/wp\/v2\/types\/page"}],"author":[{"embeddable":true,"href":"http:\/\/recettes-gourmandes-de-joce.fr\/index.php\/wp-json\/wp\/v2\/users\/2"}],"replies":[{"embeddable":true,"href":"http:\/\/recettes-gourmandes-de-joce.fr\/index.php\/wp-json\/wp\/v2\/comments?post=98414"}],"version-history":[{"count":1,"href":"http:\/\/recettes-gourmandes-de-joce.fr\/index.php\/wp-json\/wp\/v2\/pages\/98414\/revisions"}],"predecessor-version":[{"id":98416,"href":"http:\/\/recettes-gourmandes-de-joce.fr\/index.php\/wp-json\/wp\/v2\/pages\/98414\/revisions\/98416"}],"up":[{"embeddable":true,"href":"http:\/\/recettes-gourmandes-de-joce.fr\/index.php\/wp-json\/wp\/v2\/pages\/160"}],"wp:featuredmedia":[{"embeddable":true,"href":"http:\/\/recettes-gourmandes-de-joce.fr\/index.php\/wp-json\/wp\/v2\/media\/98415"}],"wp:attachment":[{"href":"http:\/\/recettes-gourmandes-de-joce.fr\/index.php\/wp-json\/wp\/v2\/media?parent=98414"}],"curies":[{"name":"wp","href":"https:\/\/api.w.org\/{rel}","templated":true}]}}