{"id":98048,"date":"2025-12-03T15:20:41","date_gmt":"2025-12-03T15:20:41","guid":{"rendered":"http:\/\/recettes-gourmandes-de-joce.fr\/?page_id=98048"},"modified":"2025-12-03T15:21:37","modified_gmt":"2025-12-03T15:21:37","slug":"poitrine-de-porc-fraiche-rotie-au-four-au-paprika-fume-tomates-poivrons","status":"publish","type":"page","link":"http:\/\/recettes-gourmandes-de-joce.fr\/index.php\/index\/viandes\/porc\/poitrine-de-porc-fraiche-rotie-au-four-au-paprika-fume-tomates-poivrons\/","title":{"rendered":"Poitrine de porc fra\u00eeche r\u00f4tie au four au paprika fum\u00e9, tomates, poivrons&#8230;&#8230;"},"content":{"rendered":"<p style=\"text-align: center;\"><span style=\"text-decoration: underline; color: #993300;\"><span style=\"font-size: 18pt; font-family: georgia, palatino, serif;\"><em>Une de mes recettes<\/em><\/span><\/span><\/p>\n<p style=\"text-align: center;\"><span style=\"color: #993300;\"><img loading=\"lazy\" decoding=\"async\" class=\"alignnone wp-image-98023\" src=\"http:\/\/recettes-gourmandes-de-joce.fr\/wp-content\/uploads\/2025\/12\/20251202_154551.jpg\" alt=\"\" width=\"240\" height=\"180\" srcset=\"http:\/\/recettes-gourmandes-de-joce.fr\/wp-content\/uploads\/2025\/12\/20251202_154551.jpg 800w, http:\/\/recettes-gourmandes-de-joce.fr\/wp-content\/uploads\/2025\/12\/20251202_154551-768x576.jpg 768w, http:\/\/recettes-gourmandes-de-joce.fr\/wp-content\/uploads\/2025\/12\/20251202_154551-750x563.jpg 750w\" sizes=\"auto, (max-width: 240px) 100vw, 240px\" \/> <img loading=\"lazy\" decoding=\"async\" class=\"alignnone wp-image-98033\" src=\"http:\/\/recettes-gourmandes-de-joce.fr\/wp-content\/uploads\/2025\/12\/20251202_154546.jpg\" alt=\"\" width=\"254\" height=\"180\" srcset=\"http:\/\/recettes-gourmandes-de-joce.fr\/wp-content\/uploads\/2025\/12\/20251202_154546.jpg 800w, http:\/\/recettes-gourmandes-de-joce.fr\/wp-content\/uploads\/2025\/12\/20251202_154546-768x543.jpg 768w, http:\/\/recettes-gourmandes-de-joce.fr\/wp-content\/uploads\/2025\/12\/20251202_154546-750x531.jpg 750w\" sizes=\"auto, (max-width: 254px) 100vw, 254px\" \/> <img loading=\"lazy\" decoding=\"async\" class=\"alignnone wp-image-98024\" src=\"http:\/\/recettes-gourmandes-de-joce.fr\/wp-content\/uploads\/2025\/12\/20251202_154553.jpg\" alt=\"\" width=\"240\" height=\"180\" srcset=\"http:\/\/recettes-gourmandes-de-joce.fr\/wp-content\/uploads\/2025\/12\/20251202_154553.jpg 800w, http:\/\/recettes-gourmandes-de-joce.fr\/wp-content\/uploads\/2025\/12\/20251202_154553-768x576.jpg 768w, http:\/\/recettes-gourmandes-de-joce.fr\/wp-content\/uploads\/2025\/12\/20251202_154553-750x563.jpg 750w\" sizes=\"auto, (max-width: 240px) 100vw, 240px\" \/><\/span><\/p>\n<p style=\"text-align: center;\"><span style=\"text-decoration: underline; color: #993300;\"><span style=\"font-size: 18pt; font-family: georgia, palatino, serif;\"><em>Ingr\u00e9dients pour 6 personnes environ<\/em><\/span><\/span><\/p>\n<p style=\"text-align: center;\"><img loading=\"lazy\" decoding=\"async\" class=\"alignnone wp-image-98026\" src=\"http:\/\/recettes-gourmandes-de-joce.fr\/wp-content\/uploads\/2025\/12\/20251202_135556.jpg\" alt=\"\" width=\"212\" height=\"200\" srcset=\"http:\/\/recettes-gourmandes-de-joce.fr\/wp-content\/uploads\/2025\/12\/20251202_135556.jpg 800w, http:\/\/recettes-gourmandes-de-joce.fr\/wp-content\/uploads\/2025\/12\/20251202_135556-768x723.jpg 768w, http:\/\/recettes-gourmandes-de-joce.fr\/wp-content\/uploads\/2025\/12\/20251202_135556-750x706.jpg 750w\" sizes=\"auto, (max-width: 212px) 100vw, 212px\" \/> <img loading=\"lazy\" decoding=\"async\" class=\"alignnone wp-image-98049\" src=\"http:\/\/recettes-gourmandes-de-joce.fr\/wp-content\/uploads\/2025\/12\/90fdc446-b6ba-4f35-8ba4-9f3ce5f64219.jpg\" alt=\"\" width=\"262\" height=\"200\" srcset=\"http:\/\/recettes-gourmandes-de-joce.fr\/wp-content\/uploads\/2025\/12\/90fdc446-b6ba-4f35-8ba4-9f3ce5f64219.jpg 800w, http:\/\/recettes-gourmandes-de-joce.fr\/wp-content\/uploads\/2025\/12\/90fdc446-b6ba-4f35-8ba4-9f3ce5f64219-768x586.jpg 768w, http:\/\/recettes-gourmandes-de-joce.fr\/wp-content\/uploads\/2025\/12\/90fdc446-b6ba-4f35-8ba4-9f3ce5f64219-750x572.jpg 750w\" sizes=\"auto, (max-width: 262px) 100vw, 262px\" \/><\/p>\n<p style=\"text-align: center;\"><span style=\"font-family: georgia, palatino, serif; font-size: 14pt; color: #993300;\"><em>1 kg 500 de poitrine de porc fra\u00eeche (achet\u00e9e enti\u00e8re comme sur cette photo \u2191)<\/em><\/span><\/p>\n<p style=\"text-align: center;\"><span style=\"font-family: georgia, palatino, serif; font-size: 14pt; color: #993300;\"><em>4 tomates <\/em><\/span><\/p>\n<p style=\"text-align: center;\"><span style=\"font-family: georgia, palatino, serif; font-size: 14pt; color: #993300;\"><em>2 poivrons (j&rsquo;ai mis 2 longs verts et 4 mini jaunes et oranges)<\/em><\/span><\/p>\n<p style=\"text-align: center;\"><span style=\"font-family: georgia, palatino, serif; font-size: 14pt; color: #993300;\"><em> 2 oignons <\/em><\/span><\/p>\n<p style=\"text-align: center;\"><span style=\"font-family: georgia, palatino, serif; font-size: 14pt; color: #993300;\"><em>6 gousses d&rsquo;ail<\/em><\/span><\/p>\n<p style=\"text-align: center;\"><span style=\"font-family: georgia, palatino, serif; font-size: 14pt; color: #993300;\"><em> 3 c \u00e0 s de persillade d\u00e9tails sur ce lien -&gt; <a href=\"https:\/\/www.epicetoo.fr\/produit\/persillade-epice\/\">\u00c9pic\u00e9too <\/a><\/em><\/span><\/p>\n<p style=\"text-align: center;\"><span style=\"font-family: georgia, palatino, serif; font-size: 14pt; color: #993300;\"><em>3 c \u00e0 s rases de paprika fum\u00e9 d\u00e9tails sur ce lien -&gt; <a href=\"https:\/\/www.epicetoo.fr\/produit\/paprika-fume\/\">\u00c9pic\u00e9too <\/a><\/em><\/span><\/p>\n<p style=\"text-align: center;\"><span style=\"font-family: georgia, palatino, serif; font-size: 14pt; color: #993300;\"><em>1 cube de bouillon de volaille<\/em><\/span><\/p>\n<p style=\"text-align: center;\"><span style=\"font-family: georgia, palatino, serif; font-size: 14pt; color: #993300;\"><em>Huile d\u2019olive<\/em><\/span><\/p>\n<p style=\"text-align: center;\"><span style=\"font-family: georgia, palatino, serif; font-size: 14pt; color: #993300;\"><em>Sel et poivre <\/em><\/span><\/p>\n<p style=\"text-align: center;\"><img loading=\"lazy\" decoding=\"async\" class=\"alignnone wp-image-98027\" src=\"http:\/\/recettes-gourmandes-de-joce.fr\/wp-content\/uploads\/2025\/12\/20251202_140858.jpg\" alt=\"\" width=\"327\" height=\"170\" srcset=\"http:\/\/recettes-gourmandes-de-joce.fr\/wp-content\/uploads\/2025\/12\/20251202_140858.jpg 800w, http:\/\/recettes-gourmandes-de-joce.fr\/wp-content\/uploads\/2025\/12\/20251202_140858-768x399.jpg 768w, http:\/\/recettes-gourmandes-de-joce.fr\/wp-content\/uploads\/2025\/12\/20251202_140858-750x390.jpg 750w\" sizes=\"auto, (max-width: 327px) 100vw, 327px\" \/> <img loading=\"lazy\" decoding=\"async\" class=\"alignnone wp-image-98018\" src=\"http:\/\/recettes-gourmandes-de-joce.fr\/wp-content\/uploads\/2025\/12\/20251202_141601.jpg\" alt=\"\" width=\"226\" height=\"170\" srcset=\"http:\/\/recettes-gourmandes-de-joce.fr\/wp-content\/uploads\/2025\/12\/20251202_141601.jpg 800w, http:\/\/recettes-gourmandes-de-joce.fr\/wp-content\/uploads\/2025\/12\/20251202_141601-768x577.jpg 768w, http:\/\/recettes-gourmandes-de-joce.fr\/wp-content\/uploads\/2025\/12\/20251202_141601-750x563.jpg 750w\" sizes=\"auto, (max-width: 226px) 100vw, 226px\" \/><\/p>\n<p style=\"text-align: center;\"><span style=\"font-size: 14pt; font-family: georgia, palatino, serif; color: #993300;\"><em>Laver les l\u00e9gumes, couper les poivrons et les tomates en morceaux, peler et \u00e9mincer les oignons et les gousses d&rsquo;ail d\u00e9germ\u00e9es. Dissoudre le cube de bouillon de volaille dans 250 ml d&rsquo;eau chaude.<\/em><\/span><\/p>\n<p style=\"text-align: center;\"><span style=\"font-size: 14pt; font-family: georgia, palatino, serif; color: #993300;\"><em> <img loading=\"lazy\" decoding=\"async\" class=\"alignnone wp-image-98028\" src=\"http:\/\/recettes-gourmandes-de-joce.fr\/wp-content\/uploads\/2025\/12\/20251202_140902.jpg\" alt=\"\" width=\"227\" height=\"170\" srcset=\"http:\/\/recettes-gourmandes-de-joce.fr\/wp-content\/uploads\/2025\/12\/20251202_140902.jpg 800w, http:\/\/recettes-gourmandes-de-joce.fr\/wp-content\/uploads\/2025\/12\/20251202_140902-768x576.jpg 768w, http:\/\/recettes-gourmandes-de-joce.fr\/wp-content\/uploads\/2025\/12\/20251202_140902-750x563.jpg 750w\" sizes=\"auto, (max-width: 227px) 100vw, 227px\" \/> <img loading=\"lazy\" decoding=\"async\" class=\"alignnone wp-image-98029\" src=\"http:\/\/recettes-gourmandes-de-joce.fr\/wp-content\/uploads\/2025\/12\/20251202_141011.jpg\" alt=\"\" width=\"227\" height=\"170\" srcset=\"http:\/\/recettes-gourmandes-de-joce.fr\/wp-content\/uploads\/2025\/12\/20251202_141011.jpg 800w, http:\/\/recettes-gourmandes-de-joce.fr\/wp-content\/uploads\/2025\/12\/20251202_141011-768x576.jpg 768w, http:\/\/recettes-gourmandes-de-joce.fr\/wp-content\/uploads\/2025\/12\/20251202_141011-750x563.jpg 750w\" sizes=\"auto, (max-width: 227px) 100vw, 227px\" \/> <img loading=\"lazy\" decoding=\"async\" class=\"alignnone wp-image-98030\" src=\"http:\/\/recettes-gourmandes-de-joce.fr\/wp-content\/uploads\/2025\/12\/20251202_141105.jpg\" alt=\"\" width=\"227\" height=\"170\" srcset=\"http:\/\/recettes-gourmandes-de-joce.fr\/wp-content\/uploads\/2025\/12\/20251202_141105.jpg 800w, http:\/\/recettes-gourmandes-de-joce.fr\/wp-content\/uploads\/2025\/12\/20251202_141105-768x576.jpg 768w, http:\/\/recettes-gourmandes-de-joce.fr\/wp-content\/uploads\/2025\/12\/20251202_141105-750x563.jpg 750w\" sizes=\"auto, (max-width: 227px) 100vw, 227px\" \/><\/em><\/span><\/p>\n<p style=\"text-align: center;\"><span style=\"font-size: 14pt; font-family: georgia, palatino, serif; color: #993300;\"><em>Couper la poitrine en tranches \u00e9paisses et les d\u00e9poser dans un plat allant au four. R\u00e9partir autour l&rsquo;ail et l&rsquo;oignon et les poivrons.<\/em><\/span><\/p>\n<p style=\"text-align: center;\"><span style=\"font-size: 14pt; font-family: georgia, palatino, serif; color: #993300;\"><em>\u00a0<img loading=\"lazy\" decoding=\"async\" class=\"alignnone wp-image-98031\" src=\"http:\/\/recettes-gourmandes-de-joce.fr\/wp-content\/uploads\/2025\/12\/20251202_141157.jpg\" alt=\"\" width=\"214\" height=\"170\" srcset=\"http:\/\/recettes-gourmandes-de-joce.fr\/wp-content\/uploads\/2025\/12\/20251202_141157.jpg 800w, http:\/\/recettes-gourmandes-de-joce.fr\/wp-content\/uploads\/2025\/12\/20251202_141157-768x611.jpg 768w, http:\/\/recettes-gourmandes-de-joce.fr\/wp-content\/uploads\/2025\/12\/20251202_141157-750x596.jpg 750w\" sizes=\"auto, (max-width: 214px) 100vw, 214px\" \/> <img loading=\"lazy\" decoding=\"async\" class=\"alignnone wp-image-98032\" src=\"http:\/\/recettes-gourmandes-de-joce.fr\/wp-content\/uploads\/2025\/12\/20251202_141247.jpg\" alt=\"\" width=\"227\" height=\"170\" srcset=\"http:\/\/recettes-gourmandes-de-joce.fr\/wp-content\/uploads\/2025\/12\/20251202_141247.jpg 800w, http:\/\/recettes-gourmandes-de-joce.fr\/wp-content\/uploads\/2025\/12\/20251202_141247-768x576.jpg 768w, http:\/\/recettes-gourmandes-de-joce.fr\/wp-content\/uploads\/2025\/12\/20251202_141247-750x563.jpg 750w\" sizes=\"auto, (max-width: 227px) 100vw, 227px\" \/> <img loading=\"lazy\" decoding=\"async\" class=\"alignnone wp-image-98015\" src=\"http:\/\/recettes-gourmandes-de-joce.fr\/wp-content\/uploads\/2025\/12\/20251202_141337.jpg\" alt=\"\" width=\"227\" height=\"170\" srcset=\"http:\/\/recettes-gourmandes-de-joce.fr\/wp-content\/uploads\/2025\/12\/20251202_141337.jpg 800w, http:\/\/recettes-gourmandes-de-joce.fr\/wp-content\/uploads\/2025\/12\/20251202_141337-768x576.jpg 768w, http:\/\/recettes-gourmandes-de-joce.fr\/wp-content\/uploads\/2025\/12\/20251202_141337-750x563.jpg 750w\" sizes=\"auto, (max-width: 227px) 100vw, 227px\" \/><\/em><\/span><\/p>\n<p style=\"text-align: center;\"><span style=\"font-size: 14pt; font-family: georgia, palatino, serif; color: #993300;\"><em>Ajouter ensuite les tomates. Saler et poivrer, r\u00e9partir le paprika fum\u00e9.<\/em><\/span><\/p>\n<p style=\"text-align: center;\"><span style=\"font-size: 14pt; font-family: georgia, palatino, serif; color: #993300;\"><em><img loading=\"lazy\" decoding=\"async\" class=\"alignnone wp-image-98016\" src=\"http:\/\/recettes-gourmandes-de-joce.fr\/wp-content\/uploads\/2025\/12\/20251202_141402.jpg\" alt=\"\" width=\"227\" height=\"170\" srcset=\"http:\/\/recettes-gourmandes-de-joce.fr\/wp-content\/uploads\/2025\/12\/20251202_141402.jpg 800w, http:\/\/recettes-gourmandes-de-joce.fr\/wp-content\/uploads\/2025\/12\/20251202_141402-768x576.jpg 768w, http:\/\/recettes-gourmandes-de-joce.fr\/wp-content\/uploads\/2025\/12\/20251202_141402-750x563.jpg 750w\" sizes=\"auto, (max-width: 227px) 100vw, 227px\" \/>\u00a0<img loading=\"lazy\" decoding=\"async\" class=\"alignnone wp-image-98019\" src=\"http:\/\/recettes-gourmandes-de-joce.fr\/wp-content\/uploads\/2025\/12\/20251202_141648.jpg\" alt=\"\" width=\"227\" height=\"170\" srcset=\"http:\/\/recettes-gourmandes-de-joce.fr\/wp-content\/uploads\/2025\/12\/20251202_141648.jpg 800w, http:\/\/recettes-gourmandes-de-joce.fr\/wp-content\/uploads\/2025\/12\/20251202_141648-768x576.jpg 768w, http:\/\/recettes-gourmandes-de-joce.fr\/wp-content\/uploads\/2025\/12\/20251202_141648-750x563.jpg 750w\" sizes=\"auto, (max-width: 227px) 100vw, 227px\" \/>\u00a0<img loading=\"lazy\" decoding=\"async\" class=\"alignnone wp-image-98020\" src=\"http:\/\/recettes-gourmandes-de-joce.fr\/wp-content\/uploads\/2025\/12\/20251202_141701.jpg\" alt=\"\" width=\"245\" height=\"170\" srcset=\"http:\/\/recettes-gourmandes-de-joce.fr\/wp-content\/uploads\/2025\/12\/20251202_141701.jpg 800w, http:\/\/recettes-gourmandes-de-joce.fr\/wp-content\/uploads\/2025\/12\/20251202_141701-768x534.jpg 768w, http:\/\/recettes-gourmandes-de-joce.fr\/wp-content\/uploads\/2025\/12\/20251202_141701-750x521.jpg 750w\" sizes=\"auto, (max-width: 245px) 100vw, 245px\" \/><\/em><\/span><\/p>\n<p style=\"text-align: center;\"><span style=\"font-size: 14pt; font-family: georgia, palatino, serif; color: #993300;\"><em>R\u00e9partir la persillade et un filet d&rsquo;huile d&rsquo;olive. Ajouter le bouillon de volaille en le versant sur un c\u00f4t\u00e9.<\/em><\/span><\/p>\n<p style=\"text-align: center;\"><img loading=\"lazy\" decoding=\"async\" class=\"alignnone wp-image-98017\" src=\"http:\/\/recettes-gourmandes-de-joce.fr\/wp-content\/uploads\/2025\/12\/20251202_141435.jpg\" alt=\"\" width=\"227\" height=\"170\" srcset=\"http:\/\/recettes-gourmandes-de-joce.fr\/wp-content\/uploads\/2025\/12\/20251202_141435.jpg 800w, http:\/\/recettes-gourmandes-de-joce.fr\/wp-content\/uploads\/2025\/12\/20251202_141435-768x576.jpg 768w, http:\/\/recettes-gourmandes-de-joce.fr\/wp-content\/uploads\/2025\/12\/20251202_141435-750x563.jpg 750w\" sizes=\"auto, (max-width: 227px) 100vw, 227px\" \/><\/p>\n<p style=\"text-align: center;\"><span style=\"font-family: georgia, palatino, serif; color: #993300;\"><em><span style=\"font-size: 14pt;\">Enfourner \u00e0 220\u00b0 pendant 45 minutes puis redescendre la T\u00b0 du four \u00e0 200\u00b0 pendant encore 30 minutes selon les fours et la grosseur des morceaux, surveiller la cuisson et la coloration. J&rsquo;ai servi ce plat avec du riz long.<\/span><\/em><\/span><\/p>\n<p style=\"text-align: center;\"><span style=\"font-family: georgia, palatino, serif; color: #993300;\"><em><span style=\"font-size: 14pt;\">Bon app\u00e9tit!<\/span><\/em><\/span><\/p>\n<p style=\"text-align: center;\"><img loading=\"lazy\" decoding=\"async\" class=\"alignnone wp-image-98025\" src=\"http:\/\/recettes-gourmandes-de-joce.fr\/wp-content\/uploads\/2025\/12\/20251202_154608.jpg\" alt=\"\" width=\"240\" height=\"180\" srcset=\"http:\/\/recettes-gourmandes-de-joce.fr\/wp-content\/uploads\/2025\/12\/20251202_154608.jpg 800w, http:\/\/recettes-gourmandes-de-joce.fr\/wp-content\/uploads\/2025\/12\/20251202_154608-768x576.jpg 768w, http:\/\/recettes-gourmandes-de-joce.fr\/wp-content\/uploads\/2025\/12\/20251202_154608-750x563.jpg 750w\" sizes=\"auto, (max-width: 240px) 100vw, 240px\" \/> <img loading=\"lazy\" decoding=\"async\" class=\"alignnone wp-image-98022\" src=\"http:\/\/recettes-gourmandes-de-joce.fr\/wp-content\/uploads\/2025\/12\/20251202_154543.jpg\" alt=\"\" width=\"240\" height=\"180\" srcset=\"http:\/\/recettes-gourmandes-de-joce.fr\/wp-content\/uploads\/2025\/12\/20251202_154543.jpg 800w, http:\/\/recettes-gourmandes-de-joce.fr\/wp-content\/uploads\/2025\/12\/20251202_154543-768x576.jpg 768w, http:\/\/recettes-gourmandes-de-joce.fr\/wp-content\/uploads\/2025\/12\/20251202_154543-750x563.jpg 750w\" sizes=\"auto, (max-width: 240px) 100vw, 240px\" \/> <img loading=\"lazy\" decoding=\"async\" class=\"alignnone wp-image-98021\" src=\"http:\/\/recettes-gourmandes-de-joce.fr\/wp-content\/uploads\/2025\/12\/20251202_154541.jpg\" alt=\"\" width=\"240\" height=\"180\" srcset=\"http:\/\/recettes-gourmandes-de-joce.fr\/wp-content\/uploads\/2025\/12\/20251202_154541.jpg 800w, http:\/\/recettes-gourmandes-de-joce.fr\/wp-content\/uploads\/2025\/12\/20251202_154541-768x576.jpg 768w, http:\/\/recettes-gourmandes-de-joce.fr\/wp-content\/uploads\/2025\/12\/20251202_154541-750x563.jpg 750w\" sizes=\"auto, (max-width: 240px) 100vw, 240px\" \/><\/p>\n<p style=\"text-align: center;\"><a href=\"https:\/\/recettes-gourmandes-de-joce.fr\"><span style=\"color: #008000;\"><img loading=\"lazy\" decoding=\"async\" class=\"alignnone wp-image-37354 size-full\" src=\"http:\/\/recettes-gourmandes-de-joce.fr\/wp-content\/uploads\/2021\/06\/logitech-gaming-software-14112014-121223.jpg\" alt=\"\" width=\"640\" height=\"144\" srcset=\"http:\/\/recettes-gourmandes-de-joce.fr\/wp-content\/uploads\/2021\/06\/logitech-gaming-software-14112014-121223.jpg 640w, http:\/\/recettes-gourmandes-de-joce.fr\/wp-content\/uploads\/2021\/06\/logitech-gaming-software-14112014-121223-300x68.jpg 300w\" sizes=\"auto, (max-width: 640px) 100vw, 640px\" \/><\/span><\/a><\/p>\n","protected":false},"excerpt":{"rendered":"<p>Une de mes recettes Ingr\u00e9dients pour 6 personnes environ 1 kg 500 de poitrine de porc fra\u00eeche (achet\u00e9e enti\u00e8re comme sur cette photo \u2191) 4 tomates 2 poivrons (j&rsquo;ai mis 2 longs verts et 4 mini jaunes et oranges) 2 oignons 6 gousses d&rsquo;ail 3 c \u00e0 s de persillade d\u00e9tails sur ce lien -&gt; &hellip; <\/p>\n<p><a class=\"more-link btn\" href=\"http:\/\/recettes-gourmandes-de-joce.fr\/index.php\/index\/viandes\/porc\/poitrine-de-porc-fraiche-rotie-au-four-au-paprika-fume-tomates-poivrons\/\">Lire la suite<\/a><\/p>\n","protected":false},"author":2,"featured_media":98033,"parent":59,"menu_order":0,"comment_status":"open","ping_status":"closed","template":"","meta":{"footnotes":""},"class_list":["post-98048","page","type-page","status-publish","has-post-thumbnail","hentry","nodate","item-wrap"],"_links":{"self":[{"href":"http:\/\/recettes-gourmandes-de-joce.fr\/index.php\/wp-json\/wp\/v2\/pages\/98048","targetHints":{"allow":["GET"]}}],"collection":[{"href":"http:\/\/recettes-gourmandes-de-joce.fr\/index.php\/wp-json\/wp\/v2\/pages"}],"about":[{"href":"http:\/\/recettes-gourmandes-de-joce.fr\/index.php\/wp-json\/wp\/v2\/types\/page"}],"author":[{"embeddable":true,"href":"http:\/\/recettes-gourmandes-de-joce.fr\/index.php\/wp-json\/wp\/v2\/users\/2"}],"replies":[{"embeddable":true,"href":"http:\/\/recettes-gourmandes-de-joce.fr\/index.php\/wp-json\/wp\/v2\/comments?post=98048"}],"version-history":[{"count":2,"href":"http:\/\/recettes-gourmandes-de-joce.fr\/index.php\/wp-json\/wp\/v2\/pages\/98048\/revisions"}],"predecessor-version":[{"id":98051,"href":"http:\/\/recettes-gourmandes-de-joce.fr\/index.php\/wp-json\/wp\/v2\/pages\/98048\/revisions\/98051"}],"up":[{"embeddable":true,"href":"http:\/\/recettes-gourmandes-de-joce.fr\/index.php\/wp-json\/wp\/v2\/pages\/59"}],"wp:featuredmedia":[{"embeddable":true,"href":"http:\/\/recettes-gourmandes-de-joce.fr\/index.php\/wp-json\/wp\/v2\/media\/98033"}],"wp:attachment":[{"href":"http:\/\/recettes-gourmandes-de-joce.fr\/index.php\/wp-json\/wp\/v2\/media?parent=98048"}],"curies":[{"name":"wp","href":"https:\/\/api.w.org\/{rel}","templated":true}]}}