{"id":97809,"date":"2025-11-10T17:21:48","date_gmt":"2025-11-10T17:21:48","guid":{"rendered":"http:\/\/recettes-gourmandes-de-joce.fr\/?page_id=97809"},"modified":"2025-11-10T19:11:24","modified_gmt":"2025-11-10T19:11:24","slug":"rillettes-de-canard-roti","status":"publish","type":"page","link":"http:\/\/recettes-gourmandes-de-joce.fr\/index.php\/index\/viandes\/charcuterie\/rillettes-de-canard-roti\/","title":{"rendered":"Rillettes de canard r\u00f4ti."},"content":{"rendered":"<p style=\"text-align: center;\"><span style=\"text-decoration: underline; color: #994f00;\"><span style=\"font-size: 18pt; font-family: georgia, palatino, serif;\"><em>Une de mes recettes<\/em><\/span><\/span><\/p>\n<p style=\"text-align: center;\"><span style=\"color: #994f00;\"><img loading=\"lazy\" decoding=\"async\" class=\"alignnone wp-image-97807\" src=\"http:\/\/recettes-gourmandes-de-joce.fr\/wp-content\/uploads\/2025\/11\/20251109_005537.jpg\" alt=\"\" width=\"240\" height=\"180\" srcset=\"http:\/\/recettes-gourmandes-de-joce.fr\/wp-content\/uploads\/2025\/11\/20251109_005537.jpg 800w, http:\/\/recettes-gourmandes-de-joce.fr\/wp-content\/uploads\/2025\/11\/20251109_005537-768x576.jpg 768w, http:\/\/recettes-gourmandes-de-joce.fr\/wp-content\/uploads\/2025\/11\/20251109_005537-750x563.jpg 750w\" sizes=\"auto, (max-width: 240px) 100vw, 240px\" \/> <img loading=\"lazy\" decoding=\"async\" class=\"alignnone wp-image-97808\" src=\"http:\/\/recettes-gourmandes-de-joce.fr\/wp-content\/uploads\/2025\/11\/20251109_005543.jpg\" alt=\"\" width=\"212\" height=\"180\" srcset=\"http:\/\/recettes-gourmandes-de-joce.fr\/wp-content\/uploads\/2025\/11\/20251109_005543.jpg 800w, http:\/\/recettes-gourmandes-de-joce.fr\/wp-content\/uploads\/2025\/11\/20251109_005543-768x652.jpg 768w, http:\/\/recettes-gourmandes-de-joce.fr\/wp-content\/uploads\/2025\/11\/20251109_005543-750x637.jpg 750w\" sizes=\"auto, (max-width: 212px) 100vw, 212px\" \/> <img loading=\"lazy\" decoding=\"async\" class=\"alignnone wp-image-97805\" src=\"http:\/\/recettes-gourmandes-de-joce.fr\/wp-content\/uploads\/2025\/11\/20251109_005527.jpg\" alt=\"\" width=\"240\" height=\"180\" srcset=\"http:\/\/recettes-gourmandes-de-joce.fr\/wp-content\/uploads\/2025\/11\/20251109_005527.jpg 800w, http:\/\/recettes-gourmandes-de-joce.fr\/wp-content\/uploads\/2025\/11\/20251109_005527-768x576.jpg 768w, http:\/\/recettes-gourmandes-de-joce.fr\/wp-content\/uploads\/2025\/11\/20251109_005527-750x563.jpg 750w\" sizes=\"auto, (max-width: 240px) 100vw, 240px\" \/><\/span><\/p>\n<p style=\"text-align: center;\"><em style=\"color: #994f00; font-family: georgia, palatino, serif; font-size: 24px; text-align: center; text-decoration-line: underline;\">Apr\u00e8s repos au frais \u2193<\/em><\/p>\n<p style=\"text-align: center;\"><img loading=\"lazy\" decoding=\"async\" class=\"alignnone wp-image-97814\" src=\"http:\/\/recettes-gourmandes-de-joce.fr\/wp-content\/uploads\/2025\/11\/20251110_190353.jpg\" alt=\"\" width=\"240\" height=\"180\" srcset=\"http:\/\/recettes-gourmandes-de-joce.fr\/wp-content\/uploads\/2025\/11\/20251110_190353.jpg 800w, http:\/\/recettes-gourmandes-de-joce.fr\/wp-content\/uploads\/2025\/11\/20251110_190353-768x576.jpg 768w, http:\/\/recettes-gourmandes-de-joce.fr\/wp-content\/uploads\/2025\/11\/20251110_190353-750x563.jpg 750w\" sizes=\"auto, (max-width: 240px) 100vw, 240px\" \/> <img loading=\"lazy\" decoding=\"async\" class=\"alignnone wp-image-97813\" src=\"http:\/\/recettes-gourmandes-de-joce.fr\/wp-content\/uploads\/2025\/11\/20251110_190351.jpg\" alt=\"\" width=\"240\" height=\"180\" srcset=\"http:\/\/recettes-gourmandes-de-joce.fr\/wp-content\/uploads\/2025\/11\/20251110_190351.jpg 800w, http:\/\/recettes-gourmandes-de-joce.fr\/wp-content\/uploads\/2025\/11\/20251110_190351-768x576.jpg 768w, http:\/\/recettes-gourmandes-de-joce.fr\/wp-content\/uploads\/2025\/11\/20251110_190351-750x563.jpg 750w\" sizes=\"auto, (max-width: 240px) 100vw, 240px\" \/><\/p>\n<p style=\"text-align: center;\"><span style=\"text-decoration: underline; color: #994f00;\"><span style=\"font-size: 18pt; font-family: georgia, palatino, serif;\"><em>Ingr\u00e9dients pour 4 petits bocaux.<\/em><\/span><\/span><\/p>\n<p style=\"text-align: center;\"><span style=\"color: #994f00;\"><img loading=\"lazy\" decoding=\"async\" class=\"alignnone wp-image-97797\" src=\"http:\/\/recettes-gourmandes-de-joce.fr\/wp-content\/uploads\/2025\/11\/20251108_181116.jpg\" alt=\"\" width=\"176\" height=\"200\" \/><\/span><\/p>\n<p style=\"text-align: center;\"><span style=\"font-family: georgia, palatino, serif; color: #994f00;\"><em><span style=\"font-size: 14pt;\">6 carcasses de canards gras<\/span><\/em><\/span><\/p>\n<p style=\"text-align: center;\"><span style=\"font-family: georgia, palatino, serif; color: #994f00;\"><em><span style=\"font-size: 14pt;\">1 bocal de graisse de canard<\/span><\/em><\/span><\/p>\n<p style=\"text-align: center;\"><span style=\"font-family: georgia, palatino, serif; color: #994f00;\"><em><span style=\"font-size: 14pt;\">Sel au piment d&rsquo;Espelette\u00a0<\/span><\/em><\/span><\/p>\n<p style=\"text-align: center;\"><span style=\"font-family: georgia, palatino, serif; font-size: 14pt; color: #994f00;\"><em>Persillade d\u00e9tails sur ce lien -&gt; <span style=\"color: #800080;\"><a style=\"color: #800080;\" href=\"https:\/\/www.epicetoo.fr\/produit\/persillade-epice\/\">\u00c9pic\u00e9too<\/a><\/span><\/em><\/span><\/p>\n<p style=\"text-align: center;\"><span style=\"color: #994f00;\"><span style=\"font-family: georgia, palatino, serif; font-size: 14pt;\"><em>Recette des rillettes de canard sur ce lien -&gt;<\/em> <\/span><a style=\"color: #994f00;\" href=\"http:\/\/recettes-gourmandes-de-joce.fr\/index.php\/index\/viandes\/charcuterie\/rillettes-de-canard-sud-ouest\/\"><span style=\"color: #800080;\"><em><span style=\"font-size: 14pt; font-family: georgia, palatino, serif;\">Rillettes de canard Sud-Ouest.<\/span><\/em><\/span><img decoding=\"async\" src=\"http:\/\/recettes-gourmandes-de-joce.fr\/wp-content\/uploads\/2019\/12\/P6031161-150x150.jpg\" \/><\/a><\/span><\/p>\n<p style=\"text-align: center;\"><span style=\"color: #994f00;\">\u00a0<img loading=\"lazy\" decoding=\"async\" class=\"alignnone wp-image-97798\" src=\"http:\/\/recettes-gourmandes-de-joce.fr\/wp-content\/uploads\/2025\/11\/20251108_181149.jpg\" alt=\"\" width=\"250\" height=\"170\" srcset=\"http:\/\/recettes-gourmandes-de-joce.fr\/wp-content\/uploads\/2025\/11\/20251108_181149.jpg 800w, http:\/\/recettes-gourmandes-de-joce.fr\/wp-content\/uploads\/2025\/11\/20251108_181149-768x523.jpg 768w, http:\/\/recettes-gourmandes-de-joce.fr\/wp-content\/uploads\/2025\/11\/20251108_181149-750x511.jpg 750w\" sizes=\"auto, (max-width: 250px) 100vw, 250px\" \/> <img loading=\"lazy\" decoding=\"async\" class=\"alignnone wp-image-97799\" src=\"http:\/\/recettes-gourmandes-de-joce.fr\/wp-content\/uploads\/2025\/11\/20251108_181357.jpg\" alt=\"\" width=\"245\" height=\"170\" srcset=\"http:\/\/recettes-gourmandes-de-joce.fr\/wp-content\/uploads\/2025\/11\/20251108_181357.jpg 800w, http:\/\/recettes-gourmandes-de-joce.fr\/wp-content\/uploads\/2025\/11\/20251108_181357-768x533.jpg 768w, http:\/\/recettes-gourmandes-de-joce.fr\/wp-content\/uploads\/2025\/11\/20251108_181357-750x520.jpg 750w\" sizes=\"auto, (max-width: 245px) 100vw, 245px\" \/><\/span><\/p>\n<p style=\"text-align: center;\"><span style=\"font-size: 14pt; font-family: georgia, palatino, serif; color: #994f00;\"><em>D\u00e9poser vos carcasses dans un grand plat allant au four, saler et r\u00e9partir du piment d&rsquo;Espelette, r\u00e9partir la persillade et la graisse de canard.<\/em><\/span><\/p>\n<p style=\"text-align: center;\"><span style=\"font-size: 14pt; font-family: georgia, palatino, serif; color: #994f00;\"><em><img loading=\"lazy\" decoding=\"async\" class=\"alignnone wp-image-97796\" src=\"http:\/\/recettes-gourmandes-de-joce.fr\/wp-content\/uploads\/2025\/11\/20251108_180504.jpg\" alt=\"\" width=\"264\" height=\"170\" srcset=\"http:\/\/recettes-gourmandes-de-joce.fr\/wp-content\/uploads\/2025\/11\/20251108_180504.jpg 800w, http:\/\/recettes-gourmandes-de-joce.fr\/wp-content\/uploads\/2025\/11\/20251108_180504-768x495.jpg 768w, http:\/\/recettes-gourmandes-de-joce.fr\/wp-content\/uploads\/2025\/11\/20251108_180504-750x484.jpg 750w\" sizes=\"auto, (max-width: 264px) 100vw, 264px\" \/> <img loading=\"lazy\" decoding=\"async\" class=\"alignnone wp-image-97800\" src=\"http:\/\/recettes-gourmandes-de-joce.fr\/wp-content\/uploads\/2025\/11\/20251108_181642.jpg\" alt=\"\" width=\"227\" height=\"170\" srcset=\"http:\/\/recettes-gourmandes-de-joce.fr\/wp-content\/uploads\/2025\/11\/20251108_181642.jpg 800w, http:\/\/recettes-gourmandes-de-joce.fr\/wp-content\/uploads\/2025\/11\/20251108_181642-768x576.jpg 768w, http:\/\/recettes-gourmandes-de-joce.fr\/wp-content\/uploads\/2025\/11\/20251108_181642-750x563.jpg 750w\" sizes=\"auto, (max-width: 227px) 100vw, 227px\" \/><\/em><\/span><\/p>\n<p style=\"text-align: center;\"><span style=\"font-size: 14pt; font-family: georgia, palatino, serif; color: #994f00;\"><em>Enfourner environ 30 minutes \u00e0 180\u00b0, lorsque les carcasses prennent une belle couleur dor\u00e9e, les retourner et poursuivre la cuisson encore 30 minutes selon les fours, il faut quelles soient bien color\u00e9es mais pas grill\u00e9es.<\/em><\/span><\/p>\n<p style=\"text-align: center;\"><span style=\"font-size: 14pt; font-family: georgia, palatino, serif; color: #994f00;\"><em><img loading=\"lazy\" decoding=\"async\" class=\"alignnone wp-image-97801\" src=\"http:\/\/recettes-gourmandes-de-joce.fr\/wp-content\/uploads\/2025\/11\/20251109_003756.jpg\" alt=\"\" width=\"227\" height=\"170\" srcset=\"http:\/\/recettes-gourmandes-de-joce.fr\/wp-content\/uploads\/2025\/11\/20251109_003756.jpg 800w, http:\/\/recettes-gourmandes-de-joce.fr\/wp-content\/uploads\/2025\/11\/20251109_003756-768x576.jpg 768w, http:\/\/recettes-gourmandes-de-joce.fr\/wp-content\/uploads\/2025\/11\/20251109_003756-750x563.jpg 750w\" sizes=\"auto, (max-width: 227px) 100vw, 227px\" \/> <img loading=\"lazy\" decoding=\"async\" class=\"alignnone wp-image-97802\" src=\"http:\/\/recettes-gourmandes-de-joce.fr\/wp-content\/uploads\/2025\/11\/20251109_003906.jpg\" alt=\"\" width=\"212\" height=\"170\" srcset=\"http:\/\/recettes-gourmandes-de-joce.fr\/wp-content\/uploads\/2025\/11\/20251109_003906.jpg 800w, http:\/\/recettes-gourmandes-de-joce.fr\/wp-content\/uploads\/2025\/11\/20251109_003906-768x615.jpg 768w, http:\/\/recettes-gourmandes-de-joce.fr\/wp-content\/uploads\/2025\/11\/20251109_003906-750x601.jpg 750w\" sizes=\"auto, (max-width: 212px) 100vw, 212px\" \/> <img loading=\"lazy\" decoding=\"async\" class=\"alignnone wp-image-97803\" src=\"http:\/\/recettes-gourmandes-de-joce.fr\/wp-content\/uploads\/2025\/11\/20251109_004831.jpg\" alt=\"\" width=\"201\" height=\"170\" srcset=\"http:\/\/recettes-gourmandes-de-joce.fr\/wp-content\/uploads\/2025\/11\/20251109_004831.jpg 800w, http:\/\/recettes-gourmandes-de-joce.fr\/wp-content\/uploads\/2025\/11\/20251109_004831-768x650.jpg 768w, http:\/\/recettes-gourmandes-de-joce.fr\/wp-content\/uploads\/2025\/11\/20251109_004831-750x635.jpg 750w\" sizes=\"auto, (max-width: 201px) 100vw, 201px\" \/><\/em><\/span><\/p>\n<p style=\"text-align: center;\"><span style=\"font-size: 14pt; font-family: georgia, palatino, serif; color: #994f00;\"><em>Lorsqu&rsquo;elles sont cuites les d\u00e9barrasser et les laisser refroidir afin de pouvoir \u00f4ter toute la chair. Mettre le canard dans le bol du mixeur avec une petite louche \u00e0 cr\u00eape de graisse de canard et mixer mais pas trop finement. Ajouter au besoin un peu de graisse de canard si la viande est trop s\u00e8che. Go\u00fbter ensuite et ajuster <span style=\"color: #994f00;\">l&rsquo;assaisonnement.<\/span> Entreposer au frais 24 h avant de les d\u00e9guster.<\/em><\/span><\/p>\n<p style=\"text-align: center;\"><span style=\"text-decoration: underline; color: #994f00;\"><span style=\"font-size: 14pt; font-family: georgia, palatino, serif;\"><em>Conserves\u2193<\/em><\/span><\/span><\/p>\n<p style=\"text-align: center;\"><span style=\"font-size: 14pt; font-family: georgia, palatino, serif; color: #994f00;\"><em><img loading=\"lazy\" decoding=\"async\" class=\"alignnone wp-image-69040 lazy-loaded\" src=\"http:\/\/recettes-gourmandes-de-joce.fr\/wp-content\/uploads\/2024\/04\/pate-porc13.jpg\" sizes=\"auto, (max-width: 227px) 100vw, 227px\" srcset=\"http:\/\/recettes-gourmandes-de-joce.fr\/wp-content\/uploads\/2024\/04\/pate-porc13.jpg 1024w, http:\/\/recettes-gourmandes-de-joce.fr\/wp-content\/uploads\/2024\/04\/pate-porc13-768x576.jpg 768w, http:\/\/recettes-gourmandes-de-joce.fr\/wp-content\/uploads\/2024\/04\/pate-porc13-750x563.jpg 750w\" alt=\"\" width=\"227\" height=\"170\" data-lazy-type=\"image\" data-src=\"http:\/\/recettes-gourmandes-de-joce.fr\/wp-content\/uploads\/2024\/04\/pate-porc13.jpg\" data-srcset=\"\" \/>\u00a0<img loading=\"lazy\" decoding=\"async\" class=\"alignnone wp-image-69041 lazy-loaded\" src=\"http:\/\/recettes-gourmandes-de-joce.fr\/wp-content\/uploads\/2024\/04\/pate-porc14.jpg\" sizes=\"auto, (max-width: 227px) 100vw, 227px\" srcset=\"http:\/\/recettes-gourmandes-de-joce.fr\/wp-content\/uploads\/2024\/04\/pate-porc14.jpg 1024w, http:\/\/recettes-gourmandes-de-joce.fr\/wp-content\/uploads\/2024\/04\/pate-porc14-768x576.jpg 768w, http:\/\/recettes-gourmandes-de-joce.fr\/wp-content\/uploads\/2024\/04\/pate-porc14-750x563.jpg 750w\" alt=\"\" width=\"227\" height=\"170\" data-lazy-type=\"image\" data-src=\"http:\/\/recettes-gourmandes-de-joce.fr\/wp-content\/uploads\/2024\/04\/pate-porc14.jpg\" data-srcset=\"\" \/> <img loading=\"lazy\" decoding=\"async\" class=\"alignnone wp-image-69021 lazy-loaded\" src=\"http:\/\/recettes-gourmandes-de-joce.fr\/wp-content\/uploads\/2024\/04\/pate-porc16.jpg\" sizes=\"auto, (max-width: 258px) 100vw, 258px\" srcset=\"http:\/\/recettes-gourmandes-de-joce.fr\/wp-content\/uploads\/2024\/04\/pate-porc16.jpg 1024w, http:\/\/recettes-gourmandes-de-joce.fr\/wp-content\/uploads\/2024\/04\/pate-porc16-768x507.jpg 768w, http:\/\/recettes-gourmandes-de-joce.fr\/wp-content\/uploads\/2024\/04\/pate-porc16-750x495.jpg 750w\" alt=\"\" width=\"258\" height=\"170\" data-lazy-type=\"image\" data-src=\"http:\/\/recettes-gourmandes-de-joce.fr\/wp-content\/uploads\/2024\/04\/pate-porc16.jpg\" data-srcset=\"\" \/><\/em><\/span><\/p>\n<p style=\"text-align: center;\"><span style=\"font-size: 14pt; font-family: georgia, palatino, serif; color: #994f00;\"><em>Remplir vos bocaux. Les fermer et les poser dans le st\u00e9rilisateur, les caler avec des torchons pour qu\u2019ils ne bougent pas. Couvrir d\u2019eau. Ajouter un plat rempli d\u2019eau <\/em><\/span><em style=\"color: #994f00; font-family: georgia, palatino, serif; font-size: 18.6667px;\">sur vos bocaux\u00a0<\/em><em style=\"color: #994f00; font-family: georgia, palatino, serif; font-size: 14pt;\">afin qu&rsquo;ils restent au fond et ne remontent pas \u00e0 la surface si vous n\u2019avez pas de syst\u00e8me de crochets dans votre st\u00e9rilisateur.<\/em><\/p>\n<p style=\"text-align: center;\"><span style=\"font-size: 14pt; font-family: georgia, palatino, serif; color: #994f00;\"><em>St\u00e9riliser 2h \u00e0 partir de l\u2019\u00e9bullition, laisser ensuite refroidir vos bocaux dans le faitout avant de les sortir pour mettre les \u00e9tiquettes avec la date. <\/em><\/span><\/p>\n<p style=\"text-align: center;\"><span style=\"font-size: 14pt; font-family: georgia, palatino, serif; color: #994f00;\"><em>Comment coller des \u00e9tiquettes SANS colle -&gt; Si vos \u00e9tiquettes ne sont pas adh\u00e9sives, pas besoin de colle un peu de lait fera l\u2019affaire, trempez-les l\u00e9g\u00e8rement dedans et appliquer sur le pot c\u2019est coll\u00e9.<\/em><\/span><\/p>\n<p style=\"text-align: center;\"><span style=\"font-size: 14pt; font-family: georgia, palatino, serif; color: #994f00;\"><em>Excellentes sur une bonne tranche de pain de campagne maison grill\u00e9e.<\/em><\/span><\/p>\n<p style=\"text-align: center;\"><span style=\"font-family: georgia, palatino, serif; color: #994f00;\"><em><span style=\"font-size: 14pt;\">Bon app\u00e9tit!<\/span><\/em><\/span><\/p>\n<p style=\"text-align: center;\"><span style=\"color: #994f00;\"><img loading=\"lazy\" decoding=\"async\" class=\"alignnone wp-image-97806\" src=\"http:\/\/recettes-gourmandes-de-joce.fr\/wp-content\/uploads\/2025\/11\/20251109_005534.jpg\" alt=\"\" width=\"240\" height=\"180\" srcset=\"http:\/\/recettes-gourmandes-de-joce.fr\/wp-content\/uploads\/2025\/11\/20251109_005534.jpg 800w, http:\/\/recettes-gourmandes-de-joce.fr\/wp-content\/uploads\/2025\/11\/20251109_005534-768x576.jpg 768w, http:\/\/recettes-gourmandes-de-joce.fr\/wp-content\/uploads\/2025\/11\/20251109_005534-750x563.jpg 750w\" sizes=\"auto, (max-width: 240px) 100vw, 240px\" \/> <img loading=\"lazy\" decoding=\"async\" class=\"alignnone wp-image-97812\" src=\"http:\/\/recettes-gourmandes-de-joce.fr\/wp-content\/uploads\/2025\/11\/20251110_190347.jpg\" alt=\"\" width=\"218\" height=\"180\" srcset=\"http:\/\/recettes-gourmandes-de-joce.fr\/wp-content\/uploads\/2025\/11\/20251110_190347.jpg 800w, http:\/\/recettes-gourmandes-de-joce.fr\/wp-content\/uploads\/2025\/11\/20251110_190347-768x634.jpg 768w, http:\/\/recettes-gourmandes-de-joce.fr\/wp-content\/uploads\/2025\/11\/20251110_190347-750x619.jpg 750w\" sizes=\"auto, (max-width: 218px) 100vw, 218px\" \/>\u00a0<img loading=\"lazy\" decoding=\"async\" class=\"alignnone wp-image-97804\" src=\"http:\/\/recettes-gourmandes-de-joce.fr\/wp-content\/uploads\/2025\/11\/20251109_005525.jpg\" alt=\"\" width=\"240\" height=\"180\" srcset=\"http:\/\/recettes-gourmandes-de-joce.fr\/wp-content\/uploads\/2025\/11\/20251109_005525.jpg 800w, http:\/\/recettes-gourmandes-de-joce.fr\/wp-content\/uploads\/2025\/11\/20251109_005525-768x576.jpg 768w, http:\/\/recettes-gourmandes-de-joce.fr\/wp-content\/uploads\/2025\/11\/20251109_005525-750x563.jpg 750w\" sizes=\"auto, (max-width: 240px) 100vw, 240px\" \/><\/span><\/p>\n<p style=\"text-align: center;\"><span style=\"color: #994f00;\"><a style=\"color: #994f00;\" href=\"https:\/\/recettes-gourmandes-de-joce.fr\"><img loading=\"lazy\" decoding=\"async\" class=\"alignnone wp-image-37354 size-full\" src=\"http:\/\/recettes-gourmandes-de-joce.fr\/wp-content\/uploads\/2021\/06\/logitech-gaming-software-14112014-121223.jpg\" alt=\"\" width=\"640\" height=\"144\" srcset=\"http:\/\/recettes-gourmandes-de-joce.fr\/wp-content\/uploads\/2021\/06\/logitech-gaming-software-14112014-121223.jpg 640w, http:\/\/recettes-gourmandes-de-joce.fr\/wp-content\/uploads\/2021\/06\/logitech-gaming-software-14112014-121223-300x68.jpg 300w\" sizes=\"auto, (max-width: 640px) 100vw, 640px\" \/><\/a><\/span><\/p>\n","protected":false},"excerpt":{"rendered":"<p>Une de mes recettes Apr\u00e8s repos au frais \u2193 Ingr\u00e9dients pour 4 petits bocaux. 6 carcasses de canards gras 1 bocal de graisse de canard Sel au piment d&rsquo;Espelette\u00a0 Persillade d\u00e9tails sur ce lien -&gt; \u00c9pic\u00e9too Recette des rillettes de canard sur ce lien -&gt; Rillettes de canard Sud-Ouest. \u00a0 D\u00e9poser vos carcasses dans un &hellip; <\/p>\n<p><a class=\"more-link btn\" href=\"http:\/\/recettes-gourmandes-de-joce.fr\/index.php\/index\/viandes\/charcuterie\/rillettes-de-canard-roti\/\">Lire la suite<\/a><\/p>\n","protected":false},"author":2,"featured_media":97817,"parent":514,"menu_order":0,"comment_status":"open","ping_status":"closed","template":"","meta":{"footnotes":""},"class_list":["post-97809","page","type-page","status-publish","has-post-thumbnail","hentry","nodate","item-wrap"],"_links":{"self":[{"href":"http:\/\/recettes-gourmandes-de-joce.fr\/index.php\/wp-json\/wp\/v2\/pages\/97809","targetHints":{"allow":["GET"]}}],"collection":[{"href":"http:\/\/recettes-gourmandes-de-joce.fr\/index.php\/wp-json\/wp\/v2\/pages"}],"about":[{"href":"http:\/\/recettes-gourmandes-de-joce.fr\/index.php\/wp-json\/wp\/v2\/types\/page"}],"author":[{"embeddable":true,"href":"http:\/\/recettes-gourmandes-de-joce.fr\/index.php\/wp-json\/wp\/v2\/users\/2"}],"replies":[{"embeddable":true,"href":"http:\/\/recettes-gourmandes-de-joce.fr\/index.php\/wp-json\/wp\/v2\/comments?post=97809"}],"version-history":[{"count":3,"href":"http:\/\/recettes-gourmandes-de-joce.fr\/index.php\/wp-json\/wp\/v2\/pages\/97809\/revisions"}],"predecessor-version":[{"id":97816,"href":"http:\/\/recettes-gourmandes-de-joce.fr\/index.php\/wp-json\/wp\/v2\/pages\/97809\/revisions\/97816"}],"up":[{"embeddable":true,"href":"http:\/\/recettes-gourmandes-de-joce.fr\/index.php\/wp-json\/wp\/v2\/pages\/514"}],"wp:featuredmedia":[{"embeddable":true,"href":"http:\/\/recettes-gourmandes-de-joce.fr\/index.php\/wp-json\/wp\/v2\/media\/97817"}],"wp:attachment":[{"href":"http:\/\/recettes-gourmandes-de-joce.fr\/index.php\/wp-json\/wp\/v2\/media?parent=97809"}],"curies":[{"name":"wp","href":"https:\/\/api.w.org\/{rel}","templated":true}]}}