{"id":9688,"date":"2019-11-08T22:15:08","date_gmt":"2019-11-08T22:15:08","guid":{"rendered":"http:\/\/recettes-gourmandes-de-joce.fr\/?page_id=9688"},"modified":"2025-03-25T10:06:05","modified_gmt":"2025-03-25T10:06:05","slug":"tarte-au-sucre-le-nord","status":"publish","type":"page","link":"http:\/\/recettes-gourmandes-de-joce.fr\/index.php\/index\/recettes-regionales-mondiales\/recettes-regionales-sucrees\/tarte-au-sucre-le-nord\/","title":{"rendered":"Tarte au sucre \u00ab\u00a0LE  NORD\u00a0\u00bb."},"content":{"rendered":"<p style=\"text-align: center;\"><span style=\"font-family: georgia,serif;\"><span style=\"text-decoration: underline; font-size: large; color: #ff9900;\"><em>D&rsquo;apr\u00e8s une recette du site keldelice.com<\/em><\/span><\/span><\/p>\n<p style=\"text-align: center;\"><img loading=\"lazy\" decoding=\"async\" class=\"alignnone wp-image-9625\" src=\"http:\/\/recettes-gourmandes-de-joce.fr\/wp-content\/uploads\/2019\/11\/P1020068-150x150.jpg\" alt=\"\" width=\"257\" height=\"180\" srcset=\"http:\/\/recettes-gourmandes-de-joce.fr\/wp-content\/uploads\/2019\/11\/P1020068-300x210.jpg 300w, http:\/\/recettes-gourmandes-de-joce.fr\/wp-content\/uploads\/2019\/11\/P1020068.jpg 640w\" sizes=\"auto, (max-width: 257px) 100vw, 257px\" \/> \u00a0<img loading=\"lazy\" decoding=\"async\" class=\"alignnone wp-image-9622\" src=\"http:\/\/recettes-gourmandes-de-joce.fr\/wp-content\/uploads\/2019\/11\/P1020064-150x150.jpg\" alt=\"\" width=\"240\" height=\"180\" srcset=\"http:\/\/recettes-gourmandes-de-joce.fr\/wp-content\/uploads\/2019\/11\/P1020064-300x225.jpg 300w, http:\/\/recettes-gourmandes-de-joce.fr\/wp-content\/uploads\/2019\/11\/P1020064.jpg 640w\" sizes=\"auto, (max-width: 240px) 100vw, 240px\" \/><img loading=\"lazy\" decoding=\"async\" class=\"alignnone wp-image-9605\" src=\"http:\/\/recettes-gourmandes-de-joce.fr\/wp-content\/uploads\/2019\/11\/P1020091-150x150.jpg\" alt=\"\" width=\"303\" height=\"180\" srcset=\"http:\/\/recettes-gourmandes-de-joce.fr\/wp-content\/uploads\/2019\/11\/P1020091-300x178.jpg 300w, http:\/\/recettes-gourmandes-de-joce.fr\/wp-content\/uploads\/2019\/11\/P1020091.jpg 640w\" sizes=\"auto, (max-width: 303px) 100vw, 303px\" \/><\/p>\n<p style=\"text-align: center;\"><span style=\"font-family: georgia, serif; color: #ff9900;\"><span style=\"font-size: large;\"><em><span style=\"text-decoration: underline; font-size: x-large;\">Ingr\u00e9dients pour 6 personnes<\/span><\/em><\/span><\/span><\/p>\n<p style=\"text-align: center; padding-left: 40px;\"><span style=\"color: #ff9900;\"><img loading=\"lazy\" decoding=\"async\" class=\"alignnone wp-image-9606\" src=\"http:\/\/recettes-gourmandes-de-joce.fr\/wp-content\/uploads\/2019\/11\/P1010034-150x150.jpg\" alt=\"\" width=\"298\" height=\"200\" srcset=\"http:\/\/recettes-gourmandes-de-joce.fr\/wp-content\/uploads\/2019\/11\/P1010034-300x202.jpg 300w, http:\/\/recettes-gourmandes-de-joce.fr\/wp-content\/uploads\/2019\/11\/P1010034.jpg 640w\" sizes=\"auto, (max-width: 298px) 100vw, 298px\" \/><\/span><\/p>\n<p style=\"text-align: center;\"><span style=\"font-family: georgia, serif; color: #ff9900;\"><span style=\"font-size: 22px;\"><span style=\"text-decoration: underline;\"><em>Pour la p\u00e2te brioch\u00e9e <\/em><\/span><\/span><\/span><\/p>\n<p style=\"text-align: center;\"><span style=\"font-family: georgia, serif; color: #ff9900;\"><span style=\"font-size: large;\"><em>250 g de farine<\/em><\/span><\/span><\/p>\n<p style=\"text-align: center;\"><span style=\"font-family: georgia, serif; color: #ff9900;\"><span style=\"font-size: large;\"><em>\u00a0125 g de beurre mou<\/em><\/span><\/span><\/p>\n<p style=\"text-align: center;\"><span style=\"font-family: georgia, serif; color: #ff9900;\"><span style=\"font-size: large;\"><em>10 g de levure de boulanger<\/em><\/span><\/span><\/p>\n<p style=\"text-align: center;\"><span style=\"font-family: georgia, serif; color: #ff9900;\"><span style=\"font-size: large;\"><em>10 g de sucre<\/em><\/span><\/span><\/p>\n<p style=\"text-align: center;\"><span style=\"font-family: georgia, serif; color: #ff9900;\"><span style=\"font-size: large;\"><em>50 ml de lait<\/em><\/span><\/span><\/p>\n<p style=\"text-align: center;\"><span style=\"font-family: georgia, serif; color: #ff9900;\"><span style=\"font-size: large;\"><em>1 \u0153uf<\/em><\/span><\/span><\/p>\n<p style=\"text-align: center;\"><span style=\"font-family: georgia, serif; color: #ff9900;\"><span style=\"font-size: large;\"><em>1 pinc\u00e9e de sel<\/em><\/span><\/span><\/p>\n<p style=\"text-align: center;\"><span style=\"font-size: 22px; color: #ff9900;\"><span style=\"font-family: georgia,serif;\"><span style=\"text-decoration: underline;\"><em>Pour la garniture <\/em><\/span><\/span><\/span><\/p>\n<p style=\"text-align: center;\"><span style=\"font-family: georgia, serif; color: #ff9900;\"><span style=\"font-size: large;\"><em>150 g de vergeoise blonde<\/em><\/span><\/span><\/p>\n<p style=\"text-align: center;\"><span style=\"font-family: georgia, serif; color: #ff9900;\"><span style=\"font-size: large;\"><em>1 jaune d\u2019\u0153uf<\/em><\/span><\/span><\/p>\n<p style=\"text-align: center;\"><span style=\"font-family: georgia, serif; color: #ff9900;\"><span style=\"font-size: large;\"><em>2 c \u00e0 s de cr\u00e8me <\/em><\/span><\/span><\/p>\n<p style=\"text-align: center;\"><span style=\"font-family: georgia, serif; color: #ff9900;\"><span style=\"font-size: large;\"><em>40 g de beurre<\/em><\/span><\/span><\/p>\n<p style=\"text-align: center;\"><span style=\"font-family: georgia, palatino, serif; font-size: 14pt;\"><em><span style=\"text-decoration: underline; color: #ff0000;\">\u00c0 la main ou au robot p\u00e9trisseur\u00a0:\u00a0<\/span> <span style=\"color: #ff9900;\">Proc\u00e9der de la m\u00eame fa\u00e7on en m\u00e9langeant bien les ingr\u00e9dients apr\u00e8s chaque ajout, laisser reposer 1h30 la p\u00e2te couverte d\u2019un torchon dans une pi\u00e8ce temp\u00e9r\u00e9e \u00e0 l\u2019abri des courants d\u2019air, reprendre ensuite \u00e0 l\u2019\u00e9tape fa\u00e7onnage.<\/span><\/em><\/span><\/p>\n<p style=\"text-align: center;\"><img loading=\"lazy\" decoding=\"async\" class=\"alignnone wp-image-9607\" src=\"http:\/\/recettes-gourmandes-de-joce.fr\/wp-content\/uploads\/2019\/11\/P1010036-150x150.jpg\" alt=\"\" width=\"134\" height=\"190\" srcset=\"http:\/\/recettes-gourmandes-de-joce.fr\/wp-content\/uploads\/2019\/11\/P1010036-211x300.jpg 211w, http:\/\/recettes-gourmandes-de-joce.fr\/wp-content\/uploads\/2019\/11\/P1010036.jpg 450w\" sizes=\"auto, (max-width: 134px) 100vw, 134px\" \/> <img loading=\"lazy\" decoding=\"async\" class=\"alignnone wp-image-9608\" src=\"http:\/\/recettes-gourmandes-de-joce.fr\/wp-content\/uploads\/2019\/11\/P1010037-150x150.jpg\" alt=\"\" width=\"117\" height=\"190\" srcset=\"http:\/\/recettes-gourmandes-de-joce.fr\/wp-content\/uploads\/2019\/11\/P1010037-185x300.jpg 185w, http:\/\/recettes-gourmandes-de-joce.fr\/wp-content\/uploads\/2019\/11\/P1010037.jpg 395w\" sizes=\"auto, (max-width: 117px) 100vw, 117px\" \/> <img loading=\"lazy\" decoding=\"async\" class=\"alignnone wp-image-9609\" src=\"http:\/\/recettes-gourmandes-de-joce.fr\/wp-content\/uploads\/2019\/11\/P1010038-150x150.jpg\" alt=\"\" width=\"109\" height=\"190\" srcset=\"http:\/\/recettes-gourmandes-de-joce.fr\/wp-content\/uploads\/2019\/11\/P1010038-173x300.jpg 173w, http:\/\/recettes-gourmandes-de-joce.fr\/wp-content\/uploads\/2019\/11\/P1010038.jpg 368w\" sizes=\"auto, (max-width: 109px) 100vw, 109px\" \/><\/p>\n<p style=\"text-align: center;\"><span style=\"font-family: georgia, serif; color: #ff9900;\"><span style=\"font-size: large;\"><em><span style=\"color: #ff9900; font-family: georgia, serif; font-size: large;\">Mettre dans la cuve de la Map et dans cet ordre, la levure, le lait ti\u00e8de et m\u00e9langer, ajouter l&rsquo;\u0153uf\u00a0et le beurre.<\/span><\/em><\/span><\/span><\/p>\n<p style=\"text-align: center;\"><img loading=\"lazy\" decoding=\"async\" class=\"alignnone wp-image-9610\" src=\"http:\/\/recettes-gourmandes-de-joce.fr\/wp-content\/uploads\/2019\/11\/P1010040-150x150.jpg\" alt=\"\" width=\"126\" height=\"190\" srcset=\"http:\/\/recettes-gourmandes-de-joce.fr\/wp-content\/uploads\/2019\/11\/P1010040-198x300.jpg 198w, http:\/\/recettes-gourmandes-de-joce.fr\/wp-content\/uploads\/2019\/11\/P1010040.jpg 423w\" sizes=\"auto, (max-width: 126px) 100vw, 126px\" \/> <img loading=\"lazy\" decoding=\"async\" class=\"alignnone wp-image-9611\" src=\"http:\/\/recettes-gourmandes-de-joce.fr\/wp-content\/uploads\/2019\/11\/P1010042-150x150.jpg\" alt=\"\" width=\"115\" height=\"190\" srcset=\"http:\/\/recettes-gourmandes-de-joce.fr\/wp-content\/uploads\/2019\/11\/P1010042-182x300.jpg 182w, http:\/\/recettes-gourmandes-de-joce.fr\/wp-content\/uploads\/2019\/11\/P1010042.jpg 388w\" sizes=\"auto, (max-width: 115px) 100vw, 115px\" \/> <img loading=\"lazy\" decoding=\"async\" class=\"alignnone wp-image-9612\" src=\"http:\/\/recettes-gourmandes-de-joce.fr\/wp-content\/uploads\/2019\/11\/P1010047-150x150.jpg\" alt=\"\" width=\"144\" height=\"190\" srcset=\"http:\/\/recettes-gourmandes-de-joce.fr\/wp-content\/uploads\/2019\/11\/P1010047-228x300.jpg 228w, http:\/\/recettes-gourmandes-de-joce.fr\/wp-content\/uploads\/2019\/11\/P1010047.jpg 486w\" sizes=\"auto, (max-width: 144px) 100vw, 144px\" \/><\/p>\n<p style=\"text-align: center;\"><span style=\"font-family: georgia, serif; color: #ff9900;\"><span style=\"font-size: large;\"><em>Ajouter la farine et le sel et lancer le programme p\u00e2te de la p\u00e2te qui dure 1h30 sans cuisson.<\/em><\/span><\/span><\/p>\n<p style=\"text-align: center;\"><img loading=\"lazy\" decoding=\"async\" class=\"alignnone wp-image-9613\" src=\"http:\/\/recettes-gourmandes-de-joce.fr\/wp-content\/uploads\/2019\/11\/P1010049-150x150.jpg\" alt=\"\" width=\"183\" height=\"170\" srcset=\"http:\/\/recettes-gourmandes-de-joce.fr\/wp-content\/uploads\/2019\/11\/P1010049-300x278.jpg 300w, http:\/\/recettes-gourmandes-de-joce.fr\/wp-content\/uploads\/2019\/11\/P1010049.jpg 640w\" sizes=\"auto, (max-width: 183px) 100vw, 183px\" \/> <img loading=\"lazy\" decoding=\"async\" class=\"alignnone wp-image-9614\" src=\"http:\/\/recettes-gourmandes-de-joce.fr\/wp-content\/uploads\/2019\/11\/P1010050-150x150.jpg\" alt=\"\" width=\"227\" height=\"170\" srcset=\"http:\/\/recettes-gourmandes-de-joce.fr\/wp-content\/uploads\/2019\/11\/P1010050-300x225.jpg 300w, http:\/\/recettes-gourmandes-de-joce.fr\/wp-content\/uploads\/2019\/11\/P1010050.jpg 640w\" sizes=\"auto, (max-width: 227px) 100vw, 227px\" \/> <img loading=\"lazy\" decoding=\"async\" class=\"alignnone wp-image-9615\" src=\"http:\/\/recettes-gourmandes-de-joce.fr\/wp-content\/uploads\/2019\/11\/P1010051-150x150.jpg\" alt=\"\" width=\"234\" height=\"170\" srcset=\"http:\/\/recettes-gourmandes-de-joce.fr\/wp-content\/uploads\/2019\/11\/P1010051-300x218.jpg 300w, http:\/\/recettes-gourmandes-de-joce.fr\/wp-content\/uploads\/2019\/11\/P1010051.jpg 640w\" sizes=\"auto, (max-width: 234px) 100vw, 234px\" \/><\/p>\n<p style=\"text-align: center;\"><span style=\"font-family: georgia, serif; color: #ff9900;\"><span style=\"font-size: large;\"><em>Lorsque le programme p\u00e2te est terminer sortir la p\u00e2te et en garnir un moule \u00e0 tarte, laisser \u00e0 nouveau lever 1h30. Pr\u00e9chauffer le four \u00e0 210\u00b0. Lorsque la p\u00e2te a gonfl\u00e9e, la parsemer de la vergeoise.<\/em><\/span><\/span><\/p>\n<p style=\"text-align: center;\"><img loading=\"lazy\" decoding=\"async\" class=\"alignnone wp-image-9616\" src=\"http:\/\/recettes-gourmandes-de-joce.fr\/wp-content\/uploads\/2019\/11\/P1010052-150x150.jpg\" alt=\"\" width=\"196\" height=\"170\" srcset=\"http:\/\/recettes-gourmandes-de-joce.fr\/wp-content\/uploads\/2019\/11\/P1010052-300x261.jpg 300w, http:\/\/recettes-gourmandes-de-joce.fr\/wp-content\/uploads\/2019\/11\/P1010052.jpg 640w\" sizes=\"auto, (max-width: 196px) 100vw, 196px\" \/> <img loading=\"lazy\" decoding=\"async\" class=\"alignnone wp-image-9617\" src=\"http:\/\/recettes-gourmandes-de-joce.fr\/wp-content\/uploads\/2019\/11\/P1010053-150x150.jpg\" alt=\"\" width=\"182\" height=\"170\" srcset=\"http:\/\/recettes-gourmandes-de-joce.fr\/wp-content\/uploads\/2019\/11\/P1010053-300x280.jpg 300w, http:\/\/recettes-gourmandes-de-joce.fr\/wp-content\/uploads\/2019\/11\/P1010053.jpg 640w\" sizes=\"auto, (max-width: 182px) 100vw, 182px\" \/> <img loading=\"lazy\" decoding=\"async\" class=\"alignnone wp-image-9618\" src=\"http:\/\/recettes-gourmandes-de-joce.fr\/wp-content\/uploads\/2019\/11\/P1010055-150x150.jpg\" alt=\"\" width=\"178\" height=\"170\" srcset=\"http:\/\/recettes-gourmandes-de-joce.fr\/wp-content\/uploads\/2019\/11\/P1010055-300x287.jpg 300w, http:\/\/recettes-gourmandes-de-joce.fr\/wp-content\/uploads\/2019\/11\/P1010055.jpg 640w\" sizes=\"auto, (max-width: 178px) 100vw, 178px\" \/><\/p>\n<p style=\"text-align: center;\"><span style=\"font-family: georgia, serif; color: #ff9900;\"><span style=\"font-size: large;\"><em>Battre l&rsquo;oeuf et lui ajouter la cr\u00e8me fra\u00eeche, bien m\u00e9langer.<\/em><\/span><\/span><\/p>\n<p style=\"text-align: center;\"><img loading=\"lazy\" decoding=\"async\" class=\"alignnone wp-image-9619\" src=\"http:\/\/recettes-gourmandes-de-joce.fr\/wp-content\/uploads\/2019\/11\/P1010056-150x150.jpg\" alt=\"\" width=\"227\" height=\"170\" srcset=\"http:\/\/recettes-gourmandes-de-joce.fr\/wp-content\/uploads\/2019\/11\/P1010056-300x225.jpg 300w, http:\/\/recettes-gourmandes-de-joce.fr\/wp-content\/uploads\/2019\/11\/P1010056.jpg 640w\" sizes=\"auto, (max-width: 227px) 100vw, 227px\" \/> <img loading=\"lazy\" decoding=\"async\" class=\"alignnone wp-image-9620\" src=\"http:\/\/recettes-gourmandes-de-joce.fr\/wp-content\/uploads\/2019\/11\/P1010057-150x150.jpg\" alt=\"\" width=\"227\" height=\"170\" srcset=\"http:\/\/recettes-gourmandes-de-joce.fr\/wp-content\/uploads\/2019\/11\/P1010057-300x225.jpg 300w, http:\/\/recettes-gourmandes-de-joce.fr\/wp-content\/uploads\/2019\/11\/P1010057.jpg 640w\" sizes=\"auto, (max-width: 227px) 100vw, 227px\" \/> <img loading=\"lazy\" decoding=\"async\" class=\"alignnone wp-image-9621\" src=\"http:\/\/recettes-gourmandes-de-joce.fr\/wp-content\/uploads\/2019\/11\/P1020063-150x150.jpg\" alt=\"\" width=\"227\" height=\"170\" srcset=\"http:\/\/recettes-gourmandes-de-joce.fr\/wp-content\/uploads\/2019\/11\/P1020063-300x225.jpg 300w, http:\/\/recettes-gourmandes-de-joce.fr\/wp-content\/uploads\/2019\/11\/P1020063.jpg 640w\" sizes=\"auto, (max-width: 227px) 100vw, 227px\" \/><\/p>\n<p style=\"text-align: center;\"><span style=\"font-family: georgia, serif; color: #ff9900;\"><span style=\"font-size: large;\"><em>Etaler le m\u00e9lange sur la vergeoise et enfourner environ 25 minutes selon les fours surveiller la coloration.<\/em><\/span><\/span><\/p>\n<p style=\"text-align: center;\"><span style=\"font-family: georgia, serif; color: #ff9900;\"><span style=\"font-size: large;\"><em>Excellente tarte que nous avons beaucoup appr\u00e9ci\u00e9e!<\/em><\/span><\/span><\/p>\n<p style=\"text-align: center;\"><span style=\"font-family: georgia, serif; color: #ff9900;\"><span style=\"font-size: large;\"><em>Bonne d\u00e9gustation!<\/em><\/span><\/span><\/p>\n<p style=\"text-align: center;\"><img loading=\"lazy\" decoding=\"async\" class=\"alignnone wp-image-9604\" src=\"http:\/\/recettes-gourmandes-de-joce.fr\/wp-content\/uploads\/2019\/11\/P1020090-150x150.jpg\" alt=\"\" width=\"287\" height=\"180\" srcset=\"http:\/\/recettes-gourmandes-de-joce.fr\/wp-content\/uploads\/2019\/11\/P1020090-300x188.jpg 300w, http:\/\/recettes-gourmandes-de-joce.fr\/wp-content\/uploads\/2019\/11\/P1020090.jpg 640w\" sizes=\"auto, (max-width: 287px) 100vw, 287px\" \/><\/p>\n<p style=\"text-align: center;\">\u00a0<img loading=\"lazy\" decoding=\"async\" class=\"alignnone wp-image-9624\" src=\"http:\/\/recettes-gourmandes-de-joce.fr\/wp-content\/uploads\/2019\/11\/P1020066-150x150.jpg\" alt=\"\" width=\"240\" height=\"180\" srcset=\"http:\/\/recettes-gourmandes-de-joce.fr\/wp-content\/uploads\/2019\/11\/P1020066-300x225.jpg 300w, http:\/\/recettes-gourmandes-de-joce.fr\/wp-content\/uploads\/2019\/11\/P1020066.jpg 640w\" sizes=\"auto, (max-width: 240px) 100vw, 240px\" \/> <img loading=\"lazy\" decoding=\"async\" class=\"alignnone wp-image-9623\" src=\"http:\/\/recettes-gourmandes-de-joce.fr\/wp-content\/uploads\/2019\/11\/P1020065-150x150.jpg\" alt=\"\" width=\"240\" height=\"180\" srcset=\"http:\/\/recettes-gourmandes-de-joce.fr\/wp-content\/uploads\/2019\/11\/P1020065-300x225.jpg 300w, http:\/\/recettes-gourmandes-de-joce.fr\/wp-content\/uploads\/2019\/11\/P1020065.jpg 640w\" sizes=\"auto, (max-width: 240px) 100vw, 240px\" \/><\/p>\n<p style=\"text-align: center;\"><img loading=\"lazy\" decoding=\"async\" class=\"alignnone wp-image-44943 size-full\" src=\"http:\/\/recettes-gourmandes-de-joce.fr\/wp-content\/uploads\/2022\/05\/logitech-gaming-software-14112014-121223.jpg\" alt=\"\" width=\"640\" height=\"144\" srcset=\"http:\/\/recettes-gourmandes-de-joce.fr\/wp-content\/uploads\/2022\/05\/logitech-gaming-software-14112014-121223.jpg 640w, http:\/\/recettes-gourmandes-de-joce.fr\/wp-content\/uploads\/2022\/05\/logitech-gaming-software-14112014-121223-300x68.jpg 300w\" sizes=\"auto, (max-width: 640px) 100vw, 640px\" \/><\/p>\n<h3>Commentaires\u00a0<small>(8)<\/small><\/h3>\n<div class=\"items-container\">\n<div class=\"item item-comment media\">\n<div class=\"pull-left\">\n<p>&nbsp;<\/p>\n<p><img decoding=\"async\" class=\"media-object\" src=\"https:\/\/www.gravatar.com\/avatar\/f18b89895eba62b3afa7706f51be8071?d=https%3A%2F%2Fwww.recettes-gourmandes-de-joce.com%2Fmedias%2Fstatic%2Fmanager%2Fim%2Favatar.png?s=50&amp;d=mm\" alt=\"Patricia\" width=\"50\" \/><\/p>\n<\/div>\n<div class=\"media-body\">\n<ul class=\"inline item-infos\">\n<li><span class=\"comment-number\">1.<\/span>\u00a0<span class=\"comment-author\">Patricia\u00a0(<a rel=\"nofollow\">site web<\/a>)<\/span>\u00a0<span class=\"comment-date\">| 06\/10\/2012<\/span><\/li>\n<\/ul>\n<div class=\"comment-content\">j&rsquo;aime bien toutes les photos que tu prends, c&rsquo;est super !!!! mais \u00e7a doit \u00eatre du boulot, encouragement, continue comme \u00e7a !<\/div>\n<div class=\"item item-comment media by-webmaster\">\n<div class=\"pull-left\">\n<p>&nbsp;<\/p>\n<\/div>\n<div class=\"media-body\">\n<ul class=\"inline item-infos\">\n<li><span class=\"comment-author\">jocelyne debon\u00a0(<a rel=\"nofollow\">site web<\/a>)<\/span>\u00a0<span class=\"comment-date\">| 06\/10\/2012<\/span><\/li>\n<\/ul>\n<div class=\"comment-content\">Merciiiii c&rsquo;est gentil, c&rsquo;est du travail mais tellement de satisfaction en m\u00eame temps<\/div>\n<div class=\"comment-content\">Bise amicalement Joce<\/div>\n<\/div>\n<\/div>\n<\/div>\n<\/div>\n<div class=\"item item-comment media\">\n<div class=\"pull-left\">\n<p>&nbsp;<\/p>\n<p><img decoding=\"async\" class=\"media-object\" src=\"https:\/\/www.gravatar.com\/avatar\/e7a3bf9e874b88ba0e0813baa7304eaa?d=https%3A%2F%2Fwww.recettes-gourmandes-de-joce.com%2Fmedias%2Fstatic%2Fmanager%2Fim%2Favatar.png?s=50&amp;d=mm\" alt=\"MAMIE JAJA\" width=\"50\" \/><\/p>\n<\/div>\n<div class=\"media-body\">\n<ul class=\"inline item-infos\">\n<li><span class=\"comment-number\">2.<\/span>\u00a0<span class=\"comment-author\">MAMIE JAJA<\/span>\u00a0<span class=\"comment-date\">| 07\/01\/2012<\/span><\/li>\n<\/ul>\n<div class=\"comment-content\">Une tr\u00e8s bonne ann\u00e9e 2012 JOCE ainsi qu&rsquo;\u00e0 tes proches.<br \/>\nMerci pour cette recette, qui est de ma r\u00e9gion.<br \/>\nPour moi je vais la faire demain.<br \/>\nGros bisous et une bonne soir\u00e9e.<br \/>\nMAMIE JAJA<\/div>\n<div class=\"item item-comment media by-webmaster\">\n<div class=\"pull-left\">\n<p>&nbsp;<\/p>\n<\/div>\n<div class=\"media-body\">\n<ul class=\"inline item-infos\">\n<li><span class=\"comment-author\">jocelyne debon<\/span>\u00a0<span class=\"comment-date\">| 08\/01\/2012<\/span><\/li>\n<\/ul>\n<div class=\"comment-content\">Merciiiiiiiiii beaucoup, \u00e0 toi aussi tr\u00e8s bonne ann\u00e9e 2012, sant\u00e9, bonheur et prosp\u00e9rit\u00e9 Gros bisousssssss Joce<\/div>\n<\/div>\n<\/div>\n<\/div>\n<\/div>\n<div class=\"item item-comment media\">\n<div class=\"pull-left\">\n<p>&nbsp;<\/p>\n<p><img decoding=\"async\" class=\"media-object\" src=\"https:\/\/www.gravatar.com\/avatar\/2ef5c66277d333d0427a744981c42180?d=https%3A%2F%2Fwww.recettes-gourmandes-de-joce.com%2Fmedias%2Fstatic%2Fmanager%2Fim%2Favatar.png?s=50&amp;d=mm\" alt=\"alexdidie\" width=\"50\" \/><\/p>\n<\/div>\n<div class=\"media-body\">\n<ul class=\"inline item-infos\">\n<li><span class=\"comment-number\">3.<\/span>\u00a0<span class=\"comment-author\">alexdidie<\/span>\u00a0<span class=\"comment-date\">| 06\/01\/2012<\/span><\/li>\n<\/ul>\n<div class=\"comment-content\">Tout d&rsquo;abord je te souhaite une tr\u00e8s bonne ann\u00e9e 2012. Amour, sant\u00e9, et un peu de sous sous j&rsquo;esp\u00e8re qu&rsquo;ile feront ton bonheur. Maintenant voil\u00e0 la recette de la tarte au sucre. J&rsquo;adore j&rsquo;en suis une tr\u00e8s grande fan. Je l&rsquo;essaie demain sans aucun doute. Encore mille merci et \u00e0 tr\u00e8s vite sur ton site super m\u00e9ga g\u00e9nial.<\/div>\n<div class=\"item item-comment media by-webmaster\">\n<div class=\"pull-left\">\n<p>&nbsp;<\/p>\n<\/div>\n<div class=\"media-body\">\n<ul class=\"inline item-infos\">\n<li><span class=\"comment-author\">jocelyne debon<\/span>\u00a0<span class=\"comment-date\">| 07\/01\/2012<\/span><\/li>\n<\/ul>\n<div class=\"comment-content\">Merciiiiiiiiii beaucoup, \u00e0 toi aussi tr\u00e8s bonne ann\u00e9e, je te souhaite tout plein de bonnes choses<\/div>\n<div class=\"comment-content\">Merciii pour ta fid\u00e9lit\u00e9 et ton message qui me touche<\/div>\n<div class=\"comment-content\">Gros bisoussssssssssssss Joce<\/div>\n<\/div>\n<\/div>\n<\/div>\n<\/div>\n<div class=\"item item-comment media\">\n<div class=\"pull-left\">\n<p>&nbsp;<\/p>\n<p><img decoding=\"async\" class=\"media-object\" src=\"https:\/\/www.gravatar.com\/avatar\/acc7357cdb107c4e4a9697fd4da7ca7d?d=https%3A%2F%2Fwww.recettes-gourmandes-de-joce.com%2Fmedias%2Fstatic%2Fmanager%2Fim%2Favatar.png?s=50&amp;d=mm\" alt=\"Virginie\" width=\"50\" \/><\/p>\n<\/div>\n<div class=\"media-body\">\n<ul class=\"inline item-infos\">\n<li><span class=\"comment-number\">4.<\/span>\u00a0<span class=\"comment-author\">Virginie<\/span>\u00a0<span class=\"comment-date\">| 06\/01\/2012<\/span><\/li>\n<\/ul>\n<div class=\"comment-content\">bonne et heureuse ann\u00e9e \u00e0 toi joce, merci pour cette tarte, elle me rappelle ma r\u00e9gion !!!<br \/>\nbises et bonne soir\u00e9e gourmande<br \/>\nvirginie<\/div>\n<div class=\"item item-comment media by-webmaster\">\n<div class=\"pull-left\">\n<p>&nbsp;<\/p>\n<\/div>\n<div class=\"media-body\">\n<ul class=\"inline item-infos\">\n<li><span class=\"comment-author\">jocelyne debon<\/span>\u00a0<span class=\"comment-date\">| 06\/01\/2012<\/span><\/li>\n<\/ul>\n<div class=\"comment-content\">Merci Virginie, bonne et heureuse ann\u00e9e aussi \u00e0 toi, peut \u00eatre pourront nous nous rencontrer \ud83d\ude09<\/div>\n<div class=\"comment-content\">Super tarte que nous avons beaucoup aim\u00e9 \ud83d\ude42<\/div>\n<div class=\"comment-content\">Gros bisousssssssssss Joce<\/div>\n<\/div>\n<\/div>\n<\/div>\n<\/div>\n<\/div>\n","protected":false},"excerpt":{"rendered":"<p>D&rsquo;apr\u00e8s une recette du site keldelice.com \u00a0 Ingr\u00e9dients pour 6 personnes Pour la p\u00e2te brioch\u00e9e 250 g de farine \u00a0125 g de beurre mou 10 g de levure de boulanger 10 g de sucre 50 ml de lait 1 \u0153uf 1 pinc\u00e9e de sel Pour la garniture 150 g de vergeoise blonde 1 jaune d\u2019\u0153uf &hellip; <\/p>\n<p><a class=\"more-link btn\" href=\"http:\/\/recettes-gourmandes-de-joce.fr\/index.php\/index\/recettes-regionales-mondiales\/recettes-regionales-sucrees\/tarte-au-sucre-le-nord\/\">Lire la suite<\/a><\/p>\n","protected":false},"author":2,"featured_media":86911,"parent":204,"menu_order":0,"comment_status":"open","ping_status":"closed","template":"","meta":{"footnotes":""},"class_list":["post-9688","page","type-page","status-publish","has-post-thumbnail","hentry","nodate","item-wrap"],"_links":{"self":[{"href":"http:\/\/recettes-gourmandes-de-joce.fr\/index.php\/wp-json\/wp\/v2\/pages\/9688","targetHints":{"allow":["GET"]}}],"collection":[{"href":"http:\/\/recettes-gourmandes-de-joce.fr\/index.php\/wp-json\/wp\/v2\/pages"}],"about":[{"href":"http:\/\/recettes-gourmandes-de-joce.fr\/index.php\/wp-json\/wp\/v2\/types\/page"}],"author":[{"embeddable":true,"href":"http:\/\/recettes-gourmandes-de-joce.fr\/index.php\/wp-json\/wp\/v2\/users\/2"}],"replies":[{"embeddable":true,"href":"http:\/\/recettes-gourmandes-de-joce.fr\/index.php\/wp-json\/wp\/v2\/comments?post=9688"}],"version-history":[{"count":5,"href":"http:\/\/recettes-gourmandes-de-joce.fr\/index.php\/wp-json\/wp\/v2\/pages\/9688\/revisions"}],"predecessor-version":[{"id":93898,"href":"http:\/\/recettes-gourmandes-de-joce.fr\/index.php\/wp-json\/wp\/v2\/pages\/9688\/revisions\/93898"}],"up":[{"embeddable":true,"href":"http:\/\/recettes-gourmandes-de-joce.fr\/index.php\/wp-json\/wp\/v2\/pages\/204"}],"wp:featuredmedia":[{"embeddable":true,"href":"http:\/\/recettes-gourmandes-de-joce.fr\/index.php\/wp-json\/wp\/v2\/media\/86911"}],"wp:attachment":[{"href":"http:\/\/recettes-gourmandes-de-joce.fr\/index.php\/wp-json\/wp\/v2\/media?parent=9688"}],"curies":[{"name":"wp","href":"https:\/\/api.w.org\/{rel}","templated":true}]}}