{"id":95363,"date":"2025-05-31T22:59:11","date_gmt":"2025-05-31T22:59:11","guid":{"rendered":"http:\/\/recettes-gourmandes-de-joce.fr\/?page_id=95363"},"modified":"2025-05-31T22:59:11","modified_gmt":"2025-05-31T22:59:11","slug":"tarte-aux-tomates-jambon-blanc-cheddar-et-persillade-basque","status":"publish","type":"page","link":"http:\/\/recettes-gourmandes-de-joce.fr\/index.php\/index\/entrees\/tartes-et-quiches-salees\/tarte-aux-tomates-jambon-blanc-cheddar-et-persillade-basque\/","title":{"rendered":"Tarte aux tomates, jambon blanc, cheddar et persillade Basque."},"content":{"rendered":"<p style=\"text-align: center;\"><span style=\"text-decoration: underline; color: #ff6600;\"><span style=\"font-size: 18pt; font-family: georgia, palatino, serif;\"><em>Une de mes recettes<\/em><\/span><\/span><\/p>\n<p style=\"text-align: center;\">\u00a0<img loading=\"lazy\" decoding=\"async\" class=\"alignnone wp-image-95229\" src=\"http:\/\/recettes-gourmandes-de-joce.fr\/wp-content\/uploads\/2025\/05\/20250522_210407.jpg\" alt=\"\" width=\"240\" height=\"180\" srcset=\"http:\/\/recettes-gourmandes-de-joce.fr\/wp-content\/uploads\/2025\/05\/20250522_210407.jpg 800w, http:\/\/recettes-gourmandes-de-joce.fr\/wp-content\/uploads\/2025\/05\/20250522_210407-768x576.jpg 768w, http:\/\/recettes-gourmandes-de-joce.fr\/wp-content\/uploads\/2025\/05\/20250522_210407-750x563.jpg 750w\" sizes=\"auto, (max-width: 240px) 100vw, 240px\" \/> <img loading=\"lazy\" decoding=\"async\" class=\"alignnone wp-image-95227\" src=\"http:\/\/recettes-gourmandes-de-joce.fr\/wp-content\/uploads\/2025\/05\/20250522_210400.jpg\" alt=\"\" width=\"233\" height=\"180\" srcset=\"http:\/\/recettes-gourmandes-de-joce.fr\/wp-content\/uploads\/2025\/05\/20250522_210400.jpg 800w, http:\/\/recettes-gourmandes-de-joce.fr\/wp-content\/uploads\/2025\/05\/20250522_210400-768x593.jpg 768w, http:\/\/recettes-gourmandes-de-joce.fr\/wp-content\/uploads\/2025\/05\/20250522_210400-750x579.jpg 750w\" sizes=\"auto, (max-width: 233px) 100vw, 233px\" \/><img loading=\"lazy\" decoding=\"async\" class=\"alignnone wp-image-95230\" src=\"http:\/\/recettes-gourmandes-de-joce.fr\/wp-content\/uploads\/2025\/05\/20250522_210411.jpg\" alt=\"\" width=\"271\" height=\"180\" srcset=\"http:\/\/recettes-gourmandes-de-joce.fr\/wp-content\/uploads\/2025\/05\/20250522_210411.jpg 800w, http:\/\/recettes-gourmandes-de-joce.fr\/wp-content\/uploads\/2025\/05\/20250522_210411-768x511.jpg 768w, http:\/\/recettes-gourmandes-de-joce.fr\/wp-content\/uploads\/2025\/05\/20250522_210411-750x499.jpg 750w\" sizes=\"auto, (max-width: 271px) 100vw, 271px\" \/><\/p>\n<p style=\"text-align: center;\"><span style=\"text-decoration: underline; color: #ff6600;\"><span style=\"font-size: 18pt; font-family: georgia, palatino, serif;\"><em>Ingr\u00e9dients pour 1 tarte de 28 cm de \u00d8<\/em><\/span><\/span><\/p>\n<p style=\"text-align: center;\"><span style=\"color: #ff6600;\"><img loading=\"lazy\" decoding=\"async\" class=\"alignnone wp-image-95231\" src=\"http:\/\/recettes-gourmandes-de-joce.fr\/wp-content\/uploads\/2025\/05\/20250522_191820.jpg\" alt=\"\" width=\"222\" height=\"200\" srcset=\"http:\/\/recettes-gourmandes-de-joce.fr\/wp-content\/uploads\/2025\/05\/20250522_191820.jpg 800w, http:\/\/recettes-gourmandes-de-joce.fr\/wp-content\/uploads\/2025\/05\/20250522_191820-768x692.jpg 768w, http:\/\/recettes-gourmandes-de-joce.fr\/wp-content\/uploads\/2025\/05\/20250522_191820-750x676.jpg 750w\" sizes=\"auto, (max-width: 222px) 100vw, 222px\" \/><\/span><\/p>\n<p style=\"text-align: center;\"><span style=\"font-family: georgia, palatino, serif; font-size: 14pt; color: #ff6600;\"><em>1 p\u00e2te feuillet\u00e9e <\/em><\/span><\/p>\n<p style=\"text-align: center;\"><span style=\"font-family: georgia, palatino, serif; font-size: 14pt; color: #ff6600;\"><em>1 oignon blanc et ses tiges <\/em><\/span><\/p>\n<p style=\"text-align: center;\"><span style=\"font-family: georgia, palatino, serif; font-size: 14pt; color: #ff6600;\"><em>2 tranches de jambon blanc <\/em><\/span><\/p>\n<p style=\"text-align: center;\"><span style=\"font-family: georgia, palatino, serif; font-size: 14pt; color: #ff6600;\"><em>3 belles tomates <\/em><\/span><\/p>\n<p style=\"text-align: center;\"><span style=\"font-family: georgia, palatino, serif; font-size: 14pt; color: #ff6600;\"><em>6 tranches de vrai cheddar<\/em><\/span><\/p>\n<p style=\"text-align: center;\"><span style=\"font-size: 14pt; font-family: georgia, palatino, serif; color: #ff6600;\"><em>1 c \u00e0 s de persillade Basque<\/em><\/span><\/p>\n<p style=\"text-align: center;\"><span style=\"font-size: 14pt; font-family: georgia, palatino, serif;\"><em><span style=\"color: #ff6600;\">(\u00c0 d\u00e9faut, de la persillade d\u00e9tails sur ce lien -&gt;<\/span>\u00a0<a href=\"https:\/\/www.epicetoo.fr\/etiquette-produit\/persillade\/\">\u00c9pic\u00e9too<\/a>\u00a0<span style=\"color: #ff6600;\">+ 1 c \u00e0 c de piment d\u2019Espelette)<\/span><\/em><\/span><\/p>\n<p style=\"text-align: center;\"><span style=\"font-family: georgia, palatino, serif; font-size: 14pt; color: #ff6600;\"><em>3 c \u00e0 s de moutarde forte <\/em><\/span><\/p>\n<p style=\"text-align: center;\"><span style=\"color: #ff6600;\"><span style=\"font-family: georgia, palatino, serif; font-size: 14pt;\"><em>1 filet d&rsquo;<\/em><\/span><span style=\"font-family: georgia, palatino, serif; font-size: 14pt;\"><em>huile d\u2019olive<\/em><\/span><\/span><\/p>\n<p style=\"text-align: center;\"><span style=\"font-family: georgia, palatino, serif; font-size: 14pt; color: #ff6600;\"><em>Sel et poivre <\/em><\/span><\/p>\n<p style=\"text-align: center;\"><span style=\"color: #ff6600;\"><img loading=\"lazy\" decoding=\"async\" class=\"alignnone wp-image-95235\" src=\"http:\/\/recettes-gourmandes-de-joce.fr\/wp-content\/uploads\/2025\/05\/20250522_192606.jpg\" alt=\"\" width=\"247\" height=\"170\" srcset=\"http:\/\/recettes-gourmandes-de-joce.fr\/wp-content\/uploads\/2025\/05\/20250522_192606.jpg 800w, http:\/\/recettes-gourmandes-de-joce.fr\/wp-content\/uploads\/2025\/05\/20250522_192606-768x529.jpg 768w, http:\/\/recettes-gourmandes-de-joce.fr\/wp-content\/uploads\/2025\/05\/20250522_192606-750x517.jpg 750w\" sizes=\"auto, (max-width: 247px) 100vw, 247px\" \/> <img loading=\"lazy\" decoding=\"async\" class=\"alignnone wp-image-95232\" src=\"http:\/\/recettes-gourmandes-de-joce.fr\/wp-content\/uploads\/2025\/05\/20250522_191836.jpg\" alt=\"\" width=\"212\" height=\"170\" srcset=\"http:\/\/recettes-gourmandes-de-joce.fr\/wp-content\/uploads\/2025\/05\/20250522_191836.jpg 800w, http:\/\/recettes-gourmandes-de-joce.fr\/wp-content\/uploads\/2025\/05\/20250522_191836-768x617.jpg 768w, http:\/\/recettes-gourmandes-de-joce.fr\/wp-content\/uploads\/2025\/05\/20250522_191836-750x603.jpg 750w\" sizes=\"auto, (max-width: 212px) 100vw, 212px\" \/> <img loading=\"lazy\" decoding=\"async\" class=\"alignnone wp-image-95233\" src=\"http:\/\/recettes-gourmandes-de-joce.fr\/wp-content\/uploads\/2025\/05\/20250522_192402.jpg\" alt=\"\" width=\"219\" height=\"170\" srcset=\"http:\/\/recettes-gourmandes-de-joce.fr\/wp-content\/uploads\/2025\/05\/20250522_192402.jpg 800w, http:\/\/recettes-gourmandes-de-joce.fr\/wp-content\/uploads\/2025\/05\/20250522_192402-768x596.jpg 768w, http:\/\/recettes-gourmandes-de-joce.fr\/wp-content\/uploads\/2025\/05\/20250522_192402-750x582.jpg 750w\" sizes=\"auto, (max-width: 219px) 100vw, 219px\" \/><\/span><\/p>\n<p style=\"text-align: center;\"><span style=\"font-size: 14pt; font-family: georgia, palatino, serif; color: #ff6600;\"><em>Laver et couper les tomates en tranches, couper le jambon en fines lani\u00e8res, nettoyer et ciseler l&rsquo;oignon et ses tiges. Mettre la p\u00e2te dans le moule \u00e0 tarte et couper le trop de p\u00e2te, piquer le fond avec une fourchette, \u00e9taler dessus la moutarde.\u00a0<\/em><\/span><\/p>\n<p style=\"text-align: center;\"><span style=\"font-size: 14pt; font-family: georgia, palatino, serif; color: #ff6600;\"><em><img loading=\"lazy\" decoding=\"async\" class=\"alignnone wp-image-95234\" src=\"http:\/\/recettes-gourmandes-de-joce.fr\/wp-content\/uploads\/2025\/05\/20250522_192517.jpg\" alt=\"\" width=\"227\" height=\"170\" srcset=\"http:\/\/recettes-gourmandes-de-joce.fr\/wp-content\/uploads\/2025\/05\/20250522_192517.jpg 800w, http:\/\/recettes-gourmandes-de-joce.fr\/wp-content\/uploads\/2025\/05\/20250522_192517-768x576.jpg 768w, http:\/\/recettes-gourmandes-de-joce.fr\/wp-content\/uploads\/2025\/05\/20250522_192517-750x563.jpg 750w\" sizes=\"auto, (max-width: 227px) 100vw, 227px\" \/> <img loading=\"lazy\" decoding=\"async\" class=\"alignnone wp-image-95236\" src=\"http:\/\/recettes-gourmandes-de-joce.fr\/wp-content\/uploads\/2025\/05\/20250522_192646.jpg\" alt=\"\" width=\"220\" height=\"170\" srcset=\"http:\/\/recettes-gourmandes-de-joce.fr\/wp-content\/uploads\/2025\/05\/20250522_192646.jpg 800w, http:\/\/recettes-gourmandes-de-joce.fr\/wp-content\/uploads\/2025\/05\/20250522_192646-768x592.jpg 768w, http:\/\/recettes-gourmandes-de-joce.fr\/wp-content\/uploads\/2025\/05\/20250522_192646-750x578.jpg 750w\" sizes=\"auto, (max-width: 220px) 100vw, 220px\" \/> <img loading=\"lazy\" decoding=\"async\" class=\"alignnone wp-image-95237\" src=\"http:\/\/recettes-gourmandes-de-joce.fr\/wp-content\/uploads\/2025\/05\/20250522_192709.jpg\" alt=\"\" width=\"207\" height=\"170\" srcset=\"http:\/\/recettes-gourmandes-de-joce.fr\/wp-content\/uploads\/2025\/05\/20250522_192709.jpg 800w, http:\/\/recettes-gourmandes-de-joce.fr\/wp-content\/uploads\/2025\/05\/20250522_192709-768x632.jpg 768w, http:\/\/recettes-gourmandes-de-joce.fr\/wp-content\/uploads\/2025\/05\/20250522_192709-750x617.jpg 750w\" sizes=\"auto, (max-width: 207px) 100vw, 207px\" \/><\/em><\/span><\/p>\n<p style=\"text-align: center;\"><span style=\"font-size: 14pt; font-family: georgia, palatino, serif; color: #ff6600;\"><em>R\u00e9partir le cheddar, les lani\u00e8res de jambon et l&rsquo;oignon et la moiti\u00e9 des tiges.<\/em><\/span><\/p>\n<p style=\"text-align: center;\"><span style=\"color: #ff6600;\"><img loading=\"lazy\" decoding=\"async\" class=\"alignnone wp-image-95239\" src=\"http:\/\/recettes-gourmandes-de-joce.fr\/wp-content\/uploads\/2025\/05\/20250522_193019.jpg\" alt=\"\" width=\"202\" height=\"170\" srcset=\"http:\/\/recettes-gourmandes-de-joce.fr\/wp-content\/uploads\/2025\/05\/20250522_193019.jpg 800w, http:\/\/recettes-gourmandes-de-joce.fr\/wp-content\/uploads\/2025\/05\/20250522_193019-768x646.jpg 768w, http:\/\/recettes-gourmandes-de-joce.fr\/wp-content\/uploads\/2025\/05\/20250522_193019-750x631.jpg 750w\" sizes=\"auto, (max-width: 202px) 100vw, 202px\" \/> <img loading=\"lazy\" decoding=\"async\" class=\"alignnone wp-image-95240\" src=\"http:\/\/recettes-gourmandes-de-joce.fr\/wp-content\/uploads\/2025\/05\/20250522_193047.jpg\" alt=\"\" width=\"210\" height=\"170\" srcset=\"http:\/\/recettes-gourmandes-de-joce.fr\/wp-content\/uploads\/2025\/05\/20250522_193047.jpg 800w, http:\/\/recettes-gourmandes-de-joce.fr\/wp-content\/uploads\/2025\/05\/20250522_193047-768x622.jpg 768w, http:\/\/recettes-gourmandes-de-joce.fr\/wp-content\/uploads\/2025\/05\/20250522_193047-750x608.jpg 750w\" sizes=\"auto, (max-width: 210px) 100vw, 210px\" \/> <img loading=\"lazy\" decoding=\"async\" class=\"alignnone wp-image-95241\" src=\"http:\/\/recettes-gourmandes-de-joce.fr\/wp-content\/uploads\/2025\/05\/20250522_193108.jpg\" alt=\"\" width=\"217\" height=\"170\" srcset=\"http:\/\/recettes-gourmandes-de-joce.fr\/wp-content\/uploads\/2025\/05\/20250522_193108.jpg 800w, http:\/\/recettes-gourmandes-de-joce.fr\/wp-content\/uploads\/2025\/05\/20250522_193108-768x601.jpg 768w, http:\/\/recettes-gourmandes-de-joce.fr\/wp-content\/uploads\/2025\/05\/20250522_193108-750x587.jpg 750w\" sizes=\"auto, (max-width: 217px) 100vw, 217px\" \/><\/span><\/p>\n<p style=\"text-align: center;\"><span style=\"font-family: georgia, palatino, serif; color: #ff6600;\"><em><span style=\"font-size: 14pt;\">Ajouter ensuite les rondelles de tomates. Saler et poivrer, r\u00e9partir la persillade et un filet d\u2019huile d&rsquo;olive.<\/span><\/em><\/span><\/p>\n<p style=\"text-align: center;\"><span style=\"color: #ff6600;\"><span style=\"font-size: 14pt; font-family: georgia, palatino, serif;\"><em>Enfourner <\/em><\/span><em style=\"font-family: georgia, palatino, serif; font-size: 18.6667px;\">40 minutes\u00a0<\/em><em style=\"font-family: georgia, palatino, serif; font-size: 14pt;\">\u00e0 200\u00b0 environ selon les fours, surveiller la cuisson et la coloration.<\/em><\/span><\/p>\n<p style=\"text-align: center;\"><span style=\"font-size: 14pt; font-family: georgia, palatino, serif; color: #ff6600;\"><em>Se d\u00e9guste chaude, ti\u00e8de ou froide.<\/em><\/span><\/p>\n<p style=\"text-align: center;\"><span style=\"font-family: georgia, palatino, serif; color: #ff6600;\"><em><span style=\"font-size: 14pt;\">Bon app\u00e9tit!<\/span><\/em><\/span><\/p>\n<p style=\"text-align: center;\"><span style=\"color: #ff6600;\"><img loading=\"lazy\" decoding=\"async\" class=\"alignnone wp-image-95226\" src=\"http:\/\/recettes-gourmandes-de-joce.fr\/wp-content\/uploads\/2025\/05\/20250522_210348.jpg\" alt=\"\" width=\"210\" height=\"180\" srcset=\"http:\/\/recettes-gourmandes-de-joce.fr\/wp-content\/uploads\/2025\/05\/20250522_210348.jpg 800w, http:\/\/recettes-gourmandes-de-joce.fr\/wp-content\/uploads\/2025\/05\/20250522_210348-768x659.jpg 768w, http:\/\/recettes-gourmandes-de-joce.fr\/wp-content\/uploads\/2025\/05\/20250522_210348-750x643.jpg 750w\" sizes=\"auto, (max-width: 210px) 100vw, 210px\" \/> <img loading=\"lazy\" decoding=\"async\" class=\"alignnone wp-image-95228\" src=\"http:\/\/recettes-gourmandes-de-joce.fr\/wp-content\/uploads\/2025\/05\/20250522_210406.jpg\" alt=\"\" width=\"263\" height=\"180\" srcset=\"http:\/\/recettes-gourmandes-de-joce.fr\/wp-content\/uploads\/2025\/05\/20250522_210406.jpg 800w, http:\/\/recettes-gourmandes-de-joce.fr\/wp-content\/uploads\/2025\/05\/20250522_210406-768x526.jpg 768w, http:\/\/recettes-gourmandes-de-joce.fr\/wp-content\/uploads\/2025\/05\/20250522_210406-750x514.jpg 750w\" sizes=\"auto, (max-width: 263px) 100vw, 263px\" \/> <img loading=\"lazy\" decoding=\"async\" class=\"alignnone wp-image-95225\" src=\"http:\/\/recettes-gourmandes-de-joce.fr\/wp-content\/uploads\/2025\/05\/20250522_210346.jpg\" alt=\"\" width=\"226\" height=\"180\" srcset=\"http:\/\/recettes-gourmandes-de-joce.fr\/wp-content\/uploads\/2025\/05\/20250522_210346.jpg 800w, http:\/\/recettes-gourmandes-de-joce.fr\/wp-content\/uploads\/2025\/05\/20250522_210346-768x611.jpg 768w, http:\/\/recettes-gourmandes-de-joce.fr\/wp-content\/uploads\/2025\/05\/20250522_210346-750x596.jpg 750w\" sizes=\"auto, (max-width: 226px) 100vw, 226px\" \/><\/span><\/p>\n<p style=\"text-align: center;\"><span style=\"color: #008000;\"><img loading=\"lazy\" decoding=\"async\" class=\"alignnone wp-image-37354 size-full\" src=\"http:\/\/recettes-gourmandes-de-joce.fr\/wp-content\/uploads\/2021\/06\/logitech-gaming-software-14112014-121223.jpg\" alt=\"\" width=\"640\" height=\"144\" srcset=\"http:\/\/recettes-gourmandes-de-joce.fr\/wp-content\/uploads\/2021\/06\/logitech-gaming-software-14112014-121223.jpg 640w, http:\/\/recettes-gourmandes-de-joce.fr\/wp-content\/uploads\/2021\/06\/logitech-gaming-software-14112014-121223-300x68.jpg 300w\" sizes=\"auto, (max-width: 640px) 100vw, 640px\" \/><\/span><\/p>\n","protected":false},"excerpt":{"rendered":"<p>Une de mes recettes \u00a0 Ingr\u00e9dients pour 1 tarte de 28 cm de \u00d8 1 p\u00e2te feuillet\u00e9e 1 oignon blanc et ses tiges 2 tranches de jambon blanc 3 belles tomates 6 tranches de vrai cheddar 1 c \u00e0 s de persillade Basque (\u00c0 d\u00e9faut, de la persillade d\u00e9tails sur ce lien -&gt;\u00a0\u00c9pic\u00e9too\u00a0+ 1 c &hellip; <\/p>\n<p><a class=\"more-link btn\" href=\"http:\/\/recettes-gourmandes-de-joce.fr\/index.php\/index\/entrees\/tartes-et-quiches-salees\/tarte-aux-tomates-jambon-blanc-cheddar-et-persillade-basque\/\">Lire la suite<\/a><\/p>\n","protected":false},"author":2,"featured_media":95229,"parent":2526,"menu_order":0,"comment_status":"open","ping_status":"closed","template":"","meta":{"footnotes":""},"class_list":["post-95363","page","type-page","status-publish","has-post-thumbnail","hentry","nodate","item-wrap"],"_links":{"self":[{"href":"http:\/\/recettes-gourmandes-de-joce.fr\/index.php\/wp-json\/wp\/v2\/pages\/95363","targetHints":{"allow":["GET"]}}],"collection":[{"href":"http:\/\/recettes-gourmandes-de-joce.fr\/index.php\/wp-json\/wp\/v2\/pages"}],"about":[{"href":"http:\/\/recettes-gourmandes-de-joce.fr\/index.php\/wp-json\/wp\/v2\/types\/page"}],"author":[{"embeddable":true,"href":"http:\/\/recettes-gourmandes-de-joce.fr\/index.php\/wp-json\/wp\/v2\/users\/2"}],"replies":[{"embeddable":true,"href":"http:\/\/recettes-gourmandes-de-joce.fr\/index.php\/wp-json\/wp\/v2\/comments?post=95363"}],"version-history":[{"count":1,"href":"http:\/\/recettes-gourmandes-de-joce.fr\/index.php\/wp-json\/wp\/v2\/pages\/95363\/revisions"}],"predecessor-version":[{"id":95364,"href":"http:\/\/recettes-gourmandes-de-joce.fr\/index.php\/wp-json\/wp\/v2\/pages\/95363\/revisions\/95364"}],"up":[{"embeddable":true,"href":"http:\/\/recettes-gourmandes-de-joce.fr\/index.php\/wp-json\/wp\/v2\/pages\/2526"}],"wp:featuredmedia":[{"embeddable":true,"href":"http:\/\/recettes-gourmandes-de-joce.fr\/index.php\/wp-json\/wp\/v2\/media\/95229"}],"wp:attachment":[{"href":"http:\/\/recettes-gourmandes-de-joce.fr\/index.php\/wp-json\/wp\/v2\/media?parent=95363"}],"curies":[{"name":"wp","href":"https:\/\/api.w.org\/{rel}","templated":true}]}}