{"id":95263,"date":"2025-05-25T12:05:11","date_gmt":"2025-05-25T12:05:11","guid":{"rendered":"http:\/\/recettes-gourmandes-de-joce.fr\/?page_id=95263"},"modified":"2025-05-25T12:05:11","modified_gmt":"2025-05-25T12:05:11","slug":"pintade-epicee-rotie-au-four-aux-oignons","status":"publish","type":"page","link":"http:\/\/recettes-gourmandes-de-joce.fr\/index.php\/index\/viandes\/volailles\/canard-pintade\/pintade-epicee-rotie-au-four-aux-oignons\/","title":{"rendered":"Pintade \u00e9pic\u00e9e r\u00f4tie au four aux oignons."},"content":{"rendered":"<p style=\"text-align: center;\"><span style=\"text-decoration: underline; color: #993300;\"><span style=\"font-size: 18pt; font-family: georgia, palatino, serif;\"><em>Une de mes recettes<\/em><\/span><\/span><\/p>\n<p style=\"text-align: center;\"><span style=\"color: #993300;\"><img loading=\"lazy\" decoding=\"async\" class=\"alignnone wp-image-95100\" src=\"http:\/\/recettes-gourmandes-de-joce.fr\/wp-content\/uploads\/2025\/05\/20250519_195338.jpg\" alt=\"\" width=\"199\" height=\"180\" srcset=\"http:\/\/recettes-gourmandes-de-joce.fr\/wp-content\/uploads\/2025\/05\/20250519_195338.jpg 800w, http:\/\/recettes-gourmandes-de-joce.fr\/wp-content\/uploads\/2025\/05\/20250519_195338-768x694.jpg 768w, http:\/\/recettes-gourmandes-de-joce.fr\/wp-content\/uploads\/2025\/05\/20250519_195338-750x678.jpg 750w\" sizes=\"auto, (max-width: 199px) 100vw, 199px\" \/> <img loading=\"lazy\" decoding=\"async\" class=\"alignnone wp-image-95101\" src=\"http:\/\/recettes-gourmandes-de-joce.fr\/wp-content\/uploads\/2025\/05\/20250519_195346.jpg\" alt=\"\" width=\"240\" height=\"180\" srcset=\"http:\/\/recettes-gourmandes-de-joce.fr\/wp-content\/uploads\/2025\/05\/20250519_195346.jpg 800w, http:\/\/recettes-gourmandes-de-joce.fr\/wp-content\/uploads\/2025\/05\/20250519_195346-768x576.jpg 768w, http:\/\/recettes-gourmandes-de-joce.fr\/wp-content\/uploads\/2025\/05\/20250519_195346-750x563.jpg 750w\" sizes=\"auto, (max-width: 240px) 100vw, 240px\" \/> <img loading=\"lazy\" decoding=\"async\" class=\"alignnone wp-image-95103\" src=\"http:\/\/recettes-gourmandes-de-joce.fr\/wp-content\/uploads\/2025\/05\/20250519_195351.jpg\" alt=\"\" width=\"232\" height=\"180\" srcset=\"http:\/\/recettes-gourmandes-de-joce.fr\/wp-content\/uploads\/2025\/05\/20250519_195351.jpg 800w, http:\/\/recettes-gourmandes-de-joce.fr\/wp-content\/uploads\/2025\/05\/20250519_195351-768x595.jpg 768w, http:\/\/recettes-gourmandes-de-joce.fr\/wp-content\/uploads\/2025\/05\/20250519_195351-750x581.jpg 750w\" sizes=\"auto, (max-width: 232px) 100vw, 232px\" \/><\/span><\/p>\n<p style=\"text-align: center;\"><span style=\"text-decoration: underline; color: #993300;\"><span style=\"font-size: 18pt; font-family: georgia, palatino, serif;\"><em>Ingr\u00e9dients pour 5\/6 personnes<\/em><\/span><\/span><\/p>\n<p style=\"text-align: center;\"><span style=\"color: #993300;\"><img loading=\"lazy\" decoding=\"async\" class=\"alignnone wp-image-95105\" src=\"http:\/\/recettes-gourmandes-de-joce.fr\/wp-content\/uploads\/2025\/05\/20250519_182935.jpg\" alt=\"\" width=\"285\" height=\"200\" srcset=\"http:\/\/recettes-gourmandes-de-joce.fr\/wp-content\/uploads\/2025\/05\/20250519_182935.jpg 800w, http:\/\/recettes-gourmandes-de-joce.fr\/wp-content\/uploads\/2025\/05\/20250519_182935-768x539.jpg 768w, http:\/\/recettes-gourmandes-de-joce.fr\/wp-content\/uploads\/2025\/05\/20250519_182935-750x526.jpg 750w\" sizes=\"auto, (max-width: 285px) 100vw, 285px\" \/><\/span><\/p>\n<p style=\"text-align: center;\"><span style=\"font-family: georgia, palatino, serif; font-size: 14pt; color: #993300;\"><em>1 pintade<\/em><\/span><\/p>\n<p style=\"text-align: center;\"><span style=\"font-family: georgia, palatino, serif; font-size: 14pt; color: #993300;\"><em> 1 gros oignon ou 2 moyens<\/em><\/span><\/p>\n<p style=\"text-align: center;\"><span style=\"font-family: georgia, palatino, serif; font-size: 14pt; color: #993300;\"><em> 3 gousses d&rsquo;ail <\/em><\/span><\/p>\n<p style=\"text-align: center;\"><span style=\"font-family: georgia, palatino, serif; font-size: 14pt; color: #993300;\"><em>2 feuilles de laurier<\/em><\/span><\/p>\n<p style=\"text-align: center;\"><span style=\"font-family: georgia, palatino, serif; font-size: 14pt; color: #993300;\"><em> 1 cube de bouillon de volaille<\/em><\/span><\/p>\n<p style=\"text-align: center;\"><span style=\"font-family: georgia, palatino, serif; font-size: 14pt; color: #993300;\"><em> 2 c \u00e0 s rases d&rsquo;\u00e9pices pour poulet d\u00e9tails sur ce lien -&gt;<a href=\"https:\/\/www.epicetoo.fr\/produit\/poulet-melange\/\"> <span style=\"color: #800080;\">\u00c9pic\u00e9too<\/span><\/a><\/em><\/span><\/p>\n<p style=\"text-align: center;\"><span style=\"font-family: georgia, palatino, serif; font-size: 14pt; color: #993300;\"><em>Huile d\u2019olive<\/em><\/span><\/p>\n<p style=\"text-align: center;\"><span style=\"font-family: georgia, palatino, serif; font-size: 14pt; color: #993300;\"><em>Sel et poivre<\/em><\/span><\/p>\n<p style=\"text-align: center;\"><span style=\"font-family: georgia, palatino, serif; font-size: 14pt; color: #993300;\"><em>Recette de la pur\u00e9e sur ce lien -&gt;\u00a0<span style=\"color: #800080;\"><a style=\"color: #800080;\" href=\"http:\/\/recettes-gourmandes-de-joce.fr\/index.php\/index\/legumes\/purees-diverses\/puree-de-pommes-de-terre\/\">Pur\u00e9e de pommes de terre\u00a0<\/a><a style=\"color: #800080;\" href=\"http:\/\/recettes-gourmandes-de-joce.fr\/index.php\/index\/legumes\/purees-diverses\/puree-de-pommes-de-terre\/\"><img loading=\"lazy\" decoding=\"async\" class=\"alignnone wp-image-10719 lazy-loaded\" src=\"http:\/\/recettes-gourmandes-de-joce.fr\/wp-content\/uploads\/2019\/11\/20191121_202830-300x225.jpg\" sizes=\"auto, (max-width: 213px) 100vw, 213px\" srcset=\"http:\/\/recettes-gourmandes-de-joce.fr\/wp-content\/uploads\/2019\/11\/20191121_202830-300x225.jpg 300w, http:\/\/recettes-gourmandes-de-joce.fr\/wp-content\/uploads\/2019\/11\/20191121_202830.jpg 640w\" alt=\"\" width=\"213\" height=\"160\" data-lazy-type=\"image\" data-src=\"http:\/\/recettes-gourmandes-de-joce.fr\/wp-content\/uploads\/2019\/11\/20191121_202830-300x225.jpg\" data-srcset=\"\" \/><\/a> <\/span><\/em><\/span><\/p>\n<p style=\"text-align: center;\"><span style=\"color: #993300;\"><img loading=\"lazy\" decoding=\"async\" class=\"alignnone wp-image-37981\" src=\"http:\/\/recettes-gourmandes-de-joce.fr\/wp-content\/uploads\/2021\/07\/103_5479-300x208.jpg\" alt=\"\" width=\"245\" height=\"170\" srcset=\"http:\/\/recettes-gourmandes-de-joce.fr\/wp-content\/uploads\/2021\/07\/103_5479-300x208.jpg 300w, http:\/\/recettes-gourmandes-de-joce.fr\/wp-content\/uploads\/2021\/07\/103_5479-768x532.jpg 768w, http:\/\/recettes-gourmandes-de-joce.fr\/wp-content\/uploads\/2021\/07\/103_5479-750x519.jpg 750w, http:\/\/recettes-gourmandes-de-joce.fr\/wp-content\/uploads\/2021\/07\/103_5479.jpg 800w\" sizes=\"auto, (max-width: 245px) 100vw, 245px\" \/> <img loading=\"lazy\" decoding=\"async\" class=\"alignnone wp-image-95106\" src=\"http:\/\/recettes-gourmandes-de-joce.fr\/wp-content\/uploads\/2025\/05\/20250519_183359.jpg\" alt=\"\" width=\"237\" height=\"170\" srcset=\"http:\/\/recettes-gourmandes-de-joce.fr\/wp-content\/uploads\/2025\/05\/20250519_183359.jpg 800w, http:\/\/recettes-gourmandes-de-joce.fr\/wp-content\/uploads\/2025\/05\/20250519_183359-768x552.jpg 768w, http:\/\/recettes-gourmandes-de-joce.fr\/wp-content\/uploads\/2025\/05\/20250519_183359-750x539.jpg 750w\" sizes=\"auto, (max-width: 237px) 100vw, 237px\" \/> <img loading=\"lazy\" decoding=\"async\" class=\"alignnone wp-image-95107\" src=\"http:\/\/recettes-gourmandes-de-joce.fr\/wp-content\/uploads\/2025\/05\/20250519_183435.jpg\" alt=\"\" width=\"213\" height=\"170\" srcset=\"http:\/\/recettes-gourmandes-de-joce.fr\/wp-content\/uploads\/2025\/05\/20250519_183435.jpg 800w, http:\/\/recettes-gourmandes-de-joce.fr\/wp-content\/uploads\/2025\/05\/20250519_183435-768x613.jpg 768w, http:\/\/recettes-gourmandes-de-joce.fr\/wp-content\/uploads\/2025\/05\/20250519_183435-750x599.jpg 750w\" sizes=\"auto, (max-width: 213px) 100vw, 213px\" \/><\/span><\/p>\n<p style=\"text-align: center;\"><span style=\"color: #993300;\"><em><span style=\"font-size: 14pt; font-family: georgia, palatino, serif;\">Peler, d\u00e9germer les gousses d\u2019ail les couper en deux. Peler et \u00e9mincer l&rsquo;oignon. D\u00e9poser la pintade dans un plat allant au four, r\u00e9partir les gousses d\u2019ail autour puis r\u00e9partir les oignons.<\/span><\/em><\/span><\/p>\n<p style=\"text-align: center;\"><span style=\"color: #993300;\"><em><span style=\"font-size: 14pt; font-family: georgia, palatino, serif;\"><img loading=\"lazy\" decoding=\"async\" class=\"alignnone wp-image-95108\" src=\"http:\/\/recettes-gourmandes-de-joce.fr\/wp-content\/uploads\/2025\/05\/20250519_183513.jpg\" alt=\"\" width=\"227\" height=\"170\" srcset=\"http:\/\/recettes-gourmandes-de-joce.fr\/wp-content\/uploads\/2025\/05\/20250519_183513.jpg 800w, http:\/\/recettes-gourmandes-de-joce.fr\/wp-content\/uploads\/2025\/05\/20250519_183513-768x576.jpg 768w, http:\/\/recettes-gourmandes-de-joce.fr\/wp-content\/uploads\/2025\/05\/20250519_183513-750x563.jpg 750w\" sizes=\"auto, (max-width: 227px) 100vw, 227px\" \/>\u00a0<img loading=\"lazy\" decoding=\"async\" class=\"alignnone wp-image-95111\" src=\"http:\/\/recettes-gourmandes-de-joce.fr\/wp-content\/uploads\/2025\/05\/20250519_183642.jpg\" alt=\"\" width=\"227\" height=\"170\" srcset=\"http:\/\/recettes-gourmandes-de-joce.fr\/wp-content\/uploads\/2025\/05\/20250519_183642.jpg 800w, http:\/\/recettes-gourmandes-de-joce.fr\/wp-content\/uploads\/2025\/05\/20250519_183642-768x576.jpg 768w, http:\/\/recettes-gourmandes-de-joce.fr\/wp-content\/uploads\/2025\/05\/20250519_183642-750x563.jpg 750w\" sizes=\"auto, (max-width: 227px) 100vw, 227px\" \/> <img loading=\"lazy\" decoding=\"async\" class=\"alignnone wp-image-95112\" src=\"http:\/\/recettes-gourmandes-de-joce.fr\/wp-content\/uploads\/2025\/05\/20250519_183714.jpg\" alt=\"\" width=\"227\" height=\"170\" srcset=\"http:\/\/recettes-gourmandes-de-joce.fr\/wp-content\/uploads\/2025\/05\/20250519_183714.jpg 800w, http:\/\/recettes-gourmandes-de-joce.fr\/wp-content\/uploads\/2025\/05\/20250519_183714-768x576.jpg 768w, http:\/\/recettes-gourmandes-de-joce.fr\/wp-content\/uploads\/2025\/05\/20250519_183714-750x563.jpg 750w\" sizes=\"auto, (max-width: 227px) 100vw, 227px\" \/> <\/span><\/em><\/span><\/p>\n<p style=\"text-align: center;\"><span style=\"color: #993300;\"><em><span style=\"font-size: 14pt; font-family: georgia, palatino, serif;\">\u00c9mietter le cube de bouillon de volaille autour. Saler et poivrer, r\u00e9partir les \u00e9pices.\u00a0<\/span><\/em><\/span><\/p>\n<p style=\"text-align: center;\"><span style=\"color: #993300;\">\u00a0<img loading=\"lazy\" decoding=\"async\" class=\"alignnone wp-image-95113\" src=\"http:\/\/recettes-gourmandes-de-joce.fr\/wp-content\/uploads\/2025\/05\/20250519_183834.jpg\" alt=\"\" width=\"227\" height=\"170\" srcset=\"http:\/\/recettes-gourmandes-de-joce.fr\/wp-content\/uploads\/2025\/05\/20250519_183834.jpg 800w, http:\/\/recettes-gourmandes-de-joce.fr\/wp-content\/uploads\/2025\/05\/20250519_183834-768x576.jpg 768w, http:\/\/recettes-gourmandes-de-joce.fr\/wp-content\/uploads\/2025\/05\/20250519_183834-750x563.jpg 750w\" sizes=\"auto, (max-width: 227px) 100vw, 227px\" \/> <img loading=\"lazy\" decoding=\"async\" class=\"alignnone wp-image-58076\" src=\"http:\/\/recettes-gourmandes-de-joce.fr\/wp-content\/uploads\/2023\/11\/20231129_210422.jpg\" alt=\"\" width=\"227\" height=\"170\" srcset=\"http:\/\/recettes-gourmandes-de-joce.fr\/wp-content\/uploads\/2023\/11\/20231129_210422.jpg 800w, http:\/\/recettes-gourmandes-de-joce.fr\/wp-content\/uploads\/2023\/11\/20231129_210422-768x576.jpg 768w, http:\/\/recettes-gourmandes-de-joce.fr\/wp-content\/uploads\/2023\/11\/20231129_210422-750x563.jpg 750w\" sizes=\"auto, (max-width: 227px) 100vw, 227px\" \/> <img loading=\"lazy\" decoding=\"async\" class=\"alignnone wp-image-10718\" src=\"http:\/\/recettes-gourmandes-de-joce.fr\/wp-content\/uploads\/2019\/11\/20191121_202823-300x225.jpg\" alt=\"\" width=\"227\" height=\"170\" srcset=\"http:\/\/recettes-gourmandes-de-joce.fr\/wp-content\/uploads\/2019\/11\/20191121_202823-300x225.jpg 300w, http:\/\/recettes-gourmandes-de-joce.fr\/wp-content\/uploads\/2019\/11\/20191121_202823.jpg 640w\" sizes=\"auto, (max-width: 227px) 100vw, 227px\" \/><\/span><\/p>\n<p style=\"text-align: center;\"><span style=\"font-family: georgia, palatino, serif; color: #993300;\"><em><span style=\"font-size: 14pt;\">Ajouter un filet d&rsquo;huile d&rsquo;olive et verser 200 ml d&rsquo;eau chaude sur les oignons. Enfourner 1h \u00e0 210\u00b0 environ selon les fours, surveiller la cuisson et la coloration, arroser la pintade avec le jus de pendant la cuisson. Lorsqu&rsquo;elle est cuite d\u00e9couper votre pintade et la d\u00e9poser dans le plat de service, r\u00e9cup\u00e9rer tout le jus de cuisson.<\/span><\/em><\/span><\/p>\n<p style=\"text-align: center;\"><span style=\"font-family: georgia, palatino, serif; color: #993300;\"><em><span style=\"font-size: 14pt;\">Servir avec le jus aux oignons et une bonne pur\u00e9e de pommes de terre maison.<\/span><\/em><\/span><\/p>\n<p style=\"text-align: center;\"><span style=\"font-family: georgia, palatino, serif; color: #993300;\"><em><span style=\"font-size: 14pt;\">Bon app\u00e9tit!<\/span><\/em><\/span><\/p>\n<p style=\"text-align: center;\"><span style=\"color: #993300;\"><img loading=\"lazy\" decoding=\"async\" class=\"alignnone wp-image-95102\" src=\"http:\/\/recettes-gourmandes-de-joce.fr\/wp-content\/uploads\/2025\/05\/20250519_195350.jpg\" alt=\"\" width=\"210\" height=\"180\" srcset=\"http:\/\/recettes-gourmandes-de-joce.fr\/wp-content\/uploads\/2025\/05\/20250519_195350.jpg 800w, http:\/\/recettes-gourmandes-de-joce.fr\/wp-content\/uploads\/2025\/05\/20250519_195350-768x660.jpg 768w, http:\/\/recettes-gourmandes-de-joce.fr\/wp-content\/uploads\/2025\/05\/20250519_195350-750x644.jpg 750w\" sizes=\"auto, (max-width: 210px) 100vw, 210px\" \/> <img loading=\"lazy\" decoding=\"async\" class=\"alignnone wp-image-95104\" src=\"http:\/\/recettes-gourmandes-de-joce.fr\/wp-content\/uploads\/2025\/05\/20250519_195353.jpg\" alt=\"\" width=\"235\" height=\"180\" srcset=\"http:\/\/recettes-gourmandes-de-joce.fr\/wp-content\/uploads\/2025\/05\/20250519_195353.jpg 800w, http:\/\/recettes-gourmandes-de-joce.fr\/wp-content\/uploads\/2025\/05\/20250519_195353-768x588.jpg 768w, http:\/\/recettes-gourmandes-de-joce.fr\/wp-content\/uploads\/2025\/05\/20250519_195353-750x575.jpg 750w\" sizes=\"auto, (max-width: 235px) 100vw, 235px\" \/> <img loading=\"lazy\" decoding=\"async\" class=\"alignnone wp-image-95099\" src=\"http:\/\/recettes-gourmandes-de-joce.fr\/wp-content\/uploads\/2025\/05\/20250519_195336.jpg\" alt=\"\" width=\"254\" height=\"180\" srcset=\"http:\/\/recettes-gourmandes-de-joce.fr\/wp-content\/uploads\/2025\/05\/20250519_195336.jpg 800w, http:\/\/recettes-gourmandes-de-joce.fr\/wp-content\/uploads\/2025\/05\/20250519_195336-768x544.jpg 768w, http:\/\/recettes-gourmandes-de-joce.fr\/wp-content\/uploads\/2025\/05\/20250519_195336-750x532.jpg 750w\" sizes=\"auto, (max-width: 254px) 100vw, 254px\" \/><\/span><\/p>\n<p style=\"text-align: center;\"><span style=\"color: #993300;\"><img loading=\"lazy\" decoding=\"async\" class=\"alignnone wp-image-37354 size-full\" src=\"http:\/\/recettes-gourmandes-de-joce.fr\/wp-content\/uploads\/2021\/06\/logitech-gaming-software-14112014-121223.jpg\" alt=\"\" width=\"640\" height=\"144\" srcset=\"http:\/\/recettes-gourmandes-de-joce.fr\/wp-content\/uploads\/2021\/06\/logitech-gaming-software-14112014-121223.jpg 640w, http:\/\/recettes-gourmandes-de-joce.fr\/wp-content\/uploads\/2021\/06\/logitech-gaming-software-14112014-121223-300x68.jpg 300w\" sizes=\"auto, (max-width: 640px) 100vw, 640px\" \/><\/span><\/p>\n","protected":false},"excerpt":{"rendered":"<p>Une de mes recettes Ingr\u00e9dients pour 5\/6 personnes 1 pintade 1 gros oignon ou 2 moyens 3 gousses d&rsquo;ail 2 feuilles de laurier 1 cube de bouillon de volaille 2 c \u00e0 s rases d&rsquo;\u00e9pices pour poulet d\u00e9tails sur ce lien -&gt; \u00c9pic\u00e9too Huile d\u2019olive Sel et poivre Recette de la pur\u00e9e sur ce lien &hellip; <\/p>\n<p><a class=\"more-link btn\" href=\"http:\/\/recettes-gourmandes-de-joce.fr\/index.php\/index\/viandes\/volailles\/canard-pintade\/pintade-epicee-rotie-au-four-aux-oignons\/\">Lire la suite<\/a><\/p>\n","protected":false},"author":2,"featured_media":95102,"parent":988,"menu_order":0,"comment_status":"open","ping_status":"closed","template":"","meta":{"footnotes":""},"class_list":["post-95263","page","type-page","status-publish","has-post-thumbnail","hentry","nodate","item-wrap"],"_links":{"self":[{"href":"http:\/\/recettes-gourmandes-de-joce.fr\/index.php\/wp-json\/wp\/v2\/pages\/95263","targetHints":{"allow":["GET"]}}],"collection":[{"href":"http:\/\/recettes-gourmandes-de-joce.fr\/index.php\/wp-json\/wp\/v2\/pages"}],"about":[{"href":"http:\/\/recettes-gourmandes-de-joce.fr\/index.php\/wp-json\/wp\/v2\/types\/page"}],"author":[{"embeddable":true,"href":"http:\/\/recettes-gourmandes-de-joce.fr\/index.php\/wp-json\/wp\/v2\/users\/2"}],"replies":[{"embeddable":true,"href":"http:\/\/recettes-gourmandes-de-joce.fr\/index.php\/wp-json\/wp\/v2\/comments?post=95263"}],"version-history":[{"count":1,"href":"http:\/\/recettes-gourmandes-de-joce.fr\/index.php\/wp-json\/wp\/v2\/pages\/95263\/revisions"}],"predecessor-version":[{"id":95264,"href":"http:\/\/recettes-gourmandes-de-joce.fr\/index.php\/wp-json\/wp\/v2\/pages\/95263\/revisions\/95264"}],"up":[{"embeddable":true,"href":"http:\/\/recettes-gourmandes-de-joce.fr\/index.php\/wp-json\/wp\/v2\/pages\/988"}],"wp:featuredmedia":[{"embeddable":true,"href":"http:\/\/recettes-gourmandes-de-joce.fr\/index.php\/wp-json\/wp\/v2\/media\/95102"}],"wp:attachment":[{"href":"http:\/\/recettes-gourmandes-de-joce.fr\/index.php\/wp-json\/wp\/v2\/media?parent=95263"}],"curies":[{"name":"wp","href":"https:\/\/api.w.org\/{rel}","templated":true}]}}