{"id":95208,"date":"2025-05-19T23:43:03","date_gmt":"2025-05-19T23:43:03","guid":{"rendered":"http:\/\/recettes-gourmandes-de-joce.fr\/?page_id=95208"},"modified":"2025-05-19T23:44:07","modified_gmt":"2025-05-19T23:44:07","slug":"gateau-au-fromage-blanc-et-aux-citrons","status":"publish","type":"page","link":"http:\/\/recettes-gourmandes-de-joce.fr\/index.php\/index\/desserts\/tartes-gateaux\/gateau-au-fromage-blanc-et-aux-citrons\/","title":{"rendered":"G\u00e2teau au fromage blanc et aux citrons."},"content":{"rendered":"<p style=\"text-align: center;\"><span style=\"text-decoration: underline; color: #ff9900;\"><span style=\"font-family: georgia, palatino, serif; font-size: 18pt;\"><em>Une de mes recettes<\/em><\/span><\/span><\/p>\n<p style=\"text-align: center;\"><span style=\"text-decoration: underline; color: #ff9900;\"><span style=\"font-family: georgia, palatino, serif; font-size: 18pt;\"><em><img loading=\"lazy\" decoding=\"async\" class=\"alignnone wp-image-95201\" src=\"http:\/\/recettes-gourmandes-de-joce.fr\/wp-content\/uploads\/2025\/05\/20250518_173220.jpg\" alt=\"\" width=\"257\" height=\"180\" srcset=\"http:\/\/recettes-gourmandes-de-joce.fr\/wp-content\/uploads\/2025\/05\/20250518_173220.jpg 800w, http:\/\/recettes-gourmandes-de-joce.fr\/wp-content\/uploads\/2025\/05\/20250518_173220-768x538.jpg 768w, http:\/\/recettes-gourmandes-de-joce.fr\/wp-content\/uploads\/2025\/05\/20250518_173220-750x525.jpg 750w\" sizes=\"auto, (max-width: 257px) 100vw, 257px\" \/> <img loading=\"lazy\" decoding=\"async\" class=\"alignnone wp-image-95204\" src=\"http:\/\/recettes-gourmandes-de-joce.fr\/wp-content\/uploads\/2025\/05\/20250518_173243.jpg\" alt=\"\" width=\"199\" height=\"180\" srcset=\"http:\/\/recettes-gourmandes-de-joce.fr\/wp-content\/uploads\/2025\/05\/20250518_173243.jpg 800w, http:\/\/recettes-gourmandes-de-joce.fr\/wp-content\/uploads\/2025\/05\/20250518_173243-768x696.jpg 768w, http:\/\/recettes-gourmandes-de-joce.fr\/wp-content\/uploads\/2025\/05\/20250518_173243-750x680.jpg 750w\" sizes=\"auto, (max-width: 199px) 100vw, 199px\" \/> <img loading=\"lazy\" decoding=\"async\" class=\"alignnone wp-image-95200\" src=\"http:\/\/recettes-gourmandes-de-joce.fr\/wp-content\/uploads\/2025\/05\/20250518_173216.jpg\" alt=\"\" width=\"223\" height=\"180\" srcset=\"http:\/\/recettes-gourmandes-de-joce.fr\/wp-content\/uploads\/2025\/05\/20250518_173216.jpg 800w, http:\/\/recettes-gourmandes-de-joce.fr\/wp-content\/uploads\/2025\/05\/20250518_173216-768x621.jpg 768w, http:\/\/recettes-gourmandes-de-joce.fr\/wp-content\/uploads\/2025\/05\/20250518_173216-750x607.jpg 750w\" sizes=\"auto, (max-width: 223px) 100vw, 223px\" \/><\/em><\/span><\/span><\/p>\n<p style=\"text-align: center;\"><span style=\"text-decoration: underline; color: #ff9900;\"><span style=\"font-family: georgia, palatino, serif; font-size: 18pt;\"><em>Ingr\u00e9dients<\/em><\/span><\/span><\/p>\n<p><span style=\"font-family: georgia, palatino, serif; color: #ff9900;\"><em><span style=\"font-size: 14pt;\"><img loading=\"lazy\" decoding=\"async\" class=\"wp-image-95209 aligncenter\" src=\"http:\/\/recettes-gourmandes-de-joce.fr\/wp-content\/uploads\/2025\/05\/Recettes-de-mai-20251.jpg\" alt=\"\" width=\"267\" height=\"200\" srcset=\"http:\/\/recettes-gourmandes-de-joce.fr\/wp-content\/uploads\/2025\/05\/Recettes-de-mai-20251.jpg 800w, http:\/\/recettes-gourmandes-de-joce.fr\/wp-content\/uploads\/2025\/05\/Recettes-de-mai-20251-768x575.jpg 768w, http:\/\/recettes-gourmandes-de-joce.fr\/wp-content\/uploads\/2025\/05\/Recettes-de-mai-20251-750x562.jpg 750w\" sizes=\"auto, (max-width: 267px) 100vw, 267px\" \/><\/span><\/em><\/span><\/p>\n<p style=\"text-align: center;\"><span style=\"font-family: georgia, palatino, serif; color: #ff9900;\"><em><span style=\"font-size: 14pt;\">1 fromage blanc format yaourt \u00e0 d\u00e9faut un yaourt nature.<\/span><\/em><\/span><\/p>\n<p style=\"text-align: center;\"><span style=\"font-family: georgia, palatino, serif; color: #ff9900;\"><em><span style=\"font-size: 14pt;\">3 \u0153ufs<\/span><\/em><\/span><\/p>\n<p style=\"text-align: center;\"><span style=\"font-family: georgia, palatino, serif; color: #ff9900;\"><em><span style=\"font-size: 14pt;\">2 pots du fromage blanc de sucre<\/span><\/em><\/span><\/p>\n<p style=\"text-align: center;\"><span style=\"font-family: georgia, palatino, serif; color: #ff9900;\"><em><span style=\"font-size: 14pt;\">3 pots du fromage blanc de farine<\/span><\/em><\/span><\/p>\n<p style=\"text-align: center;\"><span style=\"font-family: georgia, palatino, serif; color: #ff9900;\"><em><span style=\"font-size: 14pt;\">1 sachet de levure chimique<\/span><\/em><\/span><\/p>\n<p style=\"text-align: center;\"><span style=\"font-family: georgia, palatino, serif; color: #ff9900;\"><em><span style=\"font-size: 14pt;\">1 sachet de sucre vanill\u00e9<\/span><\/em><\/span><\/p>\n<p style=\"text-align: center;\"><span style=\"font-family: georgia, palatino, serif; color: #ff9900;\"><em><span style=\"font-size: 14pt;\">\u00bd pot du fromage blanc de lait<\/span><\/em><\/span><\/p>\n<p style=\"text-align: center;\"><span style=\"font-family: georgia, palatino, serif; color: #ff9900;\"><em><span style=\"font-size: 14pt;\">\u00bd pot du fromage blanc d\u2019huile de tournesol<\/span><\/em><\/span><\/p>\n<p style=\"text-align: center;\"><span style=\"font-family: georgia, palatino, serif; color: #ff9900;\"><em><span style=\"font-size: 14pt;\"> 2 citrons non trait\u00e9s<\/span><\/em><\/span><\/p>\n<p style=\"text-align: center;\"><span style=\"font-family: georgia, palatino, serif; color: #ff9900;\"><em><span style=\"font-size: 14pt;\"><img loading=\"lazy\" decoding=\"async\" class=\"alignnone wp-image-79636\" src=\"http:\/\/recettes-gourmandes-de-joce.fr\/wp-content\/uploads\/2024\/05\/p1230165.jpg\" alt=\"\" width=\"247\" height=\"170\" \/> <img loading=\"lazy\" decoding=\"async\" class=\"alignnone wp-image-47787\" src=\"http:\/\/recettes-gourmandes-de-joce.fr\/wp-content\/uploads\/2022\/12\/P3150240-300x263.jpg\" alt=\"\" width=\"194\" height=\"170\" srcset=\"http:\/\/recettes-gourmandes-de-joce.fr\/wp-content\/uploads\/2022\/12\/P3150240-300x263.jpg 300w, http:\/\/recettes-gourmandes-de-joce.fr\/wp-content\/uploads\/2022\/12\/P3150240.jpg 492w\" sizes=\"auto, (max-width: 194px) 100vw, 194px\" \/> <img loading=\"lazy\" decoding=\"async\" class=\"alignnone wp-image-95207\" src=\"http:\/\/recettes-gourmandes-de-joce.fr\/wp-content\/uploads\/2025\/05\/20250518_164703.jpg\" alt=\"\" width=\"214\" height=\"170\" srcset=\"http:\/\/recettes-gourmandes-de-joce.fr\/wp-content\/uploads\/2025\/05\/20250518_164703.jpg 800w, http:\/\/recettes-gourmandes-de-joce.fr\/wp-content\/uploads\/2025\/05\/20250518_164703-768x612.jpg 768w, http:\/\/recettes-gourmandes-de-joce.fr\/wp-content\/uploads\/2025\/05\/20250518_164703-750x597.jpg 750w\" sizes=\"auto, (max-width: 214px) 100vw, 214px\" \/>\u00a0<\/span><\/em><\/span><\/p>\n<p style=\"text-align: center;\"><em><span style=\"color: #ff9900; font-size: 14pt; font-family: georgia, palatino, serif;\">Pr\u00e9lever le zeste d&rsquo;un citron r\u00e9cup\u00e9rer le jus, couper le deuxi\u00e8me citron en tranches.<\/span><\/em><\/p>\n<p style=\"text-align: center;\"><em><img loading=\"lazy\" decoding=\"async\" class=\"alignnone wp-image-37165 lazy-loaded\" src=\"http:\/\/recettes-gourmandes-de-joce.fr\/wp-content\/uploads\/2021\/06\/20210629_125832-300x225.jpg\" sizes=\"auto, (max-width: 213px) 100vw, 213px\" srcset=\"http:\/\/recettes-gourmandes-de-joce.fr\/wp-content\/uploads\/2021\/06\/20210629_125832-300x225.jpg 300w, http:\/\/recettes-gourmandes-de-joce.fr\/wp-content\/uploads\/2021\/06\/20210629_125832-768x576.jpg 768w, http:\/\/recettes-gourmandes-de-joce.fr\/wp-content\/uploads\/2021\/06\/20210629_125832-750x563.jpg 750w, http:\/\/recettes-gourmandes-de-joce.fr\/wp-content\/uploads\/2021\/06\/20210629_125832.jpg 800w\" alt=\"\" width=\"213\" height=\"160\" data-lazy-type=\"image\" data-src=\"http:\/\/recettes-gourmandes-de-joce.fr\/wp-content\/uploads\/2021\/06\/20210629_125832-300x225.jpg\" data-srcset=\"\" \/>\u00a0<img loading=\"lazy\" decoding=\"async\" class=\"alignnone wp-image-37166 lazy-loaded\" src=\"http:\/\/recettes-gourmandes-de-joce.fr\/wp-content\/uploads\/2021\/06\/20210629_125922-300x225.jpg\" sizes=\"auto, (max-width: 213px) 100vw, 213px\" srcset=\"http:\/\/recettes-gourmandes-de-joce.fr\/wp-content\/uploads\/2021\/06\/20210629_125922-300x225.jpg 300w, http:\/\/recettes-gourmandes-de-joce.fr\/wp-content\/uploads\/2021\/06\/20210629_125922-768x576.jpg 768w, http:\/\/recettes-gourmandes-de-joce.fr\/wp-content\/uploads\/2021\/06\/20210629_125922-750x563.jpg 750w, http:\/\/recettes-gourmandes-de-joce.fr\/wp-content\/uploads\/2021\/06\/20210629_125922.jpg 800w\" alt=\"\" width=\"213\" height=\"160\" data-lazy-type=\"image\" data-src=\"http:\/\/recettes-gourmandes-de-joce.fr\/wp-content\/uploads\/2021\/06\/20210629_125922-300x225.jpg\" data-srcset=\"\" \/>\u00a0<img loading=\"lazy\" decoding=\"async\" class=\"alignnone wp-image-37167 lazy-loaded\" src=\"http:\/\/recettes-gourmandes-de-joce.fr\/wp-content\/uploads\/2021\/06\/20210629_125952-300x225.jpg\" sizes=\"auto, (max-width: 213px) 100vw, 213px\" srcset=\"http:\/\/recettes-gourmandes-de-joce.fr\/wp-content\/uploads\/2021\/06\/20210629_125952-300x225.jpg 300w, http:\/\/recettes-gourmandes-de-joce.fr\/wp-content\/uploads\/2021\/06\/20210629_125952-768x576.jpg 768w, http:\/\/recettes-gourmandes-de-joce.fr\/wp-content\/uploads\/2021\/06\/20210629_125952-750x563.jpg 750w, http:\/\/recettes-gourmandes-de-joce.fr\/wp-content\/uploads\/2021\/06\/20210629_125952.jpg 800w\" alt=\"\" width=\"213\" height=\"160\" data-lazy-type=\"image\" data-src=\"http:\/\/recettes-gourmandes-de-joce.fr\/wp-content\/uploads\/2021\/06\/20210629_125952-300x225.jpg\" data-srcset=\"\" \/><\/em><\/p>\n<p style=\"text-align: center;\"><span style=\"color: #ff9900; font-size: 14pt; font-family: georgia, palatino, serif;\"><em>Dans un saladier, verser le contenu du fromage blanc, ajouter le sucre vanill\u00e9, les \u0153ufs et m\u00e9langer, ajouter ensuite la levure et m\u00e9langer \u00e0 nouveau.<\/em><\/span><\/p>\n<p style=\"text-align: center;\"><em><img loading=\"lazy\" decoding=\"async\" class=\"alignnone wp-image-37168 lazy-loaded\" src=\"http:\/\/recettes-gourmandes-de-joce.fr\/wp-content\/uploads\/2021\/06\/20210629_130030-300x225.jpg\" sizes=\"auto, (max-width: 213px) 100vw, 213px\" srcset=\"http:\/\/recettes-gourmandes-de-joce.fr\/wp-content\/uploads\/2021\/06\/20210629_130030-300x225.jpg 300w, http:\/\/recettes-gourmandes-de-joce.fr\/wp-content\/uploads\/2021\/06\/20210629_130030-768x576.jpg 768w, http:\/\/recettes-gourmandes-de-joce.fr\/wp-content\/uploads\/2021\/06\/20210629_130030-750x563.jpg 750w, http:\/\/recettes-gourmandes-de-joce.fr\/wp-content\/uploads\/2021\/06\/20210629_130030.jpg 800w\" alt=\"\" width=\"213\" height=\"160\" data-lazy-type=\"image\" data-src=\"http:\/\/recettes-gourmandes-de-joce.fr\/wp-content\/uploads\/2021\/06\/20210629_130030-300x225.jpg\" data-srcset=\"\" \/>\u00a0<img loading=\"lazy\" decoding=\"async\" class=\"alignnone wp-image-37169 lazy-loaded\" src=\"http:\/\/recettes-gourmandes-de-joce.fr\/wp-content\/uploads\/2021\/06\/20210629_130148-300x225.jpg\" sizes=\"auto, (max-width: 213px) 100vw, 213px\" srcset=\"http:\/\/recettes-gourmandes-de-joce.fr\/wp-content\/uploads\/2021\/06\/20210629_130148-300x225.jpg 300w, http:\/\/recettes-gourmandes-de-joce.fr\/wp-content\/uploads\/2021\/06\/20210629_130148-768x576.jpg 768w, http:\/\/recettes-gourmandes-de-joce.fr\/wp-content\/uploads\/2021\/06\/20210629_130148-750x563.jpg 750w, http:\/\/recettes-gourmandes-de-joce.fr\/wp-content\/uploads\/2021\/06\/20210629_130148.jpg 800w\" alt=\"\" width=\"213\" height=\"160\" data-lazy-type=\"image\" data-src=\"http:\/\/recettes-gourmandes-de-joce.fr\/wp-content\/uploads\/2021\/06\/20210629_130148-300x225.jpg\" data-srcset=\"\" \/>\u00a0<img loading=\"lazy\" decoding=\"async\" class=\"alignnone wp-image-37170 lazy-loaded\" src=\"http:\/\/recettes-gourmandes-de-joce.fr\/wp-content\/uploads\/2021\/06\/20210629_130214-300x225.jpg\" sizes=\"auto, (max-width: 213px) 100vw, 213px\" srcset=\"http:\/\/recettes-gourmandes-de-joce.fr\/wp-content\/uploads\/2021\/06\/20210629_130214-300x225.jpg 300w, http:\/\/recettes-gourmandes-de-joce.fr\/wp-content\/uploads\/2021\/06\/20210629_130214-768x576.jpg 768w, http:\/\/recettes-gourmandes-de-joce.fr\/wp-content\/uploads\/2021\/06\/20210629_130214-750x563.jpg 750w, http:\/\/recettes-gourmandes-de-joce.fr\/wp-content\/uploads\/2021\/06\/20210629_130214.jpg 800w\" alt=\"\" width=\"213\" height=\"160\" data-lazy-type=\"image\" data-src=\"http:\/\/recettes-gourmandes-de-joce.fr\/wp-content\/uploads\/2021\/06\/20210629_130214-300x225.jpg\" data-srcset=\"\" \/><\/em><\/p>\n<p style=\"text-align: center;\"><span style=\"font-family: georgia, palatino, serif; color: #ff9900;\"><em><span style=\"font-size: 14pt;\">Ajouter le sucre et bien m\u00e9langer, ajouter la farine et m\u00e9langer \u00e0 nouveau.<\/span><\/em><\/span><\/p>\n<p style=\"text-align: center;\"><span style=\"font-family: georgia, palatino, serif; color: #ff9900;\"><em><span style=\"font-size: 14pt;\"><img loading=\"lazy\" decoding=\"async\" class=\"lazy-loaded alignnone wp-image-37150\" src=\"http:\/\/recettes-gourmandes-de-joce.fr\/wp-content\/uploads\/2021\/06\/20210629_130237-300x225.jpg\" sizes=\"auto, (max-width: 213px) 100vw, 213px\" srcset=\"http:\/\/recettes-gourmandes-de-joce.fr\/wp-content\/uploads\/2021\/06\/20210629_130237-300x225.jpg 300w, http:\/\/recettes-gourmandes-de-joce.fr\/wp-content\/uploads\/2021\/06\/20210629_130237-768x576.jpg 768w, http:\/\/recettes-gourmandes-de-joce.fr\/wp-content\/uploads\/2021\/06\/20210629_130237-750x563.jpg 750w, http:\/\/recettes-gourmandes-de-joce.fr\/wp-content\/uploads\/2021\/06\/20210629_130237.jpg 800w\" alt=\"\" width=\"227\" height=\"170\" data-lazy-type=\"image\" data-src=\"http:\/\/recettes-gourmandes-de-joce.fr\/wp-content\/uploads\/2021\/06\/20210629_130237-300x225.jpg\" data-srcset=\"\" \/> <img loading=\"lazy\" decoding=\"async\" class=\"alignnone wp-image-95206\" src=\"http:\/\/recettes-gourmandes-de-joce.fr\/wp-content\/uploads\/2025\/05\/20250518_164600.jpg\" alt=\"\" width=\"227\" height=\"170\" srcset=\"http:\/\/recettes-gourmandes-de-joce.fr\/wp-content\/uploads\/2025\/05\/20250518_164600.jpg 800w, http:\/\/recettes-gourmandes-de-joce.fr\/wp-content\/uploads\/2025\/05\/20250518_164600-768x576.jpg 768w, http:\/\/recettes-gourmandes-de-joce.fr\/wp-content\/uploads\/2025\/05\/20250518_164600-750x563.jpg 750w\" sizes=\"auto, (max-width: 227px) 100vw, 227px\" \/> <\/span><\/em><em style=\"font-size: 18.6667px;\"><img loading=\"lazy\" decoding=\"async\" class=\"alignnone wp-image-95205\" src=\"http:\/\/recettes-gourmandes-de-joce.fr\/wp-content\/uploads\/2025\/05\/20250518_164424.jpg\" alt=\"\" width=\"227\" height=\"170\" srcset=\"http:\/\/recettes-gourmandes-de-joce.fr\/wp-content\/uploads\/2025\/05\/20250518_164424.jpg 800w, http:\/\/recettes-gourmandes-de-joce.fr\/wp-content\/uploads\/2025\/05\/20250518_164424-768x576.jpg 768w, http:\/\/recettes-gourmandes-de-joce.fr\/wp-content\/uploads\/2025\/05\/20250518_164424-750x563.jpg 750w\" sizes=\"auto, (max-width: 227px) 100vw, 227px\" \/><\/em><\/span><\/p>\n<p style=\"text-align: center;\"><span style=\"color: #ff9900; font-size: 14pt; font-family: georgia, palatino, serif;\"><em style=\"font-size: 16px;\"><span style=\"font-size: 14pt;\">Remplir de moiti\u00e9 le pot de yaourt d\u2019huile et compl\u00e9ter avec le<\/span><\/em><em> lait, <\/em><em>verser dans la p\u00e2te, bien m\u00e9langer.\u00a0 Ajouter ensuite le jus du citron et m\u00e9langer \u00e0 nouveau. <\/em><\/span><em style=\"text-align: center;\">Ajouter le zeste et m\u00e9langer une nouvelle fois.\u00a0<\/em><\/p>\n<p style=\"text-align: center;\"><span style=\"color: #ff9900; font-size: 14pt; font-family: georgia, palatino, serif;\"><em>\u00a0<img loading=\"lazy\" decoding=\"async\" class=\"alignnone wp-image-95196\" src=\"http:\/\/recettes-gourmandes-de-joce.fr\/wp-content\/uploads\/2025\/05\/20250518_164940.jpg\" alt=\"\" width=\"227\" height=\"170\" srcset=\"http:\/\/recettes-gourmandes-de-joce.fr\/wp-content\/uploads\/2025\/05\/20250518_164940.jpg 800w, http:\/\/recettes-gourmandes-de-joce.fr\/wp-content\/uploads\/2025\/05\/20250518_164940-768x576.jpg 768w, http:\/\/recettes-gourmandes-de-joce.fr\/wp-content\/uploads\/2025\/05\/20250518_164940-750x563.jpg 750w\" sizes=\"auto, (max-width: 227px) 100vw, 227px\" \/> <\/em><img loading=\"lazy\" decoding=\"async\" class=\"alignnone wp-image-95197\" src=\"http:\/\/recettes-gourmandes-de-joce.fr\/wp-content\/uploads\/2025\/05\/20250518_165026.jpg\" alt=\"\" width=\"227\" height=\"170\" srcset=\"http:\/\/recettes-gourmandes-de-joce.fr\/wp-content\/uploads\/2025\/05\/20250518_165026.jpg 800w, http:\/\/recettes-gourmandes-de-joce.fr\/wp-content\/uploads\/2025\/05\/20250518_165026-768x576.jpg 768w, http:\/\/recettes-gourmandes-de-joce.fr\/wp-content\/uploads\/2025\/05\/20250518_165026-750x563.jpg 750w\" sizes=\"auto, (max-width: 227px) 100vw, 227px\" \/> <img loading=\"lazy\" decoding=\"async\" class=\"alignnone wp-image-95198\" src=\"http:\/\/recettes-gourmandes-de-joce.fr\/wp-content\/uploads\/2025\/05\/20250518_172713.jpg\" alt=\"\" width=\"227\" height=\"170\" srcset=\"http:\/\/recettes-gourmandes-de-joce.fr\/wp-content\/uploads\/2025\/05\/20250518_172713.jpg 800w, http:\/\/recettes-gourmandes-de-joce.fr\/wp-content\/uploads\/2025\/05\/20250518_172713-768x576.jpg 768w, http:\/\/recettes-gourmandes-de-joce.fr\/wp-content\/uploads\/2025\/05\/20250518_172713-750x563.jpg 750w\" sizes=\"auto, (max-width: 227px) 100vw, 227px\" \/><\/span><\/p>\n<p style=\"text-align: center;\"><span style=\"color: #ff9900; font-size: 14pt; font-family: georgia, palatino, serif;\"><em style=\"text-align: center;\">Pr\u00e9chauffer le four \u00e0 200\u00b0. Huil\u00e9 et farinez le moule \u00e0 g\u00e2teau. Verser la p\u00e2te dans le moule et r\u00e9partir des tranches de citron dessus. <em>Enfourner \u00e0 180\u00b0 pendant 35 minutes environ selon les fours.<\/em><\/em><\/span><\/p>\n<p style=\"text-align: center;\"><span style=\"color: #ff9900; font-size: 14pt; font-family: georgia, palatino, serif;\"><em style=\"text-align: center;\"><em>\u00a0Attendez que votre g\u00e2teau refroidisse pour le d\u00e9mouler. <\/em><\/em><\/span><\/p>\n<p style=\"text-align: center;\"><span style=\"color: #ff9900; font-size: 14pt; font-family: georgia, palatino, serif;\"><em style=\"text-align: center;\"><em>Bonne d\u00e9gustation!<\/em><\/em><\/span><\/p>\n<p style=\"text-align: center;\"><span style=\"color: #ff9900; font-size: 14pt; font-family: georgia, palatino, serif;\">\u00a0<img loading=\"lazy\" decoding=\"async\" class=\"alignnone wp-image-95202\" src=\"http:\/\/recettes-gourmandes-de-joce.fr\/wp-content\/uploads\/2025\/05\/20250518_173225.jpg\" alt=\"\" width=\"240\" height=\"180\" srcset=\"http:\/\/recettes-gourmandes-de-joce.fr\/wp-content\/uploads\/2025\/05\/20250518_173225.jpg 800w, http:\/\/recettes-gourmandes-de-joce.fr\/wp-content\/uploads\/2025\/05\/20250518_173225-768x576.jpg 768w, http:\/\/recettes-gourmandes-de-joce.fr\/wp-content\/uploads\/2025\/05\/20250518_173225-750x563.jpg 750w\" sizes=\"auto, (max-width: 240px) 100vw, 240px\" \/>\u00a0<img loading=\"lazy\" decoding=\"async\" class=\"alignnone wp-image-95199\" src=\"http:\/\/recettes-gourmandes-de-joce.fr\/wp-content\/uploads\/2025\/05\/20250518_173210.jpg\" alt=\"\" width=\"215\" height=\"180\" srcset=\"http:\/\/recettes-gourmandes-de-joce.fr\/wp-content\/uploads\/2025\/05\/20250518_173210.jpg 800w, http:\/\/recettes-gourmandes-de-joce.fr\/wp-content\/uploads\/2025\/05\/20250518_173210-768x642.jpg 768w, http:\/\/recettes-gourmandes-de-joce.fr\/wp-content\/uploads\/2025\/05\/20250518_173210-750x627.jpg 750w\" sizes=\"auto, (max-width: 215px) 100vw, 215px\" \/><\/span> <img loading=\"lazy\" decoding=\"async\" class=\"alignnone wp-image-95201\" src=\"http:\/\/recettes-gourmandes-de-joce.fr\/wp-content\/uploads\/2025\/05\/20250518_173220.jpg\" alt=\"\" width=\"257\" height=\"180\" srcset=\"http:\/\/recettes-gourmandes-de-joce.fr\/wp-content\/uploads\/2025\/05\/20250518_173220.jpg 800w, http:\/\/recettes-gourmandes-de-joce.fr\/wp-content\/uploads\/2025\/05\/20250518_173220-768x538.jpg 768w, http:\/\/recettes-gourmandes-de-joce.fr\/wp-content\/uploads\/2025\/05\/20250518_173220-750x525.jpg 750w\" sizes=\"auto, (max-width: 257px) 100vw, 257px\" \/><\/p>\n<p style=\"text-align: center;\"><img decoding=\"async\" src=\"http:\/\/recettes-gourmandes-de-joce.fr\/wp-content\/uploads\/2020\/07\/logitech-gaming-software-14112014-121223.jpg\" \/><\/p>\n","protected":false},"excerpt":{"rendered":"<p>Une de mes recettes Ingr\u00e9dients 1 fromage blanc format yaourt \u00e0 d\u00e9faut un yaourt nature. 3 \u0153ufs 2 pots du fromage blanc de sucre 3 pots du fromage blanc de farine 1 sachet de levure chimique 1 sachet de sucre vanill\u00e9 \u00bd pot du fromage blanc de lait \u00bd pot du fromage blanc d\u2019huile de &hellip; <\/p>\n<p><a class=\"more-link btn\" href=\"http:\/\/recettes-gourmandes-de-joce.fr\/index.php\/index\/desserts\/tartes-gateaux\/gateau-au-fromage-blanc-et-aux-citrons\/\">Lire la suite<\/a><\/p>\n","protected":false},"author":2,"featured_media":95204,"parent":181,"menu_order":0,"comment_status":"open","ping_status":"closed","template":"","meta":{"footnotes":""},"class_list":["post-95208","page","type-page","status-publish","has-post-thumbnail","hentry","nodate","item-wrap"],"_links":{"self":[{"href":"http:\/\/recettes-gourmandes-de-joce.fr\/index.php\/wp-json\/wp\/v2\/pages\/95208","targetHints":{"allow":["GET"]}}],"collection":[{"href":"http:\/\/recettes-gourmandes-de-joce.fr\/index.php\/wp-json\/wp\/v2\/pages"}],"about":[{"href":"http:\/\/recettes-gourmandes-de-joce.fr\/index.php\/wp-json\/wp\/v2\/types\/page"}],"author":[{"embeddable":true,"href":"http:\/\/recettes-gourmandes-de-joce.fr\/index.php\/wp-json\/wp\/v2\/users\/2"}],"replies":[{"embeddable":true,"href":"http:\/\/recettes-gourmandes-de-joce.fr\/index.php\/wp-json\/wp\/v2\/comments?post=95208"}],"version-history":[{"count":2,"href":"http:\/\/recettes-gourmandes-de-joce.fr\/index.php\/wp-json\/wp\/v2\/pages\/95208\/revisions"}],"predecessor-version":[{"id":95211,"href":"http:\/\/recettes-gourmandes-de-joce.fr\/index.php\/wp-json\/wp\/v2\/pages\/95208\/revisions\/95211"}],"up":[{"embeddable":true,"href":"http:\/\/recettes-gourmandes-de-joce.fr\/index.php\/wp-json\/wp\/v2\/pages\/181"}],"wp:featuredmedia":[{"embeddable":true,"href":"http:\/\/recettes-gourmandes-de-joce.fr\/index.php\/wp-json\/wp\/v2\/media\/95204"}],"wp:attachment":[{"href":"http:\/\/recettes-gourmandes-de-joce.fr\/index.php\/wp-json\/wp\/v2\/media?parent=95208"}],"curies":[{"name":"wp","href":"https:\/\/api.w.org\/{rel}","templated":true}]}}