{"id":94692,"date":"2025-04-25T20:56:21","date_gmt":"2025-04-25T20:56:21","guid":{"rendered":"http:\/\/recettes-gourmandes-de-joce.fr\/?page_id=94692"},"modified":"2025-04-25T20:59:24","modified_gmt":"2025-04-25T20:59:24","slug":"tartelettes-aux-fruits-rouges-pistaches-creme-patissiere-et-coulis-de-framboises","status":"publish","type":"page","link":"http:\/\/recettes-gourmandes-de-joce.fr\/index.php\/index\/desserts\/tartes-et-tartelettes-sucrees\/tartelettes-aux-fruits-rouges-pistaches-creme-patissiere-et-coulis-de-framboises\/","title":{"rendered":"Tartelettes aux fruits rouges, pistaches, cr\u00e8me p\u00e2tissi\u00e8re et coulis de framboises."},"content":{"rendered":"<p style=\"text-align: center;\"><span style=\"text-decoration: underline; color: #ba045f;\"><span style=\"font-size: 18pt; font-family: georgia, palatino, serif;\"><em>Une de mes recettes<\/em><\/span><\/span><\/p>\n<p style=\"text-align: center;\"><span style=\"color: #ba045f;\"><img loading=\"lazy\" decoding=\"async\" class=\"alignnone wp-image-94612\" src=\"http:\/\/recettes-gourmandes-de-joce.fr\/wp-content\/uploads\/2025\/04\/20250420_112409.jpg\" alt=\"\" width=\"276\" height=\"180\" srcset=\"http:\/\/recettes-gourmandes-de-joce.fr\/wp-content\/uploads\/2025\/04\/20250420_112409.jpg 800w, http:\/\/recettes-gourmandes-de-joce.fr\/wp-content\/uploads\/2025\/04\/20250420_112409-768x501.jpg 768w, http:\/\/recettes-gourmandes-de-joce.fr\/wp-content\/uploads\/2025\/04\/20250420_112409-750x489.jpg 750w\" sizes=\"auto, (max-width: 276px) 100vw, 276px\" \/> <img loading=\"lazy\" decoding=\"async\" class=\"alignnone wp-image-94613\" src=\"http:\/\/recettes-gourmandes-de-joce.fr\/wp-content\/uploads\/2025\/04\/20250420_112412.jpg\" alt=\"\" width=\"208\" height=\"180\" srcset=\"http:\/\/recettes-gourmandes-de-joce.fr\/wp-content\/uploads\/2025\/04\/20250420_112412.jpg 800w, http:\/\/recettes-gourmandes-de-joce.fr\/wp-content\/uploads\/2025\/04\/20250420_112412-768x665.jpg 768w, http:\/\/recettes-gourmandes-de-joce.fr\/wp-content\/uploads\/2025\/04\/20250420_112412-750x650.jpg 750w\" sizes=\"auto, (max-width: 208px) 100vw, 208px\" \/> <img loading=\"lazy\" decoding=\"async\" class=\"alignnone wp-image-94611\" src=\"http:\/\/recettes-gourmandes-de-joce.fr\/wp-content\/uploads\/2025\/04\/20250420_112406.jpg\" alt=\"\" width=\"240\" height=\"180\" srcset=\"http:\/\/recettes-gourmandes-de-joce.fr\/wp-content\/uploads\/2025\/04\/20250420_112406.jpg 800w, http:\/\/recettes-gourmandes-de-joce.fr\/wp-content\/uploads\/2025\/04\/20250420_112406-768x576.jpg 768w, http:\/\/recettes-gourmandes-de-joce.fr\/wp-content\/uploads\/2025\/04\/20250420_112406-750x563.jpg 750w\" sizes=\"auto, (max-width: 240px) 100vw, 240px\" \/> <img loading=\"lazy\" decoding=\"async\" class=\"alignnone wp-image-94615\" src=\"http:\/\/recettes-gourmandes-de-joce.fr\/wp-content\/uploads\/2025\/04\/20250420_112733.jpg\" alt=\"\" width=\"285\" height=\"180\" srcset=\"http:\/\/recettes-gourmandes-de-joce.fr\/wp-content\/uploads\/2025\/04\/20250420_112733.jpg 800w, http:\/\/recettes-gourmandes-de-joce.fr\/wp-content\/uploads\/2025\/04\/20250420_112733-768x485.jpg 768w, http:\/\/recettes-gourmandes-de-joce.fr\/wp-content\/uploads\/2025\/04\/20250420_112733-750x473.jpg 750w\" sizes=\"auto, (max-width: 285px) 100vw, 285px\" \/><\/span><\/p>\n<p style=\"text-align: center;\"><span style=\"text-decoration: underline; color: #ba045f;\"><span style=\"font-size: 18pt; font-family: georgia, palatino, serif;\"><em>Ingr\u00e9dients pour 9 tartelettes<\/em><\/span><\/span><\/p>\n<p style=\"text-align: center;\"><span style=\"color: #ba045f;\"><img loading=\"lazy\" decoding=\"async\" class=\"alignnone wp-image-80649\" src=\"http:\/\/recettes-gourmandes-de-joce.fr\/wp-content\/uploads\/2024\/05\/tartelettes-fraises4.jpg\" alt=\"\" width=\"267\" height=\"200\" srcset=\"http:\/\/recettes-gourmandes-de-joce.fr\/wp-content\/uploads\/2024\/05\/tartelettes-fraises4.jpg 1024w, http:\/\/recettes-gourmandes-de-joce.fr\/wp-content\/uploads\/2024\/05\/tartelettes-fraises4-768x576.jpg 768w, http:\/\/recettes-gourmandes-de-joce.fr\/wp-content\/uploads\/2024\/05\/tartelettes-fraises4-750x563.jpg 750w\" sizes=\"auto, (max-width: 267px) 100vw, 267px\" \/> <img loading=\"lazy\" decoding=\"async\" class=\"alignnone wp-image-9266\" src=\"http:\/\/recettes-gourmandes-de-joce.fr\/wp-content\/uploads\/2019\/11\/PC140575-300x225.jpg\" alt=\"\" width=\"267\" height=\"200\" srcset=\"http:\/\/recettes-gourmandes-de-joce.fr\/wp-content\/uploads\/2019\/11\/PC140575-300x225.jpg 300w, http:\/\/recettes-gourmandes-de-joce.fr\/wp-content\/uploads\/2019\/11\/PC140575.jpg 640w\" sizes=\"auto, (max-width: 267px) 100vw, 267px\" \/><\/span><\/p>\n<p style=\"text-align: center;\"><span style=\"text-decoration: underline; color: #ba045f;\"><strong><span style=\"font-size: 14pt; font-family: georgia, palatino, serif;\"><em>Pour la p\u00e2te la recette sur ce lien -&gt;<\/em><\/span><\/strong><\/span><span style=\"color: #333399;\"><a style=\"color: #333399;\" href=\"http:\/\/recettes-gourmandes-de-joce.fr\/index.php\/index\/desserts\/pates-cremes-glacages\/pate-sablee-version-sucre-glace\/\"><strong><span style=\"font-size: 14pt; font-family: georgia, palatino, serif;\"><em>P\u00e2te sabl\u00e9e version sucre glace<\/em><\/span><\/strong><\/a><\/span><\/p>\n<p style=\"text-align: center;\"><span style=\"font-size: 14pt; font-family: georgia, palatino, serif; color: #ba045f;\"><em>\u00a01 jaune \u0153uf<\/em><\/span><\/p>\n<p style=\"text-align: center;\"><span style=\"font-size: 14pt; font-family: georgia, palatino, serif; color: #ba045f;\"><em>\u00a0280 g de farine<\/em><\/span><\/p>\n<p style=\"text-align: center;\"><span style=\"font-size: 14pt; font-family: georgia, palatino, serif; color: #ba045f;\"><em>\u00a080 g de sucre glace<\/em><\/span><\/p>\n<p style=\"text-align: center;\"><span style=\"font-size: 14pt; font-family: georgia, palatino, serif; color: #ba045f;\"><em>125 g de beurre<\/em><\/span><\/p>\n<p style=\"text-align: center;\"><span style=\"font-size: 14pt; font-family: georgia, palatino, serif; color: #ba045f;\"><em>5 cl d\u2019eau environ<\/em><\/span><\/p>\n<p style=\"text-align: center;\"><span style=\"font-size: 14pt; font-family: georgia, palatino, serif; color: #ba045f;\"><em>1 pinc\u00e9e de sel <\/em><\/span><\/p>\n<p style=\"text-align: center;\"><span style=\"text-decoration: underline; color: #ba045f;\"><strong><span style=\"font-size: 14pt; font-family: georgia, palatino, serif;\"><em>Pour la cr\u00e8me p\u00e2tissi\u00e8re la recette sur ce lien -&gt; <\/em><\/span><\/strong><\/span><span style=\"color: #ba045f;\"><strong><span style=\"font-size: 14pt; font-family: georgia, palatino, serif;\"><em><span style=\"color: #333399;\"><a style=\"color: #333399; text-decoration: underline;\" href=\"http:\/\/recettes-gourmandes-de-joce.fr\/index.php\/index\/desserts\/pates-cremes-glacages\/creme-patissiere\/\">Cr\u00e8me p\u00e2tissi\u00e8re<\/a><\/span><\/em><\/span><\/strong><\/span><\/p>\n<p style=\"text-align: center;\"><span style=\"font-size: 14pt; font-family: georgia, palatino, serif; color: #ba045f;\"><em>25 cl de lait<\/em><\/span><\/p>\n<p style=\"text-align: center;\"><span style=\"font-size: 14pt; font-family: georgia, palatino, serif; color: #ba045f;\"><em>1 sachet de sucre vanill\u00e9<\/em><\/span><\/p>\n<p style=\"text-align: center;\"><span style=\"font-size: 14pt; font-family: georgia, palatino, serif; color: #ba045f;\"><em>55 g de sucre en poudre<\/em><\/span><\/p>\n<p style=\"text-align: center;\"><span style=\"font-size: 14pt; font-family: georgia, palatino, serif; color: #ba045f;\"><em>20 g de ma\u00efzena<\/em><\/span><\/p>\n<p style=\"text-align: center;\"><span style=\"font-size: 14pt; font-family: georgia, palatino, serif; color: #ba045f;\"><em>2 jaunes d\u2019\u0153ufs<\/em><\/span><\/p>\n<p style=\"text-align: center;\"><span style=\"font-size: 14pt; font-family: georgia, palatino, serif; color: #ba045f;\"><em><img loading=\"lazy\" decoding=\"async\" class=\"alignnone wp-image-94616\" src=\"http:\/\/recettes-gourmandes-de-joce.fr\/wp-content\/uploads\/2025\/04\/20250419_193904.jpg\" alt=\"\" width=\"259\" height=\"200\" srcset=\"http:\/\/recettes-gourmandes-de-joce.fr\/wp-content\/uploads\/2025\/04\/20250419_193904.jpg 800w, http:\/\/recettes-gourmandes-de-joce.fr\/wp-content\/uploads\/2025\/04\/20250419_193904-768x593.jpg 768w, http:\/\/recettes-gourmandes-de-joce.fr\/wp-content\/uploads\/2025\/04\/20250419_193904-750x579.jpg 750w\" sizes=\"auto, (max-width: 259px) 100vw, 259px\" \/> <img loading=\"lazy\" decoding=\"async\" class=\"alignnone wp-image-94629\" src=\"http:\/\/recettes-gourmandes-de-joce.fr\/wp-content\/uploads\/2025\/04\/20250420_111532.jpg\" alt=\"\" width=\"267\" height=\"200\" srcset=\"http:\/\/recettes-gourmandes-de-joce.fr\/wp-content\/uploads\/2025\/04\/20250420_111532.jpg 800w, http:\/\/recettes-gourmandes-de-joce.fr\/wp-content\/uploads\/2025\/04\/20250420_111532-768x576.jpg 768w, http:\/\/recettes-gourmandes-de-joce.fr\/wp-content\/uploads\/2025\/04\/20250420_111532-750x563.jpg 750w\" sizes=\"auto, (max-width: 267px) 100vw, 267px\" \/><\/em><\/span><\/p>\n<p style=\"text-align: center;\"><span style=\"color: #ba045f;\"><strong><span style=\"text-decoration: underline;\"><span style=\"font-size: 14pt; font-family: georgia, palatino, serif;\"><em>Pour le coulis de framboises<\/em><\/span><\/span><\/strong><\/span><\/p>\n<p style=\"text-align: center;\"><span style=\"font-size: 14pt; font-family: georgia, palatino, serif; color: #ba045f;\"><em>200 g de framboises <\/em><\/span><\/p>\n<p style=\"text-align: center;\"><span style=\"font-size: 14pt; font-family: georgia, palatino, serif; color: #ba045f;\"><em>\u00bd petit citron <\/em><\/span><\/p>\n<p style=\"text-align: center;\"><span style=\"font-size: 14pt; font-family: georgia, palatino, serif; color: #ba045f;\"><em>50 g de sucre en poudre<\/em><\/span><\/p>\n<p style=\"text-align: center;\"><span style=\"text-decoration: underline; color: #ba045f;\"><strong><span style=\"font-size: 14pt; font-family: georgia, palatino, serif;\"><em>Garniture<\/em><\/span><\/strong><\/span><\/p>\n<p style=\"text-align: center;\"><span style=\"font-size: 14pt; font-family: georgia, palatino, serif; color: #ba045f;\"><em>9 fraises<\/em><\/span><\/p>\n<p style=\"text-align: center;\"><span style=\"font-size: 14pt; font-family: georgia, palatino, serif; color: #ba045f;\"><em> 18 framboises <\/em><\/span><\/p>\n<p style=\"text-align: center;\"><span style=\"font-size: 14pt; font-family: georgia, palatino, serif; color: #ba045f;\"><em>\u00bd barquette de myrtilles<\/em><\/span><\/p>\n<p style=\"text-align: center;\"><span style=\"font-size: 14pt; font-family: georgia, palatino, serif; color: #ba045f;\"><em> 1 sachet d&rsquo;\u00e9clats de pistaches<\/em><\/span><\/p>\n<p style=\"text-align: center;\"><img loading=\"lazy\" decoding=\"async\" class=\"alignnone wp-image-80652\" src=\"http:\/\/recettes-gourmandes-de-joce.fr\/wp-content\/uploads\/2024\/05\/tartelettes-fraises5.jpg\" alt=\"\" width=\"128\" height=\"170\" srcset=\"http:\/\/recettes-gourmandes-de-joce.fr\/wp-content\/uploads\/2024\/05\/tartelettes-fraises5.jpg 768w, http:\/\/recettes-gourmandes-de-joce.fr\/wp-content\/uploads\/2024\/05\/tartelettes-fraises5-750x1000.jpg 750w\" sizes=\"auto, (max-width: 128px) 100vw, 128px\" \/> <img loading=\"lazy\" decoding=\"async\" class=\"alignnone wp-image-94617\" src=\"http:\/\/recettes-gourmandes-de-joce.fr\/wp-content\/uploads\/2025\/04\/20250419_194152.jpg\" alt=\"\" width=\"227\" height=\"170\" srcset=\"http:\/\/recettes-gourmandes-de-joce.fr\/wp-content\/uploads\/2025\/04\/20250419_194152.jpg 800w, http:\/\/recettes-gourmandes-de-joce.fr\/wp-content\/uploads\/2025\/04\/20250419_194152-768x576.jpg 768w, http:\/\/recettes-gourmandes-de-joce.fr\/wp-content\/uploads\/2025\/04\/20250419_194152-750x563.jpg 750w\" sizes=\"auto, (max-width: 227px) 100vw, 227px\" \/> <img loading=\"lazy\" decoding=\"async\" class=\"alignnone wp-image-94618\" src=\"http:\/\/recettes-gourmandes-de-joce.fr\/wp-content\/uploads\/2025\/04\/20250419_194626.jpg\" alt=\"\" width=\"227\" height=\"170\" srcset=\"http:\/\/recettes-gourmandes-de-joce.fr\/wp-content\/uploads\/2025\/04\/20250419_194626.jpg 800w, http:\/\/recettes-gourmandes-de-joce.fr\/wp-content\/uploads\/2025\/04\/20250419_194626-768x576.jpg 768w, http:\/\/recettes-gourmandes-de-joce.fr\/wp-content\/uploads\/2025\/04\/20250419_194626-750x563.jpg 750w\" sizes=\"auto, (max-width: 227px) 100vw, 227px\" \/><\/p>\n<p style=\"text-align: center;\"><span style=\"color: #ba045f;\"><em><span style=\"font-family: georgia, palatino, serif; font-size: 14pt;\">R\u00e9aliser la cr\u00e8me p\u00e2tissi\u00e8re et la p\u00e2te sabl\u00e9e, les filmer et les entreposer au frais 1 h. Pendant ce temps pr\u00e9parer le coulis de framboises, mettre les framboises dans une casserole avec le sucre et le jus du demi-citron.<\/span><\/em><\/span><\/p>\n<p style=\"text-align: center;\"><span style=\"color: #ba045f;\"><em><span style=\"font-family: georgia, palatino, serif; font-size: 14pt;\"><img loading=\"lazy\" decoding=\"async\" class=\"alignnone wp-image-94620\" src=\"http:\/\/recettes-gourmandes-de-joce.fr\/wp-content\/uploads\/2025\/04\/20250419_194913.jpg\" alt=\"\" width=\"227\" height=\"170\" srcset=\"http:\/\/recettes-gourmandes-de-joce.fr\/wp-content\/uploads\/2025\/04\/20250419_194913.jpg 800w, http:\/\/recettes-gourmandes-de-joce.fr\/wp-content\/uploads\/2025\/04\/20250419_194913-768x576.jpg 768w, http:\/\/recettes-gourmandes-de-joce.fr\/wp-content\/uploads\/2025\/04\/20250419_194913-750x563.jpg 750w\" sizes=\"auto, (max-width: 227px) 100vw, 227px\" \/> <img loading=\"lazy\" decoding=\"async\" class=\"alignnone wp-image-94622\" src=\"http:\/\/recettes-gourmandes-de-joce.fr\/wp-content\/uploads\/2025\/04\/20250419_212942.jpg\" alt=\"\" width=\"227\" height=\"170\" srcset=\"http:\/\/recettes-gourmandes-de-joce.fr\/wp-content\/uploads\/2025\/04\/20250419_212942.jpg 800w, http:\/\/recettes-gourmandes-de-joce.fr\/wp-content\/uploads\/2025\/04\/20250419_212942-768x576.jpg 768w, http:\/\/recettes-gourmandes-de-joce.fr\/wp-content\/uploads\/2025\/04\/20250419_212942-750x563.jpg 750w\" sizes=\"auto, (max-width: 227px) 100vw, 227px\" \/> <img loading=\"lazy\" decoding=\"async\" class=\"alignnone wp-image-94621\" src=\"http:\/\/recettes-gourmandes-de-joce.fr\/wp-content\/uploads\/2025\/04\/20250419_211056.jpg\" alt=\"\" width=\"226\" height=\"170\" srcset=\"http:\/\/recettes-gourmandes-de-joce.fr\/wp-content\/uploads\/2025\/04\/20250419_211056.jpg 800w, http:\/\/recettes-gourmandes-de-joce.fr\/wp-content\/uploads\/2025\/04\/20250419_211056-768x579.jpg 768w, http:\/\/recettes-gourmandes-de-joce.fr\/wp-content\/uploads\/2025\/04\/20250419_211056-750x565.jpg 750w\" sizes=\"auto, (max-width: 226px) 100vw, 226px\" \/><\/span><\/em><\/span><\/p>\n<p style=\"text-align: center;\"><span style=\"color: #ba045f;\"><em><span style=\"font-family: georgia, palatino, serif; font-size: 14pt;\">Mettre \u00e0 chauffer et remuer jusqu&rsquo;\u00e0 obtention d&rsquo;un coulis environ 5 bonnes minutes. Laisser refroidir. Au bout d&rsquo;un heure, \u00e9taler la p\u00e2te sabl\u00e9e en prenant soin de fariner le plan de travail, d\u00e9couper des cercles plus grands que les moules que vous aurez au pr\u00e9alable beurr\u00e9s.<\/span><\/em><\/span><\/p>\n<p style=\"text-align: center;\"><span style=\"color: #ba045f;\"><em><span style=\"font-family: georgia, palatino, serif; font-size: 14pt;\"> <img loading=\"lazy\" decoding=\"async\" class=\"alignnone wp-image-94623\" src=\"http:\/\/recettes-gourmandes-de-joce.fr\/wp-content\/uploads\/2025\/04\/20250419_213501.jpg\" alt=\"\" width=\"235\" height=\"170\" srcset=\"http:\/\/recettes-gourmandes-de-joce.fr\/wp-content\/uploads\/2025\/04\/20250419_213501.jpg 800w, http:\/\/recettes-gourmandes-de-joce.fr\/wp-content\/uploads\/2025\/04\/20250419_213501-768x556.jpg 768w, http:\/\/recettes-gourmandes-de-joce.fr\/wp-content\/uploads\/2025\/04\/20250419_213501-750x543.jpg 750w\" sizes=\"auto, (max-width: 235px) 100vw, 235px\" \/> <img loading=\"lazy\" decoding=\"async\" class=\"alignnone wp-image-94624\" src=\"http:\/\/recettes-gourmandes-de-joce.fr\/wp-content\/uploads\/2025\/04\/20250419_214041.jpg\" alt=\"\" width=\"227\" height=\"170\" srcset=\"http:\/\/recettes-gourmandes-de-joce.fr\/wp-content\/uploads\/2025\/04\/20250419_214041.jpg 800w, http:\/\/recettes-gourmandes-de-joce.fr\/wp-content\/uploads\/2025\/04\/20250419_214041-768x576.jpg 768w, http:\/\/recettes-gourmandes-de-joce.fr\/wp-content\/uploads\/2025\/04\/20250419_214041-750x563.jpg 750w\" sizes=\"auto, (max-width: 227px) 100vw, 227px\" \/> <img loading=\"lazy\" decoding=\"async\" class=\"alignnone wp-image-94625\" src=\"http:\/\/recettes-gourmandes-de-joce.fr\/wp-content\/uploads\/2025\/04\/20250419_214147.jpg\" alt=\"\" width=\"263\" height=\"170\" srcset=\"http:\/\/recettes-gourmandes-de-joce.fr\/wp-content\/uploads\/2025\/04\/20250419_214147.jpg 800w, http:\/\/recettes-gourmandes-de-joce.fr\/wp-content\/uploads\/2025\/04\/20250419_214147-768x497.jpg 768w, http:\/\/recettes-gourmandes-de-joce.fr\/wp-content\/uploads\/2025\/04\/20250419_214147-750x486.jpg 750w\" sizes=\"auto, (max-width: 263px) 100vw, 263px\" \/><\/span><\/em><\/span><\/p>\n<p style=\"text-align: center;\"><span style=\"color: #ba045f;\"><em><span style=\"font-family: georgia, palatino, serif; font-size: 14pt;\">Mettre la p\u00e2te dans les moules, \u00f4ter le surplus, piquer le fond \u00e0 la fourchette et d\u00e9poser une feuille de papier cuisson.<\/span><\/em><\/span><\/p>\n<p style=\"text-align: center;\"><span style=\"color: #ba045f;\"><em><span style=\"font-family: georgia, palatino, serif; font-size: 14pt;\"> <img loading=\"lazy\" decoding=\"async\" class=\"alignnone wp-image-94626\" src=\"http:\/\/recettes-gourmandes-de-joce.fr\/wp-content\/uploads\/2025\/04\/20250419_214341.jpg\" alt=\"\" width=\"266\" height=\"170\" srcset=\"http:\/\/recettes-gourmandes-de-joce.fr\/wp-content\/uploads\/2025\/04\/20250419_214341.jpg 800w, http:\/\/recettes-gourmandes-de-joce.fr\/wp-content\/uploads\/2025\/04\/20250419_214341-768x491.jpg 768w, http:\/\/recettes-gourmandes-de-joce.fr\/wp-content\/uploads\/2025\/04\/20250419_214341-750x479.jpg 750w\" sizes=\"auto, (max-width: 266px) 100vw, 266px\" \/> <img loading=\"lazy\" decoding=\"async\" class=\"alignnone wp-image-94627\" src=\"http:\/\/recettes-gourmandes-de-joce.fr\/wp-content\/uploads\/2025\/04\/20250419_221156.jpg\" alt=\"\" width=\"239\" height=\"170\" srcset=\"http:\/\/recettes-gourmandes-de-joce.fr\/wp-content\/uploads\/2025\/04\/20250419_221156.jpg 800w, http:\/\/recettes-gourmandes-de-joce.fr\/wp-content\/uploads\/2025\/04\/20250419_221156-768x547.jpg 768w, http:\/\/recettes-gourmandes-de-joce.fr\/wp-content\/uploads\/2025\/04\/20250419_221156-750x534.jpg 750w\" sizes=\"auto, (max-width: 239px) 100vw, 239px\" \/> <img loading=\"lazy\" decoding=\"async\" class=\"alignnone wp-image-94628\" src=\"http:\/\/recettes-gourmandes-de-joce.fr\/wp-content\/uploads\/2025\/04\/20250420_110517.jpg\" alt=\"\" width=\"192\" height=\"170\" srcset=\"http:\/\/recettes-gourmandes-de-joce.fr\/wp-content\/uploads\/2025\/04\/20250420_110517.jpg 800w, http:\/\/recettes-gourmandes-de-joce.fr\/wp-content\/uploads\/2025\/04\/20250420_110517-768x681.jpg 768w, http:\/\/recettes-gourmandes-de-joce.fr\/wp-content\/uploads\/2025\/04\/20250420_110517-750x665.jpg 750w\" sizes=\"auto, (max-width: 192px) 100vw, 192px\" \/><\/span><\/em><\/span><\/p>\n<p style=\"text-align: center;\"><span style=\"color: #ba045f;\"><em><span style=\"font-family: georgia, palatino, serif; font-size: 14pt;\">R\u00e9partir dessus des billes de c\u00e9ramique ou des l\u00e9gums secs, enfourner 10 minutes \u00e0 180\u00b0, au bout de 10 minutes \u00f4ter les billes et le papier cuisson et enfourner \u00e0 nouveau pour 10 minutes surveiller la coloration. Laisser refroidir ensuite les fonds de tartes. Sortir le coulis et la cr\u00e8me p\u00e2tissi\u00e8re du r\u00e9frig\u00e9rateur.<\/span><\/em><\/span><\/p>\n<p style=\"text-align: center;\"><span style=\"color: #ba045f;\"><em><span style=\"font-family: georgia, palatino, serif; font-size: 14pt;\"><img loading=\"lazy\" decoding=\"async\" class=\"alignnone wp-image-94630\" src=\"http:\/\/recettes-gourmandes-de-joce.fr\/wp-content\/uploads\/2025\/04\/20250420_111541.jpg\" alt=\"\" width=\"227\" height=\"170\" srcset=\"http:\/\/recettes-gourmandes-de-joce.fr\/wp-content\/uploads\/2025\/04\/20250420_111541.jpg 800w, http:\/\/recettes-gourmandes-de-joce.fr\/wp-content\/uploads\/2025\/04\/20250420_111541-768x576.jpg 768w, http:\/\/recettes-gourmandes-de-joce.fr\/wp-content\/uploads\/2025\/04\/20250420_111541-750x563.jpg 750w\" sizes=\"auto, (max-width: 227px) 100vw, 227px\" \/><\/span><\/em><\/span><\/p>\n<p style=\"text-align: center;\"><span style=\"color: #ba045f;\"><em><span style=\"font-family: georgia, palatino, serif; font-size: 14pt;\">R\u00e9partir le coulis dans les tartelettes, ajouter la cr\u00e8me p\u00e2tissi\u00e8re et garnir avec les fruits rouges, r\u00e9partir pour terminer les \u00e9clats de pistache et un peu de sucre glace.<\/span><\/em><\/span><\/p>\n<p style=\"text-align: center;\"><span style=\"color: #ba045f;\"><em><span style=\"font-family: georgia, palatino, serif; font-size: 14pt;\">Bon app\u00e9tit!<\/span><\/em><\/span><\/p>\n<p style=\"text-align: center;\"><span style=\"color: #ba045f;\"><em><span style=\"font-family: georgia, palatino, serif; font-size: 14pt;\"><img loading=\"lazy\" decoding=\"async\" class=\"alignnone wp-image-94631\" src=\"http:\/\/recettes-gourmandes-de-joce.fr\/wp-content\/uploads\/2025\/04\/20250420_112323.jpg\" alt=\"\" width=\"219\" height=\"180\" srcset=\"http:\/\/recettes-gourmandes-de-joce.fr\/wp-content\/uploads\/2025\/04\/20250420_112323.jpg 800w, http:\/\/recettes-gourmandes-de-joce.fr\/wp-content\/uploads\/2025\/04\/20250420_112323-768x631.jpg 768w, http:\/\/recettes-gourmandes-de-joce.fr\/wp-content\/uploads\/2025\/04\/20250420_112323-750x616.jpg 750w\" sizes=\"auto, (max-width: 219px) 100vw, 219px\" \/> <img loading=\"lazy\" decoding=\"async\" class=\"alignnone wp-image-94614\" src=\"http:\/\/recettes-gourmandes-de-joce.fr\/wp-content\/uploads\/2025\/04\/20250420_112559.jpg\" alt=\"\" width=\"240\" height=\"180\" srcset=\"http:\/\/recettes-gourmandes-de-joce.fr\/wp-content\/uploads\/2025\/04\/20250420_112559.jpg 800w, http:\/\/recettes-gourmandes-de-joce.fr\/wp-content\/uploads\/2025\/04\/20250420_112559-768x576.jpg 768w, http:\/\/recettes-gourmandes-de-joce.fr\/wp-content\/uploads\/2025\/04\/20250420_112559-750x563.jpg 750w\" sizes=\"auto, (max-width: 240px) 100vw, 240px\" \/> <img loading=\"lazy\" decoding=\"async\" class=\"alignnone wp-image-94610\" src=\"http:\/\/recettes-gourmandes-de-joce.fr\/wp-content\/uploads\/2025\/04\/20250420_112402-002.jpg\" alt=\"\" width=\"240\" height=\"180\" srcset=\"http:\/\/recettes-gourmandes-de-joce.fr\/wp-content\/uploads\/2025\/04\/20250420_112402-002.jpg 800w, http:\/\/recettes-gourmandes-de-joce.fr\/wp-content\/uploads\/2025\/04\/20250420_112402-002-768x576.jpg 768w, http:\/\/recettes-gourmandes-de-joce.fr\/wp-content\/uploads\/2025\/04\/20250420_112402-002-750x563.jpg 750w\" sizes=\"auto, (max-width: 240px) 100vw, 240px\" \/><\/span><\/em><\/span><\/p>\n<p style=\"text-align: center;\"><span style=\"color: #ba045f;\"><em><span style=\"font-family: georgia, palatino, serif; font-size: 14pt;\"><img loading=\"lazy\" decoding=\"async\" class=\"alignnone wp-image-37354 size-full\" src=\"http:\/\/recettes-gourmandes-de-joce.fr\/wp-content\/uploads\/2021\/06\/logitech-gaming-software-14112014-121223.jpg\" alt=\"\" width=\"640\" height=\"144\" srcset=\"http:\/\/recettes-gourmandes-de-joce.fr\/wp-content\/uploads\/2021\/06\/logitech-gaming-software-14112014-121223.jpg 640w, http:\/\/recettes-gourmandes-de-joce.fr\/wp-content\/uploads\/2021\/06\/logitech-gaming-software-14112014-121223-300x68.jpg 300w\" sizes=\"auto, (max-width: 640px) 100vw, 640px\" \/><\/span><\/em><\/span><\/p>\n","protected":false},"excerpt":{"rendered":"<p>Une de mes recettes Ingr\u00e9dients pour 9 tartelettes Pour la p\u00e2te la recette sur ce lien -&gt;P\u00e2te sabl\u00e9e version sucre glace \u00a01 jaune \u0153uf \u00a0280 g de farine \u00a080 g de sucre glace 125 g de beurre 5 cl d\u2019eau environ 1 pinc\u00e9e de sel Pour la cr\u00e8me p\u00e2tissi\u00e8re la recette sur ce lien -&gt; &hellip; <\/p>\n<p><a class=\"more-link btn\" href=\"http:\/\/recettes-gourmandes-de-joce.fr\/index.php\/index\/desserts\/tartes-et-tartelettes-sucrees\/tartelettes-aux-fruits-rouges-pistaches-creme-patissiere-et-coulis-de-framboises\/\">Lire la suite<\/a><\/p>\n","protected":false},"author":2,"featured_media":94693,"parent":47531,"menu_order":0,"comment_status":"open","ping_status":"closed","template":"","meta":{"footnotes":""},"class_list":["post-94692","page","type-page","status-publish","has-post-thumbnail","hentry","nodate","item-wrap"],"_links":{"self":[{"href":"http:\/\/recettes-gourmandes-de-joce.fr\/index.php\/wp-json\/wp\/v2\/pages\/94692","targetHints":{"allow":["GET"]}}],"collection":[{"href":"http:\/\/recettes-gourmandes-de-joce.fr\/index.php\/wp-json\/wp\/v2\/pages"}],"about":[{"href":"http:\/\/recettes-gourmandes-de-joce.fr\/index.php\/wp-json\/wp\/v2\/types\/page"}],"author":[{"embeddable":true,"href":"http:\/\/recettes-gourmandes-de-joce.fr\/index.php\/wp-json\/wp\/v2\/users\/2"}],"replies":[{"embeddable":true,"href":"http:\/\/recettes-gourmandes-de-joce.fr\/index.php\/wp-json\/wp\/v2\/comments?post=94692"}],"version-history":[{"count":3,"href":"http:\/\/recettes-gourmandes-de-joce.fr\/index.php\/wp-json\/wp\/v2\/pages\/94692\/revisions"}],"predecessor-version":[{"id":94696,"href":"http:\/\/recettes-gourmandes-de-joce.fr\/index.php\/wp-json\/wp\/v2\/pages\/94692\/revisions\/94696"}],"up":[{"embeddable":true,"href":"http:\/\/recettes-gourmandes-de-joce.fr\/index.php\/wp-json\/wp\/v2\/pages\/47531"}],"wp:featuredmedia":[{"embeddable":true,"href":"http:\/\/recettes-gourmandes-de-joce.fr\/index.php\/wp-json\/wp\/v2\/media\/94693"}],"wp:attachment":[{"href":"http:\/\/recettes-gourmandes-de-joce.fr\/index.php\/wp-json\/wp\/v2\/media?parent=94692"}],"curies":[{"name":"wp","href":"https:\/\/api.w.org\/{rel}","templated":true}]}}