{"id":93377,"date":"2025-03-03T00:30:15","date_gmt":"2025-03-03T00:30:15","guid":{"rendered":"http:\/\/recettes-gourmandes-de-joce.fr\/?page_id=93377"},"modified":"2025-03-03T11:25:58","modified_gmt":"2025-03-03T11:25:58","slug":"domes-de-jambon-fume-au-concombre-et-fromages-frais","status":"publish","type":"page","link":"http:\/\/recettes-gourmandes-de-joce.fr\/index.php\/index\/entrees\/entrees-froides\/domes-de-jambon-fume-au-concombre-et-fromages-frais\/","title":{"rendered":"D\u00f4mes de jambon fum\u00e9 au concombre et fromages frais."},"content":{"rendered":"<p style=\"text-align: center;\"><span style=\"color: #993366; font-size: 18pt;\"><em><span style=\"text-decoration: underline; font-family: georgia, palatino, serif;\">Une de mes recettes<\/span><\/em><\/span><\/p>\n<p style=\"text-align: center;\"><span style=\"color: #993366;\"><em><span style=\"font-size: 14pt; font-family: georgia, palatino, serif;\"><img loading=\"lazy\" decoding=\"async\" class=\"alignnone wp-image-93378\" src=\"http:\/\/recettes-gourmandes-de-joce.fr\/wp-content\/uploads\/2025\/03\/20250302_190729.jpg\" alt=\"\" width=\"259\" height=\"180\" srcset=\"http:\/\/recettes-gourmandes-de-joce.fr\/wp-content\/uploads\/2025\/03\/20250302_190729.jpg 800w, http:\/\/recettes-gourmandes-de-joce.fr\/wp-content\/uploads\/2025\/03\/20250302_190729-768x533.jpg 768w, http:\/\/recettes-gourmandes-de-joce.fr\/wp-content\/uploads\/2025\/03\/20250302_190729-750x520.jpg 750w\" sizes=\"auto, (max-width: 259px) 100vw, 259px\" \/> <img loading=\"lazy\" decoding=\"async\" class=\"alignnone wp-image-93379\" src=\"http:\/\/recettes-gourmandes-de-joce.fr\/wp-content\/uploads\/2025\/03\/20250302_190737-001.jpg\" alt=\"\" width=\"271\" height=\"180\" srcset=\"http:\/\/recettes-gourmandes-de-joce.fr\/wp-content\/uploads\/2025\/03\/20250302_190737-001.jpg 800w, http:\/\/recettes-gourmandes-de-joce.fr\/wp-content\/uploads\/2025\/03\/20250302_190737-001-768x511.jpg 768w, http:\/\/recettes-gourmandes-de-joce.fr\/wp-content\/uploads\/2025\/03\/20250302_190737-001-750x499.jpg 750w\" sizes=\"auto, (max-width: 271px) 100vw, 271px\" \/> <img loading=\"lazy\" decoding=\"async\" class=\"alignnone wp-image-93381\" src=\"http:\/\/recettes-gourmandes-de-joce.fr\/wp-content\/uploads\/2025\/03\/20250302_190745.jpg\" alt=\"\" width=\"240\" height=\"180\" srcset=\"http:\/\/recettes-gourmandes-de-joce.fr\/wp-content\/uploads\/2025\/03\/20250302_190745.jpg 800w, http:\/\/recettes-gourmandes-de-joce.fr\/wp-content\/uploads\/2025\/03\/20250302_190745-768x576.jpg 768w, http:\/\/recettes-gourmandes-de-joce.fr\/wp-content\/uploads\/2025\/03\/20250302_190745-750x563.jpg 750w\" sizes=\"auto, (max-width: 240px) 100vw, 240px\" \/><\/span><\/em><\/span><\/p>\n<p style=\"text-align: center;\"><span style=\"color: #993366; font-size: 18pt;\"><em><span style=\"text-decoration: underline; font-family: georgia, palatino, serif;\">Ingr\u00e9dients pour 5 personnes<\/span><\/em><\/span><\/p>\n<p style=\"text-align: center;\"><span style=\"color: #993366;\"><em><span style=\"font-size: 14pt; font-family: georgia, palatino, serif;\"><img loading=\"lazy\" decoding=\"async\" class=\"alignnone wp-image-93382\" src=\"http:\/\/recettes-gourmandes-de-joce.fr\/wp-content\/uploads\/2025\/03\/20250303_010718.jpg\" alt=\"\" width=\"233\" height=\"200\" srcset=\"http:\/\/recettes-gourmandes-de-joce.fr\/wp-content\/uploads\/2025\/03\/20250303_010718.jpg 800w, http:\/\/recettes-gourmandes-de-joce.fr\/wp-content\/uploads\/2025\/03\/20250303_010718-768x659.jpg 768w, http:\/\/recettes-gourmandes-de-joce.fr\/wp-content\/uploads\/2025\/03\/20250303_010718-750x643.jpg 750w\" sizes=\"auto, (max-width: 233px) 100vw, 233px\" \/> <img loading=\"lazy\" decoding=\"async\" class=\"alignnone wp-image-44458\" src=\"http:\/\/recettes-gourmandes-de-joce.fr\/wp-content\/uploads\/2022\/05\/P5040065-300x177.jpg\" alt=\"\" width=\"339\" height=\"200\" srcset=\"http:\/\/recettes-gourmandes-de-joce.fr\/wp-content\/uploads\/2022\/05\/P5040065-300x177.jpg 300w, http:\/\/recettes-gourmandes-de-joce.fr\/wp-content\/uploads\/2022\/05\/P5040065.jpg 479w\" sizes=\"auto, (max-width: 339px) 100vw, 339px\" \/><\/span><\/em><\/span><\/p>\n<p style=\"text-align: center;\"><span style=\"color: #993366;\"><em><span style=\"font-size: 14pt; font-family: georgia, palatino, serif;\">1 concombre<\/span><\/em><\/span><\/p>\n<p style=\"text-align: center;\"><span style=\"color: #993366;\"><em><span style=\"font-size: 14pt; font-family: georgia, palatino, serif;\">\u00bd oignon nouveau et ses tiges<\/span><\/em><\/span><\/p>\n<p style=\"text-align: center;\"><span style=\"color: #993366;\"><em><span style=\"font-size: 14pt; font-family: georgia, palatino, serif;\">8 tranches de jambon fum\u00e9<\/span><\/em><\/span><\/p>\n<p style=\"text-align: center;\"><span style=\"color: #993366;\"><em><span style=\"font-size: 14pt; font-family: georgia, palatino, serif;\">1 bonne\u00a0 c \u00e0 s de Boursin ail et fines herbes<\/span><\/em><\/span><\/p>\n<p style=\"text-align: center;\"><span style=\"color: #993366;\"><em><span style=\"font-size: 14pt; font-family: georgia, palatino, serif;\">2 c \u00e0 s de St Mor\u00eat<\/span><\/em><\/span><\/p>\n<p style=\"text-align: center;\"><span style=\"color: #993366;\"><em><span style=\"font-size: 14pt; font-family: georgia, palatino, serif;\">2 bonnes pinc\u00e9es de piment d\u2019Espelette<\/span><\/em><\/span><\/p>\n<p style=\"text-align: center;\"><span style=\"color: #993366;\"><em><span style=\"font-size: 14pt; font-family: georgia, palatino, serif;\">Sel et poivre<\/span><\/em><\/span><\/p>\n<p style=\"text-align: center;\"><span style=\"color: #993366;\"><em><span style=\"font-size: 14pt; font-family: georgia, palatino, serif;\">5 tranches de pain de mie<\/span><\/em><\/span><\/p>\n<p style=\"text-align: center;\"><span style=\"color: #993366;\"><em><span style=\"font-size: 14pt; font-family: georgia, palatino, serif;\"><img loading=\"lazy\" decoding=\"async\" class=\"alignnone wp-image-93355\" src=\"http:\/\/recettes-gourmandes-de-joce.fr\/wp-content\/uploads\/2025\/03\/20250302_124801.jpg\" alt=\"\" width=\"245\" height=\"170\" srcset=\"http:\/\/recettes-gourmandes-de-joce.fr\/wp-content\/uploads\/2025\/03\/20250302_124801.jpg 800w, http:\/\/recettes-gourmandes-de-joce.fr\/wp-content\/uploads\/2025\/03\/20250302_124801-768x533.jpg 768w, http:\/\/recettes-gourmandes-de-joce.fr\/wp-content\/uploads\/2025\/03\/20250302_124801-750x520.jpg 750w\" sizes=\"auto, (max-width: 245px) 100vw, 245px\" \/> <img loading=\"lazy\" decoding=\"async\" class=\"alignnone wp-image-60900 lazy-loaded\" src=\"http:\/\/recettes-gourmandes-de-joce.fr\/wp-content\/uploads\/2024\/03\/tzatziski6.jpg\" sizes=\"auto, (max-width: 182px) 100vw, 182px\" srcset=\"http:\/\/recettes-gourmandes-de-joce.fr\/wp-content\/uploads\/2024\/03\/tzatziski6.jpg 1024w, http:\/\/recettes-gourmandes-de-joce.fr\/wp-content\/uploads\/2024\/03\/tzatziski6-768x716.jpg 768w, http:\/\/recettes-gourmandes-de-joce.fr\/wp-content\/uploads\/2024\/03\/tzatziski6-750x699.jpg 750w\" alt=\"\" width=\"182\" height=\"170\" data-lazy-type=\"image\" data-src=\"http:\/\/recettes-gourmandes-de-joce.fr\/wp-content\/uploads\/2024\/03\/tzatziski6.jpg\" data-srcset=\"\" \/>\u00a0<img loading=\"lazy\" decoding=\"async\" class=\"alignnone wp-image-60901 lazy-loaded\" src=\"http:\/\/recettes-gourmandes-de-joce.fr\/wp-content\/uploads\/2024\/03\/tzatziski7.jpg\" sizes=\"auto, (max-width: 176px) 100vw, 176px\" srcset=\"http:\/\/recettes-gourmandes-de-joce.fr\/wp-content\/uploads\/2024\/03\/tzatziski7.jpg 958w, http:\/\/recettes-gourmandes-de-joce.fr\/wp-content\/uploads\/2024\/03\/tzatziski7-768x742.jpg 768w, http:\/\/recettes-gourmandes-de-joce.fr\/wp-content\/uploads\/2024\/03\/tzatziski7-750x724.jpg 750w\" alt=\"\" width=\"176\" height=\"170\" data-lazy-type=\"image\" data-src=\"http:\/\/recettes-gourmandes-de-joce.fr\/wp-content\/uploads\/2024\/03\/tzatziski7.jpg\" data-srcset=\"\" \/>\u00a0<\/span><\/em><\/span><\/p>\n<p style=\"text-align: center;\"><span style=\"color: #993366;\"><em><span style=\"font-size: 14pt; font-family: georgia, palatino, serif;\">Nettoyer et couper le demi oignon et ses tiges en petits morceaux. Laver et peler le concombre une bande sur deux, le r\u00e2per comme des carottes, d\u00e9poser le ensuite sur un torchon propre.<\/span><\/em><\/span><\/p>\n<p style=\"text-align: center;\"><span style=\"color: #993366;\"><em><span style=\"font-size: 14pt; font-family: georgia, palatino, serif;\"><img loading=\"lazy\" decoding=\"async\" class=\"alignnone wp-image-60902 lazy-loaded\" src=\"http:\/\/recettes-gourmandes-de-joce.fr\/wp-content\/uploads\/2024\/03\/tzatziski8.jpg\" sizes=\"auto, (max-width: 234px) 100vw, 234px\" srcset=\"http:\/\/recettes-gourmandes-de-joce.fr\/wp-content\/uploads\/2024\/03\/tzatziski8.jpg 1006w, http:\/\/recettes-gourmandes-de-joce.fr\/wp-content\/uploads\/2024\/03\/tzatziski8-768x559.jpg 768w, http:\/\/recettes-gourmandes-de-joce.fr\/wp-content\/uploads\/2024\/03\/tzatziski8-750x546.jpg 750w\" alt=\"\" width=\"234\" height=\"170\" data-lazy-type=\"image\" data-src=\"http:\/\/recettes-gourmandes-de-joce.fr\/wp-content\/uploads\/2024\/03\/tzatziski8.jpg\" data-srcset=\"\" \/><\/span><\/em><em><span style=\"font-size: 14pt; font-family: georgia, palatino, serif;\">\u00a0<img loading=\"lazy\" decoding=\"async\" class=\"alignnone wp-image-60903 lazy-loaded\" src=\"http:\/\/recettes-gourmandes-de-joce.fr\/wp-content\/uploads\/2024\/03\/tzatziski9.jpg\" sizes=\"auto, (max-width: 175px) 100vw, 175px\" srcset=\"http:\/\/recettes-gourmandes-de-joce.fr\/wp-content\/uploads\/2024\/03\/tzatziski9.jpg 990w, http:\/\/recettes-gourmandes-de-joce.fr\/wp-content\/uploads\/2024\/03\/tzatziski9-768x745.jpg 768w, http:\/\/recettes-gourmandes-de-joce.fr\/wp-content\/uploads\/2024\/03\/tzatziski9-750x727.jpg 750w\" alt=\"\" width=\"175\" height=\"170\" data-lazy-type=\"image\" data-src=\"http:\/\/recettes-gourmandes-de-joce.fr\/wp-content\/uploads\/2024\/03\/tzatziski9.jpg\" data-srcset=\"\" \/>\u00a0<img loading=\"lazy\" decoding=\"async\" class=\"alignnone wp-image-93366\" src=\"http:\/\/recettes-gourmandes-de-joce.fr\/wp-content\/uploads\/2025\/03\/20250302_131800.jpg\" alt=\"\" width=\"196\" height=\"170\" srcset=\"http:\/\/recettes-gourmandes-de-joce.fr\/wp-content\/uploads\/2025\/03\/20250302_131800.jpg 800w, http:\/\/recettes-gourmandes-de-joce.fr\/wp-content\/uploads\/2025\/03\/20250302_131800-768x665.jpg 768w, http:\/\/recettes-gourmandes-de-joce.fr\/wp-content\/uploads\/2025\/03\/20250302_131800-750x650.jpg 750w\" sizes=\"auto, (max-width: 196px) 100vw, 196px\" \/>\u00a0<\/span><\/em><\/span><\/p>\n<p style=\"text-align: center;\"><span style=\"color: #993366;\"><em><span style=\"font-size: 14pt; font-family: georgia, palatino, serif;\">\u00a0L\u2019enfermer dans le torchon et le presser pour enlever le maximum de jus.\u00a0<\/span><\/em><em><span style=\"font-size: 14pt; font-family: georgia, palatino, serif;\">Dans un saladier mettre le concombre, saler et poivrer, ajouter piment d&rsquo;Espelette, le Boursin et le St Mor\u00eat.<\/span><\/em><\/span><\/p>\n<p style=\"text-align: center;\"><span style=\"color: #993366;\"><em><span style=\"font-size: 14pt; font-family: georgia, palatino, serif;\"><img loading=\"lazy\" decoding=\"async\" class=\"alignnone wp-image-93367\" src=\"http:\/\/recettes-gourmandes-de-joce.fr\/wp-content\/uploads\/2025\/03\/20250302_131922.jpg\" alt=\"\" width=\"205\" height=\"170\" srcset=\"http:\/\/recettes-gourmandes-de-joce.fr\/wp-content\/uploads\/2025\/03\/20250302_131922.jpg 800w, http:\/\/recettes-gourmandes-de-joce.fr\/wp-content\/uploads\/2025\/03\/20250302_131922-768x636.jpg 768w, http:\/\/recettes-gourmandes-de-joce.fr\/wp-content\/uploads\/2025\/03\/20250302_131922-750x622.jpg 750w\" sizes=\"auto, (max-width: 205px) 100vw, 205px\" \/> <\/span><\/em><em><span style=\"font-size: 14pt; font-family: georgia, palatino, serif;\"><img loading=\"lazy\" decoding=\"async\" class=\"alignnone wp-image-93361\" src=\"http:\/\/recettes-gourmandes-de-joce.fr\/wp-content\/uploads\/2025\/03\/20250302_130002.jpg\" alt=\"\" width=\"238\" height=\"170\" srcset=\"http:\/\/recettes-gourmandes-de-joce.fr\/wp-content\/uploads\/2025\/03\/20250302_130002.jpg 800w, http:\/\/recettes-gourmandes-de-joce.fr\/wp-content\/uploads\/2025\/03\/20250302_130002-768x548.jpg 768w, http:\/\/recettes-gourmandes-de-joce.fr\/wp-content\/uploads\/2025\/03\/20250302_130002-750x535.jpg 750w\" sizes=\"auto, (max-width: 238px) 100vw, 238px\" \/> <img loading=\"lazy\" decoding=\"async\" class=\"alignnone wp-image-93368\" src=\"http:\/\/recettes-gourmandes-de-joce.fr\/wp-content\/uploads\/2025\/03\/20250302_185455.jpg\" alt=\"\" width=\"215\" height=\"170\" srcset=\"http:\/\/recettes-gourmandes-de-joce.fr\/wp-content\/uploads\/2025\/03\/20250302_185455.jpg 800w, http:\/\/recettes-gourmandes-de-joce.fr\/wp-content\/uploads\/2025\/03\/20250302_185455-768x608.jpg 768w, http:\/\/recettes-gourmandes-de-joce.fr\/wp-content\/uploads\/2025\/03\/20250302_185455-750x593.jpg 750w\" sizes=\"auto, (max-width: 215px) 100vw, 215px\" \/><\/span><\/em><\/span><\/p>\n<p style=\"text-align: center;\"><span style=\"color: #993366;\"><em><span style=\"font-size: 14pt; font-family: georgia, palatino, serif;\">Bien m\u00e9langer le tout. <\/span><\/em><em><span style=\"font-size: 14pt; font-family: georgia, palatino, serif;\">Couper les tranches de jambon et en tapisser les moules. Les remplir de la pr\u00e9paration au concombre et refermer les alv\u00e9oles de jambon fum\u00e9 (photos oubli\u00e9es \ud83d\ude41 ). Entreposer environ 2 h au r\u00e9frig\u00e9rateur. Au bout de 2 h d\u00e9couper dans les tranches de pain de mie des ronds du diam\u00e8tre des alv\u00e9oles du moules, les passer au grille-pain, puis d\u00e9mouler les d\u00f4mes et les d\u00e9poser sur les tranches de pain toast\u00e9s.<\/span><\/em><\/span><\/p>\n<p style=\"text-align: center;\"><span style=\"color: #993366;\"><em><span style=\"font-size: 14pt; font-family: georgia, palatino, serif;\">Bon app\u00e9tit!<\/span><\/em><\/span><\/p>\n<p style=\"text-align: center;\"><span style=\"color: #993366;\"><em><span style=\"font-size: 14pt; font-family: georgia, palatino, serif;\"><img loading=\"lazy\" decoding=\"async\" class=\"alignnone wp-image-93378\" src=\"http:\/\/recettes-gourmandes-de-joce.fr\/wp-content\/uploads\/2025\/03\/20250302_190729.jpg\" alt=\"\" width=\"259\" height=\"180\" srcset=\"http:\/\/recettes-gourmandes-de-joce.fr\/wp-content\/uploads\/2025\/03\/20250302_190729.jpg 800w, http:\/\/recettes-gourmandes-de-joce.fr\/wp-content\/uploads\/2025\/03\/20250302_190729-768x533.jpg 768w, http:\/\/recettes-gourmandes-de-joce.fr\/wp-content\/uploads\/2025\/03\/20250302_190729-750x520.jpg 750w\" sizes=\"auto, (max-width: 259px) 100vw, 259px\" \/><\/span><\/em><\/span><\/p>\n<p style=\"text-align: center;\"><span style=\"color: #993366;\"><em><span style=\"font-size: 14pt; font-family: georgia, palatino, serif;\"><img loading=\"lazy\" decoding=\"async\" class=\"alignnone wp-image-93379\" src=\"http:\/\/recettes-gourmandes-de-joce.fr\/wp-content\/uploads\/2025\/03\/20250302_190737-001.jpg\" alt=\"\" width=\"271\" height=\"180\" srcset=\"http:\/\/recettes-gourmandes-de-joce.fr\/wp-content\/uploads\/2025\/03\/20250302_190737-001.jpg 800w, http:\/\/recettes-gourmandes-de-joce.fr\/wp-content\/uploads\/2025\/03\/20250302_190737-001-768x511.jpg 768w, http:\/\/recettes-gourmandes-de-joce.fr\/wp-content\/uploads\/2025\/03\/20250302_190737-001-750x499.jpg 750w\" sizes=\"auto, (max-width: 271px) 100vw, 271px\" \/> <img loading=\"lazy\" decoding=\"async\" class=\"alignnone wp-image-93380\" src=\"http:\/\/recettes-gourmandes-de-joce.fr\/wp-content\/uploads\/2025\/03\/20250302_190739.jpg\" alt=\"\" width=\"240\" height=\"180\" srcset=\"http:\/\/recettes-gourmandes-de-joce.fr\/wp-content\/uploads\/2025\/03\/20250302_190739.jpg 800w, http:\/\/recettes-gourmandes-de-joce.fr\/wp-content\/uploads\/2025\/03\/20250302_190739-768x576.jpg 768w, http:\/\/recettes-gourmandes-de-joce.fr\/wp-content\/uploads\/2025\/03\/20250302_190739-750x563.jpg 750w\" sizes=\"auto, (max-width: 240px) 100vw, 240px\" \/>\u00a0<\/span><\/em><\/span><\/p>\n<p><span style=\"color: #993366;\"><em><span style=\"font-size: 14pt; font-family: georgia, palatino, serif;\"><img loading=\"lazy\" decoding=\"async\" class=\"alignnone wp-image-37354 size-full lazy-loaded aligncenter\" src=\"http:\/\/recettes-gourmandes-de-joce.fr\/wp-content\/uploads\/2021\/06\/logitech-gaming-software-14112014-121223.jpg\" sizes=\"auto, (max-width: 640px) 100vw, 640px\" srcset=\"http:\/\/recettes-gourmandes-de-joce.fr\/wp-content\/uploads\/2021\/06\/logitech-gaming-software-14112014-121223.jpg 640w, http:\/\/recettes-gourmandes-de-joce.fr\/wp-content\/uploads\/2021\/06\/logitech-gaming-software-14112014-121223-300x68.jpg 300w\" alt=\"\" width=\"640\" height=\"144\" data-lazy-type=\"image\" data-src=\"http:\/\/recettes-gourmandes-de-joce.fr\/wp-content\/uploads\/2021\/06\/logitech-gaming-software-14112014-121223.jpg\" data-srcset=\"\" \/><\/span><\/em><\/span><\/p>\n<p>&nbsp;<\/p>\n<p>&nbsp;<\/p>\n","protected":false},"excerpt":{"rendered":"<p>Une de mes recettes Ingr\u00e9dients pour 5 personnes 1 concombre \u00bd oignon nouveau et ses tiges 8 tranches de jambon fum\u00e9 1 bonne\u00a0 c \u00e0 s de Boursin ail et fines herbes 2 c \u00e0 s de St Mor\u00eat 2 bonnes pinc\u00e9es de piment d\u2019Espelette Sel et poivre 5 tranches de pain de mie \u00a0\u00a0 &hellip; <\/p>\n<p><a class=\"more-link btn\" href=\"http:\/\/recettes-gourmandes-de-joce.fr\/index.php\/index\/entrees\/entrees-froides\/domes-de-jambon-fume-au-concombre-et-fromages-frais\/\">Lire la suite<\/a><\/p>\n","protected":false},"author":2,"featured_media":93378,"parent":185,"menu_order":0,"comment_status":"open","ping_status":"closed","template":"","meta":{"footnotes":""},"class_list":["post-93377","page","type-page","status-publish","has-post-thumbnail","hentry","nodate","item-wrap"],"_links":{"self":[{"href":"http:\/\/recettes-gourmandes-de-joce.fr\/index.php\/wp-json\/wp\/v2\/pages\/93377","targetHints":{"allow":["GET"]}}],"collection":[{"href":"http:\/\/recettes-gourmandes-de-joce.fr\/index.php\/wp-json\/wp\/v2\/pages"}],"about":[{"href":"http:\/\/recettes-gourmandes-de-joce.fr\/index.php\/wp-json\/wp\/v2\/types\/page"}],"author":[{"embeddable":true,"href":"http:\/\/recettes-gourmandes-de-joce.fr\/index.php\/wp-json\/wp\/v2\/users\/2"}],"replies":[{"embeddable":true,"href":"http:\/\/recettes-gourmandes-de-joce.fr\/index.php\/wp-json\/wp\/v2\/comments?post=93377"}],"version-history":[{"count":2,"href":"http:\/\/recettes-gourmandes-de-joce.fr\/index.php\/wp-json\/wp\/v2\/pages\/93377\/revisions"}],"predecessor-version":[{"id":93386,"href":"http:\/\/recettes-gourmandes-de-joce.fr\/index.php\/wp-json\/wp\/v2\/pages\/93377\/revisions\/93386"}],"up":[{"embeddable":true,"href":"http:\/\/recettes-gourmandes-de-joce.fr\/index.php\/wp-json\/wp\/v2\/pages\/185"}],"wp:featuredmedia":[{"embeddable":true,"href":"http:\/\/recettes-gourmandes-de-joce.fr\/index.php\/wp-json\/wp\/v2\/media\/93378"}],"wp:attachment":[{"href":"http:\/\/recettes-gourmandes-de-joce.fr\/index.php\/wp-json\/wp\/v2\/media?parent=93377"}],"curies":[{"name":"wp","href":"https:\/\/api.w.org\/{rel}","templated":true}]}}