{"id":9283,"date":"2019-11-06T09:33:40","date_gmt":"2019-11-06T09:33:40","guid":{"rendered":"http:\/\/recettes-gourmandes-de-joce.fr\/?page_id=9283"},"modified":"2024-07-12T08:47:55","modified_gmt":"2024-07-12T08:47:55","slug":"cafe-gourmand-sur-le-theme-de-lautomne","status":"publish","type":"page","link":"http:\/\/recettes-gourmandes-de-joce.fr\/index.php\/index\/desserts\/cafe-the-chocolat-gourmand\/cafe-gourmand-sur-le-theme-de-lautomne\/","title":{"rendered":"Caf\u00e9 gourmand sur le th\u00e8me de l&rsquo;Automne."},"content":{"rendered":"<p style=\"text-align: center;\"><span style=\"color: #db6f27; font-size: x-large; text-decoration: underline; font-family: georgia, palatino, serif;\"><em>Une de mes recettes<\/em><\/span><\/p>\n<p style=\"text-align: center;\"><span style=\"font-family: georgia, palatino, serif; color: #db6f27;\"><img loading=\"lazy\" decoding=\"async\" class=\"alignnone wp-image-9254\" src=\"http:\/\/recettes-gourmandes-de-joce.fr\/wp-content\/uploads\/2019\/11\/PA020073-150x150.jpg\" alt=\"\" width=\"241\" height=\"180\" srcset=\"http:\/\/recettes-gourmandes-de-joce.fr\/wp-content\/uploads\/2019\/11\/PA020073-300x224.jpg 300w, http:\/\/recettes-gourmandes-de-joce.fr\/wp-content\/uploads\/2019\/11\/PA020073.jpg 640w\" sizes=\"auto, (max-width: 241px) 100vw, 241px\" \/> <img loading=\"lazy\" decoding=\"async\" class=\"alignnone wp-image-9255\" src=\"http:\/\/recettes-gourmandes-de-joce.fr\/wp-content\/uploads\/2019\/11\/PA020074-150x150.jpg\" alt=\"\" width=\"230\" height=\"180\" srcset=\"http:\/\/recettes-gourmandes-de-joce.fr\/wp-content\/uploads\/2019\/11\/PA020074-300x234.jpg 300w, http:\/\/recettes-gourmandes-de-joce.fr\/wp-content\/uploads\/2019\/11\/PA020074.jpg 640w\" sizes=\"auto, (max-width: 230px) 100vw, 230px\" \/> <img loading=\"lazy\" decoding=\"async\" class=\"alignnone wp-image-9252\" src=\"http:\/\/recettes-gourmandes-de-joce.fr\/wp-content\/uploads\/2019\/11\/PA020069-150x150.jpg\" alt=\"\" width=\"259\" height=\"180\" srcset=\"http:\/\/recettes-gourmandes-de-joce.fr\/wp-content\/uploads\/2019\/11\/PA020069-300x208.jpg 300w, http:\/\/recettes-gourmandes-de-joce.fr\/wp-content\/uploads\/2019\/11\/PA020069.jpg 640w\" sizes=\"auto, (max-width: 259px) 100vw, 259px\" \/><\/span><\/p>\n<p style=\"text-align: center;\"><span style=\"font-size: x-large; text-decoration: underline; font-family: georgia, palatino, serif; color: #db6f27;\"><em>Composition<\/em><\/span><\/p>\n<p style=\"text-align: center;\"><span style=\"font-family: georgia, palatino, serif; color: #db6f27;\"><img loading=\"lazy\" decoding=\"async\" class=\"alignnone wp-image-9210\" src=\"http:\/\/recettes-gourmandes-de-joce.fr\/wp-content\/uploads\/2019\/11\/P2100119-150x150.jpg\" alt=\"\" width=\"233\" height=\"175\" srcset=\"http:\/\/recettes-gourmandes-de-joce.fr\/wp-content\/uploads\/2019\/11\/P2100119-300x225.jpg 300w, http:\/\/recettes-gourmandes-de-joce.fr\/wp-content\/uploads\/2019\/11\/P2100119.jpg 640w\" sizes=\"auto, (max-width: 233px) 100vw, 233px\" \/><\/span><\/p>\n<p style=\"text-align: center;\"><span style=\"text-decoration: underline; font-family: georgia, palatino, serif; color: #db6f27;\"><span style=\"font-size: x-large;\"><em>1 petit croissant pommes\/sp\u00e9culos<\/em><\/span><\/span><\/p>\n<p style=\"text-align: center;\"><span style=\"color: #db6f27; font-family: georgia, palatino, serif; font-size: large;\"><em>\u00a0Recette sur ce lien -&gt;<a href=\"http:\/\/recettes-gourmandes-de-joce.fr\/index.php\/index\/desserts\/biscuits-du-gouter\/petits-croissants-aux-pommes-caramelisees-speculos-et-pignons-de-pin\/\"> <span style=\"color: #800080;\">Petits croissants aux pommes caram\u00e9lis\u00e9es et sp\u00e9culos\u00a0<img loading=\"lazy\" decoding=\"async\" class=\"alignnone wp-image-9248\" src=\"http:\/\/recettes-gourmandes-de-joce.fr\/wp-content\/uploads\/2019\/11\/PA020058-150x150.jpg\" alt=\"\" width=\"150\" height=\"150\" \/><\/span><\/a><\/em><\/span><\/p>\n<p style=\"text-align: center;\"><span style=\"text-decoration: underline; font-family: georgia, palatino, serif; color: #db6f27;\"><span style=\"font-size: x-large;\"><em>1 Niflette <\/em><\/span><\/span><\/p>\n<p style=\"text-align: center;\"><span style=\"color: #db6f27; font-family: georgia, palatino, serif; font-size: large;\"><em>Recette sur ce lien -&gt;<a href=\"http:\/\/recettes-gourmandes-de-joce.fr\/index.php\/index\/recettes-regionales-mondiales\/recettes-regionales-sucrees\/niflettes-de-provins-seine-et-marne\/\"> <span style=\"color: #800080;\">Ile de France: Niflettes de Provins\u00a0<\/span><img loading=\"lazy\" decoding=\"async\" class=\"alignnone size-thumbnail wp-image-9243\" src=\"http:\/\/recettes-gourmandes-de-joce.fr\/wp-content\/uploads\/2019\/11\/PA020046-150x150.jpg\" alt=\"\" width=\"150\" height=\"150\" \/><\/a><\/em><\/span><\/p>\n<p style=\"text-align: center;\"><span style=\"text-decoration: underline; font-family: georgia, palatino, serif; color: #db6f27;\"><span style=\"font-size: x-large;\"><em>1 congolais<\/em><\/span><\/span><\/p>\n<p style=\"text-align: center;\"><span style=\"color: #db6f27; font-family: georgia, palatino, serif; font-size: large;\"><em>Recette sur ce lien -&gt; <a href=\"http:\/\/recettes-gourmandes-de-joce.fr\/index.php\/index\/desserts\/biscuits-du-gouter\/congolais-petits-gateaux-a-la-noix-de-coco\/\"><span style=\"color: #800080;\">Congolais<\/span>\u00a0<img loading=\"lazy\" decoding=\"async\" class=\"alignnone size-thumbnail wp-image-9244\" src=\"http:\/\/recettes-gourmandes-de-joce.fr\/wp-content\/uploads\/2019\/11\/PA020051-150x150.jpg\" alt=\"\" width=\"150\" height=\"150\" \/><\/a><\/em><\/span><\/p>\n<p style=\"text-align: center;\"><span style=\"text-decoration: underline; font-family: georgia, palatino, serif; color: #db6f27;\"><span style=\"font-size: x-large;\"><em>1 mini quatre quarts<\/em><\/span><\/span><\/p>\n<p style=\"text-align: center;\"><span style=\"color: #db6f27; font-family: georgia, palatino, serif; font-size: large;\"><em>Recette sur ce lien \u00e0 r\u00e9aliser dans des moules individuels -&gt;<a href=\"http:\/\/recettes-gourmandes-de-joce.fr\/index.php\/index\/desserts\/tartes-gateaux\/quatre-quarts-a-la-vanille\/\"> <span style=\"color: #800080;\">Quatre quarts<\/span><img loading=\"lazy\" decoding=\"async\" class=\"alignnone size-thumbnail wp-image-9250\" src=\"http:\/\/recettes-gourmandes-de-joce.fr\/wp-content\/uploads\/2019\/11\/PA020065-150x150.jpg\" alt=\"\" width=\"150\" height=\"150\" \/><\/a><\/em><\/span><\/p>\n<p style=\"text-align: center;\"><span style=\"text-decoration: underline; font-family: georgia, palatino, serif; color: #db6f27;\"><span style=\"font-size: x-large;\"><em>Des sucres color\u00e9s<\/em><\/span><\/span><\/p>\n<p style=\"text-align: center;\"><span style=\"color: #db6f27; font-family: georgia, palatino, serif; font-size: large;\"><em>Recette sur ce lien-&gt; <a href=\"http:\/\/recettes-gourmandes-de-joce.fr\/index.php\/index\/sauces-assaisonnements\/beurres-sels-sucres-aromatises\/sucres-fantaisies\/\"><span style=\"color: #800080;\">Sucres fantaisies<\/span>\u00a0<img loading=\"lazy\" decoding=\"async\" class=\"alignnone size-thumbnail wp-image-9264\" src=\"http:\/\/recettes-gourmandes-de-joce.fr\/wp-content\/uploads\/2019\/11\/P2100118-150x150.jpg\" alt=\"\" width=\"150\" height=\"150\" \/><\/a><\/em><\/span><\/p>\n<p style=\"text-align: center;\"><span style=\"color: #db6f27; font-family: georgia, palatino, serif; font-size: 14pt;\"><em>Quelques grains de raisins noirs et blancs.<\/em><\/span><\/p>\n<p style=\"text-align: center;\"><span style=\"text-decoration: underline; font-family: georgia, palatino, serif; color: #db6f27; font-size: 14pt;\"><em>1 carr\u00e9 de chocolat noir<\/em><\/span><\/p>\n<p style=\"text-align: center;\"><span style=\"text-decoration: underline; font-family: georgia, palatino, serif; color: #db6f27; font-size: 14pt;\"><em>Un caf\u00e9<\/em><\/span><\/p>\n<p style=\"text-align: center;\"><span style=\"color: #db6f27; font-family: georgia, palatino, serif; font-size: large;\"><em>Bonne d\u00e9gustation!<\/em><\/span><\/p>\n<p style=\"text-align: center;\"><span style=\"font-family: georgia, palatino, serif; color: #db6f27;\"><img loading=\"lazy\" decoding=\"async\" class=\"alignnone wp-image-9251\" src=\"http:\/\/recettes-gourmandes-de-joce.fr\/wp-content\/uploads\/2019\/11\/PA020068-150x150.jpg\" alt=\"\" width=\"278\" height=\"190\" srcset=\"http:\/\/recettes-gourmandes-de-joce.fr\/wp-content\/uploads\/2019\/11\/PA020068-300x205.jpg 300w, http:\/\/recettes-gourmandes-de-joce.fr\/wp-content\/uploads\/2019\/11\/PA020068.jpg 640w\" sizes=\"auto, (max-width: 278px) 100vw, 278px\" \/> <img loading=\"lazy\" decoding=\"async\" class=\"alignnone wp-image-9253\" src=\"http:\/\/recettes-gourmandes-de-joce.fr\/wp-content\/uploads\/2019\/11\/PA020071-150x150.jpg\" alt=\"\" width=\"263\" height=\"190\" srcset=\"http:\/\/recettes-gourmandes-de-joce.fr\/wp-content\/uploads\/2019\/11\/PA020071-300x217.jpg 300w, http:\/\/recettes-gourmandes-de-joce.fr\/wp-content\/uploads\/2019\/11\/PA020071.jpg 640w\" sizes=\"auto, (max-width: 263px) 100vw, 263px\" \/><\/span><\/p>\n<p style=\"text-align: center;\"><img loading=\"lazy\" decoding=\"async\" class=\"alignnone size-full wp-image-59803\" src=\"http:\/\/recettes-gourmandes-de-joce.fr\/wp-content\/uploads\/2024\/01\/logitech-gaming-software-14112014-121223.jpg\" alt=\"\" width=\"640\" height=\"144\" \/><\/p>\n","protected":false},"excerpt":{"rendered":"<p>Une de mes recettes Composition 1 petit croissant pommes\/sp\u00e9culos \u00a0Recette sur ce lien -&gt; Petits croissants aux pommes caram\u00e9lis\u00e9es et sp\u00e9culos\u00a0 1 Niflette Recette sur ce lien -&gt; Ile de France: Niflettes de Provins\u00a0 1 congolais Recette sur ce lien -&gt; Congolais\u00a0 1 mini quatre quarts Recette sur ce lien \u00e0 r\u00e9aliser dans des moules &hellip; <\/p>\n<p><a class=\"more-link btn\" href=\"http:\/\/recettes-gourmandes-de-joce.fr\/index.php\/index\/desserts\/cafe-the-chocolat-gourmand\/cafe-gourmand-sur-le-theme-de-lautomne\/\">Lire la suite<\/a><\/p>\n","protected":false},"author":2,"featured_media":87184,"parent":211,"menu_order":0,"comment_status":"open","ping_status":"closed","template":"","meta":{"footnotes":""},"class_list":["post-9283","page","type-page","status-publish","has-post-thumbnail","hentry","nodate","item-wrap"],"_links":{"self":[{"href":"http:\/\/recettes-gourmandes-de-joce.fr\/index.php\/wp-json\/wp\/v2\/pages\/9283","targetHints":{"allow":["GET"]}}],"collection":[{"href":"http:\/\/recettes-gourmandes-de-joce.fr\/index.php\/wp-json\/wp\/v2\/pages"}],"about":[{"href":"http:\/\/recettes-gourmandes-de-joce.fr\/index.php\/wp-json\/wp\/v2\/types\/page"}],"author":[{"embeddable":true,"href":"http:\/\/recettes-gourmandes-de-joce.fr\/index.php\/wp-json\/wp\/v2\/users\/2"}],"replies":[{"embeddable":true,"href":"http:\/\/recettes-gourmandes-de-joce.fr\/index.php\/wp-json\/wp\/v2\/comments?post=9283"}],"version-history":[{"count":6,"href":"http:\/\/recettes-gourmandes-de-joce.fr\/index.php\/wp-json\/wp\/v2\/pages\/9283\/revisions"}],"predecessor-version":[{"id":87185,"href":"http:\/\/recettes-gourmandes-de-joce.fr\/index.php\/wp-json\/wp\/v2\/pages\/9283\/revisions\/87185"}],"up":[{"embeddable":true,"href":"http:\/\/recettes-gourmandes-de-joce.fr\/index.php\/wp-json\/wp\/v2\/pages\/211"}],"wp:featuredmedia":[{"embeddable":true,"href":"http:\/\/recettes-gourmandes-de-joce.fr\/index.php\/wp-json\/wp\/v2\/media\/87184"}],"wp:attachment":[{"href":"http:\/\/recettes-gourmandes-de-joce.fr\/index.php\/wp-json\/wp\/v2\/media?parent=9283"}],"curies":[{"name":"wp","href":"https:\/\/api.w.org\/{rel}","templated":true}]}}