{"id":91090,"date":"2024-11-05T23:21:57","date_gmt":"2024-11-05T23:21:57","guid":{"rendered":"http:\/\/recettes-gourmandes-de-joce.fr\/?page_id=91090"},"modified":"2024-11-05T23:42:24","modified_gmt":"2024-11-05T23:42:24","slug":"momies-dhalloween-knackies-feuilletees","status":"publish","type":"page","link":"http:\/\/recettes-gourmandes-de-joce.fr\/index.php\/index\/aperitifs-amuses-bouches\/feuilletes-aperitifs\/momies-dhalloween-knackies-feuilletees\/","title":{"rendered":"Momies d&rsquo;Halloween (knackies feuillet\u00e9es)."},"content":{"rendered":"<p style=\"text-align: center;\"><span style=\"text-decoration: underline; color: #993300; font-size: 14pt;\"><span style=\"font-family: georgia, palatino, serif;\"><em>D&rsquo;apr\u00e8s une recette du net cuisson \u00e0 ma fa\u00e7on<\/em><\/span><\/span><\/p>\n<p style=\"text-align: center;\"><span style=\"color: #993300;\"><img loading=\"lazy\" decoding=\"async\" class=\"alignnone wp-image-91023\" src=\"http:\/\/recettes-gourmandes-de-joce.fr\/wp-content\/uploads\/2024\/11\/20241101_153833-002.jpg\" alt=\"\" width=\"253\" height=\"180\" srcset=\"http:\/\/recettes-gourmandes-de-joce.fr\/wp-content\/uploads\/2024\/11\/20241101_153833-002.jpg 800w, http:\/\/recettes-gourmandes-de-joce.fr\/wp-content\/uploads\/2024\/11\/20241101_153833-002-768x546.jpg 768w, http:\/\/recettes-gourmandes-de-joce.fr\/wp-content\/uploads\/2024\/11\/20241101_153833-002-750x533.jpg 750w\" sizes=\"auto, (max-width: 253px) 100vw, 253px\" \/> <img loading=\"lazy\" decoding=\"async\" class=\"alignnone wp-image-91024\" src=\"http:\/\/recettes-gourmandes-de-joce.fr\/wp-content\/uploads\/2024\/11\/20241101_153836-001.jpg\" alt=\"\" width=\"222\" height=\"180\" srcset=\"http:\/\/recettes-gourmandes-de-joce.fr\/wp-content\/uploads\/2024\/11\/20241101_153836-001.jpg 800w, http:\/\/recettes-gourmandes-de-joce.fr\/wp-content\/uploads\/2024\/11\/20241101_153836-001-768x622.jpg 768w, http:\/\/recettes-gourmandes-de-joce.fr\/wp-content\/uploads\/2024\/11\/20241101_153836-001-750x608.jpg 750w\" sizes=\"auto, (max-width: 222px) 100vw, 222px\" \/> <img loading=\"lazy\" decoding=\"async\" class=\"alignnone wp-image-91026\" src=\"http:\/\/recettes-gourmandes-de-joce.fr\/wp-content\/uploads\/2024\/11\/20241101_153841-001.jpg\" alt=\"\" width=\"240\" height=\"180\" srcset=\"http:\/\/recettes-gourmandes-de-joce.fr\/wp-content\/uploads\/2024\/11\/20241101_153841-001.jpg 800w, http:\/\/recettes-gourmandes-de-joce.fr\/wp-content\/uploads\/2024\/11\/20241101_153841-001-768x576.jpg 768w, http:\/\/recettes-gourmandes-de-joce.fr\/wp-content\/uploads\/2024\/11\/20241101_153841-001-750x563.jpg 750w\" sizes=\"auto, (max-width: 240px) 100vw, 240px\" \/> <img loading=\"lazy\" decoding=\"async\" class=\"alignnone wp-image-91028\" src=\"http:\/\/recettes-gourmandes-de-joce.fr\/wp-content\/uploads\/2024\/11\/20241101_153847-001.jpg\" alt=\"\" width=\"240\" height=\"180\" srcset=\"http:\/\/recettes-gourmandes-de-joce.fr\/wp-content\/uploads\/2024\/11\/20241101_153847-001.jpg 800w, http:\/\/recettes-gourmandes-de-joce.fr\/wp-content\/uploads\/2024\/11\/20241101_153847-001-768x576.jpg 768w, http:\/\/recettes-gourmandes-de-joce.fr\/wp-content\/uploads\/2024\/11\/20241101_153847-001-750x563.jpg 750w\" sizes=\"auto, (max-width: 240px) 100vw, 240px\" \/><\/span><\/p>\n<p style=\"text-align: center;\"><span style=\"text-decoration: underline; color: #993300;\"><span style=\"font-size: 18pt; font-family: georgia, palatino, serif;\"><em> Ingr\u00e9dients pour 20 momies<\/em><\/span><\/span><\/p>\n<p style=\"text-align: center;\"><span style=\"color: #993300;\"><img loading=\"lazy\" decoding=\"async\" class=\"alignnone wp-image-91029\" src=\"http:\/\/recettes-gourmandes-de-joce.fr\/wp-content\/uploads\/2024\/11\/20241031_160614-001.jpg\" alt=\"\" width=\"242\" height=\"200\" srcset=\"http:\/\/recettes-gourmandes-de-joce.fr\/wp-content\/uploads\/2024\/11\/20241031_160614-001.jpg 800w, http:\/\/recettes-gourmandes-de-joce.fr\/wp-content\/uploads\/2024\/11\/20241031_160614-001-768x636.jpg 768w, http:\/\/recettes-gourmandes-de-joce.fr\/wp-content\/uploads\/2024\/11\/20241031_160614-001-750x621.jpg 750w\" sizes=\"auto, (max-width: 242px) 100vw, 242px\" \/><\/span><\/p>\n<p style=\"text-align: center;\"><span style=\"font-family: georgia, palatino, serif; color: #993300;\"><em><span style=\"font-size: 14pt;\">10 Knacks<\/span><\/em><\/span><\/p>\n<p style=\"text-align: center;\"><span style=\"font-family: georgia, palatino, serif; color: #993300;\"><em><span style=\"font-size: 14pt;\"> 1 p\u00e2te feuillet\u00e9e<\/span><\/em><\/span><\/p>\n<p style=\"text-align: center;\"><span style=\"font-family: georgia, palatino, serif; color: #993300;\"><em><span style=\"font-size: 14pt;\"> 1 \u0153uf<\/span><\/em><\/span><\/p>\n<p style=\"text-align: center;\"><span style=\"font-family: georgia, palatino, serif; color: #993300;\"><em><span style=\"font-size: 14pt;\"> 1 peu de moutarde <\/span><\/em><\/span><\/p>\n<p style=\"text-align: center;\"><span style=\"font-family: georgia, palatino, serif; color: #993300;\"><em><span style=\"font-size: 14pt;\">Cuisson \u00e0 l&rsquo;air Fryer possible voir sur ce lien -&gt; <\/span><\/em><\/span><span style=\"color: #800080;\"><a style=\"color: #800080;\" href=\"http:\/\/recettes-gourmandes-de-joce.fr\/index.php\/index\/poissons-fruits-de-mer-et-crustaces-cuisson-a-la-air-fryer\/amuses-bouches-entrees\/momies-dhalloween-knackies-feuilletees-cuisson-a-lair-fryer\/\"><span style=\"font-size: 14pt; font-family: georgia, palatino, serif;\"><em>Momies d&rsquo;Halloween (knackies feuillet\u00e9es), cuisson \u00e0 l&rsquo;air Fryer.<\/em><\/span><\/a><\/span><\/p>\n<p style=\"text-align: center;\"><span style=\"color: #993300;\"><img loading=\"lazy\" decoding=\"async\" class=\"alignnone wp-image-91030\" src=\"http:\/\/recettes-gourmandes-de-joce.fr\/wp-content\/uploads\/2024\/11\/20241031_160739-001.jpg\" alt=\"\" width=\"200\" height=\"170\" srcset=\"http:\/\/recettes-gourmandes-de-joce.fr\/wp-content\/uploads\/2024\/11\/20241031_160739-001.jpg 800w, http:\/\/recettes-gourmandes-de-joce.fr\/wp-content\/uploads\/2024\/11\/20241031_160739-001-768x653.jpg 768w, http:\/\/recettes-gourmandes-de-joce.fr\/wp-content\/uploads\/2024\/11\/20241031_160739-001-750x638.jpg 750w\" sizes=\"auto, (max-width: 200px) 100vw, 200px\" \/> <img loading=\"lazy\" decoding=\"async\" class=\"alignnone wp-image-91031\" src=\"http:\/\/recettes-gourmandes-de-joce.fr\/wp-content\/uploads\/2024\/11\/20241031_160928-001.jpg\" alt=\"\" width=\"181\" height=\"170\" srcset=\"http:\/\/recettes-gourmandes-de-joce.fr\/wp-content\/uploads\/2024\/11\/20241031_160928-001.jpg 800w, http:\/\/recettes-gourmandes-de-joce.fr\/wp-content\/uploads\/2024\/11\/20241031_160928-001-768x720.jpg 768w, http:\/\/recettes-gourmandes-de-joce.fr\/wp-content\/uploads\/2024\/11\/20241031_160928-001-750x703.jpg 750w\" sizes=\"auto, (max-width: 181px) 100vw, 181px\" \/> <img loading=\"lazy\" decoding=\"async\" class=\"alignnone wp-image-91032\" src=\"http:\/\/recettes-gourmandes-de-joce.fr\/wp-content\/uploads\/2024\/11\/20241031_161717-001.jpg\" alt=\"\" width=\"236\" height=\"170\" srcset=\"http:\/\/recettes-gourmandes-de-joce.fr\/wp-content\/uploads\/2024\/11\/20241031_161717-001.jpg 800w, http:\/\/recettes-gourmandes-de-joce.fr\/wp-content\/uploads\/2024\/11\/20241031_161717-001-768x554.jpg 768w, http:\/\/recettes-gourmandes-de-joce.fr\/wp-content\/uploads\/2024\/11\/20241031_161717-001-750x541.jpg 750w\" sizes=\"auto, (max-width: 236px) 100vw, 236px\" \/><\/span><\/p>\n<p style=\"text-align: center;\"><span style=\"color: #993300;\"><em><span style=\"font-size: 14pt; font-family: georgia, palatino, serif;\">Couper les knackies en deux, couper des bandes d&rsquo;environ 5 mm de large dans la p\u00e2te feuillet\u00e9e, entourer les knackies avec les bandes de p\u00e2te feuillet\u00e9e en laissant un espace pour marquer la t\u00eate.<\/span><\/em><\/span><\/p>\n<p style=\"text-align: center;\"><span style=\"color: #993300;\"><em><span style=\"font-size: 14pt; font-family: georgia, palatino, serif;\"><img loading=\"lazy\" decoding=\"async\" class=\"alignnone wp-image-91020\" src=\"http:\/\/recettes-gourmandes-de-joce.fr\/wp-content\/uploads\/2024\/11\/20241031_165604-001.jpg\" alt=\"\" width=\"199\" height=\"170\" srcset=\"http:\/\/recettes-gourmandes-de-joce.fr\/wp-content\/uploads\/2024\/11\/20241031_165604-001.jpg 800w, http:\/\/recettes-gourmandes-de-joce.fr\/wp-content\/uploads\/2024\/11\/20241031_165604-001-768x657.jpg 768w, http:\/\/recettes-gourmandes-de-joce.fr\/wp-content\/uploads\/2024\/11\/20241031_165604-001-750x641.jpg 750w\" sizes=\"auto, (max-width: 199px) 100vw, 199px\" \/><\/span><\/em><\/span>\u00a0<img loading=\"lazy\" decoding=\"async\" class=\"alignnone wp-image-91021\" style=\"color: #993300;\" src=\"http:\/\/recettes-gourmandes-de-joce.fr\/wp-content\/uploads\/2024\/11\/20241031_170324-001.jpg\" alt=\"\" width=\"189\" height=\"170\" srcset=\"http:\/\/recettes-gourmandes-de-joce.fr\/wp-content\/uploads\/2024\/11\/20241031_170324-001.jpg 800w, http:\/\/recettes-gourmandes-de-joce.fr\/wp-content\/uploads\/2024\/11\/20241031_170324-001-768x691.jpg 768w, http:\/\/recettes-gourmandes-de-joce.fr\/wp-content\/uploads\/2024\/11\/20241031_170324-001-750x675.jpg 750w\" sizes=\"auto, (max-width: 189px) 100vw, 189px\" \/><\/p>\n<p style=\"text-align: center;\"><span style=\"color: #993300;\"><em><span style=\"font-size: 14pt; font-family: georgia, palatino, serif;\">Battre l&rsquo;\u0153uf en omelette et en passer sur les momies, les mettre sur un papier sulfuris\u00e9, enfourner \u00e0 200\u00b0pendant environ 15\/20 minutes selon les fours. <\/span><\/em><\/span><span style=\"color: #993300; font-size: 14pt;\"><span style=\"font-family: georgia, palatino, serif;\"><em>Les d\u00e9poser sur une grille pour les laisser refroidir d\u00e8s qu&rsquo;elles sont cuites, puis ajouter les yeux \u00e0 l&rsquo;aide d&rsquo;un cure dent tremp\u00e9 dans la moutarde. Servir avec du ketchup.<\/em><\/span><\/span><\/p>\n<p style=\"text-align: center;\"><span style=\"color: #993300; font-size: 14pt;\"><span style=\"font-family: georgia, palatino, serif;\"><em>Bon app\u00e9tit!<\/em><\/span><\/span><\/p>\n<p style=\"text-align: center;\"><span style=\"color: #993300;\"><img loading=\"lazy\" decoding=\"async\" class=\"alignnone wp-image-91022\" src=\"http:\/\/recettes-gourmandes-de-joce.fr\/wp-content\/uploads\/2024\/11\/20241101_153833-001.jpg\" alt=\"\" width=\"253\" height=\"180\" srcset=\"http:\/\/recettes-gourmandes-de-joce.fr\/wp-content\/uploads\/2024\/11\/20241101_153833-001.jpg 800w, http:\/\/recettes-gourmandes-de-joce.fr\/wp-content\/uploads\/2024\/11\/20241101_153833-001-768x546.jpg 768w, http:\/\/recettes-gourmandes-de-joce.fr\/wp-content\/uploads\/2024\/11\/20241101_153833-001-750x533.jpg 750w\" sizes=\"auto, (max-width: 253px) 100vw, 253px\" \/> <img loading=\"lazy\" decoding=\"async\" class=\"alignnone wp-image-91027\" src=\"http:\/\/recettes-gourmandes-de-joce.fr\/wp-content\/uploads\/2024\/11\/20241101_153843-001.jpg\" alt=\"\" width=\"240\" height=\"180\" srcset=\"http:\/\/recettes-gourmandes-de-joce.fr\/wp-content\/uploads\/2024\/11\/20241101_153843-001.jpg 800w, http:\/\/recettes-gourmandes-de-joce.fr\/wp-content\/uploads\/2024\/11\/20241101_153843-001-768x576.jpg 768w, http:\/\/recettes-gourmandes-de-joce.fr\/wp-content\/uploads\/2024\/11\/20241101_153843-001-750x563.jpg 750w\" sizes=\"auto, (max-width: 240px) 100vw, 240px\" \/> <img loading=\"lazy\" decoding=\"async\" class=\"alignnone wp-image-91025\" src=\"http:\/\/recettes-gourmandes-de-joce.fr\/wp-content\/uploads\/2024\/11\/20241101_153839-001.jpg\" alt=\"\" width=\"240\" height=\"180\" srcset=\"http:\/\/recettes-gourmandes-de-joce.fr\/wp-content\/uploads\/2024\/11\/20241101_153839-001.jpg 800w, http:\/\/recettes-gourmandes-de-joce.fr\/wp-content\/uploads\/2024\/11\/20241101_153839-001-768x576.jpg 768w, http:\/\/recettes-gourmandes-de-joce.fr\/wp-content\/uploads\/2024\/11\/20241101_153839-001-750x563.jpg 750w\" sizes=\"auto, (max-width: 240px) 100vw, 240px\" \/><\/span><\/p>\n<p style=\"text-align: center;\"><span style=\"color: #993300;\"><img loading=\"lazy\" decoding=\"async\" class=\"alignnone wp-image-37354 size-full\" src=\"http:\/\/recettes-gourmandes-de-joce.fr\/wp-content\/uploads\/2021\/06\/logitech-gaming-software-14112014-121223.jpg\" alt=\"\" width=\"640\" height=\"144\" srcset=\"http:\/\/recettes-gourmandes-de-joce.fr\/wp-content\/uploads\/2021\/06\/logitech-gaming-software-14112014-121223.jpg 640w, http:\/\/recettes-gourmandes-de-joce.fr\/wp-content\/uploads\/2021\/06\/logitech-gaming-software-14112014-121223-300x68.jpg 300w\" sizes=\"auto, (max-width: 640px) 100vw, 640px\" \/><\/span><\/p>\n","protected":false},"excerpt":{"rendered":"<p>D&rsquo;apr\u00e8s une recette du net cuisson \u00e0 ma fa\u00e7on Ingr\u00e9dients pour 20 momies 10 Knacks 1 p\u00e2te feuillet\u00e9e 1 \u0153uf 1 peu de moutarde Cuisson \u00e0 l&rsquo;air Fryer possible voir sur ce lien -&gt; Momies d&rsquo;Halloween (knackies feuillet\u00e9es), cuisson \u00e0 l&rsquo;air Fryer. Couper les knackies en deux, couper des bandes d&rsquo;environ 5 mm de large &hellip; <\/p>\n<p><a class=\"more-link btn\" href=\"http:\/\/recettes-gourmandes-de-joce.fr\/index.php\/index\/aperitifs-amuses-bouches\/feuilletes-aperitifs\/momies-dhalloween-knackies-feuilletees\/\">Lire la suite<\/a><\/p>\n","protected":false},"author":2,"featured_media":91022,"parent":920,"menu_order":0,"comment_status":"open","ping_status":"closed","template":"","meta":{"footnotes":""},"class_list":["post-91090","page","type-page","status-publish","has-post-thumbnail","hentry","nodate","item-wrap"],"_links":{"self":[{"href":"http:\/\/recettes-gourmandes-de-joce.fr\/index.php\/wp-json\/wp\/v2\/pages\/91090","targetHints":{"allow":["GET"]}}],"collection":[{"href":"http:\/\/recettes-gourmandes-de-joce.fr\/index.php\/wp-json\/wp\/v2\/pages"}],"about":[{"href":"http:\/\/recettes-gourmandes-de-joce.fr\/index.php\/wp-json\/wp\/v2\/types\/page"}],"author":[{"embeddable":true,"href":"http:\/\/recettes-gourmandes-de-joce.fr\/index.php\/wp-json\/wp\/v2\/users\/2"}],"replies":[{"embeddable":true,"href":"http:\/\/recettes-gourmandes-de-joce.fr\/index.php\/wp-json\/wp\/v2\/comments?post=91090"}],"version-history":[{"count":2,"href":"http:\/\/recettes-gourmandes-de-joce.fr\/index.php\/wp-json\/wp\/v2\/pages\/91090\/revisions"}],"predecessor-version":[{"id":91102,"href":"http:\/\/recettes-gourmandes-de-joce.fr\/index.php\/wp-json\/wp\/v2\/pages\/91090\/revisions\/91102"}],"up":[{"embeddable":true,"href":"http:\/\/recettes-gourmandes-de-joce.fr\/index.php\/wp-json\/wp\/v2\/pages\/920"}],"wp:featuredmedia":[{"embeddable":true,"href":"http:\/\/recettes-gourmandes-de-joce.fr\/index.php\/wp-json\/wp\/v2\/media\/91022"}],"wp:attachment":[{"href":"http:\/\/recettes-gourmandes-de-joce.fr\/index.php\/wp-json\/wp\/v2\/media?parent=91090"}],"curies":[{"name":"wp","href":"https:\/\/api.w.org\/{rel}","templated":true}]}}