{"id":90946,"date":"2024-10-28T23:07:33","date_gmt":"2024-10-28T23:07:33","guid":{"rendered":"http:\/\/recettes-gourmandes-de-joce.fr\/?page_id=90946"},"modified":"2025-10-23T13:57:07","modified_gmt":"2025-10-23T13:57:07","slug":"menu-dhalloween-n2","status":"publish","type":"page","link":"http:\/\/recettes-gourmandes-de-joce.fr\/index.php\/index\/menus-buffet-courses\/menu-a-theme\/menu-dhalloween-n2\/","title":{"rendered":"Menu d&rsquo;Halloween N\u00b02."},"content":{"rendered":"<p style=\"text-align: center;\"><strong><span style=\"text-decoration: underline; color: #a155bd;\"><span style=\"font-family: georgia, palatino, serif;\"><em><span style=\"font-size: 18pt;\">Menu d&rsquo;Halloween N\u00b02<\/span><\/em><\/span><\/span><\/strong><\/p>\n<p style=\"text-align: center;\"><strong><span style=\"text-decoration: underline; color: #a155bd;\"><span style=\"font-family: georgia, palatino, serif;\"><em><span style=\"font-size: 18pt;\">Mes recettes<\/span><\/em><\/span><\/span><\/strong><\/p>\n<p style=\"text-align: center;\"><img loading=\"lazy\" decoding=\"async\" class=\"alignnone wp-image-90945\" src=\"http:\/\/recettes-gourmandes-de-joce.fr\/wp-content\/uploads\/2024\/10\/recettes-de-octobre-20233.jpg\" alt=\"\" width=\"410\" height=\"300\" srcset=\"http:\/\/recettes-gourmandes-de-joce.fr\/wp-content\/uploads\/2024\/10\/recettes-de-octobre-20233.jpg 800w, http:\/\/recettes-gourmandes-de-joce.fr\/wp-content\/uploads\/2024\/10\/recettes-de-octobre-20233-768x563.jpg 768w, http:\/\/recettes-gourmandes-de-joce.fr\/wp-content\/uploads\/2024\/10\/recettes-de-octobre-20233-750x549.jpg 750w\" sizes=\"auto, (max-width: 410px) 100vw, 410px\" \/><\/p>\n<p style=\"text-align: center;\"><span style=\"text-decoration: underline; color: #a155bd;\"><span style=\"font-family: georgia, palatino, serif; font-size: 14pt;\"><em>Cliquez sur les photos ou les titres\u00a0 pour vous rendre sur les recettes<\/em><\/span><\/span><\/p>\n<p style=\"text-align: center;\"><strong><span style=\"text-decoration: underline; font-size: 18pt; color: #ff6600;\"><span style=\"font-family: georgia, palatino, serif;\"><em>Ap\u00e9ritif<\/em><\/span><\/span><\/strong><\/p>\n<p style=\"text-align: center;\"><a href=\"http:\/\/recettes-gourmandes-de-joce.fr\/index.php\/index\/aperitifs-amuses-bouches\/aperitifs\/mojito-aux-clementines\/\"><img loading=\"lazy\" decoding=\"async\" class=\"alignnone wp-image-59747\" src=\"http:\/\/recettes-gourmandes-de-joce.fr\/wp-content\/uploads\/2024\/01\/20240130_191722.jpg\" alt=\"\" width=\"174\" height=\"170\" srcset=\"http:\/\/recettes-gourmandes-de-joce.fr\/wp-content\/uploads\/2024\/01\/20240130_191722.jpg 800w, http:\/\/recettes-gourmandes-de-joce.fr\/wp-content\/uploads\/2024\/01\/20240130_191722-768x751.jpg 768w, http:\/\/recettes-gourmandes-de-joce.fr\/wp-content\/uploads\/2024\/01\/20240130_191722-750x733.jpg 750w\" sizes=\"auto, (max-width: 174px) 100vw, 174px\" \/><\/a><\/p>\n<p style=\"text-align: center;\"><span style=\"font-size: 14pt; font-family: georgia, palatino, serif; color: #a155bd;\"><em><a style=\"color: #a155bd;\" href=\"http:\/\/recettes-gourmandes-de-joce.fr\/index.php\/index\/aperitifs-amuses-bouches\/aperitifs\/mojito-aux-clementines\/\">-&gt;Mojito aux cl\u00e9mentines.<\/a><\/em><\/span><\/p>\n<p style=\"text-align: center;\"><strong><span style=\"text-decoration: underline; color: #ff6600;\"><span style=\"font-size: 18pt; font-family: georgia, palatino, serif;\"><em>Amuses bouches <\/em><\/span><\/span><\/strong><\/p>\n<p style=\"text-align: center;\"><a href=\"http:\/\/recettes-gourmandes-de-joce.fr\/index.php\/index\/aperitifs-amuses-bouches\/feuilletes-aperitifs\/doigts-de-sorciere-et-main-coupee-dhalloween\/\"><img loading=\"lazy\" decoding=\"async\" class=\"alignnone wp-image-57354\" src=\"http:\/\/recettes-gourmandes-de-joce.fr\/wp-content\/uploads\/2023\/10\/20231028_174625.jpg\" alt=\"\" width=\"216\" height=\"170\" srcset=\"http:\/\/recettes-gourmandes-de-joce.fr\/wp-content\/uploads\/2023\/10\/20231028_174625.jpg 800w, http:\/\/recettes-gourmandes-de-joce.fr\/wp-content\/uploads\/2023\/10\/20231028_174625-768x606.jpg 768w, http:\/\/recettes-gourmandes-de-joce.fr\/wp-content\/uploads\/2023\/10\/20231028_174625-750x592.jpg 750w\" sizes=\"auto, (max-width: 216px) 100vw, 216px\" \/> <\/a><a href=\"http:\/\/recettes-gourmandes-de-joce.fr\/index.php\/index\/poissons-fruits-de-mer-et-crustaces-cuisson-a-la-air-fryer\/amuses-bouches-entrees\/momies-dhalloween-knackies-feuilletees-cuisson-a-lair-fryer\/\"><img loading=\"lazy\" decoding=\"async\" class=\"alignnone wp-image-91023\" src=\"http:\/\/recettes-gourmandes-de-joce.fr\/wp-content\/uploads\/2024\/11\/20241101_153833-002.jpg\" alt=\"\" width=\"239\" height=\"170\" srcset=\"http:\/\/recettes-gourmandes-de-joce.fr\/wp-content\/uploads\/2024\/11\/20241101_153833-002.jpg 800w, http:\/\/recettes-gourmandes-de-joce.fr\/wp-content\/uploads\/2024\/11\/20241101_153833-002-768x546.jpg 768w, http:\/\/recettes-gourmandes-de-joce.fr\/wp-content\/uploads\/2024\/11\/20241101_153833-002-750x533.jpg 750w\" sizes=\"auto, (max-width: 239px) 100vw, 239px\" \/> <\/a><a href=\"http:\/\/recettes-gourmandes-de-joce.fr\/index.php\/index\/poissons-fruits-de-mer-et-crustaces-cuisson-a-la-air-fryer\/amuses-bouches-entrees\/petites-citrouilles-pizzouilles-en-pate-a-pizza-facon-pizza\/\"><img loading=\"lazy\" decoding=\"async\" class=\"alignnone wp-image-91062\" src=\"http:\/\/recettes-gourmandes-de-joce.fr\/wp-content\/uploads\/2024\/11\/20241101_152240.jpg\" alt=\"\" width=\"227\" height=\"170\" srcset=\"http:\/\/recettes-gourmandes-de-joce.fr\/wp-content\/uploads\/2024\/11\/20241101_152240.jpg 800w, http:\/\/recettes-gourmandes-de-joce.fr\/wp-content\/uploads\/2024\/11\/20241101_152240-768x576.jpg 768w, http:\/\/recettes-gourmandes-de-joce.fr\/wp-content\/uploads\/2024\/11\/20241101_152240-750x563.jpg 750w\" sizes=\"auto, (max-width: 227px) 100vw, 227px\" \/><\/a><\/p>\n<p style=\"text-align: center;\"><span style=\"color: #a155bd;\"><a style=\"color: #a155bd;\" href=\"http:\/\/recettes-gourmandes-de-joce.fr\/index.php\/index\/aperitifs-amuses-bouches\/feuilletes-aperitifs\/doigts-de-sorciere-et-main-coupee-dhalloween\/\"><span style=\"font-size: 14pt; font-family: georgia, palatino, serif;\"><em>-&gt; Doigts de sorci\u00e8re et main coup\u00e9e d\u2019Halloween.<\/em><\/span><\/a><\/span><\/p>\n<p style=\"text-align: center;\"><a href=\"http:\/\/recettes-gourmandes-de-joce.fr\/index.php\/index\/poissons-fruits-de-mer-et-crustaces-cuisson-a-la-air-fryer\/amuses-bouches-entrees\/momies-dhalloween-knackies-feuilletees-cuisson-a-lair-fryer\/\"><span style=\"font-family: georgia, palatino, serif; color: #a155bd;\"><em><span style=\"font-size: 14pt;\">-&gt; Momies d\u2019Halloween (knackies feuillet\u00e9es), cuisson \u00e0 l\u2019air Fryer.<\/span><\/em><\/span><\/a><\/p>\n<p style=\"text-align: center;\"><span style=\"font-family: georgia, palatino, serif; color: #a155bd; font-size: 14pt;\"><em>-&gt; <a style=\"color: #a155bd;\" href=\"http:\/\/recettes-gourmandes-de-joce.fr\/index.php\/index\/poissons-fruits-de-mer-et-crustaces-cuisson-a-la-air-fryer\/amuses-bouches-entrees\/petites-citrouilles-pizzouilles-en-pate-a-pizza-facon-pizza\/\">Petites citrouilles (pizzouilles) en p\u00e2te \u00e0 pizza fa\u00e7on pizza.<\/a><\/em><\/span><\/p>\n<p style=\"text-align: center;\"><strong><span style=\"text-decoration: underline; color: #ff6600;\"><span style=\"font-size: 18pt;\"><em><span style=\"font-family: georgia, palatino, serif;\">Entr\u00e9es<\/span><\/em><\/span><\/span><\/strong><\/p>\n<p style=\"text-align: center;\"><em><span style=\"font-family: georgia, palatino, serif; font-size: 14pt;\"><a href=\"http:\/\/recettes-gourmandes-de-joce.fr\/index.php\/index\/recettes-regionales-mondiales\/recettes-du-monde-salees\/guacamole-mexique\/\"><img loading=\"lazy\" decoding=\"async\" class=\"alignnone wp-image-90947\" src=\"http:\/\/recettes-gourmandes-de-joce.fr\/wp-content\/uploads\/2024\/10\/Recettes-de-octobre-20241.jpg\" alt=\"\" width=\"286\" height=\"170\" srcset=\"http:\/\/recettes-gourmandes-de-joce.fr\/wp-content\/uploads\/2024\/10\/Recettes-de-octobre-20241.jpg 800w, http:\/\/recettes-gourmandes-de-joce.fr\/wp-content\/uploads\/2024\/10\/Recettes-de-octobre-20241-768x457.jpg 768w, http:\/\/recettes-gourmandes-de-joce.fr\/wp-content\/uploads\/2024\/10\/Recettes-de-octobre-20241-750x446.jpg 750w\" sizes=\"auto, (max-width: 286px) 100vw, 286px\" \/><\/a> <a href=\"http:\/\/recettes-gourmandes-de-joce.fr\/index.php\/index\/entrees\/soupes-veloutes\/veloute-de-citrouille-aux-boulettes-de-poulet-et-chorizo\/\"><img loading=\"lazy\" decoding=\"async\" class=\"alignnone wp-image-57437\" src=\"http:\/\/recettes-gourmandes-de-joce.fr\/wp-content\/uploads\/2023\/11\/20231028_151348.jpg\" alt=\"\" width=\"227\" height=\"170\" srcset=\"http:\/\/recettes-gourmandes-de-joce.fr\/wp-content\/uploads\/2023\/11\/20231028_151348.jpg 800w, http:\/\/recettes-gourmandes-de-joce.fr\/wp-content\/uploads\/2023\/11\/20231028_151348-768x576.jpg 768w, http:\/\/recettes-gourmandes-de-joce.fr\/wp-content\/uploads\/2023\/11\/20231028_151348-750x563.jpg 750w\" sizes=\"auto, (max-width: 227px) 100vw, 227px\" \/><\/a><\/span><\/em><\/p>\n<p style=\"text-align: center;\"><span style=\"color: #a155bd;\"><a style=\"color: #a155bd;\" href=\"http:\/\/recettes-gourmandes-de-joce.fr\/index.php\/index\/recettes-regionales-mondiales\/recettes-du-monde-salees\/guacamole-mexique\/\"><em><span style=\"font-size: 14pt; font-family: georgia, palatino, serif;\">-&gt; Guacamole<\/span><\/em><\/a><\/span><\/p>\n<p style=\"text-align: center;\"><span style=\"color: #a155bd;\"><a style=\"color: #a155bd;\" href=\"http:\/\/recettes-gourmandes-de-joce.fr\/index.php\/index\/entrees\/soupes-veloutes\/veloute-de-citrouille-aux-boulettes-de-poulet-et-chorizo\/\"><span style=\"font-size: 14pt; font-family: georgia, palatino, serif;\"><em>-&gt; Velout\u00e9 de citrouille aux boulettes de poulet et chorizo.<\/em><\/span><\/a><\/span><\/p>\n<p style=\"text-align: center;\"><span style=\"color: #a155bd;\"><a style=\"color: #a155bd;\" href=\"http:\/\/recettes-gourmandes-de-joce.fr\/index.php\/index\/oeufs-fromages-yaourts-laitages\/oeufs\/oeufs-mimosa-marbres-dhalloween-aux-araignees-dolives-noires\/\"><em><span style=\"font-family: georgia, palatino, serif; font-size: 14pt;\"><img loading=\"lazy\" decoding=\"async\" class=\"alignnone wp-image-57398\" src=\"http:\/\/recettes-gourmandes-de-joce.fr\/wp-content\/uploads\/2023\/11\/20231028_144637.jpg\" alt=\"\" width=\"235\" height=\"170\" srcset=\"http:\/\/recettes-gourmandes-de-joce.fr\/wp-content\/uploads\/2023\/11\/20231028_144637.jpg 800w, http:\/\/recettes-gourmandes-de-joce.fr\/wp-content\/uploads\/2023\/11\/20231028_144637-768x555.jpg 768w, http:\/\/recettes-gourmandes-de-joce.fr\/wp-content\/uploads\/2023\/11\/20231028_144637-750x542.jpg 750w\" sizes=\"auto, (max-width: 235px) 100vw, 235px\" \/><\/span><\/em><\/a><\/span><\/p>\n<p style=\"text-align: center;\"><span style=\"color: #a155bd;\"><a style=\"color: #a155bd;\" href=\"http:\/\/recettes-gourmandes-de-joce.fr\/index.php\/index\/oeufs-fromages-yaourts-laitages\/oeufs\/oeufs-mimosa-marbres-dhalloween-aux-araignees-dolives-noires\/\"><em><span style=\"font-size: 14pt; font-family: georgia, palatino, serif;\">-&gt; \u0152ufs mimosa marbr\u00e9s d\u2019Halloween aux araign\u00e9es d\u2019olives noires.<\/span><\/em><\/a><\/span><\/p>\n<p style=\"text-align: center;\"><strong><span style=\"text-decoration: underline; color: #ff6600;\"><span style=\"font-size: 18pt;\"><em><span style=\"font-family: georgia, palatino, serif;\">Plats<\/span><\/em><\/span><\/span><\/strong><\/p>\n<p style=\"text-align: center;\"><a href=\"http:\/\/recettes-gourmandes-de-joce.fr\/index.php\/index\/viandes\/volailles\/poulet\/boulettes-de-poulet-et-chorizo-en-sauce\/\"><em><span style=\"font-family: georgia, palatino, serif; font-size: 14pt;\"><img loading=\"lazy\" decoding=\"async\" class=\"alignnone wp-image-57413\" src=\"http:\/\/recettes-gourmandes-de-joce.fr\/wp-content\/uploads\/2023\/11\/20231029_195751.jpg\" alt=\"\" width=\"227\" height=\"170\" srcset=\"http:\/\/recettes-gourmandes-de-joce.fr\/wp-content\/uploads\/2023\/11\/20231029_195751.jpg 800w, http:\/\/recettes-gourmandes-de-joce.fr\/wp-content\/uploads\/2023\/11\/20231029_195751-768x576.jpg 768w, http:\/\/recettes-gourmandes-de-joce.fr\/wp-content\/uploads\/2023\/11\/20231029_195751-750x563.jpg 750w\" sizes=\"auto, (max-width: 227px) 100vw, 227px\" \/><\/span><\/em><\/a><\/p>\n<p style=\"text-align: center;\"><span style=\"color: #a155bd;\"><a style=\"color: #a155bd;\" href=\"http:\/\/recettes-gourmandes-de-joce.fr\/index.php\/index\/viandes\/volailles\/poulet\/boulettes-de-poulet-et-chorizo-en-sauce\/\"><em><span style=\"font-size: 14pt; font-family: georgia, palatino, serif;\">-&gt; Boulettes de poulet et chorizo en sauce.<\/span><\/em><\/a><\/span><\/p>\n<p style=\"text-align: center;\"><strong><span style=\"text-decoration: underline; font-size: 18pt; color: #ff6600;\"><em><span style=\"font-family: georgia, palatino, serif;\">Desserts<\/span><\/em><\/span><\/strong><\/p>\n<p style=\"text-align: center;\"><a href=\"http:\/\/recettes-gourmandes-de-joce.fr\/index.php\/index\/desserts\/cafe-the-chocolat-gourmand\/cafe-gourmand-theme-halloween\/\"><em><span style=\"font-family: georgia, palatino, serif; font-size: 14pt;\"><img loading=\"lazy\" decoding=\"async\" class=\"alignnone wp-image-57488\" src=\"http:\/\/recettes-gourmandes-de-joce.fr\/wp-content\/uploads\/2023\/11\/20231028_150644.jpg\" alt=\"\" width=\"227\" height=\"170\" srcset=\"http:\/\/recettes-gourmandes-de-joce.fr\/wp-content\/uploads\/2023\/11\/20231028_150644.jpg 800w, http:\/\/recettes-gourmandes-de-joce.fr\/wp-content\/uploads\/2023\/11\/20231028_150644-768x576.jpg 768w, http:\/\/recettes-gourmandes-de-joce.fr\/wp-content\/uploads\/2023\/11\/20231028_150644-750x563.jpg 750w\" sizes=\"auto, (max-width: 227px) 100vw, 227px\" \/> <img loading=\"lazy\" decoding=\"async\" class=\"alignnone wp-image-8274\" src=\"http:\/\/recettes-gourmandes-de-joce.fr\/wp-content\/uploads\/2019\/10\/PA100227-300x148.jpg\" alt=\"\" width=\"345\" height=\"170\" srcset=\"http:\/\/recettes-gourmandes-de-joce.fr\/wp-content\/uploads\/2019\/10\/PA100227-300x148.jpg 300w, http:\/\/recettes-gourmandes-de-joce.fr\/wp-content\/uploads\/2019\/10\/PA100227.jpg 640w\" sizes=\"auto, (max-width: 345px) 100vw, 345px\" \/><\/span><\/em><\/a><\/p>\n<p style=\"text-align: center;\"><span style=\"font-size: 14pt; font-family: georgia, palatino, serif; color: #a155bd;\"><em><a style=\"color: #a155bd;\" href=\"http:\/\/recettes-gourmandes-de-joce.fr\/index.php\/index\/desserts\/tartes-gateaux\/gateau-au-chocolat-dhalloween-fondant-au-chocolat\/\">-&gt;\u00a0G\u00e2teau au chocolat d\u2019Halloween (fondant au chocolat).<\/a><\/em><\/span><\/p>\n<p style=\"text-align: center;\"><a href=\"http:\/\/recettes-gourmandes-de-joce.fr\/index.php\/index\/desserts\/cafe-the-chocolat-gourmand\/cafe-gourmand-theme-halloween\/\"><span style=\"font-size: 14pt; font-family: georgia, palatino, serif;\"><em><span style=\"color: #a155bd;\">-&gt; Caf\u00e9 gourmand th\u00e8me Halloween.<\/span><\/em><\/span><\/a><\/p>\n<p style=\"text-align: center;\"><strong><span style=\"text-decoration: underline; color: #a155bd;\"><span style=\"font-size: 18pt;\"><em><span style=\"font-family: georgia, palatino, serif;\">D\u00e9coration de table et pliage de serviette<\/span><\/em><\/span><\/span><\/strong><\/p>\n<p style=\"text-align: center;\"><em><span style=\"font-family: georgia, palatino, serif; font-size: 14pt;\"><a href=\"http:\/\/recettes-gourmandes-de-joce.fr\/index.php\/index-divers\/decorations-de-table\/decorations-de-table\/decoration-de-table-dhalloween-n1\/\"><img loading=\"lazy\" decoding=\"async\" class=\"alignnone wp-image-25820\" src=\"http:\/\/recettes-gourmandes-de-joce.fr\/wp-content\/uploads\/2020\/10\/table-halloween18-300x225.jpg\" alt=\"\" width=\"227\" height=\"170\" srcset=\"http:\/\/recettes-gourmandes-de-joce.fr\/wp-content\/uploads\/2020\/10\/table-halloween18-300x225.jpg 300w, http:\/\/recettes-gourmandes-de-joce.fr\/wp-content\/uploads\/2020\/10\/table-halloween18-768x576.jpg 768w, http:\/\/recettes-gourmandes-de-joce.fr\/wp-content\/uploads\/2020\/10\/table-halloween18-750x563.jpg 750w, http:\/\/recettes-gourmandes-de-joce.fr\/wp-content\/uploads\/2020\/10\/table-halloween18.jpg 800w\" sizes=\"auto, (max-width: 227px) 100vw, 227px\" \/><\/a> <a href=\"http:\/\/recettes-gourmandes-de-joce.fr\/index.php\/index-divers\/decorations-de-table\/pliage-de-serviette-de-table\/pliage-de-serviette-en-forme-de-chauve-souris\/\"><img loading=\"lazy\" decoding=\"async\" class=\"alignnone wp-image-87846\" src=\"http:\/\/recettes-gourmandes-de-joce.fr\/wp-content\/uploads\/2024\/07\/actualisation-site-photos216.jpg\" alt=\"\" width=\"212\" height=\"170\" srcset=\"http:\/\/recettes-gourmandes-de-joce.fr\/wp-content\/uploads\/2024\/07\/actualisation-site-photos216.jpg 800w, http:\/\/recettes-gourmandes-de-joce.fr\/wp-content\/uploads\/2024\/07\/actualisation-site-photos216-768x616.jpg 768w, http:\/\/recettes-gourmandes-de-joce.fr\/wp-content\/uploads\/2024\/07\/actualisation-site-photos216-750x602.jpg 750w\" sizes=\"auto, (max-width: 212px) 100vw, 212px\" \/><\/a><\/span><\/em><\/p>\n<p style=\"text-align: center;\"><span style=\"color: #a155bd;\"><a style=\"color: #a155bd;\" href=\"http:\/\/recettes-gourmandes-de-joce.fr\/index.php\/index-divers\/decorations-de-table\/decorations-de-table\/decoration-de-table-dhalloween-n1\/\"><span style=\"font-size: 14pt; font-family: georgia, palatino, serif;\"><em>-&gt; D\u00e9coration de table d\u2019Halloween N\u00b01.<\/em><\/span><\/a><\/span><\/p>\n<p style=\"text-align: center;\"><span style=\"color: #a155bd;\"><a style=\"color: #a155bd;\" href=\"http:\/\/recettes-gourmandes-de-joce.fr\/index.php\/index-divers\/decorations-de-table\/pliage-de-serviette-de-table\/pliage-de-serviette-en-forme-de-chauve-souris\/\"><span style=\"font-family: georgia, palatino, serif;\"><em><span style=\"font-size: 14pt;\">-&gt; Pliage de serviette en forme de chauve souris.<\/span><\/em><\/span><\/a><\/span><\/p>\n<p style=\"text-align: center;\"><img loading=\"lazy\" decoding=\"async\" class=\"alignnone wp-image-44943 size-full\" src=\"http:\/\/recettes-gourmandes-de-joce.fr\/wp-content\/uploads\/2022\/05\/logitech-gaming-software-14112014-121223.jpg\" alt=\"\" width=\"640\" height=\"144\" srcset=\"http:\/\/recettes-gourmandes-de-joce.fr\/wp-content\/uploads\/2022\/05\/logitech-gaming-software-14112014-121223.jpg 640w, http:\/\/recettes-gourmandes-de-joce.fr\/wp-content\/uploads\/2022\/05\/logitech-gaming-software-14112014-121223-300x68.jpg 300w\" sizes=\"auto, (max-width: 640px) 100vw, 640px\" \/><\/p>\n","protected":false},"excerpt":{"rendered":"<p>Menu d&rsquo;Halloween N\u00b02 Mes recettes Cliquez sur les photos ou les titres\u00a0 pour vous rendre sur les recettes Ap\u00e9ritif -&gt;Mojito aux cl\u00e9mentines. Amuses bouches -&gt; Doigts de sorci\u00e8re et main coup\u00e9e d\u2019Halloween. -&gt; Momies d\u2019Halloween (knackies feuillet\u00e9es), cuisson \u00e0 l\u2019air Fryer. -&gt; Petites citrouilles (pizzouilles) en p\u00e2te \u00e0 pizza fa\u00e7on pizza. Entr\u00e9es -&gt; Guacamole -&gt; &hellip; <\/p>\n<p><a class=\"more-link btn\" href=\"http:\/\/recettes-gourmandes-de-joce.fr\/index.php\/index\/menus-buffet-courses\/menu-a-theme\/menu-dhalloween-n2\/\">Lire la suite<\/a><\/p>\n","protected":false},"author":2,"featured_media":97496,"parent":253,"menu_order":0,"comment_status":"open","ping_status":"closed","template":"","meta":{"footnotes":""},"class_list":["post-90946","page","type-page","status-publish","has-post-thumbnail","hentry","nodate","item-wrap"],"_links":{"self":[{"href":"http:\/\/recettes-gourmandes-de-joce.fr\/index.php\/wp-json\/wp\/v2\/pages\/90946","targetHints":{"allow":["GET"]}}],"collection":[{"href":"http:\/\/recettes-gourmandes-de-joce.fr\/index.php\/wp-json\/wp\/v2\/pages"}],"about":[{"href":"http:\/\/recettes-gourmandes-de-joce.fr\/index.php\/wp-json\/wp\/v2\/types\/page"}],"author":[{"embeddable":true,"href":"http:\/\/recettes-gourmandes-de-joce.fr\/index.php\/wp-json\/wp\/v2\/users\/2"}],"replies":[{"embeddable":true,"href":"http:\/\/recettes-gourmandes-de-joce.fr\/index.php\/wp-json\/wp\/v2\/comments?post=90946"}],"version-history":[{"count":7,"href":"http:\/\/recettes-gourmandes-de-joce.fr\/index.php\/wp-json\/wp\/v2\/pages\/90946\/revisions"}],"predecessor-version":[{"id":97495,"href":"http:\/\/recettes-gourmandes-de-joce.fr\/index.php\/wp-json\/wp\/v2\/pages\/90946\/revisions\/97495"}],"up":[{"embeddable":true,"href":"http:\/\/recettes-gourmandes-de-joce.fr\/index.php\/wp-json\/wp\/v2\/pages\/253"}],"wp:featuredmedia":[{"embeddable":true,"href":"http:\/\/recettes-gourmandes-de-joce.fr\/index.php\/wp-json\/wp\/v2\/media\/97496"}],"wp:attachment":[{"href":"http:\/\/recettes-gourmandes-de-joce.fr\/index.php\/wp-json\/wp\/v2\/media?parent=90946"}],"curies":[{"name":"wp","href":"https:\/\/api.w.org\/{rel}","templated":true}]}}