{"id":9005,"date":"2019-11-03T17:21:18","date_gmt":"2019-11-03T17:21:18","guid":{"rendered":"http:\/\/recettes-gourmandes-de-joce.fr\/?page_id=9005"},"modified":"2024-07-04T13:43:17","modified_gmt":"2024-07-04T13:43:17","slug":"sauce-blanche-pour-kebab-oignon-yaourt-menthe-etc","status":"publish","type":"page","link":"http:\/\/recettes-gourmandes-de-joce.fr\/index.php\/index\/sauces-assaisonnements\/sauces-froides\/sauce-blanche-pour-kebab-oignon-yaourt-menthe-etc\/","title":{"rendered":"Sauce blanche pour k\u00e9bab (oignon, yaourt, menthe etc..)."},"content":{"rendered":"<p style=\"text-align: center;\"><em style=\"color: #800080; font-family: georgia, palatino, serif;\"><span style=\"text-decoration: underline;\"><span style=\"font-size: x-large;\">Une de mes recettes<\/span><\/span><\/em><\/p>\n<p style=\"text-align: center;\"><span style=\"font-family: georgia, palatino, serif; color: #800080;\"><img loading=\"lazy\" decoding=\"async\" class=\"alignnone wp-image-9006\" src=\"http:\/\/recettes-gourmandes-de-joce.fr\/wp-content\/uploads\/2019\/11\/P2180084-150x150.jpg\" alt=\"\" width=\"233\" height=\"175\" srcset=\"http:\/\/recettes-gourmandes-de-joce.fr\/wp-content\/uploads\/2019\/11\/P2180084-300x225.jpg 300w, http:\/\/recettes-gourmandes-de-joce.fr\/wp-content\/uploads\/2019\/11\/P2180084.jpg 640w\" sizes=\"auto, (max-width: 233px) 100vw, 233px\" \/> <img loading=\"lazy\" decoding=\"async\" class=\"alignnone wp-image-8940\" src=\"http:\/\/recettes-gourmandes-de-joce.fr\/wp-content\/uploads\/2019\/11\/P2180086-150x150.jpg\" alt=\"\" width=\"233\" height=\"175\" srcset=\"http:\/\/recettes-gourmandes-de-joce.fr\/wp-content\/uploads\/2019\/11\/P2180086-300x225.jpg 300w, http:\/\/recettes-gourmandes-de-joce.fr\/wp-content\/uploads\/2019\/11\/P2180086.jpg 640w\" sizes=\"auto, (max-width: 233px) 100vw, 233px\" \/><\/span><\/p>\n<p style=\"text-align: center;\"><span style=\"color: #800080; font-family: georgia, palatino, serif;\"><em><span style=\"text-decoration: underline;\"><span style=\"font-size: x-large;\">Ingr\u00e9dients pour 4 k\u00e9babs en moyenne<\/span><\/span><\/em><\/span><\/p>\n<p style=\"text-align: center;\"><span style=\"font-family: georgia, palatino, serif; color: #800080;\"><img loading=\"lazy\" decoding=\"async\" class=\"alignnone wp-image-8928\" src=\"http:\/\/recettes-gourmandes-de-joce.fr\/wp-content\/uploads\/2019\/11\/P2180067-150x150.jpg\" alt=\"\" width=\"301\" height=\"200\" srcset=\"http:\/\/recettes-gourmandes-de-joce.fr\/wp-content\/uploads\/2019\/11\/P2180067-300x199.jpg 300w, http:\/\/recettes-gourmandes-de-joce.fr\/wp-content\/uploads\/2019\/11\/P2180067.jpg 640w\" sizes=\"auto, (max-width: 301px) 100vw, 301px\" \/><\/span><\/p>\n<p style=\"text-align: center;\"><span style=\"color: #800080; font-family: georgia, palatino, serif;\"><em><span style=\"font-size: large;\">1 yaourt grecque <\/span><\/em><\/span><\/p>\n<p style=\"text-align: center;\"><span style=\"color: #800080; font-family: georgia, palatino, serif;\"><em><span style=\"font-size: large;\">ou \u00e0 d\u00e9faut l&rsquo;\u00e9quivalent en cr\u00e8me fra\u00eeche (ce que j&rsquo;ai fait)<\/span><\/em><\/span><\/p>\n<p style=\"text-align: center;\"><span style=\"color: #800080; font-family: georgia, palatino, serif;\"><em><span style=\"font-size: x-large;\"><span style=\"font-size: large;\">\u00bd oignon rouge<\/span><\/span><\/em><\/span><\/p>\n<p style=\"text-align: center;\"><span style=\"color: #800080; font-family: georgia, palatino, serif;\"><em><span style=\"font-size: x-large;\"><span style=\"font-size: large;\">1 petit bouquet de menthe fra\u00eeche<\/span><\/span><\/em><\/span><\/p>\n<p style=\"text-align: center;\"><span style=\"color: #800080; font-family: georgia, palatino, serif;\"><em><span style=\"font-size: x-large;\"><span style=\"font-size: large;\">1 petit bouquet de persil plat frais<\/span><\/span><\/em><\/span><\/p>\n<p style=\"text-align: center;\"><span style=\"color: #800080; font-family: georgia, palatino, serif;\"><em><span style=\"font-size: x-large;\"><span style=\"font-size: large;\">1 c \u00e0 s de mayonnaise<\/span><\/span><\/em><\/span><\/p>\n<p style=\"text-align: center;\"><span style=\"color: #800080; font-family: georgia, palatino, serif;\"><em><span style=\"font-size: x-large;\"><span style=\"font-size: large;\">1 gousse d&rsquo;ail<\/span><\/span><\/em><\/span><\/p>\n<p style=\"text-align: center;\"><span style=\"color: #800080; font-family: georgia, palatino, serif;\"><em><span style=\"font-size: x-large;\"><span style=\"font-size: large;\">\u00bd c \u00e0 c de piment d&rsquo;Espelette<\/span><\/span><\/em><\/span><\/p>\n<p style=\"text-align: center;\"><span style=\"color: #800080; font-family: georgia, palatino, serif;\"><em><span style=\"font-size: x-large;\"><span style=\"font-size: large;\">\u00bd demi citron<\/span><\/span><\/em><\/span><\/p>\n<p style=\"text-align: center;\"><span style=\"color: #800080; font-family: georgia, palatino, serif;\"><em><span style=\"font-size: x-large;\"><span style=\"font-size: large;\">Sel et poivre<\/span><\/span><\/em><\/span><\/p>\n<p style=\"text-align: center;\"><span style=\"font-family: georgia, palatino, serif; color: #800080;\"><img loading=\"lazy\" decoding=\"async\" class=\"alignnone wp-image-8935\" src=\"http:\/\/recettes-gourmandes-de-joce.fr\/wp-content\/uploads\/2019\/11\/P2180077-150x150.jpg\" alt=\"\" width=\"227\" height=\"170\" srcset=\"http:\/\/recettes-gourmandes-de-joce.fr\/wp-content\/uploads\/2019\/11\/P2180077-300x225.jpg 300w, http:\/\/recettes-gourmandes-de-joce.fr\/wp-content\/uploads\/2019\/11\/P2180077.jpg 640w\" sizes=\"auto, (max-width: 227px) 100vw, 227px\" \/> <img loading=\"lazy\" decoding=\"async\" class=\"alignnone wp-image-8937\" src=\"http:\/\/recettes-gourmandes-de-joce.fr\/wp-content\/uploads\/2019\/11\/P2180080-150x150.jpg\" alt=\"\" width=\"208\" height=\"170\" srcset=\"http:\/\/recettes-gourmandes-de-joce.fr\/wp-content\/uploads\/2019\/11\/P2180080-300x245.jpg 300w, http:\/\/recettes-gourmandes-de-joce.fr\/wp-content\/uploads\/2019\/11\/P2180080.jpg 640w\" sizes=\"auto, (max-width: 208px) 100vw, 208px\" \/> <img loading=\"lazy\" decoding=\"async\" class=\"alignnone wp-image-8931\" src=\"http:\/\/recettes-gourmandes-de-joce.fr\/wp-content\/uploads\/2019\/11\/P2180073-150x150.jpg\" alt=\"\" width=\"227\" height=\"170\" srcset=\"http:\/\/recettes-gourmandes-de-joce.fr\/wp-content\/uploads\/2019\/11\/P2180073-300x225.jpg 300w, http:\/\/recettes-gourmandes-de-joce.fr\/wp-content\/uploads\/2019\/11\/P2180073.jpg 640w\" sizes=\"auto, (max-width: 227px) 100vw, 227px\" \/><\/span><\/p>\n<p style=\"text-align: center;\"><span style=\"font-family: georgia, palatino, serif; color: #800080;\"><em><span style=\"font-size: x-large;\"><span style=\"font-size: large;\">Peler et hacher finement l&rsquo;oignon rouge et l&rsquo;ail d\u00e9germ\u00e9e.<\/span><\/span><\/em><em><span style=\"font-size: x-large;\"><span style=\"font-size: large;\">\u00a0<\/span><\/span><\/em><em><span style=\"font-size: x-large;\"><span style=\"font-size: large;\">Lav\u00e9 et cisel\u00e9\u00a0<\/span><\/span><\/em><em><span style=\"font-size: x-large;\"><span style=\"font-size: large;\">le persil et la menthe.\u00a0<\/span><\/span><\/em><\/span><\/p>\n<p style=\"text-align: center;\"><span style=\"font-family: georgia, palatino, serif; color: #800080;\"><img loading=\"lazy\" decoding=\"async\" class=\"alignnone wp-image-8929\" src=\"http:\/\/recettes-gourmandes-de-joce.fr\/wp-content\/uploads\/2019\/11\/P2180071-150x150.jpg\" alt=\"\" width=\"214\" height=\"170\" srcset=\"http:\/\/recettes-gourmandes-de-joce.fr\/wp-content\/uploads\/2019\/11\/P2180071-300x238.jpg 300w, http:\/\/recettes-gourmandes-de-joce.fr\/wp-content\/uploads\/2019\/11\/P2180071.jpg 640w\" sizes=\"auto, (max-width: 214px) 100vw, 214px\" \/> <img loading=\"lazy\" decoding=\"async\" class=\"alignnone wp-image-8930\" src=\"http:\/\/recettes-gourmandes-de-joce.fr\/wp-content\/uploads\/2019\/11\/P2180072-150x150.jpg\" alt=\"\" width=\"227\" height=\"170\" srcset=\"http:\/\/recettes-gourmandes-de-joce.fr\/wp-content\/uploads\/2019\/11\/P2180072-300x225.jpg 300w, http:\/\/recettes-gourmandes-de-joce.fr\/wp-content\/uploads\/2019\/11\/P2180072.jpg 640w\" sizes=\"auto, (max-width: 227px) 100vw, 227px\" \/> <img loading=\"lazy\" decoding=\"async\" class=\"alignnone wp-image-8933\" src=\"http:\/\/recettes-gourmandes-de-joce.fr\/wp-content\/uploads\/2019\/11\/P2180075-150x150.jpg\" alt=\"\" width=\"227\" height=\"170\" srcset=\"http:\/\/recettes-gourmandes-de-joce.fr\/wp-content\/uploads\/2019\/11\/P2180075-300x225.jpg 300w, http:\/\/recettes-gourmandes-de-joce.fr\/wp-content\/uploads\/2019\/11\/P2180075.jpg 640w\" sizes=\"auto, (max-width: 227px) 100vw, 227px\" \/><\/span><\/p>\n<p style=\"text-align: center;\"><span style=\"color: #800080; font-family: georgia, palatino, serif;\"><em><span style=\"font-size: x-large;\"><span style=\"font-size: large;\">M\u00e9langer dans un bol, yaourt ou cr\u00e8me avec la mayonnaise, ajouter le piment d&rsquo;Espelette et la menthe, bien m\u00e9langer.<\/span><\/span><\/em><\/span><\/p>\n<p style=\"text-align: center;\"><span style=\"font-family: georgia, palatino, serif; color: #800080;\"><img loading=\"lazy\" decoding=\"async\" class=\"alignnone wp-image-8934\" src=\"http:\/\/recettes-gourmandes-de-joce.fr\/wp-content\/uploads\/2019\/11\/P2180076-150x150.jpg\" alt=\"\" width=\"227\" height=\"170\" srcset=\"http:\/\/recettes-gourmandes-de-joce.fr\/wp-content\/uploads\/2019\/11\/P2180076-300x225.jpg 300w, http:\/\/recettes-gourmandes-de-joce.fr\/wp-content\/uploads\/2019\/11\/P2180076.jpg 640w\" sizes=\"auto, (max-width: 227px) 100vw, 227px\" \/> <img loading=\"lazy\" decoding=\"async\" class=\"alignnone wp-image-8936\" src=\"http:\/\/recettes-gourmandes-de-joce.fr\/wp-content\/uploads\/2019\/11\/P2180079-150x150.jpg\" alt=\"\" width=\"227\" height=\"170\" srcset=\"http:\/\/recettes-gourmandes-de-joce.fr\/wp-content\/uploads\/2019\/11\/P2180079-300x225.jpg 300w, http:\/\/recettes-gourmandes-de-joce.fr\/wp-content\/uploads\/2019\/11\/P2180079.jpg 640w\" sizes=\"auto, (max-width: 227px) 100vw, 227px\" \/> <img loading=\"lazy\" decoding=\"async\" class=\"alignnone wp-image-8938\" src=\"http:\/\/recettes-gourmandes-de-joce.fr\/wp-content\/uploads\/2019\/11\/P2180081-150x150.jpg\" alt=\"\" width=\"227\" height=\"170\" srcset=\"http:\/\/recettes-gourmandes-de-joce.fr\/wp-content\/uploads\/2019\/11\/P2180081-300x225.jpg 300w, http:\/\/recettes-gourmandes-de-joce.fr\/wp-content\/uploads\/2019\/11\/P2180081.jpg 640w\" sizes=\"auto, (max-width: 227px) 100vw, 227px\" \/><\/span><\/p>\n<p style=\"text-align: center;\"><span style=\"color: #800080; font-family: georgia, palatino, serif;\"><em><span style=\"font-size: x-large;\"><span style=\"font-size: large;\">Ajouter le persil, l&rsquo;oignon rouge et l&rsquo;ail , bien m\u00e9langer \u00e0 nouveau.<\/span><\/span><\/em><\/span><\/p>\n<p style=\"text-align: center;\"><span style=\"font-family: georgia, palatino, serif; color: #800080;\"><img loading=\"lazy\" decoding=\"async\" class=\"alignnone wp-image-8939\" src=\"http:\/\/recettes-gourmandes-de-joce.fr\/wp-content\/uploads\/2019\/11\/P2180082-150x150.jpg\" alt=\"\" width=\"227\" height=\"170\" srcset=\"http:\/\/recettes-gourmandes-de-joce.fr\/wp-content\/uploads\/2019\/11\/P2180082-300x225.jpg 300w, http:\/\/recettes-gourmandes-de-joce.fr\/wp-content\/uploads\/2019\/11\/P2180082.jpg 640w\" sizes=\"auto, (max-width: 227px) 100vw, 227px\" \/><\/span><\/p>\n<p style=\"text-align: center;\"><span style=\"font-family: georgia, palatino, serif; color: #800080;\"><em><span style=\"font-size: x-large;\"><span style=\"font-size: large;\">Ajouter le jus de citron, saler et poivrer, m\u00e9langer, r\u00e9server au frais. <\/span><\/span><\/em><em><span style=\"font-size: x-large;\"><span style=\"font-size: large;\">Id\u00e9al avec les k\u00e9babs, mais tr\u00e8s fra\u00eeche sur les crudit\u00e9s!<\/span><\/span><\/em><\/span><\/p>\n<p style=\"text-align: center;\"><span style=\"color: #800080; font-family: georgia, palatino, serif;\"><em><span style=\"font-size: x-large;\"><span style=\"font-size: large;\">Bon app\u00e9tit!<\/span><\/span><\/em><\/span><\/p>\n<p style=\"text-align: center;\"><span style=\"font-family: georgia, palatino, serif; color: #800080;\">\u00a0<img loading=\"lazy\" decoding=\"async\" class=\"alignnone wp-image-8940\" src=\"http:\/\/recettes-gourmandes-de-joce.fr\/wp-content\/uploads\/2019\/11\/P2180086-150x150.jpg\" alt=\"\" width=\"233\" height=\"175\" srcset=\"http:\/\/recettes-gourmandes-de-joce.fr\/wp-content\/uploads\/2019\/11\/P2180086-300x225.jpg 300w, http:\/\/recettes-gourmandes-de-joce.fr\/wp-content\/uploads\/2019\/11\/P2180086.jpg 640w\" sizes=\"auto, (max-width: 233px) 100vw, 233px\" \/> <img loading=\"lazy\" decoding=\"async\" class=\"alignnone wp-image-9006\" src=\"http:\/\/recettes-gourmandes-de-joce.fr\/wp-content\/uploads\/2019\/11\/P2180084-150x150.jpg\" alt=\"\" width=\"233\" height=\"175\" srcset=\"http:\/\/recettes-gourmandes-de-joce.fr\/wp-content\/uploads\/2019\/11\/P2180084-300x225.jpg 300w, http:\/\/recettes-gourmandes-de-joce.fr\/wp-content\/uploads\/2019\/11\/P2180084.jpg 640w\" sizes=\"auto, (max-width: 233px) 100vw, 233px\" \/><\/span><\/p>\n<p style=\"text-align: center;\"><img loading=\"lazy\" decoding=\"async\" class=\"alignnone size-full wp-image-59803\" src=\"http:\/\/recettes-gourmandes-de-joce.fr\/wp-content\/uploads\/2024\/01\/logitech-gaming-software-14112014-121223.jpg\" alt=\"\" width=\"640\" height=\"144\" \/><\/p>\n","protected":false},"excerpt":{"rendered":"<p>Une de mes recettes Ingr\u00e9dients pour 4 k\u00e9babs en moyenne 1 yaourt grecque ou \u00e0 d\u00e9faut l&rsquo;\u00e9quivalent en cr\u00e8me fra\u00eeche (ce que j&rsquo;ai fait) \u00bd oignon rouge 1 petit bouquet de menthe fra\u00eeche 1 petit bouquet de persil plat frais 1 c \u00e0 s de mayonnaise 1 gousse d&rsquo;ail \u00bd c \u00e0 c de piment &hellip; <\/p>\n<p><a class=\"more-link btn\" href=\"http:\/\/recettes-gourmandes-de-joce.fr\/index.php\/index\/sauces-assaisonnements\/sauces-froides\/sauce-blanche-pour-kebab-oignon-yaourt-menthe-etc\/\">Lire la suite<\/a><\/p>\n","protected":false},"author":2,"featured_media":86750,"parent":217,"menu_order":0,"comment_status":"open","ping_status":"closed","template":"","meta":{"footnotes":""},"class_list":["post-9005","page","type-page","status-publish","has-post-thumbnail","hentry","nodate","item-wrap"],"_links":{"self":[{"href":"http:\/\/recettes-gourmandes-de-joce.fr\/index.php\/wp-json\/wp\/v2\/pages\/9005","targetHints":{"allow":["GET"]}}],"collection":[{"href":"http:\/\/recettes-gourmandes-de-joce.fr\/index.php\/wp-json\/wp\/v2\/pages"}],"about":[{"href":"http:\/\/recettes-gourmandes-de-joce.fr\/index.php\/wp-json\/wp\/v2\/types\/page"}],"author":[{"embeddable":true,"href":"http:\/\/recettes-gourmandes-de-joce.fr\/index.php\/wp-json\/wp\/v2\/users\/2"}],"replies":[{"embeddable":true,"href":"http:\/\/recettes-gourmandes-de-joce.fr\/index.php\/wp-json\/wp\/v2\/comments?post=9005"}],"version-history":[{"count":6,"href":"http:\/\/recettes-gourmandes-de-joce.fr\/index.php\/wp-json\/wp\/v2\/pages\/9005\/revisions"}],"predecessor-version":[{"id":86753,"href":"http:\/\/recettes-gourmandes-de-joce.fr\/index.php\/wp-json\/wp\/v2\/pages\/9005\/revisions\/86753"}],"up":[{"embeddable":true,"href":"http:\/\/recettes-gourmandes-de-joce.fr\/index.php\/wp-json\/wp\/v2\/pages\/217"}],"wp:featuredmedia":[{"embeddable":true,"href":"http:\/\/recettes-gourmandes-de-joce.fr\/index.php\/wp-json\/wp\/v2\/media\/86750"}],"wp:attachment":[{"href":"http:\/\/recettes-gourmandes-de-joce.fr\/index.php\/wp-json\/wp\/v2\/media?parent=9005"}],"curies":[{"name":"wp","href":"https:\/\/api.w.org\/{rel}","templated":true}]}}