{"id":8908,"date":"2019-11-02T22:50:43","date_gmt":"2019-11-02T22:50:43","guid":{"rendered":"http:\/\/recettes-gourmandes-de-joce.fr\/?page_id=8908"},"modified":"2025-03-25T10:06:04","modified_gmt":"2025-03-25T10:06:04","slug":"8908-2","status":"publish","type":"page","link":"http:\/\/recettes-gourmandes-de-joce.fr\/index.php\/index\/legumes\/purees-diverses\/8908-2\/","title":{"rendered":"Pur\u00e9e et sa fondue de tomates\/ poivrons au Roquefort."},"content":{"rendered":"<p style=\"text-align: center;\"><span style=\"font-family: georgia, palatino, serif;\"><span style=\"color: #ff9900; font-size: x-large; text-decoration: underline;\"><em><span style=\"text-decoration: underline;\">Une de mes recettes<\/span><\/em><\/span><\/span><\/p>\n<p style=\"text-align: center;\"><span style=\"font-family: georgia, palatino, serif;\"><img loading=\"lazy\" decoding=\"async\" class=\"alignnone wp-image-8849\" src=\"http:\/\/recettes-gourmandes-de-joce.fr\/wp-content\/uploads\/2019\/11\/P9100176-150x150.jpg\" alt=\"\" width=\"211\" height=\"180\" srcset=\"http:\/\/recettes-gourmandes-de-joce.fr\/wp-content\/uploads\/2019\/11\/P9100176-300x256.jpg 300w, http:\/\/recettes-gourmandes-de-joce.fr\/wp-content\/uploads\/2019\/11\/P9100176.jpg 640w\" sizes=\"auto, (max-width: 211px) 100vw, 211px\" \/> <img loading=\"lazy\" decoding=\"async\" class=\"alignnone wp-image-8847\" src=\"http:\/\/recettes-gourmandes-de-joce.fr\/wp-content\/uploads\/2019\/11\/P9100174-150x150.jpg\" alt=\"\" width=\"216\" height=\"180\" srcset=\"http:\/\/recettes-gourmandes-de-joce.fr\/wp-content\/uploads\/2019\/11\/P9100174-300x250.jpg 300w, http:\/\/recettes-gourmandes-de-joce.fr\/wp-content\/uploads\/2019\/11\/P9100174.jpg 640w\" sizes=\"auto, (max-width: 216px) 100vw, 216px\" \/> <img loading=\"lazy\" decoding=\"async\" class=\"alignnone wp-image-8848\" src=\"http:\/\/recettes-gourmandes-de-joce.fr\/wp-content\/uploads\/2019\/11\/P9100175-150x150.jpg\" alt=\"\" width=\"232\" height=\"180\" srcset=\"http:\/\/recettes-gourmandes-de-joce.fr\/wp-content\/uploads\/2019\/11\/P9100175-300x233.jpg 300w, http:\/\/recettes-gourmandes-de-joce.fr\/wp-content\/uploads\/2019\/11\/P9100175.jpg 640w\" sizes=\"auto, (max-width: 232px) 100vw, 232px\" \/><\/span><\/p>\n<p style=\"text-align: center;\"><span style=\"font-family: georgia, palatino, serif;\"><span style=\"color: #ff9900; font-size: x-large; text-decoration: underline;\"><em><span style=\"text-decoration: underline;\">Ingr\u00e9dients pour 5 personn<\/span><\/em><\/span><span style=\"color: #ff9900; font-size: x-large; text-decoration: underline;\"><em><span style=\"text-decoration: underline;\">es<\/span><\/em><\/span><\/span><\/p>\n<p style=\"text-align: center;\"><span style=\"font-family: georgia, palatino, serif;\"><img loading=\"lazy\" decoding=\"async\" class=\"alignnone wp-image-8836\" src=\"http:\/\/recettes-gourmandes-de-joce.fr\/wp-content\/uploads\/2019\/11\/P9100155-150x150.jpg\" alt=\"\" width=\"241\" height=\"175\" srcset=\"http:\/\/recettes-gourmandes-de-joce.fr\/wp-content\/uploads\/2019\/11\/P9100155-300x218.jpg 300w, http:\/\/recettes-gourmandes-de-joce.fr\/wp-content\/uploads\/2019\/11\/P9100155.jpg 640w\" sizes=\"auto, (max-width: 241px) 100vw, 241px\" \/><\/span><\/p>\n<p style=\"text-align: center;\"><span style=\"font-family: georgia, palatino, serif;\"><span style=\"color: #ff9900; font-size: large;\"><em>1 kg de pommes de terre<\/em><\/span><\/span><\/p>\n<p style=\"text-align: center;\"><span style=\"font-family: georgia, palatino, serif;\"><span style=\"color: #ff9900; font-size: large;\"><em>2\u00a0oignons<\/em><\/span><\/span><\/p>\n<p style=\"text-align: center;\"><span style=\"font-family: georgia, palatino, serif;\"><span style=\"color: #ff9900; font-size: large;\"><em>600 g de tomates<\/em><\/span><\/span><\/p>\n<p style=\"text-align: center;\"><span style=\"font-family: georgia, palatino, serif;\"><span style=\"color: #ff9900; font-size: large;\"><em>2 petits poivrons<\/em><\/span><\/span><\/p>\n<p style=\"text-align: center;\"><span style=\"font-family: georgia, palatino, serif;\"><span style=\"color: #ff9900; font-size: large;\"><em>1 bouquet de basilic<\/em><\/span><\/span><\/p>\n<p style=\"text-align: center;\"><span style=\"font-family: georgia, palatino, serif;\"><span style=\"color: #ff9900; font-size: large;\"><em>1 bouquet de persil plat<\/em><\/span><\/span><\/p>\n<p style=\"text-align: center;\"><span style=\"font-family: georgia, palatino, serif;\"><span style=\"color: #ff9900; font-size: large;\"><em>2 belles branches de thym frais<\/em><\/span><\/span><\/p>\n<p style=\"text-align: center;\"><span style=\"font-family: georgia, palatino, serif;\"><span style=\"color: #ff9900; font-size: large;\"><em>4 parts de cr\u00e8me de Roquefort<\/em><\/span><\/span><\/p>\n<p style=\"text-align: center;\"><span style=\"font-family: georgia, palatino, serif;\"><span style=\"color: #ff9900; font-size: large;\"><em>3 belles gousses d&rsquo;ail<\/em><\/span><\/span><\/p>\n<p style=\"text-align: center;\"><span style=\"font-family: georgia, palatino, serif;\"><span style=\"color: #ff9900; font-size: large;\"><em>1 c \u00e0 s de cr\u00e8me fra\u00eeche<\/em><\/span><\/span><\/p>\n<p style=\"text-align: center;\"><span style=\"font-family: georgia, palatino, serif;\"><span style=\"color: #ff9900; font-size: large;\"><em>1 morceau de beurre<\/em><\/span><\/span><\/p>\n<p style=\"text-align: center;\"><span style=\"font-family: georgia, palatino, serif;\"><span style=\"color: #ff9900; font-size: large;\"><em>2 pinc\u00e9es de piment d&rsquo;Espelette<\/em><\/span><\/span><\/p>\n<p style=\"text-align: center;\"><span style=\"font-family: georgia, palatino, serif;\"><span style=\"color: #ff9900; font-size: large;\"><em>Sel et poivre<\/em><\/span><\/span><\/p>\n<p style=\"text-align: center;\"><span style=\"font-family: georgia, palatino, serif;\"><span style=\"color: #ff9900; font-size: large;\"><em>Huile d&rsquo;olive<\/em><\/span><\/span><\/p>\n<p style=\"text-align: center;\"><span style=\"font-family: georgia, palatino, serif;\"><img loading=\"lazy\" decoding=\"async\" class=\"alignnone wp-image-8912\" src=\"http:\/\/recettes-gourmandes-de-joce.fr\/wp-content\/uploads\/2019\/11\/pc240020-150x150.jpg\" alt=\"\" width=\"216\" height=\"155\" srcset=\"http:\/\/recettes-gourmandes-de-joce.fr\/wp-content\/uploads\/2019\/11\/pc240020-300x216.jpg 300w, http:\/\/recettes-gourmandes-de-joce.fr\/wp-content\/uploads\/2019\/11\/pc240020.jpg 640w\" sizes=\"auto, (max-width: 216px) 100vw, 216px\" \/> <img loading=\"lazy\" decoding=\"async\" class=\"alignnone wp-image-8909\" src=\"http:\/\/recettes-gourmandes-de-joce.fr\/wp-content\/uploads\/2019\/11\/pc240021-150x150.jpg\" alt=\"\" width=\"212\" height=\"155\" srcset=\"http:\/\/recettes-gourmandes-de-joce.fr\/wp-content\/uploads\/2019\/11\/pc240021-300x220.jpg 300w, http:\/\/recettes-gourmandes-de-joce.fr\/wp-content\/uploads\/2019\/11\/pc240021.jpg 640w\" sizes=\"auto, (max-width: 212px) 100vw, 212px\" \/> <img loading=\"lazy\" decoding=\"async\" class=\"alignnone wp-image-8837\" src=\"http:\/\/recettes-gourmandes-de-joce.fr\/wp-content\/uploads\/2019\/11\/P9100158-150x150.jpg\" alt=\"\" width=\"211\" height=\"155\" srcset=\"http:\/\/recettes-gourmandes-de-joce.fr\/wp-content\/uploads\/2019\/11\/P9100158-300x220.jpg 300w, http:\/\/recettes-gourmandes-de-joce.fr\/wp-content\/uploads\/2019\/11\/P9100158.jpg 640w\" sizes=\"auto, (max-width: 211px) 100vw, 211px\" \/><\/span><\/p>\n<p style=\"text-align: center;\"><span style=\"font-family: georgia, palatino, serif;\"><span style=\"color: #ff9900; font-size: large;\"><em>Eplucher et laver les pommes de terre, les couper en morceaux, peler un oignon, coupez le en morceaux et mettez le dans un faitout avec les pommes de terre, couvrir d&rsquo;eau, saler et mettre \u00e0 cuire environ 30 minutes selon la grosseur des morceaux. Pendant la cuisson, laver les tomates, poivrons et herbes aromatiques, couper les tomates en morceaux, les poivrons en fines lani\u00e8res, hacher les herbes, peler et \u00e9mincer l&rsquo;oignon et les gousses d&rsquo;ail d\u00e9germ\u00e9es.<\/em><\/span><\/span><\/p>\n<p style=\"text-align: center;\"><span style=\"font-family: georgia, palatino, serif;\"><img loading=\"lazy\" decoding=\"async\" class=\"alignnone wp-image-8838\" src=\"http:\/\/recettes-gourmandes-de-joce.fr\/wp-content\/uploads\/2019\/11\/P9100159-150x150.jpg\" alt=\"\" width=\"209\" height=\"155\" srcset=\"http:\/\/recettes-gourmandes-de-joce.fr\/wp-content\/uploads\/2019\/11\/P9100159-300x222.jpg 300w, http:\/\/recettes-gourmandes-de-joce.fr\/wp-content\/uploads\/2019\/11\/P9100159.jpg 640w\" sizes=\"auto, (max-width: 209px) 100vw, 209px\" \/> <img loading=\"lazy\" decoding=\"async\" class=\"alignnone wp-image-8839\" src=\"http:\/\/recettes-gourmandes-de-joce.fr\/wp-content\/uploads\/2019\/11\/P9100160-150x150.jpg\" alt=\"\" width=\"208\" height=\"155\" srcset=\"http:\/\/recettes-gourmandes-de-joce.fr\/wp-content\/uploads\/2019\/11\/P9100160-300x223.jpg 300w, http:\/\/recettes-gourmandes-de-joce.fr\/wp-content\/uploads\/2019\/11\/P9100160.jpg 640w\" sizes=\"auto, (max-width: 208px) 100vw, 208px\" \/> <img loading=\"lazy\" decoding=\"async\" class=\"alignnone wp-image-8840\" src=\"http:\/\/recettes-gourmandes-de-joce.fr\/wp-content\/uploads\/2019\/11\/P9100161-150x150.jpg\" alt=\"\" width=\"209\" height=\"155\" srcset=\"http:\/\/recettes-gourmandes-de-joce.fr\/wp-content\/uploads\/2019\/11\/P9100161-300x222.jpg 300w, http:\/\/recettes-gourmandes-de-joce.fr\/wp-content\/uploads\/2019\/11\/P9100161.jpg 640w\" sizes=\"auto, (max-width: 209px) 100vw, 209px\" \/><\/span><\/p>\n<p style=\"text-align: center;\"><span style=\"font-family: georgia, palatino, serif;\"><span style=\"color: #ff9900; font-size: large;\"><em>Dans une sauteuse, mettre un filet d&rsquo;huile d&rsquo;olive \u00e0 chauffer, ajouter les oignons et l&rsquo;ail, saler et laisser colorer l\u00e9g\u00e8rement en remuant.<\/em><\/span><\/span><\/p>\n<p style=\"text-align: center;\"><span style=\"font-family: georgia, palatino, serif;\"><img loading=\"lazy\" decoding=\"async\" class=\"alignnone wp-image-8841\" src=\"http:\/\/recettes-gourmandes-de-joce.fr\/wp-content\/uploads\/2019\/11\/P9100162-150x150.jpg\" alt=\"\" width=\"190\" height=\"155\" srcset=\"http:\/\/recettes-gourmandes-de-joce.fr\/wp-content\/uploads\/2019\/11\/P9100162-300x245.jpg 300w, http:\/\/recettes-gourmandes-de-joce.fr\/wp-content\/uploads\/2019\/11\/P9100162.jpg 640w\" sizes=\"auto, (max-width: 190px) 100vw, 190px\" \/> <img loading=\"lazy\" decoding=\"async\" class=\"alignnone wp-image-8842\" src=\"http:\/\/recettes-gourmandes-de-joce.fr\/wp-content\/uploads\/2019\/11\/P9100163-150x150.jpg\" alt=\"\" width=\"191\" height=\"155\" srcset=\"http:\/\/recettes-gourmandes-de-joce.fr\/wp-content\/uploads\/2019\/11\/P9100163-300x243.jpg 300w, http:\/\/recettes-gourmandes-de-joce.fr\/wp-content\/uploads\/2019\/11\/P9100163.jpg 640w\" sizes=\"auto, (max-width: 191px) 100vw, 191px\" \/> <img loading=\"lazy\" decoding=\"async\" class=\"alignnone wp-image-8843\" src=\"http:\/\/recettes-gourmandes-de-joce.fr\/wp-content\/uploads\/2019\/11\/P9100164-150x150.jpg\" alt=\"\" width=\"205\" height=\"155\" srcset=\"http:\/\/recettes-gourmandes-de-joce.fr\/wp-content\/uploads\/2019\/11\/P9100164-300x226.jpg 300w, http:\/\/recettes-gourmandes-de-joce.fr\/wp-content\/uploads\/2019\/11\/P9100164.jpg 640w\" sizes=\"auto, (max-width: 205px) 100vw, 205px\" \/><\/span><\/p>\n<p style=\"text-align: center;\"><span style=\"font-family: georgia, palatino, serif;\"><span style=\"color: #ff9900; font-size: large;\"><em>Ajouter les poivrons, les tomates et laisser mijoter environ 10 minutes en remuant, ajouter le persil et le thym, m\u00e9langer.<\/em><\/span><\/span><\/p>\n<p style=\"text-align: center;\"><span style=\"font-family: georgia, palatino, serif;\"><img loading=\"lazy\" decoding=\"async\" class=\"alignnone wp-image-8844\" src=\"http:\/\/recettes-gourmandes-de-joce.fr\/wp-content\/uploads\/2019\/11\/P9100165-150x150.jpg\" alt=\"\" width=\"198\" height=\"155\" srcset=\"http:\/\/recettes-gourmandes-de-joce.fr\/wp-content\/uploads\/2019\/11\/P9100165-300x234.jpg 300w, http:\/\/recettes-gourmandes-de-joce.fr\/wp-content\/uploads\/2019\/11\/P9100165.jpg 640w\" sizes=\"auto, (max-width: 198px) 100vw, 198px\" \/> <img loading=\"lazy\" decoding=\"async\" class=\"alignnone wp-image-8845\" src=\"http:\/\/recettes-gourmandes-de-joce.fr\/wp-content\/uploads\/2019\/11\/P9100166-150x150.jpg\" alt=\"\" width=\"199\" height=\"155\" srcset=\"http:\/\/recettes-gourmandes-de-joce.fr\/wp-content\/uploads\/2019\/11\/P9100166-300x234.jpg 300w, http:\/\/recettes-gourmandes-de-joce.fr\/wp-content\/uploads\/2019\/11\/P9100166.jpg 640w\" sizes=\"auto, (max-width: 199px) 100vw, 199px\" \/> <img loading=\"lazy\" decoding=\"async\" class=\"alignnone wp-image-8910\" src=\"http:\/\/recettes-gourmandes-de-joce.fr\/wp-content\/uploads\/2019\/11\/pc240031-150x150.jpg\" alt=\"\" width=\"219\" height=\"155\" srcset=\"http:\/\/recettes-gourmandes-de-joce.fr\/wp-content\/uploads\/2019\/11\/pc240031-300x212.jpg 300w, http:\/\/recettes-gourmandes-de-joce.fr\/wp-content\/uploads\/2019\/11\/pc240031.jpg 640w\" sizes=\"auto, (max-width: 219px) 100vw, 219px\" \/><\/span><\/p>\n<p style=\"text-align: center;\"><span style=\"font-family: georgia, palatino, serif;\"><span style=\"color: #ff9900; font-size: large;\"><em>Ajouter le piment d&rsquo;Espelette, saler et poivrer, laisser compoter encore 2\/3 minutes et ajouter le basilic, couvrir et laisser mijoter encore 10 minutes \u00e0 feu tr\u00e8s doux, remuer de temps en temps. <\/em><\/span><em style=\"color: #ff9900; font-size: large;\">Lorsque les pommes de terre sont cuites, \u00e9gouttez l\u00e8s et les \u00e9craser ou les passer au moulin \u00e0 l\u00e9gumes.<\/em><\/span><\/p>\n<p style=\"text-align: center;\"><span style=\"font-family: georgia, palatino, serif;\"><img loading=\"lazy\" decoding=\"async\" class=\"alignnone wp-image-8911\" src=\"http:\/\/recettes-gourmandes-de-joce.fr\/wp-content\/uploads\/2019\/11\/pc240032-150x150.jpg\" alt=\"\" width=\"219\" height=\"155\" srcset=\"http:\/\/recettes-gourmandes-de-joce.fr\/wp-content\/uploads\/2019\/11\/pc240032-300x213.jpg 300w, http:\/\/recettes-gourmandes-de-joce.fr\/wp-content\/uploads\/2019\/11\/pc240032.jpg 640w\" sizes=\"auto, (max-width: 219px) 100vw, 219px\" \/> <img loading=\"lazy\" decoding=\"async\" class=\"alignnone wp-image-8853\" src=\"http:\/\/recettes-gourmandes-de-joce.fr\/wp-content\/uploads\/2019\/11\/P9100182-150x150.jpg\" alt=\"\" width=\"225\" height=\"155\" srcset=\"http:\/\/recettes-gourmandes-de-joce.fr\/wp-content\/uploads\/2019\/11\/P9100182-300x207.jpg 300w, http:\/\/recettes-gourmandes-de-joce.fr\/wp-content\/uploads\/2019\/11\/P9100182.jpg 640w\" sizes=\"auto, (max-width: 225px) 100vw, 225px\" \/> <img loading=\"lazy\" decoding=\"async\" class=\"alignnone wp-image-8854\" src=\"http:\/\/recettes-gourmandes-de-joce.fr\/wp-content\/uploads\/2019\/11\/P9100183-150x150.jpg\" alt=\"\" width=\"236\" height=\"155\" srcset=\"http:\/\/recettes-gourmandes-de-joce.fr\/wp-content\/uploads\/2019\/11\/P9100183-300x197.jpg 300w, http:\/\/recettes-gourmandes-de-joce.fr\/wp-content\/uploads\/2019\/11\/P9100183.jpg 640w\" sizes=\"auto, (max-width: 236px) 100vw, 236px\" \/><\/span><\/p>\n<p style=\"text-align: center;\"><span style=\"font-family: georgia, palatino, serif;\"><span style=\"color: #ff9900; font-size: large;\"><em>\u00a0Ajouter le beurre et la cr\u00e8me, m\u00e9langer et rectifier l&rsquo;assaisonnement. Dans un cercle mettre au fond une couche de pur\u00e9e sur 1\/3 de la hauteur du cercle. <\/em><\/span><em style=\"color: #ff9900; font-size: large;\">Ajouter dessus la compot\u00e9e de tomates\/poivrons.<\/em><\/span><\/p>\n<p style=\"text-align: center;\"><span style=\"font-family: georgia, palatino, serif;\"><img loading=\"lazy\" decoding=\"async\" class=\"alignnone wp-image-8850\" src=\"http:\/\/recettes-gourmandes-de-joce.fr\/wp-content\/uploads\/2019\/11\/P9100178-150x150.jpg\" alt=\"\" width=\"202\" height=\"155\" srcset=\"http:\/\/recettes-gourmandes-de-joce.fr\/wp-content\/uploads\/2019\/11\/P9100178-300x230.jpg 300w, http:\/\/recettes-gourmandes-de-joce.fr\/wp-content\/uploads\/2019\/11\/P9100178.jpg 635w\" sizes=\"auto, (max-width: 202px) 100vw, 202px\" \/> <img loading=\"lazy\" decoding=\"async\" class=\"alignnone wp-image-8851\" src=\"http:\/\/recettes-gourmandes-de-joce.fr\/wp-content\/uploads\/2019\/11\/P9100179-150x150.jpg\" alt=\"\" width=\"206\" height=\"155\" srcset=\"http:\/\/recettes-gourmandes-de-joce.fr\/wp-content\/uploads\/2019\/11\/P9100179-300x225.jpg 300w, http:\/\/recettes-gourmandes-de-joce.fr\/wp-content\/uploads\/2019\/11\/P9100179.jpg 640w\" sizes=\"auto, (max-width: 206px) 100vw, 206px\" \/> <img loading=\"lazy\" decoding=\"async\" class=\"alignnone wp-image-8852\" src=\"http:\/\/recettes-gourmandes-de-joce.fr\/wp-content\/uploads\/2019\/11\/P9100180-150x150.jpg\" alt=\"\" width=\"211\" height=\"155\" srcset=\"http:\/\/recettes-gourmandes-de-joce.fr\/wp-content\/uploads\/2019\/11\/P9100180-300x221.jpg 300w, http:\/\/recettes-gourmandes-de-joce.fr\/wp-content\/uploads\/2019\/11\/P9100180.jpg 640w\" sizes=\"auto, (max-width: 211px) 100vw, 211px\" \/><\/span><\/p>\n<p style=\"text-align: center;\"><span style=\"font-family: georgia, palatino, serif;\"><span style=\"color: #ff9900; font-size: large;\"><em>Ajouter une part de cr\u00e8me de roquefort que vous aurez coup\u00e9e dans le sens de l&rsquo;\u00e9paisseur, ajouter la pur\u00e9e jusqu&rsquo;en haut du cercle, <\/em><\/span><em style=\"color: #ff9900; font-size: large;\"><em>terminer par une c \u00e0 s de compot\u00e9e de l\u00e9gumes.<\/em><\/em><\/span><\/p>\n<p style=\"text-align: center;\"><span style=\"font-family: georgia, palatino, serif;\"><img loading=\"lazy\" decoding=\"async\" class=\"alignnone wp-image-8846\" src=\"http:\/\/recettes-gourmandes-de-joce.fr\/wp-content\/uploads\/2019\/11\/P9100171-150x150.jpg\" alt=\"\" width=\"208\" height=\"155\" srcset=\"http:\/\/recettes-gourmandes-de-joce.fr\/wp-content\/uploads\/2019\/11\/P9100171-300x223.jpg 300w, http:\/\/recettes-gourmandes-de-joce.fr\/wp-content\/uploads\/2019\/11\/P9100171.jpg 640w\" sizes=\"auto, (max-width: 208px) 100vw, 208px\" \/><\/span><\/p>\n<p style=\"text-align: center;\"><span style=\"font-family: georgia, palatino, serif;\"><span style=\"color: #ff9900; font-size: large;\"><em><span style=\"color: #ff9900; font-size: large;\"><em>\u00a0Ajouter quelques feuilles de basilic en d\u00e9coration et une pinc\u00e9e de piment d&rsquo;Espelette. Peut-\u00eatre r\u00e9chauffer au micro-onde sans probl\u00e8me dans ce cas ajouter la d\u00e9co au moment de servir.<\/em><\/span><\/em><\/span><\/span><\/p>\n<p style=\"text-align: center;\"><span style=\"font-family: georgia, palatino, serif;\"><span style=\"color: #ff9900; font-size: large;\"><em><span style=\"color: #ff9900; font-size: large;\"><em>Accompagne tr\u00e8s bien un poisson ou une viande grill\u00e9e ou r\u00f4tie.<\/em><\/span><\/em><\/span><\/span><\/p>\n<p style=\"text-align: center;\"><span style=\"font-family: georgia, palatino, serif;\"><span style=\"color: #ff9900; font-size: large;\"><em><span style=\"color: #ff9900; font-size: large;\"><em>Bon app\u00e9tit!<\/em><\/span><\/em><\/span><\/span><\/p>\n<p style=\"text-align: center;\"><span style=\"font-family: georgia, palatino, serif;\"><img loading=\"lazy\" decoding=\"async\" class=\"alignnone wp-image-8849\" src=\"http:\/\/recettes-gourmandes-de-joce.fr\/wp-content\/uploads\/2019\/11\/P9100176-150x150.jpg\" alt=\"\" width=\"211\" height=\"180\" srcset=\"http:\/\/recettes-gourmandes-de-joce.fr\/wp-content\/uploads\/2019\/11\/P9100176-300x256.jpg 300w, http:\/\/recettes-gourmandes-de-joce.fr\/wp-content\/uploads\/2019\/11\/P9100176.jpg 640w\" sizes=\"auto, (max-width: 211px) 100vw, 211px\" \/> <img loading=\"lazy\" decoding=\"async\" class=\"alignnone wp-image-8847\" src=\"http:\/\/recettes-gourmandes-de-joce.fr\/wp-content\/uploads\/2019\/11\/P9100174-150x150.jpg\" alt=\"\" width=\"216\" height=\"180\" srcset=\"http:\/\/recettes-gourmandes-de-joce.fr\/wp-content\/uploads\/2019\/11\/P9100174-300x250.jpg 300w, http:\/\/recettes-gourmandes-de-joce.fr\/wp-content\/uploads\/2019\/11\/P9100174.jpg 640w\" sizes=\"auto, (max-width: 216px) 100vw, 216px\" \/> <img loading=\"lazy\" decoding=\"async\" class=\"alignnone wp-image-8848\" src=\"http:\/\/recettes-gourmandes-de-joce.fr\/wp-content\/uploads\/2019\/11\/P9100175-150x150.jpg\" alt=\"\" width=\"232\" height=\"180\" srcset=\"http:\/\/recettes-gourmandes-de-joce.fr\/wp-content\/uploads\/2019\/11\/P9100175-300x233.jpg 300w, http:\/\/recettes-gourmandes-de-joce.fr\/wp-content\/uploads\/2019\/11\/P9100175.jpg 640w\" sizes=\"auto, (max-width: 232px) 100vw, 232px\" \/><\/span><\/p>\n<p style=\"text-align: center;\"><span style=\"font-family: georgia, palatino, serif;\"><img loading=\"lazy\" decoding=\"async\" class=\"alignnone size-full wp-image-59803\" src=\"http:\/\/recettes-gourmandes-de-joce.fr\/wp-content\/uploads\/2024\/01\/logitech-gaming-software-14112014-121223.jpg\" alt=\"\" width=\"640\" height=\"144\" \/>\u00a0<\/span><\/p>\n<h3><span style=\"font-family: georgia, palatino, serif;\">Commentaires\u00a0<small>(2)<\/small><\/span><\/h3>\n<div class=\"items-container\">\n<div class=\"item item-comment media\">\n<div class=\"pull-left\">\n<p>&nbsp;<\/p>\n<p><span style=\"font-family: georgia, palatino, serif;\"><img decoding=\"async\" class=\"media-object\" src=\"https:\/\/www.gravatar.com\/avatar\/72997a4a528857efb7079533c153d0fe?d=https%3A%2F%2Fwww.recettes-gourmandes-de-joce.com%2Fmedias%2Fstatic%2Fmanager%2Fim%2Favatar.png?s=50&amp;d=mm\" alt=\"celestine\" width=\"50\" \/><\/span><\/p>\n<\/div>\n<div class=\"media-body\">\n<ul class=\"inline item-infos\">\n<li><span style=\"font-family: georgia, palatino, serif;\"><span class=\"comment-number\">1.<\/span>\u00a0<span class=\"comment-author\"><strong>celestine<\/strong><\/span>\u00a0<span class=\"comment-date\">| 16\/09\/2012<\/span><\/span><\/li>\n<\/ul>\n<div class=\"comment-content\"><span style=\"font-family: georgia, palatino, serif;\">\u00e7\u00e0 a l&rsquo;air bon et quelle jolie pr\u00e9sentation!!!bravo<\/span><br \/>\n<span style=\"font-family: georgia, palatino, serif;\">bises<\/span><\/div>\n<div class=\"item item-comment media by-webmaster\">\n<div class=\"pull-left\">\n<p>&nbsp;<\/p>\n<p><span style=\"font-family: georgia, palatino, serif;\"><\/span><\/p>\n<\/div>\n<div class=\"media-body\">\n<ul class=\"inline item-infos\">\n<li><span style=\"font-family: georgia, palatino, serif;\"><span class=\"comment-author\"><strong>jocelyne debon<\/strong>\u00a0(<a rel=\"nofollow\">site web<\/a>)<\/span>\u00a0<span class=\"comment-date\">| 16\/09\/2012<\/span><\/span><\/li>\n<\/ul>\n<div class=\"comment-content\"><span style=\"font-family: georgia, palatino, serif;\">Merci beaucoup <\/span><\/div>\n<div class=\"comment-content\"><span style=\"font-family: georgia, palatino, serif;\">Amicalement <\/span><\/div>\n<div class=\"comment-content\"><span style=\"font-family: georgia, palatino, serif;\">bisoussssssss Joce<\/span><\/div>\n<\/div>\n<\/div>\n<\/div>\n<\/div>\n<\/div>\n","protected":false},"excerpt":{"rendered":"<p>Une de mes recettes Ingr\u00e9dients pour 5 personnes 1 kg de pommes de terre 2\u00a0oignons 600 g de tomates 2 petits poivrons 1 bouquet de basilic 1 bouquet de persil plat 2 belles branches de thym frais 4 parts de cr\u00e8me de Roquefort 3 belles gousses d&rsquo;ail 1 c \u00e0 s de cr\u00e8me fra\u00eeche 1 &hellip; <\/p>\n<p><a class=\"more-link btn\" href=\"http:\/\/recettes-gourmandes-de-joce.fr\/index.php\/index\/legumes\/purees-diverses\/8908-2\/\">Lire la suite<\/a><\/p>\n","protected":false},"author":2,"featured_media":85858,"parent":2746,"menu_order":0,"comment_status":"open","ping_status":"closed","template":"","meta":{"footnotes":""},"class_list":["post-8908","page","type-page","status-publish","has-post-thumbnail","hentry","nodate","item-wrap"],"_links":{"self":[{"href":"http:\/\/recettes-gourmandes-de-joce.fr\/index.php\/wp-json\/wp\/v2\/pages\/8908","targetHints":{"allow":["GET"]}}],"collection":[{"href":"http:\/\/recettes-gourmandes-de-joce.fr\/index.php\/wp-json\/wp\/v2\/pages"}],"about":[{"href":"http:\/\/recettes-gourmandes-de-joce.fr\/index.php\/wp-json\/wp\/v2\/types\/page"}],"author":[{"embeddable":true,"href":"http:\/\/recettes-gourmandes-de-joce.fr\/index.php\/wp-json\/wp\/v2\/users\/2"}],"replies":[{"embeddable":true,"href":"http:\/\/recettes-gourmandes-de-joce.fr\/index.php\/wp-json\/wp\/v2\/comments?post=8908"}],"version-history":[{"count":7,"href":"http:\/\/recettes-gourmandes-de-joce.fr\/index.php\/wp-json\/wp\/v2\/pages\/8908\/revisions"}],"predecessor-version":[{"id":93853,"href":"http:\/\/recettes-gourmandes-de-joce.fr\/index.php\/wp-json\/wp\/v2\/pages\/8908\/revisions\/93853"}],"up":[{"embeddable":true,"href":"http:\/\/recettes-gourmandes-de-joce.fr\/index.php\/wp-json\/wp\/v2\/pages\/2746"}],"wp:featuredmedia":[{"embeddable":true,"href":"http:\/\/recettes-gourmandes-de-joce.fr\/index.php\/wp-json\/wp\/v2\/media\/85858"}],"wp:attachment":[{"href":"http:\/\/recettes-gourmandes-de-joce.fr\/index.php\/wp-json\/wp\/v2\/media?parent=8908"}],"curies":[{"name":"wp","href":"https:\/\/api.w.org\/{rel}","templated":true}]}}