{"id":8651,"date":"2019-11-01T00:34:51","date_gmt":"2019-11-01T00:34:51","guid":{"rendered":"http:\/\/recettes-gourmandes-de-joce.fr\/?page_id=8651"},"modified":"2024-07-04T14:31:24","modified_gmt":"2024-07-04T14:31:24","slug":"tuiles-demmental-au-piment-despelette-et-ail","status":"publish","type":"page","link":"http:\/\/recettes-gourmandes-de-joce.fr\/index.php\/index\/oeufs-fromages-yaourts-laitages\/fromages\/tuiles-demmental-au-piment-despelette-et-ail\/","title":{"rendered":"Tuiles d&#8217;emmental au piment d&rsquo;Espelette et ail."},"content":{"rendered":"<p style=\"text-align: center;\"><span style=\"color: #ff9900; font-size: x-large; text-decoration: underline; font-family: georgia, palatino, serif;\"><em><span style=\"text-decoration: underline;\">Une de mes recettes<\/span><\/em><\/span><\/p>\n<p style=\"text-align: center;\"><span style=\"font-family: georgia, palatino, serif;\"><img loading=\"lazy\" decoding=\"async\" class=\"alignnone wp-image-8646\" src=\"http:\/\/recettes-gourmandes-de-joce.fr\/wp-content\/uploads\/2019\/11\/PB301713-2-150x150.jpg\" alt=\"\" width=\"224\" height=\"180\" srcset=\"http:\/\/recettes-gourmandes-de-joce.fr\/wp-content\/uploads\/2019\/11\/PB301713-2-300x241.jpg 300w, http:\/\/recettes-gourmandes-de-joce.fr\/wp-content\/uploads\/2019\/11\/PB301713-2.jpg 640w\" sizes=\"auto, (max-width: 224px) 100vw, 224px\" \/> <img loading=\"lazy\" decoding=\"async\" class=\"alignnone wp-image-8645\" src=\"http:\/\/recettes-gourmandes-de-joce.fr\/wp-content\/uploads\/2019\/11\/PB301711-2-150x150.jpg\" alt=\"\" width=\"240\" height=\"180\" srcset=\"http:\/\/recettes-gourmandes-de-joce.fr\/wp-content\/uploads\/2019\/11\/PB301711-2-300x225.jpg 300w, http:\/\/recettes-gourmandes-de-joce.fr\/wp-content\/uploads\/2019\/11\/PB301711-2.jpg 640w\" sizes=\"auto, (max-width: 240px) 100vw, 240px\" \/><\/span><\/p>\n<p style=\"text-align: center;\"><span style=\"color: #ff9900; font-size: x-large; text-decoration: underline; font-family: georgia, palatino, serif;\"><em><span style=\"text-decoration: underline;\">Ingr\u00e9dients<\/span><\/em><\/span><\/p>\n<p style=\"text-align: center;\"><span style=\"font-family: georgia, palatino, serif;\"><img loading=\"lazy\" decoding=\"async\" class=\"alignnone wp-image-8621\" src=\"http:\/\/recettes-gourmandes-de-joce.fr\/wp-content\/uploads\/2019\/11\/PB301669-150x150.jpg\" alt=\"\" width=\"191\" height=\"180\" srcset=\"http:\/\/recettes-gourmandes-de-joce.fr\/wp-content\/uploads\/2019\/11\/PB301669-300x283.jpg 300w, http:\/\/recettes-gourmandes-de-joce.fr\/wp-content\/uploads\/2019\/11\/PB301669.jpg 640w\" sizes=\"auto, (max-width: 191px) 100vw, 191px\" \/><\/span><\/p>\n<p style=\"text-align: center;\"><span style=\"color: #ff9900; font-family: georgia, palatino, serif; font-size: large;\"><em>Emmental<\/em><\/span><\/p>\n<p style=\"text-align: center;\"><span style=\"color: #ff9900; font-family: georgia, palatino, serif; font-size: large;\"><em>Piment d&rsquo;Espelette<\/em><\/span><\/p>\n<p style=\"text-align: center;\"><span style=\"color: #ff9900; font-family: georgia, palatino, serif; font-size: large;\"><em>Ail semoule<\/em><\/span><\/p>\n<p style=\"text-align: center;\"><span style=\"color: #ff9900; font-family: georgia, palatino, serif; font-size: large;\"><em>Pr\u00e9chauffer le four \u00e0 200\u00b0<\/em><\/span><\/p>\n<p style=\"text-align: center;\"><span style=\"font-family: georgia, palatino, serif;\"><img loading=\"lazy\" decoding=\"async\" class=\"alignnone wp-image-8622\" src=\"http:\/\/recettes-gourmandes-de-joce.fr\/wp-content\/uploads\/2019\/11\/PB301671-150x150.jpg\" alt=\"\" width=\"207\" height=\"155\" srcset=\"http:\/\/recettes-gourmandes-de-joce.fr\/wp-content\/uploads\/2019\/11\/PB301671-300x225.jpg 300w, http:\/\/recettes-gourmandes-de-joce.fr\/wp-content\/uploads\/2019\/11\/PB301671.jpg 640w\" sizes=\"auto, (max-width: 207px) 100vw, 207px\" \/> <img loading=\"lazy\" decoding=\"async\" class=\"alignnone wp-image-8623\" src=\"http:\/\/recettes-gourmandes-de-joce.fr\/wp-content\/uploads\/2019\/11\/PB301672-150x150.jpg\" alt=\"\" width=\"236\" height=\"155\" srcset=\"http:\/\/recettes-gourmandes-de-joce.fr\/wp-content\/uploads\/2019\/11\/PB301672-300x197.jpg 300w, http:\/\/recettes-gourmandes-de-joce.fr\/wp-content\/uploads\/2019\/11\/PB301672.jpg 640w\" sizes=\"auto, (max-width: 236px) 100vw, 236px\" \/> <img loading=\"lazy\" decoding=\"async\" class=\"alignnone wp-image-8624\" src=\"http:\/\/recettes-gourmandes-de-joce.fr\/wp-content\/uploads\/2019\/11\/PB301673-150x150.jpg\" alt=\"\" width=\"249\" height=\"155\" srcset=\"http:\/\/recettes-gourmandes-de-joce.fr\/wp-content\/uploads\/2019\/11\/PB301673-300x187.jpg 300w, http:\/\/recettes-gourmandes-de-joce.fr\/wp-content\/uploads\/2019\/11\/PB301673.jpg 640w\" sizes=\"auto, (max-width: 249px) 100vw, 249px\" \/><\/span><\/p>\n<p style=\"text-align: center;\"><span style=\"color: #ff9900; font-family: georgia, palatino, serif; font-size: large;\"><em>R\u00e2p\u00e9 l&rsquo;Emmental sur une feuille de silicone ou un papier sulfuris\u00e9, faite des petits tas, parsemer de piment d&rsquo;Espelette et d&rsquo;ail semoule.<\/em><\/span><\/p>\n<p style=\"text-align: center;\"><span style=\"font-family: georgia, palatino, serif;\"><img loading=\"lazy\" decoding=\"async\" class=\"alignnone wp-image-8625\" src=\"http:\/\/recettes-gourmandes-de-joce.fr\/wp-content\/uploads\/2019\/11\/PB301674-150x150.jpg\" alt=\"\" width=\"207\" height=\"155\" srcset=\"http:\/\/recettes-gourmandes-de-joce.fr\/wp-content\/uploads\/2019\/11\/PB301674-300x225.jpg 300w, http:\/\/recettes-gourmandes-de-joce.fr\/wp-content\/uploads\/2019\/11\/PB301674.jpg 640w\" sizes=\"auto, (max-width: 207px) 100vw, 207px\" \/> <img loading=\"lazy\" decoding=\"async\" class=\"alignnone wp-image-8626\" src=\"http:\/\/recettes-gourmandes-de-joce.fr\/wp-content\/uploads\/2019\/11\/PB301676-150x150.jpg\" alt=\"\" width=\"237\" height=\"155\" srcset=\"http:\/\/recettes-gourmandes-de-joce.fr\/wp-content\/uploads\/2019\/11\/PB301676-300x196.jpg 300w, http:\/\/recettes-gourmandes-de-joce.fr\/wp-content\/uploads\/2019\/11\/PB301676.jpg 640w\" sizes=\"auto, (max-width: 237px) 100vw, 237px\" \/> <img loading=\"lazy\" decoding=\"async\" class=\"alignnone wp-image-8627\" src=\"http:\/\/recettes-gourmandes-de-joce.fr\/wp-content\/uploads\/2019\/11\/PB301677-150x150.jpg\" alt=\"\" width=\"207\" height=\"155\" srcset=\"http:\/\/recettes-gourmandes-de-joce.fr\/wp-content\/uploads\/2019\/11\/PB301677-300x225.jpg 300w, http:\/\/recettes-gourmandes-de-joce.fr\/wp-content\/uploads\/2019\/11\/PB301677.jpg 640w\" sizes=\"auto, (max-width: 207px) 100vw, 207px\" \/><\/span><\/p>\n<p style=\"text-align: center;\"><span style=\"color: #ff9900; font-family: georgia, palatino, serif; font-size: large;\"><em>Enfourner pendant environ 5\/10 minutes selon les fours surveiller la coloration. <\/em><\/span><\/p>\n<p style=\"text-align: center;\"><span style=\"font-family: georgia, palatino, serif;\"><img loading=\"lazy\" decoding=\"async\" class=\"alignnone wp-image-8628\" src=\"http:\/\/recettes-gourmandes-de-joce.fr\/wp-content\/uploads\/2019\/11\/PB301678-150x150.jpg\" alt=\"\" width=\"172\" height=\"155\" srcset=\"http:\/\/recettes-gourmandes-de-joce.fr\/wp-content\/uploads\/2019\/11\/PB301678-300x271.jpg 300w, http:\/\/recettes-gourmandes-de-joce.fr\/wp-content\/uploads\/2019\/11\/PB301678.jpg 640w\" sizes=\"auto, (max-width: 172px) 100vw, 172px\" \/><\/span><\/p>\n<p style=\"text-align: center;\"><span style=\"font-family: georgia, palatino, serif;\"><span style=\"color: #ff9900; font-size: large;\"><em>Laissez l\u00e8s s\u00e9cher sur une grille. <\/em><\/span><span style=\"color: #ff9900; font-size: large;\"><em>Vous pouvez soit les servir en amuse-bouche, soit en d\u00e9co d&rsquo;un plat ou d&rsquo;une soupe.<\/em><\/span><\/span><\/p>\n<p style=\"text-align: center;\"><span style=\"color: #ff9900; font-family: georgia, palatino, serif; font-size: large;\"><em>Bon ap\u00e9ritif!<\/em><\/span><\/p>\n<p style=\"text-align: center;\"><span style=\"font-family: georgia, palatino, serif;\"><img loading=\"lazy\" decoding=\"async\" class=\"alignnone wp-image-8646\" src=\"http:\/\/recettes-gourmandes-de-joce.fr\/wp-content\/uploads\/2019\/11\/PB301713-2-150x150.jpg\" alt=\"\" width=\"224\" height=\"180\" srcset=\"http:\/\/recettes-gourmandes-de-joce.fr\/wp-content\/uploads\/2019\/11\/PB301713-2-300x241.jpg 300w, http:\/\/recettes-gourmandes-de-joce.fr\/wp-content\/uploads\/2019\/11\/PB301713-2.jpg 640w\" sizes=\"auto, (max-width: 224px) 100vw, 224px\" \/> <img loading=\"lazy\" decoding=\"async\" class=\"alignnone wp-image-8645\" src=\"http:\/\/recettes-gourmandes-de-joce.fr\/wp-content\/uploads\/2019\/11\/PB301711-2-150x150.jpg\" alt=\"\" width=\"240\" height=\"180\" srcset=\"http:\/\/recettes-gourmandes-de-joce.fr\/wp-content\/uploads\/2019\/11\/PB301711-2-300x225.jpg 300w, http:\/\/recettes-gourmandes-de-joce.fr\/wp-content\/uploads\/2019\/11\/PB301711-2.jpg 640w\" sizes=\"auto, (max-width: 240px) 100vw, 240px\" \/><\/span><\/p>\n<p style=\"text-align: center;\"><img loading=\"lazy\" decoding=\"async\" class=\"alignnone size-full wp-image-59803\" src=\"http:\/\/recettes-gourmandes-de-joce.fr\/wp-content\/uploads\/2024\/01\/logitech-gaming-software-14112014-121223.jpg\" alt=\"\" width=\"640\" height=\"144\" \/><\/p>\n<p>&nbsp;<\/p>\n","protected":false},"excerpt":{"rendered":"<p>Une de mes recettes Ingr\u00e9dients Emmental Piment d&rsquo;Espelette Ail semoule Pr\u00e9chauffer le four \u00e0 200\u00b0 R\u00e2p\u00e9 l&rsquo;Emmental sur une feuille de silicone ou un papier sulfuris\u00e9, faite des petits tas, parsemer de piment d&rsquo;Espelette et d&rsquo;ail semoule. Enfourner pendant environ 5\/10 minutes selon les fours surveiller la coloration. Laissez l\u00e8s s\u00e9cher sur une grille. Vous &hellip; <\/p>\n<p><a class=\"more-link btn\" href=\"http:\/\/recettes-gourmandes-de-joce.fr\/index.php\/index\/oeufs-fromages-yaourts-laitages\/fromages\/tuiles-demmental-au-piment-despelette-et-ail\/\">Lire la suite<\/a><\/p>\n","protected":false},"author":2,"featured_media":86782,"parent":241,"menu_order":0,"comment_status":"open","ping_status":"closed","template":"","meta":{"footnotes":""},"class_list":["post-8651","page","type-page","status-publish","has-post-thumbnail","hentry","nodate","item-wrap"],"_links":{"self":[{"href":"http:\/\/recettes-gourmandes-de-joce.fr\/index.php\/wp-json\/wp\/v2\/pages\/8651","targetHints":{"allow":["GET"]}}],"collection":[{"href":"http:\/\/recettes-gourmandes-de-joce.fr\/index.php\/wp-json\/wp\/v2\/pages"}],"about":[{"href":"http:\/\/recettes-gourmandes-de-joce.fr\/index.php\/wp-json\/wp\/v2\/types\/page"}],"author":[{"embeddable":true,"href":"http:\/\/recettes-gourmandes-de-joce.fr\/index.php\/wp-json\/wp\/v2\/users\/2"}],"replies":[{"embeddable":true,"href":"http:\/\/recettes-gourmandes-de-joce.fr\/index.php\/wp-json\/wp\/v2\/comments?post=8651"}],"version-history":[{"count":4,"href":"http:\/\/recettes-gourmandes-de-joce.fr\/index.php\/wp-json\/wp\/v2\/pages\/8651\/revisions"}],"predecessor-version":[{"id":86784,"href":"http:\/\/recettes-gourmandes-de-joce.fr\/index.php\/wp-json\/wp\/v2\/pages\/8651\/revisions\/86784"}],"up":[{"embeddable":true,"href":"http:\/\/recettes-gourmandes-de-joce.fr\/index.php\/wp-json\/wp\/v2\/pages\/241"}],"wp:featuredmedia":[{"embeddable":true,"href":"http:\/\/recettes-gourmandes-de-joce.fr\/index.php\/wp-json\/wp\/v2\/media\/86782"}],"wp:attachment":[{"href":"http:\/\/recettes-gourmandes-de-joce.fr\/index.php\/wp-json\/wp\/v2\/media?parent=8651"}],"curies":[{"name":"wp","href":"https:\/\/api.w.org\/{rel}","templated":true}]}}