{"id":84584,"date":"2024-06-21T13:55:42","date_gmt":"2024-06-21T13:55:42","guid":{"rendered":"http:\/\/recettes-gourmandes-de-joce.fr\/?page_id=84584"},"modified":"2026-03-15T00:20:18","modified_gmt":"2026-03-15T00:20:18","slug":"brochettes-de-poulet-au-lard-fume-et-a-la-sauge","status":"publish","type":"page","link":"http:\/\/recettes-gourmandes-de-joce.fr\/index.php\/index\/viandes\/volailles\/poulet-poule-poularde-coq-coquelet\/brochettes-de-poulet-au-lard-fume-et-a-la-sauge\/","title":{"rendered":"Brochettes de poulet au lard fum\u00e9 et \u00e0 la sauge."},"content":{"rendered":"<p style=\"text-align: center;\"><span style=\"color: #800080; text-decoration: underline; font-family: georgia, palatino, serif;\"><span style=\"font-size: x-large;\"><em>Une de mes recettes.<\/em><\/span><\/span><\/p>\n<p style=\"text-align: center;\"><span style=\"font-family: georgia, palatino, serif; color: #800080;\"><img loading=\"lazy\" decoding=\"async\" class=\"alignnone wp-image-23074\" src=\"http:\/\/recettes-gourmandes-de-joce.fr\/wp-content\/uploads\/2020\/06\/brochettes_de_poulet_au_lard_fume_et_a_la_sau9-001-150x150.jpg\" alt=\"\" width=\"282\" height=\"175\" srcset=\"http:\/\/recettes-gourmandes-de-joce.fr\/wp-content\/uploads\/2020\/06\/brochettes_de_poulet_au_lard_fume_et_a_la_sau9-001-300x186.jpg 300w, http:\/\/recettes-gourmandes-de-joce.fr\/wp-content\/uploads\/2020\/06\/brochettes_de_poulet_au_lard_fume_et_a_la_sau9-001.jpg 469w\" sizes=\"auto, (max-width: 282px) 100vw, 282px\" \/> \u00a0<img loading=\"lazy\" decoding=\"async\" class=\"alignnone wp-image-23073\" src=\"http:\/\/recettes-gourmandes-de-joce.fr\/wp-content\/uploads\/2020\/06\/brochettes_de_poulet_au_lard_fume_et_a_la_sau9-150x150.jpg\" alt=\"\" width=\"275\" height=\"175\" srcset=\"http:\/\/recettes-gourmandes-de-joce.fr\/wp-content\/uploads\/2020\/06\/brochettes_de_poulet_au_lard_fume_et_a_la_sau9-300x191.jpg 300w, http:\/\/recettes-gourmandes-de-joce.fr\/wp-content\/uploads\/2020\/06\/brochettes_de_poulet_au_lard_fume_et_a_la_sau9.jpg 535w\" sizes=\"auto, (max-width: 275px) 100vw, 275px\" \/><img loading=\"lazy\" decoding=\"async\" class=\"alignnone wp-image-23075\" src=\"http:\/\/recettes-gourmandes-de-joce.fr\/wp-content\/uploads\/2020\/06\/brochettes_de_poulet_au_lard_fume_et_a_la_sau12-150x150.jpg\" alt=\"\" width=\"256\" height=\"175\" srcset=\"http:\/\/recettes-gourmandes-de-joce.fr\/wp-content\/uploads\/2020\/06\/brochettes_de_poulet_au_lard_fume_et_a_la_sau12-300x205.jpg 300w, http:\/\/recettes-gourmandes-de-joce.fr\/wp-content\/uploads\/2020\/06\/brochettes_de_poulet_au_lard_fume_et_a_la_sau12.jpg 396w\" sizes=\"auto, (max-width: 256px) 100vw, 256px\" \/><\/span><\/p>\n<p style=\"text-align: center;\"><span style=\"color: #800080; text-decoration: underline; font-family: georgia, palatino, serif;\"><span style=\"font-size: x-large;\"><em>Ingr\u00e9dients pour 12 brochettes<\/em><\/span><\/span><\/p>\n<p style=\"text-align: center;\"><span style=\"font-family: georgia, palatino, serif; color: #800080;\"><img loading=\"lazy\" decoding=\"async\" class=\"alignnone wp-image-23076\" src=\"http:\/\/recettes-gourmandes-de-joce.fr\/wp-content\/uploads\/2020\/06\/brochettes_de_poulet_au_lard_fume_et_a_la_sau-150x150.jpg\" alt=\"\" width=\"230\" height=\"200\" srcset=\"http:\/\/recettes-gourmandes-de-joce.fr\/wp-content\/uploads\/2020\/06\/brochettes_de_poulet_au_lard_fume_et_a_la_sau-300x260.jpg 300w, http:\/\/recettes-gourmandes-de-joce.fr\/wp-content\/uploads\/2020\/06\/brochettes_de_poulet_au_lard_fume_et_a_la_sau.jpg 486w\" sizes=\"auto, (max-width: 230px) 100vw, 230px\" \/><\/span><\/p>\n<p style=\"text-align: center;\"><span style=\"color: #800080; font-size: large; font-family: georgia, palatino, serif;\"><em>12\u00a0tranches de lard fum\u00e9<\/em><\/span><\/p>\n<p style=\"text-align: center;\"><span style=\"color: #800080; font-size: large; font-family: georgia, palatino, serif;\"><em>4 escalopes de poulet<\/em><\/span><\/p>\n<p style=\"text-align: center;\"><span style=\"color: #800080; font-size: large; font-family: georgia, palatino, serif;\"><em>12\u00a0belles feuilles de sauges<\/em><\/span><\/p>\n<p style=\"text-align: center;\"><span style=\"color: #800080; font-size: large; font-family: georgia, palatino, serif;\"><em>Sel et poivre<\/em><\/span><\/p>\n<p style=\"text-align: center;\"><span style=\"color: #800080; font-size: large; font-family: georgia, palatino, serif;\"><em>Huile d&rsquo;olive<\/em><\/span><\/p>\n<p style=\"text-align: center;\"><span style=\"color: #800080; font-size: large; font-family: georgia, palatino, serif;\"><em>Piques \u00e0 brochettes en bois<\/em><\/span><\/p>\n<p style=\"text-align: center;\"><span style=\"font-family: georgia, palatino, serif; color: #800080;\"><img loading=\"lazy\" decoding=\"async\" class=\"alignnone wp-image-23077\" src=\"http:\/\/recettes-gourmandes-de-joce.fr\/wp-content\/uploads\/2020\/06\/brochettes_de_poulet_au_lard_fume_et_a_la_sau1-150x150.jpg\" alt=\"\" width=\"238\" height=\"160\" srcset=\"http:\/\/recettes-gourmandes-de-joce.fr\/wp-content\/uploads\/2020\/06\/brochettes_de_poulet_au_lard_fume_et_a_la_sau1-300x201.jpg 300w, http:\/\/recettes-gourmandes-de-joce.fr\/wp-content\/uploads\/2020\/06\/brochettes_de_poulet_au_lard_fume_et_a_la_sau1.jpg 544w\" sizes=\"auto, (max-width: 238px) 100vw, 238px\" \/> <img loading=\"lazy\" decoding=\"async\" class=\"alignnone wp-image-23078\" src=\"http:\/\/recettes-gourmandes-de-joce.fr\/wp-content\/uploads\/2020\/06\/brochettes_de_poulet_au_lard_fume_et_a_la_sau2-150x150.jpg\" alt=\"\" width=\"214\" height=\"160\" srcset=\"http:\/\/recettes-gourmandes-de-joce.fr\/wp-content\/uploads\/2020\/06\/brochettes_de_poulet_au_lard_fume_et_a_la_sau2-300x225.jpg 300w, http:\/\/recettes-gourmandes-de-joce.fr\/wp-content\/uploads\/2020\/06\/brochettes_de_poulet_au_lard_fume_et_a_la_sau2.jpg 550w\" sizes=\"auto, (max-width: 214px) 100vw, 214px\" \/> <img loading=\"lazy\" decoding=\"async\" class=\"alignnone wp-image-23079\" src=\"http:\/\/recettes-gourmandes-de-joce.fr\/wp-content\/uploads\/2020\/06\/brochettes_de_poulet_au_lard_fume_et_a_la_sau3-150x150.jpg\" alt=\"\" width=\"214\" height=\"160\" srcset=\"http:\/\/recettes-gourmandes-de-joce.fr\/wp-content\/uploads\/2020\/06\/brochettes_de_poulet_au_lard_fume_et_a_la_sau3-300x225.jpg 300w, http:\/\/recettes-gourmandes-de-joce.fr\/wp-content\/uploads\/2020\/06\/brochettes_de_poulet_au_lard_fume_et_a_la_sau3.jpg 550w\" sizes=\"auto, (max-width: 214px) 100vw, 214px\" \/><\/span><\/p>\n<p style=\"text-align: center;\"><span style=\"font-family: georgia, palatino, serif; color: #800080;\"><span style=\"font-size: large;\"><em>Couper les escalopes de poulet en deux dans le sens de <\/em><\/span><span style=\"font-size: large;\"><em>la longueur. <\/em><\/span><span style=\"font-size: large;\"><em>Les saler et poivrer des deux cot\u00e9s et les d\u00e9poser sur une <\/em><\/span><span style=\"font-size: large;\"><em>tranche de lard fum\u00e9. <\/em><\/span><\/span><\/p>\n<p style=\"text-align: center;\"><span style=\"font-family: georgia, palatino, serif; color: #800080;\"><img loading=\"lazy\" decoding=\"async\" class=\"alignnone wp-image-23080\" src=\"http:\/\/recettes-gourmandes-de-joce.fr\/wp-content\/uploads\/2020\/06\/brochettes_de_poulet_au_lard_fume_et_a_la_sau4-150x150.jpg\" alt=\"\" width=\"214\" height=\"160\" srcset=\"http:\/\/recettes-gourmandes-de-joce.fr\/wp-content\/uploads\/2020\/06\/brochettes_de_poulet_au_lard_fume_et_a_la_sau4-300x225.jpg 300w, http:\/\/recettes-gourmandes-de-joce.fr\/wp-content\/uploads\/2020\/06\/brochettes_de_poulet_au_lard_fume_et_a_la_sau4.jpg 550w\" sizes=\"auto, (max-width: 214px) 100vw, 214px\" \/> <img loading=\"lazy\" decoding=\"async\" class=\"alignnone wp-image-23071\" src=\"http:\/\/recettes-gourmandes-de-joce.fr\/wp-content\/uploads\/2020\/06\/brochettes_de_poulet_au_lard_fume_et_a_la_sau6-150x150.jpg\" alt=\"\" width=\"222\" height=\"160\" srcset=\"http:\/\/recettes-gourmandes-de-joce.fr\/wp-content\/uploads\/2020\/06\/brochettes_de_poulet_au_lard_fume_et_a_la_sau6-300x217.jpg 300w, http:\/\/recettes-gourmandes-de-joce.fr\/wp-content\/uploads\/2020\/06\/brochettes_de_poulet_au_lard_fume_et_a_la_sau6.jpg 550w\" sizes=\"auto, (max-width: 222px) 100vw, 222px\" \/> <img loading=\"lazy\" decoding=\"async\" class=\"alignnone wp-image-23072\" src=\"http:\/\/recettes-gourmandes-de-joce.fr\/wp-content\/uploads\/2020\/06\/brochettes_de_poulet_au_lard_fume_et_a_la_sau8-150x150.jpg\" alt=\"\" width=\"214\" height=\"160\" srcset=\"http:\/\/recettes-gourmandes-de-joce.fr\/wp-content\/uploads\/2020\/06\/brochettes_de_poulet_au_lard_fume_et_a_la_sau8-300x225.jpg 300w, http:\/\/recettes-gourmandes-de-joce.fr\/wp-content\/uploads\/2020\/06\/brochettes_de_poulet_au_lard_fume_et_a_la_sau8.jpg 550w\" sizes=\"auto, (max-width: 214px) 100vw, 214px\" \/><\/span><\/p>\n<p style=\"text-align: center;\"><span style=\"font-family: georgia, palatino, serif; color: #800080;\"><span style=\"font-size: large;\"><em>Ajouter dessus une feuille de sauge et un filet d&rsquo;huile <\/em><\/span><span style=\"font-size: large;\"><em>\u00a0<\/em><\/span><span style=\"font-size: large;\"><em>Rouler les escalopes et maintenez les ferm\u00e9es par des piques <\/em><\/span><span style=\"font-size: large;\"><em>en bois. <\/em><\/span><span style=\"font-size: large;\"><em>Allumer le barbecue, d\u00e9s que les braises sont bonnes, d\u00e9poser <\/em><\/span><span style=\"font-size: large;\"><em>les brochettes dessus et\u00a0<\/em><\/span><\/span><em style=\"color: #800080; font-family: georgia, palatino, serif; font-size: large;\">les <\/em><em style=\"font-size: large; color: #800080; font-family: georgia, palatino, serif;\">cuire en les retournant souvent.<\/em><\/p>\n<p style=\"text-align: center;\"><em style=\"font-size: large; color: #800080; font-family: georgia, palatino, serif;\"><em>Vous pouvez \u00e9galement les cuire \u00e0 la po\u00eale avec un filet d\u2019huile d\u2019olive et une noisette de beurre, les retourner souvent.<\/em><\/em><\/p>\n<p style=\"text-align: center;\"><span style=\"font-family: georgia, palatino, serif; color: #800080;\"><span style=\"font-size: large;\"><em>\u00a0<\/em><\/span><span style=\"font-size: large;\"><em>Accompagn\u00e9es de haricots verts par exemple.<\/em><\/span><\/span><\/p>\n<p style=\"text-align: center;\"><span style=\"color: #800080; font-size: large; font-family: georgia, palatino, serif;\"><em>Bon app\u00e9tit!<\/em><\/span><\/p>\n<p style=\"text-align: center;\"><span style=\"font-family: georgia, palatino, serif; color: #800080;\"><img loading=\"lazy\" decoding=\"async\" class=\"alignnone wp-image-23075\" src=\"http:\/\/recettes-gourmandes-de-joce.fr\/wp-content\/uploads\/2020\/06\/brochettes_de_poulet_au_lard_fume_et_a_la_sau12-150x150.jpg\" alt=\"\" width=\"256\" height=\"175\" srcset=\"http:\/\/recettes-gourmandes-de-joce.fr\/wp-content\/uploads\/2020\/06\/brochettes_de_poulet_au_lard_fume_et_a_la_sau12-300x205.jpg 300w, http:\/\/recettes-gourmandes-de-joce.fr\/wp-content\/uploads\/2020\/06\/brochettes_de_poulet_au_lard_fume_et_a_la_sau12.jpg 396w\" sizes=\"auto, (max-width: 256px) 100vw, 256px\" \/><\/span><\/p>\n<p style=\"text-align: center;\"><span style=\"color: #800080; font-size: large; font-family: georgia, palatino, serif;\"><em> <img loading=\"lazy\" decoding=\"async\" class=\"alignnone wp-image-23074\" src=\"http:\/\/recettes-gourmandes-de-joce.fr\/wp-content\/uploads\/2020\/06\/brochettes_de_poulet_au_lard_fume_et_a_la_sau9-001-150x150.jpg\" alt=\"\" width=\"282\" height=\"175\" srcset=\"http:\/\/recettes-gourmandes-de-joce.fr\/wp-content\/uploads\/2020\/06\/brochettes_de_poulet_au_lard_fume_et_a_la_sau9-001-300x186.jpg 300w, http:\/\/recettes-gourmandes-de-joce.fr\/wp-content\/uploads\/2020\/06\/brochettes_de_poulet_au_lard_fume_et_a_la_sau9-001.jpg 469w\" sizes=\"auto, (max-width: 282px) 100vw, 282px\" \/> \u00a0<img loading=\"lazy\" decoding=\"async\" class=\"alignnone wp-image-23073\" src=\"http:\/\/recettes-gourmandes-de-joce.fr\/wp-content\/uploads\/2020\/06\/brochettes_de_poulet_au_lard_fume_et_a_la_sau9-150x150.jpg\" alt=\"\" width=\"275\" height=\"175\" srcset=\"http:\/\/recettes-gourmandes-de-joce.fr\/wp-content\/uploads\/2020\/06\/brochettes_de_poulet_au_lard_fume_et_a_la_sau9-300x191.jpg 300w, http:\/\/recettes-gourmandes-de-joce.fr\/wp-content\/uploads\/2020\/06\/brochettes_de_poulet_au_lard_fume_et_a_la_sau9.jpg 535w\" sizes=\"auto, (max-width: 275px) 100vw, 275px\" \/><\/em><\/span><\/p>\n<p style=\"text-align: center;\"><span style=\"font-family: georgia, palatino, serif; color: #800080;\"><img loading=\"lazy\" decoding=\"async\" class=\"alignnone wp-image-16654 size-full\" src=\"http:\/\/recettes-gourmandes-de-joce.fr\/wp-content\/uploads\/2020\/01\/logitech-gaming-software-14112014-121223.jpg\" alt=\"\" width=\"640\" height=\"144\" srcset=\"http:\/\/recettes-gourmandes-de-joce.fr\/wp-content\/uploads\/2020\/01\/logitech-gaming-software-14112014-121223.jpg 640w, http:\/\/recettes-gourmandes-de-joce.fr\/wp-content\/uploads\/2020\/01\/logitech-gaming-software-14112014-121223-300x68.jpg 300w\" sizes=\"auto, (max-width: 640px) 100vw, 640px\" \/><\/span><\/p>\n","protected":false},"excerpt":{"rendered":"<p>Une de mes recettes. \u00a0 Ingr\u00e9dients pour 12 brochettes 12\u00a0tranches de lard fum\u00e9 4 escalopes de poulet 12\u00a0belles feuilles de sauges Sel et poivre Huile d&rsquo;olive Piques \u00e0 brochettes en bois Couper les escalopes de poulet en deux dans le sens de la longueur. Les saler et poivrer des deux cot\u00e9s et les d\u00e9poser sur &hellip; <\/p>\n<p><a class=\"more-link btn\" href=\"http:\/\/recettes-gourmandes-de-joce.fr\/index.php\/index\/viandes\/volailles\/poulet-poule-poularde-coq-coquelet\/brochettes-de-poulet-au-lard-fume-et-a-la-sauge\/\">Lire la suite<\/a><\/p>\n","protected":false},"author":2,"featured_media":84582,"parent":99760,"menu_order":0,"comment_status":"open","ping_status":"closed","template":"","meta":{"footnotes":""},"class_list":["post-84584","page","type-page","status-publish","has-post-thumbnail","hentry","nodate","item-wrap"],"_links":{"self":[{"href":"http:\/\/recettes-gourmandes-de-joce.fr\/index.php\/wp-json\/wp\/v2\/pages\/84584","targetHints":{"allow":["GET"]}}],"collection":[{"href":"http:\/\/recettes-gourmandes-de-joce.fr\/index.php\/wp-json\/wp\/v2\/pages"}],"about":[{"href":"http:\/\/recettes-gourmandes-de-joce.fr\/index.php\/wp-json\/wp\/v2\/types\/page"}],"author":[{"embeddable":true,"href":"http:\/\/recettes-gourmandes-de-joce.fr\/index.php\/wp-json\/wp\/v2\/users\/2"}],"replies":[{"embeddable":true,"href":"http:\/\/recettes-gourmandes-de-joce.fr\/index.php\/wp-json\/wp\/v2\/comments?post=84584"}],"version-history":[{"count":1,"href":"http:\/\/recettes-gourmandes-de-joce.fr\/index.php\/wp-json\/wp\/v2\/pages\/84584\/revisions"}],"predecessor-version":[{"id":84585,"href":"http:\/\/recettes-gourmandes-de-joce.fr\/index.php\/wp-json\/wp\/v2\/pages\/84584\/revisions\/84585"}],"up":[{"embeddable":true,"href":"http:\/\/recettes-gourmandes-de-joce.fr\/index.php\/wp-json\/wp\/v2\/pages\/99760"}],"wp:featuredmedia":[{"embeddable":true,"href":"http:\/\/recettes-gourmandes-de-joce.fr\/index.php\/wp-json\/wp\/v2\/media\/84582"}],"wp:attachment":[{"href":"http:\/\/recettes-gourmandes-de-joce.fr\/index.php\/wp-json\/wp\/v2\/media?parent=84584"}],"curies":[{"name":"wp","href":"https:\/\/api.w.org\/{rel}","templated":true}]}}