{"id":84548,"date":"2024-06-21T13:17:09","date_gmt":"2024-06-21T13:17:09","guid":{"rendered":"http:\/\/recettes-gourmandes-de-joce.fr\/?page_id=84548"},"modified":"2024-06-21T13:17:09","modified_gmt":"2024-06-21T13:17:09","slug":"araignees-de-porc-marinees-aux-epices-antillaises-2","status":"publish","type":"page","link":"http:\/\/recettes-gourmandes-de-joce.fr\/index.php\/index\/viandes\/porc\/araignees-de-porc-marinees-aux-epices-antillaises-2\/","title":{"rendered":"Araign\u00e9es de porc marin\u00e9es aux \u00e9pices antillaises."},"content":{"rendered":"<p style=\"text-align: center;\"><span style=\"color: #bd687d;\"><span style=\"font-size: 24px;\"><span style=\"font-family: georgia,serif;\"><u><em>Une de mes recettes<\/em><\/u><\/span><\/span><\/span><\/p>\n<p style=\"text-align: center;\"><span style=\"color: #bd687d;\"><u>\u00a0<img loading=\"lazy\" decoding=\"async\" class=\"alignnone wp-image-50052\" src=\"http:\/\/recettes-gourmandes-de-joce.fr\/wp-content\/uploads\/2023\/04\/araignee-epices-2-300x200.jpg\" alt=\"\" width=\"270\" height=\"180\" srcset=\"http:\/\/recettes-gourmandes-de-joce.fr\/wp-content\/uploads\/2023\/04\/araignee-epices-2-300x200.jpg 300w, http:\/\/recettes-gourmandes-de-joce.fr\/wp-content\/uploads\/2023\/04\/araignee-epices-2.jpg 640w\" sizes=\"auto, (max-width: 270px) 100vw, 270px\" \/> <img loading=\"lazy\" decoding=\"async\" class=\"alignnone wp-image-50062\" src=\"http:\/\/recettes-gourmandes-de-joce.fr\/wp-content\/uploads\/2023\/04\/araignee-epices11-300x200.jpg\" alt=\"\" width=\"270\" height=\"180\" srcset=\"http:\/\/recettes-gourmandes-de-joce.fr\/wp-content\/uploads\/2023\/04\/araignee-epices11-300x200.jpg 300w, http:\/\/recettes-gourmandes-de-joce.fr\/wp-content\/uploads\/2023\/04\/araignee-epices11.jpg 640w\" sizes=\"auto, (max-width: 270px) 100vw, 270px\" \/><\/u><u><img loading=\"lazy\" decoding=\"async\" class=\"alignnone wp-image-50055\" src=\"http:\/\/recettes-gourmandes-de-joce.fr\/wp-content\/uploads\/2023\/04\/araignee-epices1-300x200.jpg\" alt=\"\" width=\"270\" height=\"180\" srcset=\"http:\/\/recettes-gourmandes-de-joce.fr\/wp-content\/uploads\/2023\/04\/araignee-epices1-300x200.jpg 300w, http:\/\/recettes-gourmandes-de-joce.fr\/wp-content\/uploads\/2023\/04\/araignee-epices1.jpg 640w\" sizes=\"auto, (max-width: 270px) 100vw, 270px\" \/><\/u><u><\/u><\/span><\/p>\n<p style=\"text-align: center;\"><span style=\"color: #bd687d;\"><span style=\"font-size: 24px;\"><span style=\"font-family: georgia,serif;\"><u><em>Ingr\u00e9dients pour 5 personnes<\/em><\/u><\/span><\/span><\/span><\/p>\n<p style=\"text-align: center;\"><span style=\"color: #bd687d;\"><img loading=\"lazy\" decoding=\"async\" class=\"alignnone wp-image-50054\" src=\"http:\/\/recettes-gourmandes-de-joce.fr\/wp-content\/uploads\/2023\/04\/araignee-epices-4-300x243.jpg\" alt=\"\" width=\"247\" height=\"200\" srcset=\"http:\/\/recettes-gourmandes-de-joce.fr\/wp-content\/uploads\/2023\/04\/araignee-epices-4-300x243.jpg 300w, http:\/\/recettes-gourmandes-de-joce.fr\/wp-content\/uploads\/2023\/04\/araignee-epices-4.jpg 640w\" sizes=\"auto, (max-width: 247px) 100vw, 247px\" \/><\/span><\/p>\n<p style=\"text-align: center;\"><span style=\"font-size: 14pt; color: #bd687d;\"><span style=\"font-family: georgia,serif;\"><em>1 kg d&rsquo;araign\u00e9es de porc<\/em><\/span><\/span><\/p>\n<p style=\"text-align: center;\"><span style=\"font-size: 14pt; color: #bd687d;\"><span style=\"font-family: georgia,serif;\"><em>3 c \u00e0 s\u00a0de m\u00e9lange antillais\u00a0d\u00e9tails sur ce lien -&gt; <span style=\"color: #800080;\"><a style=\"color: #800080;\" href=\"http:\/\/www.lesrecoltesdumonde.com\/les-melanges-epices\/352-melange-antillais-pour-salade.html\">Les r\u00e9coltes du monde<\/a><\/span><\/em><\/span><\/span><\/p>\n<p style=\"text-align: center;\"><span style=\"font-size: 14pt; color: #bd687d;\"><span style=\"font-family: georgia,serif;\"><em>1 c \u00e0 c rase de piment d&rsquo;Espelette<\/em><\/span><\/span><\/p>\n<p style=\"text-align: center;\"><span style=\"font-size: 14pt; color: #bd687d;\"><span style=\"font-family: georgia,serif;\"><em>3 c \u00e0 s d&rsquo;huile d&rsquo;olive<\/em><\/span><\/span><\/p>\n<p style=\"text-align: center;\"><span style=\"font-size: 14pt; color: #bd687d;\"><span style=\"font-family: georgia,serif;\"><em>Sel <\/em><\/span><\/span><\/p>\n<p style=\"text-align: center;\"><span style=\"text-decoration: underline; color: #bd687d; font-size: 14pt;\"><span style=\"font-family: georgia,serif;\"><em>Recette r\u00e9alisable \u00e9galement \u00e0 la po\u00eale<\/em><\/span><\/span><\/p>\n<p style=\"text-align: center;\"><span style=\"font-size: 14pt; color: #bd687d;\"><span style=\"font-family: georgia,serif;\"><em><img loading=\"lazy\" decoding=\"async\" class=\"alignnone wp-image-50056\" src=\"http:\/\/recettes-gourmandes-de-joce.fr\/wp-content\/uploads\/2023\/04\/araignee-epices5-300x200.jpg\" alt=\"\" width=\"255\" height=\"170\" srcset=\"http:\/\/recettes-gourmandes-de-joce.fr\/wp-content\/uploads\/2023\/04\/araignee-epices5-300x200.jpg 300w, http:\/\/recettes-gourmandes-de-joce.fr\/wp-content\/uploads\/2023\/04\/araignee-epices5.jpg 640w\" sizes=\"auto, (max-width: 255px) 100vw, 255px\" \/> <img loading=\"lazy\" decoding=\"async\" class=\"alignnone wp-image-50057\" src=\"http:\/\/recettes-gourmandes-de-joce.fr\/wp-content\/uploads\/2023\/04\/araignee-epices6-300x200.jpg\" alt=\"\" width=\"255\" height=\"170\" srcset=\"http:\/\/recettes-gourmandes-de-joce.fr\/wp-content\/uploads\/2023\/04\/araignee-epices6-300x200.jpg 300w, http:\/\/recettes-gourmandes-de-joce.fr\/wp-content\/uploads\/2023\/04\/araignee-epices6.jpg 640w\" sizes=\"auto, (max-width: 255px) 100vw, 255px\" \/>\u00a0<\/em><\/span><\/span><\/p>\n<p style=\"text-align: center;\"><span style=\"font-size: 14pt; color: #bd687d;\"><span style=\"font-family: georgia,serif;\"><em>Mettre la viande dans un plat, r\u00e9partir dessus les \u00e9pices, saler, m\u00e9langer et ajouter l&rsquo;huile d&rsquo;olive, <\/em><\/span><\/span><\/p>\n<p style=\"text-align: center;\"><span style=\"font-size: 14pt; color: #bd687d;\"><em style=\"font-family: georgia, serif;\"><img loading=\"lazy\" decoding=\"async\" class=\"alignnone wp-image-50058\" src=\"http:\/\/recettes-gourmandes-de-joce.fr\/wp-content\/uploads\/2023\/04\/araignee-epices7-300x200.jpg\" alt=\"\" width=\"255\" height=\"170\" srcset=\"http:\/\/recettes-gourmandes-de-joce.fr\/wp-content\/uploads\/2023\/04\/araignee-epices7-300x200.jpg 300w, http:\/\/recettes-gourmandes-de-joce.fr\/wp-content\/uploads\/2023\/04\/araignee-epices7.jpg 640w\" sizes=\"auto, (max-width: 255px) 100vw, 255px\" \/>\u00a0<img loading=\"lazy\" decoding=\"async\" class=\"alignnone wp-image-50059\" src=\"http:\/\/recettes-gourmandes-de-joce.fr\/wp-content\/uploads\/2023\/04\/araignee-epices8-300x200.jpg\" alt=\"\" width=\"255\" height=\"170\" srcset=\"http:\/\/recettes-gourmandes-de-joce.fr\/wp-content\/uploads\/2023\/04\/araignee-epices8-300x200.jpg 300w, http:\/\/recettes-gourmandes-de-joce.fr\/wp-content\/uploads\/2023\/04\/araignee-epices8.jpg 640w\" sizes=\"auto, (max-width: 255px) 100vw, 255px\" \/><\/em><\/span><\/p>\n<p style=\"text-align: center;\"><span style=\"font-size: 14pt; color: #bd687d;\"><span style=\"font-family: georgia,serif;\"><em>M\u00e9langer \u00e0 nouveau. <\/em><\/span><em style=\"font-family: georgia, serif;\">Ajouter le piment d&rsquo;Espelette, m\u00e9langer \u00e0 nouveau et laisser mariner environ 1h en remuant de temps en temps.<\/em><\/span><\/p>\n<p style=\"text-align: center;\"><span style=\"font-size: 14pt; color: #bd687d;\"><span style=\"font-family: georgia,serif;\"><em><a style=\"color: #bd687d;\" title=\"titre de l'image\" href=\"http:\/\/jocelyne.debon.free.fr\/araignee-epices\/araignee-epices10.JPG\" rel=\"iframe\"><u><img loading=\"lazy\" decoding=\"async\" class=\"alignnone wp-image-50060\" src=\"http:\/\/recettes-gourmandes-de-joce.fr\/wp-content\/uploads\/2023\/04\/araignee-epices9-300x200.jpg\" alt=\"\" width=\"255\" height=\"170\" srcset=\"http:\/\/recettes-gourmandes-de-joce.fr\/wp-content\/uploads\/2023\/04\/araignee-epices9-300x200.jpg 300w, http:\/\/recettes-gourmandes-de-joce.fr\/wp-content\/uploads\/2023\/04\/araignee-epices9.jpg 640w\" sizes=\"auto, (max-width: 255px) 100vw, 255px\" \/> <img loading=\"lazy\" decoding=\"async\" class=\"alignnone wp-image-50061\" src=\"http:\/\/recettes-gourmandes-de-joce.fr\/wp-content\/uploads\/2023\/04\/araignee-epices10-300x178.jpg\" alt=\"\" width=\"286\" height=\"170\" srcset=\"http:\/\/recettes-gourmandes-de-joce.fr\/wp-content\/uploads\/2023\/04\/araignee-epices10-300x178.jpg 300w, http:\/\/recettes-gourmandes-de-joce.fr\/wp-content\/uploads\/2023\/04\/araignee-epices10.jpg 640w\" sizes=\"auto, (max-width: 286px) 100vw, 286px\" \/><\/u><\/a><\/em><\/span><\/span><\/p>\n<p style=\"text-align: center;\"><span style=\"font-size: 14pt; color: #bd687d;\"><span style=\"font-family: georgia,serif;\"><em>\u00a0Cuire ensuite sur la plancha en retournant souvent les morceaux, excellent \u00e0 refaire!<\/em><\/span><\/span><\/p>\n<p style=\"text-align: center;\"><span style=\"color: #bd687d; font-size: 14pt;\"><span style=\"font-family: georgia,serif;\"><em>Bon app\u00e9tit!<\/em><\/span><\/span><\/p>\n<p style=\"text-align: center;\"><span style=\"font-size: 14pt; color: #bd687d;\"><a style=\"color: #bd687d; outline: 0px;\" title=\"titre de l'image\" href=\"http:\/\/jocelyne.debon.free.fr\/araignee-epices\/araignee-epices 2.JPG\" rel=\"iframe\"><u><img loading=\"lazy\" decoding=\"async\" class=\"alignnone wp-image-50062\" src=\"http:\/\/recettes-gourmandes-de-joce.fr\/wp-content\/uploads\/2023\/04\/araignee-epices11-300x200.jpg\" alt=\"\" width=\"270\" height=\"180\" srcset=\"http:\/\/recettes-gourmandes-de-joce.fr\/wp-content\/uploads\/2023\/04\/araignee-epices11-300x200.jpg 300w, http:\/\/recettes-gourmandes-de-joce.fr\/wp-content\/uploads\/2023\/04\/araignee-epices11.jpg 640w\" sizes=\"auto, (max-width: 270px) 100vw, 270px\" \/><\/u><\/a><\/span><\/p>\n<p style=\"text-align: center;\"><span style=\"color: #bd687d;\"><a style=\"color: #bd687d;\" title=\"titre de l'image\" href=\"http:\/\/jocelyne.debon.free.fr\/araignee-epices\/araignee-epices 2.JPG\" rel=\"iframe\"><u><img loading=\"lazy\" decoding=\"async\" class=\"alignnone wp-image-50053\" src=\"http:\/\/recettes-gourmandes-de-joce.fr\/wp-content\/uploads\/2023\/04\/araignee-epices-3-300x200.jpg\" alt=\"\" width=\"270\" height=\"180\" srcset=\"http:\/\/recettes-gourmandes-de-joce.fr\/wp-content\/uploads\/2023\/04\/araignee-epices-3-300x200.jpg 300w, http:\/\/recettes-gourmandes-de-joce.fr\/wp-content\/uploads\/2023\/04\/araignee-epices-3.jpg 640w\" sizes=\"auto, (max-width: 270px) 100vw, 270px\" \/> \u00a0<img loading=\"lazy\" decoding=\"async\" class=\"alignnone wp-image-50055\" src=\"http:\/\/recettes-gourmandes-de-joce.fr\/wp-content\/uploads\/2023\/04\/araignee-epices1-300x200.jpg\" alt=\"\" width=\"270\" height=\"180\" srcset=\"http:\/\/recettes-gourmandes-de-joce.fr\/wp-content\/uploads\/2023\/04\/araignee-epices1-300x200.jpg 300w, http:\/\/recettes-gourmandes-de-joce.fr\/wp-content\/uploads\/2023\/04\/araignee-epices1.jpg 640w\" sizes=\"auto, (max-width: 270px) 100vw, 270px\" \/><\/u><\/a><\/span><\/p>\n<p style=\"text-align: center;\"><span style=\"color: #bd687d;\"><img loading=\"lazy\" decoding=\"async\" class=\"alignnone wp-image-44943 size-full\" src=\"http:\/\/recettes-gourmandes-de-joce.fr\/wp-content\/uploads\/2022\/05\/logitech-gaming-software-14112014-121223.jpg\" alt=\"\" width=\"640\" height=\"144\" srcset=\"http:\/\/recettes-gourmandes-de-joce.fr\/wp-content\/uploads\/2022\/05\/logitech-gaming-software-14112014-121223.jpg 640w, http:\/\/recettes-gourmandes-de-joce.fr\/wp-content\/uploads\/2022\/05\/logitech-gaming-software-14112014-121223-300x68.jpg 300w\" sizes=\"auto, (max-width: 640px) 100vw, 640px\" \/><\/span><\/p>\n","protected":false},"excerpt":{"rendered":"<p>Une de mes recettes \u00a0 Ingr\u00e9dients pour 5 personnes 1 kg d&rsquo;araign\u00e9es de porc 3 c \u00e0 s\u00a0de m\u00e9lange antillais\u00a0d\u00e9tails sur ce lien -&gt; Les r\u00e9coltes du monde 1 c \u00e0 c rase de piment d&rsquo;Espelette 3 c \u00e0 s d&rsquo;huile d&rsquo;olive Sel Recette r\u00e9alisable \u00e9galement \u00e0 la po\u00eale \u00a0 Mettre la viande dans un &hellip; <\/p>\n<p><a class=\"more-link btn\" href=\"http:\/\/recettes-gourmandes-de-joce.fr\/index.php\/index\/viandes\/porc\/araignees-de-porc-marinees-aux-epices-antillaises-2\/\">Lire la suite<\/a><\/p>\n","protected":false},"author":2,"featured_media":84547,"parent":59,"menu_order":0,"comment_status":"open","ping_status":"closed","template":"","meta":{"footnotes":""},"class_list":["post-84548","page","type-page","status-publish","has-post-thumbnail","hentry","nodate","item-wrap"],"_links":{"self":[{"href":"http:\/\/recettes-gourmandes-de-joce.fr\/index.php\/wp-json\/wp\/v2\/pages\/84548","targetHints":{"allow":["GET"]}}],"collection":[{"href":"http:\/\/recettes-gourmandes-de-joce.fr\/index.php\/wp-json\/wp\/v2\/pages"}],"about":[{"href":"http:\/\/recettes-gourmandes-de-joce.fr\/index.php\/wp-json\/wp\/v2\/types\/page"}],"author":[{"embeddable":true,"href":"http:\/\/recettes-gourmandes-de-joce.fr\/index.php\/wp-json\/wp\/v2\/users\/2"}],"replies":[{"embeddable":true,"href":"http:\/\/recettes-gourmandes-de-joce.fr\/index.php\/wp-json\/wp\/v2\/comments?post=84548"}],"version-history":[{"count":1,"href":"http:\/\/recettes-gourmandes-de-joce.fr\/index.php\/wp-json\/wp\/v2\/pages\/84548\/revisions"}],"predecessor-version":[{"id":84549,"href":"http:\/\/recettes-gourmandes-de-joce.fr\/index.php\/wp-json\/wp\/v2\/pages\/84548\/revisions\/84549"}],"up":[{"embeddable":true,"href":"http:\/\/recettes-gourmandes-de-joce.fr\/index.php\/wp-json\/wp\/v2\/pages\/59"}],"wp:featuredmedia":[{"embeddable":true,"href":"http:\/\/recettes-gourmandes-de-joce.fr\/index.php\/wp-json\/wp\/v2\/media\/84547"}],"wp:attachment":[{"href":"http:\/\/recettes-gourmandes-de-joce.fr\/index.php\/wp-json\/wp\/v2\/media?parent=84548"}],"curies":[{"name":"wp","href":"https:\/\/api.w.org\/{rel}","templated":true}]}}