{"id":83450,"date":"2024-06-04T23:57:18","date_gmt":"2024-06-04T23:57:18","guid":{"rendered":"http:\/\/recettes-gourmandes-de-joce.fr\/?page_id=83450"},"modified":"2024-06-04T23:57:18","modified_gmt":"2024-06-04T23:57:18","slug":"macaronis-a-la-creme-et-aux-lardons","status":"publish","type":"page","link":"http:\/\/recettes-gourmandes-de-joce.fr\/index.php\/index\/legumes\/pates\/macaronis-a-la-creme-et-aux-lardons\/","title":{"rendered":"Macaronis \u00e0 la cr\u00e8me et aux lardons."},"content":{"rendered":"<p style=\"text-align: center;\"><span style=\"text-decoration: underline; color: #993366;\"><span style=\"font-size: 18pt; font-family: georgia, palatino, serif;\"><em>Une de mes recettes<\/em><\/span><\/span><\/p>\n<p style=\"text-align: center;\"><span style=\"color: #993366;\"><img loading=\"lazy\" decoding=\"async\" class=\"alignnone wp-image-83469\" src=\"http:\/\/recettes-gourmandes-de-joce.fr\/wp-content\/uploads\/2024\/06\/macaronis-21.jpg\" alt=\"\" width=\"264\" height=\"180\" srcset=\"http:\/\/recettes-gourmandes-de-joce.fr\/wp-content\/uploads\/2024\/06\/macaronis-21.jpg 800w, http:\/\/recettes-gourmandes-de-joce.fr\/wp-content\/uploads\/2024\/06\/macaronis-21-768x523.jpg 768w, http:\/\/recettes-gourmandes-de-joce.fr\/wp-content\/uploads\/2024\/06\/macaronis-21-750x511.jpg 750w\" sizes=\"auto, (max-width: 264px) 100vw, 264px\" \/> <img loading=\"lazy\" decoding=\"async\" class=\"alignnone wp-image-83468\" src=\"http:\/\/recettes-gourmandes-de-joce.fr\/wp-content\/uploads\/2024\/06\/macaronis-20.jpg\" alt=\"\" width=\"255\" height=\"180\" srcset=\"http:\/\/recettes-gourmandes-de-joce.fr\/wp-content\/uploads\/2024\/06\/macaronis-20.jpg 799w, http:\/\/recettes-gourmandes-de-joce.fr\/wp-content\/uploads\/2024\/06\/macaronis-20-768x542.jpg 768w, http:\/\/recettes-gourmandes-de-joce.fr\/wp-content\/uploads\/2024\/06\/macaronis-20-750x529.jpg 750w\" sizes=\"auto, (max-width: 255px) 100vw, 255px\" \/><img loading=\"lazy\" decoding=\"async\" class=\"alignnone wp-image-83465\" src=\"http:\/\/recettes-gourmandes-de-joce.fr\/wp-content\/uploads\/2024\/06\/macaronis-17.jpg\" alt=\"\" width=\"274\" height=\"180\" srcset=\"http:\/\/recettes-gourmandes-de-joce.fr\/wp-content\/uploads\/2024\/06\/macaronis-17.jpg 800w, http:\/\/recettes-gourmandes-de-joce.fr\/wp-content\/uploads\/2024\/06\/macaronis-17-768x505.jpg 768w, http:\/\/recettes-gourmandes-de-joce.fr\/wp-content\/uploads\/2024\/06\/macaronis-17-750x493.jpg 750w\" sizes=\"auto, (max-width: 274px) 100vw, 274px\" \/><\/span><\/p>\n<p style=\"text-align: center;\"><span style=\"text-decoration: underline; color: #993366;\"><span style=\"font-size: 18pt; font-family: georgia, palatino, serif;\"><em>Ingr\u00e9dients pour 4 personnes<\/em><\/span><\/span><\/p>\n<p style=\"text-align: center;\"><span style=\"color: #993366;\"><img loading=\"lazy\" decoding=\"async\" class=\"alignnone wp-image-83452\" src=\"http:\/\/recettes-gourmandes-de-joce.fr\/wp-content\/uploads\/2024\/06\/macaronis-2.jpg\" alt=\"\" width=\"151\" height=\"200\" \/><\/span><\/p>\n<p style=\"text-align: center;\">\n<p style=\"text-align: center;\"><span style=\"font-size: 14pt; font-family: georgia, palatino, serif; color: #993366;\"><em>450 g de macaronis<\/em><\/span><\/p>\n<p style=\"text-align: center;\"><span style=\"font-size: 14pt; font-family: georgia, palatino, serif; color: #993366;\"><em>1 morceau de pecorino<\/em><\/span><\/p>\n<p style=\"text-align: center;\"><span style=\"font-size: 14pt; font-family: georgia, palatino, serif; color: #993366;\"><em>200 g de lardons fum\u00e9s<\/em><\/span><\/p>\n<p style=\"text-align: center;\"><span style=\"font-size: 14pt; font-family: georgia, palatino, serif; color: #993366;\"><em>15 cl de cr\u00e8me fra\u00eeche liquide<\/em><em>\u00a0<\/em><\/span><\/p>\n<p style=\"text-align: center;\"><span style=\"font-size: 14pt; font-family: georgia, palatino, serif; color: #993366;\"><em>1 bouquet de persil plat<\/em><\/span><\/p>\n<p style=\"text-align: center;\"><span style=\"font-size: 14pt; font-family: georgia, palatino, serif; color: #993366;\"><em>50 g de beurre<\/em><\/span><\/p>\n<p style=\"text-align: center;\"><span style=\"font-size: 14pt; font-family: georgia, palatino, serif; color: #993366;\"><em>2 gousses d\u2019ail<\/em><\/span><\/p>\n<p style=\"text-align: center;\"><span style=\"font-size: 14pt; font-family: georgia, palatino, serif; color: #993366;\"><em>1 oignon<\/em><\/span><\/p>\n<p style=\"text-align: center;\"><span style=\"font-size: 14pt; font-family: georgia, palatino, serif; color: #993366;\"><em>1 \u0153uf<\/em><\/span><\/p>\n<p style=\"text-align: center;\"><span style=\"font-size: 14pt; font-family: georgia, palatino, serif; color: #993366;\"><em>1 morceau de beurre pour la cuisson<\/em><\/span><\/p>\n<p style=\"text-align: center;\"><span style=\"font-size: 14pt; font-family: georgia, palatino, serif; color: #993366;\"><em>Sel et poivre<\/em><\/span><\/p>\n<p style=\"text-align: center;\"><span style=\"color: #993366;\"><img loading=\"lazy\" decoding=\"async\" class=\"alignnone wp-image-83472\" src=\"http:\/\/recettes-gourmandes-de-joce.fr\/wp-content\/uploads\/2024\/06\/macaronis-1.jpg\" alt=\"\" width=\"234\" height=\"165\" \/> <img loading=\"lazy\" decoding=\"async\" class=\"alignnone wp-image-61838\" src=\"http:\/\/recettes-gourmandes-de-joce.fr\/wp-content\/uploads\/2024\/03\/P4220312.jpg\" alt=\"\" width=\"262\" height=\"165\" srcset=\"http:\/\/recettes-gourmandes-de-joce.fr\/wp-content\/uploads\/2024\/03\/P4220312.jpg 800w, http:\/\/recettes-gourmandes-de-joce.fr\/wp-content\/uploads\/2024\/03\/P4220312-768x483.jpg 768w, http:\/\/recettes-gourmandes-de-joce.fr\/wp-content\/uploads\/2024\/03\/P4220312-750x472.jpg 750w\" sizes=\"auto, (max-width: 262px) 100vw, 262px\" \/> <img loading=\"lazy\" decoding=\"async\" class=\"alignnone wp-image-76215\" src=\"http:\/\/recettes-gourmandes-de-joce.fr\/wp-content\/uploads\/2024\/05\/20191006_181702.jpg\" alt=\"\" width=\"220\" height=\"165\" srcset=\"http:\/\/recettes-gourmandes-de-joce.fr\/wp-content\/uploads\/2024\/05\/20191006_181702.jpg 800w, http:\/\/recettes-gourmandes-de-joce.fr\/wp-content\/uploads\/2024\/05\/20191006_181702-768x576.jpg 768w, http:\/\/recettes-gourmandes-de-joce.fr\/wp-content\/uploads\/2024\/05\/20191006_181702-750x563.jpg 750w\" sizes=\"auto, (max-width: 220px) 100vw, 220px\" \/><\/span><\/p>\n<p style=\"text-align: center;\"><span style=\"font-size: 14pt; font-family: georgia, palatino, serif; color: #993366;\"><em>Peler et hacher l\u2019oignon et les gousses d\u2019ail d\u00e9germ\u00e9es, laver et ciseler le persil.<\/em><\/span><\/p>\n<p style=\"text-align: center;\"><span style=\"font-size: 14pt; font-family: georgia, palatino, serif; color: #993366;\"><img loading=\"lazy\" decoding=\"async\" class=\"alignnone wp-image-83453\" src=\"http:\/\/recettes-gourmandes-de-joce.fr\/wp-content\/uploads\/2024\/06\/macaronis-4.jpg\" alt=\"\" width=\"231\" height=\"165\" srcset=\"http:\/\/recettes-gourmandes-de-joce.fr\/wp-content\/uploads\/2024\/06\/macaronis-4.jpg 771w, http:\/\/recettes-gourmandes-de-joce.fr\/wp-content\/uploads\/2024\/06\/macaronis-4-768x549.jpg 768w, http:\/\/recettes-gourmandes-de-joce.fr\/wp-content\/uploads\/2024\/06\/macaronis-4-750x536.jpg 750w\" sizes=\"auto, (max-width: 231px) 100vw, 231px\" \/> <img loading=\"lazy\" decoding=\"async\" class=\"alignnone wp-image-83454\" src=\"http:\/\/recettes-gourmandes-de-joce.fr\/wp-content\/uploads\/2024\/06\/macaronis-5.jpg\" alt=\"\" width=\"234\" height=\"165\" srcset=\"http:\/\/recettes-gourmandes-de-joce.fr\/wp-content\/uploads\/2024\/06\/macaronis-5.jpg 796w, http:\/\/recettes-gourmandes-de-joce.fr\/wp-content\/uploads\/2024\/06\/macaronis-5-768x541.jpg 768w, http:\/\/recettes-gourmandes-de-joce.fr\/wp-content\/uploads\/2024\/06\/macaronis-5-750x529.jpg 750w\" sizes=\"auto, (max-width: 234px) 100vw, 234px\" \/> <img loading=\"lazy\" decoding=\"async\" class=\"alignnone wp-image-83455\" src=\"http:\/\/recettes-gourmandes-de-joce.fr\/wp-content\/uploads\/2024\/06\/macaronis-6.jpg\" alt=\"\" width=\"235\" height=\"165\" srcset=\"http:\/\/recettes-gourmandes-de-joce.fr\/wp-content\/uploads\/2024\/06\/macaronis-6.jpg 797w, http:\/\/recettes-gourmandes-de-joce.fr\/wp-content\/uploads\/2024\/06\/macaronis-6-768x540.jpg 768w, http:\/\/recettes-gourmandes-de-joce.fr\/wp-content\/uploads\/2024\/06\/macaronis-6-750x527.jpg 750w\" sizes=\"auto, (max-width: 235px) 100vw, 235px\" \/>\u00a0\u00a0<\/span><\/p>\n<p style=\"text-align: center;\"><span style=\"font-size: 14pt; font-family: georgia, palatino, serif; color: #993366;\"><em>Faite fondre le morceau de beurre dans une po\u00eale, ajouter les oignons et l\u2019ail, saler l\u00e9g\u00e8rement et faite les suer quelques instants.<\/em><\/span><\/p>\n<p style=\"text-align: center;\"><span style=\"color: #993366;\"><img loading=\"lazy\" decoding=\"async\" class=\"alignnone wp-image-83456\" src=\"http:\/\/recettes-gourmandes-de-joce.fr\/wp-content\/uploads\/2024\/06\/macaronis-7.jpg\" alt=\"\" width=\"228\" height=\"165\" srcset=\"http:\/\/recettes-gourmandes-de-joce.fr\/wp-content\/uploads\/2024\/06\/macaronis-7.jpg 796w, http:\/\/recettes-gourmandes-de-joce.fr\/wp-content\/uploads\/2024\/06\/macaronis-7-768x556.jpg 768w, http:\/\/recettes-gourmandes-de-joce.fr\/wp-content\/uploads\/2024\/06\/macaronis-7-750x543.jpg 750w\" sizes=\"auto, (max-width: 228px) 100vw, 228px\" \/> <img loading=\"lazy\" decoding=\"async\" class=\"alignnone wp-image-83457\" src=\"http:\/\/recettes-gourmandes-de-joce.fr\/wp-content\/uploads\/2024\/06\/macaronis-8.jpg\" alt=\"\" width=\"232\" height=\"165\" srcset=\"http:\/\/recettes-gourmandes-de-joce.fr\/wp-content\/uploads\/2024\/06\/macaronis-8.jpg 795w, http:\/\/recettes-gourmandes-de-joce.fr\/wp-content\/uploads\/2024\/06\/macaronis-8-768x546.jpg 768w, http:\/\/recettes-gourmandes-de-joce.fr\/wp-content\/uploads\/2024\/06\/macaronis-8-750x533.jpg 750w\" sizes=\"auto, (max-width: 232px) 100vw, 232px\" \/> <img loading=\"lazy\" decoding=\"async\" class=\"alignnone wp-image-83458\" src=\"http:\/\/recettes-gourmandes-de-joce.fr\/wp-content\/uploads\/2024\/06\/macaronis-9.jpg\" alt=\"\" width=\"234\" height=\"165\" srcset=\"http:\/\/recettes-gourmandes-de-joce.fr\/wp-content\/uploads\/2024\/06\/macaronis-9.jpg 796w, http:\/\/recettes-gourmandes-de-joce.fr\/wp-content\/uploads\/2024\/06\/macaronis-9-768x542.jpg 768w, http:\/\/recettes-gourmandes-de-joce.fr\/wp-content\/uploads\/2024\/06\/macaronis-9-750x530.jpg 750w\" sizes=\"auto, (max-width: 234px) 100vw, 234px\" \/><\/span><\/p>\n<p style=\"text-align: center;\"><span style=\"font-size: 14pt; font-family: georgia, palatino, serif; color: #993366;\"><em>Ajouter les lardons, m\u00e9langer et faite l\u00e9g\u00e8rement dorer, r\u00e9server.\u00a0<\/em><em>Dans une casserole, faite fondre les 50 g de beurre coup\u00e9s en petits d\u00e9s.<\/em><\/span><\/p>\n<p style=\"text-align: center;\"><span style=\"font-size: 14pt; font-family: georgia, palatino, serif; color: #993366;\"><em>\u00a0 <img loading=\"lazy\" decoding=\"async\" class=\"alignnone wp-image-83459\" src=\"http:\/\/recettes-gourmandes-de-joce.fr\/wp-content\/uploads\/2024\/06\/macaronis-10.jpg\" alt=\"\" width=\"235\" height=\"165\" srcset=\"http:\/\/recettes-gourmandes-de-joce.fr\/wp-content\/uploads\/2024\/06\/macaronis-10.jpg 800w, http:\/\/recettes-gourmandes-de-joce.fr\/wp-content\/uploads\/2024\/06\/macaronis-10-768x540.jpg 768w, http:\/\/recettes-gourmandes-de-joce.fr\/wp-content\/uploads\/2024\/06\/macaronis-10-750x527.jpg 750w\" sizes=\"auto, (max-width: 235px) 100vw, 235px\" \/> <img loading=\"lazy\" decoding=\"async\" class=\"alignnone wp-image-83460\" src=\"http:\/\/recettes-gourmandes-de-joce.fr\/wp-content\/uploads\/2024\/06\/macaronis-12.jpg\" alt=\"\" width=\"231\" height=\"165\" srcset=\"http:\/\/recettes-gourmandes-de-joce.fr\/wp-content\/uploads\/2024\/06\/macaronis-12.jpg 797w, http:\/\/recettes-gourmandes-de-joce.fr\/wp-content\/uploads\/2024\/06\/macaronis-12-768x548.jpg 768w, http:\/\/recettes-gourmandes-de-joce.fr\/wp-content\/uploads\/2024\/06\/macaronis-12-750x535.jpg 750w\" sizes=\"auto, (max-width: 231px) 100vw, 231px\" \/> <img loading=\"lazy\" decoding=\"async\" class=\"alignnone wp-image-83461\" src=\"http:\/\/recettes-gourmandes-de-joce.fr\/wp-content\/uploads\/2024\/06\/macaronis-13.jpg\" alt=\"\" width=\"235\" height=\"165\" srcset=\"http:\/\/recettes-gourmandes-de-joce.fr\/wp-content\/uploads\/2024\/06\/macaronis-13.jpg 796w, http:\/\/recettes-gourmandes-de-joce.fr\/wp-content\/uploads\/2024\/06\/macaronis-13-768x539.jpg 768w, http:\/\/recettes-gourmandes-de-joce.fr\/wp-content\/uploads\/2024\/06\/macaronis-13-750x527.jpg 750w\" sizes=\"auto, (max-width: 235px) 100vw, 235px\" \/><\/em><\/span><\/p>\n<p style=\"text-align: center;\"><span style=\"font-size: 14pt; font-family: georgia, palatino, serif; color: #993366;\"><em>Ajouter la cr\u00e8me, m\u00e9langer, saler et poivrer. S\u00e9parer le blanc du jaune de l\u2019\u0153uf et ajouter le jaune dans la cr\u00e8me, m\u00e9langer vivement (r\u00e9server le blanc pour autre chose ou congeler le !). Verser la sauce dans les lardons.<\/em><\/span><\/p>\n<p style=\"text-align: center;\"><span style=\"font-size: 14pt; font-family: georgia, palatino, serif; color: #993366;\"><em>\u00a0 <img loading=\"lazy\" decoding=\"async\" class=\"alignnone wp-image-83462\" src=\"http:\/\/recettes-gourmandes-de-joce.fr\/wp-content\/uploads\/2024\/06\/macaronis-14.jpg\" alt=\"\" width=\"233\" height=\"165\" srcset=\"http:\/\/recettes-gourmandes-de-joce.fr\/wp-content\/uploads\/2024\/06\/macaronis-14.jpg 798w, http:\/\/recettes-gourmandes-de-joce.fr\/wp-content\/uploads\/2024\/06\/macaronis-14-768x545.jpg 768w, http:\/\/recettes-gourmandes-de-joce.fr\/wp-content\/uploads\/2024\/06\/macaronis-14-750x532.jpg 750w\" sizes=\"auto, (max-width: 233px) 100vw, 233px\" \/> <img loading=\"lazy\" decoding=\"async\" class=\"alignnone wp-image-83463\" src=\"http:\/\/recettes-gourmandes-de-joce.fr\/wp-content\/uploads\/2024\/06\/macaronis-15.jpg\" alt=\"\" width=\"226\" height=\"165\" srcset=\"http:\/\/recettes-gourmandes-de-joce.fr\/wp-content\/uploads\/2024\/06\/macaronis-15.jpg 768w, http:\/\/recettes-gourmandes-de-joce.fr\/wp-content\/uploads\/2024\/06\/macaronis-15-750x548.jpg 750w\" sizes=\"auto, (max-width: 226px) 100vw, 226px\" \/> <img loading=\"lazy\" decoding=\"async\" class=\"alignnone wp-image-83464\" src=\"http:\/\/recettes-gourmandes-de-joce.fr\/wp-content\/uploads\/2024\/06\/macaronis-16.jpg\" alt=\"\" width=\"234\" height=\"165\" srcset=\"http:\/\/recettes-gourmandes-de-joce.fr\/wp-content\/uploads\/2024\/06\/macaronis-16.jpg 796w, http:\/\/recettes-gourmandes-de-joce.fr\/wp-content\/uploads\/2024\/06\/macaronis-16-768x541.jpg 768w, http:\/\/recettes-gourmandes-de-joce.fr\/wp-content\/uploads\/2024\/06\/macaronis-16-750x529.jpg 750w\" sizes=\"auto, (max-width: 234px) 100vw, 234px\" \/><\/em><\/span><\/p>\n<p style=\"text-align: center;\"><span style=\"font-size: 14pt; font-family: georgia, palatino, serif; color: #993366;\"><em>Bien m\u00e9langer, ajouter les \u00be du persil et m\u00e9langer, rectifier l&rsquo;assaisonnement et maintenir au chaud le temps de la cuisson des macaronis.<\/em><\/span><\/p>\n<p style=\"text-align: center;\"><span style=\"font-size: 14pt; font-family: georgia, palatino, serif; color: #993366;\"><em><img loading=\"lazy\" decoding=\"async\" class=\"alignnone wp-image-46265 lazy-loaded\" src=\"http:\/\/recettes-gourmandes-de-joce.fr\/wp-content\/uploads\/2022\/08\/20210117_194817-300x243.jpg\" sizes=\"auto, (max-width: 210px) 100vw, 210px\" srcset=\"http:\/\/recettes-gourmandes-de-joce.fr\/wp-content\/uploads\/2022\/08\/20210117_194817-300x243.jpg 300w, http:\/\/recettes-gourmandes-de-joce.fr\/wp-content\/uploads\/2022\/08\/20210117_194817-768x623.jpg 768w, http:\/\/recettes-gourmandes-de-joce.fr\/wp-content\/uploads\/2022\/08\/20210117_194817-750x608.jpg 750w, http:\/\/recettes-gourmandes-de-joce.fr\/wp-content\/uploads\/2022\/08\/20210117_194817.jpg 800w\" alt=\"\" width=\"210\" height=\"170\" data-lazy-type=\"image\" data-src=\"http:\/\/recettes-gourmandes-de-joce.fr\/wp-content\/uploads\/2022\/08\/20210117_194817-300x243.jpg\" data-srcset=\"\" \/>\u00a0<img loading=\"lazy\" decoding=\"async\" class=\"alignnone wp-image-61231 lazy-loaded\" src=\"http:\/\/recettes-gourmandes-de-joce.fr\/wp-content\/uploads\/2024\/03\/20240311_193532.jpg\" sizes=\"auto, (max-width: 177px) 100vw, 177px\" srcset=\"http:\/\/recettes-gourmandes-de-joce.fr\/wp-content\/uploads\/2024\/03\/20240311_193532.jpg 800w, http:\/\/recettes-gourmandes-de-joce.fr\/wp-content\/uploads\/2024\/03\/20240311_193532-768x736.jpg 768w, http:\/\/recettes-gourmandes-de-joce.fr\/wp-content\/uploads\/2024\/03\/20240311_193532-750x719.jpg 750w\" alt=\"\" width=\"177\" height=\"170\" data-lazy-type=\"image\" data-src=\"http:\/\/recettes-gourmandes-de-joce.fr\/wp-content\/uploads\/2024\/03\/20240311_193532.jpg\" data-srcset=\"\" \/>\u00a0<img loading=\"lazy\" decoding=\"async\" class=\"alignnone wp-image-37586 lazy-loaded\" src=\"http:\/\/recettes-gourmandes-de-joce.fr\/wp-content\/uploads\/2021\/07\/20210117_200906-300x225.jpg\" sizes=\"auto, (max-width: 227px) 100vw, 227px\" srcset=\"http:\/\/recettes-gourmandes-de-joce.fr\/wp-content\/uploads\/2021\/07\/20210117_200906-300x225.jpg 300w, http:\/\/recettes-gourmandes-de-joce.fr\/wp-content\/uploads\/2021\/07\/20210117_200906-768x576.jpg 768w, http:\/\/recettes-gourmandes-de-joce.fr\/wp-content\/uploads\/2021\/07\/20210117_200906-750x563.jpg 750w, http:\/\/recettes-gourmandes-de-joce.fr\/wp-content\/uploads\/2021\/07\/20210117_200906.jpg 800w\" alt=\"\" width=\"227\" height=\"170\" data-lazy-type=\"image\" data-src=\"http:\/\/recettes-gourmandes-de-joce.fr\/wp-content\/uploads\/2021\/07\/20210117_200906-300x225.jpg\" data-srcset=\"\" \/>\u00a0\u00a0<\/em><\/span><\/p>\n<p style=\"text-align: center;\"><span style=\"font-size: 14pt; font-family: georgia, palatino, serif; color: #993366;\"><em>Mettre une marmite d\u2019eau sal\u00e9e \u00e0 chauffer, \u00e0 l\u2019\u00e9bullition mettre les macaronis \u00e0 cuire. <\/em><em>Lorsqu\u2019ils sont cuits les \u00e9goutter, les r\u00e9partir dans les assiettes, verser la sauce dessus, r\u00e2per le pecorino et l&rsquo;ajouter sur les macaronis, parsemer du persil cisel\u00e9 restant. Servir sans attendre.<\/em><\/span><\/p>\n<p style=\"text-align: center;\"><span style=\"font-size: 14pt; font-family: georgia, palatino, serif; color: #993366;\"><em>Bon app\u00e9tit\u00a0!<\/em><\/span><\/p>\n<p style=\"text-align: center;\"><span style=\"color: #993366;\"><img loading=\"lazy\" decoding=\"async\" class=\"alignnone wp-image-83467\" src=\"http:\/\/recettes-gourmandes-de-joce.fr\/wp-content\/uploads\/2024\/06\/macaronis-19.jpg\" alt=\"\" width=\"253\" height=\"180\" srcset=\"http:\/\/recettes-gourmandes-de-joce.fr\/wp-content\/uploads\/2024\/06\/macaronis-19.jpg 797w, http:\/\/recettes-gourmandes-de-joce.fr\/wp-content\/uploads\/2024\/06\/macaronis-19-768x545.jpg 768w, http:\/\/recettes-gourmandes-de-joce.fr\/wp-content\/uploads\/2024\/06\/macaronis-19-750x533.jpg 750w\" sizes=\"auto, (max-width: 253px) 100vw, 253px\" \/><\/span><\/p>\n<p style=\"text-align: center;\"><span style=\"color: #993366;\"><img loading=\"lazy\" decoding=\"async\" class=\"alignnone wp-image-83470\" src=\"http:\/\/recettes-gourmandes-de-joce.fr\/wp-content\/uploads\/2024\/06\/macaronis-22.jpg\" alt=\"\" width=\"279\" height=\"180\" srcset=\"http:\/\/recettes-gourmandes-de-joce.fr\/wp-content\/uploads\/2024\/06\/macaronis-22.jpg 788w, http:\/\/recettes-gourmandes-de-joce.fr\/wp-content\/uploads\/2024\/06\/macaronis-22-768x495.jpg 768w, http:\/\/recettes-gourmandes-de-joce.fr\/wp-content\/uploads\/2024\/06\/macaronis-22-750x484.jpg 750w\" sizes=\"auto, (max-width: 279px) 100vw, 279px\" \/>\u00a0<img loading=\"lazy\" decoding=\"async\" class=\"alignnone wp-image-83466\" src=\"http:\/\/recettes-gourmandes-de-joce.fr\/wp-content\/uploads\/2024\/06\/macaronis-18.jpg\" alt=\"\" width=\"257\" height=\"180\" srcset=\"http:\/\/recettes-gourmandes-de-joce.fr\/wp-content\/uploads\/2024\/06\/macaronis-18.jpg 798w, http:\/\/recettes-gourmandes-de-joce.fr\/wp-content\/uploads\/2024\/06\/macaronis-18-768x539.jpg 768w, http:\/\/recettes-gourmandes-de-joce.fr\/wp-content\/uploads\/2024\/06\/macaronis-18-750x526.jpg 750w\" sizes=\"auto, (max-width: 257px) 100vw, 257px\" \/><\/span><\/p>\n<p style=\"text-align: center;\"><span style=\"color: #993366;\"><img loading=\"lazy\" decoding=\"async\" class=\"alignnone size-full wp-image-59803\" src=\"http:\/\/recettes-gourmandes-de-joce.fr\/wp-content\/uploads\/2024\/01\/logitech-gaming-software-14112014-121223.jpg\" alt=\"\" width=\"640\" height=\"144\" \/><\/span><\/p>\n<p><span style=\"font-size: 14pt; font-family: georgia, palatino, serif; color: #993366;\"><em>\u00a0\u00a0<\/em><\/span><\/p>\n","protected":false},"excerpt":{"rendered":"<p>Une de mes recettes Ingr\u00e9dients pour 4 personnes 450 g de macaronis 1 morceau de pecorino 200 g de lardons fum\u00e9s 15 cl de cr\u00e8me fra\u00eeche liquide\u00a0 1 bouquet de persil plat 50 g de beurre 2 gousses d\u2019ail 1 oignon 1 \u0153uf 1 morceau de beurre pour la cuisson Sel et poivre Peler et &hellip; <\/p>\n<p><a class=\"more-link btn\" href=\"http:\/\/recettes-gourmandes-de-joce.fr\/index.php\/index\/legumes\/pates\/macaronis-a-la-creme-et-aux-lardons\/\">Lire la suite<\/a><\/p>\n","protected":false},"author":2,"featured_media":83465,"parent":160,"menu_order":0,"comment_status":"open","ping_status":"closed","template":"","meta":{"footnotes":""},"class_list":["post-83450","page","type-page","status-publish","has-post-thumbnail","hentry","nodate","item-wrap"],"_links":{"self":[{"href":"http:\/\/recettes-gourmandes-de-joce.fr\/index.php\/wp-json\/wp\/v2\/pages\/83450","targetHints":{"allow":["GET"]}}],"collection":[{"href":"http:\/\/recettes-gourmandes-de-joce.fr\/index.php\/wp-json\/wp\/v2\/pages"}],"about":[{"href":"http:\/\/recettes-gourmandes-de-joce.fr\/index.php\/wp-json\/wp\/v2\/types\/page"}],"author":[{"embeddable":true,"href":"http:\/\/recettes-gourmandes-de-joce.fr\/index.php\/wp-json\/wp\/v2\/users\/2"}],"replies":[{"embeddable":true,"href":"http:\/\/recettes-gourmandes-de-joce.fr\/index.php\/wp-json\/wp\/v2\/comments?post=83450"}],"version-history":[{"count":2,"href":"http:\/\/recettes-gourmandes-de-joce.fr\/index.php\/wp-json\/wp\/v2\/pages\/83450\/revisions"}],"predecessor-version":[{"id":83473,"href":"http:\/\/recettes-gourmandes-de-joce.fr\/index.php\/wp-json\/wp\/v2\/pages\/83450\/revisions\/83473"}],"up":[{"embeddable":true,"href":"http:\/\/recettes-gourmandes-de-joce.fr\/index.php\/wp-json\/wp\/v2\/pages\/160"}],"wp:featuredmedia":[{"embeddable":true,"href":"http:\/\/recettes-gourmandes-de-joce.fr\/index.php\/wp-json\/wp\/v2\/media\/83465"}],"wp:attachment":[{"href":"http:\/\/recettes-gourmandes-de-joce.fr\/index.php\/wp-json\/wp\/v2\/media?parent=83450"}],"curies":[{"name":"wp","href":"https:\/\/api.w.org\/{rel}","templated":true}]}}