{"id":83341,"date":"2024-05-29T21:01:16","date_gmt":"2024-05-29T21:01:16","guid":{"rendered":"http:\/\/recettes-gourmandes-de-joce.fr\/?page_id=83341"},"modified":"2024-08-16T12:51:58","modified_gmt":"2024-08-16T12:51:58","slug":"saucisses-de-toulouse-epicees-aux-poivrons-oignons-riz","status":"publish","type":"page","link":"http:\/\/recettes-gourmandes-de-joce.fr\/index.php\/index\/viandes\/saucisses-chipolatas-merguez-andouille-etc\/saucisses-de-toulouse-epicees-aux-poivrons-oignons-riz\/","title":{"rendered":"Saucisses de Toulouse \u00e9pic\u00e9es aux poivrons, oignons, riz."},"content":{"rendered":"<p style=\"text-align: center;\"><span style=\"text-decoration: underline; color: #ff3700;\"><span style=\"font-size: 18pt; font-family: georgia, palatino, serif;\"><em>Une de mes recettes<\/em><\/span><\/span><\/p>\n<p style=\"text-align: center;\"><span style=\"color: #ff3700;\"><img loading=\"lazy\" decoding=\"async\" class=\"alignnone wp-image-83323\" src=\"http:\/\/recettes-gourmandes-de-joce.fr\/wp-content\/uploads\/2024\/05\/20240529_200210.jpg\" alt=\"\" width=\"240\" height=\"180\" srcset=\"http:\/\/recettes-gourmandes-de-joce.fr\/wp-content\/uploads\/2024\/05\/20240529_200210.jpg 800w, http:\/\/recettes-gourmandes-de-joce.fr\/wp-content\/uploads\/2024\/05\/20240529_200210-768x576.jpg 768w, http:\/\/recettes-gourmandes-de-joce.fr\/wp-content\/uploads\/2024\/05\/20240529_200210-750x563.jpg 750w\" sizes=\"auto, (max-width: 240px) 100vw, 240px\" \/> <img loading=\"lazy\" decoding=\"async\" class=\"alignnone wp-image-83326\" src=\"http:\/\/recettes-gourmandes-de-joce.fr\/wp-content\/uploads\/2024\/05\/20240529_200244.jpg\" alt=\"\" width=\"240\" height=\"180\" srcset=\"http:\/\/recettes-gourmandes-de-joce.fr\/wp-content\/uploads\/2024\/05\/20240529_200244.jpg 800w, http:\/\/recettes-gourmandes-de-joce.fr\/wp-content\/uploads\/2024\/05\/20240529_200244-768x576.jpg 768w, http:\/\/recettes-gourmandes-de-joce.fr\/wp-content\/uploads\/2024\/05\/20240529_200244-750x563.jpg 750w\" sizes=\"auto, (max-width: 240px) 100vw, 240px\" \/> <img loading=\"lazy\" decoding=\"async\" class=\"alignnone wp-image-83325\" src=\"http:\/\/recettes-gourmandes-de-joce.fr\/wp-content\/uploads\/2024\/05\/20240529_200240.jpg\" alt=\"\" width=\"240\" height=\"180\" srcset=\"http:\/\/recettes-gourmandes-de-joce.fr\/wp-content\/uploads\/2024\/05\/20240529_200240.jpg 800w, http:\/\/recettes-gourmandes-de-joce.fr\/wp-content\/uploads\/2024\/05\/20240529_200240-768x576.jpg 768w, http:\/\/recettes-gourmandes-de-joce.fr\/wp-content\/uploads\/2024\/05\/20240529_200240-750x563.jpg 750w\" sizes=\"auto, (max-width: 240px) 100vw, 240px\" \/>\u00a0<\/span><\/p>\n<p style=\"text-align: center;\"><span style=\"text-decoration: underline; color: #ff3700;\"><span style=\"font-size: 18pt; font-family: georgia, palatino, serif;\"><em> Ingr\u00e9dients pour 2 personnes<\/em><\/span><\/span><\/p>\n<p style=\"text-align: center;\"><span style=\"color: #ff3700;\"><img loading=\"lazy\" decoding=\"async\" class=\"alignnone wp-image-83327\" src=\"http:\/\/recettes-gourmandes-de-joce.fr\/wp-content\/uploads\/2024\/05\/20240529_192838.jpg\" alt=\"\" width=\"191\" height=\"200\" srcset=\"http:\/\/recettes-gourmandes-de-joce.fr\/wp-content\/uploads\/2024\/05\/20240529_192838.jpg 765w, http:\/\/recettes-gourmandes-de-joce.fr\/wp-content\/uploads\/2024\/05\/20240529_192838-750x784.jpg 750w\" sizes=\"auto, (max-width: 191px) 100vw, 191px\" \/><\/span><\/p>\n<p style=\"text-align: center;\"><span style=\"font-family: georgia, palatino, serif; color: #ff3700;\"><em><span style=\"font-size: 14pt;\">2 saucisses de Toulouse<\/span><\/em><\/span><\/p>\n<p style=\"text-align: center;\"><span style=\"font-family: georgia, palatino, serif; color: #ff3700;\"><em><span style=\"font-size: 14pt;\"> 1 poivron rouge<\/span><\/em><\/span><\/p>\n<p style=\"text-align: center;\"><span style=\"font-family: georgia, palatino, serif; color: #ff3700;\"><em><span style=\"font-size: 14pt;\"> 2 oignons<\/span><\/em><\/span><\/p>\n<p style=\"text-align: center;\"><span style=\"font-family: georgia, palatino, serif; color: #ff3700;\"><em><span style=\"font-size: 14pt;\"> La tige d&rsquo;un oignon blanc<\/span><\/em><\/span><\/p>\n<p style=\"text-align: center;\"><span style=\"font-family: georgia, palatino, serif; color: #ff3700;\"><em><span style=\"font-size: 14pt;\"> 1 cube de bouillon de volaille<\/span><\/em><\/span><\/p>\n<p style=\"text-align: center;\"><span style=\"font-family: georgia, palatino, serif; color: #ff3700;\"><em><span style=\"font-size: 14pt;\"> 100 g de riz long <\/span><\/em><\/span><\/p>\n<p style=\"text-align: center;\"><span style=\"font-family: georgia, palatino, serif; color: #ff3700;\"><em><span style=\"font-size: 14pt;\">1 c \u00e0 s rase de Raz el hanout d\u00e9tails sur ce lien -&gt; \u00c9pic\u00e9too <\/span><\/em><\/span><\/p>\n<p style=\"text-align: center;\"><span style=\"font-family: georgia, palatino, serif; color: #ff3700;\"><em><span style=\"font-size: 14pt;\">1 c \u00e0 s de persil plat cisel\u00e9 <\/span><\/em><\/span><\/p>\n<p style=\"text-align: center;\"><span style=\"font-family: georgia, palatino, serif; color: #ff3700;\"><em><span style=\"font-size: 14pt;\">\u00bd verre d&rsquo;eau<\/span><\/em><\/span><\/p>\n<p style=\"text-align: center;\"><span style=\"font-family: georgia, palatino, serif; color: #ff3700;\"><em><span style=\"font-size: 14pt;\">Huile d&rsquo;olive <\/span><\/em><\/span><\/p>\n<p style=\"text-align: center;\"><span style=\"font-family: georgia, palatino, serif; color: #ff3700;\"><em><span style=\"font-size: 14pt;\">Sel et poivre<\/span><\/em><\/span><\/p>\n<p style=\"text-align: center;\"><span style=\"color: #ff3700;\"><img loading=\"lazy\" decoding=\"async\" class=\"alignnone wp-image-83328\" src=\"http:\/\/recettes-gourmandes-de-joce.fr\/wp-content\/uploads\/2024\/05\/20240529_193359.jpg\" alt=\"\" width=\"217\" height=\"170\" srcset=\"http:\/\/recettes-gourmandes-de-joce.fr\/wp-content\/uploads\/2024\/05\/20240529_193359.jpg 800w, http:\/\/recettes-gourmandes-de-joce.fr\/wp-content\/uploads\/2024\/05\/20240529_193359-768x603.jpg 768w, http:\/\/recettes-gourmandes-de-joce.fr\/wp-content\/uploads\/2024\/05\/20240529_193359-750x589.jpg 750w\" sizes=\"auto, (max-width: 217px) 100vw, 217px\" \/> <img loading=\"lazy\" decoding=\"async\" class=\"alignnone wp-image-83319\" src=\"http:\/\/recettes-gourmandes-de-joce.fr\/wp-content\/uploads\/2024\/05\/20240529_200119.jpg\" alt=\"\" width=\"227\" height=\"170\" srcset=\"http:\/\/recettes-gourmandes-de-joce.fr\/wp-content\/uploads\/2024\/05\/20240529_200119.jpg 800w, http:\/\/recettes-gourmandes-de-joce.fr\/wp-content\/uploads\/2024\/05\/20240529_200119-768x576.jpg 768w, http:\/\/recettes-gourmandes-de-joce.fr\/wp-content\/uploads\/2024\/05\/20240529_200119-750x563.jpg 750w\" sizes=\"auto, (max-width: 227px) 100vw, 227px\" \/>\u00a0<img loading=\"lazy\" decoding=\"async\" class=\"alignnone wp-image-83330\" src=\"http:\/\/recettes-gourmandes-de-joce.fr\/wp-content\/uploads\/2024\/05\/20240529_193623.jpg\" alt=\"\" width=\"207\" height=\"170\" srcset=\"http:\/\/recettes-gourmandes-de-joce.fr\/wp-content\/uploads\/2024\/05\/20240529_193623.jpg 800w, http:\/\/recettes-gourmandes-de-joce.fr\/wp-content\/uploads\/2024\/05\/20240529_193623-768x630.jpg 768w, http:\/\/recettes-gourmandes-de-joce.fr\/wp-content\/uploads\/2024\/05\/20240529_193623-750x615.jpg 750w\" sizes=\"auto, (max-width: 207px) 100vw, 207px\" \/><\/span><\/p>\n<p style=\"text-align: center;\"><span style=\"font-family: georgia, palatino, serif; font-size: 14pt; color: #ff3700;\"><em>Laver et couper le poivron en petits morceaux, peler et \u00e9mincer les oignons, ciseler la tige d&rsquo;oignon, couper les saucisses en 10 morceaux chacune. Laver et ciseler le persil. Mettre le riz \u00e0 cuire dans une marmite d&rsquo;eau sal\u00e9e avec le cube de bouillon de volaille \u00e0 \u00e9bullition.<\/em><\/span><\/p>\n<p style=\"text-align: center;\"><span style=\"color: #ff3700;\"><img loading=\"lazy\" decoding=\"async\" class=\"alignnone wp-image-83329\" src=\"http:\/\/recettes-gourmandes-de-joce.fr\/wp-content\/uploads\/2024\/05\/20240529_193621.jpg\" alt=\"\" width=\"227\" height=\"170\" srcset=\"http:\/\/recettes-gourmandes-de-joce.fr\/wp-content\/uploads\/2024\/05\/20240529_193621.jpg 800w, http:\/\/recettes-gourmandes-de-joce.fr\/wp-content\/uploads\/2024\/05\/20240529_193621-768x576.jpg 768w, http:\/\/recettes-gourmandes-de-joce.fr\/wp-content\/uploads\/2024\/05\/20240529_193621-750x563.jpg 750w\" sizes=\"auto, (max-width: 227px) 100vw, 227px\" \/> <img loading=\"lazy\" decoding=\"async\" class=\"alignnone wp-image-83331\" src=\"http:\/\/recettes-gourmandes-de-joce.fr\/wp-content\/uploads\/2024\/05\/20240529_193721.jpg\" alt=\"\" width=\"227\" height=\"170\" srcset=\"http:\/\/recettes-gourmandes-de-joce.fr\/wp-content\/uploads\/2024\/05\/20240529_193721.jpg 800w, http:\/\/recettes-gourmandes-de-joce.fr\/wp-content\/uploads\/2024\/05\/20240529_193721-768x576.jpg 768w, http:\/\/recettes-gourmandes-de-joce.fr\/wp-content\/uploads\/2024\/05\/20240529_193721-750x563.jpg 750w\" sizes=\"auto, (max-width: 227px) 100vw, 227px\" \/> <img loading=\"lazy\" decoding=\"async\" class=\"alignnone wp-image-83332\" src=\"http:\/\/recettes-gourmandes-de-joce.fr\/wp-content\/uploads\/2024\/05\/20240529_194030.jpg\" alt=\"\" width=\"227\" height=\"170\" srcset=\"http:\/\/recettes-gourmandes-de-joce.fr\/wp-content\/uploads\/2024\/05\/20240529_194030.jpg 800w, http:\/\/recettes-gourmandes-de-joce.fr\/wp-content\/uploads\/2024\/05\/20240529_194030-768x576.jpg 768w, http:\/\/recettes-gourmandes-de-joce.fr\/wp-content\/uploads\/2024\/05\/20240529_194030-750x563.jpg 750w\" sizes=\"auto, (max-width: 227px) 100vw, 227px\" \/>\u00a0<\/span><\/p>\n<p style=\"text-align: center;\"><span style=\"font-size: 14pt; font-family: georgia, palatino, serif; color: #ff3700;\"><em>Dans une sauteuse, mettre un filet d&rsquo;huile d&rsquo;olive \u00e0 chauffer, y faire dorer les morceaux de saucisse sur toutes les faces.<\/em><\/span><\/p>\n<p style=\"text-align: center;\"><span style=\"font-family: georgia, palatino, serif; color: #ff3700;\"><img loading=\"lazy\" decoding=\"async\" class=\"alignnone wp-image-83333\" src=\"http:\/\/recettes-gourmandes-de-joce.fr\/wp-content\/uploads\/2024\/05\/20240529_194052.jpg\" alt=\"\" width=\"227\" height=\"170\" srcset=\"http:\/\/recettes-gourmandes-de-joce.fr\/wp-content\/uploads\/2024\/05\/20240529_194052.jpg 800w, http:\/\/recettes-gourmandes-de-joce.fr\/wp-content\/uploads\/2024\/05\/20240529_194052-768x576.jpg 768w, http:\/\/recettes-gourmandes-de-joce.fr\/wp-content\/uploads\/2024\/05\/20240529_194052-750x563.jpg 750w\" sizes=\"auto, (max-width: 227px) 100vw, 227px\" \/> <img loading=\"lazy\" decoding=\"async\" class=\"alignnone wp-image-83334\" src=\"http:\/\/recettes-gourmandes-de-joce.fr\/wp-content\/uploads\/2024\/05\/20240529_194131.jpg\" alt=\"\" width=\"227\" height=\"170\" srcset=\"http:\/\/recettes-gourmandes-de-joce.fr\/wp-content\/uploads\/2024\/05\/20240529_194131.jpg 800w, http:\/\/recettes-gourmandes-de-joce.fr\/wp-content\/uploads\/2024\/05\/20240529_194131-768x576.jpg 768w, http:\/\/recettes-gourmandes-de-joce.fr\/wp-content\/uploads\/2024\/05\/20240529_194131-750x563.jpg 750w\" sizes=\"auto, (max-width: 227px) 100vw, 227px\" \/><em><span style=\"font-size: 14pt;\">\u00a0<img loading=\"lazy\" decoding=\"async\" class=\"alignnone wp-image-83335\" src=\"http:\/\/recettes-gourmandes-de-joce.fr\/wp-content\/uploads\/2024\/05\/20240529_194148.jpg\" alt=\"\" width=\"227\" height=\"170\" srcset=\"http:\/\/recettes-gourmandes-de-joce.fr\/wp-content\/uploads\/2024\/05\/20240529_194148.jpg 800w, http:\/\/recettes-gourmandes-de-joce.fr\/wp-content\/uploads\/2024\/05\/20240529_194148-768x576.jpg 768w, http:\/\/recettes-gourmandes-de-joce.fr\/wp-content\/uploads\/2024\/05\/20240529_194148-750x563.jpg 750w\" sizes=\"auto, (max-width: 227px) 100vw, 227px\" \/><\/span><\/em><\/span><\/p>\n<p style=\"text-align: center;\"><span style=\"color: #ff3700;\"><em><span style=\"font-family: georgia, palatino, serif; font-size: 14pt;\">Ajouter ensuite les oignons et les faire suer, lorsqu&rsquo;ils commencent \u00e0 colorer ajouter les poivrons. M\u00e9langer et laisser suer 5 minutes environ en remuant r\u00e9guli\u00e8rement.<\/span><\/em><\/span><\/p>\n<p style=\"text-align: center;\"><span style=\"color: #ff3700;\"><em><span style=\"font-family: georgia, palatino, serif; font-size: 14pt;\"><img loading=\"lazy\" decoding=\"async\" class=\"alignnone wp-image-83336\" src=\"http:\/\/recettes-gourmandes-de-joce.fr\/wp-content\/uploads\/2024\/05\/20240529_194244.jpg\" alt=\"\" width=\"227\" height=\"170\" srcset=\"http:\/\/recettes-gourmandes-de-joce.fr\/wp-content\/uploads\/2024\/05\/20240529_194244.jpg 800w, http:\/\/recettes-gourmandes-de-joce.fr\/wp-content\/uploads\/2024\/05\/20240529_194244-768x576.jpg 768w, http:\/\/recettes-gourmandes-de-joce.fr\/wp-content\/uploads\/2024\/05\/20240529_194244-750x563.jpg 750w\" sizes=\"auto, (max-width: 227px) 100vw, 227px\" \/> <img loading=\"lazy\" decoding=\"async\" class=\"alignnone wp-image-83337\" src=\"http:\/\/recettes-gourmandes-de-joce.fr\/wp-content\/uploads\/2024\/05\/20240529_194334.jpg\" alt=\"\" width=\"227\" height=\"170\" srcset=\"http:\/\/recettes-gourmandes-de-joce.fr\/wp-content\/uploads\/2024\/05\/20240529_194334.jpg 800w, http:\/\/recettes-gourmandes-de-joce.fr\/wp-content\/uploads\/2024\/05\/20240529_194334-768x576.jpg 768w, http:\/\/recettes-gourmandes-de-joce.fr\/wp-content\/uploads\/2024\/05\/20240529_194334-750x563.jpg 750w\" sizes=\"auto, (max-width: 227px) 100vw, 227px\" \/> <img loading=\"lazy\" decoding=\"async\" class=\"alignnone wp-image-83338\" src=\"http:\/\/recettes-gourmandes-de-joce.fr\/wp-content\/uploads\/2024\/05\/20240529_194442.jpg\" alt=\"\" width=\"227\" height=\"170\" srcset=\"http:\/\/recettes-gourmandes-de-joce.fr\/wp-content\/uploads\/2024\/05\/20240529_194442.jpg 800w, http:\/\/recettes-gourmandes-de-joce.fr\/wp-content\/uploads\/2024\/05\/20240529_194442-768x576.jpg 768w, http:\/\/recettes-gourmandes-de-joce.fr\/wp-content\/uploads\/2024\/05\/20240529_194442-750x563.jpg 750w\" sizes=\"auto, (max-width: 227px) 100vw, 227px\" \/><\/span><\/em><\/span><\/p>\n<p style=\"text-align: center;\"><span style=\"color: #ff3700;\"><em><span style=\"font-family: georgia, palatino, serif; font-size: 14pt;\">Saler et poivrer, ajouter les \u00e9pices, m\u00e9langer, ajouter le demi verre d&rsquo;eau et m\u00e9langer \u00e0 nouveau. laisser encore mijoter 5 minutes \u00e0 feu doux.<\/span><\/em><\/span><\/p>\n<p style=\"text-align: center;\"><span style=\"color: #ff3700;\"><img loading=\"lazy\" decoding=\"async\" class=\"alignnone wp-image-83339\" src=\"http:\/\/recettes-gourmandes-de-joce.fr\/wp-content\/uploads\/2024\/05\/20240529_194516.jpg\" alt=\"\" width=\"227\" height=\"170\" srcset=\"http:\/\/recettes-gourmandes-de-joce.fr\/wp-content\/uploads\/2024\/05\/20240529_194516.jpg 800w, http:\/\/recettes-gourmandes-de-joce.fr\/wp-content\/uploads\/2024\/05\/20240529_194516-768x576.jpg 768w, http:\/\/recettes-gourmandes-de-joce.fr\/wp-content\/uploads\/2024\/05\/20240529_194516-750x563.jpg 750w\" sizes=\"auto, (max-width: 227px) 100vw, 227px\" \/> <img loading=\"lazy\" decoding=\"async\" class=\"alignnone wp-image-47637\" src=\"http:\/\/recettes-gourmandes-de-joce.fr\/wp-content\/uploads\/2022\/12\/P7240144-001-300x224.jpg\" alt=\"\" width=\"227\" height=\"170\" srcset=\"http:\/\/recettes-gourmandes-de-joce.fr\/wp-content\/uploads\/2022\/12\/P7240144-001-300x224.jpg 300w, http:\/\/recettes-gourmandes-de-joce.fr\/wp-content\/uploads\/2022\/12\/P7240144-001.jpg 550w\" sizes=\"auto, (max-width: 227px) 100vw, 227px\" \/>\u00a0 <img loading=\"lazy\" decoding=\"async\" class=\"alignnone wp-image-83340\" src=\"http:\/\/recettes-gourmandes-de-joce.fr\/wp-content\/uploads\/2024\/05\/20240529_195956.jpg\" alt=\"\" width=\"227\" height=\"170\" srcset=\"http:\/\/recettes-gourmandes-de-joce.fr\/wp-content\/uploads\/2024\/05\/20240529_195956.jpg 800w, http:\/\/recettes-gourmandes-de-joce.fr\/wp-content\/uploads\/2024\/05\/20240529_195956-768x576.jpg 768w, http:\/\/recettes-gourmandes-de-joce.fr\/wp-content\/uploads\/2024\/05\/20240529_195956-750x563.jpg 750w\" sizes=\"auto, (max-width: 227px) 100vw, 227px\" \/><\/span><\/p>\n<p style=\"text-align: center;\"><span style=\"color: #ff3700; font-size: 14pt;\"><span style=\"font-family: georgia, palatino, serif;\"><em>Arr\u00eater la cuisson, ajouter les tiges de l&rsquo;oignon et m\u00e9langer. \u00c9goutter le riz, l&rsquo;ajouter aux saucisses, m\u00e9langer et parsemer de persil juste avant de servir.<\/em><\/span><\/span><\/p>\n<p style=\"text-align: center;\"><span style=\"color: #ff3700; font-size: 14pt;\"><span style=\"font-family: georgia, palatino, serif;\"><em>Bon app\u00e9tit!<\/em><\/span><\/span><\/p>\n<p style=\"text-align: center;\"><span style=\"color: #ff3700;\"><img loading=\"lazy\" decoding=\"async\" class=\"alignnone wp-image-83322\" src=\"http:\/\/recettes-gourmandes-de-joce.fr\/wp-content\/uploads\/2024\/05\/20240529_200208.jpg\" alt=\"\" width=\"240\" height=\"180\" srcset=\"http:\/\/recettes-gourmandes-de-joce.fr\/wp-content\/uploads\/2024\/05\/20240529_200208.jpg 800w, http:\/\/recettes-gourmandes-de-joce.fr\/wp-content\/uploads\/2024\/05\/20240529_200208-768x576.jpg 768w, http:\/\/recettes-gourmandes-de-joce.fr\/wp-content\/uploads\/2024\/05\/20240529_200208-750x563.jpg 750w\" sizes=\"auto, (max-width: 240px) 100vw, 240px\" \/> <img loading=\"lazy\" decoding=\"async\" class=\"alignnone wp-image-83324\" src=\"http:\/\/recettes-gourmandes-de-joce.fr\/wp-content\/uploads\/2024\/05\/20240529_200219.jpg\" alt=\"\" width=\"240\" height=\"180\" srcset=\"http:\/\/recettes-gourmandes-de-joce.fr\/wp-content\/uploads\/2024\/05\/20240529_200219.jpg 800w, http:\/\/recettes-gourmandes-de-joce.fr\/wp-content\/uploads\/2024\/05\/20240529_200219-768x576.jpg 768w, http:\/\/recettes-gourmandes-de-joce.fr\/wp-content\/uploads\/2024\/05\/20240529_200219-750x563.jpg 750w\" sizes=\"auto, (max-width: 240px) 100vw, 240px\" \/> <img loading=\"lazy\" decoding=\"async\" class=\"alignnone wp-image-83321\" src=\"http:\/\/recettes-gourmandes-de-joce.fr\/wp-content\/uploads\/2024\/05\/20240529_200147.jpg\" alt=\"\" width=\"240\" height=\"180\" srcset=\"http:\/\/recettes-gourmandes-de-joce.fr\/wp-content\/uploads\/2024\/05\/20240529_200147.jpg 800w, http:\/\/recettes-gourmandes-de-joce.fr\/wp-content\/uploads\/2024\/05\/20240529_200147-768x576.jpg 768w, http:\/\/recettes-gourmandes-de-joce.fr\/wp-content\/uploads\/2024\/05\/20240529_200147-750x563.jpg 750w\" sizes=\"auto, (max-width: 240px) 100vw, 240px\" \/><\/span><\/p>\n<p style=\"text-align: center;\"><span style=\"color: #ff3700;\"><img loading=\"lazy\" decoding=\"async\" class=\"alignnone wp-image-37354 size-full\" src=\"http:\/\/recettes-gourmandes-de-joce.fr\/wp-content\/uploads\/2021\/06\/logitech-gaming-software-14112014-121223.jpg\" alt=\"\" width=\"640\" height=\"144\" srcset=\"http:\/\/recettes-gourmandes-de-joce.fr\/wp-content\/uploads\/2021\/06\/logitech-gaming-software-14112014-121223.jpg 640w, http:\/\/recettes-gourmandes-de-joce.fr\/wp-content\/uploads\/2021\/06\/logitech-gaming-software-14112014-121223-300x68.jpg 300w\" sizes=\"auto, (max-width: 640px) 100vw, 640px\" \/><\/span><\/p>\n","protected":false},"excerpt":{"rendered":"<p>Une de mes recettes \u00a0 Ingr\u00e9dients pour 2 personnes 2 saucisses de Toulouse 1 poivron rouge 2 oignons La tige d&rsquo;un oignon blanc 1 cube de bouillon de volaille 100 g de riz long 1 c \u00e0 s rase de Raz el hanout d\u00e9tails sur ce lien -&gt; \u00c9pic\u00e9too 1 c \u00e0 s de persil &hellip; <\/p>\n<p><a class=\"more-link btn\" href=\"http:\/\/recettes-gourmandes-de-joce.fr\/index.php\/index\/viandes\/saucisses-chipolatas-merguez-andouille-etc\/saucisses-de-toulouse-epicees-aux-poivrons-oignons-riz\/\">Lire la suite<\/a><\/p>\n","protected":false},"author":2,"featured_media":83324,"parent":138,"menu_order":0,"comment_status":"open","ping_status":"closed","template":"","meta":{"footnotes":""},"class_list":["post-83341","page","type-page","status-publish","has-post-thumbnail","hentry","nodate","item-wrap"],"_links":{"self":[{"href":"http:\/\/recettes-gourmandes-de-joce.fr\/index.php\/wp-json\/wp\/v2\/pages\/83341","targetHints":{"allow":["GET"]}}],"collection":[{"href":"http:\/\/recettes-gourmandes-de-joce.fr\/index.php\/wp-json\/wp\/v2\/pages"}],"about":[{"href":"http:\/\/recettes-gourmandes-de-joce.fr\/index.php\/wp-json\/wp\/v2\/types\/page"}],"author":[{"embeddable":true,"href":"http:\/\/recettes-gourmandes-de-joce.fr\/index.php\/wp-json\/wp\/v2\/users\/2"}],"replies":[{"embeddable":true,"href":"http:\/\/recettes-gourmandes-de-joce.fr\/index.php\/wp-json\/wp\/v2\/comments?post=83341"}],"version-history":[{"count":2,"href":"http:\/\/recettes-gourmandes-de-joce.fr\/index.php\/wp-json\/wp\/v2\/pages\/83341\/revisions"}],"predecessor-version":[{"id":89592,"href":"http:\/\/recettes-gourmandes-de-joce.fr\/index.php\/wp-json\/wp\/v2\/pages\/83341\/revisions\/89592"}],"up":[{"embeddable":true,"href":"http:\/\/recettes-gourmandes-de-joce.fr\/index.php\/wp-json\/wp\/v2\/pages\/138"}],"wp:featuredmedia":[{"embeddable":true,"href":"http:\/\/recettes-gourmandes-de-joce.fr\/index.php\/wp-json\/wp\/v2\/media\/83324"}],"wp:attachment":[{"href":"http:\/\/recettes-gourmandes-de-joce.fr\/index.php\/wp-json\/wp\/v2\/media?parent=83341"}],"curies":[{"name":"wp","href":"https:\/\/api.w.org\/{rel}","templated":true}]}}