{"id":82500,"date":"2024-05-20T11:38:32","date_gmt":"2024-05-20T11:38:32","guid":{"rendered":"http:\/\/recettes-gourmandes-de-joce.fr\/?page_id=82500"},"modified":"2024-08-16T12:51:49","modified_gmt":"2024-08-16T12:51:49","slug":"gratin-de-pommes-de-terre-au-deux-jambons-et-fromage-de-brebis","status":"publish","type":"page","link":"http:\/\/recettes-gourmandes-de-joce.fr\/index.php\/index\/legumes\/pommes-de-terre\/gratin-de-pommes-de-terre-au-deux-jambons-et-fromage-de-brebis\/","title":{"rendered":"Gratin de pommes de terre au deux jambons et fromage de brebis."},"content":{"rendered":"<p style=\"text-align: center;\"><span style=\"text-decoration: underline; color: #993300;\"><span style=\"font-size: 18pt; font-family: georgia, palatino, serif;\"><em>Une de mes recettes<\/em><\/span><\/span><\/p>\n<p style=\"text-align: center;\"><span style=\"color: #993300;\"><img loading=\"lazy\" decoding=\"async\" class=\"alignnone wp-image-65427\" src=\"http:\/\/recettes-gourmandes-de-joce.fr\/wp-content\/uploads\/2024\/04\/gratin-pdt-brebis16.jpg\" alt=\"\" width=\"240\" height=\"180\" srcset=\"http:\/\/recettes-gourmandes-de-joce.fr\/wp-content\/uploads\/2024\/04\/gratin-pdt-brebis16.jpg 1024w, http:\/\/recettes-gourmandes-de-joce.fr\/wp-content\/uploads\/2024\/04\/gratin-pdt-brebis16-768x576.jpg 768w, http:\/\/recettes-gourmandes-de-joce.fr\/wp-content\/uploads\/2024\/04\/gratin-pdt-brebis16-750x563.jpg 750w\" sizes=\"auto, (max-width: 240px) 100vw, 240px\" \/> <img loading=\"lazy\" decoding=\"async\" class=\"alignnone wp-image-65413\" src=\"http:\/\/recettes-gourmandes-de-joce.fr\/wp-content\/uploads\/2024\/04\/gratin-pdt-brebis-3.jpg\" alt=\"\" width=\"266\" height=\"180\" srcset=\"http:\/\/recettes-gourmandes-de-joce.fr\/wp-content\/uploads\/2024\/04\/gratin-pdt-brebis-3.jpg 1024w, http:\/\/recettes-gourmandes-de-joce.fr\/wp-content\/uploads\/2024\/04\/gratin-pdt-brebis-3-768x520.jpg 768w, http:\/\/recettes-gourmandes-de-joce.fr\/wp-content\/uploads\/2024\/04\/gratin-pdt-brebis-3-750x508.jpg 750w\" sizes=\"auto, (max-width: 266px) 100vw, 266px\" \/> <img loading=\"lazy\" decoding=\"async\" class=\"alignnone wp-image-65428\" src=\"http:\/\/recettes-gourmandes-de-joce.fr\/wp-content\/uploads\/2024\/04\/gratin-pdt-brebis17.jpg\" alt=\"\" width=\"240\" height=\"180\" srcset=\"http:\/\/recettes-gourmandes-de-joce.fr\/wp-content\/uploads\/2024\/04\/gratin-pdt-brebis17.jpg 1024w, http:\/\/recettes-gourmandes-de-joce.fr\/wp-content\/uploads\/2024\/04\/gratin-pdt-brebis17-768x576.jpg 768w, http:\/\/recettes-gourmandes-de-joce.fr\/wp-content\/uploads\/2024\/04\/gratin-pdt-brebis17-750x563.jpg 750w\" sizes=\"auto, (max-width: 240px) 100vw, 240px\" \/><\/span><\/p>\n<p style=\"text-align: center;\"><span style=\"text-decoration: underline; color: #993300;\"><span style=\"font-size: 18pt; font-family: georgia, palatino, serif;\"><em> Ingr\u00e9dients pour 4 personnes<\/em><\/span><\/span><\/p>\n<p style=\"text-align: center;\"><span style=\"color: #993300;\"><img loading=\"lazy\" decoding=\"async\" class=\"alignnone wp-image-65416\" src=\"http:\/\/recettes-gourmandes-de-joce.fr\/wp-content\/uploads\/2024\/04\/gratin-pdt-brebis4.jpg\" alt=\"\" width=\"267\" height=\"200\" srcset=\"http:\/\/recettes-gourmandes-de-joce.fr\/wp-content\/uploads\/2024\/04\/gratin-pdt-brebis4.jpg 1024w, http:\/\/recettes-gourmandes-de-joce.fr\/wp-content\/uploads\/2024\/04\/gratin-pdt-brebis4-768x576.jpg 768w, http:\/\/recettes-gourmandes-de-joce.fr\/wp-content\/uploads\/2024\/04\/gratin-pdt-brebis4-750x563.jpg 750w\" sizes=\"auto, (max-width: 267px) 100vw, 267px\" \/><\/span><\/p>\n<p style=\"text-align: center;\"><span style=\"font-family: georgia, palatino, serif; color: #993300;\"><em><span style=\"font-size: 14pt;\">3 tranches de jambon blanc<\/span><\/em><\/span><\/p>\n<p style=\"text-align: center;\"><span style=\"font-family: georgia, palatino, serif; color: #993300;\"><em><span style=\"font-size: 14pt;\"> 6 tranches de jambon cru<\/span><\/em><\/span><\/p>\n<p style=\"text-align: center;\"><span style=\"font-family: georgia, palatino, serif; color: #993300;\"><em><span style=\"font-size: 14pt;\"> 1 morceau de fromage de brebis<\/span><\/em><\/span><\/p>\n<p style=\"text-align: center;\"><span style=\"font-family: georgia, palatino, serif; color: #993300;\"><em><span style=\"font-size: 14pt;\"> 50 g de beurre d&rsquo;escargot <\/span><\/em><\/span><\/p>\n<p style=\"text-align: center;\"><span style=\"font-family: georgia, palatino, serif; color: #993300;\"><em><span style=\"font-size: 14pt;\">8 pommes de terre <\/span><\/em><\/span><\/p>\n<p style=\"text-align: center;\"><span style=\"font-family: georgia, palatino, serif; color: #993300;\"><em><span style=\"font-size: 14pt;\">1 brique de cr\u00e8me liquide <\/span><\/em><\/span><\/p>\n<p style=\"text-align: center;\"><span style=\"font-family: georgia, palatino, serif; color: #993300;\"><em><span style=\"font-size: 14pt;\">1 bonne c \u00e0 s d&rsquo;\u00e9pices pour pommes de terre d\u00e9tails sur ce lien -&gt;<span style=\"color: #800080;\"> \u00c9pic\u00e9too <\/span><\/span><\/em><\/span><\/p>\n<p style=\"text-align: center;\"><span style=\"font-family: georgia, palatino, serif; color: #993300;\"><em><span style=\"font-size: 14pt;\">Sel et poivre<\/span><\/em><\/span><\/p>\n<p style=\"text-align: center;\"><span style=\"color: #993300;\"><img loading=\"lazy\" decoding=\"async\" class=\"alignnone wp-image-82501\" src=\"http:\/\/recettes-gourmandes-de-joce.fr\/wp-content\/uploads\/2024\/05\/fromages-1.jpg\" alt=\"\" width=\"221\" height=\"170\" srcset=\"http:\/\/recettes-gourmandes-de-joce.fr\/wp-content\/uploads\/2024\/05\/fromages-1.jpg 800w, http:\/\/recettes-gourmandes-de-joce.fr\/wp-content\/uploads\/2024\/05\/fromages-1-768x591.jpg 768w, http:\/\/recettes-gourmandes-de-joce.fr\/wp-content\/uploads\/2024\/05\/fromages-1-750x578.jpg 750w\" sizes=\"auto, (max-width: 221px) 100vw, 221px\" \/> <img loading=\"lazy\" decoding=\"async\" class=\"alignnone wp-image-65417\" src=\"http:\/\/recettes-gourmandes-de-joce.fr\/wp-content\/uploads\/2024\/04\/gratin-pdt-brebis6.jpg\" alt=\"\" width=\"227\" height=\"170\" srcset=\"http:\/\/recettes-gourmandes-de-joce.fr\/wp-content\/uploads\/2024\/04\/gratin-pdt-brebis6.jpg 1024w, http:\/\/recettes-gourmandes-de-joce.fr\/wp-content\/uploads\/2024\/04\/gratin-pdt-brebis6-768x576.jpg 768w, http:\/\/recettes-gourmandes-de-joce.fr\/wp-content\/uploads\/2024\/04\/gratin-pdt-brebis6-750x563.jpg 750w\" sizes=\"auto, (max-width: 227px) 100vw, 227px\" \/> <img loading=\"lazy\" decoding=\"async\" class=\"alignnone wp-image-65418\" src=\"http:\/\/recettes-gourmandes-de-joce.fr\/wp-content\/uploads\/2024\/04\/gratin-pdt-brebis7.jpg\" alt=\"\" width=\"227\" height=\"170\" srcset=\"http:\/\/recettes-gourmandes-de-joce.fr\/wp-content\/uploads\/2024\/04\/gratin-pdt-brebis7.jpg 1024w, http:\/\/recettes-gourmandes-de-joce.fr\/wp-content\/uploads\/2024\/04\/gratin-pdt-brebis7-768x576.jpg 768w, http:\/\/recettes-gourmandes-de-joce.fr\/wp-content\/uploads\/2024\/04\/gratin-pdt-brebis7-750x563.jpg 750w\" sizes=\"auto, (max-width: 227px) 100vw, 227px\" \/>\u00a0<\/span><\/p>\n<p style=\"text-align: center;\"><span style=\"color: #993300;\"><em><span style=\"font-size: 14pt; font-family: georgia, palatino, serif;\">R\u00e2per le fromage de brebis. Couper les tranches des deux jambon en lani\u00e8res. Peler, essuyer et couper les pommes de terre en tranches fines \u00e0 la mandoline.<\/span><\/em><\/span><\/p>\n<p style=\"text-align: center;\"><span style=\"color: #993300;\"><em><span style=\"font-size: 14pt; font-family: georgia, palatino, serif;\"><img loading=\"lazy\" decoding=\"async\" class=\"alignnone wp-image-65419\" src=\"http:\/\/recettes-gourmandes-de-joce.fr\/wp-content\/uploads\/2024\/04\/gratin-pdt-brebis8.jpg\" alt=\"\" width=\"258\" height=\"170\" srcset=\"http:\/\/recettes-gourmandes-de-joce.fr\/wp-content\/uploads\/2024\/04\/gratin-pdt-brebis8.jpg 1024w, http:\/\/recettes-gourmandes-de-joce.fr\/wp-content\/uploads\/2024\/04\/gratin-pdt-brebis8-768x506.jpg 768w, http:\/\/recettes-gourmandes-de-joce.fr\/wp-content\/uploads\/2024\/04\/gratin-pdt-brebis8-750x494.jpg 750w\" sizes=\"auto, (max-width: 258px) 100vw, 258px\" \/>\u00a0<img loading=\"lazy\" decoding=\"async\" class=\"alignnone wp-image-65420\" src=\"http:\/\/recettes-gourmandes-de-joce.fr\/wp-content\/uploads\/2024\/04\/gratin-pdt-brebis9.jpg\" alt=\"\" width=\"227\" height=\"170\" srcset=\"http:\/\/recettes-gourmandes-de-joce.fr\/wp-content\/uploads\/2024\/04\/gratin-pdt-brebis9.jpg 1024w, http:\/\/recettes-gourmandes-de-joce.fr\/wp-content\/uploads\/2024\/04\/gratin-pdt-brebis9-768x576.jpg 768w, http:\/\/recettes-gourmandes-de-joce.fr\/wp-content\/uploads\/2024\/04\/gratin-pdt-brebis9-750x563.jpg 750w\" sizes=\"auto, (max-width: 227px) 100vw, 227px\" \/> <img loading=\"lazy\" decoding=\"async\" class=\"alignnone wp-image-48965\" src=\"http:\/\/recettes-gourmandes-de-joce.fr\/wp-content\/uploads\/2023\/03\/20230302_195439-300x225.jpg\" alt=\"\" width=\"227\" height=\"170\" srcset=\"http:\/\/recettes-gourmandes-de-joce.fr\/wp-content\/uploads\/2023\/03\/20230302_195439-300x225.jpg 300w, http:\/\/recettes-gourmandes-de-joce.fr\/wp-content\/uploads\/2023\/03\/20230302_195439-1024x768.jpg 1024w, http:\/\/recettes-gourmandes-de-joce.fr\/wp-content\/uploads\/2023\/03\/20230302_195439-768x576.jpg 768w, http:\/\/recettes-gourmandes-de-joce.fr\/wp-content\/uploads\/2023\/03\/20230302_195439-1536x1152.jpg 1536w, http:\/\/recettes-gourmandes-de-joce.fr\/wp-content\/uploads\/2023\/03\/20230302_195439-2048x1536.jpg 2048w, http:\/\/recettes-gourmandes-de-joce.fr\/wp-content\/uploads\/2023\/03\/20230302_195439-750x563.jpg 750w\" sizes=\"auto, (max-width: 227px) 100vw, 227px\" \/>\u00a0<\/span><\/em><\/span><\/p>\n<p style=\"text-align: center;\"><span style=\"color: #993300;\"><em><span style=\"font-size: 14pt; font-family: georgia, palatino, serif;\">Les d\u00e9poser dans un saladier. Saler et poivrer, ajouter les \u00e9pices et m\u00e9langer le tout.<\/span><\/em><\/span><\/p>\n<p style=\"text-align: center;\"><span style=\"color: #993300;\"><em><span style=\"font-size: 14pt; font-family: georgia, palatino, serif;\"><img loading=\"lazy\" decoding=\"async\" class=\"alignnone wp-image-65421\" src=\"http:\/\/recettes-gourmandes-de-joce.fr\/wp-content\/uploads\/2024\/04\/gratin-pdt-brebis10.jpg\" alt=\"\" width=\"227\" height=\"170\" srcset=\"http:\/\/recettes-gourmandes-de-joce.fr\/wp-content\/uploads\/2024\/04\/gratin-pdt-brebis10.jpg 1024w, http:\/\/recettes-gourmandes-de-joce.fr\/wp-content\/uploads\/2024\/04\/gratin-pdt-brebis10-768x576.jpg 768w, http:\/\/recettes-gourmandes-de-joce.fr\/wp-content\/uploads\/2024\/04\/gratin-pdt-brebis10-750x563.jpg 750w\" sizes=\"auto, (max-width: 227px) 100vw, 227px\" \/> <img loading=\"lazy\" decoding=\"async\" class=\"alignnone wp-image-48966\" src=\"http:\/\/recettes-gourmandes-de-joce.fr\/wp-content\/uploads\/2023\/03\/20230302_195607-300x221.jpg\" alt=\"\" width=\"231\" height=\"170\" srcset=\"http:\/\/recettes-gourmandes-de-joce.fr\/wp-content\/uploads\/2023\/03\/20230302_195607-300x221.jpg 300w, http:\/\/recettes-gourmandes-de-joce.fr\/wp-content\/uploads\/2023\/03\/20230302_195607-1024x753.jpg 1024w, http:\/\/recettes-gourmandes-de-joce.fr\/wp-content\/uploads\/2023\/03\/20230302_195607-768x565.jpg 768w, http:\/\/recettes-gourmandes-de-joce.fr\/wp-content\/uploads\/2023\/03\/20230302_195607-1536x1129.jpg 1536w, http:\/\/recettes-gourmandes-de-joce.fr\/wp-content\/uploads\/2023\/03\/20230302_195607-2048x1506.jpg 2048w, http:\/\/recettes-gourmandes-de-joce.fr\/wp-content\/uploads\/2023\/03\/20230302_195607-750x552.jpg 750w\" sizes=\"auto, (max-width: 231px) 100vw, 231px\" \/>\u00a0<img loading=\"lazy\" decoding=\"async\" class=\"alignnone wp-image-65422\" src=\"http:\/\/recettes-gourmandes-de-joce.fr\/wp-content\/uploads\/2024\/04\/gratin-pdt-brebis11.jpg\" alt=\"\" width=\"227\" height=\"170\" srcset=\"http:\/\/recettes-gourmandes-de-joce.fr\/wp-content\/uploads\/2024\/04\/gratin-pdt-brebis11.jpg 1024w, http:\/\/recettes-gourmandes-de-joce.fr\/wp-content\/uploads\/2024\/04\/gratin-pdt-brebis11-768x576.jpg 768w, http:\/\/recettes-gourmandes-de-joce.fr\/wp-content\/uploads\/2024\/04\/gratin-pdt-brebis11-750x563.jpg 750w\" sizes=\"auto, (max-width: 227px) 100vw, 227px\" \/><\/span><\/em><\/span><\/p>\n<p style=\"text-align: center;\"><span style=\"color: #993300;\"><em><span style=\"font-size: 14pt; font-family: georgia, palatino, serif;\">Dans un plat \u00e0 gratin, r\u00e9partir 1\/3\u00a0 du beurre d&rsquo;escargot. Ajouter la moiti\u00e9 des pommes de terre et r\u00e9partir les lani\u00e8res de jambon.<\/span><\/em><\/span><\/p>\n<p style=\"text-align: center;\"><span style=\"color: #993300;\"><em><span style=\"font-size: 14pt; font-family: georgia, palatino, serif;\">\u00a0<img loading=\"lazy\" decoding=\"async\" class=\"alignnone wp-image-65423\" src=\"http:\/\/recettes-gourmandes-de-joce.fr\/wp-content\/uploads\/2024\/04\/gratin-pdt-brebis12.jpg\" alt=\"\" width=\"227\" height=\"170\" srcset=\"http:\/\/recettes-gourmandes-de-joce.fr\/wp-content\/uploads\/2024\/04\/gratin-pdt-brebis12.jpg 1024w, http:\/\/recettes-gourmandes-de-joce.fr\/wp-content\/uploads\/2024\/04\/gratin-pdt-brebis12-768x576.jpg 768w, http:\/\/recettes-gourmandes-de-joce.fr\/wp-content\/uploads\/2024\/04\/gratin-pdt-brebis12-750x563.jpg 750w\" sizes=\"auto, (max-width: 227px) 100vw, 227px\" \/> <img loading=\"lazy\" decoding=\"async\" class=\"alignnone wp-image-65424\" src=\"http:\/\/recettes-gourmandes-de-joce.fr\/wp-content\/uploads\/2024\/04\/gratin-pdt-brebis13.jpg\" alt=\"\" width=\"259\" height=\"170\" srcset=\"http:\/\/recettes-gourmandes-de-joce.fr\/wp-content\/uploads\/2024\/04\/gratin-pdt-brebis13.jpg 1024w, http:\/\/recettes-gourmandes-de-joce.fr\/wp-content\/uploads\/2024\/04\/gratin-pdt-brebis13-768x503.jpg 768w, http:\/\/recettes-gourmandes-de-joce.fr\/wp-content\/uploads\/2024\/04\/gratin-pdt-brebis13-750x491.jpg 750w\" sizes=\"auto, (max-width: 259px) 100vw, 259px\" \/>\u00a0<img loading=\"lazy\" decoding=\"async\" class=\"alignnone wp-image-65425\" src=\"http:\/\/recettes-gourmandes-de-joce.fr\/wp-content\/uploads\/2024\/04\/gratin-pdt-brebis14.jpg\" alt=\"\" width=\"245\" height=\"165\" srcset=\"http:\/\/recettes-gourmandes-de-joce.fr\/wp-content\/uploads\/2024\/04\/gratin-pdt-brebis14.jpg 1024w, http:\/\/recettes-gourmandes-de-joce.fr\/wp-content\/uploads\/2024\/04\/gratin-pdt-brebis14-768x518.jpg 768w, http:\/\/recettes-gourmandes-de-joce.fr\/wp-content\/uploads\/2024\/04\/gratin-pdt-brebis14-750x505.jpg 750w\" sizes=\"auto, (max-width: 245px) 100vw, 245px\" \/><\/span><\/em><\/span><\/p>\n<p style=\"text-align: center;\"><span style=\"color: #993300;\"><em><span style=\"font-size: 14pt; font-family: georgia, palatino, serif;\">Ajouter le 2 -\u00e8me tiers de beurre d&rsquo;escargot. Ajouter ensuite le reste des pommes de terre et du beurre d&rsquo;escargot. Ajouter la cr\u00e8me.<\/span><\/em><\/span><\/p>\n<p style=\"text-align: center;\"><span style=\"color: #993300;\"><em><span style=\"font-size: 14pt; font-family: georgia, palatino, serif;\">\u00a0<img loading=\"lazy\" decoding=\"async\" class=\"alignnone wp-image-65426\" src=\"http:\/\/recettes-gourmandes-de-joce.fr\/wp-content\/uploads\/2024\/04\/gratin-pdt-brebis15.jpg\" alt=\"\" width=\"241\" height=\"165\" srcset=\"http:\/\/recettes-gourmandes-de-joce.fr\/wp-content\/uploads\/2024\/04\/gratin-pdt-brebis15.jpg 1024w, http:\/\/recettes-gourmandes-de-joce.fr\/wp-content\/uploads\/2024\/04\/gratin-pdt-brebis15-768x526.jpg 768w, http:\/\/recettes-gourmandes-de-joce.fr\/wp-content\/uploads\/2024\/04\/gratin-pdt-brebis15-750x513.jpg 750w\" sizes=\"auto, (max-width: 241px) 100vw, 241px\" \/> <img loading=\"lazy\" decoding=\"async\" class=\"alignnone wp-image-48866\" src=\"http:\/\/recettes-gourmandes-de-joce.fr\/wp-content\/uploads\/2023\/02\/PA180495-300x242.jpg\" alt=\"\" width=\"211\" height=\"170\" srcset=\"http:\/\/recettes-gourmandes-de-joce.fr\/wp-content\/uploads\/2023\/02\/PA180495-300x242.jpg 300w, http:\/\/recettes-gourmandes-de-joce.fr\/wp-content\/uploads\/2023\/02\/PA180495-1024x826.jpg 1024w, http:\/\/recettes-gourmandes-de-joce.fr\/wp-content\/uploads\/2023\/02\/PA180495-768x619.jpg 768w, http:\/\/recettes-gourmandes-de-joce.fr\/wp-content\/uploads\/2023\/02\/PA180495-750x605.jpg 750w, http:\/\/recettes-gourmandes-de-joce.fr\/wp-content\/uploads\/2023\/02\/PA180495.jpg 1075w\" sizes=\"auto, (max-width: 211px) 100vw, 211px\" \/><\/span><\/em><\/span><\/p>\n<p style=\"text-align: center;\"><span style=\"color: #993300;\"><em><span style=\"font-size: 14pt; font-family: georgia, palatino, serif;\">R\u00e9partir le fromage de brebis. Enfourner environ 1h \u00e0 200 \u00b0 selon les fours et l&rsquo;\u00e9paisseur des tranches de pommes de terre, surveiller la cuisson et la coloration. Id\u00e9al avec une bonne salade \ud83d\ude09 <\/span><\/em><\/span><\/p>\n<p style=\"text-align: center;\"><span style=\"color: #993300; font-size: 14pt;\"><span style=\"font-family: georgia, palatino, serif;\"><em>Bon app\u00e9tit!<\/em><\/span><\/span><\/p>\n<p style=\"text-align: center;\"><span style=\"color: #993300;\"><img loading=\"lazy\" decoding=\"async\" class=\"alignnone wp-image-65414\" src=\"http:\/\/recettes-gourmandes-de-joce.fr\/wp-content\/uploads\/2024\/04\/gratin-pdt-brebis1.jpg\" alt=\"\" width=\"240\" height=\"180\" srcset=\"http:\/\/recettes-gourmandes-de-joce.fr\/wp-content\/uploads\/2024\/04\/gratin-pdt-brebis1.jpg 1024w, http:\/\/recettes-gourmandes-de-joce.fr\/wp-content\/uploads\/2024\/04\/gratin-pdt-brebis1-768x576.jpg 768w, http:\/\/recettes-gourmandes-de-joce.fr\/wp-content\/uploads\/2024\/04\/gratin-pdt-brebis1-750x563.jpg 750w\" sizes=\"auto, (max-width: 240px) 100vw, 240px\" \/> <img loading=\"lazy\" decoding=\"async\" class=\"alignnone wp-image-65415\" src=\"http:\/\/recettes-gourmandes-de-joce.fr\/wp-content\/uploads\/2024\/04\/gratin-pdt-brebis2.jpg\" alt=\"\" width=\"240\" height=\"180\" srcset=\"http:\/\/recettes-gourmandes-de-joce.fr\/wp-content\/uploads\/2024\/04\/gratin-pdt-brebis2.jpg 1024w, http:\/\/recettes-gourmandes-de-joce.fr\/wp-content\/uploads\/2024\/04\/gratin-pdt-brebis2-768x576.jpg 768w, http:\/\/recettes-gourmandes-de-joce.fr\/wp-content\/uploads\/2024\/04\/gratin-pdt-brebis2-750x563.jpg 750w\" sizes=\"auto, (max-width: 240px) 100vw, 240px\" \/> <img loading=\"lazy\" decoding=\"async\" class=\"alignnone wp-image-65412\" src=\"http:\/\/recettes-gourmandes-de-joce.fr\/wp-content\/uploads\/2024\/04\/gratin-pdt-brebis18.jpg\" alt=\"\" width=\"240\" height=\"180\" srcset=\"http:\/\/recettes-gourmandes-de-joce.fr\/wp-content\/uploads\/2024\/04\/gratin-pdt-brebis18.jpg 1024w, http:\/\/recettes-gourmandes-de-joce.fr\/wp-content\/uploads\/2024\/04\/gratin-pdt-brebis18-768x576.jpg 768w, http:\/\/recettes-gourmandes-de-joce.fr\/wp-content\/uploads\/2024\/04\/gratin-pdt-brebis18-750x563.jpg 750w\" sizes=\"auto, (max-width: 240px) 100vw, 240px\" \/><\/span><\/p>\n<p style=\"text-align: center;\"><span style=\"color: #993300;\"><img loading=\"lazy\" decoding=\"async\" class=\"alignnone wp-image-37354 size-full\" src=\"http:\/\/recettes-gourmandes-de-joce.fr\/wp-content\/uploads\/2021\/06\/logitech-gaming-software-14112014-121223.jpg\" alt=\"\" width=\"640\" height=\"144\" srcset=\"http:\/\/recettes-gourmandes-de-joce.fr\/wp-content\/uploads\/2021\/06\/logitech-gaming-software-14112014-121223.jpg 640w, http:\/\/recettes-gourmandes-de-joce.fr\/wp-content\/uploads\/2021\/06\/logitech-gaming-software-14112014-121223-300x68.jpg 300w\" sizes=\"auto, (max-width: 640px) 100vw, 640px\" \/><\/span><\/p>\n","protected":false},"excerpt":{"rendered":"<p>Une de mes recettes Ingr\u00e9dients pour 4 personnes 3 tranches de jambon blanc 6 tranches de jambon cru 1 morceau de fromage de brebis 50 g de beurre d&rsquo;escargot 8 pommes de terre 1 brique de cr\u00e8me liquide 1 bonne c \u00e0 s d&rsquo;\u00e9pices pour pommes de terre d\u00e9tails sur ce lien -&gt; \u00c9pic\u00e9too Sel &hellip; <\/p>\n<p><a class=\"more-link btn\" href=\"http:\/\/recettes-gourmandes-de-joce.fr\/index.php\/index\/legumes\/pommes-de-terre\/gratin-de-pommes-de-terre-au-deux-jambons-et-fromage-de-brebis\/\">Lire la suite<\/a><\/p>\n","protected":false},"author":2,"featured_media":65413,"parent":943,"menu_order":0,"comment_status":"open","ping_status":"closed","template":"","meta":{"footnotes":""},"class_list":["post-82500","page","type-page","status-publish","has-post-thumbnail","hentry","nodate","item-wrap"],"_links":{"self":[{"href":"http:\/\/recettes-gourmandes-de-joce.fr\/index.php\/wp-json\/wp\/v2\/pages\/82500","targetHints":{"allow":["GET"]}}],"collection":[{"href":"http:\/\/recettes-gourmandes-de-joce.fr\/index.php\/wp-json\/wp\/v2\/pages"}],"about":[{"href":"http:\/\/recettes-gourmandes-de-joce.fr\/index.php\/wp-json\/wp\/v2\/types\/page"}],"author":[{"embeddable":true,"href":"http:\/\/recettes-gourmandes-de-joce.fr\/index.php\/wp-json\/wp\/v2\/users\/2"}],"replies":[{"embeddable":true,"href":"http:\/\/recettes-gourmandes-de-joce.fr\/index.php\/wp-json\/wp\/v2\/comments?post=82500"}],"version-history":[{"count":2,"href":"http:\/\/recettes-gourmandes-de-joce.fr\/index.php\/wp-json\/wp\/v2\/pages\/82500\/revisions"}],"predecessor-version":[{"id":89515,"href":"http:\/\/recettes-gourmandes-de-joce.fr\/index.php\/wp-json\/wp\/v2\/pages\/82500\/revisions\/89515"}],"up":[{"embeddable":true,"href":"http:\/\/recettes-gourmandes-de-joce.fr\/index.php\/wp-json\/wp\/v2\/pages\/943"}],"wp:featuredmedia":[{"embeddable":true,"href":"http:\/\/recettes-gourmandes-de-joce.fr\/index.php\/wp-json\/wp\/v2\/media\/65413"}],"wp:attachment":[{"href":"http:\/\/recettes-gourmandes-de-joce.fr\/index.php\/wp-json\/wp\/v2\/media?parent=82500"}],"curies":[{"name":"wp","href":"https:\/\/api.w.org\/{rel}","templated":true}]}}