{"id":82490,"date":"2024-05-20T10:24:18","date_gmt":"2024-05-20T10:24:18","guid":{"rendered":"http:\/\/recettes-gourmandes-de-joce.fr\/?page_id=82490"},"modified":"2024-08-16T12:50:59","modified_gmt":"2024-08-16T12:50:59","slug":"macedoine-de-legumes-aux-saucisses-et-creme-de-brie","status":"publish","type":"page","link":"http:\/\/recettes-gourmandes-de-joce.fr\/index.php\/index\/legumes\/poelees-de-legumes-frais-ou-surgeles\/macedoine-de-legumes-aux-saucisses-et-creme-de-brie\/","title":{"rendered":"Mac\u00e9doine de l\u00e9gumes aux saucisses et cr\u00e8me de Brie."},"content":{"rendered":"<p style=\"text-align: center;\"><span style=\"text-decoration: underline; color: #993366;\"><span style=\"font-size: 18pt; font-family: georgia, palatino, serif;\"><em>Une de mes recettes<\/em><\/span><\/span><\/p>\n<p style=\"text-align: center;\"><span style=\"color: #993366;\"><img loading=\"lazy\" decoding=\"async\" class=\"alignnone wp-image-67329\" src=\"http:\/\/recettes-gourmandes-de-joce.fr\/wp-content\/uploads\/2024\/04\/macedoine-brie3.jpg\" alt=\"\" width=\"270\" height=\"180\" \/>\u00a0<img loading=\"lazy\" decoding=\"async\" class=\"alignnone wp-image-67327\" src=\"http:\/\/recettes-gourmandes-de-joce.fr\/wp-content\/uploads\/2024\/04\/macedoine-brie1.jpg\" alt=\"\" width=\"257\" height=\"180\" \/><img loading=\"lazy\" decoding=\"async\" class=\"alignnone wp-image-67328\" src=\"http:\/\/recettes-gourmandes-de-joce.fr\/wp-content\/uploads\/2024\/04\/macedoine-brie2.jpg\" alt=\"\" width=\"248\" height=\"180\" \/><\/span><\/p>\n<p style=\"text-align: center;\"><span style=\"text-decoration: underline; color: #993366;\"><span style=\"font-size: 18pt; font-family: georgia, palatino, serif;\"><em> Ingr\u00e9dients pour 2 personnes<\/em><\/span><\/span><\/p>\n<p style=\"text-align: center;\"><span style=\"color: #993366;\"><img loading=\"lazy\" decoding=\"async\" class=\"alignnone wp-image-67330\" src=\"http:\/\/recettes-gourmandes-de-joce.fr\/wp-content\/uploads\/2024\/04\/macedoine-brie4.jpg\" alt=\"\" width=\"320\" height=\"200\" \/><\/span><\/p>\n<p style=\"text-align: center;\"><span style=\"font-family: georgia, palatino, serif; color: #993366;\"><em><span style=\"font-size: 14pt;\">1 boite de mac\u00e9doine de l\u00e9gumes<\/span><\/em><\/span><\/p>\n<p style=\"text-align: center;\"><span style=\"font-family: georgia, palatino, serif; color: #993366;\"><em><span style=\"font-size: 14pt;\"> 100 g de lardons fum\u00e9s<\/span><\/em><\/span><\/p>\n<p style=\"text-align: center;\"><span style=\"font-family: georgia, palatino, serif; color: #993366;\"><em><span style=\"font-size: 14pt;\"> 2 saucisses de Francfort <\/span><\/em><\/span><\/p>\n<p style=\"text-align: center;\"><span style=\"font-family: georgia, palatino, serif; color: #993366;\"><em><span style=\"font-size: 14pt;\">2 saucisses de Strasbourg <\/span><\/em><\/span><\/p>\n<p style=\"text-align: center;\"><span style=\"font-family: georgia, palatino, serif; color: #993366;\"><em><span style=\"font-size: 14pt;\">1 \u00e9chalote <\/span><\/em><\/span><\/p>\n<p style=\"text-align: center;\"><span style=\"font-family: georgia, palatino, serif; color: #993366;\"><em><span style=\"font-size: 14pt;\">1 bonne c \u00e0 s de cr\u00e8me fra\u00eeche<\/span><\/em><\/span><\/p>\n<p style=\"text-align: center;\"><span style=\"font-family: georgia, palatino, serif; color: #993366;\"><em><span style=\"font-size: 14pt;\"> 1 c \u00e0 s de cr\u00e8me de Brie<\/span><\/em><\/span><\/p>\n<p style=\"text-align: center;\"><span style=\"font-family: georgia, palatino, serif; color: #993366;\"><em><span style=\"font-size: 14pt;\"> 1 c \u00e0 s rase d&rsquo;\u00e9pices pour ratatouille d\u00e9tails sur ce lien -&gt; \u00c9pic\u00e9too <\/span><\/em><\/span><\/p>\n<p style=\"text-align: center;\"><span style=\"font-family: georgia, palatino, serif; color: #993366;\"><em><span style=\"font-size: 14pt;\">Beurre<\/span><\/em><\/span><\/p>\n<p style=\"text-align: center;\"><span style=\"font-family: georgia, palatino, serif; color: #993366;\"><em><span style=\"font-size: 14pt;\">Sel et poivre<\/span><\/em><\/span><\/p>\n<p style=\"text-align: center;\"><span style=\"color: #993366;\"><img loading=\"lazy\" decoding=\"async\" class=\"alignnone wp-image-45722\" src=\"http:\/\/recettes-gourmandes-de-joce.fr\/wp-content\/uploads\/2022\/07\/20220702_191205-300x225.jpg\" alt=\"\" width=\"227\" height=\"170\" srcset=\"http:\/\/recettes-gourmandes-de-joce.fr\/wp-content\/uploads\/2022\/07\/20220702_191205-300x225.jpg 300w, http:\/\/recettes-gourmandes-de-joce.fr\/wp-content\/uploads\/2022\/07\/20220702_191205-1024x768.jpg 1024w, http:\/\/recettes-gourmandes-de-joce.fr\/wp-content\/uploads\/2022\/07\/20220702_191205-768x576.jpg 768w, http:\/\/recettes-gourmandes-de-joce.fr\/wp-content\/uploads\/2022\/07\/20220702_191205-1536x1152.jpg 1536w, http:\/\/recettes-gourmandes-de-joce.fr\/wp-content\/uploads\/2022\/07\/20220702_191205-2048x1536.jpg 2048w, http:\/\/recettes-gourmandes-de-joce.fr\/wp-content\/uploads\/2022\/07\/20220702_191205-750x563.jpg 750w\" sizes=\"auto, (max-width: 227px) 100vw, 227px\" \/> <img loading=\"lazy\" decoding=\"async\" class=\"alignnone wp-image-67331\" src=\"http:\/\/recettes-gourmandes-de-joce.fr\/wp-content\/uploads\/2024\/04\/macedoine-brie5.jpg\" alt=\"\" width=\"255\" height=\"170\" \/> <img loading=\"lazy\" decoding=\"async\" class=\"alignnone wp-image-67317\" src=\"http:\/\/recettes-gourmandes-de-joce.fr\/wp-content\/uploads\/2024\/04\/macedoine-brie6.jpg\" alt=\"\" width=\"213\" height=\"170\" \/>\u00a0<\/span><\/p>\n<p style=\"text-align: center;\"><em><span style=\"color: #993366; font-size: 14pt; font-family: georgia, palatino, serif;\">\u00c9goutter la mac\u00e9doine de l\u00e9gumes, couper les saucisses en rondelles, peler et hacher l&rsquo;\u00e9chalote. Dans une\u00a0 po\u00eale mettre un morceau de beurre \u00e0 fondre.<\/span><\/em><\/p>\n<p style=\"text-align: center;\"><em><span style=\"color: #993366; font-size: 14pt; font-family: georgia, palatino, serif;\"><img loading=\"lazy\" decoding=\"async\" class=\"alignnone wp-image-67318\" src=\"http:\/\/recettes-gourmandes-de-joce.fr\/wp-content\/uploads\/2024\/04\/macedoine-brie7.jpg\" alt=\"\" width=\"240\" height=\"170\" \/> <img loading=\"lazy\" decoding=\"async\" class=\"alignnone wp-image-67319\" src=\"http:\/\/recettes-gourmandes-de-joce.fr\/wp-content\/uploads\/2024\/04\/macedoine-brie8.jpg\" alt=\"\" width=\"235\" height=\"170\" \/> <img loading=\"lazy\" decoding=\"async\" class=\"alignnone wp-image-67320\" src=\"http:\/\/recettes-gourmandes-de-joce.fr\/wp-content\/uploads\/2024\/04\/macedoine-brie9.jpg\" alt=\"\" width=\"233\" height=\"170\" \/>\u00a0<\/span><\/em><\/p>\n<p style=\"text-align: center;\"><em><span style=\"color: #993366; font-size: 14pt; font-family: georgia, palatino, serif;\">Y faire suer les \u00e9chalotes sans coloration, ajouter ensuite les lardons, les faire cuire en remuant r\u00e9guli\u00e8rement.<\/span><\/em><\/p>\n<p style=\"text-align: center;\"><em><span style=\"color: #993366; font-size: 14pt; font-family: georgia, palatino, serif;\"><img loading=\"lazy\" decoding=\"async\" class=\"alignnone wp-image-67321\" src=\"http:\/\/recettes-gourmandes-de-joce.fr\/wp-content\/uploads\/2024\/04\/macedoine-brie10.jpg\" alt=\"\" width=\"238\" height=\"170\" \/> <img loading=\"lazy\" decoding=\"async\" class=\"alignnone wp-image-67322\" src=\"http:\/\/recettes-gourmandes-de-joce.fr\/wp-content\/uploads\/2024\/04\/macedoine-brie11.jpg\" alt=\"\" width=\"250\" height=\"170\" \/> <img loading=\"lazy\" decoding=\"async\" class=\"alignnone wp-image-67323\" src=\"http:\/\/recettes-gourmandes-de-joce.fr\/wp-content\/uploads\/2024\/04\/macedoine-brie12.jpg\" alt=\"\" width=\"255\" height=\"170\" \/><\/span><\/em><\/p>\n<p style=\"text-align: center;\"><span style=\"color: #993366; font-size: 14pt;\"><span style=\"font-family: georgia, palatino, serif;\"><em>Lorsqu&rsquo;ils sont cuits, ajouter les saucisses et les faire chauffer quelques instant, ajouter ensuite la cr\u00e8me de brie et la cr\u00e8me fra\u00eeche, m\u00e9langer, ajouter la mac\u00e9doine de l\u00e9gumes, les \u00e9pices saler l\u00e9g\u00e8rement et poivrer, m\u00e9langer et servir sans attendre. <\/em><\/span><\/span><\/p>\n<p style=\"text-align: center;\"><span style=\"color: #993366; font-size: 14pt;\"><span style=\"font-family: georgia, palatino, serif;\"><em>Recette rapide quand on est press\u00e9e \ud83d\ude09\u00a0<\/em><\/span><\/span><\/p>\n<p style=\"text-align: center;\"><span style=\"color: #993366; font-size: 14pt;\"><span style=\"font-family: georgia, palatino, serif;\"><em>Bon app\u00e9tit!<\/em><\/span><\/span><\/p>\n<p style=\"text-align: center;\"><span style=\"color: #993366;\"><img loading=\"lazy\" decoding=\"async\" class=\"alignnone wp-image-67325\" src=\"http:\/\/recettes-gourmandes-de-joce.fr\/wp-content\/uploads\/2024\/04\/macedoine-brie14.jpg\" alt=\"\" width=\"255\" height=\"180\" \/><\/span><\/p>\n<p style=\"text-align: center;\"><span style=\"color: #993366;\"><img loading=\"lazy\" decoding=\"async\" class=\"alignnone wp-image-67326\" src=\"http:\/\/recettes-gourmandes-de-joce.fr\/wp-content\/uploads\/2024\/04\/macedoine-brie15.jpg\" alt=\"\" width=\"270\" height=\"180\" \/>\u00a0<img loading=\"lazy\" decoding=\"async\" class=\"alignnone wp-image-67324\" src=\"http:\/\/recettes-gourmandes-de-joce.fr\/wp-content\/uploads\/2024\/04\/macedoine-brie13.jpg\" alt=\"\" width=\"276\" height=\"180\" \/><\/span><\/p>\n<p style=\"text-align: center;\"><span style=\"color: #993366;\"><img loading=\"lazy\" decoding=\"async\" class=\"alignnone wp-image-37354 size-full\" src=\"http:\/\/recettes-gourmandes-de-joce.fr\/wp-content\/uploads\/2021\/06\/logitech-gaming-software-14112014-121223.jpg\" alt=\"\" width=\"640\" height=\"144\" srcset=\"http:\/\/recettes-gourmandes-de-joce.fr\/wp-content\/uploads\/2021\/06\/logitech-gaming-software-14112014-121223.jpg 640w, http:\/\/recettes-gourmandes-de-joce.fr\/wp-content\/uploads\/2021\/06\/logitech-gaming-software-14112014-121223-300x68.jpg 300w\" sizes=\"auto, (max-width: 640px) 100vw, 640px\" \/><\/span><\/p>\n","protected":false},"excerpt":{"rendered":"<p>Une de mes recettes \u00a0 Ingr\u00e9dients pour 2 personnes 1 boite de mac\u00e9doine de l\u00e9gumes 100 g de lardons fum\u00e9s 2 saucisses de Francfort 2 saucisses de Strasbourg 1 \u00e9chalote 1 bonne c \u00e0 s de cr\u00e8me fra\u00eeche 1 c \u00e0 s de cr\u00e8me de Brie 1 c \u00e0 s rase d&rsquo;\u00e9pices pour ratatouille d\u00e9tails &hellip; <\/p>\n<p><a class=\"more-link btn\" href=\"http:\/\/recettes-gourmandes-de-joce.fr\/index.php\/index\/legumes\/poelees-de-legumes-frais-ou-surgeles\/macedoine-de-legumes-aux-saucisses-et-creme-de-brie\/\">Lire la suite<\/a><\/p>\n","protected":false},"author":2,"featured_media":82493,"parent":41995,"menu_order":0,"comment_status":"open","ping_status":"closed","template":"","meta":{"footnotes":""},"class_list":["post-82490","page","type-page","status-publish","has-post-thumbnail","hentry","nodate","item-wrap"],"_links":{"self":[{"href":"http:\/\/recettes-gourmandes-de-joce.fr\/index.php\/wp-json\/wp\/v2\/pages\/82490","targetHints":{"allow":["GET"]}}],"collection":[{"href":"http:\/\/recettes-gourmandes-de-joce.fr\/index.php\/wp-json\/wp\/v2\/pages"}],"about":[{"href":"http:\/\/recettes-gourmandes-de-joce.fr\/index.php\/wp-json\/wp\/v2\/types\/page"}],"author":[{"embeddable":true,"href":"http:\/\/recettes-gourmandes-de-joce.fr\/index.php\/wp-json\/wp\/v2\/users\/2"}],"replies":[{"embeddable":true,"href":"http:\/\/recettes-gourmandes-de-joce.fr\/index.php\/wp-json\/wp\/v2\/comments?post=82490"}],"version-history":[{"count":2,"href":"http:\/\/recettes-gourmandes-de-joce.fr\/index.php\/wp-json\/wp\/v2\/pages\/82490\/revisions"}],"predecessor-version":[{"id":88904,"href":"http:\/\/recettes-gourmandes-de-joce.fr\/index.php\/wp-json\/wp\/v2\/pages\/82490\/revisions\/88904"}],"up":[{"embeddable":true,"href":"http:\/\/recettes-gourmandes-de-joce.fr\/index.php\/wp-json\/wp\/v2\/pages\/41995"}],"wp:featuredmedia":[{"embeddable":true,"href":"http:\/\/recettes-gourmandes-de-joce.fr\/index.php\/wp-json\/wp\/v2\/media\/82493"}],"wp:attachment":[{"href":"http:\/\/recettes-gourmandes-de-joce.fr\/index.php\/wp-json\/wp\/v2\/media?parent=82490"}],"curies":[{"name":"wp","href":"https:\/\/api.w.org\/{rel}","templated":true}]}}