{"id":8106,"date":"2019-10-30T13:33:17","date_gmt":"2019-10-30T13:33:17","guid":{"rendered":"http:\/\/recettes-gourmandes-de-joce.fr\/?page_id=8106"},"modified":"2024-07-03T23:17:45","modified_gmt":"2024-07-03T23:17:45","slug":"pizza-chorizo-jambon-et-mozzarelle","status":"publish","type":"page","link":"http:\/\/recettes-gourmandes-de-joce.fr\/index.php\/index\/burgers-croques-tartines-pizzas\/pizzas\/pizza-chorizo-jambon-et-mozzarelle\/","title":{"rendered":"Pizza chorizo, jambon et mozzarelle."},"content":{"rendered":"<p style=\"text-align: center;\"><span style=\"color: #ff0000; font-size: x-large; text-decoration: underline; font-family: georgia, palatino, serif;\"><em>Une de mes recettes<\/em><\/span><\/p>\n<p style=\"text-align: center;\"><span style=\"font-family: georgia, palatino, serif;\"><img loading=\"lazy\" decoding=\"async\" class=\"alignnone wp-image-8086\" src=\"http:\/\/recettes-gourmandes-de-joce.fr\/wp-content\/uploads\/2019\/10\/pizza-chorizo-2-150x150.jpg\" alt=\"\" width=\"249\" height=\"187\" srcset=\"http:\/\/recettes-gourmandes-de-joce.fr\/wp-content\/uploads\/2019\/10\/pizza-chorizo-2-300x225.jpg 300w, http:\/\/recettes-gourmandes-de-joce.fr\/wp-content\/uploads\/2019\/10\/pizza-chorizo-2.jpg 640w\" sizes=\"auto, (max-width: 249px) 100vw, 249px\" \/> <img loading=\"lazy\" decoding=\"async\" class=\"alignnone wp-image-8085\" src=\"http:\/\/recettes-gourmandes-de-joce.fr\/wp-content\/uploads\/2019\/10\/pizza-chorizo-1-150x150.jpg\" alt=\"\" width=\"249\" height=\"187\" srcset=\"http:\/\/recettes-gourmandes-de-joce.fr\/wp-content\/uploads\/2019\/10\/pizza-chorizo-1-300x225.jpg 300w, http:\/\/recettes-gourmandes-de-joce.fr\/wp-content\/uploads\/2019\/10\/pizza-chorizo-1.jpg 640w\" sizes=\"auto, (max-width: 249px) 100vw, 249px\" \/><\/span><\/p>\n<p style=\"text-align: center;\"><span style=\"color: #ff0000; font-size: x-large; text-decoration: underline; font-family: georgia, palatino, serif;\"><em>Ingr\u00e9dients pour 1 grande pizza<\/em><\/span><\/p>\n<p style=\"text-align: center;\"><span style=\"font-family: georgia, palatino, serif;\"><img loading=\"lazy\" decoding=\"async\" class=\"alignnone wp-image-8045\" src=\"http:\/\/recettes-gourmandes-de-joce.fr\/wp-content\/uploads\/2019\/10\/pizza-chorizo-7-150x150.jpg\" alt=\"\" width=\"239\" height=\"175\" srcset=\"http:\/\/recettes-gourmandes-de-joce.fr\/wp-content\/uploads\/2019\/10\/pizza-chorizo-7-300x220.jpg 300w, http:\/\/recettes-gourmandes-de-joce.fr\/wp-content\/uploads\/2019\/10\/pizza-chorizo-7.jpg 640w\" sizes=\"auto, (max-width: 239px) 100vw, 239px\" \/><\/span><\/p>\n<p style=\"text-align: center;\"><span style=\"color: #ff0000; font-size: large; font-family: georgia, palatino, serif;\"><em>280 g de p\u00e2te \u00e0 pizza<\/em><\/span><\/p>\n<p style=\"text-align: center;\"><span style=\"color: #ff0000; font-size: large; font-family: georgia, palatino, serif;\"><em>100 ml de coulis de tomate<\/em><\/span><\/p>\n<p style=\"text-align: center;\"><span style=\"color: #ff0000; font-size: large; font-family: georgia, palatino, serif;\"><em>8 tranches de chorizo fort ou doux selon vos go\u00fbts<\/em><\/span><\/p>\n<p style=\"text-align: center;\"><span style=\"color: #ff0000; font-size: large; font-family: georgia, palatino, serif;\"><em>1 poign\u00e9e de d\u00e9s de jambon<\/em><\/span><\/p>\n<p style=\"text-align: center;\"><span style=\"color: #ff0000; font-size: large; font-family: georgia, palatino, serif;\"><em>3 beaux champignons de Paris frais<\/em><\/span><\/p>\n<p style=\"text-align: center;\"><span style=\"color: #ff0000; font-size: large; font-family: georgia, palatino, serif;\"><em>1 boule de mozzarelle<\/em><\/span><\/p>\n<p style=\"text-align: center;\"><span style=\"color: #ff0000; font-size: large; font-family: georgia, palatino, serif;\"><em>Sel et poivre<\/em><\/span><\/p>\n<p style=\"text-align: center;\"><span style=\"color: #ff0000; font-size: large; font-family: georgia, palatino, serif;\"><em>Herbes pour pizza ou origan<\/em><\/span><\/p>\n<p style=\"text-align: center;\"><span style=\"color: #ff0000; font-size: large; font-family: georgia, palatino, serif;\"><em>Un filet d&rsquo;huile d&rsquo;olive<\/em><\/span><\/p>\n<p style=\"text-align: center;\"><span style=\"color: #ff0000; font-size: 14pt; font-family: georgia, palatino, serif;\"><em>Pour la p\u00e2te \u00e0 pizza la recette sur ce lien -&gt; <a href=\"http:\/\/recettes-gourmandes-de-joce.fr\/index.php\/index\/pains-viennoiseries-map\/map-machine-a-pain\/pate-a-pizza\/\">P\u00e2te \u00e0 pizza \u00a0<img loading=\"lazy\" decoding=\"async\" class=\"alignnone size-thumbnail wp-image-8041\" src=\"http:\/\/recettes-gourmandes-de-joce.fr\/wp-content\/uploads\/2019\/10\/pizza-chorizo-3-150x150.jpg\" alt=\"\" width=\"150\" height=\"150\" \/><\/a><\/em><\/span><\/p>\n<p style=\"text-align: center;\"><img loading=\"lazy\" decoding=\"async\" class=\"alignnone wp-image-86577\" src=\"http:\/\/recettes-gourmandes-de-joce.fr\/wp-content\/uploads\/2024\/07\/pb041086.jpg\" alt=\"\" width=\"247\" height=\"170\" \/> <img loading=\"lazy\" decoding=\"async\" class=\"alignnone wp-image-86579\" src=\"http:\/\/recettes-gourmandes-de-joce.fr\/wp-content\/uploads\/2024\/07\/gratin-pates-cepes5.jpg\" alt=\"\" width=\"129\" height=\"170\" \/>\u00a0<img loading=\"lazy\" decoding=\"async\" class=\"alignnone wp-image-86566\" src=\"http:\/\/recettes-gourmandes-de-joce.fr\/wp-content\/uploads\/2024\/07\/20201101_202426.jpg\" alt=\"\" width=\"259\" height=\"170\" srcset=\"http:\/\/recettes-gourmandes-de-joce.fr\/wp-content\/uploads\/2024\/07\/20201101_202426.jpg 800w, http:\/\/recettes-gourmandes-de-joce.fr\/wp-content\/uploads\/2024\/07\/20201101_202426-768x504.jpg 768w, http:\/\/recettes-gourmandes-de-joce.fr\/wp-content\/uploads\/2024\/07\/20201101_202426-750x492.jpg 750w\" sizes=\"auto, (max-width: 259px) 100vw, 259px\" \/><\/p>\n<p style=\"text-align: center;\"><em>\u00d4ter la peau du chorizo et couper le en rondelles, couper le jambon en d\u00e9s, nettoyer les champignons et \u00e9mincez l\u00e8s.<\/em><\/p>\n<p style=\"text-align: center;\"><span style=\"font-family: georgia, palatino, serif;\"><img loading=\"lazy\" decoding=\"async\" class=\"alignnone wp-image-86565\" src=\"http:\/\/recettes-gourmandes-de-joce.fr\/wp-content\/uploads\/2024\/07\/20200621_155803.jpg\" alt=\"\" width=\"227\" height=\"170\" srcset=\"http:\/\/recettes-gourmandes-de-joce.fr\/wp-content\/uploads\/2024\/07\/20200621_155803.jpg 800w, http:\/\/recettes-gourmandes-de-joce.fr\/wp-content\/uploads\/2024\/07\/20200621_155803-768x576.jpg 768w, http:\/\/recettes-gourmandes-de-joce.fr\/wp-content\/uploads\/2024\/07\/20200621_155803-750x563.jpg 750w\" sizes=\"auto, (max-width: 227px) 100vw, 227px\" \/> <img loading=\"lazy\" decoding=\"async\" class=\"alignnone wp-image-8043\" src=\"http:\/\/recettes-gourmandes-de-joce.fr\/wp-content\/uploads\/2019\/10\/pizza-chorizo-5-150x150.jpg\" alt=\"\" width=\"227\" height=\"170\" srcset=\"http:\/\/recettes-gourmandes-de-joce.fr\/wp-content\/uploads\/2019\/10\/pizza-chorizo-5-300x225.jpg 300w, http:\/\/recettes-gourmandes-de-joce.fr\/wp-content\/uploads\/2019\/10\/pizza-chorizo-5.jpg 640w\" sizes=\"auto, (max-width: 227px) 100vw, 227px\" \/> <img loading=\"lazy\" decoding=\"async\" class=\"alignnone wp-image-8042\" src=\"http:\/\/recettes-gourmandes-de-joce.fr\/wp-content\/uploads\/2019\/10\/pizza-chorizo-4-150x150.jpg\" alt=\"\" width=\"234\" height=\"170\" srcset=\"http:\/\/recettes-gourmandes-de-joce.fr\/wp-content\/uploads\/2019\/10\/pizza-chorizo-4-300x218.jpg 300w, http:\/\/recettes-gourmandes-de-joce.fr\/wp-content\/uploads\/2019\/10\/pizza-chorizo-4.jpg 640w\" sizes=\"auto, (max-width: 234px) 100vw, 234px\" \/>\u00a0<\/span><\/p>\n<p style=\"text-align: center;\"><span style=\"color: #ff0000; font-size: large; font-family: georgia, palatino, serif;\"><em>Couper la mozzarelle en morceaux. Pr\u00e9chauffer le four \u00e0 250\u00b0. Etaler votre p\u00e2te et en garnir une plaque \u00e0 pizza (elles sont trou\u00e9es pour faciliter la cuisson), r\u00e9partir dessus le coulis de tomate, ajouter les <\/em><\/span><em style=\"color: #ff0000; font-family: georgia, palatino, serif; font-size: large;\">champignons.<\/em><\/p>\n<p style=\"text-align: center;\"><span style=\"font-family: georgia, palatino, serif;\"><img loading=\"lazy\" decoding=\"async\" class=\"alignnone wp-image-8046\" src=\"http:\/\/recettes-gourmandes-de-joce.fr\/wp-content\/uploads\/2019\/10\/pizza-chorizo-8-150x150.jpg\" alt=\"\" width=\"203\" height=\"170\" srcset=\"http:\/\/recettes-gourmandes-de-joce.fr\/wp-content\/uploads\/2019\/10\/pizza-chorizo-8-300x252.jpg 300w, http:\/\/recettes-gourmandes-de-joce.fr\/wp-content\/uploads\/2019\/10\/pizza-chorizo-8.jpg 640w\" sizes=\"auto, (max-width: 203px) 100vw, 203px\" \/> <img loading=\"lazy\" decoding=\"async\" class=\"alignnone wp-image-8047\" src=\"http:\/\/recettes-gourmandes-de-joce.fr\/wp-content\/uploads\/2019\/10\/pizza-chorizo-9-150x150.jpg\" alt=\"\" width=\"227\" height=\"170\" srcset=\"http:\/\/recettes-gourmandes-de-joce.fr\/wp-content\/uploads\/2019\/10\/pizza-chorizo-9-300x225.jpg 300w, http:\/\/recettes-gourmandes-de-joce.fr\/wp-content\/uploads\/2019\/10\/pizza-chorizo-9.jpg 640w\" sizes=\"auto, (max-width: 227px) 100vw, 227px\" \/> <img loading=\"lazy\" decoding=\"async\" class=\"alignnone wp-image-8048\" src=\"http:\/\/recettes-gourmandes-de-joce.fr\/wp-content\/uploads\/2019\/10\/pizza-chorizo-10-150x150.jpg\" alt=\"\" width=\"227\" height=\"170\" srcset=\"http:\/\/recettes-gourmandes-de-joce.fr\/wp-content\/uploads\/2019\/10\/pizza-chorizo-10-300x225.jpg 300w, http:\/\/recettes-gourmandes-de-joce.fr\/wp-content\/uploads\/2019\/10\/pizza-chorizo-10.jpg 640w\" sizes=\"auto, (max-width: 227px) 100vw, 227px\" \/>\u00a0<\/span><\/p>\n<p style=\"text-align: center;\"><span style=\"font-family: georgia, palatino, serif;\"><span style=\"color: #ff0000; font-size: large;\"><em>R\u00e9partir le jambon et les rondelles de chorizo, ajouter un peu d&rsquo;herbes \u00e0 pizza ou d&rsquo;origan, saler et poivrer, ajouter un filet d&rsquo;huile d&rsquo;olive.<\/em><\/span><span style=\"color: #ff0000; font-size: large;\">\u00a0<\/span><span style=\"color: #ff0000; font-size: large;\"><em>\u00a0<\/em><\/span><\/span><\/p>\n<p style=\"text-align: center;\"><img loading=\"lazy\" decoding=\"async\" class=\"alignnone wp-image-8049\" style=\"font-family: georgia, palatino, serif;\" src=\"http:\/\/recettes-gourmandes-de-joce.fr\/wp-content\/uploads\/2019\/10\/pizza-chorizo-11-150x150.jpg\" alt=\"\" width=\"227\" height=\"170\" srcset=\"http:\/\/recettes-gourmandes-de-joce.fr\/wp-content\/uploads\/2019\/10\/pizza-chorizo-11-300x225.jpg 300w, http:\/\/recettes-gourmandes-de-joce.fr\/wp-content\/uploads\/2019\/10\/pizza-chorizo-11.jpg 640w\" sizes=\"auto, (max-width: 227px) 100vw, 227px\" \/><\/p>\n<p style=\"text-align: center;\"><span style=\"font-family: georgia, palatino, serif;\"><span style=\"color: #ff0000; font-size: large;\"><em><span style=\"color: #ff0000; font-size: large;\"><em>Ajouter la mozzarelle coup\u00e9e en d\u00e9s. <\/em><\/span><\/em><\/span><span style=\"color: #ff0000; font-size: large;\"><em>Enfourner \u00e0 250\u00b0 pendant environ 10 minutes selon les fours surveiller la cuisson.<\/em><\/span><\/span><\/p>\n<p style=\"text-align: center;\"><span style=\"color: #ff0000; font-size: large; font-family: georgia, palatino, serif;\"><em>Bon app\u00e9tit!<\/em><\/span><\/p>\n<p style=\"text-align: center;\"><span style=\"color: #ff0000; font-size: large; font-family: georgia, palatino, serif;\"><em><img loading=\"lazy\" decoding=\"async\" class=\"alignnone wp-image-8085\" src=\"http:\/\/recettes-gourmandes-de-joce.fr\/wp-content\/uploads\/2019\/10\/pizza-chorizo-1-150x150.jpg\" alt=\"\" width=\"249\" height=\"187\" srcset=\"http:\/\/recettes-gourmandes-de-joce.fr\/wp-content\/uploads\/2019\/10\/pizza-chorizo-1-300x225.jpg 300w, http:\/\/recettes-gourmandes-de-joce.fr\/wp-content\/uploads\/2019\/10\/pizza-chorizo-1.jpg 640w\" sizes=\"auto, (max-width: 249px) 100vw, 249px\" \/> <img loading=\"lazy\" decoding=\"async\" class=\"alignnone wp-image-8086\" src=\"http:\/\/recettes-gourmandes-de-joce.fr\/wp-content\/uploads\/2019\/10\/pizza-chorizo-2-150x150.jpg\" alt=\"\" width=\"249\" height=\"187\" srcset=\"http:\/\/recettes-gourmandes-de-joce.fr\/wp-content\/uploads\/2019\/10\/pizza-chorizo-2-300x225.jpg 300w, http:\/\/recettes-gourmandes-de-joce.fr\/wp-content\/uploads\/2019\/10\/pizza-chorizo-2.jpg 640w\" sizes=\"auto, (max-width: 249px) 100vw, 249px\" \/>\u00a0<\/em><\/span><\/p>\n<p style=\"text-align: center;\"><img loading=\"lazy\" decoding=\"async\" class=\"alignnone size-full wp-image-59803\" src=\"http:\/\/recettes-gourmandes-de-joce.fr\/wp-content\/uploads\/2024\/01\/logitech-gaming-software-14112014-121223.jpg\" alt=\"\" width=\"640\" height=\"144\" \/><\/p>\n<p style=\"text-align: center;\">\n","protected":false},"excerpt":{"rendered":"<p>Une de mes recettes Ingr\u00e9dients pour 1 grande pizza 280 g de p\u00e2te \u00e0 pizza 100 ml de coulis de tomate 8 tranches de chorizo fort ou doux selon vos go\u00fbts 1 poign\u00e9e de d\u00e9s de jambon 3 beaux champignons de Paris frais 1 boule de mozzarelle Sel et poivre Herbes pour pizza ou origan &hellip; <\/p>\n<p><a class=\"more-link btn\" href=\"http:\/\/recettes-gourmandes-de-joce.fr\/index.php\/index\/burgers-croques-tartines-pizzas\/pizzas\/pizza-chorizo-jambon-et-mozzarelle\/\">Lire la suite<\/a><\/p>\n","protected":false},"author":2,"featured_media":86575,"parent":231,"menu_order":0,"comment_status":"open","ping_status":"closed","template":"","meta":{"footnotes":""},"class_list":["post-8106","page","type-page","status-publish","has-post-thumbnail","hentry","nodate","item-wrap"],"_links":{"self":[{"href":"http:\/\/recettes-gourmandes-de-joce.fr\/index.php\/wp-json\/wp\/v2\/pages\/8106","targetHints":{"allow":["GET"]}}],"collection":[{"href":"http:\/\/recettes-gourmandes-de-joce.fr\/index.php\/wp-json\/wp\/v2\/pages"}],"about":[{"href":"http:\/\/recettes-gourmandes-de-joce.fr\/index.php\/wp-json\/wp\/v2\/types\/page"}],"author":[{"embeddable":true,"href":"http:\/\/recettes-gourmandes-de-joce.fr\/index.php\/wp-json\/wp\/v2\/users\/2"}],"replies":[{"embeddable":true,"href":"http:\/\/recettes-gourmandes-de-joce.fr\/index.php\/wp-json\/wp\/v2\/comments?post=8106"}],"version-history":[{"count":4,"href":"http:\/\/recettes-gourmandes-de-joce.fr\/index.php\/wp-json\/wp\/v2\/pages\/8106\/revisions"}],"predecessor-version":[{"id":86580,"href":"http:\/\/recettes-gourmandes-de-joce.fr\/index.php\/wp-json\/wp\/v2\/pages\/8106\/revisions\/86580"}],"up":[{"embeddable":true,"href":"http:\/\/recettes-gourmandes-de-joce.fr\/index.php\/wp-json\/wp\/v2\/pages\/231"}],"wp:featuredmedia":[{"embeddable":true,"href":"http:\/\/recettes-gourmandes-de-joce.fr\/index.php\/wp-json\/wp\/v2\/media\/86575"}],"wp:attachment":[{"href":"http:\/\/recettes-gourmandes-de-joce.fr\/index.php\/wp-json\/wp\/v2\/media?parent=8106"}],"curies":[{"name":"wp","href":"https:\/\/api.w.org\/{rel}","templated":true}]}}