{"id":8089,"date":"2019-10-29T23:36:25","date_gmt":"2019-10-29T23:36:25","guid":{"rendered":"http:\/\/recettes-gourmandes-de-joce.fr\/?page_id=8089"},"modified":"2024-07-03T22:59:16","modified_gmt":"2024-07-03T22:59:16","slug":"pizza-aux-merguez-champignons-et-poivrons","status":"publish","type":"page","link":"http:\/\/recettes-gourmandes-de-joce.fr\/index.php\/index\/burgers-croques-tartines-pizzas\/pizzas\/pizza-aux-merguez-champignons-et-poivrons\/","title":{"rendered":"Pizza aux merguez, champignons et poivrons."},"content":{"rendered":"<p style=\"text-align: center;\"><span style=\"color: #800000; font-size: x-large; text-decoration: underline; font-family: georgia, palatino, serif;\"><em>Une de mes recettes<\/em><\/span><\/p>\n<p style=\"text-align: center;\"><span style=\"font-family: georgia, palatino, serif;\"><img loading=\"lazy\" decoding=\"async\" class=\"alignnone wp-image-8066\" src=\"http:\/\/recettes-gourmandes-de-joce.fr\/wp-content\/uploads\/2019\/10\/pizza-r\u00e9gina-3-150x150.jpg\" alt=\"\" width=\"240\" height=\"180\" srcset=\"http:\/\/recettes-gourmandes-de-joce.fr\/wp-content\/uploads\/2019\/10\/pizza-r\u00e9gina-3-300x225.jpg 300w, http:\/\/recettes-gourmandes-de-joce.fr\/wp-content\/uploads\/2019\/10\/pizza-r\u00e9gina-3.jpg 640w\" sizes=\"auto, (max-width: 240px) 100vw, 240px\" \/> <img loading=\"lazy\" decoding=\"async\" class=\"alignnone wp-image-8067\" src=\"http:\/\/recettes-gourmandes-de-joce.fr\/wp-content\/uploads\/2019\/10\/pizza-r\u00e9gina-4-150x150.jpg\" alt=\"\" width=\"240\" height=\"180\" srcset=\"http:\/\/recettes-gourmandes-de-joce.fr\/wp-content\/uploads\/2019\/10\/pizza-r\u00e9gina-4-300x225.jpg 300w, http:\/\/recettes-gourmandes-de-joce.fr\/wp-content\/uploads\/2019\/10\/pizza-r\u00e9gina-4.jpg 640w\" sizes=\"auto, (max-width: 240px) 100vw, 240px\" \/><\/span><\/p>\n<p style=\"text-align: center;\"><span style=\"color: #800000; font-size: x-large; text-decoration: underline; font-family: georgia, palatino, serif;\"><em><span style=\"text-decoration: underline;\">Ingr\u00e9dients<\/span><\/em><\/span><\/p>\n<p style=\"text-align: center;\"><span style=\"font-family: georgia, palatino, serif;\"><img loading=\"lazy\" decoding=\"async\" class=\"alignnone wp-image-8068\" src=\"http:\/\/recettes-gourmandes-de-joce.fr\/wp-content\/uploads\/2019\/10\/pizza-r\u00e9gina-5-150x150.jpg\" alt=\"\" width=\"230\" height=\"175\" srcset=\"http:\/\/recettes-gourmandes-de-joce.fr\/wp-content\/uploads\/2019\/10\/pizza-r\u00e9gina-5-300x228.jpg 300w, http:\/\/recettes-gourmandes-de-joce.fr\/wp-content\/uploads\/2019\/10\/pizza-r\u00e9gina-5.jpg 640w\" sizes=\"auto, (max-width: 230px) 100vw, 230px\" \/><\/span><\/p>\n<p style=\"text-align: center;\"><span style=\"font-family: georgia, palatino, serif; color: #800000; font-size: large;\"><em>1 p\u00e2te \u00e0 pizza<\/em><\/span><\/p>\n<p style=\"text-align: center;\"><span style=\"font-family: georgia, palatino, serif; color: #800000; font-size: large;\"><em>3 champignons de Paris frais<\/em><\/span><\/p>\n<p style=\"text-align: center;\"><span style=\"font-family: georgia, palatino, serif; color: #800000; font-size: large;\"><em>1 petit oignon<\/em><\/span><\/p>\n<p style=\"text-align: center;\"><span style=\"font-family: georgia, palatino, serif; color: #800000; font-size: large;\"><em>2 merguez<\/em><\/span><\/p>\n<p style=\"text-align: center;\"><span style=\"font-family: georgia, palatino, serif; color: #800000; font-size: large;\"><em>1 boule de mozzarelle<\/em><\/span><\/p>\n<p style=\"text-align: center;\"><span style=\"font-family: georgia, palatino, serif; color: #800000; font-size: large;\"><em>1 c \u00e0 c d&rsquo;herbes pour pizza ou d&rsquo;origan sec<\/em><\/span><\/p>\n<p style=\"text-align: center;\"><span style=\"font-family: georgia, palatino, serif; color: #800000; font-size: large;\"><em>\u00bd poivron<\/em><\/span><\/p>\n<p style=\"text-align: center;\"><span style=\"font-family: georgia, palatino, serif; color: #800000; font-size: large;\"><em>1 louche de coulis de tomate<\/em><\/span><\/p>\n<p style=\"text-align: center;\"><span style=\"font-family: georgia, palatino, serif; color: #800000; font-size: large;\"><em>Sel<\/em><\/span><\/p>\n<p style=\"text-align: center;\"><span style=\"font-family: georgia, palatino, serif; color: #800000; font-size: large;\"><em>Huile d&rsquo;olive<\/em><\/span><\/p>\n<p style=\"text-align: center;\"><span style=\"font-family: georgia, palatino, serif; font-size: large;\"><em><span style=\"color: #808080;\"><span style=\"color: #800000;\">Recette de la p\u00e2te \u00e0 pizza sur ce lien -&gt; <a href=\"http:\/\/recettes-gourmandes-de-joce.fr\/index.php\/index\/pains-viennoiseries-map\/map-machine-a-pain\/pate-a-pizza\/\">P\u00e2te \u00e0 pizza <img loading=\"lazy\" decoding=\"async\" class=\"alignnone size-thumbnail wp-image-8041\" src=\"http:\/\/recettes-gourmandes-de-joce.fr\/wp-content\/uploads\/2019\/10\/pizza-chorizo-3-150x150.jpg\" alt=\"\" width=\"150\" height=\"150\" \/><\/a><\/span><\/span><\/em><\/span><\/p>\n<p style=\"text-align: center;\"><img loading=\"lazy\" decoding=\"async\" class=\"alignnone wp-image-86566\" src=\"http:\/\/recettes-gourmandes-de-joce.fr\/wp-content\/uploads\/2024\/07\/20201101_202426.jpg\" alt=\"\" width=\"259\" height=\"170\" srcset=\"http:\/\/recettes-gourmandes-de-joce.fr\/wp-content\/uploads\/2024\/07\/20201101_202426.jpg 800w, http:\/\/recettes-gourmandes-de-joce.fr\/wp-content\/uploads\/2024\/07\/20201101_202426-768x504.jpg 768w, http:\/\/recettes-gourmandes-de-joce.fr\/wp-content\/uploads\/2024\/07\/20201101_202426-750x492.jpg 750w\" sizes=\"auto, (max-width: 259px) 100vw, 259px\" \/> <img loading=\"lazy\" decoding=\"async\" class=\"alignnone wp-image-86563\" src=\"http:\/\/recettes-gourmandes-de-joce.fr\/wp-content\/uploads\/2024\/07\/oignons-1.jpg\" alt=\"\" width=\"224\" height=\"170\" \/> <img loading=\"lazy\" decoding=\"async\" class=\"alignnone wp-image-86564\" src=\"http:\/\/recettes-gourmandes-de-joce.fr\/wp-content\/uploads\/2024\/07\/poivron.jpg\" alt=\"\" width=\"249\" height=\"170\" \/><\/p>\n<p style=\"text-align: center;\"><span style=\"font-family: georgia, palatino, serif; color: #800000; font-size: large;\"><em>Nettoyer les champignons et \u00e9mincez l\u00e8s, peler et \u00e9mincer l&rsquo;oignon, laver et couper le poivron en lani\u00e8res.<\/em><\/span><\/p>\n<p style=\"text-align: center;\"><img loading=\"lazy\" decoding=\"async\" class=\"alignnone wp-image-86565\" src=\"http:\/\/recettes-gourmandes-de-joce.fr\/wp-content\/uploads\/2024\/07\/20200621_155803.jpg\" alt=\"\" width=\"227\" height=\"170\" srcset=\"http:\/\/recettes-gourmandes-de-joce.fr\/wp-content\/uploads\/2024\/07\/20200621_155803.jpg 800w, http:\/\/recettes-gourmandes-de-joce.fr\/wp-content\/uploads\/2024\/07\/20200621_155803-768x576.jpg 768w, http:\/\/recettes-gourmandes-de-joce.fr\/wp-content\/uploads\/2024\/07\/20200621_155803-750x563.jpg 750w\" sizes=\"auto, (max-width: 227px) 100vw, 227px\" \/> <img loading=\"lazy\" decoding=\"async\" class=\"alignnone wp-image-86567\" src=\"http:\/\/recettes-gourmandes-de-joce.fr\/wp-content\/uploads\/2024\/07\/20200513_194055.jpg\" alt=\"\" width=\"276\" height=\"170\" srcset=\"http:\/\/recettes-gourmandes-de-joce.fr\/wp-content\/uploads\/2024\/07\/20200513_194055.jpg 800w, http:\/\/recettes-gourmandes-de-joce.fr\/wp-content\/uploads\/2024\/07\/20200513_194055-768x473.jpg 768w, http:\/\/recettes-gourmandes-de-joce.fr\/wp-content\/uploads\/2024\/07\/20200513_194055-750x462.jpg 750w\" sizes=\"auto, (max-width: 276px) 100vw, 276px\" \/><\/p>\n<p style=\"text-align: center;\"><span style=\"font-family: georgia, palatino, serif; color: #800000; font-size: large;\"><em> Couper la mozzarelle en d\u00e9s et les merguez en morceaux.<\/em><\/span><\/p>\n<p style=\"text-align: center;\"><span style=\"font-family: georgia, palatino, serif;\"><img loading=\"lazy\" decoding=\"async\" class=\"alignnone wp-image-8043\" src=\"http:\/\/recettes-gourmandes-de-joce.fr\/wp-content\/uploads\/2019\/10\/pizza-chorizo-5-150x150.jpg\" alt=\"\" width=\"227\" height=\"170\" srcset=\"http:\/\/recettes-gourmandes-de-joce.fr\/wp-content\/uploads\/2019\/10\/pizza-chorizo-5-300x225.jpg 300w, http:\/\/recettes-gourmandes-de-joce.fr\/wp-content\/uploads\/2019\/10\/pizza-chorizo-5.jpg 640w\" sizes=\"auto, (max-width: 227px) 100vw, 227px\" \/> <img loading=\"lazy\" decoding=\"async\" class=\"alignnone wp-image-8042\" src=\"http:\/\/recettes-gourmandes-de-joce.fr\/wp-content\/uploads\/2019\/10\/pizza-chorizo-4-150x150.jpg\" alt=\"\" width=\"234\" height=\"170\" srcset=\"http:\/\/recettes-gourmandes-de-joce.fr\/wp-content\/uploads\/2019\/10\/pizza-chorizo-4-300x218.jpg 300w, http:\/\/recettes-gourmandes-de-joce.fr\/wp-content\/uploads\/2019\/10\/pizza-chorizo-4.jpg 640w\" sizes=\"auto, (max-width: 234px) 100vw, 234px\" \/> <img loading=\"lazy\" decoding=\"async\" class=\"alignnone wp-image-8077\" src=\"http:\/\/recettes-gourmandes-de-joce.fr\/wp-content\/uploads\/2019\/10\/pizza-saumon-fromage-6-150x150.jpg\" alt=\"\" width=\"227\" height=\"170\" srcset=\"http:\/\/recettes-gourmandes-de-joce.fr\/wp-content\/uploads\/2019\/10\/pizza-saumon-fromage-6-300x225.jpg 300w, http:\/\/recettes-gourmandes-de-joce.fr\/wp-content\/uploads\/2019\/10\/pizza-saumon-fromage-6.jpg 640w\" sizes=\"auto, (max-width: 227px) 100vw, 227px\" \/><\/span><\/p>\n<p style=\"text-align: center;\"><span style=\"font-family: georgia, palatino, serif;\"><span style=\"color: #800000; font-size: large;\"><em>Pr\u00e9parer votre p\u00e2te \u00e0 pizza selon la recette, ensuite, <em>Pr\u00e9chauffer le four \u00e0 250\u00b0. Etaler votre p\u00e2te et en garnir une plaque \u00e0 pizza (elles sont trou\u00e9es pour faciliter la cuisson).<\/em><\/em><\/span><em style=\"font-size: large;\"><span style=\"color: #808080;\"><em>\u00a0<span style=\"color: #800000;\"><em><em>R\u00e9partir dessus le coulis de tomate, ajouter les oignons \u00e9minc\u00e9s.\u00a0<\/em><\/em><\/span><span style=\"color: #800000;\">Ajouter les champignons.<\/span><\/em><\/span><\/em><\/span><\/p>\n<p style=\"text-align: center;\"><span style=\"font-family: georgia, palatino, serif;\"><img loading=\"lazy\" decoding=\"async\" class=\"alignnone wp-image-8069\" src=\"http:\/\/recettes-gourmandes-de-joce.fr\/wp-content\/uploads\/2019\/10\/pizza-r\u00e9gina-6-150x150.jpg\" alt=\"\" width=\"210\" height=\"170\" srcset=\"http:\/\/recettes-gourmandes-de-joce.fr\/wp-content\/uploads\/2019\/10\/pizza-r\u00e9gina-6-300x242.jpg 300w, http:\/\/recettes-gourmandes-de-joce.fr\/wp-content\/uploads\/2019\/10\/pizza-r\u00e9gina-6.jpg 640w\" sizes=\"auto, (max-width: 210px) 100vw, 210px\" \/> <img loading=\"lazy\" decoding=\"async\" class=\"alignnone wp-image-8044\" src=\"http:\/\/recettes-gourmandes-de-joce.fr\/wp-content\/uploads\/2019\/10\/pizza-chorizo-6-150x150.jpg\" alt=\"\" width=\"227\" height=\"170\" srcset=\"http:\/\/recettes-gourmandes-de-joce.fr\/wp-content\/uploads\/2019\/10\/pizza-chorizo-6-300x225.jpg 300w, http:\/\/recettes-gourmandes-de-joce.fr\/wp-content\/uploads\/2019\/10\/pizza-chorizo-6.jpg 640w\" sizes=\"auto, (max-width: 227px) 100vw, 227px\" \/><\/span><\/p>\n<p style=\"text-align: center;\"><span style=\"font-family: georgia, palatino, serif; font-size: large;\"><em><span style=\"color: #808080;\"><em><span style=\"color: #808080;\"><span style=\"color: #800000;\">\u00a0Ajouter la mozzarelle, les morceaux de merguez et de poivrons, saler et parsemer d&rsquo;herbes pour pizza, ajouter un filet d&rsquo;huile d&rsquo;olive et <em>Enfourner \u00e0 250\u00b0 pendant environ 10 minutes selon les fours surveiller la cuisson.<\/em><\/span><\/span><\/em><\/span><\/em><\/span><\/p>\n<p style=\"text-align: center;\"><span style=\"font-family: georgia, palatino, serif; color: #800000; font-size: large;\"><em><em><em>Bonne pizza!<\/em><\/em><\/em><\/span><\/p>\n<p style=\"text-align: center;\"><span style=\"font-family: georgia, palatino, serif;\"><img loading=\"lazy\" decoding=\"async\" class=\"alignnone wp-image-8066\" src=\"http:\/\/recettes-gourmandes-de-joce.fr\/wp-content\/uploads\/2019\/10\/pizza-r\u00e9gina-3-150x150.jpg\" alt=\"\" width=\"240\" height=\"180\" srcset=\"http:\/\/recettes-gourmandes-de-joce.fr\/wp-content\/uploads\/2019\/10\/pizza-r\u00e9gina-3-300x225.jpg 300w, http:\/\/recettes-gourmandes-de-joce.fr\/wp-content\/uploads\/2019\/10\/pizza-r\u00e9gina-3.jpg 640w\" sizes=\"auto, (max-width: 240px) 100vw, 240px\" \/> <img loading=\"lazy\" decoding=\"async\" class=\"alignnone wp-image-8067\" src=\"http:\/\/recettes-gourmandes-de-joce.fr\/wp-content\/uploads\/2019\/10\/pizza-r\u00e9gina-4-150x150.jpg\" alt=\"\" width=\"240\" height=\"180\" srcset=\"http:\/\/recettes-gourmandes-de-joce.fr\/wp-content\/uploads\/2019\/10\/pizza-r\u00e9gina-4-300x225.jpg 300w, http:\/\/recettes-gourmandes-de-joce.fr\/wp-content\/uploads\/2019\/10\/pizza-r\u00e9gina-4.jpg 640w\" sizes=\"auto, (max-width: 240px) 100vw, 240px\" \/><\/span><\/p>\n<p style=\"text-align: center;\"><img loading=\"lazy\" decoding=\"async\" class=\"alignnone wp-image-44943 size-full\" src=\"http:\/\/recettes-gourmandes-de-joce.fr\/wp-content\/uploads\/2022\/05\/logitech-gaming-software-14112014-121223.jpg\" alt=\"\" width=\"640\" height=\"144\" srcset=\"http:\/\/recettes-gourmandes-de-joce.fr\/wp-content\/uploads\/2022\/05\/logitech-gaming-software-14112014-121223.jpg 640w, http:\/\/recettes-gourmandes-de-joce.fr\/wp-content\/uploads\/2022\/05\/logitech-gaming-software-14112014-121223-300x68.jpg 300w\" sizes=\"auto, (max-width: 640px) 100vw, 640px\" \/><\/p>\n<p>&nbsp;<\/p>\n","protected":false},"excerpt":{"rendered":"<p>Une de mes recettes Ingr\u00e9dients 1 p\u00e2te \u00e0 pizza 3 champignons de Paris frais 1 petit oignon 2 merguez 1 boule de mozzarelle 1 c \u00e0 c d&rsquo;herbes pour pizza ou d&rsquo;origan sec \u00bd poivron 1 louche de coulis de tomate Sel Huile d&rsquo;olive Recette de la p\u00e2te \u00e0 pizza sur ce lien -&gt; P\u00e2te &hellip; <\/p>\n<p><a class=\"more-link btn\" href=\"http:\/\/recettes-gourmandes-de-joce.fr\/index.php\/index\/burgers-croques-tartines-pizzas\/pizzas\/pizza-aux-merguez-champignons-et-poivrons\/\">Lire la suite<\/a><\/p>\n","protected":false},"author":2,"featured_media":86562,"parent":231,"menu_order":0,"comment_status":"open","ping_status":"closed","template":"","meta":{"footnotes":""},"class_list":["post-8089","page","type-page","status-publish","has-post-thumbnail","hentry","nodate","item-wrap"],"_links":{"self":[{"href":"http:\/\/recettes-gourmandes-de-joce.fr\/index.php\/wp-json\/wp\/v2\/pages\/8089","targetHints":{"allow":["GET"]}}],"collection":[{"href":"http:\/\/recettes-gourmandes-de-joce.fr\/index.php\/wp-json\/wp\/v2\/pages"}],"about":[{"href":"http:\/\/recettes-gourmandes-de-joce.fr\/index.php\/wp-json\/wp\/v2\/types\/page"}],"author":[{"embeddable":true,"href":"http:\/\/recettes-gourmandes-de-joce.fr\/index.php\/wp-json\/wp\/v2\/users\/2"}],"replies":[{"embeddable":true,"href":"http:\/\/recettes-gourmandes-de-joce.fr\/index.php\/wp-json\/wp\/v2\/comments?post=8089"}],"version-history":[{"count":5,"href":"http:\/\/recettes-gourmandes-de-joce.fr\/index.php\/wp-json\/wp\/v2\/pages\/8089\/revisions"}],"predecessor-version":[{"id":86569,"href":"http:\/\/recettes-gourmandes-de-joce.fr\/index.php\/wp-json\/wp\/v2\/pages\/8089\/revisions\/86569"}],"up":[{"embeddable":true,"href":"http:\/\/recettes-gourmandes-de-joce.fr\/index.php\/wp-json\/wp\/v2\/pages\/231"}],"wp:featuredmedia":[{"embeddable":true,"href":"http:\/\/recettes-gourmandes-de-joce.fr\/index.php\/wp-json\/wp\/v2\/media\/86562"}],"wp:attachment":[{"href":"http:\/\/recettes-gourmandes-de-joce.fr\/index.php\/wp-json\/wp\/v2\/media?parent=8089"}],"curies":[{"name":"wp","href":"https:\/\/api.w.org\/{rel}","templated":true}]}}