{"id":8014,"date":"2019-10-29T10:24:28","date_gmt":"2019-10-29T10:24:28","guid":{"rendered":"http:\/\/recettes-gourmandes-de-joce.fr\/?page_id=8014"},"modified":"2025-03-25T10:06:07","modified_gmt":"2025-03-25T10:06:07","slug":"pains-a-hamburgers","status":"publish","type":"page","link":"http:\/\/recettes-gourmandes-de-joce.fr\/index.php\/index\/burgers-croques-tartines-pizzas\/bugers\/pains-a-hamburgers\/","title":{"rendered":"Pains \u00e0 hamburgers."},"content":{"rendered":"<p style=\"text-align: center;\"><span style=\"color: #800000;\"><span style=\"font-family: georgia,serif;\">\u00a0\u00a0\u00a0<span style=\"text-decoration: underline;\"><em><span style=\"font-size: x-large;\">Pains \u00e0 hamburgers en MAP<\/span><\/em><\/span>\u00a0<\/span><\/span><\/p>\n<p style=\"text-align: center;\"><img loading=\"lazy\" decoding=\"async\" class=\"alignnone wp-image-8007\" src=\"http:\/\/recettes-gourmandes-de-joce.fr\/wp-content\/uploads\/2019\/10\/100-3330-150x150.jpg\" alt=\"\" width=\"249\" height=\"187\" srcset=\"http:\/\/recettes-gourmandes-de-joce.fr\/wp-content\/uploads\/2019\/10\/100-3330-300x225.jpg 300w, http:\/\/recettes-gourmandes-de-joce.fr\/wp-content\/uploads\/2019\/10\/100-3330.jpg 640w\" sizes=\"auto, (max-width: 249px) 100vw, 249px\" \/> <img loading=\"lazy\" decoding=\"async\" class=\"alignnone wp-image-8008\" src=\"http:\/\/recettes-gourmandes-de-joce.fr\/wp-content\/uploads\/2019\/10\/100-3346-150x150.jpg\" alt=\"\" width=\"249\" height=\"187\" srcset=\"http:\/\/recettes-gourmandes-de-joce.fr\/wp-content\/uploads\/2019\/10\/100-3346-300x225.jpg 300w, http:\/\/recettes-gourmandes-de-joce.fr\/wp-content\/uploads\/2019\/10\/100-3346.jpg 640w\" sizes=\"auto, (max-width: 249px) 100vw, 249px\" \/><\/p>\n<p style=\"text-align: center;\"><span style=\"color: #800000;\"><span style=\"font-family: georgia,serif;\"><span style=\"text-decoration: underline;\"><em><span style=\"font-size: x-large;\">Ingr\u00e9dients pour\u00a06 gros\u00a0hamburgers<\/span><\/em><\/span><\/span><\/span><\/p>\n<p style=\"text-align: center;\"><span style=\"color: #800000;\"><span style=\"font-family: georgia,serif;\"><span style=\"font-size: large; text-decoration: underline;\"><em>(voir plus selon la taille que vous r\u00e9alisez)<\/em><\/span><\/span><\/span><\/p>\n<p style=\"text-align: center;\"><span style=\"color: #800000;\"><span style=\"font-family: georgia,serif;\"><em><span style=\"font-size: large;\">600 g de farine<\/span><\/em>\u00a0<\/span><\/span><\/p>\n<p style=\"text-align: center;\"><span style=\"color: #800000;\"><span style=\"font-family: georgia,serif;\"><em><span style=\"font-size: large;\">120 ml d&rsquo;eau<\/span><\/em>\u00a0<\/span><\/span><\/p>\n<p style=\"text-align: center;\"><span style=\"color: #800000;\"><span style=\"font-family: georgia,serif;\"><em><span style=\"font-size: large;\">180 ml de lait<\/span><\/em>\u00a0<\/span><\/span><\/p>\n<p style=\"text-align: center;\"><span style=\"color: #800000;\"><span style=\"font-family: georgia,serif;\"><em style=\"color: #800000; font-family: georgia, serif;\"><span style=\"font-size: large;\">1\u00a0<\/span><\/em><span style=\"color: #800000; font-family: georgia, serif; font-size: large;\"><i>\u0153uf<\/i><\/span><span style=\"color: #800000; font-family: georgia, serif;\">\u00a0<\/span><\/span><\/span><\/p>\n<p style=\"text-align: center;\"><span style=\"color: #800000;\"><span style=\"font-family: georgia,serif;\"><em><span style=\"font-size: large;\">30 g de beurre<\/span><\/em><\/span><\/span><\/p>\n<p style=\"text-align: center;\"><span style=\"color: #800000;\"><span style=\"font-family: georgia,serif;\"><em><span style=\"font-size: large;\">15 g de sucre semoule<\/span><\/em><\/span><\/span><\/p>\n<p style=\"text-align: center;\"><span style=\"color: #800000;\"><span style=\"font-family: georgia,serif;\"><em><span style=\"font-size: large;\">10 g de sel<\/span><\/em><\/span><\/span><\/p>\n<p style=\"text-align: center;\"><span style=\"color: #800000;\"><span style=\"font-family: georgia,serif;\"><em><span style=\"font-size: large;\">7 g de levure de boulanger\u00a0<\/span><\/em><\/span><\/span><span style=\"color: #800000; font-family: georgia, serif; font-size: large;\"><i>d\u00e9shydrat\u00e9e<\/i><\/span><\/p>\n<p style=\"text-align: center;\"><span style=\"color: #800000;\"><span style=\"font-family: georgia,serif;\"><em><span style=\"font-size: large;\">1 \u0153uf pour la dorure<\/span><\/em><\/span><\/span><\/p>\n<p style=\"text-align: center;\"><span style=\"font-family: georgia,serif;\"><span style=\"color: #800000;\"><em><span style=\"font-size: large;\"><em><span style=\"font-size: large;\">S\u00e9same dor\u00e9 -&gt;<\/span><\/em><\/span><\/em><\/span><span style=\"color: #800080;\"><em><span style=\"font-size: large;\"><em><span style=\"font-size: large;\"> \u00c9pic\u00e9too<\/span><\/em><\/span><\/em>\u00a0<\/span><\/span><\/p>\n<p style=\"text-align: center;\"><span style=\"font-size: 20px;\"><span style=\"font-family: georgia,serif;\"><em><span style=\"color: #800000;\">\u00c9quivalences en poids entre la fra\u00eeche et la s\u00e8che de boulanger sur <\/span><\/em><\/span><\/span><\/p>\n<p style=\"text-align: center;\"><span style=\"font-size: 20px;\"><span style=\"font-family: georgia,serif;\"><em><span style=\"color: #800000;\">ce lien -&gt; <\/span><a href=\"http:\/\/recettes-gourmandes-de-joce.fr\/index.php\/index-divers\/conversions-equivalences\/equivalence-entre-la-levure-de-boulanger-seche-instantanee-ou-fraich\/\">Levure de boulanger\u00a0<\/a><\/em><\/span><\/span><\/p>\n<p style=\"text-align: center;\"><span style=\"color: #ff0000;\"><span style=\"font-size: 20px;\"><span style=\"font-family: georgia,serif;\"><em>SANS MAP\u00a0-&gt;<\/em><\/span><\/span><\/span><span style=\"color: #800000;\"><span style=\"font-size: 20px;\"><span style=\"font-family: georgia,serif;\"><em><span style=\"color: #800000; font-family: georgia, serif;\"><span style=\"font-size: 20px;\"> P\u00e9trir les ingr\u00e9dients en \u00e9vitant de mettre en contact direct la levure et le sel pendant 10 minutes et laisser lever 1h30 sous un torchon au chaud \u00e0 l&rsquo;abris des courants d&rsquo;air, reprendre ensuite la recette \u00e0 la phase fa\u00e7onnage.<\/span><\/span><\/em><\/span><\/span><\/span><\/p>\n<p style=\"text-align: center;\"><img loading=\"lazy\" decoding=\"async\" class=\"alignnone wp-image-8009\" src=\"http:\/\/recettes-gourmandes-de-joce.fr\/wp-content\/uploads\/2019\/10\/P8080262-150x150.jpg\" alt=\"\" width=\"207\" height=\"155\" srcset=\"http:\/\/recettes-gourmandes-de-joce.fr\/wp-content\/uploads\/2019\/10\/P8080262-300x225.jpg 300w, http:\/\/recettes-gourmandes-de-joce.fr\/wp-content\/uploads\/2019\/10\/P8080262.jpg 640w\" sizes=\"auto, (max-width: 207px) 100vw, 207px\" \/> <img loading=\"lazy\" decoding=\"async\" class=\"alignnone wp-image-8010\" src=\"http:\/\/recettes-gourmandes-de-joce.fr\/wp-content\/uploads\/2019\/10\/P8080263-150x150.jpg\" alt=\"\" width=\"207\" height=\"155\" srcset=\"http:\/\/recettes-gourmandes-de-joce.fr\/wp-content\/uploads\/2019\/10\/P8080263-300x225.jpg 300w, http:\/\/recettes-gourmandes-de-joce.fr\/wp-content\/uploads\/2019\/10\/P8080263.jpg 640w\" sizes=\"auto, (max-width: 207px) 100vw, 207px\" \/> <img loading=\"lazy\" decoding=\"async\" class=\"alignnone wp-image-8011\" src=\"http:\/\/recettes-gourmandes-de-joce.fr\/wp-content\/uploads\/2019\/10\/P8080264-150x150.jpg\" alt=\"\" width=\"207\" height=\"155\" srcset=\"http:\/\/recettes-gourmandes-de-joce.fr\/wp-content\/uploads\/2019\/10\/P8080264-300x225.jpg 300w, http:\/\/recettes-gourmandes-de-joce.fr\/wp-content\/uploads\/2019\/10\/P8080264.jpg 640w\" sizes=\"auto, (max-width: 207px) 100vw, 207px\" \/><\/p>\n<p style=\"text-align: center;\"><span style=\"color: #800000;\"><span style=\"font-family: georgia,serif;\"><em><span style=\"font-size: large;\"><em><span style=\"font-size: large;\"><span style=\"color: #800000; font-family: georgia, serif; font-size: large;\">Mettre dans la Map dans cet ordre, levure, le lait ti\u00e8de, le sucre ajouter l&rsquo;eau, la farine puis le beurre, l&rsquo;\u0153uf et le sel en dernier et lancer le programme p\u00e2te (dur\u00e9e 1h30 sans cuisson). Quand le programme est termin\u00e9, diviser la p\u00e2te en 6 pour de gros hamburgers ou 12 pour des hamburgers de taille normale.<\/span><\/span><\/em><\/span><\/em><span style=\"color: #800000; font-family: georgia, serif;\">\u00a0<\/span><\/span><\/span><\/p>\n<p style=\"text-align: center;\"><img loading=\"lazy\" decoding=\"async\" class=\"alignnone wp-image-8012\" src=\"http:\/\/recettes-gourmandes-de-joce.fr\/wp-content\/uploads\/2019\/10\/P8080265-001-150x150.jpg\" alt=\"\" width=\"146\" height=\"155\" srcset=\"http:\/\/recettes-gourmandes-de-joce.fr\/wp-content\/uploads\/2019\/10\/P8080265-001-282x300.jpg 282w, http:\/\/recettes-gourmandes-de-joce.fr\/wp-content\/uploads\/2019\/10\/P8080265-001.jpg 602w\" sizes=\"auto, (max-width: 146px) 100vw, 146px\" \/> <img loading=\"lazy\" decoding=\"async\" class=\"alignnone wp-image-8013\" src=\"http:\/\/recettes-gourmandes-de-joce.fr\/wp-content\/uploads\/2019\/10\/P8080267-150x150.jpg\" alt=\"\" width=\"168\" height=\"155\" srcset=\"http:\/\/recettes-gourmandes-de-joce.fr\/wp-content\/uploads\/2019\/10\/P8080267-300x277.jpg 300w, http:\/\/recettes-gourmandes-de-joce.fr\/wp-content\/uploads\/2019\/10\/P8080267.jpg 640w\" sizes=\"auto, (max-width: 168px) 100vw, 168px\" \/> <img loading=\"lazy\" decoding=\"async\" class=\"alignnone wp-image-8006\" src=\"http:\/\/recettes-gourmandes-de-joce.fr\/wp-content\/uploads\/2019\/10\/100-3328-150x150.jpg\" alt=\"\" width=\"225\" height=\"155\" srcset=\"http:\/\/recettes-gourmandes-de-joce.fr\/wp-content\/uploads\/2019\/10\/100-3328-300x206.jpg 300w, http:\/\/recettes-gourmandes-de-joce.fr\/wp-content\/uploads\/2019\/10\/100-3328.jpg 640w\" sizes=\"auto, (max-width: 225px) 100vw, 225px\" \/><\/p>\n<p style=\"text-align: center;\"><span style=\"color: #800000;\"><span style=\"font-family: georgia,serif;\"><em><span style=\"font-size: large;\">Fa\u00e7onner\u00a0des boules et laisser lever sous un torchon environ 45 minutes. Au bout de ce temps,\u00a0battre l&rsquo;\u0153uf en omelette et en passer sur\u00a0les hamburgers <em><span style=\"font-size: large;\">et\u00a0<\/span><\/em><\/span><\/em><\/span><\/span><em style=\"color: #800000; font-family: georgia, serif;\"><span style=\"font-size: large;\"><em>les <\/em><\/span><\/em><em style=\"font-family: georgia, serif; color: #800000;\"><span style=\"font-size: large;\"><em>parsemer de graines de s\u00e9same.<\/em><\/span><\/em><\/p>\n<p style=\"text-align: center;\"><span style=\"color: #800000;\"><span style=\"font-family: georgia,serif;\"><em><span style=\"font-size: large;\">Pr\u00e9chauffer le four \u00e0 200\u00b0 pendant la lev\u00e9e. Cuire environ 15 minutes selon les fours surveiller la coloration et la cuisson au besoin les retourner et poursuivre la cuisson 5 minutes pour cuire le dessous. Les laisser refroidir sur une grille.<\/span><\/em>\u00a0<\/span><\/span><\/p>\n<p style=\"text-align: center;\"><span style=\"color: #800000;\"><span style=\"font-family: georgia,serif;\"><em><span style=\"font-size: large;\">Bon Hamburger!<\/span><\/em><\/span><\/span><\/p>\n<p style=\"text-align: center;\"><img loading=\"lazy\" decoding=\"async\" class=\"alignnone wp-image-8008\" src=\"http:\/\/recettes-gourmandes-de-joce.fr\/wp-content\/uploads\/2019\/10\/100-3346-150x150.jpg\" alt=\"\" width=\"249\" height=\"187\" srcset=\"http:\/\/recettes-gourmandes-de-joce.fr\/wp-content\/uploads\/2019\/10\/100-3346-300x225.jpg 300w, http:\/\/recettes-gourmandes-de-joce.fr\/wp-content\/uploads\/2019\/10\/100-3346.jpg 640w\" sizes=\"auto, (max-width: 249px) 100vw, 249px\" \/> <img loading=\"lazy\" decoding=\"async\" class=\"alignnone wp-image-8007\" src=\"http:\/\/recettes-gourmandes-de-joce.fr\/wp-content\/uploads\/2019\/10\/100-3330-150x150.jpg\" alt=\"\" width=\"249\" height=\"187\" srcset=\"http:\/\/recettes-gourmandes-de-joce.fr\/wp-content\/uploads\/2019\/10\/100-3330-300x225.jpg 300w, http:\/\/recettes-gourmandes-de-joce.fr\/wp-content\/uploads\/2019\/10\/100-3330.jpg 640w\" sizes=\"auto, (max-width: 249px) 100vw, 249px\" \/><\/p>\n<p><img loading=\"lazy\" decoding=\"async\" class=\"aligncenter wp-image-44943 size-full\" src=\"http:\/\/recettes-gourmandes-de-joce.fr\/wp-content\/uploads\/2022\/05\/logitech-gaming-software-14112014-121223.jpg\" alt=\"\" width=\"640\" height=\"144\" srcset=\"http:\/\/recettes-gourmandes-de-joce.fr\/wp-content\/uploads\/2022\/05\/logitech-gaming-software-14112014-121223.jpg 640w, http:\/\/recettes-gourmandes-de-joce.fr\/wp-content\/uploads\/2022\/05\/logitech-gaming-software-14112014-121223-300x68.jpg 300w\" sizes=\"auto, (max-width: 640px) 100vw, 640px\" \/><\/p>\n<p>&nbsp;<\/p>\n<h3>Commentaires\u00a0<small>(2)<\/small><\/h3>\n<div class=\"items-container\">\n<div class=\"item item-comment media\">\n<div class=\"pull-left\"><img decoding=\"async\" class=\"media-object\" src=\"https:\/\/www.gravatar.com\/avatar\/84803d90542d17c2549bdf2b18ef50a3?d=https%3A%2F%2Fwww.recettes-gourmandes-de-joce.com%2Fmedias%2Fstatic%2Fmanager%2Fim%2Favatar.png?s=50&amp;d=mm\" alt=\"isabelle\" width=\"50\" \/><\/div>\n<div class=\"media-body\">\n<ul class=\"inline item-infos\">\n<li><span class=\"comment-number\">1.<\/span>\u00a0<span class=\"comment-author\"><strong>isabelle<\/strong><\/span>\u00a0<span class=\"comment-date\">| 22\/03\/2018<\/span><\/li>\n<\/ul>\n<div class=\"comment-content\">Bonjour,<br \/>\nrecette test\u00e9e hier et ils sont tr\u00e8s bon et tr\u00e8s moelleux merci pour vos recettes.<br \/>\nBonne journ\u00e9e<\/div>\n<div class=\"item item-comment media by-webmaster\">\n<div class=\"pull-left\">\n<p>&nbsp;<\/p>\n<\/div>\n<div class=\"media-body\">\n<ul class=\"inline item-infos\">\n<li><span class=\"comment-author\"><strong>jocelyne debon<\/strong>\u00a0(<a rel=\"nofollow\">site web<\/a>)<\/span>\u00a0<span class=\"comment-date\">| 22\/03\/2018<\/span><\/li>\n<\/ul>\n<div class=\"comment-content\">Merciii c&rsquo;est vrai qu&rsquo;ils sont super, je ne fais plus que cette recette depuis des ann\u00e9es et jamais d\u00e9\u00e7ue<\/div>\n<div class=\"comment-content\">Merci pour votre com et d&rsquo;avoir donn\u00e9 votre avis<\/div>\n<div class=\"comment-content\">Bonne journ\u00e9e<\/div>\n<div class=\"comment-content\">Au plaisir Amicalement Joce<\/div>\n<div class=\"comment-content\"><\/div>\n<div>\n<div class=\"items-container\">\n<div class=\"item item-comment media\">\n<div class=\"pull-left\"><img decoding=\"async\" class=\"media-object\" src=\"https:\/\/www.gravatar.com\/avatar\/998d03f6cd40052b30081085481cad28?d=https%3A%2F%2Fwww.recettes-gourmandes-de-joce.com%2Fmedias%2Fstatic%2Fmanager%2Fim%2Favatar.png?s=50&amp;d=mm\" alt=\"Dani.\" width=\"50\" \/><\/div>\n<div class=\"media-body\">\n<ul class=\"inline item-infos\">\n<li><span class=\"comment-number\">1.<\/span>\u00a0<span class=\"comment-author\"><strong>Dani.<\/strong><\/span>\u00a0<span class=\"comment-date\">| 25\/01\/2018<\/span><\/li>\n<\/ul>\n<div class=\"comment-content\">Bonjour, j&rsquo; ai teste cette recette de pain pour mes hamburger et je me suis regal\u00e9. J&rsquo; avais deja fait des hamburger maison dans le passe mais jamais aussi bon. 6pains de grande taille nous n&rsquo; en avons mang\u00e9 que trois. J&rsquo; ai fais de petites pizza maison avec les trois restants. C&rsquo; est excellent. Merci de partager vos recettes.<\/div>\n<div class=\"item item-comment media by-webmaster\">\n<div class=\"pull-left\">\n<p>&nbsp;<\/p>\n<\/div>\n<div class=\"media-body\">\n<ul class=\"inline item-infos\">\n<li><span class=\"comment-author\"><strong>jocelyne debon<\/strong>\u00a0(<a rel=\"nofollow\">site web<\/a>)<\/span>\u00a0<span class=\"comment-date\">| 25\/01\/2018<\/span><\/li>\n<\/ul>\n<div class=\"comment-content\">Merci beaucoup pour ce retour, c&rsquo;est gentil c&rsquo;est vrai que c&rsquo;est meilleur quand on le fait soit m\u00eame<\/div>\n<div class=\"comment-content\">Bise et au plaisir de votre visite<\/div>\n<div class=\"comment-content\">Amicalement Joce<\/div>\n<\/div>\n<\/div>\n<\/div>\n<\/div>\n<div class=\"item item-comment media\">\n<div class=\"pull-left\">\n<p>&nbsp;<\/p>\n<p><img decoding=\"async\" class=\"media-object\" src=\"https:\/\/www.gravatar.com\/avatar\/df3c5e50252cb6edbc5ae739b490cce1?d=https%3A%2F%2Fwww.recettes-gourmandes-de-joce.com%2Fmedias%2Fstatic%2Fmanager%2Fim%2Favatar.png?s=50&amp;d=mm\" alt=\"Danielle\" width=\"50\" \/><\/p>\n<\/div>\n<div class=\"media-body\">\n<ul class=\"inline item-infos\">\n<li><span class=\"comment-number\">2.<\/span>\u00a0<span class=\"comment-author\"><strong>Danielle<\/strong><\/span>\u00a0<span class=\"comment-date\">| 08\/01\/2018<\/span><\/li>\n<\/ul>\n<div class=\"comment-content\">Ces burgers sont tentants, je vais me lancer. &#8230;..<br \/>\nBonne ann\u00e9e Joyce envoyez-nous toujours vos recettes qui mettent en app\u00e9tit<br \/>\nBises<\/div>\n<div class=\"item item-comment media by-webmaster\">\n<div class=\"pull-left\">\n<p>&nbsp;<\/p>\n<\/div>\n<div class=\"media-body\">\n<ul class=\"inline item-infos\">\n<li><span class=\"comment-author\"><strong>jocelyne debon<\/strong>\u00a0(<a rel=\"nofollow\">site web<\/a>)<\/span>\u00a0<span class=\"comment-date\">| 08\/01\/2018<\/span><\/li>\n<\/ul>\n<div class=\"comment-content\">Merci c&rsquo;est gentil<\/div>\n<div class=\"comment-content\">Tr\u00e8s bonne ann\u00e9e gourmande \u00e0 vous aussi<\/div>\n<div class=\"comment-content\">A bient\u00f4t<\/div>\n<div class=\"comment-content\">Amicalement Joce<\/div>\n<\/div>\n<\/div>\n<\/div>\n<\/div>\n<div class=\"item item-comment media\">\n<div class=\"pull-left\">\n<p>&nbsp;<\/p>\n<p><img decoding=\"async\" class=\"media-object\" src=\"https:\/\/www.gravatar.com\/avatar\/416c621ecbcf78422fb3328754280bb8?d=https%3A%2F%2Fwww.recettes-gourmandes-de-joce.com%2Fmedias%2Fstatic%2Fmanager%2Fim%2Favatar.png?s=50&amp;d=mm\" alt=\"FERRENBACH\" width=\"50\" \/><\/p>\n<\/div>\n<div class=\"media-body\">\n<ul class=\"inline item-infos\">\n<li><span class=\"comment-number\">3.<\/span>\u00a0<span class=\"comment-author\"><strong>FERRENBACH<\/strong><\/span>\u00a0<span class=\"comment-date\">| 28\/11\/2012<\/span><\/li>\n<\/ul>\n<div class=\"comment-content\">Joce j&rsquo;ai une petite question au sujet de la taille des hamburgers ! Si je divise la p\u00e2te en 6 boules ! Ils seront trop gros ou pour les gosses c&rsquo;est assez ! Merci et d\u00e9sol\u00e9 de t&rsquo;ennuyer !<\/div>\n<div class=\"item item-comment media by-webmaster\">\n<div class=\"pull-left\">\n<p>&nbsp;<\/p>\n<\/div>\n<div class=\"media-body\">\n<ul class=\"inline item-infos\">\n<li><span class=\"comment-author\"><strong>jocelyne debon<\/strong>\u00a0(<a rel=\"nofollow\">site web<\/a>)<\/span>\u00a0<span class=\"comment-date\">| 28\/11\/2012<\/span><\/li>\n<\/ul>\n<div class=\"comment-content\">Pour les enfants fait les plus petits car \u00e7a risque de faire trop gros \ud83d\ude42 Bisousss Joce<\/div>\n<\/div>\n<\/div>\n<\/div>\n<\/div>\n<div class=\"item item-comment media\">\n<div class=\"pull-left\">\n<p>&nbsp;<\/p>\n<p><img decoding=\"async\" class=\"media-object\" src=\"https:\/\/www.gravatar.com\/avatar\/d49f1d655b838b4fb22c5a44eef2893d?d=https%3A%2F%2Fwww.recettes-gourmandes-de-joce.com%2Fmedias%2Fstatic%2Fmanager%2Fim%2Favatar.png?s=50&amp;d=mm\" alt=\"Chrystel\" width=\"50\" \/><\/p>\n<\/div>\n<div class=\"media-body\">\n<ul class=\"inline item-infos\">\n<li><span class=\"comment-number\">4.<\/span>\u00a0<span class=\"comment-author\"><strong>Chrystel<\/strong>\u00a0(<a rel=\"nofollow\">site web<\/a>)<\/span>\u00a0<span class=\"comment-date\">| 31\/07\/2011<\/span><\/li>\n<\/ul>\n<div class=\"comment-content\">Ils sont superbes ces pains burger. Mes loulous raffolent de \u00e7a. MErci<br \/>\nChrys<\/div>\n<\/div>\n<\/div>\n<\/div>\n<\/div>\n<\/div>\n<\/div>\n<\/div>\n<\/div>\n<\/div>\n","protected":false},"excerpt":{"rendered":"<p>\u00a0\u00a0\u00a0Pains \u00e0 hamburgers en MAP\u00a0 Ingr\u00e9dients pour\u00a06 gros\u00a0hamburgers (voir plus selon la taille que vous r\u00e9alisez) 600 g de farine\u00a0 120 ml d&rsquo;eau\u00a0 180 ml de lait\u00a0 1\u00a0\u0153uf\u00a0 30 g de beurre 15 g de sucre semoule 10 g de sel 7 g de levure de boulanger\u00a0d\u00e9shydrat\u00e9e 1 \u0153uf pour la dorure S\u00e9same dor\u00e9 -&gt; &hellip; <\/p>\n<p><a class=\"more-link btn\" href=\"http:\/\/recettes-gourmandes-de-joce.fr\/index.php\/index\/burgers-croques-tartines-pizzas\/bugers\/pains-a-hamburgers\/\">Lire la suite<\/a><\/p>\n","protected":false},"author":2,"featured_media":86473,"parent":225,"menu_order":0,"comment_status":"open","ping_status":"closed","template":"","meta":{"footnotes":""},"class_list":["post-8014","page","type-page","status-publish","has-post-thumbnail","hentry","nodate","item-wrap"],"_links":{"self":[{"href":"http:\/\/recettes-gourmandes-de-joce.fr\/index.php\/wp-json\/wp\/v2\/pages\/8014","targetHints":{"allow":["GET"]}}],"collection":[{"href":"http:\/\/recettes-gourmandes-de-joce.fr\/index.php\/wp-json\/wp\/v2\/pages"}],"about":[{"href":"http:\/\/recettes-gourmandes-de-joce.fr\/index.php\/wp-json\/wp\/v2\/types\/page"}],"author":[{"embeddable":true,"href":"http:\/\/recettes-gourmandes-de-joce.fr\/index.php\/wp-json\/wp\/v2\/users\/2"}],"replies":[{"embeddable":true,"href":"http:\/\/recettes-gourmandes-de-joce.fr\/index.php\/wp-json\/wp\/v2\/comments?post=8014"}],"version-history":[{"count":8,"href":"http:\/\/recettes-gourmandes-de-joce.fr\/index.php\/wp-json\/wp\/v2\/pages\/8014\/revisions"}],"predecessor-version":[{"id":94077,"href":"http:\/\/recettes-gourmandes-de-joce.fr\/index.php\/wp-json\/wp\/v2\/pages\/8014\/revisions\/94077"}],"up":[{"embeddable":true,"href":"http:\/\/recettes-gourmandes-de-joce.fr\/index.php\/wp-json\/wp\/v2\/pages\/225"}],"wp:featuredmedia":[{"embeddable":true,"href":"http:\/\/recettes-gourmandes-de-joce.fr\/index.php\/wp-json\/wp\/v2\/media\/86473"}],"wp:attachment":[{"href":"http:\/\/recettes-gourmandes-de-joce.fr\/index.php\/wp-json\/wp\/v2\/media?parent=8014"}],"curies":[{"name":"wp","href":"https:\/\/api.w.org\/{rel}","templated":true}]}}