{"id":7998,"date":"2019-10-28T23:49:36","date_gmt":"2019-10-28T23:49:36","guid":{"rendered":"http:\/\/recettes-gourmandes-de-joce.fr\/?page_id=7998"},"modified":"2024-05-28T21:36:54","modified_gmt":"2024-05-28T21:36:54","slug":"cuilleres-de-rillettes-epicees-de-saumon-frais","status":"publish","type":"page","link":"http:\/\/recettes-gourmandes-de-joce.fr\/index.php\/index\/aperitifs-amuses-bouches\/amuses-bouches\/cuilleres-de-rillettes-epicees-de-saumon-frais\/","title":{"rendered":"Cuill\u00e8res de rillettes \u00e9pic\u00e9es de saumon frais."},"content":{"rendered":"<p style=\"text-align: center;\"><span style=\"font-family: georgia, serif; color: #1d8cb5;\"><em><span style=\"font-size: x-large; text-decoration: underline;\">Une de mes recettes<\/span><\/em><\/span><\/p>\n<p style=\"text-align: center;\"><span style=\"color: #1d8cb5;\"><img loading=\"lazy\" decoding=\"async\" class=\"alignnone wp-image-7932\" src=\"http:\/\/recettes-gourmandes-de-joce.fr\/wp-content\/uploads\/2019\/10\/PC240085-150x150.jpg\" alt=\"\" width=\"243\" height=\"182\" srcset=\"http:\/\/recettes-gourmandes-de-joce.fr\/wp-content\/uploads\/2019\/10\/PC240085-300x225.jpg 300w, http:\/\/recettes-gourmandes-de-joce.fr\/wp-content\/uploads\/2019\/10\/PC240085.jpg 640w\" sizes=\"auto, (max-width: 243px) 100vw, 243px\" \/> <img loading=\"lazy\" decoding=\"async\" class=\"alignnone wp-image-7888\" src=\"http:\/\/recettes-gourmandes-de-joce.fr\/wp-content\/uploads\/2019\/10\/PC240087-150x150.jpg\" alt=\"\" width=\"243\" height=\"182\" srcset=\"http:\/\/recettes-gourmandes-de-joce.fr\/wp-content\/uploads\/2019\/10\/PC240087-300x225.jpg 300w, http:\/\/recettes-gourmandes-de-joce.fr\/wp-content\/uploads\/2019\/10\/PC240087.jpg 640w\" sizes=\"auto, (max-width: 243px) 100vw, 243px\" \/><\/span><\/p>\n<p style=\"text-align: center;\"><span style=\"font-family: georgia, serif; color: #1d8cb5;\"><em><span style=\"font-size: x-large; text-decoration: underline;\">Ingr\u00e9dients pour 20 cuill\u00e8res <\/span><\/em><\/span><\/p>\n<p style=\"text-align: center;\"><span style=\"color: #1d8cb5;\"><img loading=\"lazy\" decoding=\"async\" class=\"alignnone wp-image-7845\" src=\"http:\/\/recettes-gourmandes-de-joce.fr\/wp-content\/uploads\/2019\/10\/PC230048-150x150.jpg\" alt=\"\" width=\"244\" height=\"180\" srcset=\"http:\/\/recettes-gourmandes-de-joce.fr\/wp-content\/uploads\/2019\/10\/PC230048-300x222.jpg 300w, http:\/\/recettes-gourmandes-de-joce.fr\/wp-content\/uploads\/2019\/10\/PC230048.jpg 640w\" sizes=\"auto, (max-width: 244px) 100vw, 244px\" \/><\/span><\/p>\n<p style=\"text-align: center;\"><span style=\"font-family: georgia, serif; color: #1d8cb5;\"><em><span style=\"font-size: large;\">200 g de pav\u00e9s de saumon frais<\/span><\/em><\/span><\/p>\n<p style=\"text-align: center;\"><span style=\"font-family: georgia, serif; color: #1d8cb5;\"><em><span style=\"font-size: large;\">1 jus de citron vert<\/span><\/em><\/span><\/p>\n<p style=\"text-align: center;\"><span style=\"font-family: georgia, serif; color: #1d8cb5;\"><em><span style=\"font-size: large;\">2 \u00e9chalotes ou une grosse<\/span><\/em><\/span><\/p>\n<p style=\"text-align: center;\"><span style=\"font-family: georgia, serif; color: #1d8cb5;\"><em><span style=\"font-size: large;\">1 c \u00e0 s de sauce soja<\/span><\/em><\/span><\/p>\n<p style=\"text-align: center;\"><span style=\"font-family: georgia, serif; color: #1d8cb5;\"><em><span style=\"font-size: large;\">\u00bd \u00e0 c de tabasco (attention c&rsquo;est fort )<\/span><\/em><\/span><\/p>\n<p style=\"text-align: center;\"><span style=\"font-family: georgia, serif; color: #1d8cb5;\"><em><span style=\"font-size: large;\">1 c \u00e0 s de sauce Worcestershire<\/span><\/em><\/span><\/p>\n<p style=\"text-align: center;\"><span style=\"font-family: georgia, serif; color: #1d8cb5;\"><em><span style=\"font-size: large;\">2 c \u00e0 s d&rsquo;huile d&rsquo;olive<\/span><\/em><\/span><\/p>\n<p style=\"text-align: center;\"><span style=\"font-family: georgia, serif; color: #1d8cb5;\"><em><span style=\"font-size: large;\">1 c \u00e0 s de ciboulette cisel\u00e9e<\/span><\/em><\/span><\/p>\n<p style=\"text-align: center;\"><span style=\"font-family: georgia, serif; color: #1d8cb5;\"><em><span style=\"font-size: large;\">Sel<\/span><\/em><\/span><\/p>\n<p style=\"text-align: center;\"><span style=\"color: #1d8cb5;\"><img loading=\"lazy\" decoding=\"async\" class=\"alignnone wp-image-7887\" src=\"http:\/\/recettes-gourmandes-de-joce.fr\/wp-content\/uploads\/2019\/10\/PC230046-150x150.jpg\" alt=\"\" width=\"207\" height=\"155\" srcset=\"http:\/\/recettes-gourmandes-de-joce.fr\/wp-content\/uploads\/2019\/10\/PC230046-300x225.jpg 300w, http:\/\/recettes-gourmandes-de-joce.fr\/wp-content\/uploads\/2019\/10\/PC230046.jpg 640w\" sizes=\"auto, (max-width: 207px) 100vw, 207px\" \/> <img loading=\"lazy\" decoding=\"async\" class=\"alignnone wp-image-7846\" src=\"http:\/\/recettes-gourmandes-de-joce.fr\/wp-content\/uploads\/2019\/10\/PC230050-150x150.jpg\" alt=\"\" width=\"207\" height=\"155\" srcset=\"http:\/\/recettes-gourmandes-de-joce.fr\/wp-content\/uploads\/2019\/10\/PC230050-300x225.jpg 300w, http:\/\/recettes-gourmandes-de-joce.fr\/wp-content\/uploads\/2019\/10\/PC230050.jpg 640w\" sizes=\"auto, (max-width: 207px) 100vw, 207px\" \/> <img loading=\"lazy\" decoding=\"async\" class=\"alignnone wp-image-7847\" src=\"http:\/\/recettes-gourmandes-de-joce.fr\/wp-content\/uploads\/2019\/10\/PC230051-150x150.jpg\" alt=\"\" width=\"207\" height=\"155\" srcset=\"http:\/\/recettes-gourmandes-de-joce.fr\/wp-content\/uploads\/2019\/10\/PC230051-300x225.jpg 300w, http:\/\/recettes-gourmandes-de-joce.fr\/wp-content\/uploads\/2019\/10\/PC230051.jpg 640w\" sizes=\"auto, (max-width: 207px) 100vw, 207px\" \/><\/span><\/p>\n<p style=\"text-align: center;\"><span style=\"font-family: georgia, serif; color: #1d8cb5;\"><em><span style=\"font-size: large;\">Cuire les pav\u00e9s de saumon 10 minutes \u00e0 la vapeur, <\/span><\/em><em><span style=\"font-size: large;\">les laisser refroidir et les \u00e9mietter. <\/span><\/em><em><span style=\"font-size: large;\">Ajouter les \u00e9chalotes coup\u00e9es finement et le citron.<\/span><\/em><\/span><\/p>\n<p style=\"text-align: center;\"><span style=\"font-family: georgia, serif; color: #1d8cb5;\"><em><span style=\"font-size: large;\"> <img loading=\"lazy\" decoding=\"async\" class=\"alignnone wp-image-7848\" src=\"http:\/\/recettes-gourmandes-de-joce.fr\/wp-content\/uploads\/2019\/10\/PC230052-150x150.jpg\" alt=\"\" width=\"207\" height=\"155\" srcset=\"http:\/\/recettes-gourmandes-de-joce.fr\/wp-content\/uploads\/2019\/10\/PC230052-300x225.jpg 300w, http:\/\/recettes-gourmandes-de-joce.fr\/wp-content\/uploads\/2019\/10\/PC230052.jpg 640w\" sizes=\"auto, (max-width: 207px) 100vw, 207px\" \/> <img loading=\"lazy\" decoding=\"async\" class=\"alignnone wp-image-7872\" src=\"http:\/\/recettes-gourmandes-de-joce.fr\/wp-content\/uploads\/2019\/10\/collage13-150x150.jpg\" alt=\"\" width=\"154\" height=\"155\" srcset=\"http:\/\/recettes-gourmandes-de-joce.fr\/wp-content\/uploads\/2019\/10\/collage13-150x150.jpg 150w, http:\/\/recettes-gourmandes-de-joce.fr\/wp-content\/uploads\/2019\/10\/collage13-297x300.jpg 297w, http:\/\/recettes-gourmandes-de-joce.fr\/wp-content\/uploads\/2019\/10\/collage13.jpg 312w\" sizes=\"auto, (max-width: 154px) 100vw, 154px\" \/> <img loading=\"lazy\" decoding=\"async\" class=\"alignnone wp-image-7873\" src=\"http:\/\/recettes-gourmandes-de-joce.fr\/wp-content\/uploads\/2019\/10\/collage13-001-150x150.jpg\" alt=\"\" width=\"157\" height=\"155\" srcset=\"http:\/\/recettes-gourmandes-de-joce.fr\/wp-content\/uploads\/2019\/10\/collage13-001-300x296.jpg 300w, http:\/\/recettes-gourmandes-de-joce.fr\/wp-content\/uploads\/2019\/10\/collage13-001.jpg 316w\" sizes=\"auto, (max-width: 157px) 100vw, 157px\" \/><\/span><\/em><\/span><\/p>\n<p style=\"text-align: center;\"><span style=\"font-family: georgia, serif; color: #1d8cb5;\"><em><span style=\"font-size: large;\">M\u00e9langer, ajouter la sauce soja, le tabasco et la\u00a0\u00a0Worcestershire sauce.<\/span><\/em><\/span><\/p>\n<p style=\"text-align: center;\"><span style=\"font-family: georgia, serif; color: #1d8cb5;\"><em><span style=\"font-size: large;\"> <img loading=\"lazy\" decoding=\"async\" class=\"alignnone wp-image-7874\" src=\"http:\/\/recettes-gourmandes-de-joce.fr\/wp-content\/uploads\/2019\/10\/collage13-002-150x150.jpg\" alt=\"\" width=\"155\" height=\"155\" srcset=\"http:\/\/recettes-gourmandes-de-joce.fr\/wp-content\/uploads\/2019\/10\/collage13-002-150x150.jpg 150w, http:\/\/recettes-gourmandes-de-joce.fr\/wp-content\/uploads\/2019\/10\/collage13-002-300x300.jpg 300w, http:\/\/recettes-gourmandes-de-joce.fr\/wp-content\/uploads\/2019\/10\/collage13-002.jpg 315w\" sizes=\"auto, (max-width: 155px) 100vw, 155px\" \/> <img loading=\"lazy\" decoding=\"async\" class=\"alignnone wp-image-7875\" src=\"http:\/\/recettes-gourmandes-de-joce.fr\/wp-content\/uploads\/2019\/10\/collage13-003-150x150.jpg\" alt=\"\" width=\"155\" height=\"155\" srcset=\"http:\/\/recettes-gourmandes-de-joce.fr\/wp-content\/uploads\/2019\/10\/collage13-003-150x150.jpg 150w, http:\/\/recettes-gourmandes-de-joce.fr\/wp-content\/uploads\/2019\/10\/collage13-003-300x300.jpg 300w, http:\/\/recettes-gourmandes-de-joce.fr\/wp-content\/uploads\/2019\/10\/collage13-003.jpg 314w\" sizes=\"auto, (max-width: 155px) 100vw, 155px\" \/><\/span><\/em><\/span><\/p>\n<p style=\"text-align: center;\"><span style=\"font-family: georgia, serif; color: #1d8cb5;\"><em><span style=\"font-size: large;\">Ajouter la ciboulette, l&rsquo;huile d&rsquo;olive et saler. <em><span style=\"font-size: large;\">R\u00e9server au frais 1h pour que les ar\u00f4mes se diffusent.\u00a0<\/span><\/em><\/span><\/em><span style=\"font-size: large;\"><em>Au bout d&rsquo;une heure remplir vos petites cuill\u00e8res et d\u00e9corer <\/em><\/span><span style=\"font-size: large;\"><em>d&rsquo;un peu de ciboulette.<\/em><\/span><\/span><\/p>\n<p style=\"text-align: center;\"><span style=\"font-family: georgia, serif; color: #1d8cb5;\"><span style=\"font-size: large;\"><em>Bon ap\u00e9ritif!<\/em><\/span><\/span><\/p>\n<p style=\"text-align: center;\"><span style=\"color: #1d8cb5;\"><img loading=\"lazy\" decoding=\"async\" class=\"alignnone wp-image-7888\" src=\"http:\/\/recettes-gourmandes-de-joce.fr\/wp-content\/uploads\/2019\/10\/PC240087-150x150.jpg\" alt=\"\" width=\"243\" height=\"182\" srcset=\"http:\/\/recettes-gourmandes-de-joce.fr\/wp-content\/uploads\/2019\/10\/PC240087-300x225.jpg 300w, http:\/\/recettes-gourmandes-de-joce.fr\/wp-content\/uploads\/2019\/10\/PC240087.jpg 640w\" sizes=\"auto, (max-width: 243px) 100vw, 243px\" \/> <img loading=\"lazy\" decoding=\"async\" class=\"alignnone wp-image-7932\" src=\"http:\/\/recettes-gourmandes-de-joce.fr\/wp-content\/uploads\/2019\/10\/PC240085-150x150.jpg\" alt=\"\" width=\"243\" height=\"182\" srcset=\"http:\/\/recettes-gourmandes-de-joce.fr\/wp-content\/uploads\/2019\/10\/PC240085-300x225.jpg 300w, http:\/\/recettes-gourmandes-de-joce.fr\/wp-content\/uploads\/2019\/10\/PC240085.jpg 640w\" sizes=\"auto, (max-width: 243px) 100vw, 243px\" \/><\/span><\/p>\n<p style=\"text-align: center;\"><span style=\"color: #1d8cb5;\"><img loading=\"lazy\" decoding=\"async\" class=\"alignnone size-full wp-image-59803\" src=\"http:\/\/recettes-gourmandes-de-joce.fr\/wp-content\/uploads\/2024\/01\/logitech-gaming-software-14112014-121223.jpg\" alt=\"\" width=\"640\" height=\"144\" \/><\/span><\/p>\n<p style=\"text-align: center;\">\n","protected":false},"excerpt":{"rendered":"<p>Une de mes recettes Ingr\u00e9dients pour 20 cuill\u00e8res 200 g de pav\u00e9s de saumon frais 1 jus de citron vert 2 \u00e9chalotes ou une grosse 1 c \u00e0 s de sauce soja \u00bd \u00e0 c de tabasco (attention c&rsquo;est fort ) 1 c \u00e0 s de sauce Worcestershire 2 c \u00e0 s d&rsquo;huile d&rsquo;olive 1 &hellip; <\/p>\n<p><a class=\"more-link btn\" href=\"http:\/\/recettes-gourmandes-de-joce.fr\/index.php\/index\/aperitifs-amuses-bouches\/amuses-bouches\/cuilleres-de-rillettes-epicees-de-saumon-frais\/\">Lire la suite<\/a><\/p>\n","protected":false},"author":2,"featured_media":83295,"parent":195,"menu_order":0,"comment_status":"open","ping_status":"closed","template":"","meta":{"footnotes":""},"class_list":["post-7998","page","type-page","status-publish","has-post-thumbnail","hentry","nodate","item-wrap"],"_links":{"self":[{"href":"http:\/\/recettes-gourmandes-de-joce.fr\/index.php\/wp-json\/wp\/v2\/pages\/7998","targetHints":{"allow":["GET"]}}],"collection":[{"href":"http:\/\/recettes-gourmandes-de-joce.fr\/index.php\/wp-json\/wp\/v2\/pages"}],"about":[{"href":"http:\/\/recettes-gourmandes-de-joce.fr\/index.php\/wp-json\/wp\/v2\/types\/page"}],"author":[{"embeddable":true,"href":"http:\/\/recettes-gourmandes-de-joce.fr\/index.php\/wp-json\/wp\/v2\/users\/2"}],"replies":[{"embeddable":true,"href":"http:\/\/recettes-gourmandes-de-joce.fr\/index.php\/wp-json\/wp\/v2\/comments?post=7998"}],"version-history":[{"count":6,"href":"http:\/\/recettes-gourmandes-de-joce.fr\/index.php\/wp-json\/wp\/v2\/pages\/7998\/revisions"}],"predecessor-version":[{"id":83296,"href":"http:\/\/recettes-gourmandes-de-joce.fr\/index.php\/wp-json\/wp\/v2\/pages\/7998\/revisions\/83296"}],"up":[{"embeddable":true,"href":"http:\/\/recettes-gourmandes-de-joce.fr\/index.php\/wp-json\/wp\/v2\/pages\/195"}],"wp:featuredmedia":[{"embeddable":true,"href":"http:\/\/recettes-gourmandes-de-joce.fr\/index.php\/wp-json\/wp\/v2\/media\/83295"}],"wp:attachment":[{"href":"http:\/\/recettes-gourmandes-de-joce.fr\/index.php\/wp-json\/wp\/v2\/media?parent=7998"}],"curies":[{"name":"wp","href":"https:\/\/api.w.org\/{rel}","templated":true}]}}