{"id":78591,"date":"2024-05-07T10:49:48","date_gmt":"2024-05-07T10:49:48","guid":{"rendered":"http:\/\/recettes-gourmandes-de-joce.fr\/?page_id=78591"},"modified":"2024-05-07T10:49:48","modified_gmt":"2024-05-07T10:49:48","slug":"salade-de-saumon-fume-et-doeufs-de-caille-a-laneth","status":"publish","type":"page","link":"http:\/\/recettes-gourmandes-de-joce.fr\/index.php\/index\/entrees\/salades-crudites\/salade-de-saumon-fume-et-doeufs-de-caille-a-laneth\/","title":{"rendered":"Salade de saumon fum\u00e9 et d&rsquo;\u0153ufs de caille \u00e0 l&rsquo;aneth."},"content":{"rendered":"<p style=\"text-align: center;\"><span style=\"text-decoration: underline; font-size: 18pt; font-family: georgia, palatino, serif; color: #800080;\"><em>Une de mes recettes<\/em><\/span><\/p>\n<p style=\"text-align: center;\"><span style=\"color: #800080;\"><img loading=\"lazy\" decoding=\"async\" class=\"alignnone wp-image-78605\" src=\"http:\/\/recettes-gourmandes-de-joce.fr\/wp-content\/uploads\/2024\/05\/saumon-fume-aneth3.jpg\" alt=\"\" width=\"240\" height=\"180\" srcset=\"http:\/\/recettes-gourmandes-de-joce.fr\/wp-content\/uploads\/2024\/05\/saumon-fume-aneth3.jpg 800w, http:\/\/recettes-gourmandes-de-joce.fr\/wp-content\/uploads\/2024\/05\/saumon-fume-aneth3-768x576.jpg 768w, http:\/\/recettes-gourmandes-de-joce.fr\/wp-content\/uploads\/2024\/05\/saumon-fume-aneth3-750x563.jpg 750w\" sizes=\"auto, (max-width: 240px) 100vw, 240px\" \/> <img loading=\"lazy\" decoding=\"async\" class=\"alignnone wp-image-78604\" src=\"http:\/\/recettes-gourmandes-de-joce.fr\/wp-content\/uploads\/2024\/05\/saumon-fume-aneth2.jpg\" alt=\"\" width=\"250\" height=\"180\" srcset=\"http:\/\/recettes-gourmandes-de-joce.fr\/wp-content\/uploads\/2024\/05\/saumon-fume-aneth2.jpg 800w, http:\/\/recettes-gourmandes-de-joce.fr\/wp-content\/uploads\/2024\/05\/saumon-fume-aneth2-768x553.jpg 768w, http:\/\/recettes-gourmandes-de-joce.fr\/wp-content\/uploads\/2024\/05\/saumon-fume-aneth2-750x540.jpg 750w\" sizes=\"auto, (max-width: 250px) 100vw, 250px\" \/> <img loading=\"lazy\" decoding=\"async\" class=\"alignnone wp-image-78603\" src=\"http:\/\/recettes-gourmandes-de-joce.fr\/wp-content\/uploads\/2024\/05\/saumon-fume-aneth1.jpg\" alt=\"\" width=\"240\" height=\"180\" srcset=\"http:\/\/recettes-gourmandes-de-joce.fr\/wp-content\/uploads\/2024\/05\/saumon-fume-aneth1.jpg 800w, http:\/\/recettes-gourmandes-de-joce.fr\/wp-content\/uploads\/2024\/05\/saumon-fume-aneth1-768x576.jpg 768w, http:\/\/recettes-gourmandes-de-joce.fr\/wp-content\/uploads\/2024\/05\/saumon-fume-aneth1-750x563.jpg 750w\" sizes=\"auto, (max-width: 240px) 100vw, 240px\" \/><\/span><\/p>\n<p style=\"text-align: center;\"><span style=\"text-decoration: underline; font-size: 18pt; font-family: georgia, palatino, serif; color: #800080;\"><em>Ingr\u00e9dients<\/em><em> pour 3 personnes<\/em><\/span><\/p>\n<p style=\"text-align: center;\"><span style=\"color: #800080;\"><img loading=\"lazy\" decoding=\"async\" class=\"alignnone wp-image-78606\" src=\"http:\/\/recettes-gourmandes-de-joce.fr\/wp-content\/uploads\/2024\/05\/saumon-fume-aneth4.jpg\" alt=\"\" width=\"283\" height=\"200\" srcset=\"http:\/\/recettes-gourmandes-de-joce.fr\/wp-content\/uploads\/2024\/05\/saumon-fume-aneth4.jpg 800w, http:\/\/recettes-gourmandes-de-joce.fr\/wp-content\/uploads\/2024\/05\/saumon-fume-aneth4-768x543.jpg 768w, http:\/\/recettes-gourmandes-de-joce.fr\/wp-content\/uploads\/2024\/05\/saumon-fume-aneth4-750x531.jpg 750w\" sizes=\"auto, (max-width: 283px) 100vw, 283px\" \/> <\/span><\/p>\n<p style=\"text-align: center;\"><span style=\"font-size: 14pt; font-family: georgia, palatino, serif; color: #800080;\"><em>200 g de saumon fum\u00e9\u00a0<\/em><\/span><\/p>\n<p style=\"text-align: center;\"><span style=\"font-size: 14pt; font-family: georgia, palatino, serif; color: #800080;\"><em>4 belles feuilles de batavia<\/em><\/span><\/p>\n<p style=\"text-align: center;\"><span style=\"font-size: 14pt; font-family: georgia, palatino, serif; color: #800080;\"><em>1 petit bouquet d&rsquo;aneth frais<\/em><\/span><\/p>\n<p style=\"text-align: center;\"><span style=\"font-size: 14pt; font-family: georgia, palatino, serif; color: #800080;\"><em>6 \u0153ufs de caille<\/em><\/span><\/p>\n<p style=\"text-align: center;\"><span style=\"font-size: 14pt; font-family: georgia, palatino, serif; color: #800080;\"><em>1 bonne pinc\u00e9e de piment d&rsquo;Espelette<\/em><\/span><\/p>\n<p style=\"text-align: center;\"><span style=\"font-size: 14pt; font-family: georgia, palatino, serif; color: #800080;\"><em>1 filet de jus de citron vert<\/em><\/span><\/p>\n<p style=\"text-align: center;\"><span style=\"font-size: 14pt; font-family: georgia, palatino, serif; color: #800080;\"><em>1 filet d&rsquo;huile d&rsquo;olive<\/em><\/span><\/p>\n<p style=\"text-align: center;\"><span style=\"font-size: 14pt; font-family: georgia, palatino, serif; color: #800080;\"><em>Sel et poivre <\/em><\/span><\/p>\n<p style=\"text-align: center;\"><span style=\"font-size: 14pt; font-family: georgia, palatino, serif; color: #800080;\"><em>Recette de le mayonnaise sur ce lien -&gt; <span style=\"color: #008000;\"><a style=\"color: #008000;\" href=\"http:\/\/recettes-gourmandes-de-joce.fr\/index.php\/index\/sauces-assaisonnements\/sauces-froides\/mayonnaise\/\">Mayonnaise<\/a><\/span><\/em><\/span><\/p>\n<p style=\"text-align: center;\"><span style=\"color: #800080;\"><img loading=\"lazy\" decoding=\"async\" class=\"alignnone wp-image-78597\" src=\"http:\/\/recettes-gourmandes-de-joce.fr\/wp-content\/uploads\/2024\/05\/saumon-fume-aneth10.jpg\" alt=\"\" width=\"227\" height=\"170\" \/> <img loading=\"lazy\" decoding=\"async\" class=\"alignnone wp-image-43171\" src=\"http:\/\/recettes-gourmandes-de-joce.fr\/wp-content\/uploads\/2022\/03\/verrines-caille-surimi5-300x269.jpg\" alt=\"\" width=\"190\" height=\"170\" srcset=\"http:\/\/recettes-gourmandes-de-joce.fr\/wp-content\/uploads\/2022\/03\/verrines-caille-surimi5-300x269.jpg 300w, http:\/\/recettes-gourmandes-de-joce.fr\/wp-content\/uploads\/2022\/03\/verrines-caille-surimi5-768x688.jpg 768w, http:\/\/recettes-gourmandes-de-joce.fr\/wp-content\/uploads\/2022\/03\/verrines-caille-surimi5-750x672.jpg 750w, http:\/\/recettes-gourmandes-de-joce.fr\/wp-content\/uploads\/2022\/03\/verrines-caille-surimi5.jpg 800w\" sizes=\"auto, (max-width: 190px) 100vw, 190px\" \/>\u00a0<img loading=\"lazy\" decoding=\"async\" class=\"alignnone wp-image-78598\" src=\"http:\/\/recettes-gourmandes-de-joce.fr\/wp-content\/uploads\/2024\/05\/saumon-fume-aneth11.jpg\" alt=\"\" width=\"233\" height=\"170\" \/><\/span><\/p>\n<p style=\"text-align: center;\"><span style=\"font-size: 14pt; font-family: georgia, palatino, serif; color: #800080;\"><em>R\u00e9aliser votre mayonnaise. <\/em><em>Mettre \u00e0 cuire les \u0153ufs de caille dans une casserole d&rsquo;eau \u00e0 \u00e9bullition 4 minutes et demi. \u00a0\u00c9caler les \u0153ufs de caille refroidis.<\/em><\/span><\/p>\n<p style=\"text-align: center;\"><span style=\"color: #800080;\"><img loading=\"lazy\" decoding=\"async\" class=\"alignnone wp-image-78607\" src=\"http:\/\/recettes-gourmandes-de-joce.fr\/wp-content\/uploads\/2024\/05\/saumon-fume-aneth5.jpg\" alt=\"\" width=\"261\" height=\"170\" \/> <img loading=\"lazy\" decoding=\"async\" class=\"alignnone wp-image-78593\" src=\"http:\/\/recettes-gourmandes-de-joce.fr\/wp-content\/uploads\/2024\/05\/saumon-fume-aneth6.jpg\" alt=\"\" width=\"211\" height=\"170\" \/> <img loading=\"lazy\" decoding=\"async\" class=\"alignnone wp-image-78594\" src=\"http:\/\/recettes-gourmandes-de-joce.fr\/wp-content\/uploads\/2024\/05\/saumon-fume-aneth7.jpg\" alt=\"\" width=\"214\" height=\"170\" \/><\/span><\/p>\n<p style=\"text-align: center;\"><span style=\"font-size: 14pt; font-family: georgia, palatino, serif; color: #800080;\"><em> Laver, essorer la salade et l&rsquo;aneth, ciseler finement l&rsquo;aneth, couper en lani\u00e8res la salade et le saumon, mettre le tout dans un saladier, ajouter un filet de jus de citron vert.\u00a0<\/em><\/span><\/p>\n<p style=\"text-align: center;\"><span style=\"color: #800080;\"><img loading=\"lazy\" decoding=\"async\" class=\"alignnone wp-image-78595\" src=\"http:\/\/recettes-gourmandes-de-joce.fr\/wp-content\/uploads\/2024\/05\/saumon-fume-aneth8.jpg\" alt=\"\" width=\"175\" height=\"170\" \/> <img loading=\"lazy\" decoding=\"async\" class=\"alignnone wp-image-78596\" src=\"http:\/\/recettes-gourmandes-de-joce.fr\/wp-content\/uploads\/2024\/05\/saumon-fume-aneth9.jpg\" alt=\"\" width=\"205\" height=\"170\" \/>\u00a0<img loading=\"lazy\" decoding=\"async\" class=\"alignnone wp-image-78608\" src=\"http:\/\/recettes-gourmandes-de-joce.fr\/wp-content\/uploads\/2024\/05\/oeufs_mimosa_au_crabe_et_paniers_de_macedoine_au_crabe_08.jpg\" alt=\"\" width=\"204\" height=\"170\" \/><\/span><\/p>\n<p style=\"text-align: center;\"><span style=\"color: #800080;\"><span style=\"font-size: 14pt; font-family: georgia, palatino, serif;\"><em>Ajouter un filet d&rsquo;huile d&rsquo;olive, saler et poivrer, ajouter le piment d&rsquo;Espelette et m\u00e9langer. <\/em><\/span><em style=\"font-family: georgia, palatino, serif; font-size: 18.6667px;\">Couper les \u0153ufs de caille en deux.<\/em><em style=\"font-family: georgia, palatino, serif; font-size: 14pt;\">\u00a0<\/em><\/span><\/p>\n<p style=\"text-align: center;\"><span style=\"color: #800080;\"><img loading=\"lazy\" decoding=\"async\" class=\"alignnone wp-image-78599\" src=\"http:\/\/recettes-gourmandes-de-joce.fr\/wp-content\/uploads\/2024\/05\/saumon-fume-aneth12.jpg\" alt=\"\" width=\"222\" height=\"170\" srcset=\"http:\/\/recettes-gourmandes-de-joce.fr\/wp-content\/uploads\/2024\/05\/saumon-fume-aneth12.jpg 756w, http:\/\/recettes-gourmandes-de-joce.fr\/wp-content\/uploads\/2024\/05\/saumon-fume-aneth12-750x574.jpg 750w\" sizes=\"auto, (max-width: 222px) 100vw, 222px\" \/><\/span><\/p>\n<p style=\"text-align: center;\"><span style=\"font-size: 14pt; font-family: georgia, palatino, serif; color: #800080;\"><em>\u00a0R\u00e9partir la salade dans des petits raviers individuels et ajouter 4 demi \u0153ufs de caille avec un peu de mayonnaise dessus.<\/em><\/span><\/p>\n<p style=\"text-align: center;\"><span style=\"font-size: 14pt; font-family: georgia, palatino, serif; color: #800080;\"><em>Bon app\u00e9tit!<\/em><\/span><\/p>\n<p style=\"text-align: center;\"><span style=\"color: #800080;\"><em><img loading=\"lazy\" decoding=\"async\" class=\"alignnone wp-image-78600\" src=\"http:\/\/recettes-gourmandes-de-joce.fr\/wp-content\/uploads\/2024\/05\/saumon-fume-aneth13.jpg\" alt=\"\" width=\"240\" height=\"180\" srcset=\"http:\/\/recettes-gourmandes-de-joce.fr\/wp-content\/uploads\/2024\/05\/saumon-fume-aneth13.jpg 800w, http:\/\/recettes-gourmandes-de-joce.fr\/wp-content\/uploads\/2024\/05\/saumon-fume-aneth13-768x576.jpg 768w, http:\/\/recettes-gourmandes-de-joce.fr\/wp-content\/uploads\/2024\/05\/saumon-fume-aneth13-750x563.jpg 750w\" sizes=\"auto, (max-width: 240px) 100vw, 240px\" \/> <img loading=\"lazy\" decoding=\"async\" class=\"alignnone wp-image-78601\" src=\"http:\/\/recettes-gourmandes-de-joce.fr\/wp-content\/uploads\/2024\/05\/saumon-fume-aneth14.jpg\" alt=\"\" width=\"240\" height=\"180\" srcset=\"http:\/\/recettes-gourmandes-de-joce.fr\/wp-content\/uploads\/2024\/05\/saumon-fume-aneth14.jpg 800w, http:\/\/recettes-gourmandes-de-joce.fr\/wp-content\/uploads\/2024\/05\/saumon-fume-aneth14-768x576.jpg 768w, http:\/\/recettes-gourmandes-de-joce.fr\/wp-content\/uploads\/2024\/05\/saumon-fume-aneth14-750x563.jpg 750w\" sizes=\"auto, (max-width: 240px) 100vw, 240px\" \/> <img loading=\"lazy\" decoding=\"async\" class=\"alignnone wp-image-78602\" src=\"http:\/\/recettes-gourmandes-de-joce.fr\/wp-content\/uploads\/2024\/05\/saumon-fume-aneth15.jpg\" alt=\"\" width=\"240\" height=\"180\" srcset=\"http:\/\/recettes-gourmandes-de-joce.fr\/wp-content\/uploads\/2024\/05\/saumon-fume-aneth15.jpg 800w, http:\/\/recettes-gourmandes-de-joce.fr\/wp-content\/uploads\/2024\/05\/saumon-fume-aneth15-768x576.jpg 768w, http:\/\/recettes-gourmandes-de-joce.fr\/wp-content\/uploads\/2024\/05\/saumon-fume-aneth15-750x563.jpg 750w\" sizes=\"auto, (max-width: 240px) 100vw, 240px\" \/><\/em><\/span><\/p>\n<p style=\"text-align: center;\"><span style=\"color: #800080;\"><img loading=\"lazy\" decoding=\"async\" class=\"alignnone size-full wp-image-59803\" src=\"http:\/\/recettes-gourmandes-de-joce.fr\/wp-content\/uploads\/2024\/01\/logitech-gaming-software-14112014-121223.jpg\" alt=\"\" width=\"640\" height=\"144\" \/><\/span><\/p>\n","protected":false},"excerpt":{"rendered":"<p>Une de mes recettes Ingr\u00e9dients pour 3 personnes 200 g de saumon fum\u00e9\u00a0 4 belles feuilles de batavia 1 petit bouquet d&rsquo;aneth frais 6 \u0153ufs de caille 1 bonne pinc\u00e9e de piment d&rsquo;Espelette 1 filet de jus de citron vert 1 filet d&rsquo;huile d&rsquo;olive Sel et poivre Recette de le mayonnaise sur ce lien -&gt; &hellip; <\/p>\n<p><a class=\"more-link btn\" href=\"http:\/\/recettes-gourmandes-de-joce.fr\/index.php\/index\/entrees\/salades-crudites\/salade-de-saumon-fume-et-doeufs-de-caille-a-laneth\/\">Lire la suite<\/a><\/p>\n","protected":false},"author":2,"featured_media":78605,"parent":165,"menu_order":0,"comment_status":"open","ping_status":"closed","template":"","meta":{"footnotes":""},"class_list":["post-78591","page","type-page","status-publish","has-post-thumbnail","hentry","nodate","item-wrap"],"_links":{"self":[{"href":"http:\/\/recettes-gourmandes-de-joce.fr\/index.php\/wp-json\/wp\/v2\/pages\/78591","targetHints":{"allow":["GET"]}}],"collection":[{"href":"http:\/\/recettes-gourmandes-de-joce.fr\/index.php\/wp-json\/wp\/v2\/pages"}],"about":[{"href":"http:\/\/recettes-gourmandes-de-joce.fr\/index.php\/wp-json\/wp\/v2\/types\/page"}],"author":[{"embeddable":true,"href":"http:\/\/recettes-gourmandes-de-joce.fr\/index.php\/wp-json\/wp\/v2\/users\/2"}],"replies":[{"embeddable":true,"href":"http:\/\/recettes-gourmandes-de-joce.fr\/index.php\/wp-json\/wp\/v2\/comments?post=78591"}],"version-history":[{"count":2,"href":"http:\/\/recettes-gourmandes-de-joce.fr\/index.php\/wp-json\/wp\/v2\/pages\/78591\/revisions"}],"predecessor-version":[{"id":78609,"href":"http:\/\/recettes-gourmandes-de-joce.fr\/index.php\/wp-json\/wp\/v2\/pages\/78591\/revisions\/78609"}],"up":[{"embeddable":true,"href":"http:\/\/recettes-gourmandes-de-joce.fr\/index.php\/wp-json\/wp\/v2\/pages\/165"}],"wp:featuredmedia":[{"embeddable":true,"href":"http:\/\/recettes-gourmandes-de-joce.fr\/index.php\/wp-json\/wp\/v2\/media\/78605"}],"wp:attachment":[{"href":"http:\/\/recettes-gourmandes-de-joce.fr\/index.php\/wp-json\/wp\/v2\/media?parent=78591"}],"curies":[{"name":"wp","href":"https:\/\/api.w.org\/{rel}","templated":true}]}}