{"id":7677,"date":"2019-10-25T23:17:23","date_gmt":"2019-10-25T23:17:23","guid":{"rendered":"http:\/\/recettes-gourmandes-de-joce.fr\/?page_id=7677"},"modified":"2024-07-09T23:54:48","modified_gmt":"2024-07-09T23:54:48","slug":"petits-gateaux-aux-amandes-et-au-cafe","status":"publish","type":"page","link":"http:\/\/recettes-gourmandes-de-joce.fr\/index.php\/index\/desserts\/biscuits-du-gouter\/petits-gateaux-aux-amandes-et-au-cafe\/","title":{"rendered":"Petits g\u00e2teaux aux amandes et au caf\u00e9."},"content":{"rendered":"<p style=\"text-align: center;\"><span style=\"text-decoration: underline; font-size: 18pt; color: #bd4b13;\"><span style=\"font-family: georgia, palatino, serif;\"><em>D&rsquo;apr\u00e8s une recette du net<\/em><\/span><\/span><\/p>\n<p style=\"text-align: center;\"><span style=\"color: #bd4b13;\"><img loading=\"lazy\" decoding=\"async\" class=\"alignnone wp-image-7678\" src=\"http:\/\/recettes-gourmandes-de-joce.fr\/wp-content\/uploads\/2019\/10\/petits_gateaux_au_cafe_et_aux_amandes_03-150x150.jpg\" alt=\"\" width=\"249\" height=\"187\" srcset=\"http:\/\/recettes-gourmandes-de-joce.fr\/wp-content\/uploads\/2019\/10\/petits_gateaux_au_cafe_et_aux_amandes_03-300x225.jpg 300w, http:\/\/recettes-gourmandes-de-joce.fr\/wp-content\/uploads\/2019\/10\/petits_gateaux_au_cafe_et_aux_amandes_03.jpg 640w\" sizes=\"auto, (max-width: 249px) 100vw, 249px\" \/> <img loading=\"lazy\" decoding=\"async\" class=\"alignnone wp-image-8465\" src=\"http:\/\/recettes-gourmandes-de-joce.fr\/wp-content\/uploads\/2019\/10\/PC220011-150x150.jpg\" alt=\"\" width=\"249\" height=\"187\" srcset=\"http:\/\/recettes-gourmandes-de-joce.fr\/wp-content\/uploads\/2019\/10\/PC220011-300x225.jpg 300w, http:\/\/recettes-gourmandes-de-joce.fr\/wp-content\/uploads\/2019\/10\/PC220011.jpg 640w\" sizes=\"auto, (max-width: 249px) 100vw, 249px\" \/><\/span><\/p>\n<p style=\"text-align: center;\"><span style=\"font-family: georgia, palatino, serif; font-size: 18pt; color: #bd4b13;\"><em><u>Ingr\u00e9dients<\/u><\/em><\/span><\/p>\n<p style=\"text-align: center;\"><span style=\"color: #bd4b13;\"><img loading=\"lazy\" decoding=\"async\" class=\"alignnone wp-image-7686\" src=\"http:\/\/recettes-gourmandes-de-joce.fr\/wp-content\/uploads\/2019\/10\/petits_gateaux_au_cafe_01-150x150.jpg\" alt=\"\" width=\"233\" height=\"175\" srcset=\"http:\/\/recettes-gourmandes-de-joce.fr\/wp-content\/uploads\/2019\/10\/petits_gateaux_au_cafe_01-300x225.jpg 300w, http:\/\/recettes-gourmandes-de-joce.fr\/wp-content\/uploads\/2019\/10\/petits_gateaux_au_cafe_01.jpg 640w\" sizes=\"auto, (max-width: 233px) 100vw, 233px\" \/><\/span><\/p>\n<p style=\"text-align: center;\"><span style=\"font-family: georgia, palatino, serif; color: #bd4b13; font-size: 14pt;\"><em>150 g d&rsquo;amandes en poudre<\/em><\/span><\/p>\n<p style=\"text-align: center;\"><span style=\"font-family: georgia, palatino, serif; color: #bd4b13; font-size: 14pt;\"><em>120 g de sucre en poudre<\/em><\/span><\/p>\n<p style=\"text-align: center;\"><span style=\"font-family: georgia, palatino, serif; color: #bd4b13; font-size: 14pt;\"><em>2 c \u00e0 c rases de caf\u00e9 soluble ou ricor\u00e9<\/em><\/span><\/p>\n<p style=\"text-align: center;\"><span style=\"font-family: georgia, palatino, serif; color: #bd4b13; font-size: 14pt;\"><em>50 g d&rsquo;amandes effil\u00e9es<\/em><\/span><\/p>\n<p style=\"text-align: center;\"><span style=\"font-family: georgia, palatino, serif; color: #bd4b13; font-size: 14pt;\"><em>2 blancs d&rsquo;\u0153ufs<\/em><\/span><\/p>\n<p style=\"text-align: center;\"><span style=\"font-family: georgia, palatino, serif; color: #bd4b13; font-size: 14pt;\"><em><u>Gla\u00e7age<\/u><\/em><\/span><\/p>\n<p style=\"text-align: center;\"><span style=\"font-family: georgia, palatino, serif; color: #bd4b13; font-size: 14pt;\"><em>150 g de sucre glace ou du fondant blanc<\/em><\/span><\/p>\n<p style=\"text-align: center;\"><span style=\"font-family: georgia, palatino, serif; color: #bd4b13; font-size: 14pt;\"><em>1 c \u00e0 c de caf\u00e9 soluble ou ricor\u00e9\u00a0<\/em><\/span><\/p>\n<p style=\"text-align: center;\"><span style=\"font-family: georgia, palatino, serif; color: #bd4b13; font-size: 14pt;\"><em>Un peu d&rsquo;eau<\/em><\/span><\/p>\n<p style=\"text-align: center;\"><span style=\"font-family: georgia, palatino, serif; color: #bd4b13; font-size: 14pt;\"><em>Grains de caf\u00e9 en chocolat recette sur ce lien -&gt;<a href=\"http:\/\/recettes-gourmandes-de-joce.fr\/index.php\/index\/desserts\/chocolats-friandises\/grains-de-cafe-en-chocolat-noir-ou-au-lait\/\"> <span style=\"color: #800080;\">Grains de caf\u00e9 en chocolat <\/span><img loading=\"lazy\" decoding=\"async\" class=\"alignnone size-thumbnail wp-image-4249\" src=\"http:\/\/recettes-gourmandes-de-joce.fr\/wp-content\/uploads\/2019\/10\/grains-de-cafe-au-deux-chocolats-et-arome-cafe-03-1-150x150.jpg\" alt=\"\" width=\"150\" height=\"150\" \/><\/a><\/em><\/span><\/p>\n<p style=\"text-align: center;\"><span style=\"color: #bd4b13; font-size: 14pt;\"><img loading=\"lazy\" decoding=\"async\" class=\"alignnone wp-image-7679\" src=\"http:\/\/recettes-gourmandes-de-joce.fr\/wp-content\/uploads\/2019\/10\/petits_gateaux_au_cafe_et_aux_amandes_01-150x150.jpg\" alt=\"\" width=\"181\" height=\"170\" srcset=\"http:\/\/recettes-gourmandes-de-joce.fr\/wp-content\/uploads\/2019\/10\/petits_gateaux_au_cafe_et_aux_amandes_01-300x282.jpg 300w, http:\/\/recettes-gourmandes-de-joce.fr\/wp-content\/uploads\/2019\/10\/petits_gateaux_au_cafe_et_aux_amandes_01.jpg 454w\" sizes=\"auto, (max-width: 181px) 100vw, 181px\" \/> <img loading=\"lazy\" decoding=\"async\" class=\"alignnone wp-image-7680\" src=\"http:\/\/recettes-gourmandes-de-joce.fr\/wp-content\/uploads\/2019\/10\/petits_gateaux_au_cafe_et_aux_amandes_01-001-150x150.jpg\" alt=\"\" width=\"172\" height=\"170\" srcset=\"http:\/\/recettes-gourmandes-de-joce.fr\/wp-content\/uploads\/2019\/10\/petits_gateaux_au_cafe_et_aux_amandes_01-001-300x297.jpg 300w, http:\/\/recettes-gourmandes-de-joce.fr\/wp-content\/uploads\/2019\/10\/petits_gateaux_au_cafe_et_aux_amandes_01-001.jpg 446w\" sizes=\"auto, (max-width: 172px) 100vw, 172px\" \/> <img loading=\"lazy\" decoding=\"async\" class=\"alignnone wp-image-7681\" src=\"http:\/\/recettes-gourmandes-de-joce.fr\/wp-content\/uploads\/2019\/10\/petits_gateaux_au_cafe_et_aux_amandes_01-002-150x150.jpg\" alt=\"\" width=\"180\" height=\"170\" srcset=\"http:\/\/recettes-gourmandes-de-joce.fr\/wp-content\/uploads\/2019\/10\/petits_gateaux_au_cafe_et_aux_amandes_01-002-300x283.jpg 300w, http:\/\/recettes-gourmandes-de-joce.fr\/wp-content\/uploads\/2019\/10\/petits_gateaux_au_cafe_et_aux_amandes_01-002.jpg 450w\" sizes=\"auto, (max-width: 180px) 100vw, 180px\" \/><\/span><\/p>\n<p style=\"text-align: center;\"><span style=\"font-family: georgia, palatino, serif; color: #bd4b13; font-size: 14pt;\"><em>M\u00e9langer les amandes en poudre, le sucre, le caf\u00e9 soluble ou ricor\u00e9 et les amandes effil\u00e9es broy\u00e9es grossi\u00e8rement.<\/em><\/span><\/p>\n<p style=\"text-align: center;\"><span style=\"color: #bd4b13; font-size: 14pt;\"><img loading=\"lazy\" decoding=\"async\" class=\"alignnone wp-image-7682\" src=\"http:\/\/recettes-gourmandes-de-joce.fr\/wp-content\/uploads\/2019\/10\/petits_gateaux_au_cafe_et_aux_amandes_01-003-150x150.jpg\" alt=\"\" width=\"173\" height=\"170\" srcset=\"http:\/\/recettes-gourmandes-de-joce.fr\/wp-content\/uploads\/2019\/10\/petits_gateaux_au_cafe_et_aux_amandes_01-003-300x295.jpg 300w, http:\/\/recettes-gourmandes-de-joce.fr\/wp-content\/uploads\/2019\/10\/petits_gateaux_au_cafe_et_aux_amandes_01-003.jpg 446w\" sizes=\"auto, (max-width: 173px) 100vw, 173px\" \/> <img loading=\"lazy\" decoding=\"async\" class=\"alignnone wp-image-7683\" src=\"http:\/\/recettes-gourmandes-de-joce.fr\/wp-content\/uploads\/2019\/10\/petits_gateaux_au_cafe_et_aux_amandes_02-150x150.jpg\" alt=\"\" width=\"170\" height=\"170\" srcset=\"http:\/\/recettes-gourmandes-de-joce.fr\/wp-content\/uploads\/2019\/10\/petits_gateaux_au_cafe_et_aux_amandes_02-150x150.jpg 150w, http:\/\/recettes-gourmandes-de-joce.fr\/wp-content\/uploads\/2019\/10\/petits_gateaux_au_cafe_et_aux_amandes_02-300x300.jpg 300w, http:\/\/recettes-gourmandes-de-joce.fr\/wp-content\/uploads\/2019\/10\/petits_gateaux_au_cafe_et_aux_amandes_02.jpg 442w\" sizes=\"auto, (max-width: 170px) 100vw, 170px\" \/> <img loading=\"lazy\" decoding=\"async\" class=\"alignnone wp-image-7684\" src=\"http:\/\/recettes-gourmandes-de-joce.fr\/wp-content\/uploads\/2019\/10\/petits_gateaux_au_cafe_et_aux_amandes_02-001-150x150.jpg\" alt=\"\" width=\"168\" height=\"170\" srcset=\"http:\/\/recettes-gourmandes-de-joce.fr\/wp-content\/uploads\/2019\/10\/petits_gateaux_au_cafe_et_aux_amandes_02-001-297x300.jpg 297w, http:\/\/recettes-gourmandes-de-joce.fr\/wp-content\/uploads\/2019\/10\/petits_gateaux_au_cafe_et_aux_amandes_02-001.jpg 450w\" sizes=\"auto, (max-width: 168px) 100vw, 168px\" \/><\/span><\/p>\n<p style=\"text-align: center;\"><span style=\"color: #bd4b13; font-size: 14pt;\"><span style=\"font-family: georgia, palatino, serif;\"><em>Bien m\u00e9langer, ajouter les blancs d&rsquo;\u0153ufs et bien\u00a0 amalgamer. <\/em><\/span><span style=\"font-family: georgia, palatino, serif;\"><em>R\u00e9aliser des rouleaux de p\u00e2te d&rsquo;environ 3 cm de diam\u00e8tre et les <\/em><\/span><span style=\"font-family: georgia, palatino, serif;\"><em>mettre au frais pendant 1 h pour durcir la p\u00e2te.<\/em><\/span><\/span><\/p>\n<p style=\"text-align: center;\"><span style=\"color: #bd4b13; font-size: 14pt;\"><img loading=\"lazy\" decoding=\"async\" class=\"alignnone wp-image-7685\" src=\"http:\/\/recettes-gourmandes-de-joce.fr\/wp-content\/uploads\/2019\/10\/petits_gateaux_au_cafe_et_aux_amandes_02-002-150x150.jpg\" alt=\"\" width=\"172\" height=\"170\" srcset=\"http:\/\/recettes-gourmandes-de-joce.fr\/wp-content\/uploads\/2019\/10\/petits_gateaux_au_cafe_et_aux_amandes_02-002-300x297.jpg 300w, http:\/\/recettes-gourmandes-de-joce.fr\/wp-content\/uploads\/2019\/10\/petits_gateaux_au_cafe_et_aux_amandes_02-002.jpg 455w\" sizes=\"auto, (max-width: 172px) 100vw, 172px\" \/><\/span><\/p>\n<p style=\"text-align: center;\"><span style=\"color: #bd4b13; font-size: 14pt;\"><span style=\"font-family: georgia, palatino, serif;\"><em>D\u00e9couper en tranches et les d\u00e9poser dans un moule \u00e0 mini tartelettes ou sur une feuille en silicone \u00e0 d\u00e9faut du papier sulfuris\u00e9. <\/em><\/span><span style=\"font-family: georgia, palatino, serif;\"><em>Enfourner \u00e0 150\u00b0 environ selon les fours pendant 10 \u00e0 15 minutes, surveiller la cuisson et la coloration. Les laisser refroidir sur une grille \u00e0 la sortie du four.<\/em><\/span><\/span><\/p>\n<p style=\"text-align: center;\"><span style=\"color: #bd4b13; font-size: 14pt;\"><img loading=\"lazy\" decoding=\"async\" class=\"alignnone wp-image-7687\" src=\"http:\/\/recettes-gourmandes-de-joce.fr\/wp-content\/uploads\/2019\/10\/Logitech-Gaming-Software-26102019-010540-150x150.jpg\" alt=\"\" width=\"182\" height=\"170\" srcset=\"http:\/\/recettes-gourmandes-de-joce.fr\/wp-content\/uploads\/2019\/10\/Logitech-Gaming-Software-26102019-010540-300x281.jpg 300w, http:\/\/recettes-gourmandes-de-joce.fr\/wp-content\/uploads\/2019\/10\/Logitech-Gaming-Software-26102019-010540.jpg 313w\" sizes=\"auto, (max-width: 182px) 100vw, 182px\" \/> <img loading=\"lazy\" decoding=\"async\" class=\"alignnone wp-image-7688\" src=\"http:\/\/recettes-gourmandes-de-joce.fr\/wp-content\/uploads\/2019\/10\/Logitech-Gaming-Software-26102019-010544-150x150.jpg\" alt=\"\" width=\"190\" height=\"170\" srcset=\"http:\/\/recettes-gourmandes-de-joce.fr\/wp-content\/uploads\/2019\/10\/Logitech-Gaming-Software-26102019-010544-300x269.jpg 300w, http:\/\/recettes-gourmandes-de-joce.fr\/wp-content\/uploads\/2019\/10\/Logitech-Gaming-Software-26102019-010544.jpg 309w\" sizes=\"auto, (max-width: 190px) 100vw, 190px\" \/><\/span><\/p>\n<p style=\"text-align: center;\"><span style=\"font-family: georgia, palatino, serif; color: #bd4b13; font-size: 14pt;\"><em>D\u00e9layer le caf\u00e9 avec un peu d&rsquo;eau, ajoutez le ensuite au fondant ou au sucre glace et faire chauffer quelques secondes au micro-onde (<span style=\"text-decoration: underline; color: #993300;\"><span>si vous utilisez du fondant , pour le sucre glace c&rsquo;est inutile de faire chauffer<\/span><\/span>), le m\u00e9langer et r\u00e9partir sur les biscuits, ajouter un grain de caf\u00e9 au chocolat ou une demi noix dessus selon vos go\u00fbts.<\/em><\/span><\/p>\n<p style=\"text-align: center;\"><span style=\"font-family: georgia, palatino, serif; color: #bd4b13; font-size: 14pt;\"><em>Bonne d\u00e9gustation!<\/em><\/span><\/p>\n<p style=\"text-align: center;\"><span style=\"color: #bd4b13;\"><img loading=\"lazy\" decoding=\"async\" class=\"alignnone wp-image-8465\" src=\"http:\/\/recettes-gourmandes-de-joce.fr\/wp-content\/uploads\/2019\/10\/PC220011-150x150.jpg\" alt=\"\" width=\"249\" height=\"187\" srcset=\"http:\/\/recettes-gourmandes-de-joce.fr\/wp-content\/uploads\/2019\/10\/PC220011-300x225.jpg 300w, http:\/\/recettes-gourmandes-de-joce.fr\/wp-content\/uploads\/2019\/10\/PC220011.jpg 640w\" sizes=\"auto, (max-width: 249px) 100vw, 249px\" \/> <img loading=\"lazy\" decoding=\"async\" class=\"alignnone wp-image-7678\" src=\"http:\/\/recettes-gourmandes-de-joce.fr\/wp-content\/uploads\/2019\/10\/petits_gateaux_au_cafe_et_aux_amandes_03-150x150.jpg\" alt=\"\" width=\"249\" height=\"187\" srcset=\"http:\/\/recettes-gourmandes-de-joce.fr\/wp-content\/uploads\/2019\/10\/petits_gateaux_au_cafe_et_aux_amandes_03-300x225.jpg 300w, http:\/\/recettes-gourmandes-de-joce.fr\/wp-content\/uploads\/2019\/10\/petits_gateaux_au_cafe_et_aux_amandes_03.jpg 640w\" sizes=\"auto, (max-width: 249px) 100vw, 249px\" \/><\/span><\/p>\n<p style=\"text-align: center;\"><img loading=\"lazy\" decoding=\"async\" class=\"alignnone size-full wp-image-59803\" src=\"http:\/\/recettes-gourmandes-de-joce.fr\/wp-content\/uploads\/2024\/01\/logitech-gaming-software-14112014-121223.jpg\" alt=\"\" width=\"640\" height=\"144\" \/><\/p>\n","protected":false},"excerpt":{"rendered":"<p>D&rsquo;apr\u00e8s une recette du net Ingr\u00e9dients 150 g d&rsquo;amandes en poudre 120 g de sucre en poudre 2 c \u00e0 c rases de caf\u00e9 soluble ou ricor\u00e9 50 g d&rsquo;amandes effil\u00e9es 2 blancs d&rsquo;\u0153ufs Gla\u00e7age 150 g de sucre glace ou du fondant blanc 1 c \u00e0 c de caf\u00e9 soluble ou ricor\u00e9\u00a0 Un peu &hellip; <\/p>\n<p><a class=\"more-link btn\" href=\"http:\/\/recettes-gourmandes-de-joce.fr\/index.php\/index\/desserts\/biscuits-du-gouter\/petits-gateaux-aux-amandes-et-au-cafe\/\">Lire la suite<\/a><\/p>\n","protected":false},"author":2,"featured_media":87141,"parent":175,"menu_order":0,"comment_status":"open","ping_status":"closed","template":"","meta":{"footnotes":""},"class_list":["post-7677","page","type-page","status-publish","has-post-thumbnail","hentry","nodate","item-wrap"],"_links":{"self":[{"href":"http:\/\/recettes-gourmandes-de-joce.fr\/index.php\/wp-json\/wp\/v2\/pages\/7677","targetHints":{"allow":["GET"]}}],"collection":[{"href":"http:\/\/recettes-gourmandes-de-joce.fr\/index.php\/wp-json\/wp\/v2\/pages"}],"about":[{"href":"http:\/\/recettes-gourmandes-de-joce.fr\/index.php\/wp-json\/wp\/v2\/types\/page"}],"author":[{"embeddable":true,"href":"http:\/\/recettes-gourmandes-de-joce.fr\/index.php\/wp-json\/wp\/v2\/users\/2"}],"replies":[{"embeddable":true,"href":"http:\/\/recettes-gourmandes-de-joce.fr\/index.php\/wp-json\/wp\/v2\/comments?post=7677"}],"version-history":[{"count":8,"href":"http:\/\/recettes-gourmandes-de-joce.fr\/index.php\/wp-json\/wp\/v2\/pages\/7677\/revisions"}],"predecessor-version":[{"id":87142,"href":"http:\/\/recettes-gourmandes-de-joce.fr\/index.php\/wp-json\/wp\/v2\/pages\/7677\/revisions\/87142"}],"up":[{"embeddable":true,"href":"http:\/\/recettes-gourmandes-de-joce.fr\/index.php\/wp-json\/wp\/v2\/pages\/175"}],"wp:featuredmedia":[{"embeddable":true,"href":"http:\/\/recettes-gourmandes-de-joce.fr\/index.php\/wp-json\/wp\/v2\/media\/87141"}],"wp:attachment":[{"href":"http:\/\/recettes-gourmandes-de-joce.fr\/index.php\/wp-json\/wp\/v2\/media?parent=7677"}],"curies":[{"name":"wp","href":"https:\/\/api.w.org\/{rel}","templated":true}]}}