{"id":7544,"date":"2019-10-25T15:16:30","date_gmt":"2019-10-25T15:16:30","guid":{"rendered":"http:\/\/recettes-gourmandes-de-joce.fr\/?page_id=7544"},"modified":"2024-06-29T16:43:04","modified_gmt":"2024-06-29T16:43:04","slug":"saumon-a-la-creme-citronnee-et-ciboulette","status":"publish","type":"page","link":"http:\/\/recettes-gourmandes-de-joce.fr\/index.php\/index\/poissons-coquillages\/filets-paves\/saumon-a-la-creme-citronnee-et-ciboulette\/","title":{"rendered":"Saumon \u00e0 la cr\u00e8me citronn\u00e9e et ciboulette."},"content":{"rendered":"<p style=\"text-align: center;\"><span style=\"text-decoration: underline; color: #008000; font-size: x-large; font-family: georgia, palatino, serif;\"><em>Une de mes recettes<\/em><\/span><\/p>\n<p style=\"text-align: center;\"><span style=\"font-family: georgia, palatino, serif;\"><img loading=\"lazy\" decoding=\"async\" class=\"alignnone wp-image-7536\" src=\"http:\/\/recettes-gourmandes-de-joce.fr\/wp-content\/uploads\/2019\/10\/P1030604-150x150.jpg\" alt=\"\" width=\"206\" height=\"175\" srcset=\"http:\/\/recettes-gourmandes-de-joce.fr\/wp-content\/uploads\/2019\/10\/P1030604-300x255.jpg 300w, http:\/\/recettes-gourmandes-de-joce.fr\/wp-content\/uploads\/2019\/10\/P1030604.jpg 640w\" sizes=\"auto, (max-width: 206px) 100vw, 206px\" \/> <img loading=\"lazy\" decoding=\"async\" class=\"alignnone wp-image-7537\" src=\"http:\/\/recettes-gourmandes-de-joce.fr\/wp-content\/uploads\/2019\/10\/P1030605-150x150.jpg\" alt=\"\" width=\"233\" height=\"175\" srcset=\"http:\/\/recettes-gourmandes-de-joce.fr\/wp-content\/uploads\/2019\/10\/P1030605-300x225.jpg 300w, http:\/\/recettes-gourmandes-de-joce.fr\/wp-content\/uploads\/2019\/10\/P1030605.jpg 640w\" sizes=\"auto, (max-width: 233px) 100vw, 233px\" \/>\u00a0<img loading=\"lazy\" decoding=\"async\" class=\"alignnone wp-image-7535\" src=\"http:\/\/recettes-gourmandes-de-joce.fr\/wp-content\/uploads\/2019\/10\/P1030602-150x150.jpg\" alt=\"\" width=\"233\" height=\"175\" srcset=\"http:\/\/recettes-gourmandes-de-joce.fr\/wp-content\/uploads\/2019\/10\/P1030602-300x225.jpg 300w, http:\/\/recettes-gourmandes-de-joce.fr\/wp-content\/uploads\/2019\/10\/P1030602.jpg 640w\" sizes=\"auto, (max-width: 233px) 100vw, 233px\" \/><\/span><\/p>\n<p style=\"text-align: center;\"><span style=\"text-decoration: underline; color: #008000; font-size: x-large; font-family: georgia, palatino, serif;\"><em>Pour 2 personnes (ou 4 petits mangeurs)<\/em><\/span><\/p>\n<p style=\"text-align: center;\"><span style=\"font-family: georgia, palatino, serif;\"><img loading=\"lazy\" decoding=\"async\" class=\"alignnone wp-image-7538\" src=\"http:\/\/recettes-gourmandes-de-joce.fr\/wp-content\/uploads\/2019\/10\/P1030579-001-150x150.jpg\" alt=\"\" width=\"207\" height=\"175\" srcset=\"http:\/\/recettes-gourmandes-de-joce.fr\/wp-content\/uploads\/2019\/10\/P1030579-001-300x254.jpg 300w, http:\/\/recettes-gourmandes-de-joce.fr\/wp-content\/uploads\/2019\/10\/P1030579-001.jpg 640w\" sizes=\"auto, (max-width: 207px) 100vw, 207px\" \/><\/span><\/p>\n<p style=\"text-align: center;\"><span style=\"font-size: large; font-family: georgia, palatino, serif;\"><em><span style=\"color: #008000;\">4 pav\u00e9s de saumon frais<\/span><\/em><\/span><\/p>\n<p style=\"text-align: center;\"><span style=\"font-size: large; font-family: georgia, palatino, serif;\"><em><span style=\"color: #008000;\">1 citron<\/span><\/em><\/span><\/p>\n<p style=\"text-align: center;\"><span style=\"font-size: large; font-family: georgia, palatino, serif;\"><em><span style=\"color: #008000;\">1 petit bouquet de ciboulette<\/span><\/em><\/span><\/p>\n<p style=\"text-align: center;\"><span style=\"font-size: large; font-family: georgia, palatino, serif;\"><em><span style=\"color: #008000;\">10 cl de cr\u00e8me fra\u00eeche \u00e9paisse<\/span><\/em><\/span><\/p>\n<p style=\"text-align: center;\"><span style=\"font-size: large; font-family: georgia, palatino, serif;\"><em><span style=\"color: #008000;\">1 \u00e9chalote<\/span><\/em><\/span><\/p>\n<p style=\"text-align: center;\"><span style=\"font-size: large; font-family: georgia, palatino, serif;\"><em><span style=\"color: #008000;\">Huile d&rsquo;olive<\/span><\/em><\/span><\/p>\n<p style=\"text-align: center;\"><span style=\"font-size: large; font-family: georgia, palatino, serif;\"><em><span style=\"color: #008000;\">Sel, poivre<\/span><\/em><\/span><\/p>\n<p style=\"text-align: center;\"><span style=\"font-family: georgia, palatino, serif;\"><img loading=\"lazy\" decoding=\"async\" class=\"alignnone wp-image-6055\" src=\"http:\/\/recettes-gourmandes-de-joce.fr\/wp-content\/uploads\/2019\/10\/103_3066-150x150.jpg\" alt=\"\" width=\"232\" height=\"155\" srcset=\"http:\/\/recettes-gourmandes-de-joce.fr\/wp-content\/uploads\/2019\/10\/103_3066-300x201.jpg 300w, http:\/\/recettes-gourmandes-de-joce.fr\/wp-content\/uploads\/2019\/10\/103_3066.jpg 640w\" sizes=\"auto, (max-width: 232px) 100vw, 232px\" \/> <img loading=\"lazy\" decoding=\"async\" class=\"alignnone wp-image-5322\" src=\"http:\/\/recettes-gourmandes-de-joce.fr\/wp-content\/uploads\/2019\/10\/103_4624-1-150x150.jpg\" alt=\"\" width=\"207\" height=\"155\" srcset=\"http:\/\/recettes-gourmandes-de-joce.fr\/wp-content\/uploads\/2019\/10\/103_4624-1-300x225.jpg 300w, http:\/\/recettes-gourmandes-de-joce.fr\/wp-content\/uploads\/2019\/10\/103_4624-1.jpg 640w\" sizes=\"auto, (max-width: 207px) 100vw, 207px\" \/> <img loading=\"lazy\" decoding=\"async\" class=\"alignnone wp-image-7545\" src=\"http:\/\/recettes-gourmandes-de-joce.fr\/wp-content\/uploads\/2019\/10\/P1130075-150x150.jpg\" alt=\"\" width=\"207\" height=\"155\" srcset=\"http:\/\/recettes-gourmandes-de-joce.fr\/wp-content\/uploads\/2019\/10\/P1130075-300x225.jpg 300w, http:\/\/recettes-gourmandes-de-joce.fr\/wp-content\/uploads\/2019\/10\/P1130075.jpg 640w\" sizes=\"auto, (max-width: 207px) 100vw, 207px\" \/><\/span><\/p>\n<p style=\"text-align: center;\"><span style=\"font-family: georgia, palatino, serif;\"><em><span style=\"color: #008000;\">Peler et \u00e9mincer l&rsquo;\u00e9chalote, laver et ciseler la ciboulette, presser le citron.<\/span><\/em><\/span><\/p>\n<p style=\"text-align: center;\"><span style=\"font-family: georgia, palatino, serif;\"><img loading=\"lazy\" decoding=\"async\" class=\"alignnone wp-image-7534\" src=\"http:\/\/recettes-gourmandes-de-joce.fr\/wp-content\/uploads\/2019\/10\/Logitech-Gaming-Software-25102019-134318.bmp-150x150.jpg\" alt=\"\" width=\"233\" height=\"155\" srcset=\"http:\/\/recettes-gourmandes-de-joce.fr\/wp-content\/uploads\/2019\/10\/Logitech-Gaming-Software-25102019-134318.bmp-300x200.jpg 300w, http:\/\/recettes-gourmandes-de-joce.fr\/wp-content\/uploads\/2019\/10\/Logitech-Gaming-Software-25102019-134318.bmp.jpg 640w\" sizes=\"auto, (max-width: 233px) 100vw, 233px\" \/> <img loading=\"lazy\" decoding=\"async\" class=\"alignnone wp-image-7533\" src=\"http:\/\/recettes-gourmandes-de-joce.fr\/wp-content\/uploads\/2019\/10\/Logitech-Gaming-Software-25102019-134403.bmp-150x150.jpg\" alt=\"\" width=\"223\" height=\"155\" srcset=\"http:\/\/recettes-gourmandes-de-joce.fr\/wp-content\/uploads\/2019\/10\/Logitech-Gaming-Software-25102019-134403.bmp-300x208.jpg 300w, http:\/\/recettes-gourmandes-de-joce.fr\/wp-content\/uploads\/2019\/10\/Logitech-Gaming-Software-25102019-134403.bmp.jpg 640w\" sizes=\"auto, (max-width: 223px) 100vw, 223px\" \/> <img loading=\"lazy\" decoding=\"async\" class=\"alignnone wp-image-7532\" src=\"http:\/\/recettes-gourmandes-de-joce.fr\/wp-content\/uploads\/2019\/10\/Logitech-Gaming-Software-25102019-134322.bmp-150x150.jpg\" alt=\"\" width=\"235\" height=\"155\" srcset=\"http:\/\/recettes-gourmandes-de-joce.fr\/wp-content\/uploads\/2019\/10\/Logitech-Gaming-Software-25102019-134322.bmp-300x198.jpg 300w, http:\/\/recettes-gourmandes-de-joce.fr\/wp-content\/uploads\/2019\/10\/Logitech-Gaming-Software-25102019-134322.bmp.jpg 640w\" sizes=\"auto, (max-width: 235px) 100vw, 235px\" \/><\/span><\/p>\n<p style=\"text-align: center;\"><span style=\"font-size: large; font-family: georgia, palatino, serif;\"><em><span style=\"color: #008000;\">\u00a0Mettre \u00e0 cuire les pav\u00e9s de saumon avec un peu d&rsquo;huile d&rsquo;olive, les saler et poivrer sur les deux faces ( les r\u00e9server au chaud) . Mettre l&rsquo;\u00e9chalote \u00e9minc\u00e9e \u00e0 dorer l\u00e9g\u00e8rement dans la po\u00eale.\u00a0<\/span><\/em><\/span><\/p>\n<p style=\"text-align: center;\"><span style=\"font-family: georgia, palatino, serif;\"><img loading=\"lazy\" decoding=\"async\" class=\"alignnone wp-image-7539\" src=\"http:\/\/recettes-gourmandes-de-joce.fr\/wp-content\/uploads\/2019\/10\/P1030593-150x150.jpg\" alt=\"\" width=\"207\" height=\"155\" srcset=\"http:\/\/recettes-gourmandes-de-joce.fr\/wp-content\/uploads\/2019\/10\/P1030593-300x225.jpg 300w, http:\/\/recettes-gourmandes-de-joce.fr\/wp-content\/uploads\/2019\/10\/P1030593.jpg 640w\" sizes=\"auto, (max-width: 207px) 100vw, 207px\" \/> <img loading=\"lazy\" decoding=\"async\" class=\"alignnone wp-image-7540\" src=\"http:\/\/recettes-gourmandes-de-joce.fr\/wp-content\/uploads\/2019\/10\/P1030595-150x150.jpg\" alt=\"\" width=\"206\" height=\"155\" srcset=\"http:\/\/recettes-gourmandes-de-joce.fr\/wp-content\/uploads\/2019\/10\/P1030595-300x226.jpg 300w, http:\/\/recettes-gourmandes-de-joce.fr\/wp-content\/uploads\/2019\/10\/P1030595.jpg 640w\" sizes=\"auto, (max-width: 206px) 100vw, 206px\" \/> <img loading=\"lazy\" decoding=\"async\" class=\"alignnone wp-image-7541\" src=\"http:\/\/recettes-gourmandes-de-joce.fr\/wp-content\/uploads\/2019\/10\/P1030597-150x150.jpg\" alt=\"\" width=\"207\" height=\"155\" srcset=\"http:\/\/recettes-gourmandes-de-joce.fr\/wp-content\/uploads\/2019\/10\/P1030597-300x225.jpg 300w, http:\/\/recettes-gourmandes-de-joce.fr\/wp-content\/uploads\/2019\/10\/P1030597.jpg 640w\" sizes=\"auto, (max-width: 207px) 100vw, 207px\" \/><\/span><\/p>\n<p style=\"text-align: center;\"><span style=\"font-size: large; font-family: georgia, palatino, serif;\"><em><span style=\"color: #008000;\">D\u00e9glacer ensuite avec le jus de citron, laisser fr\u00e9mir quelques instants. <\/span><\/em><em><span style=\"color: #008000;\">Ajouter la cr\u00e8me fra\u00eeche, m\u00e9langer. Saler et poivrer la sauce et la verser dans un bol.<\/span><\/em><\/span><\/p>\n<p style=\"text-align: center;\"><span style=\"font-family: georgia, palatino, serif;\"><img loading=\"lazy\" decoding=\"async\" class=\"alignnone wp-image-7542\" src=\"http:\/\/recettes-gourmandes-de-joce.fr\/wp-content\/uploads\/2019\/10\/P1030599-150x150.jpg\" alt=\"\" width=\"189\" height=\"155\" srcset=\"http:\/\/recettes-gourmandes-de-joce.fr\/wp-content\/uploads\/2019\/10\/P1030599-300x246.jpg 300w, http:\/\/recettes-gourmandes-de-joce.fr\/wp-content\/uploads\/2019\/10\/P1030599.jpg 640w\" sizes=\"auto, (max-width: 189px) 100vw, 189px\" \/> <img loading=\"lazy\" decoding=\"async\" class=\"alignnone wp-image-7543\" src=\"http:\/\/recettes-gourmandes-de-joce.fr\/wp-content\/uploads\/2019\/10\/P1030601-150x150.jpg\" alt=\"\" width=\"193\" height=\"155\" srcset=\"http:\/\/recettes-gourmandes-de-joce.fr\/wp-content\/uploads\/2019\/10\/P1030601-300x240.jpg 300w, http:\/\/recettes-gourmandes-de-joce.fr\/wp-content\/uploads\/2019\/10\/P1030601.jpg 640w\" sizes=\"auto, (max-width: 193px) 100vw, 193px\" \/><\/span><\/p>\n<p style=\"text-align: center;\"><span style=\"font-size: large; font-family: georgia, palatino, serif;\"><em><span style=\"color: #008000;\">Ajouter la ciboulette cisel\u00e9e et m\u00e9langer. Pr\u00e9senter vos pav\u00e9s dans chaque assiette, verser la sauce. <\/span><\/em><em><span style=\"color: #008000;\">D\u00e9corer de tranches de citron et de brins de ciboulette. Servir bien chaud avec du riz ou des tagliatelles fra\u00eeches.<\/span><\/em><\/span><\/p>\n<p style=\"text-align: center;\"><span style=\"font-size: large; font-family: georgia, palatino, serif;\"><em><span style=\"color: #008000;\">Bon app\u00e9tit!<\/span><\/em><\/span><\/p>\n<p style=\"text-align: center;\"><span style=\"font-family: georgia, palatino, serif;\"><img loading=\"lazy\" decoding=\"async\" class=\"alignnone wp-image-7535\" src=\"http:\/\/recettes-gourmandes-de-joce.fr\/wp-content\/uploads\/2019\/10\/P1030602-150x150.jpg\" alt=\"\" width=\"233\" height=\"175\" srcset=\"http:\/\/recettes-gourmandes-de-joce.fr\/wp-content\/uploads\/2019\/10\/P1030602-300x225.jpg 300w, http:\/\/recettes-gourmandes-de-joce.fr\/wp-content\/uploads\/2019\/10\/P1030602.jpg 640w\" sizes=\"auto, (max-width: 233px) 100vw, 233px\" \/>\u00a0<img loading=\"lazy\" decoding=\"async\" class=\"alignnone wp-image-7537\" src=\"http:\/\/recettes-gourmandes-de-joce.fr\/wp-content\/uploads\/2019\/10\/P1030605-150x150.jpg\" alt=\"\" width=\"233\" height=\"175\" srcset=\"http:\/\/recettes-gourmandes-de-joce.fr\/wp-content\/uploads\/2019\/10\/P1030605-300x225.jpg 300w, http:\/\/recettes-gourmandes-de-joce.fr\/wp-content\/uploads\/2019\/10\/P1030605.jpg 640w\" sizes=\"auto, (max-width: 233px) 100vw, 233px\" \/> <img loading=\"lazy\" decoding=\"async\" class=\"alignnone wp-image-7536\" src=\"http:\/\/recettes-gourmandes-de-joce.fr\/wp-content\/uploads\/2019\/10\/P1030604-150x150.jpg\" alt=\"\" width=\"206\" height=\"175\" srcset=\"http:\/\/recettes-gourmandes-de-joce.fr\/wp-content\/uploads\/2019\/10\/P1030604-300x255.jpg 300w, http:\/\/recettes-gourmandes-de-joce.fr\/wp-content\/uploads\/2019\/10\/P1030604.jpg 640w\" sizes=\"auto, (max-width: 206px) 100vw, 206px\" \/><\/span><\/p>\n<p style=\"text-align: center;\"><img loading=\"lazy\" decoding=\"async\" class=\"alignnone size-full wp-image-59803\" src=\"http:\/\/recettes-gourmandes-de-joce.fr\/wp-content\/uploads\/2024\/01\/logitech-gaming-software-14112014-121223.jpg\" alt=\"\" width=\"640\" height=\"144\" \/><\/p>\n<p style=\"text-align: center;\">\n","protected":false},"excerpt":{"rendered":"<p>Une de mes recettes \u00a0 Pour 2 personnes (ou 4 petits mangeurs) 4 pav\u00e9s de saumon frais 1 citron 1 petit bouquet de ciboulette 10 cl de cr\u00e8me fra\u00eeche \u00e9paisse 1 \u00e9chalote Huile d&rsquo;olive Sel, poivre Peler et \u00e9mincer l&rsquo;\u00e9chalote, laver et ciseler la ciboulette, presser le citron. \u00a0Mettre \u00e0 cuire les pav\u00e9s de saumon &hellip; <\/p>\n<p><a class=\"more-link btn\" href=\"http:\/\/recettes-gourmandes-de-joce.fr\/index.php\/index\/poissons-coquillages\/filets-paves\/saumon-a-la-creme-citronnee-et-ciboulette\/\">Lire la suite<\/a><\/p>\n","protected":false},"author":2,"featured_media":85676,"parent":189,"menu_order":0,"comment_status":"open","ping_status":"closed","template":"","meta":{"footnotes":""},"class_list":["post-7544","page","type-page","status-publish","has-post-thumbnail","hentry","nodate","item-wrap"],"_links":{"self":[{"href":"http:\/\/recettes-gourmandes-de-joce.fr\/index.php\/wp-json\/wp\/v2\/pages\/7544","targetHints":{"allow":["GET"]}}],"collection":[{"href":"http:\/\/recettes-gourmandes-de-joce.fr\/index.php\/wp-json\/wp\/v2\/pages"}],"about":[{"href":"http:\/\/recettes-gourmandes-de-joce.fr\/index.php\/wp-json\/wp\/v2\/types\/page"}],"author":[{"embeddable":true,"href":"http:\/\/recettes-gourmandes-de-joce.fr\/index.php\/wp-json\/wp\/v2\/users\/2"}],"replies":[{"embeddable":true,"href":"http:\/\/recettes-gourmandes-de-joce.fr\/index.php\/wp-json\/wp\/v2\/comments?post=7544"}],"version-history":[{"count":4,"href":"http:\/\/recettes-gourmandes-de-joce.fr\/index.php\/wp-json\/wp\/v2\/pages\/7544\/revisions"}],"predecessor-version":[{"id":85677,"href":"http:\/\/recettes-gourmandes-de-joce.fr\/index.php\/wp-json\/wp\/v2\/pages\/7544\/revisions\/85677"}],"up":[{"embeddable":true,"href":"http:\/\/recettes-gourmandes-de-joce.fr\/index.php\/wp-json\/wp\/v2\/pages\/189"}],"wp:featuredmedia":[{"embeddable":true,"href":"http:\/\/recettes-gourmandes-de-joce.fr\/index.php\/wp-json\/wp\/v2\/media\/85676"}],"wp:attachment":[{"href":"http:\/\/recettes-gourmandes-de-joce.fr\/index.php\/wp-json\/wp\/v2\/media?parent=7544"}],"curies":[{"name":"wp","href":"https:\/\/api.w.org\/{rel}","templated":true}]}}