{"id":745,"date":"2019-09-21T17:57:28","date_gmt":"2019-09-21T17:57:28","guid":{"rendered":"http:\/\/recettes-gourmandes-de-joce.fr\/?page_id=745"},"modified":"2025-03-25T10:06:02","modified_gmt":"2025-03-25T10:06:02","slug":"cheeseburger-savoyard-au-reblochon-et-au-lard","status":"publish","type":"page","link":"http:\/\/recettes-gourmandes-de-joce.fr\/index.php\/index\/burgers-croques-tartines-pizzas\/bugers\/cheeseburger-savoyard-au-reblochon-et-au-lard\/","title":{"rendered":"Cheeseburger savoyard au reblochon et au lard."},"content":{"rendered":"<p style=\"text-align: center;\"><span style=\"color: #ff8c00; font-family: georgia, palatino, serif;\"><span style=\"text-decoration: underline;\"><em><span style=\"font-size: x-large;\">Une de mes recettes<\/span><\/em><\/span><\/span><\/p>\n<p style=\"text-align: center;\">\u00a0<img loading=\"lazy\" decoding=\"async\" class=\"alignnone wp-image-65965\" src=\"http:\/\/recettes-gourmandes-de-joce.fr\/wp-content\/uploads\/2024\/04\/hamburgers-reblochon18.jpg\" alt=\"\" width=\"236\" height=\"180\" srcset=\"http:\/\/recettes-gourmandes-de-joce.fr\/wp-content\/uploads\/2024\/04\/hamburgers-reblochon18.jpg 1024w, http:\/\/recettes-gourmandes-de-joce.fr\/wp-content\/uploads\/2024\/04\/hamburgers-reblochon18-768x586.jpg 768w, http:\/\/recettes-gourmandes-de-joce.fr\/wp-content\/uploads\/2024\/04\/hamburgers-reblochon18-750x572.jpg 750w\" sizes=\"auto, (max-width: 236px) 100vw, 236px\" \/> <img loading=\"lazy\" decoding=\"async\" class=\"alignnone wp-image-66326\" src=\"http:\/\/recettes-gourmandes-de-joce.fr\/wp-content\/uploads\/2024\/04\/Desktop12.jpg\" alt=\"\" width=\"273\" height=\"180\" srcset=\"http:\/\/recettes-gourmandes-de-joce.fr\/wp-content\/uploads\/2024\/04\/Desktop12.jpg 800w, http:\/\/recettes-gourmandes-de-joce.fr\/wp-content\/uploads\/2024\/04\/Desktop12-768x506.jpg 768w, http:\/\/recettes-gourmandes-de-joce.fr\/wp-content\/uploads\/2024\/04\/Desktop12-750x494.jpg 750w\" sizes=\"auto, (max-width: 273px) 100vw, 273px\" \/> <img loading=\"lazy\" decoding=\"async\" class=\"alignnone wp-image-65966\" src=\"http:\/\/recettes-gourmandes-de-joce.fr\/wp-content\/uploads\/2024\/04\/hamburgers-reblochon1.jpg\" alt=\"\" width=\"220\" height=\"180\" srcset=\"http:\/\/recettes-gourmandes-de-joce.fr\/wp-content\/uploads\/2024\/04\/hamburgers-reblochon1.jpg 1024w, http:\/\/recettes-gourmandes-de-joce.fr\/wp-content\/uploads\/2024\/04\/hamburgers-reblochon1-768x627.jpg 768w, http:\/\/recettes-gourmandes-de-joce.fr\/wp-content\/uploads\/2024\/04\/hamburgers-reblochon1-750x612.jpg 750w\" sizes=\"auto, (max-width: 220px) 100vw, 220px\" \/><\/p>\n<p style=\"text-align: center;\"><span style=\"color: #ff8c00; font-family: georgia, palatino, serif;\"><span style=\"font-size: x-large; text-decoration: underline;\"><em>Ingr\u00e9dients pour 1 personne<\/em><\/span><\/span><\/p>\n<p style=\"text-align: center;\"><img loading=\"lazy\" decoding=\"async\" class=\"alignnone wp-image-65969\" src=\"http:\/\/recettes-gourmandes-de-joce.fr\/wp-content\/uploads\/2024\/04\/hamburgers-reblochon4.jpg\" alt=\"\" width=\"259\" height=\"200\" srcset=\"http:\/\/recettes-gourmandes-de-joce.fr\/wp-content\/uploads\/2024\/04\/hamburgers-reblochon4.jpg 1024w, http:\/\/recettes-gourmandes-de-joce.fr\/wp-content\/uploads\/2024\/04\/hamburgers-reblochon4-768x593.jpg 768w, http:\/\/recettes-gourmandes-de-joce.fr\/wp-content\/uploads\/2024\/04\/hamburgers-reblochon4-750x579.jpg 750w\" sizes=\"auto, (max-width: 259px) 100vw, 259px\" \/><\/p>\n<p style=\"text-align: center;\"><span style=\"color: #ff8c00; font-family: georgia, palatino, serif; font-size: 14pt;\"><em>1 pain \u00e0 hamburger<\/em><\/span><\/p>\n<p style=\"text-align: center;\"><span style=\"color: #ff8c00; font-family: georgia, palatino, serif; font-size: 14pt;\"><em>1 steak hach\u00e9 \u00e0 l&rsquo;oignon<\/em><\/span><\/p>\n<p style=\"text-align: center;\"><span style=\"color: #ff8c00; font-family: georgia, palatino, serif; font-size: 14pt;\"><em>1\/3 d&rsquo;une demi part de reblochon<\/em><\/span><\/p>\n<p style=\"text-align: center;\"><span style=\"color: #ff8c00; font-family: georgia, palatino, serif; font-size: 14pt;\"><em>2 tranches de jambon de pays<\/em><\/span><\/p>\n<p style=\"text-align: center;\"><span style=\"color: #ff8c00; font-family: georgia, palatino, serif; font-size: 14pt;\"><em>1 petit morceau de lard cuit fum\u00e9 (Lidl)<\/em><\/span><\/p>\n<p style=\"text-align: center;\"><span style=\"color: #ff8c00; font-family: georgia, palatino, serif; font-size: 14pt;\"><em>1 oignon<\/em><\/span><\/p>\n<p style=\"text-align: center;\"><span style=\"color: #ff8c00; font-family: georgia, palatino, serif; font-size: 14pt;\"><em>1 petit bouquet de ciboulette<\/em><\/span><\/p>\n<p style=\"text-align: center;\"><span style=\"color: #ff8c00; font-family: georgia, palatino, serif; font-size: 14pt;\"><em>2 bonnes c \u00e0 s de cr\u00e8me fra\u00eeche<\/em><\/span><\/p>\n<p style=\"text-align: center;\"><span style=\"color: #ff8c00; font-family: georgia, palatino, serif; font-size: 14pt;\"><em>Sel et poivre<\/em><\/span><\/p>\n<p style=\"text-align: center;\"><span style=\"color: #ff8c00; font-family: georgia, palatino, serif;\"><span style=\"font-size: 20px;\"><em><span style=\"font-size: 14pt;\">Recette du pain \u00e0 hamburger sur ce lien -&gt;<\/span><a href=\"http:\/\/recettes-gourmandes-de-joce.fr\/index.php\/index\/burgers-croques-tartines-pizzas\/bugers\/pains-a-hamburgers\/\"><span style=\"font-size: 14pt;\">-&gt; Pains \u00e0 hamburgers\u00a0<\/span><img loading=\"lazy\" decoding=\"async\" class=\"alignnone wp-image-8007 lazy-loaded\" src=\"http:\/\/recettes-gourmandes-de-joce.fr\/wp-content\/uploads\/2019\/10\/100-3330-300x225.jpg\" sizes=\"auto, (max-width: 200px) 100vw, 200px\" srcset=\"http:\/\/recettes-gourmandes-de-joce.fr\/wp-content\/uploads\/2019\/10\/100-3330-300x225.jpg 300w, http:\/\/recettes-gourmandes-de-joce.fr\/wp-content\/uploads\/2019\/10\/100-3330.jpg 640w\" alt=\"\" width=\"200\" height=\"150\" data-srcset=\"\" data-lazy-type=\"image\" data-src=\"http:\/\/recettes-gourmandes-de-joce.fr\/wp-content\/uploads\/2019\/10\/100-3330-300x225.jpg\" data-pin-me-only=\"true\" \/><\/a><\/em><\/span><\/span><\/p>\n<p style=\"text-align: center;\"><img loading=\"lazy\" decoding=\"async\" class=\"alignnone wp-image-65970\" src=\"http:\/\/recettes-gourmandes-de-joce.fr\/wp-content\/uploads\/2024\/04\/hamburgers-reblochon5.jpg\" alt=\"\" width=\"217\" height=\"170\" srcset=\"http:\/\/recettes-gourmandes-de-joce.fr\/wp-content\/uploads\/2024\/04\/hamburgers-reblochon5.jpg 1024w, http:\/\/recettes-gourmandes-de-joce.fr\/wp-content\/uploads\/2024\/04\/hamburgers-reblochon5-768x601.jpg 768w, http:\/\/recettes-gourmandes-de-joce.fr\/wp-content\/uploads\/2024\/04\/hamburgers-reblochon5-750x587.jpg 750w\" sizes=\"auto, (max-width: 217px) 100vw, 217px\" \/> <img loading=\"lazy\" decoding=\"async\" class=\"alignnone wp-image-65971\" src=\"http:\/\/recettes-gourmandes-de-joce.fr\/wp-content\/uploads\/2024\/04\/hamburgers-reblochon6.jpg\" alt=\"\" width=\"225\" height=\"170\" srcset=\"http:\/\/recettes-gourmandes-de-joce.fr\/wp-content\/uploads\/2024\/04\/hamburgers-reblochon6.jpg 950w, http:\/\/recettes-gourmandes-de-joce.fr\/wp-content\/uploads\/2024\/04\/hamburgers-reblochon6-768x580.jpg 768w, http:\/\/recettes-gourmandes-de-joce.fr\/wp-content\/uploads\/2024\/04\/hamburgers-reblochon6-750x566.jpg 750w\" sizes=\"auto, (max-width: 225px) 100vw, 225px\" \/> <img loading=\"lazy\" decoding=\"async\" class=\"alignnone wp-image-65972\" src=\"http:\/\/recettes-gourmandes-de-joce.fr\/wp-content\/uploads\/2024\/04\/hamburgers-reblochon7.jpg\" alt=\"\" width=\"194\" height=\"170\" srcset=\"http:\/\/recettes-gourmandes-de-joce.fr\/wp-content\/uploads\/2024\/04\/hamburgers-reblochon7.jpg 1024w, http:\/\/recettes-gourmandes-de-joce.fr\/wp-content\/uploads\/2024\/04\/hamburgers-reblochon7-768x674.jpg 768w, http:\/\/recettes-gourmandes-de-joce.fr\/wp-content\/uploads\/2024\/04\/hamburgers-reblochon7-750x658.jpg 750w\" sizes=\"auto, (max-width: 194px) 100vw, 194px\" \/><\/p>\n<p style=\"text-align: center;\"><span style=\"color: #ff8c00; font-family: georgia, palatino, serif; font-size: 14pt;\"><em>R\u00e9aliser la p\u00e2te \u00e0 pain \u00e0 hamburger,\u00a0<\/em><\/span><em style=\"color: #ff8c00; font-family: georgia, palatino, serif; font-size: 18.6667px;\">les <\/em><em style=\"color: #ff8c00; font-family: georgia, palatino, serif; font-size: 14pt;\">fa\u00e7onner et <\/em><em style=\"color: #ff8c00; font-family: georgia, palatino, serif; font-size: 14pt;\">l&rsquo;<\/em><em style=\"color: #ff8c00; font-family: georgia, palatino, serif; font-size: 14pt;\">enfourner. Pendant la cuisson r\u00e9aliser la sauce, dans un bol m\u00e9langer la cr\u00e8me avec la ciboulette lav\u00e9e et cisel\u00e9e finement, saler et poivre.<\/em><\/p>\n<p style=\"text-align: center;\"><img loading=\"lazy\" decoding=\"async\" class=\"alignnone wp-image-65973\" src=\"http:\/\/recettes-gourmandes-de-joce.fr\/wp-content\/uploads\/2024\/04\/hamburgers-reblochon8.jpg\" alt=\"\" width=\"227\" height=\"170\" srcset=\"http:\/\/recettes-gourmandes-de-joce.fr\/wp-content\/uploads\/2024\/04\/hamburgers-reblochon8.jpg 1024w, http:\/\/recettes-gourmandes-de-joce.fr\/wp-content\/uploads\/2024\/04\/hamburgers-reblochon8-768x576.jpg 768w, http:\/\/recettes-gourmandes-de-joce.fr\/wp-content\/uploads\/2024\/04\/hamburgers-reblochon8-750x563.jpg 750w\" sizes=\"auto, (max-width: 227px) 100vw, 227px\" \/> <img loading=\"lazy\" decoding=\"async\" class=\"alignnone wp-image-65974\" src=\"http:\/\/recettes-gourmandes-de-joce.fr\/wp-content\/uploads\/2024\/04\/hamburgers-reblochon9.jpg\" alt=\"\" width=\"229\" height=\"170\" srcset=\"http:\/\/recettes-gourmandes-de-joce.fr\/wp-content\/uploads\/2024\/04\/hamburgers-reblochon9.jpg 1024w, http:\/\/recettes-gourmandes-de-joce.fr\/wp-content\/uploads\/2024\/04\/hamburgers-reblochon9-768x570.jpg 768w, http:\/\/recettes-gourmandes-de-joce.fr\/wp-content\/uploads\/2024\/04\/hamburgers-reblochon9-750x557.jpg 750w\" sizes=\"auto, (max-width: 229px) 100vw, 229px\" \/> <img loading=\"lazy\" decoding=\"async\" class=\"alignnone wp-image-65975\" src=\"http:\/\/recettes-gourmandes-de-joce.fr\/wp-content\/uploads\/2024\/04\/hamburgers-reblochon10.jpg\" alt=\"\" width=\"267\" height=\"170\" srcset=\"http:\/\/recettes-gourmandes-de-joce.fr\/wp-content\/uploads\/2024\/04\/hamburgers-reblochon10.jpg 1024w, http:\/\/recettes-gourmandes-de-joce.fr\/wp-content\/uploads\/2024\/04\/hamburgers-reblochon10-768x488.jpg 768w, http:\/\/recettes-gourmandes-de-joce.fr\/wp-content\/uploads\/2024\/04\/hamburgers-reblochon10-750x477.jpg 750w\" sizes=\"auto, (max-width: 267px) 100vw, 267px\" \/><\/p>\n<p style=\"text-align: center;\"><span style=\"color: #ff8c00; font-family: georgia, palatino, serif; font-size: 14pt;\"><em>Bien m\u00e9langer et rectifier \u00e9ventuellement l&rsquo;assaisonnement. Peler et \u00e9mincer l&rsquo;oignon, couper le reblochon en tranches, couper le lard en 4 tranches. Mettre \u00e0 refroidir les pains une fois cuits sur une grille. Mettre les oignons \u00e0 cuire sur la plancha, les saler l\u00e9g\u00e8rement. Cuire \u00e9galement \u00e0 la plancha le steak selon vos go\u00fbts, et les tranches de jambon qui doivent rest\u00e9es moelleuses.<\/em><\/span><\/p>\n<p style=\"text-align: center;\"><img loading=\"lazy\" decoding=\"async\" class=\"alignnone wp-image-65976\" src=\"http:\/\/recettes-gourmandes-de-joce.fr\/wp-content\/uploads\/2024\/04\/hamburgers-reblochon11.jpg\" alt=\"\" width=\"227\" height=\"170\" srcset=\"http:\/\/recettes-gourmandes-de-joce.fr\/wp-content\/uploads\/2024\/04\/hamburgers-reblochon11.jpg 1024w, http:\/\/recettes-gourmandes-de-joce.fr\/wp-content\/uploads\/2024\/04\/hamburgers-reblochon11-768x576.jpg 768w, http:\/\/recettes-gourmandes-de-joce.fr\/wp-content\/uploads\/2024\/04\/hamburgers-reblochon11-750x563.jpg 750w\" sizes=\"auto, (max-width: 227px) 100vw, 227px\" \/> <img loading=\"lazy\" decoding=\"async\" class=\"alignnone wp-image-65977\" src=\"http:\/\/recettes-gourmandes-de-joce.fr\/wp-content\/uploads\/2024\/04\/hamburgers-reblochon12.jpg\" alt=\"\" width=\"237\" height=\"170\" \/> <img loading=\"lazy\" decoding=\"async\" class=\"alignnone wp-image-65978\" src=\"http:\/\/recettes-gourmandes-de-joce.fr\/wp-content\/uploads\/2024\/04\/hamburgers-reblochon14.jpg\" alt=\"\" width=\"273\" height=\"170\" srcset=\"http:\/\/recettes-gourmandes-de-joce.fr\/wp-content\/uploads\/2024\/04\/hamburgers-reblochon14.jpg 1024w, http:\/\/recettes-gourmandes-de-joce.fr\/wp-content\/uploads\/2024\/04\/hamburgers-reblochon14-768x479.jpg 768w, http:\/\/recettes-gourmandes-de-joce.fr\/wp-content\/uploads\/2024\/04\/hamburgers-reblochon14-750x467.jpg 750w\" sizes=\"auto, (max-width: 273px) 100vw, 273px\" \/><\/p>\n<p style=\"text-align: center;\"><span style=\"color: #ff8c00; font-family: georgia, palatino, serif; font-size: 14pt;\"><em>Remuer souvent les oignons pendant la cuisson, ils doivent prendre une belle couleur dor\u00e9e. Trancher ensuite le pain \u00e0 hamburger en deux, d\u00e9poser dessus le fromage et le faire fondre au micro-onde quelques secondes. Ajouter dessus ensuite les tranches de lard.<\/em><\/span><\/p>\n<p style=\"text-align: center;\"><img loading=\"lazy\" decoding=\"async\" class=\"alignnone wp-image-65979\" src=\"http:\/\/recettes-gourmandes-de-joce.fr\/wp-content\/uploads\/2024\/04\/hamburgers-reblochon15.jpg\" alt=\"\" width=\"259\" height=\"170\" srcset=\"http:\/\/recettes-gourmandes-de-joce.fr\/wp-content\/uploads\/2024\/04\/hamburgers-reblochon15.jpg 1024w, http:\/\/recettes-gourmandes-de-joce.fr\/wp-content\/uploads\/2024\/04\/hamburgers-reblochon15-768x503.jpg 768w, http:\/\/recettes-gourmandes-de-joce.fr\/wp-content\/uploads\/2024\/04\/hamburgers-reblochon15-750x491.jpg 750w\" sizes=\"auto, (max-width: 259px) 100vw, 259px\" \/> <img loading=\"lazy\" decoding=\"async\" class=\"alignnone wp-image-65980\" src=\"http:\/\/recettes-gourmandes-de-joce.fr\/wp-content\/uploads\/2024\/04\/hamburgers-reblochon16.jpg\" alt=\"\" width=\"219\" height=\"170\" srcset=\"http:\/\/recettes-gourmandes-de-joce.fr\/wp-content\/uploads\/2024\/04\/hamburgers-reblochon16.jpg 1024w, http:\/\/recettes-gourmandes-de-joce.fr\/wp-content\/uploads\/2024\/04\/hamburgers-reblochon16-768x596.jpg 768w, http:\/\/recettes-gourmandes-de-joce.fr\/wp-content\/uploads\/2024\/04\/hamburgers-reblochon16-750x582.jpg 750w\" sizes=\"auto, (max-width: 219px) 100vw, 219px\" \/> <img loading=\"lazy\" decoding=\"async\" class=\"alignnone wp-image-65981\" src=\"http:\/\/recettes-gourmandes-de-joce.fr\/wp-content\/uploads\/2024\/04\/hamburgers-reblochon17.jpg\" alt=\"\" width=\"227\" height=\"170\" srcset=\"http:\/\/recettes-gourmandes-de-joce.fr\/wp-content\/uploads\/2024\/04\/hamburgers-reblochon17.jpg 1024w, http:\/\/recettes-gourmandes-de-joce.fr\/wp-content\/uploads\/2024\/04\/hamburgers-reblochon17-768x575.jpg 768w, http:\/\/recettes-gourmandes-de-joce.fr\/wp-content\/uploads\/2024\/04\/hamburgers-reblochon17-750x562.jpg 750w\" sizes=\"auto, (max-width: 227px) 100vw, 227px\" \/><\/p>\n<p style=\"text-align: center;\"><span style=\"color: #ff8c00; font-family: georgia, palatino, serif; font-size: 14pt;\"><em>Puis les tranches de jambon, r\u00e9partir la sauce \u00e0 la ciboulette, les oignons, puis ajouter le steak, refermer le cheeseburger et d\u00e9guster imm\u00e9diatement avec une salade verte assaisonn\u00e9e et quelques frites maison.<\/em><\/span><\/p>\n<p style=\"text-align: center;\"><span style=\"color: #ff8c00; font-family: georgia, palatino, serif; font-size: 14pt;\"><em><em>Bon app\u00e9tit!<\/em><\/em><\/span><\/p>\n<p style=\"text-align: center;\"><img loading=\"lazy\" decoding=\"async\" class=\"alignnone wp-image-65968\" src=\"http:\/\/recettes-gourmandes-de-joce.fr\/wp-content\/uploads\/2024\/04\/hamburgers-reblochon3.jpg\" alt=\"\" width=\"233\" height=\"180\" srcset=\"http:\/\/recettes-gourmandes-de-joce.fr\/wp-content\/uploads\/2024\/04\/hamburgers-reblochon3.jpg 1024w, http:\/\/recettes-gourmandes-de-joce.fr\/wp-content\/uploads\/2024\/04\/hamburgers-reblochon3-768x593.jpg 768w, http:\/\/recettes-gourmandes-de-joce.fr\/wp-content\/uploads\/2024\/04\/hamburgers-reblochon3-750x579.jpg 750w\" sizes=\"auto, (max-width: 233px) 100vw, 233px\" \/> <img loading=\"lazy\" decoding=\"async\" class=\"alignnone wp-image-65967\" src=\"http:\/\/recettes-gourmandes-de-joce.fr\/wp-content\/uploads\/2024\/04\/hamburgers-reblochon2.jpg\" alt=\"\" width=\"247\" height=\"180\" srcset=\"http:\/\/recettes-gourmandes-de-joce.fr\/wp-content\/uploads\/2024\/04\/hamburgers-reblochon2.jpg 1024w, http:\/\/recettes-gourmandes-de-joce.fr\/wp-content\/uploads\/2024\/04\/hamburgers-reblochon2-768x560.jpg 768w, http:\/\/recettes-gourmandes-de-joce.fr\/wp-content\/uploads\/2024\/04\/hamburgers-reblochon2-750x546.jpg 750w\" sizes=\"auto, (max-width: 247px) 100vw, 247px\" \/> <img loading=\"lazy\" decoding=\"async\" class=\"alignnone wp-image-65965\" src=\"http:\/\/recettes-gourmandes-de-joce.fr\/wp-content\/uploads\/2024\/04\/hamburgers-reblochon18.jpg\" alt=\"\" width=\"236\" height=\"180\" srcset=\"http:\/\/recettes-gourmandes-de-joce.fr\/wp-content\/uploads\/2024\/04\/hamburgers-reblochon18.jpg 1024w, http:\/\/recettes-gourmandes-de-joce.fr\/wp-content\/uploads\/2024\/04\/hamburgers-reblochon18-768x586.jpg 768w, http:\/\/recettes-gourmandes-de-joce.fr\/wp-content\/uploads\/2024\/04\/hamburgers-reblochon18-750x572.jpg 750w\" sizes=\"auto, (max-width: 236px) 100vw, 236px\" \/><\/p>\n<p style=\"text-align: center;\"><img loading=\"lazy\" decoding=\"async\" class=\"alignnone size-full wp-image-59803\" src=\"http:\/\/recettes-gourmandes-de-joce.fr\/wp-content\/uploads\/2024\/01\/logitech-gaming-software-14112014-121223.jpg\" alt=\"\" width=\"640\" height=\"144\" \/><\/p>\n<p><span style=\"text-decoration: underline; color: #ff0000; font-size: 14pt;\"><span style=\"font-family: georgia, palatino, serif;\"><strong>Commentaires de l&rsquo;ancien site\u00a0<\/strong><\/span><\/span><\/p>\n<h3>Commentaires\u00a0<small>(4)<\/small><\/h3>\n<div class=\"items-container\">\n<div class=\"item item-comment media\">\n<div class=\"pull-left\">\n<p>&nbsp;<\/p>\n<p><img decoding=\"async\" class=\"media-object\" src=\"https:\/\/www.gravatar.com\/avatar\/fe587bb4b8e24d8a0262a4bccf491755?d=https%3A%2F%2Fwww.recettes-gourmandes-de-joce.com%2Fmedias%2Fstatic%2Fmanager%2Fim%2Favatar.png?s=50&amp;d=mm\" alt=\"Mystic\" width=\"50\" \/><\/p>\n<\/div>\n<div class=\"media-body\">\n<ul class=\"inline item-infos\">\n<li><span class=\"comment-number\">1.<\/span>\u00a0<span class=\"comment-author\"><strong>Mystic<\/strong><\/span>\u00a0<span class=\"comment-date\">| 03\/11\/2018<\/span><\/li>\n<\/ul>\n<div class=\"comment-content\">Cheese burger au reblochon a fa\u00e7onner selon toutes nos envie&#8230; Ta recette est particuli\u00e8rement gourmande pour ma part je le pr\u00e9pare avec une sauce moutardes \u00e0 l&rsquo;ancienne&#8230; Et j&rsquo;ajoute \u00e0 la place du jambon de pays une fine galette de pomme de terre&#8230;. Bref je teste ta recette&#8230;qui me fait d\u00e9j\u00e0 saliver.<\/div>\n<div class=\"item item-comment media by-webmaster\">\n<div class=\"pull-left\">\n<p>&nbsp;<\/p>\n<\/div>\n<div class=\"media-body\">\n<ul class=\"inline item-infos\">\n<li><span class=\"comment-author\"><strong>jocelyne debon<\/strong>\u00a0(<a rel=\"nofollow\">site web<\/a>)<\/span>\u00a0<span class=\"comment-date\">| 03\/11\/2018<\/span><\/li>\n<\/ul>\n<div class=\"comment-content\">Coucou, Merci pour ton commentaire et tes id\u00e9es c&rsquo;est toujours sympa s&rsquo;avoir des variante Bonne soir\u00e9e et j&rsquo;esp\u00e8re que ma version te plaira<\/div>\n<div class=\"comment-content\">Au plaisir<\/div>\n<div class=\"comment-content\">Amicalement Joce<\/div>\n<\/div>\n<\/div>\n<\/div>\n<\/div>\n<div class=\"item item-comment media\">\n<div class=\"pull-left\">\n<p>&nbsp;<\/p>\n<p><img decoding=\"async\" class=\"media-object\" src=\"https:\/\/www.gravatar.com\/avatar\/72f6df4e7a9215b94730946d46aeec8a?d=https%3A%2F%2Fwww.recettes-gourmandes-de-joce.com%2Fmedias%2Fstatic%2Fmanager%2Fim%2Favatar.png?s=50&amp;d=mm\" alt=\"levasseur carole\" width=\"50\" \/><\/p>\n<\/div>\n<div class=\"media-body\">\n<ul class=\"inline item-infos\">\n<li><span class=\"comment-number\">2.<\/span>\u00a0<span class=\"comment-author\"><strong>levasseur carole<\/strong><\/span>\u00a0<span class=\"comment-date\">| 05\/10\/2015<\/span><\/li>\n<\/ul>\n<div class=\"comment-content\">\u00a0Id\u00e9e qui change des hamburger tradi Merci<\/div>\n<div class=\"item item-comment media by-webmaster\">\n<div class=\"pull-left\">\n<p>&nbsp;<\/p>\n<\/div>\n<div class=\"media-body\">\n<ul class=\"inline item-infos\">\n<li><span class=\"comment-author\"><strong>jocelyne debon<\/strong>\u00a0(<a rel=\"nofollow\">site web<\/a>)<\/span>\u00a0<span class=\"comment-date\">| 05\/10\/2015<\/span><\/li>\n<\/ul>\n<div class=\"comment-content\">Merciii Et c&rsquo;est trop bon j&rsquo;ai ador\u00e9 \ud83d\ude09<\/div>\n<div class=\"comment-content\">Au plaisir<\/div>\n<div class=\"comment-content\">Amicalement Joce<\/div>\n<\/div>\n<\/div>\n<\/div>\n<\/div>\n<\/div>\n<p>&nbsp;<\/p>\n<p style=\"text-align: center;\"><span style=\"font-size: small; font-family: georgia, palatino, serif;\"><em><span style=\"color: #ff0000;\">Tous les \u00e9l\u00e9ments contenus dans ce site (Titres, photographies, textes, recettes, etc.. ) sont ma propri\u00e9t\u00e9 exclusive (sauf cas de mention contraire). Ils sont prot\u00e9g\u00e9s par les lois relatives aux droits d&rsquo;auteurs. La copie en partie ou totale est interdite et punie par la loi <\/span><\/em><em><span style=\"color: #808080;\">Rappel Art. L122-4. du Code de la Propri\u00e9t\u00e9 Intellectuelle \u00a9 Recettes-gourmandes-de-joce.com COPIE INTERDITE PHOTOS PROT\u00c9G\u00c9ES \u00a9<\/span><\/em><\/span><\/p>\n<p style=\"text-align: center;\"><span style=\"color: #000000; font-size: small; text-decoration: underline; font-family: georgia, palatino, serif;\"><em>La violation des droits d\u2019auteurs est constitutive du d\u00e9lit de contrefa\u00e7on puni d\u2019une peine de 300 000 euros d\u2019amende et de 3 ans d\u2019emprisonnement (CPI, art. L. 335-2 s.)<\/em><\/span><\/p>\n<p style=\"text-align: center;\"><span style=\"font-family: georgia, palatino, serif; font-size: small;\"><em><span style=\"color: #808080;\"><span style=\"color: #ff0000;\"><em><span style=\"color: #808080;\"><span style=\"color: #ff0000;\">LE PARTAGE DU LIEN des recettes seulement EST AUTORIS\u00c9, puisqu&rsquo;il renvoie vers mon site . Mais interdiction\u00a0de copier\/coller\u00a0mes recettes photos et textes sur tout autre site ou bl<span class=\"text_exposed_show\">og, respectez mon travail et proposer vos propres photos et recettes cela est cent fois plus valorisant pour vous\u00a0que de voler le travail des autres!!!!!<\/span><\/span><\/span><\/em><\/span><\/span><\/em><\/span><\/p>\n","protected":false},"excerpt":{"rendered":"<p>Une de mes recettes \u00a0 Ingr\u00e9dients pour 1 personne 1 pain \u00e0 hamburger 1 steak hach\u00e9 \u00e0 l&rsquo;oignon 1\/3 d&rsquo;une demi part de reblochon 2 tranches de jambon de pays 1 petit morceau de lard cuit fum\u00e9 (Lidl) 1 oignon 1 petit bouquet de ciboulette 2 bonnes c \u00e0 s de cr\u00e8me fra\u00eeche Sel et &hellip; <\/p>\n<p><a class=\"more-link btn\" href=\"http:\/\/recettes-gourmandes-de-joce.fr\/index.php\/index\/burgers-croques-tartines-pizzas\/bugers\/cheeseburger-savoyard-au-reblochon-et-au-lard\/\">Lire la suite<\/a><\/p>\n","protected":false},"author":2,"featured_media":66326,"parent":225,"menu_order":0,"comment_status":"open","ping_status":"closed","template":"","meta":{"footnotes":""},"class_list":["post-745","page","type-page","status-publish","has-post-thumbnail","hentry","nodate","item-wrap"],"_links":{"self":[{"href":"http:\/\/recettes-gourmandes-de-joce.fr\/index.php\/wp-json\/wp\/v2\/pages\/745","targetHints":{"allow":["GET"]}}],"collection":[{"href":"http:\/\/recettes-gourmandes-de-joce.fr\/index.php\/wp-json\/wp\/v2\/pages"}],"about":[{"href":"http:\/\/recettes-gourmandes-de-joce.fr\/index.php\/wp-json\/wp\/v2\/types\/page"}],"author":[{"embeddable":true,"href":"http:\/\/recettes-gourmandes-de-joce.fr\/index.php\/wp-json\/wp\/v2\/users\/2"}],"replies":[{"embeddable":true,"href":"http:\/\/recettes-gourmandes-de-joce.fr\/index.php\/wp-json\/wp\/v2\/comments?post=745"}],"version-history":[{"count":9,"href":"http:\/\/recettes-gourmandes-de-joce.fr\/index.php\/wp-json\/wp\/v2\/pages\/745\/revisions"}],"predecessor-version":[{"id":93663,"href":"http:\/\/recettes-gourmandes-de-joce.fr\/index.php\/wp-json\/wp\/v2\/pages\/745\/revisions\/93663"}],"up":[{"embeddable":true,"href":"http:\/\/recettes-gourmandes-de-joce.fr\/index.php\/wp-json\/wp\/v2\/pages\/225"}],"wp:featuredmedia":[{"embeddable":true,"href":"http:\/\/recettes-gourmandes-de-joce.fr\/index.php\/wp-json\/wp\/v2\/media\/66326"}],"wp:attachment":[{"href":"http:\/\/recettes-gourmandes-de-joce.fr\/index.php\/wp-json\/wp\/v2\/media?parent=745"}],"curies":[{"name":"wp","href":"https:\/\/api.w.org\/{rel}","templated":true}]}}