{"id":73893,"date":"2024-04-28T10:51:23","date_gmt":"2024-04-28T10:51:23","guid":{"rendered":"http:\/\/recettes-gourmandes-de-joce.fr\/?page_id=73893"},"modified":"2024-04-28T10:56:08","modified_gmt":"2024-04-28T10:56:08","slug":"petit-plat-decrase-de-carottes-et-pommes-de-terre-a-la-muscade-steak-hache-de-poulet","status":"publish","type":"page","link":"http:\/\/recettes-gourmandes-de-joce.fr\/index.php\/index\/repas-pour-bebes-enfants-les-ptits-plats-de-hella\/petit-plat-decrase-de-carottes-et-pommes-de-terre-a-la-muscade-steak-hache-de-poulet\/","title":{"rendered":"Petit plat d&rsquo;\u00e9cras\u00e9 de carottes et pommes de terre \u00e0 la muscade, steak hach\u00e9 de poulet."},"content":{"rendered":"<p style=\"text-align: center;\"><span style=\"color: #ff6600;\"><em><span style=\"text-decoration: underline;\"><span style=\"font-size: 18pt; font-family: georgia, palatino, serif;\">Un de mes petits plats r\u00e9alis\u00e9 par ma fille.<\/span><\/span><\/em><\/span><\/p>\n<p style=\"text-align: center;\"><span style=\"font-family: georgia, palatino, serif; color: #ff6600; font-size: 14pt;\"><em>Je n&rsquo;indiquerai pas de quantit\u00e9s mais simplement la composition du repas, <span style=\"text-decoration: underline;\">il sera \u00e0 adapter \u00e0 votre enfant selon son \u00e2ge<\/span>.<\/em><\/span><\/p>\n<p style=\"text-align: center;\"><span style=\"font-family: georgia, palatino, serif; color: #ff6600; font-size: 14pt;\"><em> \u00c0 titre indicatif ce sont les repas de ma petite fille Hella depuis l&rsquo;\u00e2ge de 12 mois et valid\u00e9s pas son m\u00e9decin \ud83d\ude09<\/em><\/span><\/p>\n<p style=\"text-align: center;\"><span style=\"font-family: georgia, palatino, serif; color: #ff6600; font-size: 14pt;\"><em>Repas \u00e0 15 mois \u2193<\/em><\/span><\/p>\n<p style=\"text-align: center;\"><img loading=\"lazy\" decoding=\"async\" class=\"alignnone wp-image-73894\" src=\"http:\/\/recettes-gourmandes-de-joce.fr\/wp-content\/uploads\/2024\/04\/9a9769db-ea55-4e28-a75c-db1bf9c65d82.jpg\" alt=\"\" width=\"455\" height=\"300\" srcset=\"http:\/\/recettes-gourmandes-de-joce.fr\/wp-content\/uploads\/2024\/04\/9a9769db-ea55-4e28-a75c-db1bf9c65d82.jpg 800w, http:\/\/recettes-gourmandes-de-joce.fr\/wp-content\/uploads\/2024\/04\/9a9769db-ea55-4e28-a75c-db1bf9c65d82-768x507.jpg 768w, http:\/\/recettes-gourmandes-de-joce.fr\/wp-content\/uploads\/2024\/04\/9a9769db-ea55-4e28-a75c-db1bf9c65d82-750x495.jpg 750w\" sizes=\"auto, (max-width: 455px) 100vw, 455px\" \/><\/p>\n<p style=\"text-align: center;\"><strong><span style=\"text-decoration: underline; color: #ff6600;\"><span style=\"font-size: 18pt; font-family: georgia, palatino, serif;\"><em>Ingr\u00e9dients<\/em><\/span><\/span><\/strong><\/p>\n<p style=\"text-align: center;\"><span style=\"font-family: georgia, palatino, serif; font-size: 14pt; color: #ff6600;\"><em>\u00bd Steak hach\u00e9 de poulet, carottes, pommes de terre, beurre 1 petite pinc\u00e9e de noix de muscade, cr\u00e8me fra\u00eeche, sel.<\/em><\/span><\/p>\n<p style=\"text-align: center;\"><strong><span style=\"font-family: georgia, palatino, serif; font-size: 14pt; color: #ff6600;\"><em>Recette<\/em><\/span><\/strong><\/p>\n<p style=\"text-align: center;\"><span style=\"font-family: georgia, palatino, serif; font-size: 14pt; color: #ff6600;\"><em>Adaptez les quantit\u00e9 selon vos habitudes (les photos sont pour un repas de plusieurs personnes \ud83d\ude09 ).<\/em><\/span><\/p>\n<p style=\"text-align: center;\"><img loading=\"lazy\" decoding=\"async\" class=\"alignnone wp-image-63217\" src=\"http:\/\/recettes-gourmandes-de-joce.fr\/wp-content\/uploads\/2024\/03\/ecrase-carottes-parmesan5.jpg\" alt=\"\" width=\"259\" height=\"170\" srcset=\"http:\/\/recettes-gourmandes-de-joce.fr\/wp-content\/uploads\/2024\/03\/ecrase-carottes-parmesan5.jpg 1024w, http:\/\/recettes-gourmandes-de-joce.fr\/wp-content\/uploads\/2024\/03\/ecrase-carottes-parmesan5-768x503.jpg 768w, http:\/\/recettes-gourmandes-de-joce.fr\/wp-content\/uploads\/2024\/03\/ecrase-carottes-parmesan5-750x491.jpg 750w\" sizes=\"auto, (max-width: 259px) 100vw, 259px\" \/> <img loading=\"lazy\" decoding=\"async\" class=\"alignnone wp-image-63219\" src=\"http:\/\/recettes-gourmandes-de-joce.fr\/wp-content\/uploads\/2024\/03\/ecrase-carottes-parmesan7.jpg\" alt=\"\" width=\"227\" height=\"170\" srcset=\"http:\/\/recettes-gourmandes-de-joce.fr\/wp-content\/uploads\/2024\/03\/ecrase-carottes-parmesan7.jpg 1024w, http:\/\/recettes-gourmandes-de-joce.fr\/wp-content\/uploads\/2024\/03\/ecrase-carottes-parmesan7-768x576.jpg 768w, http:\/\/recettes-gourmandes-de-joce.fr\/wp-content\/uploads\/2024\/03\/ecrase-carottes-parmesan7-750x563.jpg 750w\" sizes=\"auto, (max-width: 227px) 100vw, 227px\" \/> <img loading=\"lazy\" decoding=\"async\" class=\"alignnone wp-image-63206\" src=\"http:\/\/recettes-gourmandes-de-joce.fr\/wp-content\/uploads\/2024\/03\/ecrase-carottes-parmesan13.jpg\" alt=\"\" width=\"200\" height=\"170\" srcset=\"http:\/\/recettes-gourmandes-de-joce.fr\/wp-content\/uploads\/2024\/03\/ecrase-carottes-parmesan13.jpg 1024w, http:\/\/recettes-gourmandes-de-joce.fr\/wp-content\/uploads\/2024\/03\/ecrase-carottes-parmesan13-768x652.jpg 768w, http:\/\/recettes-gourmandes-de-joce.fr\/wp-content\/uploads\/2024\/03\/ecrase-carottes-parmesan13-750x636.jpg 750w\" sizes=\"auto, (max-width: 200px) 100vw, 200px\" \/><\/p>\n<p style=\"text-align: center;\"><span style=\"color: #ff6600;\"><em><span style=\"font-size: 14pt; font-family: georgia, palatino, serif;\">Peler les carottes et pommes de terre, les laver et les couper en petits morceaux. Dans un faitout mettre les pommes de terre et les carottes, ajouter de l\u2019eau, saler et mettre \u00e0 cuire. Lorsque les carottes et pommes de terre sont cuites, les \u00e9goutter et les \u00e9craser ou les passer au moulin \u00e0 l\u00e9gumes si vous pr\u00e9f\u00e9rez. Ajouter le beurre, une pointe de cr\u00e8me si vous le souhaitez et la muscade et bien m\u00e9langer.<\/span><\/em><\/span><\/p>\n<p style=\"text-align: center;\"><span style=\"color: #ff6600;\"><em><span style=\"font-size: 14pt; font-family: georgia, palatino, serif;\"><img loading=\"lazy\" decoding=\"async\" class=\"alignnone wp-image-41675 lazy-loaded\" src=\"http:\/\/recettes-gourmandes-de-joce.fr\/wp-content\/uploads\/2022\/01\/20220112_202647-300x225.jpg\" sizes=\"auto, (max-width: 220px) 100vw, 220px\" srcset=\"http:\/\/recettes-gourmandes-de-joce.fr\/wp-content\/uploads\/2022\/01\/20220112_202647-300x225.jpg 300w, http:\/\/recettes-gourmandes-de-joce.fr\/wp-content\/uploads\/2022\/01\/20220112_202647-768x576.jpg 768w, http:\/\/recettes-gourmandes-de-joce.fr\/wp-content\/uploads\/2022\/01\/20220112_202647-750x563.jpg 750w, http:\/\/recettes-gourmandes-de-joce.fr\/wp-content\/uploads\/2022\/01\/20220112_202647.jpg 800w\" alt=\"\" width=\"220\" height=\"165\" data-lazy-type=\"image\" data-src=\"http:\/\/recettes-gourmandes-de-joce.fr\/wp-content\/uploads\/2022\/01\/20220112_202647-300x225.jpg\" data-srcset=\"\" \/>\u00a0<img loading=\"lazy\" decoding=\"async\" class=\"alignnone wp-image-41676 lazy-loaded\" src=\"http:\/\/recettes-gourmandes-de-joce.fr\/wp-content\/uploads\/2022\/01\/20220112_202809-300x225.jpg\" sizes=\"auto, (max-width: 220px) 100vw, 220px\" srcset=\"http:\/\/recettes-gourmandes-de-joce.fr\/wp-content\/uploads\/2022\/01\/20220112_202809-300x225.jpg 300w, http:\/\/recettes-gourmandes-de-joce.fr\/wp-content\/uploads\/2022\/01\/20220112_202809-768x576.jpg 768w, http:\/\/recettes-gourmandes-de-joce.fr\/wp-content\/uploads\/2022\/01\/20220112_202809-750x563.jpg 750w, http:\/\/recettes-gourmandes-de-joce.fr\/wp-content\/uploads\/2022\/01\/20220112_202809.jpg 800w\" alt=\"\" width=\"220\" height=\"165\" data-lazy-type=\"image\" data-src=\"http:\/\/recettes-gourmandes-de-joce.fr\/wp-content\/uploads\/2022\/01\/20220112_202809-300x225.jpg\" data-srcset=\"\" \/>\u00a0<img loading=\"lazy\" decoding=\"async\" class=\"alignnone wp-image-41678 lazy-loaded\" src=\"http:\/\/recettes-gourmandes-de-joce.fr\/wp-content\/uploads\/2022\/01\/20220112_203206-300x225.jpg\" sizes=\"auto, (max-width: 220px) 100vw, 220px\" srcset=\"http:\/\/recettes-gourmandes-de-joce.fr\/wp-content\/uploads\/2022\/01\/20220112_203206-300x225.jpg 300w, http:\/\/recettes-gourmandes-de-joce.fr\/wp-content\/uploads\/2022\/01\/20220112_203206-768x576.jpg 768w, http:\/\/recettes-gourmandes-de-joce.fr\/wp-content\/uploads\/2022\/01\/20220112_203206-750x563.jpg 750w, http:\/\/recettes-gourmandes-de-joce.fr\/wp-content\/uploads\/2022\/01\/20220112_203206.jpg 800w\" alt=\"\" width=\"220\" height=\"165\" data-lazy-type=\"image\" data-src=\"http:\/\/recettes-gourmandes-de-joce.fr\/wp-content\/uploads\/2022\/01\/20220112_203206-300x225.jpg\" data-srcset=\"\" \/><\/span><\/em><\/span><\/p>\n<p style=\"text-align: center;\"><span style=\"color: #ff6600;\"><em><span style=\"font-size: 14pt; font-family: georgia, palatino, serif;\">Dans une po\u00eale, mettre \u00e0 fondre le beurre, ajouter les steaks de poulet <\/span><\/em><\/span><em style=\"color: #ff6600;\"><span style=\"font-size: 14pt; font-family: georgia, palatino, serif;\">\u00e0 cuire, les<\/span><\/em><em style=\"color: #ff6600;\"><span style=\"font-size: 14pt; font-family: georgia, palatino, serif;\"> saler.\u00a0<\/span><\/em><\/p>\n<p style=\"text-align: center;\"><img loading=\"lazy\" decoding=\"async\" class=\"alignnone size-full wp-image-59803\" src=\"http:\/\/recettes-gourmandes-de-joce.fr\/wp-content\/uploads\/2024\/01\/logitech-gaming-software-14112014-121223.jpg\" alt=\"\" width=\"640\" height=\"144\" \/><\/p>\n<p>&nbsp;<\/p>\n","protected":false},"excerpt":{"rendered":"<p>Un de mes petits plats r\u00e9alis\u00e9 par ma fille. Je n&rsquo;indiquerai pas de quantit\u00e9s mais simplement la composition du repas, il sera \u00e0 adapter \u00e0 votre enfant selon son \u00e2ge. \u00c0 titre indicatif ce sont les repas de ma petite fille Hella depuis l&rsquo;\u00e2ge de 12 mois et valid\u00e9s pas son m\u00e9decin \ud83d\ude09 Repas \u00e0 &hellip; <\/p>\n<p><a class=\"more-link btn\" href=\"http:\/\/recettes-gourmandes-de-joce.fr\/index.php\/index\/repas-pour-bebes-enfants-les-ptits-plats-de-hella\/petit-plat-decrase-de-carottes-et-pommes-de-terre-a-la-muscade-steak-hache-de-poulet\/\">Lire la suite<\/a><\/p>\n","protected":false},"author":2,"featured_media":73894,"parent":60448,"menu_order":0,"comment_status":"open","ping_status":"closed","template":"","meta":{"footnotes":""},"class_list":["post-73893","page","type-page","status-publish","has-post-thumbnail","hentry","nodate","item-wrap"],"_links":{"self":[{"href":"http:\/\/recettes-gourmandes-de-joce.fr\/index.php\/wp-json\/wp\/v2\/pages\/73893","targetHints":{"allow":["GET"]}}],"collection":[{"href":"http:\/\/recettes-gourmandes-de-joce.fr\/index.php\/wp-json\/wp\/v2\/pages"}],"about":[{"href":"http:\/\/recettes-gourmandes-de-joce.fr\/index.php\/wp-json\/wp\/v2\/types\/page"}],"author":[{"embeddable":true,"href":"http:\/\/recettes-gourmandes-de-joce.fr\/index.php\/wp-json\/wp\/v2\/users\/2"}],"replies":[{"embeddable":true,"href":"http:\/\/recettes-gourmandes-de-joce.fr\/index.php\/wp-json\/wp\/v2\/comments?post=73893"}],"version-history":[{"count":4,"href":"http:\/\/recettes-gourmandes-de-joce.fr\/index.php\/wp-json\/wp\/v2\/pages\/73893\/revisions"}],"predecessor-version":[{"id":73898,"href":"http:\/\/recettes-gourmandes-de-joce.fr\/index.php\/wp-json\/wp\/v2\/pages\/73893\/revisions\/73898"}],"up":[{"embeddable":true,"href":"http:\/\/recettes-gourmandes-de-joce.fr\/index.php\/wp-json\/wp\/v2\/pages\/60448"}],"wp:featuredmedia":[{"embeddable":true,"href":"http:\/\/recettes-gourmandes-de-joce.fr\/index.php\/wp-json\/wp\/v2\/media\/73894"}],"wp:attachment":[{"href":"http:\/\/recettes-gourmandes-de-joce.fr\/index.php\/wp-json\/wp\/v2\/media?parent=73893"}],"curies":[{"name":"wp","href":"https:\/\/api.w.org\/{rel}","templated":true}]}}