{"id":73714,"date":"2024-04-27T08:47:12","date_gmt":"2024-04-27T08:47:12","guid":{"rendered":"http:\/\/recettes-gourmandes-de-joce.fr\/?page_id=73714"},"modified":"2024-04-27T09:12:34","modified_gmt":"2024-04-27T09:12:34","slug":"petit-plat-de-filet-de-merlan-puree-de-fenouil-au-fromage-frais","status":"publish","type":"page","link":"http:\/\/recettes-gourmandes-de-joce.fr\/index.php\/index\/repas-pour-bebes-enfants-les-ptits-plats-de-hella\/petit-plat-de-filet-de-merlan-puree-de-fenouil-au-fromage-frais\/","title":{"rendered":"Petit plat de filet de merlan, pur\u00e9e de fenouil au fromage frais."},"content":{"rendered":"<p style=\"text-align: center;\"><span style=\"color: #808000;\"><em><span style=\"text-decoration: underline;\"><span style=\"font-size: 18pt; font-family: georgia, palatino, serif;\">Un de mes petits plats r\u00e9alis\u00e9 par ma fille<\/span><\/span><\/em><\/span><\/p>\n<p style=\"text-align: center;\"><span style=\"font-family: georgia, palatino, serif; color: #808000; font-size: 14pt;\"><em>Je n&rsquo;indiquerai pas de quantit\u00e9s mais simplement la composition du repas, <span style=\"text-decoration: underline;\">il sera \u00e0 adapter \u00e0 votre enfant selon son \u00e2ge<\/span>.<\/em><\/span><\/p>\n<p style=\"text-align: center;\"><span style=\"font-family: georgia, palatino, serif; color: #808000; font-size: 14pt;\"><em> \u00c0 titre indicatif ce sont les repas de ma petite fille Hella depuis l&rsquo;\u00e2ge de 12 mois et valid\u00e9s pas son m\u00e9decin \ud83d\ude09<\/em><\/span><\/p>\n<p style=\"text-align: center;\"><span style=\"font-family: georgia, palatino, serif; color: #808000; font-size: 14pt;\"><em>Repas \u00e0 15 mois \u2193<\/em><\/span><\/p>\n<p style=\"text-align: center;\"><span style=\"color: #808000;\"><img loading=\"lazy\" decoding=\"async\" class=\"alignnone wp-image-73700\" src=\"http:\/\/recettes-gourmandes-de-joce.fr\/wp-content\/uploads\/2024\/04\/3bb418bc-5b09-4f03-8a6a-54e5774cc075.jpg\" alt=\"\" width=\"400\" height=\"300\" srcset=\"http:\/\/recettes-gourmandes-de-joce.fr\/wp-content\/uploads\/2024\/04\/3bb418bc-5b09-4f03-8a6a-54e5774cc075.jpg 800w, http:\/\/recettes-gourmandes-de-joce.fr\/wp-content\/uploads\/2024\/04\/3bb418bc-5b09-4f03-8a6a-54e5774cc075-768x576.jpg 768w, http:\/\/recettes-gourmandes-de-joce.fr\/wp-content\/uploads\/2024\/04\/3bb418bc-5b09-4f03-8a6a-54e5774cc075-750x563.jpg 750w\" sizes=\"auto, (max-width: 400px) 100vw, 400px\" \/><\/span><\/p>\n<p style=\"text-align: center;\"><span style=\"text-decoration: underline; color: #808000;\"><span style=\"font-size: 18pt; font-family: georgia, palatino, serif;\"><em>Ingr\u00e9dients <\/em><\/span><\/span><\/p>\n<p style=\"text-align: center;\"><span style=\"color: #808000;\"><strong><span style=\"font-size: 14pt;\"><span style=\"font-family: georgia, palatino, serif;\"><em>Filet de merlan, pur\u00e9e de pommes de terre et fenouil, fromage frais \u00ab\u00a0Kiri\u00a0\u00bb et beurre <\/em><\/span><\/span><\/strong><\/span><\/p>\n<p style=\"text-align: center;\"><span style=\"color: #808000; font-size: 14pt;\"><span style=\"font-family: georgia, palatino, serif;\"><em><strong>Recette -&gt;<\/strong> Cuire le filet de merlan dans une po\u00eale avec un peu de beurre, saler et ajouter selon vos go\u00fbts un peu d&rsquo;\u00e9pices pour poisson.<\/em><\/span><\/span><\/p>\n<p>&nbsp;<\/p>\n<p style=\"text-align: center;\"><span style=\"font-family: georgia, palatino, serif; font-size: 14pt; color: #808000;\"><em>R\u00e9aliser la pur\u00e9e de fenouil et ajouter le fromage frais \u00ab\u00a0Kiri\u00a0\u00bb m\u00e9langer et servir avec le poisson \u00e9miett\u00e9<\/em><\/span><\/p>\n<p style=\"text-align: center;\"><span style=\"font-family: georgia, palatino, serif; font-size: 14pt; color: #808000;\"><em><strong>Recette sur lien\u00a0 \u00a0-&gt;<\/strong> <span style=\"color: #800080;\"><a style=\"color: #800080;\" href=\"http:\/\/recettes-gourmandes-de-joce.fr\/index.php\/index\/legumes\/purees-diverses\/puree-de-pommes-de-terre-et-fenouil\/\">Pur\u00e9e de fenouil <\/a><\/span><a style=\"color: #808000;\" href=\"http:\/\/recettes-gourmandes-de-joce.fr\/index.php\/index\/legumes\/purees-diverses\/puree-de-pommes-de-terre-et-fenouil\/\"><img loading=\"lazy\" decoding=\"async\" class=\"alignnone wp-image-35791\" src=\"http:\/\/recettes-gourmandes-de-joce.fr\/wp-content\/uploads\/2021\/06\/brochette-de-poulet-2-56-300x256.jpg\" alt=\"\" width=\"176\" height=\"150\" srcset=\"http:\/\/recettes-gourmandes-de-joce.fr\/wp-content\/uploads\/2021\/06\/brochette-de-poulet-2-56-300x256.jpg 300w, http:\/\/recettes-gourmandes-de-joce.fr\/wp-content\/uploads\/2021\/06\/brochette-de-poulet-2-56.jpg 423w\" sizes=\"auto, (max-width: 176px) 100vw, 176px\" \/><\/a><\/em><\/span><\/p>\n<p style=\"text-align: center;\"><span style=\"color: #808000;\"><img loading=\"lazy\" decoding=\"async\" class=\"alignnone size-full wp-image-59803\" src=\"http:\/\/recettes-gourmandes-de-joce.fr\/wp-content\/uploads\/2024\/01\/logitech-gaming-software-14112014-121223.jpg\" alt=\"\" width=\"640\" height=\"144\" \/><\/span><\/p>\n<p>&nbsp;<\/p>\n","protected":false},"excerpt":{"rendered":"<p>Un de mes petits plats r\u00e9alis\u00e9 par ma fille Je n&rsquo;indiquerai pas de quantit\u00e9s mais simplement la composition du repas, il sera \u00e0 adapter \u00e0 votre enfant selon son \u00e2ge. \u00c0 titre indicatif ce sont les repas de ma petite fille Hella depuis l&rsquo;\u00e2ge de 12 mois et valid\u00e9s pas son m\u00e9decin \ud83d\ude09 Repas \u00e0 &hellip; <\/p>\n<p><a class=\"more-link btn\" href=\"http:\/\/recettes-gourmandes-de-joce.fr\/index.php\/index\/repas-pour-bebes-enfants-les-ptits-plats-de-hella\/petit-plat-de-filet-de-merlan-puree-de-fenouil-au-fromage-frais\/\">Lire la suite<\/a><\/p>\n","protected":false},"author":2,"featured_media":73700,"parent":60448,"menu_order":0,"comment_status":"open","ping_status":"closed","template":"","meta":{"footnotes":""},"class_list":["post-73714","page","type-page","status-publish","has-post-thumbnail","hentry","nodate","item-wrap"],"_links":{"self":[{"href":"http:\/\/recettes-gourmandes-de-joce.fr\/index.php\/wp-json\/wp\/v2\/pages\/73714","targetHints":{"allow":["GET"]}}],"collection":[{"href":"http:\/\/recettes-gourmandes-de-joce.fr\/index.php\/wp-json\/wp\/v2\/pages"}],"about":[{"href":"http:\/\/recettes-gourmandes-de-joce.fr\/index.php\/wp-json\/wp\/v2\/types\/page"}],"author":[{"embeddable":true,"href":"http:\/\/recettes-gourmandes-de-joce.fr\/index.php\/wp-json\/wp\/v2\/users\/2"}],"replies":[{"embeddable":true,"href":"http:\/\/recettes-gourmandes-de-joce.fr\/index.php\/wp-json\/wp\/v2\/comments?post=73714"}],"version-history":[{"count":3,"href":"http:\/\/recettes-gourmandes-de-joce.fr\/index.php\/wp-json\/wp\/v2\/pages\/73714\/revisions"}],"predecessor-version":[{"id":73724,"href":"http:\/\/recettes-gourmandes-de-joce.fr\/index.php\/wp-json\/wp\/v2\/pages\/73714\/revisions\/73724"}],"up":[{"embeddable":true,"href":"http:\/\/recettes-gourmandes-de-joce.fr\/index.php\/wp-json\/wp\/v2\/pages\/60448"}],"wp:featuredmedia":[{"embeddable":true,"href":"http:\/\/recettes-gourmandes-de-joce.fr\/index.php\/wp-json\/wp\/v2\/media\/73700"}],"wp:attachment":[{"href":"http:\/\/recettes-gourmandes-de-joce.fr\/index.php\/wp-json\/wp\/v2\/media?parent=73714"}],"curies":[{"name":"wp","href":"https:\/\/api.w.org\/{rel}","templated":true}]}}