{"id":73712,"date":"2024-04-27T08:38:23","date_gmt":"2024-04-27T08:38:23","guid":{"rendered":"http:\/\/recettes-gourmandes-de-joce.fr\/?page_id=73712"},"modified":"2024-04-27T09:12:03","modified_gmt":"2024-04-27T09:12:03","slug":"petit-plat-de-farfalles-jambon-blanc-tomates-cerise","status":"publish","type":"page","link":"http:\/\/recettes-gourmandes-de-joce.fr\/index.php\/index\/repas-pour-bebes-enfants-les-ptits-plats-de-hella\/petit-plat-de-farfalles-jambon-blanc-tomates-cerise\/","title":{"rendered":"Petit plat de farfalles, jambon blanc, tomates cerise."},"content":{"rendered":"<p style=\"text-align: center;\"><span style=\"color: #eb386e;\"><em><span style=\"text-decoration: underline;\"><span style=\"font-size: 18pt; font-family: georgia, palatino, serif;\">Un de mes petits plats r\u00e9alis\u00e9 par ma fille<\/span><\/span><\/em><\/span><\/p>\n<p style=\"text-align: center;\"><span style=\"font-family: georgia, palatino, serif; color: #eb386e; font-size: 14pt;\"><em>Je n&rsquo;indiquerai pas de quantit\u00e9s mais simplement la composition du repas, <span style=\"text-decoration: underline;\">il sera \u00e0 adapter \u00e0 votre enfant selon son \u00e2ge<\/span>.<\/em><\/span><\/p>\n<p style=\"text-align: center;\"><span style=\"font-family: georgia, palatino, serif; color: #eb386e; font-size: 14pt;\"><em> \u00c0 titre indicatif ce sont les repas de ma petite fille Hella depuis l&rsquo;\u00e2ge de 12 mois et valid\u00e9s pas son m\u00e9decin \ud83d\ude09<\/em><\/span><\/p>\n<p style=\"text-align: center;\"><span style=\"text-decoration: underline; color: #eb386e;\"><span style=\"font-family: georgia, palatino, serif; font-size: 14pt;\"><em>Repas \u00e0 15 mois \u2193<\/em><\/span><\/span><\/p>\n<p style=\"text-align: center;\"><span style=\"color: #eb386e;\"><img loading=\"lazy\" decoding=\"async\" class=\"alignnone wp-image-73699\" src=\"http:\/\/recettes-gourmandes-de-joce.fr\/wp-content\/uploads\/2024\/04\/0cfe89d3-8051-4a32-841a-006659cd654a.jpg\" alt=\"\" width=\"400\" height=\"300\" srcset=\"http:\/\/recettes-gourmandes-de-joce.fr\/wp-content\/uploads\/2024\/04\/0cfe89d3-8051-4a32-841a-006659cd654a.jpg 800w, http:\/\/recettes-gourmandes-de-joce.fr\/wp-content\/uploads\/2024\/04\/0cfe89d3-8051-4a32-841a-006659cd654a-768x576.jpg 768w, http:\/\/recettes-gourmandes-de-joce.fr\/wp-content\/uploads\/2024\/04\/0cfe89d3-8051-4a32-841a-006659cd654a-750x563.jpg 750w\" sizes=\"auto, (max-width: 400px) 100vw, 400px\" \/><\/span><\/p>\n<p style=\"text-align: center;\"><span style=\"text-decoration: underline; color: #eb386e;\"><span style=\"font-size: 18pt; font-family: georgia, palatino, serif;\"><em>Ingr\u00e9dients<\/em><\/span><\/span><\/p>\n<p style=\"text-align: center;\"><strong><span style=\"color: #eb386e;\"><em><span style=\"font-family: georgia, palatino, serif; font-size: 14pt;\">P\u00e2tes Farfalles, Jambon blanc, tomates cerise, beurre<\/span><\/em><\/span><\/strong><\/p>\n<p style=\"text-align: center;\"><span style=\"font-family: georgia, palatino, serif; font-size: 14pt; color: #eb386e;\"><em><strong>Recette -&gt;<\/strong> Cuire les p\u00e2tes selon vos habitudes, ajouter le jambon hach\u00e9, les tomates cerise couper en morceaux, m\u00e9langer ajouter selon vos habitudes une noisette de beurre<\/em><\/span><\/p>\n<p style=\"text-align: center;\"><img loading=\"lazy\" decoding=\"async\" class=\"alignnone size-full wp-image-59803\" src=\"http:\/\/recettes-gourmandes-de-joce.fr\/wp-content\/uploads\/2024\/01\/logitech-gaming-software-14112014-121223.jpg\" alt=\"\" width=\"640\" height=\"144\" \/><\/p>\n<p>&nbsp;<\/p>\n","protected":false},"excerpt":{"rendered":"<p>Un de mes petits plats r\u00e9alis\u00e9 par ma fille Je n&rsquo;indiquerai pas de quantit\u00e9s mais simplement la composition du repas, il sera \u00e0 adapter \u00e0 votre enfant selon son \u00e2ge. \u00c0 titre indicatif ce sont les repas de ma petite fille Hella depuis l&rsquo;\u00e2ge de 12 mois et valid\u00e9s pas son m\u00e9decin \ud83d\ude09 Repas \u00e0 &hellip; <\/p>\n<p><a class=\"more-link btn\" href=\"http:\/\/recettes-gourmandes-de-joce.fr\/index.php\/index\/repas-pour-bebes-enfants-les-ptits-plats-de-hella\/petit-plat-de-farfalles-jambon-blanc-tomates-cerise\/\">Lire la suite<\/a><\/p>\n","protected":false},"author":2,"featured_media":73699,"parent":60448,"menu_order":0,"comment_status":"open","ping_status":"closed","template":"","meta":{"footnotes":""},"class_list":["post-73712","page","type-page","status-publish","has-post-thumbnail","hentry","nodate","item-wrap"],"_links":{"self":[{"href":"http:\/\/recettes-gourmandes-de-joce.fr\/index.php\/wp-json\/wp\/v2\/pages\/73712","targetHints":{"allow":["GET"]}}],"collection":[{"href":"http:\/\/recettes-gourmandes-de-joce.fr\/index.php\/wp-json\/wp\/v2\/pages"}],"about":[{"href":"http:\/\/recettes-gourmandes-de-joce.fr\/index.php\/wp-json\/wp\/v2\/types\/page"}],"author":[{"embeddable":true,"href":"http:\/\/recettes-gourmandes-de-joce.fr\/index.php\/wp-json\/wp\/v2\/users\/2"}],"replies":[{"embeddable":true,"href":"http:\/\/recettes-gourmandes-de-joce.fr\/index.php\/wp-json\/wp\/v2\/comments?post=73712"}],"version-history":[{"count":2,"href":"http:\/\/recettes-gourmandes-de-joce.fr\/index.php\/wp-json\/wp\/v2\/pages\/73712\/revisions"}],"predecessor-version":[{"id":73723,"href":"http:\/\/recettes-gourmandes-de-joce.fr\/index.php\/wp-json\/wp\/v2\/pages\/73712\/revisions\/73723"}],"up":[{"embeddable":true,"href":"http:\/\/recettes-gourmandes-de-joce.fr\/index.php\/wp-json\/wp\/v2\/pages\/60448"}],"wp:featuredmedia":[{"embeddable":true,"href":"http:\/\/recettes-gourmandes-de-joce.fr\/index.php\/wp-json\/wp\/v2\/media\/73699"}],"wp:attachment":[{"href":"http:\/\/recettes-gourmandes-de-joce.fr\/index.php\/wp-json\/wp\/v2\/media?parent=73712"}],"curies":[{"name":"wp","href":"https:\/\/api.w.org\/{rel}","templated":true}]}}