{"id":724,"date":"2019-09-21T17:16:26","date_gmt":"2019-09-21T17:16:26","guid":{"rendered":"http:\/\/recettes-gourmandes-de-joce.fr\/?page_id=724"},"modified":"2024-07-02T22:45:37","modified_gmt":"2024-07-02T22:45:37","slug":"burger-facon-hot-dog-et-frites-de-patates-douces","status":"publish","type":"page","link":"http:\/\/recettes-gourmandes-de-joce.fr\/index.php\/index\/burgers-croques-tartines-pizzas\/bugers\/burger-facon-hot-dog-et-frites-de-patates-douces\/","title":{"rendered":"Burger fa\u00e7on hot-dog et frites de patates douces."},"content":{"rendered":"<p style=\"text-align: center;\"><span style=\"font-family: georgia, palatino, serif; color: #c44f14;\"><em><span style=\"text-decoration: underline; font-size: 18pt;\">Une de mes recettes<\/span><\/em><\/span><\/p>\n<p style=\"text-align: center;\"><img loading=\"lazy\" decoding=\"async\" class=\"alignnone wp-image-52354\" src=\"http:\/\/recettes-gourmandes-de-joce.fr\/wp-content\/uploads\/2023\/04\/burger-dog2-300x249.jpg\" alt=\"\" width=\"217\" height=\"180\" srcset=\"http:\/\/recettes-gourmandes-de-joce.fr\/wp-content\/uploads\/2023\/04\/burger-dog2-300x249.jpg 300w, http:\/\/recettes-gourmandes-de-joce.fr\/wp-content\/uploads\/2023\/04\/burger-dog2.jpg 640w\" sizes=\"auto, (max-width: 217px) 100vw, 217px\" \/> <img loading=\"lazy\" decoding=\"async\" class=\"alignnone wp-image-52353\" src=\"http:\/\/recettes-gourmandes-de-joce.fr\/wp-content\/uploads\/2023\/04\/burger-dog1-300x285.jpg\" alt=\"\" width=\"189\" height=\"180\" srcset=\"http:\/\/recettes-gourmandes-de-joce.fr\/wp-content\/uploads\/2023\/04\/burger-dog1-300x285.jpg 300w, http:\/\/recettes-gourmandes-de-joce.fr\/wp-content\/uploads\/2023\/04\/burger-dog1.jpg 640w\" sizes=\"auto, (max-width: 189px) 100vw, 189px\" \/> <img loading=\"lazy\" decoding=\"async\" class=\"alignnone wp-image-52355\" src=\"http:\/\/recettes-gourmandes-de-joce.fr\/wp-content\/uploads\/2023\/04\/burger-dog3-300x253.jpg\" alt=\"\" width=\"213\" height=\"180\" srcset=\"http:\/\/recettes-gourmandes-de-joce.fr\/wp-content\/uploads\/2023\/04\/burger-dog3-300x253.jpg 300w, http:\/\/recettes-gourmandes-de-joce.fr\/wp-content\/uploads\/2023\/04\/burger-dog3.jpg 640w\" sizes=\"auto, (max-width: 213px) 100vw, 213px\" \/><\/p>\n<p style=\"text-align: center;\"><img loading=\"lazy\" decoding=\"async\" class=\"alignnone wp-image-52356\" src=\"http:\/\/recettes-gourmandes-de-joce.fr\/wp-content\/uploads\/2023\/04\/burger-dog3a-300x269.jpg\" alt=\"\" width=\"201\" height=\"180\" srcset=\"http:\/\/recettes-gourmandes-de-joce.fr\/wp-content\/uploads\/2023\/04\/burger-dog3a-300x269.jpg 300w, http:\/\/recettes-gourmandes-de-joce.fr\/wp-content\/uploads\/2023\/04\/burger-dog3a.jpg 640w\" sizes=\"auto, (max-width: 201px) 100vw, 201px\" \/><\/p>\n<p style=\"text-align: center;\"><span style=\"color: #c44f14;\"><span style=\"font-size: 24px;\"><span style=\"font-family: georgia,serif;\"><u><em>Ingr\u00e9dients pour 2 burgers<\/em><\/u><\/span><\/span><\/span><\/p>\n<p style=\"text-align: center;\"><img loading=\"lazy\" decoding=\"async\" class=\"alignnone wp-image-52357\" src=\"http:\/\/recettes-gourmandes-de-joce.fr\/wp-content\/uploads\/2023\/04\/burger-dog4-300x232.jpg\" alt=\"\" width=\"259\" height=\"200\" srcset=\"http:\/\/recettes-gourmandes-de-joce.fr\/wp-content\/uploads\/2023\/04\/burger-dog4-300x232.jpg 300w, http:\/\/recettes-gourmandes-de-joce.fr\/wp-content\/uploads\/2023\/04\/burger-dog4.jpg 640w\" sizes=\"auto, (max-width: 259px) 100vw, 259px\" \/> <img loading=\"lazy\" decoding=\"async\" class=\"alignnone wp-image-52335\" src=\"http:\/\/recettes-gourmandes-de-joce.fr\/wp-content\/uploads\/2023\/04\/burger-dinde4a-300x221.jpg\" alt=\"\" width=\"271\" height=\"200\" srcset=\"http:\/\/recettes-gourmandes-de-joce.fr\/wp-content\/uploads\/2023\/04\/burger-dinde4a-300x221.jpg 300w, http:\/\/recettes-gourmandes-de-joce.fr\/wp-content\/uploads\/2023\/04\/burger-dinde4a-768x567.jpg 768w, http:\/\/recettes-gourmandes-de-joce.fr\/wp-content\/uploads\/2023\/04\/burger-dinde4a-750x553.jpg 750w, http:\/\/recettes-gourmandes-de-joce.fr\/wp-content\/uploads\/2023\/04\/burger-dinde4a.jpg 957w\" sizes=\"auto, (max-width: 271px) 100vw, 271px\" \/><\/p>\n<p style=\"text-align: center;\"><span style=\"color: #c44f14; font-size: 14pt;\"><em><span style=\"font-family: georgia,serif;\">2 pains \u00e0 burgers<\/span><\/em><\/span><\/p>\n<p style=\"text-align: center;\"><span style=\"color: #c44f14; font-size: 14pt;\"><em><span style=\"font-family: georgia,serif;\">2 steaks hach\u00e9s<\/span><\/em><\/span><\/p>\n<p style=\"text-align: center;\"><span style=\"color: #c44f14; font-size: 14pt;\"><em><span style=\"font-family: georgia,serif;\">3 knackies<\/span><\/em><\/span><\/p>\n<p style=\"text-align: center;\"><span style=\"color: #c44f14; font-size: 14pt;\"><em><span style=\"font-family: georgia,serif;\">2 c \u00e0 s d&rsquo;oignons rissol\u00e9s ou 1 oignon<\/span><\/em><\/span><\/p>\n<p style=\"text-align: center;\"><span style=\"color: #c44f14; font-size: 14pt;\"><em><span style=\"font-family: georgia,serif;\">2 tranches de cheddar<\/span><\/em><\/span><\/p>\n<p style=\"text-align: center;\"><span style=\"color: #c44f14; font-size: 14pt;\"><em><span style=\"font-family: georgia,serif;\">2 c \u00e0 s de moutarde forte<\/span><\/em><\/span><\/p>\n<p style=\"text-align: center;\"><span style=\"color: #c44f14; font-size: 14pt;\"><em><span style=\"font-family: georgia,serif;\">1 c \u00e0 s de moutarde \u00e0 l&rsquo;ancienne<\/span><\/em><\/span><\/p>\n<p style=\"text-align: center;\"><span style=\"color: #c44f14; font-size: 14pt;\"><em><span style=\"font-family: georgia,serif;\">2 c \u00e0 c de ketchup<\/span><\/em><\/span><\/p>\n<p style=\"text-align: center;\"><span style=\"color: #c44f14; font-size: 14pt;\"><em><span style=\"font-family: georgia,serif;\">1 belle patate douce<\/span><\/em><\/span><\/p>\n<p style=\"text-align: center;\"><span style=\"color: #c44f14; font-size: 14pt;\"><em><span style=\"font-family: georgia,serif;\">Recette des pains \u00e0 burgers sur ce lien -&gt;\u00a0<\/span><a href=\"http:\/\/recettes-gourmandes-de-joce.fr\/index.php\/index\/pains-viennoiseries-map\/pains-pains-speciaux\/pains-a-hamburger\/\"><span style=\"color: #800080;\"><span style=\"font-family: georgia,serif;\">Pains \u00e0 burgers<\/span><\/span><span style=\"font-family: georgia,serif;\"> <strong><img loading=\"lazy\" decoding=\"async\" class=\"alignnone size-thumbnail wp-image-8007\" src=\"http:\/\/recettes-gourmandes-de-joce.fr\/wp-content\/uploads\/2019\/10\/100-3330-150x150.jpg\" alt=\"\" width=\"150\" height=\"150\" \/><\/strong><\/span><\/a><\/em><\/span><\/p>\n<p style=\"text-align: center;\"><span style=\"color: #c44f14; font-size: 14pt;\"><em><span style=\"font-family: georgia,serif;\">Si vous utilisez un oignon frais , r\u00e9alisez la fondue ainsi sinon passez \u00e0 l&rsquo;\u00e9tape suivante.<\/span><\/em><\/span><\/p>\n<p style=\"text-align: center;\"><span style=\"color: #c44f14; font-size: 14pt;\"><em><span style=\"font-family: georgia,serif;\"><strong><img loading=\"lazy\" decoding=\"async\" class=\"alignnone wp-image-52455\" src=\"http:\/\/recettes-gourmandes-de-joce.fr\/wp-content\/uploads\/2023\/04\/hot-dog-oignons5-300x225.jpg\" alt=\"\" width=\"227\" height=\"170\" srcset=\"http:\/\/recettes-gourmandes-de-joce.fr\/wp-content\/uploads\/2023\/04\/hot-dog-oignons5-300x225.jpg 300w, http:\/\/recettes-gourmandes-de-joce.fr\/wp-content\/uploads\/2023\/04\/hot-dog-oignons5-768x576.jpg 768w, http:\/\/recettes-gourmandes-de-joce.fr\/wp-content\/uploads\/2023\/04\/hot-dog-oignons5-750x563.jpg 750w, http:\/\/recettes-gourmandes-de-joce.fr\/wp-content\/uploads\/2023\/04\/hot-dog-oignons5.jpg 800w\" sizes=\"auto, (max-width: 227px) 100vw, 227px\" \/>\u00a0<img loading=\"lazy\" decoding=\"async\" class=\"alignnone wp-image-52456\" src=\"http:\/\/recettes-gourmandes-de-joce.fr\/wp-content\/uploads\/2023\/04\/hot-dog-oignons6-300x225.jpg\" alt=\"\" width=\"227\" height=\"170\" srcset=\"http:\/\/recettes-gourmandes-de-joce.fr\/wp-content\/uploads\/2023\/04\/hot-dog-oignons6-300x225.jpg 300w, http:\/\/recettes-gourmandes-de-joce.fr\/wp-content\/uploads\/2023\/04\/hot-dog-oignons6-768x576.jpg 768w, http:\/\/recettes-gourmandes-de-joce.fr\/wp-content\/uploads\/2023\/04\/hot-dog-oignons6-750x563.jpg 750w, http:\/\/recettes-gourmandes-de-joce.fr\/wp-content\/uploads\/2023\/04\/hot-dog-oignons6.jpg 800w\" sizes=\"auto, (max-width: 227px) 100vw, 227px\" \/> <\/strong><\/span><\/em><\/span><em style=\"color: #c44f14; font-size: 18.6667px;\"><span style=\"font-family: georgia,serif;\"><strong><img loading=\"lazy\" decoding=\"async\" class=\"alignnone wp-image-52454\" src=\"http:\/\/recettes-gourmandes-de-joce.fr\/wp-content\/uploads\/2023\/04\/hot-dog-oignons7-300x201.jpg\" alt=\"\" width=\"254\" height=\"170\" srcset=\"http:\/\/recettes-gourmandes-de-joce.fr\/wp-content\/uploads\/2023\/04\/hot-dog-oignons7-300x201.jpg 300w, http:\/\/recettes-gourmandes-de-joce.fr\/wp-content\/uploads\/2023\/04\/hot-dog-oignons7-768x514.jpg 768w, http:\/\/recettes-gourmandes-de-joce.fr\/wp-content\/uploads\/2023\/04\/hot-dog-oignons7-750x502.jpg 750w, http:\/\/recettes-gourmandes-de-joce.fr\/wp-content\/uploads\/2023\/04\/hot-dog-oignons7.jpg 800w\" sizes=\"auto, (max-width: 254px) 100vw, 254px\" \/><\/strong><\/span><\/em><\/p>\n<p style=\"text-align: center;\"><span style=\"color: #c44f14; font-size: 14pt;\"><em><span style=\"font-family: georgia,serif;\">\u00a0Couper et \u00e9mincer l&rsquo;oignon, le\u00a0faire dorer dans une po\u00eale avec un peu de beurre, saler et poivrer, remuer r\u00e9guli\u00e8rement.<\/span><\/em><\/span><\/p>\n<p style=\"text-align: center;\"><img loading=\"lazy\" decoding=\"async\" class=\"alignnone wp-image-52358\" src=\"http:\/\/recettes-gourmandes-de-joce.fr\/wp-content\/uploads\/2023\/04\/burger-dog5-300x183.jpg\" alt=\"\" width=\"271\" height=\"165\" srcset=\"http:\/\/recettes-gourmandes-de-joce.fr\/wp-content\/uploads\/2023\/04\/burger-dog5-300x183.jpg 300w, http:\/\/recettes-gourmandes-de-joce.fr\/wp-content\/uploads\/2023\/04\/burger-dog5.jpg 640w\" sizes=\"auto, (max-width: 271px) 100vw, 271px\" \/> <img loading=\"lazy\" decoding=\"async\" class=\"alignnone wp-image-52359\" src=\"http:\/\/recettes-gourmandes-de-joce.fr\/wp-content\/uploads\/2023\/04\/burger-dog6-300x228.jpg\" alt=\"\" width=\"217\" height=\"165\" srcset=\"http:\/\/recettes-gourmandes-de-joce.fr\/wp-content\/uploads\/2023\/04\/burger-dog6-300x228.jpg 300w, http:\/\/recettes-gourmandes-de-joce.fr\/wp-content\/uploads\/2023\/04\/burger-dog6.jpg 640w\" sizes=\"auto, (max-width: 217px) 100vw, 217px\" \/> <img loading=\"lazy\" decoding=\"async\" class=\"alignnone wp-image-52311\" src=\"http:\/\/recettes-gourmandes-de-joce.fr\/wp-content\/uploads\/2023\/04\/burger-dinde16-300x200.jpg\" alt=\"\" width=\"247\" height=\"165\" srcset=\"http:\/\/recettes-gourmandes-de-joce.fr\/wp-content\/uploads\/2023\/04\/burger-dinde16-300x200.jpg 300w, http:\/\/recettes-gourmandes-de-joce.fr\/wp-content\/uploads\/2023\/04\/burger-dinde16-768x512.jpg 768w, http:\/\/recettes-gourmandes-de-joce.fr\/wp-content\/uploads\/2023\/04\/burger-dinde16-750x500.jpg 750w, http:\/\/recettes-gourmandes-de-joce.fr\/wp-content\/uploads\/2023\/04\/burger-dinde16.jpg 1024w\" sizes=\"auto, (max-width: 247px) 100vw, 247px\" \/><\/p>\n<p style=\"text-align: center;\"><span style=\"color: #c44f14; font-size: 14pt;\"><em><span style=\"font-family: georgia,serif;\">R\u00e9aliser vos pains selon la recette. Lorsqu&rsquo;ils sont cuits, les couper en deux dans le sens de l&rsquo;\u00e9paisseur. Sur la plancha, mettre les steaks et les knackies \u00e0 cuire (r\u00e9chauffer pour les knackies). M\u00e9langer les deux moutardes puis en \u00e9taler sur les 4 demi pains.<\/span><\/em><\/span><\/p>\n<p style=\"text-align: center;\"><img loading=\"lazy\" decoding=\"async\" class=\"alignnone wp-image-52360\" src=\"http:\/\/recettes-gourmandes-de-joce.fr\/wp-content\/uploads\/2023\/04\/burger-dog7-300x247.jpg\" alt=\"\" width=\"200\" height=\"165\" srcset=\"http:\/\/recettes-gourmandes-de-joce.fr\/wp-content\/uploads\/2023\/04\/burger-dog7-300x247.jpg 300w, http:\/\/recettes-gourmandes-de-joce.fr\/wp-content\/uploads\/2023\/04\/burger-dog7.jpg 640w\" sizes=\"auto, (max-width: 200px) 100vw, 200px\" \/>\u00a0<img loading=\"lazy\" decoding=\"async\" class=\"alignnone wp-image-52361\" src=\"http:\/\/recettes-gourmandes-de-joce.fr\/wp-content\/uploads\/2023\/04\/burger-dog8-300x168.jpg\" alt=\"\" width=\"294\" height=\"165\" srcset=\"http:\/\/recettes-gourmandes-de-joce.fr\/wp-content\/uploads\/2023\/04\/burger-dog8-300x168.jpg 300w, http:\/\/recettes-gourmandes-de-joce.fr\/wp-content\/uploads\/2023\/04\/burger-dog8.jpg 640w\" sizes=\"auto, (max-width: 294px) 100vw, 294px\" \/> <img loading=\"lazy\" decoding=\"async\" class=\"alignnone wp-image-52356\" src=\"http:\/\/recettes-gourmandes-de-joce.fr\/wp-content\/uploads\/2023\/04\/burger-dog3a-300x269.jpg\" alt=\"\" width=\"184\" height=\"165\" srcset=\"http:\/\/recettes-gourmandes-de-joce.fr\/wp-content\/uploads\/2023\/04\/burger-dog3a-300x269.jpg 300w, http:\/\/recettes-gourmandes-de-joce.fr\/wp-content\/uploads\/2023\/04\/burger-dog3a.jpg 640w\" sizes=\"auto, (max-width: 184px) 100vw, 184px\" \/><\/p>\n<p style=\"text-align: center;\"><span style=\"color: #c44f14; font-size: 14pt;\"><em><span style=\"font-family: georgia,serif;\"><strong><u>Montage:<\/u> <\/strong><\/span><\/em><\/span><\/p>\n<p style=\"text-align: center;\"><span style=\"color: #c44f14; font-size: 14pt;\"><em><span style=\"font-family: georgia,serif;\"><span style=\"color: #c44f14; font-family: georgia, serif;\"><span style=\"font-size: 14pt;\">Ajouter sur deux des demi pains, le steak hach\u00e9, 3 demi knackies, r\u00e9partir les oignons, ajouter le <\/span><span style=\"font-size: 18.6667px;\">ketchup<\/span><span style=\"font-size: 14pt;\">\u00a0puis le cheddar (photos oubli\u00e9es) et fermer avec les demi pains restants. Cuire vos frites de patate douce de la m\u00eame fa\u00e7on que des frites de pommes de terre, les saler d\u00e8s la sortie de la friteuse et les servir avec le burger.<\/span><\/span><\/span><\/em><\/span><\/p>\n<p style=\"text-align: center;\"><span style=\"color: #c44f14; font-size: 14pt;\"><span style=\"font-family: georgia,serif;\"><em>Bon app\u00e9tit!<\/em><\/span><\/span><\/p>\n<p style=\"text-align: center;\"><img loading=\"lazy\" decoding=\"async\" class=\"alignnone wp-image-52453\" src=\"http:\/\/recettes-gourmandes-de-joce.fr\/wp-content\/uploads\/2023\/04\/recettes-free114-300x131.jpg\" alt=\"\" width=\"413\" height=\"180\" srcset=\"http:\/\/recettes-gourmandes-de-joce.fr\/wp-content\/uploads\/2023\/04\/recettes-free114-300x131.jpg 300w, http:\/\/recettes-gourmandes-de-joce.fr\/wp-content\/uploads\/2023\/04\/recettes-free114-1024x446.jpg 1024w, http:\/\/recettes-gourmandes-de-joce.fr\/wp-content\/uploads\/2023\/04\/recettes-free114-768x335.jpg 768w, http:\/\/recettes-gourmandes-de-joce.fr\/wp-content\/uploads\/2023\/04\/recettes-free114-1536x669.jpg 1536w, http:\/\/recettes-gourmandes-de-joce.fr\/wp-content\/uploads\/2023\/04\/recettes-free114-2048x892.jpg 2048w, http:\/\/recettes-gourmandes-de-joce.fr\/wp-content\/uploads\/2023\/04\/recettes-free114-750x327.jpg 750w\" sizes=\"auto, (max-width: 413px) 100vw, 413px\" \/><\/p>\n<p style=\"text-align: center;\"><img loading=\"lazy\" decoding=\"async\" class=\"alignnone wp-image-52354\" src=\"http:\/\/recettes-gourmandes-de-joce.fr\/wp-content\/uploads\/2023\/04\/burger-dog2-300x249.jpg\" alt=\"\" width=\"217\" height=\"180\" srcset=\"http:\/\/recettes-gourmandes-de-joce.fr\/wp-content\/uploads\/2023\/04\/burger-dog2-300x249.jpg 300w, http:\/\/recettes-gourmandes-de-joce.fr\/wp-content\/uploads\/2023\/04\/burger-dog2.jpg 640w\" sizes=\"auto, (max-width: 217px) 100vw, 217px\" \/> <img loading=\"lazy\" decoding=\"async\" class=\"alignnone wp-image-52355\" src=\"http:\/\/recettes-gourmandes-de-joce.fr\/wp-content\/uploads\/2023\/04\/burger-dog3-300x253.jpg\" alt=\"\" width=\"213\" height=\"180\" srcset=\"http:\/\/recettes-gourmandes-de-joce.fr\/wp-content\/uploads\/2023\/04\/burger-dog3-300x253.jpg 300w, http:\/\/recettes-gourmandes-de-joce.fr\/wp-content\/uploads\/2023\/04\/burger-dog3.jpg 640w\" sizes=\"auto, (max-width: 213px) 100vw, 213px\" \/> <img loading=\"lazy\" decoding=\"async\" class=\"alignnone wp-image-52353\" src=\"http:\/\/recettes-gourmandes-de-joce.fr\/wp-content\/uploads\/2023\/04\/burger-dog1-300x285.jpg\" alt=\"\" width=\"189\" height=\"180\" srcset=\"http:\/\/recettes-gourmandes-de-joce.fr\/wp-content\/uploads\/2023\/04\/burger-dog1-300x285.jpg 300w, http:\/\/recettes-gourmandes-de-joce.fr\/wp-content\/uploads\/2023\/04\/burger-dog1.jpg 640w\" sizes=\"auto, (max-width: 189px) 100vw, 189px\" \/><\/p>\n<p style=\"text-align: center;\"><img loading=\"lazy\" decoding=\"async\" class=\"alignnone wp-image-44943 size-full\" src=\"http:\/\/recettes-gourmandes-de-joce.fr\/wp-content\/uploads\/2022\/05\/logitech-gaming-software-14112014-121223.jpg\" alt=\"\" width=\"640\" height=\"144\" srcset=\"http:\/\/recettes-gourmandes-de-joce.fr\/wp-content\/uploads\/2022\/05\/logitech-gaming-software-14112014-121223.jpg 640w, http:\/\/recettes-gourmandes-de-joce.fr\/wp-content\/uploads\/2022\/05\/logitech-gaming-software-14112014-121223-300x68.jpg 300w\" sizes=\"auto, (max-width: 640px) 100vw, 640px\" \/><\/p>\n","protected":false},"excerpt":{"rendered":"<p>Une de mes recettes Ingr\u00e9dients pour 2 burgers 2 pains \u00e0 burgers 2 steaks hach\u00e9s 3 knackies 2 c \u00e0 s d&rsquo;oignons rissol\u00e9s ou 1 oignon 2 tranches de cheddar 2 c \u00e0 s de moutarde forte 1 c \u00e0 s de moutarde \u00e0 l&rsquo;ancienne 2 c \u00e0 c de ketchup 1 belle patate douce &hellip; <\/p>\n<p><a class=\"more-link btn\" href=\"http:\/\/recettes-gourmandes-de-joce.fr\/index.php\/index\/burgers-croques-tartines-pizzas\/bugers\/burger-facon-hot-dog-et-frites-de-patates-douces\/\">Lire la suite<\/a><\/p>\n","protected":false},"author":2,"featured_media":86420,"parent":225,"menu_order":0,"comment_status":"open","ping_status":"closed","template":"","meta":{"footnotes":""},"class_list":["post-724","page","type-page","status-publish","has-post-thumbnail","hentry","nodate","item-wrap"],"_links":{"self":[{"href":"http:\/\/recettes-gourmandes-de-joce.fr\/index.php\/wp-json\/wp\/v2\/pages\/724","targetHints":{"allow":["GET"]}}],"collection":[{"href":"http:\/\/recettes-gourmandes-de-joce.fr\/index.php\/wp-json\/wp\/v2\/pages"}],"about":[{"href":"http:\/\/recettes-gourmandes-de-joce.fr\/index.php\/wp-json\/wp\/v2\/types\/page"}],"author":[{"embeddable":true,"href":"http:\/\/recettes-gourmandes-de-joce.fr\/index.php\/wp-json\/wp\/v2\/users\/2"}],"replies":[{"embeddable":true,"href":"http:\/\/recettes-gourmandes-de-joce.fr\/index.php\/wp-json\/wp\/v2\/comments?post=724"}],"version-history":[{"count":7,"href":"http:\/\/recettes-gourmandes-de-joce.fr\/index.php\/wp-json\/wp\/v2\/pages\/724\/revisions"}],"predecessor-version":[{"id":86421,"href":"http:\/\/recettes-gourmandes-de-joce.fr\/index.php\/wp-json\/wp\/v2\/pages\/724\/revisions\/86421"}],"up":[{"embeddable":true,"href":"http:\/\/recettes-gourmandes-de-joce.fr\/index.php\/wp-json\/wp\/v2\/pages\/225"}],"wp:featuredmedia":[{"embeddable":true,"href":"http:\/\/recettes-gourmandes-de-joce.fr\/index.php\/wp-json\/wp\/v2\/media\/86420"}],"wp:attachment":[{"href":"http:\/\/recettes-gourmandes-de-joce.fr\/index.php\/wp-json\/wp\/v2\/media?parent=724"}],"curies":[{"name":"wp","href":"https:\/\/api.w.org\/{rel}","templated":true}]}}