{"id":721,"date":"2019-09-21T17:14:01","date_gmt":"2019-09-21T17:14:01","guid":{"rendered":"http:\/\/recettes-gourmandes-de-joce.fr\/?page_id=721"},"modified":"2024-07-02T22:38:47","modified_gmt":"2024-07-02T22:38:47","slug":"burger-aux-deux-jambons-tomate-et-coulommiers","status":"publish","type":"page","link":"http:\/\/recettes-gourmandes-de-joce.fr\/index.php\/index\/burgers-croques-tartines-pizzas\/bugers\/burger-aux-deux-jambons-tomate-et-coulommiers\/","title":{"rendered":"Burger aux deux jambons, tomate et coulommiers."},"content":{"rendered":"<p style=\"text-align: center;\"><span style=\"color: #db2781;\"><u><em><span style=\"font-size: 24px;\"><span style=\"font-family: georgia,serif;\">Une des id\u00e9es de mon fils Lucas<\/span><\/span><\/em><\/u><\/span><\/p>\n<p style=\"text-align: center;\"><span style=\"color: #db2781;\"><img loading=\"lazy\" decoding=\"async\" class=\"alignnone wp-image-52168\" src=\"http:\/\/recettes-gourmandes-de-joce.fr\/wp-content\/uploads\/2023\/04\/69126042_483731958870410_5012170282597613568_n-224x300.jpg\" alt=\"\" width=\"149\" height=\"200\" srcset=\"http:\/\/recettes-gourmandes-de-joce.fr\/wp-content\/uploads\/2023\/04\/69126042_483731958870410_5012170282597613568_n-224x300.jpg 224w, http:\/\/recettes-gourmandes-de-joce.fr\/wp-content\/uploads\/2023\/04\/69126042_483731958870410_5012170282597613568_n.jpg 597w\" sizes=\"auto, (max-width: 149px) 100vw, 149px\" \/> <img loading=\"lazy\" decoding=\"async\" class=\"alignnone wp-image-52171\" src=\"http:\/\/recettes-gourmandes-de-joce.fr\/wp-content\/uploads\/2023\/04\/69374743_2477454715910518_7678146982480707584_n-224x300.jpg\" alt=\"\" width=\"149\" height=\"200\" srcset=\"http:\/\/recettes-gourmandes-de-joce.fr\/wp-content\/uploads\/2023\/04\/69374743_2477454715910518_7678146982480707584_n-224x300.jpg 224w, http:\/\/recettes-gourmandes-de-joce.fr\/wp-content\/uploads\/2023\/04\/69374743_2477454715910518_7678146982480707584_n.jpg 597w\" sizes=\"auto, (max-width: 149px) 100vw, 149px\" \/> <img loading=\"lazy\" decoding=\"async\" class=\"alignnone wp-image-52170\" src=\"http:\/\/recettes-gourmandes-de-joce.fr\/wp-content\/uploads\/2023\/04\/69304370_347386512838303_7326915221417623552_n-238x300.jpg\" alt=\"\" width=\"159\" height=\"200\" srcset=\"http:\/\/recettes-gourmandes-de-joce.fr\/wp-content\/uploads\/2023\/04\/69304370_347386512838303_7326915221417623552_n-238x300.jpg 238w, http:\/\/recettes-gourmandes-de-joce.fr\/wp-content\/uploads\/2023\/04\/69304370_347386512838303_7326915221417623552_n.jpg 634w\" sizes=\"auto, (max-width: 159px) 100vw, 159px\" \/><\/span><\/p>\n<p style=\"text-align: center;\"><img loading=\"lazy\" decoding=\"async\" class=\"alignnone wp-image-52263\" src=\"http:\/\/recettes-gourmandes-de-joce.fr\/wp-content\/uploads\/2023\/04\/recettes-free109-300x154.jpg\" alt=\"\" width=\"350\" height=\"180\" srcset=\"http:\/\/recettes-gourmandes-de-joce.fr\/wp-content\/uploads\/2023\/04\/recettes-free109-300x154.jpg 300w, http:\/\/recettes-gourmandes-de-joce.fr\/wp-content\/uploads\/2023\/04\/recettes-free109-1024x527.jpg 1024w, http:\/\/recettes-gourmandes-de-joce.fr\/wp-content\/uploads\/2023\/04\/recettes-free109-768x395.jpg 768w, http:\/\/recettes-gourmandes-de-joce.fr\/wp-content\/uploads\/2023\/04\/recettes-free109-1536x790.jpg 1536w, http:\/\/recettes-gourmandes-de-joce.fr\/wp-content\/uploads\/2023\/04\/recettes-free109-2048x1053.jpg 2048w, http:\/\/recettes-gourmandes-de-joce.fr\/wp-content\/uploads\/2023\/04\/recettes-free109-750x386.jpg 750w\" sizes=\"auto, (max-width: 350px) 100vw, 350px\" \/><\/p>\n<p style=\"text-align: center;\"><span style=\"color: #db2781;\"><u><em><span style=\"font-family: georgia,serif;\"><span style=\"font-size: 24px;\">Ingr\u00e9dients pour 2 burgers<\/span><\/span><\/em><\/u><\/span><\/p>\n<p style=\"text-align: center;\"><span style=\"color: #db2781;\"><em><a style=\"color: #db2781;\" title=\"titre de l'image\" href=\"http:\/\/jocelyne.debon.free.fr\/burger-lucas\/burger-lucas4.JPG\" rel=\"iframe\"><img loading=\"lazy\" decoding=\"async\" class=\"alignnone wp-image-52257\" src=\"http:\/\/recettes-gourmandes-de-joce.fr\/wp-content\/uploads\/2023\/04\/burger-lucas4-300x218.jpg\" alt=\"\" width=\"276\" height=\"200\" srcset=\"http:\/\/recettes-gourmandes-de-joce.fr\/wp-content\/uploads\/2023\/04\/burger-lucas4-300x218.jpg 300w, http:\/\/recettes-gourmandes-de-joce.fr\/wp-content\/uploads\/2023\/04\/burger-lucas4-768x557.jpg 768w, http:\/\/recettes-gourmandes-de-joce.fr\/wp-content\/uploads\/2023\/04\/burger-lucas4-750x544.jpg 750w, http:\/\/recettes-gourmandes-de-joce.fr\/wp-content\/uploads\/2023\/04\/burger-lucas4.jpg 800w\" sizes=\"auto, (max-width: 276px) 100vw, 276px\" \/>\u200b<\/a> <img loading=\"lazy\" decoding=\"async\" class=\"alignnone wp-image-8007\" src=\"http:\/\/recettes-gourmandes-de-joce.fr\/wp-content\/uploads\/2019\/10\/100-3330-300x225.jpg\" alt=\"\" width=\"267\" height=\"200\" srcset=\"http:\/\/recettes-gourmandes-de-joce.fr\/wp-content\/uploads\/2019\/10\/100-3330-300x225.jpg 300w, http:\/\/recettes-gourmandes-de-joce.fr\/wp-content\/uploads\/2019\/10\/100-3330.jpg 640w\" sizes=\"auto, (max-width: 267px) 100vw, 267px\" \/><\/em><\/span><\/p>\n<p style=\"text-align: center;\"><span style=\"color: #db2781; font-size: 14pt;\"><em><span style=\"font-family: georgia,serif;\">2 pains \u00e0 burger<\/span><\/em><\/span><\/p>\n<p style=\"text-align: center;\"><span style=\"color: #db2781; font-size: 14pt;\"><em><span style=\"font-family: georgia,serif;\">1 tranche de jambon blanc soit \u00bd\u00a0tranche par burger<\/span><\/em><\/span><\/p>\n<p style=\"text-align: center;\"><span style=\"color: #db2781; font-size: 14pt;\"><em><span style=\"font-family: georgia,serif;\">2 tranches de jambon de pays soit 1 tranche par burger<\/span><\/em><\/span><\/p>\n<p style=\"text-align: center;\"><span style=\"color: #db2781; font-size: 14pt;\"><em><span style=\"font-family: georgia,serif;\">1 belle tomate ou 2 petites<\/span><\/em><\/span><\/p>\n<p style=\"text-align: center;\"><span style=\"color: #db2781; font-size: 14pt;\"><em><span style=\"font-family: georgia,serif;\">2 feuilles de salade<\/span><\/em><\/span><\/p>\n<p style=\"text-align: center;\"><span style=\"color: #db2781; font-size: 14pt;\"><em><span style=\"font-family: georgia,serif;\">2 parts de Coulommiers ou camembert<\/span><\/em><\/span><\/p>\n<p style=\"text-align: center;\"><span style=\"color: #db2781; font-size: 14pt;\"><em><span style=\"font-family: georgia,serif;\">2 c \u00e0 s de mayonnaise <\/span><\/em><\/span><\/p>\n<p style=\"text-align: center;\"><span style=\"color: #db2781; font-size: 14pt;\"><em><span style=\"font-family: georgia,serif;\">1 c \u00e0 s de persil cisel\u00e9 <\/span><\/em><\/span><\/p>\n<p style=\"text-align: center;\"><span style=\"color: #db2781; font-size: 14pt;\"><em><span style=\"font-family: georgia,serif;\">1 c \u00e0 s rase d&rsquo;ail semoule<\/span><\/em><\/span><\/p>\n<p style=\"text-align: center;\"><span style=\"font-size: 14pt; color: #db2781;\"><em>R<span style=\"font-family: georgia,serif;\">ecette de la mayonnaise sur ce lien -&gt;<a style=\"color: #db2781;\" href=\"http:\/\/recettes-gourmandes-de-joce.fr\/index\/sauces-assaisonnements\/sauces-froides\/mayonnaise\">\u00a0<\/a><\/span><a href=\"http:\/\/recettes-gourmandes-de-joce.fr\/index.php\/index\/sauces-assaisonnements\/sauces-froides\/mayonnaise\/\"><span style=\"font-family: georgia,serif;\"><span style=\"color: #800080;\">Mayonnaise<\/span><\/span><\/a><a style=\"color: #db2781;\" href=\"http:\/\/recettes-gourmandes-de-joce.fr\/index\/sauces-assaisonnements\/sauces-froides\/mayonnaise\"><span style=\"font-family: georgia,serif;\">\u200b<\/span><\/a><\/em><\/span><\/p>\n<p style=\"text-align: center;\"><span style=\"font-size: 14pt; color: #db2781;\"><span style=\"font-family: georgia,serif;\"><em>Recette des pains \u00e0 burgers sur ce lien -&gt;<a href=\"http:\/\/recettes-gourmandes-de-joce.fr\/index.php\/index\/pains-viennoiseries-map\/pains-pains-speciaux\/pains-a-hamburger\/\">\u00a0<span style=\"color: #800080;\">Pains \u00e0 burgers <\/span><img loading=\"lazy\" decoding=\"async\" class=\"alignnone size-thumbnail wp-image-8007\" src=\"http:\/\/recettes-gourmandes-de-joce.fr\/wp-content\/uploads\/2019\/10\/100-3330-150x150.jpg\" alt=\"\" width=\"150\" height=\"150\" \/><\/a><a style=\"color: #db2781;\" href=\"http:\/\/recettes-gourmandes-de-joce.fr\/\">\u200b<\/a><\/em><\/span><\/span><\/p>\n<p style=\"text-align: center;\"><span style=\"font-size: 14pt; color: #db2781;\"><img loading=\"lazy\" decoding=\"async\" class=\"alignnone wp-image-8013\" src=\"http:\/\/recettes-gourmandes-de-joce.fr\/wp-content\/uploads\/2019\/10\/P8080267-150x150.jpg\" alt=\"\" width=\"184\" height=\"170\" srcset=\"http:\/\/recettes-gourmandes-de-joce.fr\/wp-content\/uploads\/2019\/10\/P8080267-300x277.jpg 300w, http:\/\/recettes-gourmandes-de-joce.fr\/wp-content\/uploads\/2019\/10\/P8080267.jpg 640w\" sizes=\"auto, (max-width: 184px) 100vw, 184px\" \/> <img loading=\"lazy\" decoding=\"async\" class=\"alignnone wp-image-8006\" src=\"http:\/\/recettes-gourmandes-de-joce.fr\/wp-content\/uploads\/2019\/10\/100-3328-150x150.jpg\" alt=\"\" width=\"247\" height=\"170\" srcset=\"http:\/\/recettes-gourmandes-de-joce.fr\/wp-content\/uploads\/2019\/10\/100-3328-300x206.jpg 300w, http:\/\/recettes-gourmandes-de-joce.fr\/wp-content\/uploads\/2019\/10\/100-3328.jpg 640w\" sizes=\"auto, (max-width: 247px) 100vw, 247px\" \/> <img loading=\"lazy\" decoding=\"async\" class=\"alignnone wp-image-8008\" src=\"http:\/\/recettes-gourmandes-de-joce.fr\/wp-content\/uploads\/2019\/10\/100-3346-150x150.jpg\" alt=\"\" width=\"227\" height=\"170\" srcset=\"http:\/\/recettes-gourmandes-de-joce.fr\/wp-content\/uploads\/2019\/10\/100-3346-300x225.jpg 300w, http:\/\/recettes-gourmandes-de-joce.fr\/wp-content\/uploads\/2019\/10\/100-3346.jpg 640w\" sizes=\"auto, (max-width: 227px) 100vw, 227px\" \/><\/span><\/p>\n<p style=\"text-align: center;\"><span style=\"color: #db2781; font-size: 14pt;\"><em><span style=\"font-family: georgia,serif;\">R\u00e9aliser vos pains, puis enfournez l\u00e8s selon les indications de la recette, lorsqu&rsquo;ils sont cuits les couper en deux dans le sens de l&rsquo;\u00e9paisseur.<\/span><\/em><\/span><\/p>\n<p style=\"text-align: center;\"><span style=\"font-size: 14pt; color: #db2781;\"><em><span style=\"font-family: georgia,serif;\"><img loading=\"lazy\" decoding=\"async\" class=\"alignnone wp-image-52258\" src=\"http:\/\/recettes-gourmandes-de-joce.fr\/wp-content\/uploads\/2023\/04\/burger-lucas5-300x243.jpg\" alt=\"\" width=\"210\" height=\"170\" srcset=\"http:\/\/recettes-gourmandes-de-joce.fr\/wp-content\/uploads\/2023\/04\/burger-lucas5-300x243.jpg 300w, http:\/\/recettes-gourmandes-de-joce.fr\/wp-content\/uploads\/2023\/04\/burger-lucas5.jpg 672w\" sizes=\"auto, (max-width: 210px) 100vw, 210px\" \/> <\/span><\/em><em><span style=\"font-family: georgia, serif;\"><img loading=\"lazy\" decoding=\"async\" class=\"alignnone wp-image-47280\" src=\"http:\/\/recettes-gourmandes-de-joce.fr\/wp-content\/uploads\/2022\/11\/burger-dinde5-300x200.jpg\" alt=\"\" width=\"255\" height=\"170\" srcset=\"http:\/\/recettes-gourmandes-de-joce.fr\/wp-content\/uploads\/2022\/11\/burger-dinde5-300x200.jpg 300w, http:\/\/recettes-gourmandes-de-joce.fr\/wp-content\/uploads\/2022\/11\/burger-dinde5-768x512.jpg 768w, http:\/\/recettes-gourmandes-de-joce.fr\/wp-content\/uploads\/2022\/11\/burger-dinde5-750x500.jpg 750w, http:\/\/recettes-gourmandes-de-joce.fr\/wp-content\/uploads\/2022\/11\/burger-dinde5.jpg 1024w\" sizes=\"auto, (max-width: 255px) 100vw, 255px\" \/> <img loading=\"lazy\" decoding=\"async\" class=\"alignnone wp-image-52259\" src=\"http:\/\/recettes-gourmandes-de-joce.fr\/wp-content\/uploads\/2023\/04\/burger-lucas6-300x237.jpg\" alt=\"\" width=\"216\" height=\"170\" srcset=\"http:\/\/recettes-gourmandes-de-joce.fr\/wp-content\/uploads\/2023\/04\/burger-lucas6-300x237.jpg 300w, http:\/\/recettes-gourmandes-de-joce.fr\/wp-content\/uploads\/2023\/04\/burger-lucas6.jpg 734w\" sizes=\"auto, (max-width: 216px) 100vw, 216px\" \/><\/span><\/em><\/span><\/p>\n<p style=\"text-align: center;\"><span style=\"font-size: 14pt; color: #db2781;\"><em style=\"text-align: center;\"><span style=\"font-family: georgia, serif;\">Peler et couper l&rsquo;oignon en fines rondelles, laver et couper la tomate en tranches, laver, essorer la salade la hacher grossi\u00e8rement. Couper chaque part de fromage en 3 tranches, couper les tranches de jambon de pays en deux et le jambon blanc en 4.<\/span><\/em><\/span><\/p>\n<p style=\"text-align: center;\"><span style=\"font-size: 14pt; color: #db2781;\"><em><span style=\"font-family: georgia,serif;\"><img loading=\"lazy\" decoding=\"async\" class=\"alignnone wp-image-47281\" src=\"http:\/\/recettes-gourmandes-de-joce.fr\/wp-content\/uploads\/2022\/11\/burger-dinde7-300x200.jpg\" alt=\"\" width=\"244\" height=\"163\" srcset=\"http:\/\/recettes-gourmandes-de-joce.fr\/wp-content\/uploads\/2022\/11\/burger-dinde7-300x200.jpg 300w, http:\/\/recettes-gourmandes-de-joce.fr\/wp-content\/uploads\/2022\/11\/burger-dinde7-768x512.jpg 768w, http:\/\/recettes-gourmandes-de-joce.fr\/wp-content\/uploads\/2022\/11\/burger-dinde7-750x500.jpg 750w, http:\/\/recettes-gourmandes-de-joce.fr\/wp-content\/uploads\/2022\/11\/burger-dinde7.jpg 1024w\" sizes=\"auto, (max-width: 244px) 100vw, 244px\" \/> <img loading=\"lazy\" decoding=\"async\" class=\"alignnone wp-image-47285\" src=\"http:\/\/recettes-gourmandes-de-joce.fr\/wp-content\/uploads\/2022\/11\/burger-dinde11-300x200.jpg\" alt=\"\" width=\"244\" height=\"163\" srcset=\"http:\/\/recettes-gourmandes-de-joce.fr\/wp-content\/uploads\/2022\/11\/burger-dinde11-300x200.jpg 300w, http:\/\/recettes-gourmandes-de-joce.fr\/wp-content\/uploads\/2022\/11\/burger-dinde11-768x512.jpg 768w, http:\/\/recettes-gourmandes-de-joce.fr\/wp-content\/uploads\/2022\/11\/burger-dinde11-750x500.jpg 750w, http:\/\/recettes-gourmandes-de-joce.fr\/wp-content\/uploads\/2022\/11\/burger-dinde11.jpg 1024w\" sizes=\"auto, (max-width: 244px) 100vw, 244px\" \/> <img loading=\"lazy\" decoding=\"async\" class=\"alignnone wp-image-47282\" src=\"http:\/\/recettes-gourmandes-de-joce.fr\/wp-content\/uploads\/2022\/11\/burger-dinde12-300x200.jpg\" alt=\"\" width=\"244\" height=\"163\" srcset=\"http:\/\/recettes-gourmandes-de-joce.fr\/wp-content\/uploads\/2022\/11\/burger-dinde12-300x200.jpg 300w, http:\/\/recettes-gourmandes-de-joce.fr\/wp-content\/uploads\/2022\/11\/burger-dinde12-768x512.jpg 768w, http:\/\/recettes-gourmandes-de-joce.fr\/wp-content\/uploads\/2022\/11\/burger-dinde12-750x500.jpg 750w, http:\/\/recettes-gourmandes-de-joce.fr\/wp-content\/uploads\/2022\/11\/burger-dinde12.jpg 1024w\" sizes=\"auto, (max-width: 244px) 100vw, 244px\" \/><\/span><\/em><\/span><\/p>\n<p style=\"text-align: center;\"><span style=\"font-size: 14pt; color: #db2781;\"><em style=\"text-align: center;\"><span style=\"font-family: georgia, serif;\">R\u00e9aliser la mayonnaise et ajouter ensuite le persil et l&rsquo;ail semoule<\/span><\/em><\/span><\/p>\n<p style=\"text-align: center;\"><span style=\"font-size: 14pt; color: #db2781;\"><em><span style=\"font-family: georgia, serif;\"><u>Montage des burgers<\/u><\/span><\/em><\/span><\/p>\n<p style=\"text-align: center;\"><span style=\"font-size: 14pt; color: #db2781;\"><u><em><span style=\"font-family: georgia, serif;\">Ajouter sur la base dans cet ordre:\u00a0<\/span><\/em><\/u><\/span><\/p>\n<p style=\"text-align: center;\"><span style=\"font-size: 14pt; color: #db2781;\"><em><span style=\"font-family: georgia, serif;\"><img loading=\"lazy\" decoding=\"async\" class=\"alignnone wp-image-47283\" src=\"http:\/\/recettes-gourmandes-de-joce.fr\/wp-content\/uploads\/2022\/11\/burger-dinde18-300x187.jpg\" alt=\"\" width=\"272\" height=\"170\" srcset=\"http:\/\/recettes-gourmandes-de-joce.fr\/wp-content\/uploads\/2022\/11\/burger-dinde18-300x187.jpg 300w, http:\/\/recettes-gourmandes-de-joce.fr\/wp-content\/uploads\/2022\/11\/burger-dinde18-768x479.jpg 768w, http:\/\/recettes-gourmandes-de-joce.fr\/wp-content\/uploads\/2022\/11\/burger-dinde18-750x468.jpg 750w, http:\/\/recettes-gourmandes-de-joce.fr\/wp-content\/uploads\/2022\/11\/burger-dinde18.jpg 944w\" sizes=\"auto, (max-width: 272px) 100vw, 272px\" \/> <\/span><\/em><em><span style=\"font-family: georgia,serif;\"><img loading=\"lazy\" decoding=\"async\" class=\"alignnone wp-image-47284\" src=\"http:\/\/recettes-gourmandes-de-joce.fr\/wp-content\/uploads\/2022\/11\/burger-dinde19-300x200.jpg\" alt=\"\" width=\"255\" height=\"170\" srcset=\"http:\/\/recettes-gourmandes-de-joce.fr\/wp-content\/uploads\/2022\/11\/burger-dinde19-300x200.jpg 300w, http:\/\/recettes-gourmandes-de-joce.fr\/wp-content\/uploads\/2022\/11\/burger-dinde19-768x512.jpg 768w, http:\/\/recettes-gourmandes-de-joce.fr\/wp-content\/uploads\/2022\/11\/burger-dinde19-750x500.jpg 750w, http:\/\/recettes-gourmandes-de-joce.fr\/wp-content\/uploads\/2022\/11\/burger-dinde19.jpg 1024w\" sizes=\"auto, (max-width: 255px) 100vw, 255px\" \/> <img loading=\"lazy\" decoding=\"async\" class=\"alignnone wp-image-40889\" src=\"http:\/\/recettes-gourmandes-de-joce.fr\/wp-content\/uploads\/2021\/12\/20211203_203601-300x249.jpg\" alt=\"\" width=\"205\" height=\"170\" srcset=\"http:\/\/recettes-gourmandes-de-joce.fr\/wp-content\/uploads\/2021\/12\/20211203_203601-300x249.jpg 300w, http:\/\/recettes-gourmandes-de-joce.fr\/wp-content\/uploads\/2021\/12\/20211203_203601-768x638.jpg 768w, http:\/\/recettes-gourmandes-de-joce.fr\/wp-content\/uploads\/2021\/12\/20211203_203601-750x623.jpg 750w, http:\/\/recettes-gourmandes-de-joce.fr\/wp-content\/uploads\/2021\/12\/20211203_203601.jpg 800w\" sizes=\"auto, (max-width: 205px) 100vw, 205px\" \/><\/span><\/em><\/span><\/p>\n<p style=\"text-align: center;\"><span style=\"color: #db2781;\"><span style=\"font-size: 14pt;\"><em><span style=\"font-family: georgia,serif;\">\u00c9taler la mayonnaise sur chaque face des pains (\u00bd c \u00e0 s par face des pains). <\/span><\/em><em><span style=\"font-family: georgia, serif;\">La la feuille de salade,<\/span><\/em><em><span style=\"font-family: georgia,serif;\">\u00a0<\/span><\/em><\/span><em style=\"font-size: 18.6667px;\"><span style=\"font-family: georgia, serif;\">les tranches de tomate.<\/span><\/em><\/span><\/p>\n<p style=\"text-align: center;\"><span style=\"color: #db2781;\"> <em style=\"font-size: 14pt;\"><span style=\"font-family: georgia,serif;\">Les \u00e9tapes suivante photos manquantes \ud83d\ude41 , <\/span><\/em><\/span><\/p>\n<p style=\"text-align: center;\"><span style=\"color: #db2781;\"><em style=\"font-size: 14pt;\"><span style=\"font-family: georgia,serif;\">Ajouter le jambon de pays et 2 tranches du jambon blanc, ajouter le fromage, les rondelles d&rsquo;oignon, le reste de la salade, puis fermer avec la deuxi\u00e8me partie du pain, maintenir ferm\u00e9 par un pique \u00e0 brochette, mettre \u00e0 chauffer au micro-onde 1 mn 30 \u00e0 pleine puissance.<\/span><\/em><\/span><\/p>\n<p style=\"text-align: center;\"><span style=\"color: #db2781; font-size: 14pt;\"><em><span style=\"font-family: georgia,serif;\">Bon app\u00e9tit!<\/span><\/em><\/span><\/p>\n<p style=\"text-align: center;\"><span style=\"color: #db2781;\"><img loading=\"lazy\" decoding=\"async\" class=\"alignnone wp-image-52171\" src=\"http:\/\/recettes-gourmandes-de-joce.fr\/wp-content\/uploads\/2023\/04\/69374743_2477454715910518_7678146982480707584_n-224x300.jpg\" alt=\"\" width=\"149\" height=\"200\" srcset=\"http:\/\/recettes-gourmandes-de-joce.fr\/wp-content\/uploads\/2023\/04\/69374743_2477454715910518_7678146982480707584_n-224x300.jpg 224w, http:\/\/recettes-gourmandes-de-joce.fr\/wp-content\/uploads\/2023\/04\/69374743_2477454715910518_7678146982480707584_n.jpg 597w\" sizes=\"auto, (max-width: 149px) 100vw, 149px\" \/> <img loading=\"lazy\" decoding=\"async\" class=\"alignnone wp-image-52169\" src=\"http:\/\/recettes-gourmandes-de-joce.fr\/wp-content\/uploads\/2023\/04\/69172844_431994370749342_7516320882579472384_n-224x300.jpg\" alt=\"\" width=\"149\" height=\"200\" srcset=\"http:\/\/recettes-gourmandes-de-joce.fr\/wp-content\/uploads\/2023\/04\/69172844_431994370749342_7516320882579472384_n-224x300.jpg 224w, http:\/\/recettes-gourmandes-de-joce.fr\/wp-content\/uploads\/2023\/04\/69172844_431994370749342_7516320882579472384_n.jpg 597w\" sizes=\"auto, (max-width: 149px) 100vw, 149px\" \/> <img loading=\"lazy\" decoding=\"async\" class=\"alignnone wp-image-52167\" src=\"http:\/\/recettes-gourmandes-de-joce.fr\/wp-content\/uploads\/2023\/04\/69105819_2166372506996504_236393028581851136_n-224x300.jpg\" alt=\"\" width=\"149\" height=\"200\" srcset=\"http:\/\/recettes-gourmandes-de-joce.fr\/wp-content\/uploads\/2023\/04\/69105819_2166372506996504_236393028581851136_n-224x300.jpg 224w, http:\/\/recettes-gourmandes-de-joce.fr\/wp-content\/uploads\/2023\/04\/69105819_2166372506996504_236393028581851136_n.jpg 597w\" sizes=\"auto, (max-width: 149px) 100vw, 149px\" \/><\/span><\/p>\n<p style=\"text-align: center;\"><span style=\"color: #db2781;\"><img loading=\"lazy\" decoding=\"async\" class=\"alignnone wp-image-44943 size-full\" src=\"http:\/\/recettes-gourmandes-de-joce.fr\/wp-content\/uploads\/2022\/05\/logitech-gaming-software-14112014-121223.jpg\" alt=\"\" width=\"640\" height=\"144\" srcset=\"http:\/\/recettes-gourmandes-de-joce.fr\/wp-content\/uploads\/2022\/05\/logitech-gaming-software-14112014-121223.jpg 640w, http:\/\/recettes-gourmandes-de-joce.fr\/wp-content\/uploads\/2022\/05\/logitech-gaming-software-14112014-121223-300x68.jpg 300w\" sizes=\"auto, (max-width: 640px) 100vw, 640px\" \/><\/span><\/p>\n","protected":false},"excerpt":{"rendered":"<p>Une des id\u00e9es de mon fils Lucas Ingr\u00e9dients pour 2 burgers \u200b 2 pains \u00e0 burger 1 tranche de jambon blanc soit \u00bd\u00a0tranche par burger 2 tranches de jambon de pays soit 1 tranche par burger 1 belle tomate ou 2 petites 2 feuilles de salade 2 parts de Coulommiers ou camembert 2 c \u00e0 &hellip; <\/p>\n<p><a class=\"more-link btn\" href=\"http:\/\/recettes-gourmandes-de-joce.fr\/index.php\/index\/burgers-croques-tartines-pizzas\/bugers\/burger-aux-deux-jambons-tomate-et-coulommiers\/\">Lire la suite<\/a><\/p>\n","protected":false},"author":2,"featured_media":86413,"parent":225,"menu_order":0,"comment_status":"open","ping_status":"closed","template":"","meta":{"footnotes":""},"class_list":["post-721","page","type-page","status-publish","has-post-thumbnail","hentry","nodate","item-wrap"],"_links":{"self":[{"href":"http:\/\/recettes-gourmandes-de-joce.fr\/index.php\/wp-json\/wp\/v2\/pages\/721","targetHints":{"allow":["GET"]}}],"collection":[{"href":"http:\/\/recettes-gourmandes-de-joce.fr\/index.php\/wp-json\/wp\/v2\/pages"}],"about":[{"href":"http:\/\/recettes-gourmandes-de-joce.fr\/index.php\/wp-json\/wp\/v2\/types\/page"}],"author":[{"embeddable":true,"href":"http:\/\/recettes-gourmandes-de-joce.fr\/index.php\/wp-json\/wp\/v2\/users\/2"}],"replies":[{"embeddable":true,"href":"http:\/\/recettes-gourmandes-de-joce.fr\/index.php\/wp-json\/wp\/v2\/comments?post=721"}],"version-history":[{"count":7,"href":"http:\/\/recettes-gourmandes-de-joce.fr\/index.php\/wp-json\/wp\/v2\/pages\/721\/revisions"}],"predecessor-version":[{"id":86414,"href":"http:\/\/recettes-gourmandes-de-joce.fr\/index.php\/wp-json\/wp\/v2\/pages\/721\/revisions\/86414"}],"up":[{"embeddable":true,"href":"http:\/\/recettes-gourmandes-de-joce.fr\/index.php\/wp-json\/wp\/v2\/pages\/225"}],"wp:featuredmedia":[{"embeddable":true,"href":"http:\/\/recettes-gourmandes-de-joce.fr\/index.php\/wp-json\/wp\/v2\/media\/86413"}],"wp:attachment":[{"href":"http:\/\/recettes-gourmandes-de-joce.fr\/index.php\/wp-json\/wp\/v2\/media?parent=721"}],"curies":[{"name":"wp","href":"https:\/\/api.w.org\/{rel}","templated":true}]}}