{"id":676,"date":"2019-09-21T11:16:15","date_gmt":"2019-09-21T11:16:15","guid":{"rendered":"http:\/\/recettes-gourmandes-de-joce.fr\/?page_id=676"},"modified":"2025-03-25T10:06:05","modified_gmt":"2025-03-25T10:06:05","slug":"rillettes-de-poulet-roti","status":"publish","type":"page","link":"http:\/\/recettes-gourmandes-de-joce.fr\/index.php\/index\/viandes\/charcuterie\/rillettes-de-poulet-roti\/","title":{"rendered":"Rillettes de poulet r\u00f4ti."},"content":{"rendered":"<p style=\"text-align: center;\"><span style=\"color: #993300; text-decoration: underline; font-family: georgia, palatino, serif;\"><em><span style=\"font-size: x-large;\">Une de mes recettes<\/span><\/em><\/span><\/p>\n<p style=\"text-align: center;\"><img loading=\"lazy\" decoding=\"async\" class=\"alignnone wp-image-74195\" src=\"http:\/\/recettes-gourmandes-de-joce.fr\/wp-content\/uploads\/2024\/04\/rillettes-poulet1.jpg\" alt=\"\" width=\"240\" height=\"180\" srcset=\"http:\/\/recettes-gourmandes-de-joce.fr\/wp-content\/uploads\/2024\/04\/rillettes-poulet1.jpg 800w, http:\/\/recettes-gourmandes-de-joce.fr\/wp-content\/uploads\/2024\/04\/rillettes-poulet1-768x576.jpg 768w, http:\/\/recettes-gourmandes-de-joce.fr\/wp-content\/uploads\/2024\/04\/rillettes-poulet1-750x563.jpg 750w\" sizes=\"auto, (max-width: 240px) 100vw, 240px\" \/> <img loading=\"lazy\" decoding=\"async\" class=\"alignnone wp-image-74197\" src=\"http:\/\/recettes-gourmandes-de-joce.fr\/wp-content\/uploads\/2024\/04\/rillettes-poulet3.jpg\" alt=\"\" width=\"210\" height=\"180\" srcset=\"http:\/\/recettes-gourmandes-de-joce.fr\/wp-content\/uploads\/2024\/04\/rillettes-poulet3.jpg 800w, http:\/\/recettes-gourmandes-de-joce.fr\/wp-content\/uploads\/2024\/04\/rillettes-poulet3-768x659.jpg 768w, http:\/\/recettes-gourmandes-de-joce.fr\/wp-content\/uploads\/2024\/04\/rillettes-poulet3-750x643.jpg 750w\" sizes=\"auto, (max-width: 210px) 100vw, 210px\" \/> <img loading=\"lazy\" decoding=\"async\" class=\"alignnone wp-image-74196\" src=\"http:\/\/recettes-gourmandes-de-joce.fr\/wp-content\/uploads\/2024\/04\/rillettes-poulet2.jpg\" alt=\"\" width=\"240\" height=\"180\" srcset=\"http:\/\/recettes-gourmandes-de-joce.fr\/wp-content\/uploads\/2024\/04\/rillettes-poulet2.jpg 800w, http:\/\/recettes-gourmandes-de-joce.fr\/wp-content\/uploads\/2024\/04\/rillettes-poulet2-768x576.jpg 768w, http:\/\/recettes-gourmandes-de-joce.fr\/wp-content\/uploads\/2024\/04\/rillettes-poulet2-750x563.jpg 750w\" sizes=\"auto, (max-width: 240px) 100vw, 240px\" \/><\/p>\n<p style=\"text-align: center;\"><span style=\"color: #993300; font-size: x-large; text-decoration: underline; font-family: georgia, palatino, serif;\"><em>Ingr\u00e9dients<\/em><\/span><\/p>\n<p style=\"text-align: center;\"><img loading=\"lazy\" decoding=\"async\" class=\"alignnone wp-image-74198\" src=\"http:\/\/recettes-gourmandes-de-joce.fr\/wp-content\/uploads\/2024\/04\/rillettes-poulet4.jpg\" alt=\"\" width=\"247\" height=\"200\" srcset=\"http:\/\/recettes-gourmandes-de-joce.fr\/wp-content\/uploads\/2024\/04\/rillettes-poulet4.jpg 800w, http:\/\/recettes-gourmandes-de-joce.fr\/wp-content\/uploads\/2024\/04\/rillettes-poulet4-768x622.jpg 768w, http:\/\/recettes-gourmandes-de-joce.fr\/wp-content\/uploads\/2024\/04\/rillettes-poulet4-750x608.jpg 750w\" sizes=\"auto, (max-width: 247px) 100vw, 247px\" \/><\/p>\n<p style=\"text-align: center;\"><span style=\"color: #993300; font-size: 14pt; font-family: georgia, palatino, serif;\"><em>3 carcasses de poulet<\/em><\/span><\/p>\n<p style=\"text-align: center;\"><span style=\"color: #993300; font-size: 14pt; font-family: georgia, palatino, serif;\"><em>1 c \u00e0 c d&rsquo;\u00e9pices pour poulet -&gt; \u00c9pic\u00e9too<\/em><\/span><\/p>\n<p style=\"text-align: center;\"><span style=\"color: #993300; font-size: 14pt; font-family: georgia, palatino, serif;\"><em>1 pinc\u00e9e de piment d&rsquo;Espelette<\/em><\/span><\/p>\n<p style=\"text-align: center;\"><span style=\"color: #993300; font-size: 14pt; font-family: georgia, palatino, serif;\"><em>Huile d&rsquo;olive<\/em><\/span><\/p>\n<p style=\"text-align: center;\"><span style=\"color: #993300; font-size: 14pt; font-family: georgia, palatino, serif;\"><em>Sel et poivre\u00a0<\/em><\/span><\/p>\n<p style=\"text-align: center;\"><span style=\"color: #993300; font-size: 14pt; font-family: georgia, palatino, serif;\"><em>Les carcasses de poulet ayant rendu assez de graisse \u00e0 la cuisson je n&rsquo;ai pas eu besoin de fromage frais.<\/em><\/span><\/p>\n<p style=\"text-align: center;\"><img loading=\"lazy\" decoding=\"async\" class=\"alignnone wp-image-74199\" src=\"http:\/\/recettes-gourmandes-de-joce.fr\/wp-content\/uploads\/2024\/04\/rillettes-poulet5.jpg\" alt=\"\" width=\"128\" height=\"170\" \/> <img loading=\"lazy\" decoding=\"async\" class=\"alignnone wp-image-74200\" src=\"http:\/\/recettes-gourmandes-de-joce.fr\/wp-content\/uploads\/2024\/04\/rillettes-poulet6.jpg\" alt=\"\" width=\"227\" height=\"170\" srcset=\"http:\/\/recettes-gourmandes-de-joce.fr\/wp-content\/uploads\/2024\/04\/rillettes-poulet6.jpg 800w, http:\/\/recettes-gourmandes-de-joce.fr\/wp-content\/uploads\/2024\/04\/rillettes-poulet6-768x576.jpg 768w, http:\/\/recettes-gourmandes-de-joce.fr\/wp-content\/uploads\/2024\/04\/rillettes-poulet6-750x563.jpg 750w\" sizes=\"auto, (max-width: 227px) 100vw, 227px\" \/> <img loading=\"lazy\" decoding=\"async\" class=\"alignnone wp-image-74201\" src=\"http:\/\/recettes-gourmandes-de-joce.fr\/wp-content\/uploads\/2024\/04\/rillettes-poulet7.jpg\" alt=\"\" width=\"178\" height=\"170\" srcset=\"http:\/\/recettes-gourmandes-de-joce.fr\/wp-content\/uploads\/2024\/04\/rillettes-poulet7.jpg 800w, http:\/\/recettes-gourmandes-de-joce.fr\/wp-content\/uploads\/2024\/04\/rillettes-poulet7-768x734.jpg 768w, http:\/\/recettes-gourmandes-de-joce.fr\/wp-content\/uploads\/2024\/04\/rillettes-poulet7-750x717.jpg 750w\" sizes=\"auto, (max-width: 178px) 100vw, 178px\" \/><\/p>\n<p style=\"text-align: center;\"><span style=\"font-size: 14pt; font-family: georgia, palatino, serif;\"><em><span style=\"color: #993300;\">D\u00e9poser les carcasses dans un plat allant au four,\u00a0saler et poivrer, ajouter les \u00e9pices pour poulet et le piment d&rsquo;Espelette, arroser d&rsquo;un filet d&rsquo;huile d&rsquo;olive. Enfourner \u00e0\u00a0180\u00b0 pendant\u00a01h, les carcasses doivent cuire mais pas dess\u00e9cher, surveiller la cuisson et la coloration. Lorsqu&rsquo;elles sont cuites,\u00a0\u00f4ter tout le blanc restant dessus.<\/span><\/em><\/span><\/p>\n<p style=\"text-align: center;\"><img loading=\"lazy\" decoding=\"async\" class=\"alignnone wp-image-74202\" src=\"http:\/\/recettes-gourmandes-de-joce.fr\/wp-content\/uploads\/2024\/04\/rillettes-poulet8.jpg\" alt=\"\" width=\"253\" height=\"170\" srcset=\"http:\/\/recettes-gourmandes-de-joce.fr\/wp-content\/uploads\/2024\/04\/rillettes-poulet8.jpg 800w, http:\/\/recettes-gourmandes-de-joce.fr\/wp-content\/uploads\/2024\/04\/rillettes-poulet8-768x516.jpg 768w, http:\/\/recettes-gourmandes-de-joce.fr\/wp-content\/uploads\/2024\/04\/rillettes-poulet8-750x504.jpg 750w\" sizes=\"auto, (max-width: 253px) 100vw, 253px\" \/> <img loading=\"lazy\" decoding=\"async\" class=\"alignnone wp-image-74203\" src=\"http:\/\/recettes-gourmandes-de-joce.fr\/wp-content\/uploads\/2024\/04\/rillettes-poulet9.jpg\" alt=\"\" width=\"201\" height=\"170\" srcset=\"http:\/\/recettes-gourmandes-de-joce.fr\/wp-content\/uploads\/2024\/04\/rillettes-poulet9.jpg 800w, http:\/\/recettes-gourmandes-de-joce.fr\/wp-content\/uploads\/2024\/04\/rillettes-poulet9-768x650.jpg 768w, http:\/\/recettes-gourmandes-de-joce.fr\/wp-content\/uploads\/2024\/04\/rillettes-poulet9-750x635.jpg 750w\" sizes=\"auto, (max-width: 201px) 100vw, 201px\" \/> <img loading=\"lazy\" decoding=\"async\" class=\"alignnone wp-image-74204\" src=\"http:\/\/recettes-gourmandes-de-joce.fr\/wp-content\/uploads\/2024\/04\/rillettes-poulet10.jpg\" alt=\"\" width=\"187\" height=\"170\" srcset=\"http:\/\/recettes-gourmandes-de-joce.fr\/wp-content\/uploads\/2024\/04\/rillettes-poulet10.jpg 800w, http:\/\/recettes-gourmandes-de-joce.fr\/wp-content\/uploads\/2024\/04\/rillettes-poulet10-768x700.jpg 768w, http:\/\/recettes-gourmandes-de-joce.fr\/wp-content\/uploads\/2024\/04\/rillettes-poulet10-750x683.jpg 750w\" sizes=\"auto, (max-width: 187px) 100vw, 187px\" \/><\/p>\n<p style=\"text-align: center;\"><span style=\"font-size: 14pt; font-family: georgia, palatino, serif;\"><em><span style=\"color: #993300;\">Mettre le poulet dans le bol du robot, ajouter 2\u00a0\u00e0 3 c \u00e0 s de graisse que les carcasses ont rendu durant la cuisson et mixer mais pas trop finement, il faut obtenir la consistance de rillettes.\u00a0<\/span><\/em><\/span><\/p>\n<p style=\"text-align: center;\"><img loading=\"lazy\" decoding=\"async\" class=\"alignnone wp-image-74205\" src=\"http:\/\/recettes-gourmandes-de-joce.fr\/wp-content\/uploads\/2024\/04\/rillettes-poulet11.jpg\" alt=\"\" width=\"227\" height=\"170\" srcset=\"http:\/\/recettes-gourmandes-de-joce.fr\/wp-content\/uploads\/2024\/04\/rillettes-poulet11.jpg 800w, http:\/\/recettes-gourmandes-de-joce.fr\/wp-content\/uploads\/2024\/04\/rillettes-poulet11-768x576.jpg 768w, http:\/\/recettes-gourmandes-de-joce.fr\/wp-content\/uploads\/2024\/04\/rillettes-poulet11-750x563.jpg 750w\" sizes=\"auto, (max-width: 227px) 100vw, 227px\" \/><\/p>\n<p style=\"text-align: center;\"><span style=\"font-size: 14pt; font-family: georgia, palatino, serif;\"><em><span style=\"color: #993300;\">Go\u00fbter et rectifier en graisse si elles sont trop s\u00e8ches, en ajoutant 1 c \u00e0 s \u00e0 la fois et en m\u00e9langeant \u00e0 chaque fois, go\u00fbter entre chaque ajout. Rectifier \u00e9galement l&rsquo;assaisonnement si n\u00e9cessaire. Mettre au frais avant de servir avec une tranche de pain maison toast\u00e9e et quelques cornichons.<\/span><\/em><\/span><\/p>\n<p style=\"text-align: center;\"><span style=\"font-size: 14pt; font-family: georgia, palatino, serif;\"><span style=\"color: #993300;\"><em>Pain maison -&gt; <\/em><a href=\"http:\/\/recettes-gourmandes-de-joce.fr\/index.php\/index\/pains-viennoiseries-map\/pains-pains-speciaux\/pain-baguettes-petits-pains\/\"><em>Pain, baguettes, petits pains<img loading=\"lazy\" decoding=\"async\" class=\"alignnone wp-image-6302\" src=\"http:\/\/recettes-gourmandes-de-joce.fr\/wp-content\/uploads\/2019\/10\/Logitech-Gaming-Software-19102019-222243-300x182.jpg\" alt=\"\" width=\"263\" height=\"160\" srcset=\"http:\/\/recettes-gourmandes-de-joce.fr\/wp-content\/uploads\/2019\/10\/Logitech-Gaming-Software-19102019-222243-300x182.jpg 300w, http:\/\/recettes-gourmandes-de-joce.fr\/wp-content\/uploads\/2019\/10\/Logitech-Gaming-Software-19102019-222243.jpg 640w\" sizes=\"auto, (max-width: 263px) 100vw, 263px\" \/><\/em><\/a><\/span><\/span><\/p>\n<p style=\"text-align: center;\"><span style=\"font-size: 14pt; font-family: georgia, palatino, serif;\"><em><span style=\"color: #993300;\">Bon app\u00e9tit!<\/span><\/em><\/span><\/p>\n<p style=\"text-align: center;\"><img loading=\"lazy\" decoding=\"async\" class=\"alignnone wp-image-74208\" src=\"http:\/\/recettes-gourmandes-de-joce.fr\/wp-content\/uploads\/2024\/04\/rillettes-poulet14.jpg\" alt=\"\" width=\"189\" height=\"180\" srcset=\"http:\/\/recettes-gourmandes-de-joce.fr\/wp-content\/uploads\/2024\/04\/rillettes-poulet14.jpg 800w, http:\/\/recettes-gourmandes-de-joce.fr\/wp-content\/uploads\/2024\/04\/rillettes-poulet14-768x730.jpg 768w, http:\/\/recettes-gourmandes-de-joce.fr\/wp-content\/uploads\/2024\/04\/rillettes-poulet14-750x713.jpg 750w\" sizes=\"auto, (max-width: 189px) 100vw, 189px\" \/> <img loading=\"lazy\" decoding=\"async\" class=\"alignnone wp-image-74207\" src=\"http:\/\/recettes-gourmandes-de-joce.fr\/wp-content\/uploads\/2024\/04\/rillettes-poulet13.jpg\" alt=\"\" width=\"240\" height=\"180\" srcset=\"http:\/\/recettes-gourmandes-de-joce.fr\/wp-content\/uploads\/2024\/04\/rillettes-poulet13.jpg 800w, http:\/\/recettes-gourmandes-de-joce.fr\/wp-content\/uploads\/2024\/04\/rillettes-poulet13-768x576.jpg 768w, http:\/\/recettes-gourmandes-de-joce.fr\/wp-content\/uploads\/2024\/04\/rillettes-poulet13-750x563.jpg 750w\" sizes=\"auto, (max-width: 240px) 100vw, 240px\" \/> <img loading=\"lazy\" decoding=\"async\" class=\"alignnone wp-image-74206\" src=\"http:\/\/recettes-gourmandes-de-joce.fr\/wp-content\/uploads\/2024\/04\/rillettes-poulet12.jpg\" alt=\"\" width=\"240\" height=\"180\" srcset=\"http:\/\/recettes-gourmandes-de-joce.fr\/wp-content\/uploads\/2024\/04\/rillettes-poulet12.jpg 800w, http:\/\/recettes-gourmandes-de-joce.fr\/wp-content\/uploads\/2024\/04\/rillettes-poulet12-768x576.jpg 768w, http:\/\/recettes-gourmandes-de-joce.fr\/wp-content\/uploads\/2024\/04\/rillettes-poulet12-750x563.jpg 750w\" sizes=\"auto, (max-width: 240px) 100vw, 240px\" \/><\/p>\n<p style=\"text-align: center;\"><img loading=\"lazy\" decoding=\"async\" class=\"alignnone wp-image-44943 size-full\" src=\"http:\/\/recettes-gourmandes-de-joce.fr\/wp-content\/uploads\/2022\/05\/logitech-gaming-software-14112014-121223.jpg\" alt=\"\" width=\"640\" height=\"144\" srcset=\"http:\/\/recettes-gourmandes-de-joce.fr\/wp-content\/uploads\/2022\/05\/logitech-gaming-software-14112014-121223.jpg 640w, http:\/\/recettes-gourmandes-de-joce.fr\/wp-content\/uploads\/2022\/05\/logitech-gaming-software-14112014-121223-300x68.jpg 300w\" sizes=\"auto, (max-width: 640px) 100vw, 640px\" \/><\/p>\n<p><span style=\"text-decoration: underline; color: #ff0000;\"><span style=\"font-family: georgia, palatino, serif; font-size: 14pt;\"><strong>Commentaires de l&rsquo;ancien site<\/strong><\/span><\/span><\/p>\n<h3>Commentaires\u00a0<small>(2)<\/small><\/h3>\n<div class=\"items-container\">\n<div class=\"item item-comment media\">\n<div class=\"pull-left\">\n<p>&nbsp;<\/p>\n<p><img decoding=\"async\" class=\"media-object\" src=\"https:\/\/www.gravatar.com\/avatar\/166e6cf5ac45e255a4bf4e8f9c1f40f4?d=https%3A%2F%2Fwww.recettes-gourmandes-de-joce.com%2Fmedias%2Fstatic%2Fmanager%2Fim%2Favatar.png?s=50&amp;d=mm\" alt=\"Mamie 37\" width=\"50\" \/><\/p>\n<\/div>\n<div class=\"media-body\">\n<ul class=\"inline item-infos\">\n<li><span class=\"comment-number\">1.<\/span>\u00a0<span class=\"comment-author\"><strong>Mamie 37<\/strong><\/span>\u00a0<span class=\"comment-date\">| 16\/08\/2019<\/span><\/li>\n<\/ul>\n<div class=\"comment-content\">Bonjour Joce , merci pour cette belle recette d&rsquo;ailleurs votre site est une pure merveille<br \/>\nJe suis tent\u00e9e par cette recette mais comme nous ne sommes que 2, il m&rsquo;est difficile d&rsquo;avoir 3 carcasses de poulet, ne peut on faire autrement ?<br \/>\nMerci par avance de votre r\u00e9ponse<\/div>\n<div class=\"item item-comment media by-webmaster\">\n<div class=\"pull-left\">\n<p>&nbsp;<\/p>\n<\/div>\n<div class=\"media-body\">\n<ul class=\"inline item-infos\">\n<li><span class=\"comment-author\"><strong>jocelyne debon<\/strong>\u00a0(<a rel=\"nofollow\">site web<\/a>)<\/span>\u00a0<span class=\"comment-date\">| 16\/08\/2019<\/span><\/li>\n<\/ul>\n<div class=\"comment-content\">Coucou, Merci beaucoup pour vos compliments qui me touchent beaucoup Il suffit pour deux de po\u00ealer des blancs ou escalopes de poulet tout simplement et de les laisser refroidir ensuite reprenez la recette normalement et le tour est jou\u00e9 \ud83d\ude09 Vous pouvez \u00e9galement utiliser 1 blanc et une carcasse par exemple aussi \ud83d\ude42<\/div>\n<div class=\"comment-content\">Au plaisir de votre visite<\/div>\n<div class=\"comment-content\">Amicalement Joce<\/div>\n<\/div>\n<\/div>\n<\/div>\n<\/div>\n<\/div>\n<p style=\"text-align: center;\"><span style=\"font-size: small; font-family: georgia, palatino, serif;\"><em><span style=\"color: #ff0000;\">Tous les \u00e9l\u00e9ments contenus dans ce site (Titres, photographies, textes, recettes, etc.. ) sont ma propri\u00e9t\u00e9 exclusive (sauf cas de mention contraire). Ils sont prot\u00e9g\u00e9s par les lois relatives aux droits d&rsquo;auteurs. La copie en partie ou totale est interdite et punie par la loi <\/span><\/em><em><span style=\"color: #808080;\">Rappel Art. L122-4. du Code de la Propri\u00e9t\u00e9 Intellectuelle \u00a9 Recettes-gourmandes-de-joce.com COPIE INTERDITE PHOTOS PROT\u00c9G\u00c9ES \u00a9<\/span><\/em><\/span><\/p>\n<p style=\"text-align: center;\"><span style=\"color: #000000; font-size: small; text-decoration: underline; font-family: georgia, palatino, serif;\"><em>La violation des droits d\u2019auteurs est constitutive du d\u00e9lit de contrefa\u00e7on puni d\u2019une peine de 300 000 euros d\u2019amende et de 3 ans d\u2019emprisonnement (CPI, art. L. 335-2 s.)<\/em><\/span><\/p>\n<p style=\"text-align: center;\"><span style=\"font-family: georgia, palatino, serif; font-size: small;\"><em><span style=\"color: #808080;\"><span style=\"color: #ff0000;\"><em><span style=\"color: #808080;\"><span style=\"color: #ff0000;\">LE PARTAGE DU LIEN des recettes seulement EST AUTORIS\u00c9, puisqu&rsquo;il renvoie vers mon site . Mais interdiction\u00a0de copier\/coller\u00a0mes recettes photos et textes sur tout autre site ou bl<span class=\"text_exposed_show\">og, respectez mon travail et proposer vos propres photos et recettes cela est cent fois plus valorisant pour vous\u00a0que de voler le travail des autres!!!!!<\/span><\/span><\/span><\/em><\/span><\/span><\/em><\/span><\/p>\n","protected":false},"excerpt":{"rendered":"<p>Une de mes recettes Ingr\u00e9dients 3 carcasses de poulet 1 c \u00e0 c d&rsquo;\u00e9pices pour poulet -&gt; \u00c9pic\u00e9too 1 pinc\u00e9e de piment d&rsquo;Espelette Huile d&rsquo;olive Sel et poivre\u00a0 Les carcasses de poulet ayant rendu assez de graisse \u00e0 la cuisson je n&rsquo;ai pas eu besoin de fromage frais. D\u00e9poser les carcasses dans un plat allant &hellip; <\/p>\n<p><a class=\"more-link btn\" href=\"http:\/\/recettes-gourmandes-de-joce.fr\/index.php\/index\/viandes\/charcuterie\/rillettes-de-poulet-roti\/\">Lire la suite<\/a><\/p>\n","protected":false},"author":2,"featured_media":74196,"parent":514,"menu_order":0,"comment_status":"open","ping_status":"closed","template":"","meta":{"footnotes":""},"class_list":["post-676","page","type-page","status-publish","has-post-thumbnail","hentry","nodate","item-wrap"],"_links":{"self":[{"href":"http:\/\/recettes-gourmandes-de-joce.fr\/index.php\/wp-json\/wp\/v2\/pages\/676","targetHints":{"allow":["GET"]}}],"collection":[{"href":"http:\/\/recettes-gourmandes-de-joce.fr\/index.php\/wp-json\/wp\/v2\/pages"}],"about":[{"href":"http:\/\/recettes-gourmandes-de-joce.fr\/index.php\/wp-json\/wp\/v2\/types\/page"}],"author":[{"embeddable":true,"href":"http:\/\/recettes-gourmandes-de-joce.fr\/index.php\/wp-json\/wp\/v2\/users\/2"}],"replies":[{"embeddable":true,"href":"http:\/\/recettes-gourmandes-de-joce.fr\/index.php\/wp-json\/wp\/v2\/comments?post=676"}],"version-history":[{"count":11,"href":"http:\/\/recettes-gourmandes-de-joce.fr\/index.php\/wp-json\/wp\/v2\/pages\/676\/revisions"}],"predecessor-version":[{"id":93952,"href":"http:\/\/recettes-gourmandes-de-joce.fr\/index.php\/wp-json\/wp\/v2\/pages\/676\/revisions\/93952"}],"up":[{"embeddable":true,"href":"http:\/\/recettes-gourmandes-de-joce.fr\/index.php\/wp-json\/wp\/v2\/pages\/514"}],"wp:featuredmedia":[{"embeddable":true,"href":"http:\/\/recettes-gourmandes-de-joce.fr\/index.php\/wp-json\/wp\/v2\/media\/74196"}],"wp:attachment":[{"href":"http:\/\/recettes-gourmandes-de-joce.fr\/index.php\/wp-json\/wp\/v2\/media?parent=676"}],"curies":[{"name":"wp","href":"https:\/\/api.w.org\/{rel}","templated":true}]}}