{"id":66668,"date":"2024-04-07T15:23:02","date_gmt":"2024-04-07T15:23:02","guid":{"rendered":"http:\/\/recettes-gourmandes-de-joce.fr\/?page_id=66668"},"modified":"2024-04-07T15:23:02","modified_gmt":"2024-04-07T15:23:02","slug":"comment-decouper-un-lapin","status":"publish","type":"page","link":"http:\/\/recettes-gourmandes-de-joce.fr\/index.php\/index\/viandes\/lapin\/comment-decouper-un-lapin\/","title":{"rendered":"Comment d\u00e9couper un lapin."},"content":{"rendered":"<p style=\"text-align: center;\"><span style=\"font-family: georgia,serif;\"><span style=\"color: #0000ff; font-size: x-large; text-decoration: underline;\"><strong><em>D\u00e9coupe d&rsquo;un Lapin<\/em><\/strong><\/span><\/span><\/p>\n<p style=\"text-align: center;\"><span style=\"font-family: georgia,serif;\"><span style=\"color: #0000ff; font-size: large;\"><strong><em>Je suis suis pas une professionnelle de la boucherie, \u00e0 titre indicatif, je vous explique en images comment d\u00e9couper <\/em><\/strong><strong><em>un lapin, ma fa\u00e7on n&rsquo;est peut-\u00eatre pas professionnelle, mais elle est efficace et pourra s\u00fbrement aider ceux qui ne savent pas!<\/em><\/strong><\/span><\/span><\/p>\n<p style=\"text-align: center;\"><span style=\"font-family: georgia,serif;\"><span style=\"color: #0000ff; font-size: large;\"><strong><em>J&rsquo;ai pens\u00e9 que les photos \u00e9taient beaucoup plus explicatives qu&rsquo;un texte, si toute fois vous avez des questions je me ferai un <\/em><\/strong><strong><em>plaisir d&rsquo;y r\u00e9pondre!<\/em><\/strong><\/span><\/span><\/p>\n<p style=\"text-align: center;\"><span style=\"font-family: georgia,serif;\"><span style=\"color: #0000ff; font-size: large;\"><strong><em>Bonne d\u00e9coupe!<\/em><\/strong><\/span><\/span><\/p>\n<p style=\"text-align: center;\"><img loading=\"lazy\" decoding=\"async\" class=\"alignnone wp-image-66669\" src=\"http:\/\/recettes-gourmandes-de-joce.fr\/wp-content\/uploads\/2024\/04\/PB170412.jpg\" alt=\"\" width=\"445\" height=\"250\" srcset=\"http:\/\/recettes-gourmandes-de-joce.fr\/wp-content\/uploads\/2024\/04\/PB170412.jpg 788w, http:\/\/recettes-gourmandes-de-joce.fr\/wp-content\/uploads\/2024\/04\/PB170412-768x432.jpg 768w, http:\/\/recettes-gourmandes-de-joce.fr\/wp-content\/uploads\/2024\/04\/PB170412-750x422.jpg 750w\" sizes=\"auto, (max-width: 445px) 100vw, 445px\" \/><\/p>\n<p style=\"text-align: center;\"><strong><em><span style=\"color: #ff0000;\"><img loading=\"lazy\" decoding=\"async\" class=\"alignnone wp-image-7303\" src=\"http:\/\/recettes-gourmandes-de-joce.fr\/wp-content\/uploads\/2019\/10\/Logitech-Gaming-Software-23102019-155905.bmp-150x150.jpg\" alt=\"\" width=\"284\" height=\"160\" srcset=\"http:\/\/recettes-gourmandes-de-joce.fr\/wp-content\/uploads\/2019\/10\/Logitech-Gaming-Software-23102019-155905.bmp-300x169.jpg 300w, http:\/\/recettes-gourmandes-de-joce.fr\/wp-content\/uploads\/2019\/10\/Logitech-Gaming-Software-23102019-155905.bmp.jpg 640w\" sizes=\"auto, (max-width: 284px) 100vw, 284px\" \/> <img loading=\"lazy\" decoding=\"async\" class=\"alignnone wp-image-7302\" src=\"http:\/\/recettes-gourmandes-de-joce.fr\/wp-content\/uploads\/2019\/10\/Logitech-Gaming-Software-23102019-155902.bmp-150x150.jpg\" alt=\"\" width=\"219\" height=\"160\" srcset=\"http:\/\/recettes-gourmandes-de-joce.fr\/wp-content\/uploads\/2019\/10\/Logitech-Gaming-Software-23102019-155902.bmp-300x219.jpg 300w, http:\/\/recettes-gourmandes-de-joce.fr\/wp-content\/uploads\/2019\/10\/Logitech-Gaming-Software-23102019-155902.bmp.jpg 640w\" sizes=\"auto, (max-width: 219px) 100vw, 219px\" \/> <img loading=\"lazy\" decoding=\"async\" class=\"alignnone wp-image-7304\" src=\"http:\/\/recettes-gourmandes-de-joce.fr\/wp-content\/uploads\/2019\/10\/Logitech-Gaming-Software-23102019-155909.bmp-150x150.jpg\" alt=\"\" width=\"224\" height=\"160\" srcset=\"http:\/\/recettes-gourmandes-de-joce.fr\/wp-content\/uploads\/2019\/10\/Logitech-Gaming-Software-23102019-155909.bmp-300x215.jpg 300w, http:\/\/recettes-gourmandes-de-joce.fr\/wp-content\/uploads\/2019\/10\/Logitech-Gaming-Software-23102019-155909.bmp.jpg 637w\" sizes=\"auto, (max-width: 224px) 100vw, 224px\" \/>\u00a0<\/span><\/em><\/strong><\/p>\n<p style=\"text-align: center;\"><strong><em><span style=\"color: #ff0000;\"> <img loading=\"lazy\" decoding=\"async\" class=\"alignnone wp-image-7305\" src=\"http:\/\/recettes-gourmandes-de-joce.fr\/wp-content\/uploads\/2019\/10\/Logitech-Gaming-Software-23102019-155913-150x150.jpg\" alt=\"\" width=\"212\" height=\"160\" srcset=\"http:\/\/recettes-gourmandes-de-joce.fr\/wp-content\/uploads\/2019\/10\/Logitech-Gaming-Software-23102019-155913-300x226.jpg 300w, http:\/\/recettes-gourmandes-de-joce.fr\/wp-content\/uploads\/2019\/10\/Logitech-Gaming-Software-23102019-155913.jpg 516w\" sizes=\"auto, (max-width: 212px) 100vw, 212px\" \/> <img loading=\"lazy\" decoding=\"async\" class=\"alignnone wp-image-7306\" src=\"http:\/\/recettes-gourmandes-de-joce.fr\/wp-content\/uploads\/2019\/10\/Logitech-Gaming-Software-23102019-155917-150x150.jpg\" alt=\"\" width=\"221\" height=\"160\" srcset=\"http:\/\/recettes-gourmandes-de-joce.fr\/wp-content\/uploads\/2019\/10\/Logitech-Gaming-Software-23102019-155917-300x217.jpg 300w, http:\/\/recettes-gourmandes-de-joce.fr\/wp-content\/uploads\/2019\/10\/Logitech-Gaming-Software-23102019-155917.jpg 591w\" sizes=\"auto, (max-width: 221px) 100vw, 221px\" \/> <img loading=\"lazy\" decoding=\"async\" class=\"alignnone wp-image-7307\" src=\"http:\/\/recettes-gourmandes-de-joce.fr\/wp-content\/uploads\/2019\/10\/Logitech-Gaming-Software-23102019-155921.bmp-150x150.jpg\" alt=\"\" width=\"194\" height=\"160\" srcset=\"http:\/\/recettes-gourmandes-de-joce.fr\/wp-content\/uploads\/2019\/10\/Logitech-Gaming-Software-23102019-155921.bmp-300x248.jpg 300w, http:\/\/recettes-gourmandes-de-joce.fr\/wp-content\/uploads\/2019\/10\/Logitech-Gaming-Software-23102019-155921.bmp.jpg 570w\" sizes=\"auto, (max-width: 194px) 100vw, 194px\" \/><\/span><\/em><\/strong><\/p>\n<p style=\"text-align: center;\"><img loading=\"lazy\" decoding=\"async\" class=\"alignnone wp-image-7308\" src=\"http:\/\/recettes-gourmandes-de-joce.fr\/wp-content\/uploads\/2019\/10\/Logitech-Gaming-Software-23102019-155927.bmp-150x150.jpg\" alt=\"\" width=\"177\" height=\"160\" srcset=\"http:\/\/recettes-gourmandes-de-joce.fr\/wp-content\/uploads\/2019\/10\/Logitech-Gaming-Software-23102019-155927.bmp-300x271.jpg 300w, http:\/\/recettes-gourmandes-de-joce.fr\/wp-content\/uploads\/2019\/10\/Logitech-Gaming-Software-23102019-155927.bmp.jpg 549w\" sizes=\"auto, (max-width: 177px) 100vw, 177px\" \/> <img loading=\"lazy\" decoding=\"async\" class=\"alignnone wp-image-7309\" src=\"http:\/\/recettes-gourmandes-de-joce.fr\/wp-content\/uploads\/2019\/10\/Logitech-Gaming-Software-23102019-155933.bmp-150x150.jpg\" alt=\"\" width=\"170\" height=\"160\" srcset=\"http:\/\/recettes-gourmandes-de-joce.fr\/wp-content\/uploads\/2019\/10\/Logitech-Gaming-Software-23102019-155933.bmp-300x283.jpg 300w, http:\/\/recettes-gourmandes-de-joce.fr\/wp-content\/uploads\/2019\/10\/Logitech-Gaming-Software-23102019-155933.bmp.jpg 504w\" sizes=\"auto, (max-width: 170px) 100vw, 170px\" \/> <img loading=\"lazy\" decoding=\"async\" class=\"alignnone wp-image-7310\" src=\"http:\/\/recettes-gourmandes-de-joce.fr\/wp-content\/uploads\/2019\/10\/Logitech-Gaming-Software-23102019-155937.bmp-150x150.jpg\" alt=\"\" width=\"162\" height=\"160\" srcset=\"http:\/\/recettes-gourmandes-de-joce.fr\/wp-content\/uploads\/2019\/10\/Logitech-Gaming-Software-23102019-155937.bmp-300x297.jpg 300w, http:\/\/recettes-gourmandes-de-joce.fr\/wp-content\/uploads\/2019\/10\/Logitech-Gaming-Software-23102019-155937.bmp.jpg 510w\" sizes=\"auto, (max-width: 162px) 100vw, 162px\" \/><\/p>\n<p style=\"text-align: center;\"><img loading=\"lazy\" decoding=\"async\" class=\"alignnone wp-image-7311\" src=\"http:\/\/recettes-gourmandes-de-joce.fr\/wp-content\/uploads\/2019\/10\/Logitech-Gaming-Software-23102019-155942.bmp-150x150.jpg\" alt=\"\" width=\"227\" height=\"160\" srcset=\"http:\/\/recettes-gourmandes-de-joce.fr\/wp-content\/uploads\/2019\/10\/Logitech-Gaming-Software-23102019-155942.bmp-300x212.jpg 300w, http:\/\/recettes-gourmandes-de-joce.fr\/wp-content\/uploads\/2019\/10\/Logitech-Gaming-Software-23102019-155942.bmp.jpg 573w\" sizes=\"auto, (max-width: 227px) 100vw, 227px\" \/> <img loading=\"lazy\" decoding=\"async\" class=\"alignnone wp-image-7312\" src=\"http:\/\/recettes-gourmandes-de-joce.fr\/wp-content\/uploads\/2019\/10\/Logitech-Gaming-Software-23102019-155946.bmp-150x150.jpg\" alt=\"\" width=\"228\" height=\"160\" srcset=\"http:\/\/recettes-gourmandes-de-joce.fr\/wp-content\/uploads\/2019\/10\/Logitech-Gaming-Software-23102019-155946.bmp-300x210.jpg 300w, http:\/\/recettes-gourmandes-de-joce.fr\/wp-content\/uploads\/2019\/10\/Logitech-Gaming-Software-23102019-155946.bmp.jpg 531w\" sizes=\"auto, (max-width: 228px) 100vw, 228px\" \/> <img loading=\"lazy\" decoding=\"async\" class=\"alignnone wp-image-7313\" src=\"http:\/\/recettes-gourmandes-de-joce.fr\/wp-content\/uploads\/2019\/10\/Logitech-Gaming-Software-23102019-155950.bmp-150x150.jpg\" alt=\"\" width=\"213\" height=\"160\" srcset=\"http:\/\/recettes-gourmandes-de-joce.fr\/wp-content\/uploads\/2019\/10\/Logitech-Gaming-Software-23102019-155950.bmp-300x226.jpg 300w, http:\/\/recettes-gourmandes-de-joce.fr\/wp-content\/uploads\/2019\/10\/Logitech-Gaming-Software-23102019-155950.bmp.jpg 522w\" sizes=\"auto, (max-width: 213px) 100vw, 213px\" \/><\/p>\n<p style=\"text-align: center;\"><img loading=\"lazy\" decoding=\"async\" class=\"alignnone wp-image-66669\" src=\"http:\/\/recettes-gourmandes-de-joce.fr\/wp-content\/uploads\/2024\/04\/PB170412.jpg\" alt=\"\" width=\"445\" height=\"250\" srcset=\"http:\/\/recettes-gourmandes-de-joce.fr\/wp-content\/uploads\/2024\/04\/PB170412.jpg 788w, http:\/\/recettes-gourmandes-de-joce.fr\/wp-content\/uploads\/2024\/04\/PB170412-768x432.jpg 768w, http:\/\/recettes-gourmandes-de-joce.fr\/wp-content\/uploads\/2024\/04\/PB170412-750x422.jpg 750w\" sizes=\"auto, (max-width: 445px) 100vw, 445px\" \/><br \/>\n<img loading=\"lazy\" decoding=\"async\" class=\"alignnone size-full wp-image-59803\" src=\"http:\/\/recettes-gourmandes-de-joce.fr\/wp-content\/uploads\/2024\/01\/logitech-gaming-software-14112014-121223.jpg\" alt=\"\" width=\"640\" height=\"144\" \/><\/p>\n<h3>Commentaires\u00a0<small>(1)<\/small><\/h3>\n<div class=\"items-container\">\n<div class=\"item item-comment media\">\n<div class=\"pull-left\">\n<p>&nbsp;<\/p>\n<p><img decoding=\"async\" class=\"media-object\" src=\"https:\/\/www.gravatar.com\/avatar\/2a4cea570dcce3fb36db4401a0131581?d=https%3A%2F%2Fwww.recettes-gourmandes-de-joce.com%2Fmedias%2Fstatic%2Fmanager%2Fim%2Favatar.png?s=50&amp;d=mm\" alt=\"mamimijane\" width=\"50\" \/><\/p>\n<\/div>\n<div class=\"media-body\">\n<ul class=\"inline item-infos\">\n<li><span class=\"comment-number\">1.<\/span>\u00a0<span class=\"comment-author\"><strong>mamimijane<\/strong>\u00a0(<a rel=\"nofollow\">site web<\/a>)<\/span>\u00a0<span class=\"comment-date\">| 07\/08\/2011<\/span><\/li>\n<\/ul>\n<div class=\"comment-content\">les photos parlent d&rsquo;elles m\u00eames ,c&rsquo;est parfait !!!!!!<\/div>\n<\/div>\n<\/div>\n<\/div>\n","protected":false},"excerpt":{"rendered":"<p>D\u00e9coupe d&rsquo;un Lapin Je suis suis pas une professionnelle de la boucherie, \u00e0 titre indicatif, je vous explique en images comment d\u00e9couper un lapin, ma fa\u00e7on n&rsquo;est peut-\u00eatre pas professionnelle, mais elle est efficace et pourra s\u00fbrement aider ceux qui ne savent pas! J&rsquo;ai pens\u00e9 que les photos \u00e9taient beaucoup plus explicatives qu&rsquo;un texte, si &hellip; <\/p>\n<p><a class=\"more-link btn\" href=\"http:\/\/recettes-gourmandes-de-joce.fr\/index.php\/index\/viandes\/lapin\/comment-decouper-un-lapin\/\">Lire la suite<\/a><\/p>\n","protected":false},"author":2,"featured_media":66669,"parent":140,"menu_order":0,"comment_status":"open","ping_status":"closed","template":"","meta":{"footnotes":""},"class_list":["post-66668","page","type-page","status-publish","has-post-thumbnail","hentry","nodate","item-wrap"],"_links":{"self":[{"href":"http:\/\/recettes-gourmandes-de-joce.fr\/index.php\/wp-json\/wp\/v2\/pages\/66668","targetHints":{"allow":["GET"]}}],"collection":[{"href":"http:\/\/recettes-gourmandes-de-joce.fr\/index.php\/wp-json\/wp\/v2\/pages"}],"about":[{"href":"http:\/\/recettes-gourmandes-de-joce.fr\/index.php\/wp-json\/wp\/v2\/types\/page"}],"author":[{"embeddable":true,"href":"http:\/\/recettes-gourmandes-de-joce.fr\/index.php\/wp-json\/wp\/v2\/users\/2"}],"replies":[{"embeddable":true,"href":"http:\/\/recettes-gourmandes-de-joce.fr\/index.php\/wp-json\/wp\/v2\/comments?post=66668"}],"version-history":[{"count":1,"href":"http:\/\/recettes-gourmandes-de-joce.fr\/index.php\/wp-json\/wp\/v2\/pages\/66668\/revisions"}],"predecessor-version":[{"id":66670,"href":"http:\/\/recettes-gourmandes-de-joce.fr\/index.php\/wp-json\/wp\/v2\/pages\/66668\/revisions\/66670"}],"up":[{"embeddable":true,"href":"http:\/\/recettes-gourmandes-de-joce.fr\/index.php\/wp-json\/wp\/v2\/pages\/140"}],"wp:featuredmedia":[{"embeddable":true,"href":"http:\/\/recettes-gourmandes-de-joce.fr\/index.php\/wp-json\/wp\/v2\/media\/66669"}],"wp:attachment":[{"href":"http:\/\/recettes-gourmandes-de-joce.fr\/index.php\/wp-json\/wp\/v2\/media?parent=66668"}],"curies":[{"name":"wp","href":"https:\/\/api.w.org\/{rel}","templated":true}]}}