{"id":662,"date":"2019-09-20T12:57:42","date_gmt":"2019-09-20T12:57:42","guid":{"rendered":"http:\/\/recettes-gourmandes-de-joce.fr\/?page_id=662"},"modified":"2024-07-13T22:52:31","modified_gmt":"2024-07-13T22:52:31","slug":"recette-originaire-des-u-s-a","status":"publish","type":"page","link":"http:\/\/recettes-gourmandes-de-joce.fr\/index.php\/index\/recettes-regionales-mondiales\/recettes-du-monde-sucrees\/recette-originaire-des-u-s-a\/","title":{"rendered":"Peanut Butter cookies (cookies au beurre de cacahu\u00e8te)"},"content":{"rendered":"<p style=\"text-align: center;\"><span style=\"color: #8b4513; font-size: 14pt;\"><em><u><span style=\"font-family: Georgia;\">Recette originaire des U.S.A<\/span><\/u><\/em><\/span><\/p>\n<p style=\"text-align: center;\"><span style=\"color: #8b4513; font-size: 14pt;\"><em><u><span style=\"font-family: Georgia;\">D&rsquo;apr\u00e8s une recette trouv\u00e9e sur le net <\/span><\/u><\/em><\/span><\/p>\n<p style=\"text-align: center;\"><a title=\"titre de l'image\" href=\"http:\/\/jocelyne.debon.free.fr\/sables-cacahuete\/sables-cacahuetes1.JPG\" rel=\"iframe\"><span style=\"color: #8b4513;\"><img decoding=\"async\" src=\"http:\/\/jocelyne.debon.free.fr\/sables-cacahuete\/sables-cacahuetes1.JPG\" alt=\"\" width=\"262\" \/> <\/span><\/a><a title=\"titre de l'image\" href=\"http:\/\/jocelyne.debon.free.fr\/sables-cacahuete\/sables-cacahuetes2.JPG\" rel=\"iframe\"><span style=\"color: #8b4513;\"> <img decoding=\"async\" src=\"http:\/\/jocelyne.debon.free.fr\/sables-cacahuete\/sables-cacahuetes2.JPG\" alt=\"\" width=\"230\" \/> <\/span><\/a><a title=\"titre de l'image\" href=\"http:\/\/jocelyne.debon.free.fr\/sables-cacahuete\/sables-cacahuetes3.JPG\" rel=\"iframe\"><span style=\"color: #8b4513;\"> <img decoding=\"async\" src=\"http:\/\/jocelyne.debon.free.fr\/sables-cacahuete\/sables-cacahuetes3.JPG\" alt=\"\" width=\"230\" \/><\/span><\/a><\/p>\n<p style=\"text-align: center;\"><a title=\"titre de l'image\" href=\"http:\/\/jocelyne.debon.free.fr\/sables-cacahuete\/sables-cacahuetes3a.JPG\" rel=\"iframe\"><span style=\"color: #8b4513;\"><img decoding=\"async\" src=\"http:\/\/jocelyne.debon.free.fr\/sables-cacahuete\/sables-cacahuetes3a.JPG\" alt=\"\" width=\"230\" \/><\/span><\/a><\/p>\n<p style=\"text-align: center;\"><span style=\"color: #8b4513;\"><span style=\"font-size: 24px;\"><span style=\"font-family: georgia,serif;\"><u><em>Ingr\u00e9dients pour 40 sabl\u00e9s<\/em><\/u><\/span><\/span><\/span><\/p>\n<p style=\"text-align: center;\"><a title=\"titre de l'image\" href=\"http:\/\/jocelyne.debon.free.fr\/sables-cacahuete\/sables-cacahuetes4.JPG\" rel=\"iframe\"><span style=\"color: #8b4513;\"><img decoding=\"async\" src=\"http:\/\/jocelyne.debon.free.fr\/sables-cacahuete\/sables-cacahuetes4.JPG\" alt=\"\" width=\"230\" \/><\/span><\/a><\/p>\n<p style=\"text-align: center;\"><span style=\"font-size: 14pt;\"><span style=\"font-family: georgia,serif;\"><em><span style=\"color: #8b4513;\">210g de farine<\/span><\/em><\/span><\/span><\/p>\n<p style=\"text-align: center;\"><span style=\"font-size: 14pt;\"><span style=\"font-family: georgia,serif;\"><em><span style=\"color: #8b4513;\">110g de sucre semoule<\/span><\/em><\/span><\/span><\/p>\n<p style=\"text-align: center;\"><span style=\"font-size: 14pt;\"><span style=\"font-family: georgia,serif;\"><em><span style=\"color: #8b4513;\">75 g de cassonade<\/span><\/em><\/span><\/span><\/p>\n<p style=\"text-align: center;\"><span style=\"font-size: 14pt;\"><span style=\"font-family: georgia,serif;\"><em><span style=\"color: #8b4513;\">110g de beurre sal\u00e9<\/span><\/em><\/span><\/span><\/p>\n<p style=\"text-align: center;\"><span style=\"font-size: 14pt;\"><span style=\"font-family: georgia,serif;\"><em><span style=\"color: #8b4513;\">110g de beurre de cacahu\u00e8te<\/span><\/em><\/span><\/span><\/p>\n<p style=\"text-align: center;\"><span style=\"font-size: 14pt;\"><span style=\"font-family: georgia,serif;\"><em><span style=\"color: #8b4513;\">1 \u0153uf<\/span><\/em><\/span><\/span><\/p>\n<p style=\"text-align: center;\"><span style=\"font-size: 14pt;\"><span style=\"font-family: georgia,serif;\"><em><span style=\"color: #8b4513;\">\u00bd sachet de levure chimique<\/span><\/em><\/span><\/span><\/p>\n<p style=\"text-align: center;\"><span style=\"font-size: 14pt;\"><span style=\"font-family: georgia,serif;\"><em><span style=\"color: #8b4513;\">1 tablette de chocolat au lait sp\u00e9cial dessert<\/span><\/em><\/span><\/span><\/p>\n<p style=\"text-align: center;\"><span style=\"font-size: 14pt;\"><span style=\"font-family: georgia,serif;\"><em><a title=\"titre de l'image\" href=\"http:\/\/jocelyne.debon.free.fr\/sables-cacahuete\/sables-cacahuetes5.JPG\" rel=\"iframe\"><span style=\"color: #8b4513;\"><img decoding=\"async\" src=\"http:\/\/jocelyne.debon.free.fr\/sables-cacahuete\/sables-cacahuetes5.JPG\" alt=\"\" width=\"230\" \/> <\/span><\/a><a title=\"titre de l'image\" href=\"http:\/\/jocelyne.debon.free.fr\/sables-cacahuete\/sables-cacahuetes6.JPG\" rel=\"iframe\"><span style=\"color: #8b4513;\"> <img decoding=\"async\" src=\"http:\/\/jocelyne.debon.free.fr\/sables-cacahuete\/sables-cacahuetes6.JPG\" alt=\"\" width=\"230\" \/> <\/span><\/a><a title=\"titre de l'image\" href=\"http:\/\/jocelyne.debon.free.fr\/sables-cacahuete\/sables-cacahuetes7.JPG\" rel=\"iframe\"><span style=\"color: #8b4513;\"> <img decoding=\"async\" src=\"http:\/\/jocelyne.debon.free.fr\/sables-cacahuete\/sables-cacahuetes7.JPG\" alt=\"\" width=\"230\" \/><\/span><\/a><\/em><\/span><\/span><\/p>\n<p style=\"text-align: center;\"><span style=\"font-size: 14pt;\"><span style=\"font-family: georgia,serif;\"><em><span style=\"color: #8b4513;\">M\u00e9langer le sucre et la cassonade, dans un bol, faire ramollir le beurre, puis lui ajouter le beurre de cacahu\u00e8te.<\/span><\/em><\/span><\/span><\/p>\n<p style=\"text-align: center;\"><span style=\"font-size: 14pt;\"><span style=\"font-family: georgia,serif;\"><em><a title=\"titre de l'image\" href=\"http:\/\/jocelyne.debon.free.fr\/sables-cacahuete\/sables-cacahuetes8.JPG\" rel=\"iframe\"><span style=\"color: #8b4513;\"><img decoding=\"async\" src=\"http:\/\/jocelyne.debon.free.fr\/sables-cacahuete\/sables-cacahuetes8.JPG\" alt=\"\" width=\"190\" \/> <\/span><\/a><a title=\"titre de l'image\" href=\"http:\/\/jocelyne.debon.free.fr\/sables-cacahuete\/sables-cacahuetes9.JPG\" rel=\"iframe\"><span style=\"color: #8b4513;\"> <img decoding=\"async\" src=\"http:\/\/jocelyne.debon.free.fr\/sables-cacahuete\/sables-cacahuetes9.JPG\" alt=\"\" width=\"230\" \/> <\/span><\/a><a title=\"titre de l'image\" href=\"http:\/\/jocelyne.debon.free.fr\/sables-cacahuete\/sables-cacahuetes10.JPG\" rel=\"iframe\"><span style=\"color: #8b4513;\"> <img decoding=\"async\" src=\"http:\/\/jocelyne.debon.free.fr\/sables-cacahuete\/sables-cacahuetes10.JPG\" alt=\"\" width=\"230\" \/><\/span><\/a><\/em><\/span><\/span><\/p>\n<p style=\"text-align: center;\"><span style=\"font-size: 14pt;\"><span style=\"font-family: georgia,serif;\"><em><span style=\"color: #8b4513;\">Et m\u00e9langer, verser le m\u00e9lange dans les sucres et m\u00e9langer, ajouter la levure, remuer et ajouter l&rsquo;\u0153uf, m\u00e9langer \u00e0 nouveau.<\/span><\/em><\/span><\/span><\/p>\n<p style=\"text-align: center;\"><span style=\"font-size: 14pt;\"><span style=\"font-family: georgia,serif;\"><em><a title=\"titre de l'image\" href=\"http:\/\/jocelyne.debon.free.fr\/sables-cacahuete\/sables-cacahuetes11.JPG\" rel=\"iframe\"><span style=\"color: #8b4513;\"><img decoding=\"async\" src=\"http:\/\/jocelyne.debon.free.fr\/sables-cacahuete\/sables-cacahuetes11.JPG\" alt=\"\" width=\"230\" \/> <\/span><\/a><a title=\"titre de l'image\" href=\"http:\/\/jocelyne.debon.free.fr\/sables-cacahuete\/sables-cacahuetes12.JPG\" rel=\"iframe\"><span style=\"color: #8b4513;\"> <img decoding=\"async\" src=\"http:\/\/jocelyne.debon.free.fr\/sables-cacahuete\/sables-cacahuetes12.JPG\" alt=\"\" width=\"230\" \/> <\/span><\/a><a title=\"titre de l'image\" href=\"http:\/\/jocelyne.debon.free.fr\/sables-cacahuete\/sables-cacahuetes13.JPG\" rel=\"iframe\"><span style=\"color: #8b4513;\"> <img decoding=\"async\" src=\"http:\/\/jocelyne.debon.free.fr\/sables-cacahuete\/sables-cacahuetes13.JPG\" alt=\"\" width=\"255\" \/><\/span><\/a><\/em><\/span><\/span><\/p>\n<p style=\"text-align: center;\"><span style=\"font-size: 14pt;\"><span style=\"font-family: georgia,serif;\"><em><span style=\"color: #8b4513;\">Ajouter ensuite la farine et p\u00e9trir la p\u00e2te pour la rendre homog\u00e8ne, l&rsquo;entreposer ensuite 1h au r\u00e9frig\u00e9rateur. Au bout de ce temps pr\u00e9chauffer le four \u00e0 180\u00b0, former des boudins de p\u00e2te, les saupoudrer de sucre semoule et les rouler dedans.<\/span><\/em><\/span><\/span><\/p>\n<p style=\"text-align: center;\"><span style=\"font-size: 14pt;\"><span style=\"font-family: georgia,serif;\"><em><a title=\"titre de l'image\" href=\"http:\/\/jocelyne.debon.free.fr\/sables-cacahuete\/sables-cacahuetes14.JPG\" rel=\"iframe\"><span style=\"color: #8b4513;\"><img decoding=\"async\" src=\"http:\/\/jocelyne.debon.free.fr\/sables-cacahuete\/sables-cacahuetes14.JPG\" alt=\"\" width=\"220\" \/> <\/span><\/a><a title=\"titre de l'image\" href=\"http:\/\/jocelyne.debon.free.fr\/sables-cacahuete\/sables-cacahuetes15.JPG\" rel=\"iframe\"><span style=\"color: #8b4513;\"> <img decoding=\"async\" src=\"http:\/\/jocelyne.debon.free.fr\/sables-cacahuete\/sables-cacahuetes15.JPG\" alt=\"\" width=\"233\" \/> <\/span><\/a><a title=\"titre de l'image\" href=\"http:\/\/jocelyne.debon.free.fr\/sables-cacahuete\/sables-cacahuetes16.JPG\" rel=\"iframe\"><span style=\"color: #8b4513;\"> <img decoding=\"async\" src=\"http:\/\/jocelyne.debon.free.fr\/sables-cacahuete\/sables-cacahuetes16.JPG\" alt=\"\" width=\"230\" \/><\/span><\/a><\/em><\/span><\/span><\/p>\n<p style=\"text-align: center;\"><span style=\"font-size: 14pt;\"><span style=\"font-family: georgia,serif;\"><em><span style=\"color: #8b4513;\">D\u00e9tailler ensuite des tranches d&rsquo;environ 1 cm d&rsquo;\u00e9paisseur, les d\u00e9poser sur un papier sulfuris\u00e9 ou une feuille de silicone. \u00c0 l&rsquo;aide d&rsquo;une fourchette, les aplatir mais pas trop en faisant un quadrillage.<\/span><\/em><\/span><\/span><\/p>\n<p style=\"text-align: center;\"><span style=\"font-size: 14pt;\"><span style=\"font-family: georgia,serif;\"><em><a title=\"titre de l'image\" href=\"http:\/\/jocelyne.debon.free.fr\/sables-cacahuete\/sables-cacahuetes17.JPG\" rel=\"iframe\"><span style=\"color: #8b4513;\"><img decoding=\"async\" src=\"http:\/\/jocelyne.debon.free.fr\/sables-cacahuete\/sables-cacahuetes17.JPG\" alt=\"\" width=\"230\" \/> <\/span><\/a><a title=\"titre de l'image\" href=\"http:\/\/jocelyne.debon.free.fr\/sables-cacahuete\/sables-cacahuetes18.JPG\" rel=\"iframe\"><span style=\"color: #8b4513;\"> <img decoding=\"async\" src=\"http:\/\/jocelyne.debon.free.fr\/sables-cacahuete\/sables-cacahuetes18.JPG\" alt=\"\" width=\"230\" \/> <\/span><\/a><a title=\"titre de l'image\" href=\"http:\/\/jocelyne.debon.free.fr\/sables-cacahuete\/sables-cacahuetes19.JPG\" rel=\"iframe\"><span style=\"color: #8b4513;\"> <img decoding=\"async\" src=\"http:\/\/jocelyne.debon.free.fr\/sables-cacahuete\/sables-cacahuetes19.JPG\" alt=\"\" width=\"230\" \/><\/span><\/a><\/em><\/span><\/span><\/p>\n<p style=\"text-align: center;\"><span style=\"font-size: 14pt;\"><span style=\"font-family: georgia,serif;\"><em><span style=\"color: #8b4513;\">Saupoudrer de sucre semoule et enfourner \u00e0 180\u00b0 environ 15 minutes, ils ne doivent pas trop colorer mais rester blonds. Lorsqu&rsquo;ils sont cuits les laisser refroidir sur une grille. Ensuite faire fondre le chocolat dans un bol.<\/span><\/em><\/span><\/span><\/p>\n<p style=\"text-align: center;\"><span style=\"font-size: 14pt;\"><span style=\"font-family: georgia,serif;\"><em><a title=\"titre de l'image\" href=\"http:\/\/jocelyne.debon.free.fr\/sables-cacahuete\/sables-cacahuetes20.JPG\" rel=\"iframe\"><span style=\"color: #8b4513;\"><img decoding=\"async\" src=\"http:\/\/jocelyne.debon.free.fr\/sables-cacahuete\/sables-cacahuetes20.JPG\" alt=\"\" width=\"230\" \/><\/span><\/a><\/em><\/span><\/span><\/p>\n<p style=\"text-align: center;\"><span style=\"font-size: 14pt;\"><span style=\"font-family: georgia,serif;\"><em><span style=\"color: #8b4513;\">En tartiner la moiti\u00e9 des sabl\u00e9s et ajouter l&rsquo;autre moiti\u00e9 dessus<\/span><\/em><\/span><\/span><\/p>\n<p style=\"text-align: center;\"><span style=\"color: #8b4513; font-size: 14pt;\"><span style=\"font-family: georgia,serif;\"><em>C&rsquo;est un r\u00e9gal!<\/em><\/span><\/span><\/p>\n<p style=\"text-align: center;\"><span style=\"color: #8b4513; font-size: 14pt;\"><span style=\"font-family: georgia,serif;\"><em>Bon app\u00e9tit!<\/em><\/span><\/span><\/p>\n<p style=\"text-align: center;\"><span style=\"font-size: 14pt;\"><a title=\"titre de l'image\" href=\"http:\/\/jocelyne.debon.free.fr\/sables-cacahuete\/sables-cacahuetes21.JPG\" rel=\"iframe\"><img decoding=\"async\" src=\"http:\/\/jocelyne.debon.free.fr\/sables-cacahuete\/sables-cacahuetes21.JPG\" alt=\"\" width=\"263\" \/> <\/a><a title=\"titre de l'image\" href=\"http:\/\/jocelyne.debon.free.fr\/sables-cacahuete\/sables-cacahuetes22.JPG\" rel=\"iframe\"> <img decoding=\"async\" src=\"http:\/\/jocelyne.debon.free.fr\/sables-cacahuete\/sables-cacahuetes22.JPG\" alt=\"\" width=\"230\" \/> <\/a><a title=\"titre de l'image\" href=\"http:\/\/jocelyne.debon.free.fr\/sables-cacahuete\/sables-cacahuetes23.JPG\" rel=\"iframe\"> <img decoding=\"async\" src=\"http:\/\/jocelyne.debon.free.fr\/sables-cacahuete\/sables-cacahuetes23.JPG\" alt=\"\" width=\"230\" \/><\/a><\/span><\/p>\n<p style=\"text-align: center;\"><img loading=\"lazy\" decoding=\"async\" class=\"alignnone wp-image-44943 size-full\" src=\"http:\/\/recettes-gourmandes-de-joce.fr\/wp-content\/uploads\/2022\/05\/logitech-gaming-software-14112014-121223.jpg\" alt=\"\" width=\"640\" height=\"144\" srcset=\"http:\/\/recettes-gourmandes-de-joce.fr\/wp-content\/uploads\/2022\/05\/logitech-gaming-software-14112014-121223.jpg 640w, http:\/\/recettes-gourmandes-de-joce.fr\/wp-content\/uploads\/2022\/05\/logitech-gaming-software-14112014-121223-300x68.jpg 300w\" sizes=\"auto, (max-width: 640px) 100vw, 640px\" \/><\/p>\n","protected":false},"excerpt":{"rendered":"<p>Recette originaire des U.S.A D&rsquo;apr\u00e8s une recette trouv\u00e9e sur le net Ingr\u00e9dients pour 40 sabl\u00e9s 210g de farine 110g de sucre semoule 75 g de cassonade 110g de beurre sal\u00e9 110g de beurre de cacahu\u00e8te 1 \u0153uf \u00bd sachet de levure chimique 1 tablette de chocolat au lait sp\u00e9cial dessert M\u00e9langer le sucre et la &hellip; <\/p>\n<p><a class=\"more-link btn\" href=\"http:\/\/recettes-gourmandes-de-joce.fr\/index.php\/index\/recettes-regionales-mondiales\/recettes-du-monde-sucrees\/recette-originaire-des-u-s-a\/\">Lire la suite<\/a><\/p>\n","protected":false},"author":2,"featured_media":76836,"parent":208,"menu_order":0,"comment_status":"open","ping_status":"closed","template":"","meta":{"footnotes":""},"class_list":["post-662","page","type-page","status-publish","has-post-thumbnail","hentry","nodate","item-wrap"],"_links":{"self":[{"href":"http:\/\/recettes-gourmandes-de-joce.fr\/index.php\/wp-json\/wp\/v2\/pages\/662","targetHints":{"allow":["GET"]}}],"collection":[{"href":"http:\/\/recettes-gourmandes-de-joce.fr\/index.php\/wp-json\/wp\/v2\/pages"}],"about":[{"href":"http:\/\/recettes-gourmandes-de-joce.fr\/index.php\/wp-json\/wp\/v2\/types\/page"}],"author":[{"embeddable":true,"href":"http:\/\/recettes-gourmandes-de-joce.fr\/index.php\/wp-json\/wp\/v2\/users\/2"}],"replies":[{"embeddable":true,"href":"http:\/\/recettes-gourmandes-de-joce.fr\/index.php\/wp-json\/wp\/v2\/comments?post=662"}],"version-history":[{"count":5,"href":"http:\/\/recettes-gourmandes-de-joce.fr\/index.php\/wp-json\/wp\/v2\/pages\/662\/revisions"}],"predecessor-version":[{"id":46018,"href":"http:\/\/recettes-gourmandes-de-joce.fr\/index.php\/wp-json\/wp\/v2\/pages\/662\/revisions\/46018"}],"up":[{"embeddable":true,"href":"http:\/\/recettes-gourmandes-de-joce.fr\/index.php\/wp-json\/wp\/v2\/pages\/208"}],"wp:featuredmedia":[{"embeddable":true,"href":"http:\/\/recettes-gourmandes-de-joce.fr\/index.php\/wp-json\/wp\/v2\/media\/76836"}],"wp:attachment":[{"href":"http:\/\/recettes-gourmandes-de-joce.fr\/index.php\/wp-json\/wp\/v2\/media?parent=662"}],"curies":[{"name":"wp","href":"https:\/\/api.w.org\/{rel}","templated":true}]}}