{"id":61393,"date":"2024-03-24T13:50:50","date_gmt":"2024-03-24T13:50:50","guid":{"rendered":"https:\/\/recettes-gourmandes-de-joce.fr\/?page_id=61393"},"modified":"2024-08-16T12:51:40","modified_gmt":"2024-08-16T12:51:40","slug":"petit-plat-de-cabillaud-epice-a-la-creme-puree-de-chou-fleur-brocoli","status":"publish","type":"page","link":"http:\/\/recettes-gourmandes-de-joce.fr\/index.php\/index\/repas-pour-bebes-enfants-les-ptits-plats-de-hella\/petit-plat-de-cabillaud-epice-a-la-creme-puree-de-chou-fleur-brocoli\/","title":{"rendered":"Petit plat de cabillaud \u00e9pic\u00e9 \u00e0 la cr\u00e8me, pur\u00e9e de chou-fleur\/brocoli."},"content":{"rendered":"<p style=\"text-align: center;\"><span style=\"color: #808000;\"><em><span style=\"text-decoration: underline;\"><span style=\"font-size: 18pt; font-family: georgia, palatino, serif;\">Un des petits plats r\u00e9alis\u00e9 par ma fille<\/span><\/span><\/em><\/span><\/p>\n<p style=\"text-align: center;\"><span style=\"font-family: georgia, palatino, serif; color: #808000; font-size: 14pt;\"><em>Je n&rsquo;indiquerai pas de quantit\u00e9s mais simplement la composition du repas, <span style=\"text-decoration: underline;\">il sera \u00e0 adapter \u00e0 votre enfant selon son \u00e2ge<\/span>.<\/em><\/span><\/p>\n<p style=\"text-align: center;\"><span style=\"font-family: georgia, palatino, serif; color: #808000; font-size: 14pt;\"><em> \u00c0 titre indicatif ce sont les repas de ma petite fille Hella depuis l&rsquo;\u00e2ge de 12 mois et valid\u00e9s pas son m\u00e9decin \ud83d\ude09<\/em><\/span><\/p>\n<p style=\"text-align: center;\"><span style=\"color: #808000;\"><img loading=\"lazy\" decoding=\"async\" class=\"alignnone wp-image-61374\" src=\"http:\/\/recettes-gourmandes-de-joce.fr\/wp-content\/uploads\/2024\/03\/20240322_193334.jpg\" alt=\"\" width=\"272\" height=\"250\" srcset=\"http:\/\/recettes-gourmandes-de-joce.fr\/wp-content\/uploads\/2024\/03\/20240322_193334.jpg 800w, http:\/\/recettes-gourmandes-de-joce.fr\/wp-content\/uploads\/2024\/03\/20240322_193334-768x706.jpg 768w, http:\/\/recettes-gourmandes-de-joce.fr\/wp-content\/uploads\/2024\/03\/20240322_193334-750x689.jpg 750w\" sizes=\"auto, (max-width: 272px) 100vw, 272px\" \/><\/span><\/p>\n<p style=\"text-align: center;\"><span style=\"text-decoration: underline; color: #808000;\"><span style=\"font-size: 18pt; font-family: georgia, palatino, serif;\"><em>Ingr\u00e9dients<\/em><\/span><\/span><\/p>\n<p style=\"text-align: center;\"><span style=\"text-decoration: underline; color: #808000;\"><strong><span style=\"font-size: 14pt; font-family: georgia, palatino, serif;\"><em>Cabillaud po\u00eal\u00e9 \u00e9pic\u00e9 \u00e0 la cr\u00e8me\u00a0<\/em><\/span><\/strong><\/span><\/p>\n<p style=\"text-align: center;\"><span style=\"color: #808000;\"><img decoding=\"async\" src=\"http:\/\/recettes-gourmandes-de-joce.fr\/wp-content\/uploads\/2023\/04\/cabillaud-cepes-brocolis13-300x225.jpg\" \/><\/span><\/p>\n<p style=\"text-align: center;\"><span style=\"font-size: 14pt; font-family: georgia, palatino, serif; color: #808000;\"><em>1 petit filet de cabillaud<\/em><\/span><\/p>\n<p style=\"text-align: center;\"><span style=\"font-size: 14pt; font-family: georgia, palatino, serif; color: #808000;\"><em>Huile d\u2019olive<\/em><\/span><\/p>\n<p style=\"text-align: center;\"><span style=\"font-size: 14pt; font-family: georgia, palatino, serif; color: #808000;\"><em>\u00c9pices pour poisson -&gt; <span style=\"color: #800080;\">\u00c9pic\u00e9too<\/span><\/em><\/span><\/p>\n<p style=\"text-align: center;\"><span style=\"font-size: 14pt; font-family: georgia, palatino, serif; color: #808000;\"><em>1 c \u00e0 s de cr\u00e8me fra\u00eeche<\/em><\/span><\/p>\n<p style=\"text-align: center;\"><span style=\"font-size: 14pt; font-family: georgia, palatino, serif; color: #808000;\"><span style=\"text-decoration: underline;\"><strong><em>Recette<\/em><em>\u00a0-&gt;<\/em><\/strong><\/span><em>\u00a0D<\/em><em>ans une po\u00eale, mettre un filet d\u2019huile d\u2019olive, ajouter le cabillaud, assaisonn\u00e9 avec les \u00e9pices, sal\u00e9 l\u00e9g\u00e8rement et le cuire quelques minutes de chaque c\u00f4t\u00e9, vous pouvez ajouter un peu de persil cisel\u00e9 en fin de cuisson.<\/em><\/span><\/p>\n<p style=\"text-align: center;\"><span style=\"text-decoration: underline; color: #808000;\"><strong><em><span style=\"font-size: 14pt; font-family: georgia, palatino, serif;\">Pur\u00e9e de choux fleur, brocolis et pomme de terre<\/span><\/em><\/strong><\/span><\/p>\n<p style=\"text-align: center;\"><span style=\"font-size: 14pt; font-family: georgia, palatino, serif; color: #808000;\"><em>1 grosse pomme de terre <\/em><\/span><\/p>\n<p style=\"text-align: center;\"><span style=\"font-size: 14pt; font-family: georgia, palatino, serif; color: #808000;\"><em>3 petits bouquets de chou-fleur <\/em><\/span><\/p>\n<p style=\"text-align: center;\"><span style=\"font-size: 14pt; font-family: georgia, palatino, serif; color: #808000;\"><em>3 bouquets de brocoli <\/em><\/span><\/p>\n<p style=\"text-align: center;\"><span style=\"font-size: 14pt; font-family: georgia, palatino, serif; color: #808000;\"><em>Sel\u00a0<\/em><\/span><\/p>\n<p style=\"text-align: center;\"><span style=\"color: #808000;\"><img loading=\"lazy\" decoding=\"async\" class=\"alignnone wp-image-38357\" src=\"http:\/\/recettes-gourmandes-de-joce.fr\/wp-content\/uploads\/2021\/08\/pommes-de-terre-4-300x225.jpg\" alt=\"\" width=\"227\" height=\"170\" srcset=\"http:\/\/recettes-gourmandes-de-joce.fr\/wp-content\/uploads\/2021\/08\/pommes-de-terre-4-300x225.jpg 300w, http:\/\/recettes-gourmandes-de-joce.fr\/wp-content\/uploads\/2021\/08\/pommes-de-terre-4-768x576.jpg 768w, http:\/\/recettes-gourmandes-de-joce.fr\/wp-content\/uploads\/2021\/08\/pommes-de-terre-4-750x563.jpg 750w, http:\/\/recettes-gourmandes-de-joce.fr\/wp-content\/uploads\/2021\/08\/pommes-de-terre-4.jpg 800w\" sizes=\"auto, (max-width: 227px) 100vw, 227px\" \/> <img loading=\"lazy\" decoding=\"async\" class=\"alignnone wp-image-40204\" src=\"http:\/\/recettes-gourmandes-de-joce.fr\/wp-content\/uploads\/2021\/10\/20211014_191918-300x195.jpg\" alt=\"\" width=\"261\" height=\"170\" srcset=\"http:\/\/recettes-gourmandes-de-joce.fr\/wp-content\/uploads\/2021\/10\/20211014_191918-300x195.jpg 300w, http:\/\/recettes-gourmandes-de-joce.fr\/wp-content\/uploads\/2021\/10\/20211014_191918-768x500.jpg 768w, http:\/\/recettes-gourmandes-de-joce.fr\/wp-content\/uploads\/2021\/10\/20211014_191918-750x488.jpg 750w, http:\/\/recettes-gourmandes-de-joce.fr\/wp-content\/uploads\/2021\/10\/20211014_191918.jpg 800w\" sizes=\"auto, (max-width: 261px) 100vw, 261px\" \/><\/span><\/p>\n<p style=\"text-align: center;\"><span style=\"font-size: 14pt; font-family: georgia, palatino, serif; color: #808000;\"><em><span style=\"text-decoration: underline;\"><strong>Recettes<\/strong> -&gt;<\/span> Peler et laver la pomme de terre, la couper en morceaux, laver les bouquets de chou-fleur et brocolis (photo non contractuelle). Mettre le tout dans une casserole d&rsquo;eau sal\u00e9e et mettre \u00e0 cuire.<\/em><\/span><\/p>\n<p style=\"text-align: center;\"><span style=\"color: #808000;\"><img loading=\"lazy\" decoding=\"async\" class=\"alignnone wp-image-24985\" src=\"http:\/\/recettes-gourmandes-de-joce.fr\/wp-content\/uploads\/2020\/09\/20200829_201440-300x225.jpg\" alt=\"\" width=\"227\" height=\"170\" srcset=\"http:\/\/recettes-gourmandes-de-joce.fr\/wp-content\/uploads\/2020\/09\/20200829_201440-300x225.jpg 300w, http:\/\/recettes-gourmandes-de-joce.fr\/wp-content\/uploads\/2020\/09\/20200829_201440-768x576.jpg 768w, http:\/\/recettes-gourmandes-de-joce.fr\/wp-content\/uploads\/2020\/09\/20200829_201440.jpg 800w\" sizes=\"auto, (max-width: 227px) 100vw, 227px\" \/><\/span><\/p>\n<p style=\"text-align: center;\"><span style=\"font-size: 14pt; font-family: georgia, palatino, serif; color: #808000;\"><em>Lorsque les pommes de terre sont cuites, \u00e9goutter le tout et passer au moulin \u00e0 l\u00e9gumes. <\/em><\/span><\/p>\n<p style=\"text-align: center;\"><span style=\"font-size: 14pt; font-family: georgia, palatino, serif; color: #808000;\"><em>Servir avec le cabillaud et la sauce \u00e0 la cr\u00e8me.<\/em><\/span><\/p>\n<p style=\"text-align: center;\"><img loading=\"lazy\" decoding=\"async\" class=\"alignnone size-full wp-image-59803\" src=\"http:\/\/recettes-gourmandes-de-joce.fr\/wp-content\/uploads\/2024\/01\/logitech-gaming-software-14112014-121223.jpg\" alt=\"\" width=\"640\" height=\"144\" \/><\/p>\n<p>&nbsp;<\/p>\n","protected":false},"excerpt":{"rendered":"<p>Un des petits plats r\u00e9alis\u00e9 par ma fille Je n&rsquo;indiquerai pas de quantit\u00e9s mais simplement la composition du repas, il sera \u00e0 adapter \u00e0 votre enfant selon son \u00e2ge. \u00c0 titre indicatif ce sont les repas de ma petite fille Hella depuis l&rsquo;\u00e2ge de 12 mois et valid\u00e9s pas son m\u00e9decin \ud83d\ude09 Ingr\u00e9dients Cabillaud po\u00eal\u00e9 &hellip; <\/p>\n<p><a class=\"more-link btn\" href=\"http:\/\/recettes-gourmandes-de-joce.fr\/index.php\/index\/repas-pour-bebes-enfants-les-ptits-plats-de-hella\/petit-plat-de-cabillaud-epice-a-la-creme-puree-de-chou-fleur-brocoli\/\">Lire la suite<\/a><\/p>\n","protected":false},"author":2,"featured_media":61374,"parent":60448,"menu_order":0,"comment_status":"open","ping_status":"closed","template":"","meta":{"footnotes":""},"class_list":["post-61393","page","type-page","status-publish","has-post-thumbnail","hentry","nodate","item-wrap"],"_links":{"self":[{"href":"http:\/\/recettes-gourmandes-de-joce.fr\/index.php\/wp-json\/wp\/v2\/pages\/61393","targetHints":{"allow":["GET"]}}],"collection":[{"href":"http:\/\/recettes-gourmandes-de-joce.fr\/index.php\/wp-json\/wp\/v2\/pages"}],"about":[{"href":"http:\/\/recettes-gourmandes-de-joce.fr\/index.php\/wp-json\/wp\/v2\/types\/page"}],"author":[{"embeddable":true,"href":"http:\/\/recettes-gourmandes-de-joce.fr\/index.php\/wp-json\/wp\/v2\/users\/2"}],"replies":[{"embeddable":true,"href":"http:\/\/recettes-gourmandes-de-joce.fr\/index.php\/wp-json\/wp\/v2\/comments?post=61393"}],"version-history":[{"count":2,"href":"http:\/\/recettes-gourmandes-de-joce.fr\/index.php\/wp-json\/wp\/v2\/pages\/61393\/revisions"}],"predecessor-version":[{"id":89471,"href":"http:\/\/recettes-gourmandes-de-joce.fr\/index.php\/wp-json\/wp\/v2\/pages\/61393\/revisions\/89471"}],"up":[{"embeddable":true,"href":"http:\/\/recettes-gourmandes-de-joce.fr\/index.php\/wp-json\/wp\/v2\/pages\/60448"}],"wp:featuredmedia":[{"embeddable":true,"href":"http:\/\/recettes-gourmandes-de-joce.fr\/index.php\/wp-json\/wp\/v2\/media\/61374"}],"wp:attachment":[{"href":"http:\/\/recettes-gourmandes-de-joce.fr\/index.php\/wp-json\/wp\/v2\/media?parent=61393"}],"curies":[{"name":"wp","href":"https:\/\/api.w.org\/{rel}","templated":true}]}}