{"id":61016,"date":"2024-03-10T23:59:52","date_gmt":"2024-03-10T23:59:52","guid":{"rendered":"https:\/\/recettes-gourmandes-de-joce.fr\/?page_id=61016"},"modified":"2024-10-25T10:49:59","modified_gmt":"2024-10-25T10:49:59","slug":"rotis-de-porc-farcis-au-brie-et-a-la-poitrine-fumee-rotis-au-four","status":"publish","type":"page","link":"http:\/\/recettes-gourmandes-de-joce.fr\/index.php\/index\/viandes\/porc\/rotis-de-porc-farcis-au-brie-et-a-la-poitrine-fumee-rotis-au-four\/","title":{"rendered":"R\u00f4tis de porc farcis au Brie et \u00e0 la poitrine fum\u00e9e, r\u00f4tis au four."},"content":{"rendered":"<p style=\"text-align: center;\"><span style=\"text-decoration: underline; color: #993366;\"><span style=\"font-size: 18pt; font-family: georgia, palatino, serif;\"><em>Une de mes recettes<\/em><\/span><\/span><\/p>\n<p style=\"text-align: center;\"><span style=\"color: #993366;\"><img loading=\"lazy\" decoding=\"async\" class=\"alignnone wp-image-61011\" src=\"http:\/\/recettes-gourmandes-de-joce.fr\/wp-content\/uploads\/2024\/03\/P3120019.jpg\" alt=\"\" width=\"237\" height=\"180\" srcset=\"http:\/\/recettes-gourmandes-de-joce.fr\/wp-content\/uploads\/2024\/03\/P3120019.jpg 800w, http:\/\/recettes-gourmandes-de-joce.fr\/wp-content\/uploads\/2024\/03\/P3120019-768x584.jpg 768w, http:\/\/recettes-gourmandes-de-joce.fr\/wp-content\/uploads\/2024\/03\/P3120019-750x570.jpg 750w\" sizes=\"auto, (max-width: 237px) 100vw, 237px\" \/>\u00a0<img loading=\"lazy\" decoding=\"async\" class=\"alignnone wp-image-61010\" src=\"http:\/\/recettes-gourmandes-de-joce.fr\/wp-content\/uploads\/2024\/03\/P3120015.jpg\" alt=\"\" width=\"252\" height=\"180\" srcset=\"http:\/\/recettes-gourmandes-de-joce.fr\/wp-content\/uploads\/2024\/03\/P3120015.jpg 800w, http:\/\/recettes-gourmandes-de-joce.fr\/wp-content\/uploads\/2024\/03\/P3120015-768x549.jpg 768w, http:\/\/recettes-gourmandes-de-joce.fr\/wp-content\/uploads\/2024\/03\/P3120015-750x536.jpg 750w\" sizes=\"auto, (max-width: 252px) 100vw, 252px\" \/><img loading=\"lazy\" decoding=\"async\" class=\"alignnone wp-image-61012\" src=\"http:\/\/recettes-gourmandes-de-joce.fr\/wp-content\/uploads\/2024\/03\/P3120020.jpg\" alt=\"\" width=\"266\" height=\"180\" srcset=\"http:\/\/recettes-gourmandes-de-joce.fr\/wp-content\/uploads\/2024\/03\/P3120020.jpg 800w, http:\/\/recettes-gourmandes-de-joce.fr\/wp-content\/uploads\/2024\/03\/P3120020-768x520.jpg 768w, http:\/\/recettes-gourmandes-de-joce.fr\/wp-content\/uploads\/2024\/03\/P3120020-750x508.jpg 750w\" sizes=\"auto, (max-width: 266px) 100vw, 266px\" \/><\/span><\/p>\n<p style=\"text-align: center;\"><span style=\"text-decoration: underline; color: #993366;\"><span style=\"font-size: 18pt; font-family: georgia, palatino, serif;\"><em> Ingr\u00e9dients pour 8 personnes<\/em><\/span><\/span><\/p>\n<p style=\"text-align: center;\"><span style=\"color: #993366;\"><img loading=\"lazy\" decoding=\"async\" class=\"alignnone wp-image-61013\" src=\"http:\/\/recettes-gourmandes-de-joce.fr\/wp-content\/uploads\/2024\/03\/P3120104.jpg\" alt=\"\" width=\"309\" height=\"200\" srcset=\"http:\/\/recettes-gourmandes-de-joce.fr\/wp-content\/uploads\/2024\/03\/P3120104.jpg 800w, http:\/\/recettes-gourmandes-de-joce.fr\/wp-content\/uploads\/2024\/03\/P3120104-768x497.jpg 768w, http:\/\/recettes-gourmandes-de-joce.fr\/wp-content\/uploads\/2024\/03\/P3120104-750x486.jpg 750w\" sizes=\"auto, (max-width: 309px) 100vw, 309px\" \/><\/span><\/p>\n<p style=\"text-align: center;\"><span style=\"font-family: georgia, palatino, serif; color: #993366;\"><em><span style=\"font-size: 14pt;\">2 r\u00f4tis de porc dans le filet <\/span><\/em><\/span><\/p>\n<p style=\"text-align: center;\"><span style=\"font-family: georgia, palatino, serif; color: #993366;\"><em><span style=\"font-size: 14pt;\">2 oignons (1 rouge 1 jaune) <\/span><\/em><\/span><\/p>\n<p style=\"text-align: center;\"><span style=\"font-family: georgia, palatino, serif; color: #993366;\"><em><span style=\"font-size: 14pt;\">1 part de Brie <\/span><\/em><\/span><\/p>\n<p style=\"text-align: center;\"><span style=\"font-family: georgia, palatino, serif; color: #993366;\"><em><span style=\"font-size: 14pt;\">10 tranches de poitrine fum\u00e9e <\/span><\/em><\/span><\/p>\n<p style=\"text-align: center;\"><span style=\"color: #993366;\"><span style=\"font-family: georgia, palatino, serif;\"><em><span style=\"font-size: 14pt;\">2 c \u00e0 s d&rsquo;herbes pour viandes <\/span><\/em><\/span><span style=\"font-family: georgia, palatino, serif;\"><em><span style=\"font-size: 14pt;\">d\u00e9tails sur ce lien -&gt; <span style=\"color: #000080;\">\u00c9pic\u00e9too <\/span><\/span><\/em><\/span><\/span><\/p>\n<p style=\"text-align: center;\"><span style=\"font-family: georgia, palatino, serif; color: #993366;\"><em><span style=\"font-size: 14pt;\">Huile d&rsquo;olive <\/span><\/em><\/span><\/p>\n<p style=\"text-align: center;\"><span style=\"font-family: georgia, palatino, serif; color: #993366;\"><em><span style=\"font-size: 14pt;\">Sel et poivre<\/span><\/em><\/span><\/p>\n<p style=\"text-align: center;\"><span style=\"color: #993366;\"><img loading=\"lazy\" decoding=\"async\" class=\"alignnone wp-image-47347\" src=\"http:\/\/recettes-gourmandes-de-joce.fr\/wp-content\/uploads\/2022\/11\/pa082036-1-300x217.jpg\" alt=\"\" width=\"232\" height=\"168\" srcset=\"http:\/\/recettes-gourmandes-de-joce.fr\/wp-content\/uploads\/2022\/11\/pa082036-1-300x217.jpg 300w, http:\/\/recettes-gourmandes-de-joce.fr\/wp-content\/uploads\/2022\/11\/pa082036-1-750x542.jpg 750w, http:\/\/recettes-gourmandes-de-joce.fr\/wp-content\/uploads\/2022\/11\/pa082036-1.jpg 758w\" sizes=\"auto, (max-width: 232px) 100vw, 232px\" \/> <img loading=\"lazy\" decoding=\"async\" class=\"alignnone wp-image-58151\" src=\"http:\/\/recettes-gourmandes-de-joce.fr\/wp-content\/uploads\/2023\/12\/burger-17.jpg\" alt=\"\" width=\"279\" height=\"168\" srcset=\"http:\/\/recettes-gourmandes-de-joce.fr\/wp-content\/uploads\/2023\/12\/burger-17.jpg 800w, http:\/\/recettes-gourmandes-de-joce.fr\/wp-content\/uploads\/2023\/12\/burger-17-768x462.jpg 768w, http:\/\/recettes-gourmandes-de-joce.fr\/wp-content\/uploads\/2023\/12\/burger-17-750x451.jpg 750w\" sizes=\"auto, (max-width: 279px) 100vw, 279px\" \/> <img loading=\"lazy\" decoding=\"async\" class=\"alignnone wp-image-52428\" src=\"http:\/\/recettes-gourmandes-de-joce.fr\/wp-content\/uploads\/2023\/04\/burger-reblochon6-300x225.jpg\" alt=\"\" width=\"224\" height=\"168\" srcset=\"http:\/\/recettes-gourmandes-de-joce.fr\/wp-content\/uploads\/2023\/04\/burger-reblochon6-300x225.jpg 300w, http:\/\/recettes-gourmandes-de-joce.fr\/wp-content\/uploads\/2023\/04\/burger-reblochon6-768x576.jpg 768w, http:\/\/recettes-gourmandes-de-joce.fr\/wp-content\/uploads\/2023\/04\/burger-reblochon6-750x563.jpg 750w, http:\/\/recettes-gourmandes-de-joce.fr\/wp-content\/uploads\/2023\/04\/burger-reblochon6.jpg 1024w\" sizes=\"auto, (max-width: 224px) 100vw, 224px\" \/><\/span><\/p>\n<p style=\"text-align: center;\"><span style=\"font-size: 14pt; font-family: georgia, palatino, serif;\"><em><span style=\"color: #993366;\">Peler et \u00e9mincer les oignons, couper le Brie en 10 tranches.<\/span><\/em><\/span><\/p>\n<p style=\"text-align: center;\"><span style=\"font-size: 14pt; font-family: georgia, palatino, serif;\"><em><span style=\"color: #993366;\"><img loading=\"lazy\" decoding=\"async\" class=\"alignnone wp-image-61007\" src=\"http:\/\/recettes-gourmandes-de-joce.fr\/wp-content\/uploads\/2024\/03\/p1070026.jpg\" alt=\"\" width=\"236\" height=\"170\" \/> <img loading=\"lazy\" decoding=\"async\" class=\"alignnone wp-image-61014\" src=\"http:\/\/recettes-gourmandes-de-joce.fr\/wp-content\/uploads\/2024\/03\/P3120108.jpg\" alt=\"\" width=\"227\" height=\"170\" srcset=\"http:\/\/recettes-gourmandes-de-joce.fr\/wp-content\/uploads\/2024\/03\/P3120108.jpg 800w, http:\/\/recettes-gourmandes-de-joce.fr\/wp-content\/uploads\/2024\/03\/P3120108-768x576.jpg 768w, http:\/\/recettes-gourmandes-de-joce.fr\/wp-content\/uploads\/2024\/03\/P3120108-750x563.jpg 750w\" sizes=\"auto, (max-width: 227px) 100vw, 227px\" \/> <img loading=\"lazy\" decoding=\"async\" class=\"alignnone wp-image-61015\" src=\"http:\/\/recettes-gourmandes-de-joce.fr\/wp-content\/uploads\/2024\/03\/P3120110.jpg\" alt=\"\" width=\"251\" height=\"170\" srcset=\"http:\/\/recettes-gourmandes-de-joce.fr\/wp-content\/uploads\/2024\/03\/P3120110.jpg 800w, http:\/\/recettes-gourmandes-de-joce.fr\/wp-content\/uploads\/2024\/03\/P3120110-768x519.jpg 768w, http:\/\/recettes-gourmandes-de-joce.fr\/wp-content\/uploads\/2024\/03\/P3120110-750x507.jpg 750w\" sizes=\"auto, (max-width: 251px) 100vw, 251px\" \/><\/span><\/em><\/span><\/p>\n<p style=\"text-align: center;\"><span style=\"font-size: 14pt; font-family: georgia, palatino, serif;\"><em><span style=\"color: #993366;\">Mettre les r\u00f4tis dans un plat allant au four, saler et poivrer, ajouter les herbes, r\u00e9partir autour les oignons, ajouter un filet d&rsquo;huile d&rsquo;olive et environ 2 cm d&rsquo;eau dans le plat. Enfourner \u00e0 210\u00b0 pendant environ 1h30 (30 minutes \/500g) selon le poids des r\u00f4tis.<\/span><\/em><\/span><\/p>\n<p style=\"text-align: center;\"><span style=\"color: #993366;\"><img loading=\"lazy\" decoding=\"async\" class=\"alignnone wp-image-61008\" src=\"http:\/\/recettes-gourmandes-de-joce.fr\/wp-content\/uploads\/2024\/03\/P3120011.jpg\" alt=\"\" width=\"227\" height=\"170\" srcset=\"http:\/\/recettes-gourmandes-de-joce.fr\/wp-content\/uploads\/2024\/03\/P3120011.jpg 800w, http:\/\/recettes-gourmandes-de-joce.fr\/wp-content\/uploads\/2024\/03\/P3120011-768x576.jpg 768w, http:\/\/recettes-gourmandes-de-joce.fr\/wp-content\/uploads\/2024\/03\/P3120011-750x563.jpg 750w\" sizes=\"auto, (max-width: 227px) 100vw, 227px\" \/><\/span><\/p>\n<p style=\"text-align: center;\"><span style=\"color: #993366; font-size: 14pt;\"><span style=\"font-family: georgia, palatino, serif;\"><em>Quinze minutes avant la fin de la cuisson, sortir les r\u00f4tis du four, faire 5 entailles dans chaque r\u00f4tis et y ins\u00e9rer 1 tranche de poitrine fum\u00e9e et de brie, enfourner \u00e0 nouveau pour finir la cuisson. <\/em><\/span><\/span><\/p>\n<p style=\"text-align: center;\"><span style=\"color: #993366; font-size: 14pt;\"><span style=\"font-family: georgia, palatino, serif;\"><em>Servir avec une bonne pur\u00e9e de pommes de terre.<\/em><\/span><\/span><\/p>\n<p style=\"text-align: center;\"><span style=\"color: #993366; font-size: 14pt;\"><span style=\"font-family: georgia, palatino, serif;\"><em>Recette sur ce lien -&gt; <a style=\"color: #993366;\" href=\"http:\/\/recettes-gourmandes-de-joce.fr\/index.php\/index\/legumes\/purees-diverses\/puree-de-pommes-de-terre\/\">Pur\u00e9e de pommes de terre\u00a0<\/a><a style=\"color: #993366;\" href=\"http:\/\/recettes-gourmandes-de-joce.fr\/index.php\/index\/legumes\/purees-diverses\/puree-de-pommes-de-terre\/\"><img loading=\"lazy\" decoding=\"async\" class=\"alignnone wp-image-10718 lazy-loaded\" src=\"http:\/\/recettes-gourmandes-de-joce.fr\/wp-content\/uploads\/2019\/11\/20191121_202823-300x225.jpg\" sizes=\"auto, (max-width: 200px) 100vw, 200px\" srcset=\"https:\/\/recettes-gourmandes-de-joce.fr\/wp-content\/uploads\/2019\/11\/20191121_202823-300x225.jpg 300w, https:\/\/recettes-gourmandes-de-joce.fr\/wp-content\/uploads\/2019\/11\/20191121_202823.jpg 640w\" alt=\"\" width=\"200\" height=\"150\" data-lazy-type=\"image\" data-src=\"http:\/\/recettes-gourmandes-de-joce.fr\/wp-content\/uploads\/2019\/11\/20191121_202823-300x225.jpg\" data-srcset=\"\" \/><\/a><\/em><\/span><\/span><\/p>\n<p style=\"text-align: center;\"><span style=\"color: #993366; font-size: 14pt;\"><span style=\"font-family: georgia, palatino, serif;\"><em>Bon app\u00e9tit!<\/em><\/span><\/span><\/p>\n<p style=\"text-align: center;\"><span style=\"color: #993366;\"><img loading=\"lazy\" decoding=\"async\" class=\"alignnone wp-image-61009\" src=\"http:\/\/recettes-gourmandes-de-joce.fr\/wp-content\/uploads\/2024\/03\/P3120014.jpg\" alt=\"\" width=\"268\" height=\"180\" srcset=\"http:\/\/recettes-gourmandes-de-joce.fr\/wp-content\/uploads\/2024\/03\/P3120014.jpg 800w, http:\/\/recettes-gourmandes-de-joce.fr\/wp-content\/uploads\/2024\/03\/P3120014-768x516.jpg 768w, http:\/\/recettes-gourmandes-de-joce.fr\/wp-content\/uploads\/2024\/03\/P3120014-750x504.jpg 750w\" sizes=\"auto, (max-width: 268px) 100vw, 268px\" \/><\/span><\/p>\n<p style=\"text-align: center;\"><span style=\"color: #993366;\"><img loading=\"lazy\" decoding=\"async\" class=\"alignnone wp-image-61011\" src=\"http:\/\/recettes-gourmandes-de-joce.fr\/wp-content\/uploads\/2024\/03\/P3120019.jpg\" alt=\"\" width=\"237\" height=\"180\" srcset=\"http:\/\/recettes-gourmandes-de-joce.fr\/wp-content\/uploads\/2024\/03\/P3120019.jpg 800w, http:\/\/recettes-gourmandes-de-joce.fr\/wp-content\/uploads\/2024\/03\/P3120019-768x584.jpg 768w, http:\/\/recettes-gourmandes-de-joce.fr\/wp-content\/uploads\/2024\/03\/P3120019-750x570.jpg 750w\" sizes=\"auto, (max-width: 237px) 100vw, 237px\" \/> <img loading=\"lazy\" decoding=\"async\" class=\"alignnone wp-image-61010\" src=\"http:\/\/recettes-gourmandes-de-joce.fr\/wp-content\/uploads\/2024\/03\/P3120015.jpg\" alt=\"\" width=\"252\" height=\"180\" srcset=\"http:\/\/recettes-gourmandes-de-joce.fr\/wp-content\/uploads\/2024\/03\/P3120015.jpg 800w, http:\/\/recettes-gourmandes-de-joce.fr\/wp-content\/uploads\/2024\/03\/P3120015-768x549.jpg 768w, http:\/\/recettes-gourmandes-de-joce.fr\/wp-content\/uploads\/2024\/03\/P3120015-750x536.jpg 750w\" sizes=\"auto, (max-width: 252px) 100vw, 252px\" \/><\/span><\/p>\n<p style=\"text-align: center;\"><span style=\"color: #993366;\"><img loading=\"lazy\" decoding=\"async\" class=\"alignnone wp-image-37354 size-full\" src=\"http:\/\/recettes-gourmandes-de-joce.fr\/wp-content\/uploads\/2021\/06\/logitech-gaming-software-14112014-121223.jpg\" alt=\"\" width=\"640\" height=\"144\" srcset=\"http:\/\/recettes-gourmandes-de-joce.fr\/wp-content\/uploads\/2021\/06\/logitech-gaming-software-14112014-121223.jpg 640w, http:\/\/recettes-gourmandes-de-joce.fr\/wp-content\/uploads\/2021\/06\/logitech-gaming-software-14112014-121223-300x68.jpg 300w\" sizes=\"auto, (max-width: 640px) 100vw, 640px\" \/><\/span><\/p>\n","protected":false},"excerpt":{"rendered":"<p>Une de mes recettes \u00a0 Ingr\u00e9dients pour 8 personnes 2 r\u00f4tis de porc dans le filet 2 oignons (1 rouge 1 jaune) 1 part de Brie 10 tranches de poitrine fum\u00e9e 2 c \u00e0 s d&rsquo;herbes pour viandes d\u00e9tails sur ce lien -&gt; \u00c9pic\u00e9too Huile d&rsquo;olive Sel et poivre Peler et \u00e9mincer les oignons, couper &hellip; <\/p>\n<p><a class=\"more-link btn\" href=\"http:\/\/recettes-gourmandes-de-joce.fr\/index.php\/index\/viandes\/porc\/rotis-de-porc-farcis-au-brie-et-a-la-poitrine-fumee-rotis-au-four\/\">Lire la suite<\/a><\/p>\n","protected":false},"author":2,"featured_media":61012,"parent":59,"menu_order":0,"comment_status":"open","ping_status":"closed","template":"","meta":{"footnotes":""},"class_list":["post-61016","page","type-page","status-publish","has-post-thumbnail","hentry","nodate","item-wrap"],"_links":{"self":[{"href":"http:\/\/recettes-gourmandes-de-joce.fr\/index.php\/wp-json\/wp\/v2\/pages\/61016","targetHints":{"allow":["GET"]}}],"collection":[{"href":"http:\/\/recettes-gourmandes-de-joce.fr\/index.php\/wp-json\/wp\/v2\/pages"}],"about":[{"href":"http:\/\/recettes-gourmandes-de-joce.fr\/index.php\/wp-json\/wp\/v2\/types\/page"}],"author":[{"embeddable":true,"href":"http:\/\/recettes-gourmandes-de-joce.fr\/index.php\/wp-json\/wp\/v2\/users\/2"}],"replies":[{"embeddable":true,"href":"http:\/\/recettes-gourmandes-de-joce.fr\/index.php\/wp-json\/wp\/v2\/comments?post=61016"}],"version-history":[{"count":3,"href":"http:\/\/recettes-gourmandes-de-joce.fr\/index.php\/wp-json\/wp\/v2\/pages\/61016\/revisions"}],"predecessor-version":[{"id":90696,"href":"http:\/\/recettes-gourmandes-de-joce.fr\/index.php\/wp-json\/wp\/v2\/pages\/61016\/revisions\/90696"}],"up":[{"embeddable":true,"href":"http:\/\/recettes-gourmandes-de-joce.fr\/index.php\/wp-json\/wp\/v2\/pages\/59"}],"wp:featuredmedia":[{"embeddable":true,"href":"http:\/\/recettes-gourmandes-de-joce.fr\/index.php\/wp-json\/wp\/v2\/media\/61012"}],"wp:attachment":[{"href":"http:\/\/recettes-gourmandes-de-joce.fr\/index.php\/wp-json\/wp\/v2\/media?parent=61016"}],"curies":[{"name":"wp","href":"https:\/\/api.w.org\/{rel}","templated":true}]}}