{"id":60818,"date":"2024-03-06T23:44:49","date_gmt":"2024-03-06T23:44:49","guid":{"rendered":"https:\/\/recettes-gourmandes-de-joce.fr\/?page_id=60818"},"modified":"2024-10-25T10:49:58","modified_gmt":"2024-10-25T10:49:58","slug":"petit-plat-descalope-de-poulet-a-la-creme-haricots-verts-et-puree-de-pommes-de-terre","status":"publish","type":"page","link":"http:\/\/recettes-gourmandes-de-joce.fr\/index.php\/index\/repas-pour-bebes-enfants-les-ptits-plats-de-hella\/petit-plat-descalope-de-poulet-a-la-creme-haricots-verts-et-puree-de-pommes-de-terre\/","title":{"rendered":"Petit plat d&rsquo;escalope de poulet \u00e0 la cr\u00e8me, haricots verts et pur\u00e9e de pommes de terre."},"content":{"rendered":"<p style=\"text-align: center;\"><span style=\"color: #808000;\"><em><span style=\"text-decoration: underline;\"><span style=\"font-size: 18pt; font-family: georgia, palatino, serif;\">Un des petits plats r\u00e9alis\u00e9s par ma fille<\/span><\/span><\/em><\/span><\/p>\n<p style=\"text-align: center;\"><span style=\"font-family: georgia, palatino, serif; color: #808000; font-size: 14pt;\"><em>Je n&rsquo;indiquerai pas de quantit\u00e9s mais simplement la composition du repas, <span style=\"text-decoration: underline;\">il sera \u00e0 adapter \u00e0 votre enfant selon son \u00e2ge<\/span>.<\/em><\/span><\/p>\n<p style=\"text-align: center;\"><span style=\"font-family: georgia, palatino, serif; color: #808000; font-size: 14pt;\"><em> \u00c0 titre indicatif ce sont les repas de ma petite fille Hella \u00e2g\u00e9e de 12 mois et valid\u00e9s pas son m\u00e9decin \ud83d\ude09<\/em><\/span><\/p>\n<p style=\"text-align: center;\"><span style=\"color: #808000;\"><img loading=\"lazy\" decoding=\"async\" class=\"alignnone wp-image-60817\" src=\"http:\/\/recettes-gourmandes-de-joce.fr\/wp-content\/uploads\/2024\/03\/1ad18b7a-b7d8-407d-b217-260624776815.jpg\" alt=\"\" width=\"262\" height=\"250\" srcset=\"http:\/\/recettes-gourmandes-de-joce.fr\/wp-content\/uploads\/2024\/03\/1ad18b7a-b7d8-407d-b217-260624776815.jpg 800w, http:\/\/recettes-gourmandes-de-joce.fr\/wp-content\/uploads\/2024\/03\/1ad18b7a-b7d8-407d-b217-260624776815-768x732.jpg 768w, http:\/\/recettes-gourmandes-de-joce.fr\/wp-content\/uploads\/2024\/03\/1ad18b7a-b7d8-407d-b217-260624776815-750x715.jpg 750w\" sizes=\"auto, (max-width: 262px) 100vw, 262px\" \/><\/span><\/p>\n<p style=\"text-align: center;\"><span style=\"text-decoration: underline; color: #808000;\"><span style=\"font-size: 18pt; font-family: georgia, palatino, serif;\"><em>Ingr\u00e9dients <\/em><\/span><\/span><\/p>\n<p style=\"text-align: center;\"><span style=\"color: #808000;\"><strong><span style=\"text-decoration: underline;\"><span style=\"font-size: 14pt;\"><span style=\"font-family: georgia, palatino, serif;\"><em>Escalope de poulet \u00e0 la cr\u00e8me<\/em><\/span><\/span><\/span><\/strong><\/span><\/p>\n<p style=\"text-align: center;\"><span style=\"color: #808000;\"><img loading=\"lazy\" decoding=\"async\" class=\"alignnone wp-image-47781\" src=\"http:\/\/recettes-gourmandes-de-joce.fr\/wp-content\/uploads\/2022\/12\/20221111_205301-001-1-300x225.jpg\" alt=\"\" width=\"200\" height=\"150\" srcset=\"http:\/\/recettes-gourmandes-de-joce.fr\/wp-content\/uploads\/2022\/12\/20221111_205301-001-1-300x225.jpg 300w, http:\/\/recettes-gourmandes-de-joce.fr\/wp-content\/uploads\/2022\/12\/20221111_205301-001-1-1024x768.jpg 1024w, http:\/\/recettes-gourmandes-de-joce.fr\/wp-content\/uploads\/2022\/12\/20221111_205301-001-1-768x576.jpg 768w, http:\/\/recettes-gourmandes-de-joce.fr\/wp-content\/uploads\/2022\/12\/20221111_205301-001-1-1536x1152.jpg 1536w, http:\/\/recettes-gourmandes-de-joce.fr\/wp-content\/uploads\/2022\/12\/20221111_205301-001-1-2048x1536.jpg 2048w, http:\/\/recettes-gourmandes-de-joce.fr\/wp-content\/uploads\/2022\/12\/20221111_205301-001-1-750x563.jpg 750w\" sizes=\"auto, (max-width: 200px) 100vw, 200px\" \/><\/span><\/p>\n<p style=\"text-align: center;\"><span style=\"font-family: georgia, palatino, serif; font-size: 14pt; color: #808000;\"><em><strong><span style=\"text-decoration: underline;\">Recette<\/span><\/strong> -&gt; 1 escalope de dinde <\/em><\/span><\/p>\n<p style=\"text-align: center;\"><span style=\"font-family: georgia, palatino, serif; font-size: 14pt; color: #808000;\"><em>1 morceau de beurre <\/em><\/span><\/p>\n<p style=\"text-align: center;\"><span style=\"font-family: georgia, palatino, serif; font-size: 14pt; color: #808000;\"><em>1 c \u00e0 s s de cr\u00e8me fra\u00eeche. <\/em><\/span><\/p>\n<p style=\"text-align: center;\"><span style=\"font-family: georgia, palatino, serif; font-size: 14pt; color: #808000;\"><em>Sel selon votre convenance<\/em><\/span><\/p>\n<p style=\"text-align: center;\"><span style=\"font-family: georgia, palatino, serif; font-size: 14pt; color: #808000;\"><em>Dans une po\u00eale, \u00a0mettre un morceau de beurre. Ajouter les escalopes, les saler et poivrer sur les deux faces. <\/em><\/span><\/p>\n<p style=\"text-align: center;\"><span style=\"font-family: georgia, palatino, serif; font-size: 14pt; color: #808000;\"><em>Les faire cuire. Lorsqu&rsquo;elles sont cuites ajouter la cr\u00e8me et remuer. <\/em><\/span><\/p>\n<p style=\"text-align: center;\"><span style=\"font-family: georgia, palatino, serif; font-size: 14pt; color: #808000;\"><em>Hacher l&rsquo;escalope et servir avec un peu de sauce.<\/em><\/span><\/p>\n<p style=\"text-align: center;\"><span style=\"color: #808000;\"><strong><span style=\"text-decoration: underline;\"><span style=\"font-family: georgia, palatino, serif; font-size: 14pt;\"><em>Pur\u00e9e de pommes de terre<\/em><\/span><\/span><\/strong><\/span><\/p>\n<p style=\"text-align: center;\"><span style=\"color: #808000;\"><em style=\"font-family: georgia, palatino, serif; font-size: 18.6667px;\"><strong><span style=\"text-decoration: underline;\">Recette<\/span><\/strong>\u00a0sur ce lien -&gt;<span style=\"color: #800080;\"><a style=\"color: #800080;\" href=\"http:\/\/recettes-gourmandes-de-joce.fr\/index.php\/index\/legumes\/purees-diverses\/puree-de-pommes-de-terre\/\">Pur\u00e9e de pommes de terre <\/a><\/span><a style=\"color: #808000;\" href=\"http:\/\/recettes-gourmandes-de-joce.fr\/index.php\/index\/legumes\/purees-diverses\/puree-de-pommes-de-terre\/\"><img loading=\"lazy\" decoding=\"async\" class=\"alignnone wp-image-10718\" src=\"http:\/\/recettes-gourmandes-de-joce.fr\/wp-content\/uploads\/2019\/11\/20191121_202823-300x225.jpg\" alt=\"\" width=\"200\" height=\"150\" srcset=\"http:\/\/recettes-gourmandes-de-joce.fr\/wp-content\/uploads\/2019\/11\/20191121_202823-300x225.jpg 300w, http:\/\/recettes-gourmandes-de-joce.fr\/wp-content\/uploads\/2019\/11\/20191121_202823.jpg 640w\" sizes=\"auto, (max-width: 200px) 100vw, 200px\" \/><\/a><\/em><\/span><\/p>\n<p style=\"text-align: center;\"><span style=\"color: #808000;\"><strong><span style=\"text-decoration: underline;\"><span style=\"font-family: georgia, palatino, serif; font-size: 14pt;\"><em>Haricots verts frais<\/em><\/span><\/span><\/strong><\/span><\/p>\n<p style=\"text-align: center;\"><span style=\"color: #808000;\"><img loading=\"lazy\" decoding=\"async\" class=\"alignnone wp-image-23236\" src=\"http:\/\/recettes-gourmandes-de-joce.fr\/wp-content\/uploads\/2020\/07\/20200620_181409-300x225.jpg\" alt=\"\" width=\"200\" height=\"150\" srcset=\"http:\/\/recettes-gourmandes-de-joce.fr\/wp-content\/uploads\/2020\/07\/20200620_181409-300x225.jpg 300w, http:\/\/recettes-gourmandes-de-joce.fr\/wp-content\/uploads\/2020\/07\/20200620_181409-768x576.jpg 768w, http:\/\/recettes-gourmandes-de-joce.fr\/wp-content\/uploads\/2020\/07\/20200620_181409.jpg 800w\" sizes=\"auto, (max-width: 200px) 100vw, 200px\" \/> <img loading=\"lazy\" decoding=\"async\" class=\"alignnone wp-image-23237\" src=\"http:\/\/recettes-gourmandes-de-joce.fr\/wp-content\/uploads\/2020\/07\/20200629_200758-300x225.jpg\" alt=\"\" width=\"200\" height=\"150\" srcset=\"http:\/\/recettes-gourmandes-de-joce.fr\/wp-content\/uploads\/2020\/07\/20200629_200758-300x225.jpg 300w, http:\/\/recettes-gourmandes-de-joce.fr\/wp-content\/uploads\/2020\/07\/20200629_200758-768x576.jpg 768w, http:\/\/recettes-gourmandes-de-joce.fr\/wp-content\/uploads\/2020\/07\/20200629_200758.jpg 800w\" sizes=\"auto, (max-width: 200px) 100vw, 200px\" \/><\/span><\/p>\n<p style=\"text-align: center;\"><span style=\"font-family: georgia, palatino, serif; font-size: 14pt; color: #808000;\"><em><strong><span style=\"text-decoration: underline;\">Recette<\/span><\/strong> -&gt; Haricots verts<\/em><\/span><\/p>\n<p style=\"text-align: center;\"><span style=\"font-family: georgia, palatino, serif; font-size: 14pt; color: #808000;\"><em> eau<\/em><\/span><\/p>\n<p style=\"text-align: center;\"><span style=\"font-family: georgia, palatino, serif; font-size: 14pt; color: #808000;\"><em> sel<\/em><\/span><\/p>\n<p style=\"text-align: center;\"><span style=\"font-family: georgia, palatino, serif; font-size: 14pt; color: #808000;\"><em>\u00c9queuter les haricots, les laver et les mettre \u00e0 cuire dans une marmite d\u2019eau sal\u00e9e. Lorsqu\u2019ils ont atteint la cuisson d\u00e9sir\u00e9e (pour b\u00e9b\u00e9 bien cuits), les \u00e9goutter.<\/em><\/span><\/p>\n<p style=\"text-align: center;\"><span style=\"color: #808000;\"><img loading=\"lazy\" decoding=\"async\" class=\"alignnone size-full wp-image-59803\" src=\"http:\/\/recettes-gourmandes-de-joce.fr\/wp-content\/uploads\/2024\/01\/logitech-gaming-software-14112014-121223.jpg\" alt=\"\" width=\"640\" height=\"144\" \/><\/span><\/p>\n<p>&nbsp;<\/p>\n","protected":false},"excerpt":{"rendered":"<p>Un des petits plats r\u00e9alis\u00e9s par ma fille Je n&rsquo;indiquerai pas de quantit\u00e9s mais simplement la composition du repas, il sera \u00e0 adapter \u00e0 votre enfant selon son \u00e2ge. \u00c0 titre indicatif ce sont les repas de ma petite fille Hella \u00e2g\u00e9e de 12 mois et valid\u00e9s pas son m\u00e9decin \ud83d\ude09 Ingr\u00e9dients Escalope de poulet &hellip; <\/p>\n<p><a class=\"more-link btn\" href=\"http:\/\/recettes-gourmandes-de-joce.fr\/index.php\/index\/repas-pour-bebes-enfants-les-ptits-plats-de-hella\/petit-plat-descalope-de-poulet-a-la-creme-haricots-verts-et-puree-de-pommes-de-terre\/\">Lire la suite<\/a><\/p>\n","protected":false},"author":2,"featured_media":60817,"parent":60448,"menu_order":0,"comment_status":"open","ping_status":"closed","template":"","meta":{"footnotes":""},"class_list":["post-60818","page","type-page","status-publish","has-post-thumbnail","hentry","nodate","item-wrap"],"_links":{"self":[{"href":"http:\/\/recettes-gourmandes-de-joce.fr\/index.php\/wp-json\/wp\/v2\/pages\/60818","targetHints":{"allow":["GET"]}}],"collection":[{"href":"http:\/\/recettes-gourmandes-de-joce.fr\/index.php\/wp-json\/wp\/v2\/pages"}],"about":[{"href":"http:\/\/recettes-gourmandes-de-joce.fr\/index.php\/wp-json\/wp\/v2\/types\/page"}],"author":[{"embeddable":true,"href":"http:\/\/recettes-gourmandes-de-joce.fr\/index.php\/wp-json\/wp\/v2\/users\/2"}],"replies":[{"embeddable":true,"href":"http:\/\/recettes-gourmandes-de-joce.fr\/index.php\/wp-json\/wp\/v2\/comments?post=60818"}],"version-history":[{"count":2,"href":"http:\/\/recettes-gourmandes-de-joce.fr\/index.php\/wp-json\/wp\/v2\/pages\/60818\/revisions"}],"predecessor-version":[{"id":90692,"href":"http:\/\/recettes-gourmandes-de-joce.fr\/index.php\/wp-json\/wp\/v2\/pages\/60818\/revisions\/90692"}],"up":[{"embeddable":true,"href":"http:\/\/recettes-gourmandes-de-joce.fr\/index.php\/wp-json\/wp\/v2\/pages\/60448"}],"wp:featuredmedia":[{"embeddable":true,"href":"http:\/\/recettes-gourmandes-de-joce.fr\/index.php\/wp-json\/wp\/v2\/media\/60817"}],"wp:attachment":[{"href":"http:\/\/recettes-gourmandes-de-joce.fr\/index.php\/wp-json\/wp\/v2\/media?parent=60818"}],"curies":[{"name":"wp","href":"https:\/\/api.w.org\/{rel}","templated":true}]}}