{"id":60792,"date":"2024-03-05T23:23:09","date_gmt":"2024-03-05T23:23:09","guid":{"rendered":"https:\/\/recettes-gourmandes-de-joce.fr\/?page_id=60792"},"modified":"2024-10-25T11:33:46","modified_gmt":"2024-10-25T11:33:46","slug":"salade-de-semoule-aux-tenders-de-poulet-et-crudites","status":"publish","type":"page","link":"http:\/\/recettes-gourmandes-de-joce.fr\/index.php\/index\/entrees\/salades-crudites\/salade-de-semoule-aux-tenders-de-poulet-et-crudites\/","title":{"rendered":"Salade de semoule aux tenders de poulet et crudit\u00e9s."},"content":{"rendered":"<p style=\"text-align: center;\"><span style=\"text-decoration: underline; color: #008080;\"><span style=\"font-size: 18pt; font-family: georgia, palatino, serif;\"><em>Une de mes recettes<\/em><\/span><\/span><\/p>\n<p style=\"text-align: center;\"><span style=\"color: #008080;\"><img loading=\"lazy\" decoding=\"async\" class=\"alignnone wp-image-60812\" src=\"http:\/\/recettes-gourmandes-de-joce.fr\/wp-content\/uploads\/2024\/03\/20240305_193312.jpg\" alt=\"\" width=\"244\" height=\"180\" srcset=\"http:\/\/recettes-gourmandes-de-joce.fr\/wp-content\/uploads\/2024\/03\/20240305_193312.jpg 800w, http:\/\/recettes-gourmandes-de-joce.fr\/wp-content\/uploads\/2024\/03\/20240305_193312-768x565.jpg 768w, http:\/\/recettes-gourmandes-de-joce.fr\/wp-content\/uploads\/2024\/03\/20240305_193312-750x552.jpg 750w\" sizes=\"auto, (max-width: 244px) 100vw, 244px\" \/> <img loading=\"lazy\" decoding=\"async\" class=\"alignnone wp-image-60810\" src=\"http:\/\/recettes-gourmandes-de-joce.fr\/wp-content\/uploads\/2024\/03\/20240305_193301.jpg\" alt=\"\" width=\"240\" height=\"180\" srcset=\"http:\/\/recettes-gourmandes-de-joce.fr\/wp-content\/uploads\/2024\/03\/20240305_193301.jpg 800w, http:\/\/recettes-gourmandes-de-joce.fr\/wp-content\/uploads\/2024\/03\/20240305_193301-768x576.jpg 768w, http:\/\/recettes-gourmandes-de-joce.fr\/wp-content\/uploads\/2024\/03\/20240305_193301-750x563.jpg 750w\" sizes=\"auto, (max-width: 240px) 100vw, 240px\" \/> <img loading=\"lazy\" decoding=\"async\" class=\"alignnone wp-image-60807\" src=\"http:\/\/recettes-gourmandes-de-joce.fr\/wp-content\/uploads\/2024\/03\/20240305_193255.jpg\" alt=\"\" width=\"241\" height=\"180\" srcset=\"http:\/\/recettes-gourmandes-de-joce.fr\/wp-content\/uploads\/2024\/03\/20240305_193255.jpg 800w, http:\/\/recettes-gourmandes-de-joce.fr\/wp-content\/uploads\/2024\/03\/20240305_193255-768x573.jpg 768w, http:\/\/recettes-gourmandes-de-joce.fr\/wp-content\/uploads\/2024\/03\/20240305_193255-750x560.jpg 750w\" sizes=\"auto, (max-width: 241px) 100vw, 241px\" \/><\/span><\/p>\n<p style=\"text-align: center;\"><span style=\"text-decoration: underline; color: #008080;\"><span style=\"font-size: 18pt; font-family: georgia, palatino, serif;\"><em> Ingr\u00e9dients pour 3 personnes<\/em><\/span><\/span><\/p>\n<p style=\"text-align: center;\"><span style=\"color: #008080;\"><img loading=\"lazy\" decoding=\"async\" class=\"alignnone wp-image-60793\" src=\"http:\/\/recettes-gourmandes-de-joce.fr\/wp-content\/uploads\/2024\/03\/20240305_185714.jpg\" alt=\"\" width=\"191\" height=\"200\" srcset=\"http:\/\/recettes-gourmandes-de-joce.fr\/wp-content\/uploads\/2024\/03\/20240305_185714.jpg 763w, http:\/\/recettes-gourmandes-de-joce.fr\/wp-content\/uploads\/2024\/03\/20240305_185714-750x786.jpg 750w\" sizes=\"auto, (max-width: 191px) 100vw, 191px\" \/><\/span><\/p>\n<p style=\"text-align: center;\"><span style=\"font-family: georgia, palatino, serif; color: #008080;\"><em><span style=\"font-size: 14pt;\">9 tenders de poulet<\/span><\/em><\/span><\/p>\n<p style=\"text-align: center;\"><span style=\"font-family: georgia, palatino, serif; color: #008080;\"><em><span style=\"font-size: 14pt;\"> \u00bd poivron jaune <\/span><\/em><\/span><\/p>\n<p style=\"text-align: center;\"><span style=\"font-family: georgia, palatino, serif; color: #008080;\"><em><span style=\"font-size: 14pt;\">2 tomates<\/span><\/em><\/span><\/p>\n<p style=\"text-align: center;\"><span style=\"font-family: georgia, palatino, serif; color: #008080;\"><em><span style=\"font-size: 14pt;\"> 1 oignon Blanc et ses tiges <\/span><\/em><\/span><\/p>\n<p style=\"text-align: center;\"><span style=\"font-family: georgia, palatino, serif; color: #008080;\"><em><span style=\"font-size: 14pt;\">2 carottes <\/span><\/em><\/span><\/p>\n<p style=\"text-align: center;\"><span style=\"font-family: georgia, palatino, serif; color: #008080;\"><em><span style=\"font-size: 14pt;\">5 feuilles de basilic <\/span><\/em><\/span><\/p>\n<p style=\"text-align: center;\"><span style=\"font-family: georgia, palatino, serif; color: #008080;\"><em><span style=\"font-size: 14pt;\">3 branches de persil <\/span><\/em><\/span><\/p>\n<p style=\"text-align: center;\"><span style=\"font-family: georgia, palatino, serif; color: #008080;\"><em><span style=\"font-size: 14pt;\">1 c \u00e0 s de m\u00e9lange marocain\u00a0 d\u00e9tails sur ce lien -&gt; <span style=\"color: #800080;\">\u00c9pic\u00e9too<\/span><\/span><\/em><\/span><\/p>\n<p style=\"text-align: center;\"><span style=\"color: #008080;\"> <em style=\"font-family: georgia, palatino, serif;\"><span style=\"font-size: 14pt;\">1 citron <\/span><\/em><em style=\"font-family: georgia, palatino, serif;\"><span style=\"font-size: 14pt;\">vert <\/span><\/em><\/span><\/p>\n<p style=\"text-align: center;\"><span style=\"color: #008080;\"><em style=\"font-family: georgia, palatino, serif;\"><span style=\"font-size: 14pt;\">150 g de semoule moyenne<\/span><\/em><\/span><\/p>\n<p style=\"text-align: center;\"><span style=\"color: #008080;\"><em style=\"font-family: georgia, palatino, serif;\"><span style=\"font-size: 14pt;\"> 220 g d&rsquo;eau chaude<\/span><\/em><\/span><\/p>\n<p style=\"text-align: center;\"><span style=\"color: #008080;\"><em style=\"font-family: georgia, palatino, serif;\"><span style=\"font-size: 14pt;\">3 c \u00e0 s d&rsquo;huile d&rsquo;olive<\/span><\/em><\/span><\/p>\n<p style=\"text-align: center;\"><span style=\"font-family: georgia, palatino, serif; color: #008080;\"><em><span style=\"font-size: 14pt;\">Sel et poivre Recette des tenders de poulet sur ce lien -&gt; <a style=\"color: #008080;\" href=\"http:\/\/recettes-gourmandes-de-joce.fr\/index.php\/index\/viandes\/volailles\/poulet\/tenders-de-poulet-epices\/\"><span style=\"color: #800080;\">Tenders de poulet<\/span> <img loading=\"lazy\" decoding=\"async\" class=\"alignnone wp-image-57766\" src=\"http:\/\/recettes-gourmandes-de-joce.fr\/wp-content\/uploads\/2023\/11\/20231116_194153-001.jpg\" alt=\"\" width=\"213\" height=\"160\" srcset=\"http:\/\/recettes-gourmandes-de-joce.fr\/wp-content\/uploads\/2023\/11\/20231116_194153-001.jpg 800w, http:\/\/recettes-gourmandes-de-joce.fr\/wp-content\/uploads\/2023\/11\/20231116_194153-001-768x576.jpg 768w, http:\/\/recettes-gourmandes-de-joce.fr\/wp-content\/uploads\/2023\/11\/20231116_194153-001-750x563.jpg 750w\" sizes=\"auto, (max-width: 213px) 100vw, 213px\" \/><\/a><\/span><\/em><\/span><\/p>\n<p style=\"text-align: center;\"><span style=\"color: #008080;\"><img loading=\"lazy\" decoding=\"async\" class=\"alignnone wp-image-60800\" src=\"http:\/\/recettes-gourmandes-de-joce.fr\/wp-content\/uploads\/2024\/03\/20240305_191324.jpg\" alt=\"\" width=\"233\" height=\"170\" srcset=\"http:\/\/recettes-gourmandes-de-joce.fr\/wp-content\/uploads\/2024\/03\/20240305_191324.jpg 800w, http:\/\/recettes-gourmandes-de-joce.fr\/wp-content\/uploads\/2024\/03\/20240305_191324-768x561.jpg 768w, http:\/\/recettes-gourmandes-de-joce.fr\/wp-content\/uploads\/2024\/03\/20240305_191324-750x548.jpg 750w\" sizes=\"auto, (max-width: 233px) 100vw, 233px\" \/> <img loading=\"lazy\" decoding=\"async\" class=\"alignnone wp-image-60801\" src=\"http:\/\/recettes-gourmandes-de-joce.fr\/wp-content\/uploads\/2024\/03\/20240305_191451.jpg\" alt=\"\" width=\"227\" height=\"170\" srcset=\"http:\/\/recettes-gourmandes-de-joce.fr\/wp-content\/uploads\/2024\/03\/20240305_191451.jpg 800w, http:\/\/recettes-gourmandes-de-joce.fr\/wp-content\/uploads\/2024\/03\/20240305_191451-768x576.jpg 768w, http:\/\/recettes-gourmandes-de-joce.fr\/wp-content\/uploads\/2024\/03\/20240305_191451-750x563.jpg 750w\" sizes=\"auto, (max-width: 227px) 100vw, 227px\" \/> <img loading=\"lazy\" decoding=\"async\" class=\"alignnone wp-image-31530\" src=\"http:\/\/recettes-gourmandes-de-joce.fr\/wp-content\/uploads\/2021\/05\/20210509_101222-1-300x225.jpg\" alt=\"\" width=\"228\" height=\"171\" srcset=\"http:\/\/recettes-gourmandes-de-joce.fr\/wp-content\/uploads\/2021\/05\/20210509_101222-1-300x225.jpg 300w, http:\/\/recettes-gourmandes-de-joce.fr\/wp-content\/uploads\/2021\/05\/20210509_101222-1-768x576.jpg 768w, http:\/\/recettes-gourmandes-de-joce.fr\/wp-content\/uploads\/2021\/05\/20210509_101222-1-750x563.jpg 750w, http:\/\/recettes-gourmandes-de-joce.fr\/wp-content\/uploads\/2021\/05\/20210509_101222-1.jpg 800w\" sizes=\"auto, (max-width: 228px) 100vw, 228px\" \/><\/span><\/p>\n<p style=\"text-align: center;\"><span style=\"font-size: 14pt; font-family: georgia, palatino, serif; color: #008080;\"><em>Mettre la semoule dans un saladier, saler et poivrer, ajouter les \u00e9pices marocaines et m\u00e9langer, ajouter les 220 g d&rsquo;eau chaude remuer et laisser gonfler et l&rsquo;\u00e9grainer lorsqu&rsquo;elle a bien gonfl\u00e9e.<\/em><\/span><\/p>\n<p style=\"text-align: center;\"><span style=\"font-size: 14pt; font-family: georgia, palatino, serif; color: #008080;\"><em><img loading=\"lazy\" decoding=\"async\" class=\"alignnone wp-image-60794\" src=\"http:\/\/recettes-gourmandes-de-joce.fr\/wp-content\/uploads\/2024\/03\/20240305_190716.jpg\" alt=\"\" width=\"250\" height=\"170\" srcset=\"http:\/\/recettes-gourmandes-de-joce.fr\/wp-content\/uploads\/2024\/03\/20240305_190716.jpg 800w, http:\/\/recettes-gourmandes-de-joce.fr\/wp-content\/uploads\/2024\/03\/20240305_190716-768x523.jpg 768w, http:\/\/recettes-gourmandes-de-joce.fr\/wp-content\/uploads\/2024\/03\/20240305_190716-750x511.jpg 750w\" sizes=\"auto, (max-width: 250px) 100vw, 250px\" \/>\u00a0 <img loading=\"lazy\" decoding=\"async\" class=\"alignnone wp-image-58417\" src=\"http:\/\/recettes-gourmandes-de-joce.fr\/wp-content\/uploads\/2023\/12\/20231220_151736.jpg\" alt=\"\" width=\"227\" height=\"170\" srcset=\"http:\/\/recettes-gourmandes-de-joce.fr\/wp-content\/uploads\/2023\/12\/20231220_151736.jpg 800w, http:\/\/recettes-gourmandes-de-joce.fr\/wp-content\/uploads\/2023\/12\/20231220_151736-768x576.jpg 768w, http:\/\/recettes-gourmandes-de-joce.fr\/wp-content\/uploads\/2023\/12\/20231220_151736-750x563.jpg 750w\" sizes=\"auto, (max-width: 227px) 100vw, 227px\" \/>\u00a0<img loading=\"lazy\" decoding=\"async\" class=\"alignnone wp-image-60803\" src=\"http:\/\/recettes-gourmandes-de-joce.fr\/wp-content\/uploads\/2024\/03\/20240305_191845.jpg\" alt=\"\" width=\"250\" height=\"170\" srcset=\"http:\/\/recettes-gourmandes-de-joce.fr\/wp-content\/uploads\/2024\/03\/20240305_191845.jpg 800w, http:\/\/recettes-gourmandes-de-joce.fr\/wp-content\/uploads\/2024\/03\/20240305_191845-768x522.jpg 768w, http:\/\/recettes-gourmandes-de-joce.fr\/wp-content\/uploads\/2024\/03\/20240305_191845-750x510.jpg 750w\" sizes=\"auto, (max-width: 250px) 100vw, 250px\" \/> \u00a0<\/em><\/span><\/p>\n<p style=\"text-align: center;\"><span style=\"font-size: 14pt; font-family: georgia, palatino, serif; color: #008080;\"><em>Couper les tenders en morceaux, laver et couper en petits morceaux les tomates et le poivrons, peler les carottes et les couper en lani\u00e8res \u00e0 l&rsquo;aide d&rsquo;un \u00e9conome, les hacher ensuite grossi\u00e8rement. Laver et ciseler finement le persil et le basilic. Hacher l&rsquo;oignon et ciseler ses tiges. Pr\u00e9lever les zestes du citron, m\u00e9langer le jus du citron avec l&rsquo;huile d&rsquo;olive.<\/em><\/span><\/p>\n<p style=\"text-align: center;\"><span style=\"font-size: 14pt; font-family: georgia, palatino, serif; color: #008080;\"><em><img loading=\"lazy\" decoding=\"async\" class=\"alignnone wp-image-60795\" src=\"http:\/\/recettes-gourmandes-de-joce.fr\/wp-content\/uploads\/2024\/03\/20240305_190825.jpg\" alt=\"\" width=\"208\" height=\"170\" srcset=\"http:\/\/recettes-gourmandes-de-joce.fr\/wp-content\/uploads\/2024\/03\/20240305_190825.jpg 800w, http:\/\/recettes-gourmandes-de-joce.fr\/wp-content\/uploads\/2024\/03\/20240305_190825-768x629.jpg 768w, http:\/\/recettes-gourmandes-de-joce.fr\/wp-content\/uploads\/2024\/03\/20240305_190825-750x614.jpg 750w\" sizes=\"auto, (max-width: 208px) 100vw, 208px\" \/> <img loading=\"lazy\" decoding=\"async\" class=\"alignnone wp-image-60796\" src=\"http:\/\/recettes-gourmandes-de-joce.fr\/wp-content\/uploads\/2024\/03\/20240305_190856.jpg\" alt=\"\" width=\"186\" height=\"170\" srcset=\"http:\/\/recettes-gourmandes-de-joce.fr\/wp-content\/uploads\/2024\/03\/20240305_190856.jpg 800w, http:\/\/recettes-gourmandes-de-joce.fr\/wp-content\/uploads\/2024\/03\/20240305_190856-768x702.jpg 768w, http:\/\/recettes-gourmandes-de-joce.fr\/wp-content\/uploads\/2024\/03\/20240305_190856-750x685.jpg 750w\" sizes=\"auto, (max-width: 186px) 100vw, 186px\" \/> <img loading=\"lazy\" decoding=\"async\" class=\"alignnone wp-image-60797\" src=\"http:\/\/recettes-gourmandes-de-joce.fr\/wp-content\/uploads\/2024\/03\/20240305_190923.jpg\" alt=\"\" width=\"200\" height=\"170\" srcset=\"http:\/\/recettes-gourmandes-de-joce.fr\/wp-content\/uploads\/2024\/03\/20240305_190923.jpg 800w, http:\/\/recettes-gourmandes-de-joce.fr\/wp-content\/uploads\/2024\/03\/20240305_190923-768x653.jpg 768w, http:\/\/recettes-gourmandes-de-joce.fr\/wp-content\/uploads\/2024\/03\/20240305_190923-750x638.jpg 750w\" sizes=\"auto, (max-width: 200px) 100vw, 200px\" \/> \u00a0<\/em><\/span><\/p>\n<p style=\"text-align: center;\"><span style=\"font-size: 14pt; font-family: georgia, palatino, serif; color: #008080;\"><em>Dans un saladier, mettre les poivrons, les carottes, l&rsquo;oignon et ses tiges, m\u00e9langer, ajouter les tomates et les herbes aromatiques et m\u00e9langer \u00e0 nouveau.<\/em><\/span><\/p>\n<p style=\"text-align: center;\"><span style=\"font-size: 14pt; font-family: georgia, palatino, serif; color: #008080;\"><em><img loading=\"lazy\" decoding=\"async\" class=\"alignnone wp-image-60798\" src=\"http:\/\/recettes-gourmandes-de-joce.fr\/wp-content\/uploads\/2024\/03\/20240305_190953.jpg\" alt=\"\" width=\"203\" height=\"170\" srcset=\"http:\/\/recettes-gourmandes-de-joce.fr\/wp-content\/uploads\/2024\/03\/20240305_190953.jpg 800w, http:\/\/recettes-gourmandes-de-joce.fr\/wp-content\/uploads\/2024\/03\/20240305_190953-768x643.jpg 768w, http:\/\/recettes-gourmandes-de-joce.fr\/wp-content\/uploads\/2024\/03\/20240305_190953-750x628.jpg 750w\" sizes=\"auto, (max-width: 203px) 100vw, 203px\" \/>\u00a0<img loading=\"lazy\" decoding=\"async\" class=\"alignnone wp-image-60802\" src=\"http:\/\/recettes-gourmandes-de-joce.fr\/wp-content\/uploads\/2024\/03\/20240305_191638.jpg\" alt=\"\" width=\"227\" height=\"170\" srcset=\"http:\/\/recettes-gourmandes-de-joce.fr\/wp-content\/uploads\/2024\/03\/20240305_191638.jpg 800w, http:\/\/recettes-gourmandes-de-joce.fr\/wp-content\/uploads\/2024\/03\/20240305_191638-768x576.jpg 768w, http:\/\/recettes-gourmandes-de-joce.fr\/wp-content\/uploads\/2024\/03\/20240305_191638-750x563.jpg 750w\" sizes=\"auto, (max-width: 227px) 100vw, 227px\" \/> <img loading=\"lazy\" decoding=\"async\" class=\"alignnone wp-image-60799\" src=\"http:\/\/recettes-gourmandes-de-joce.fr\/wp-content\/uploads\/2024\/03\/20240305_191018.jpg\" alt=\"\" width=\"193\" height=\"170\" srcset=\"http:\/\/recettes-gourmandes-de-joce.fr\/wp-content\/uploads\/2024\/03\/20240305_191018.jpg 800w, http:\/\/recettes-gourmandes-de-joce.fr\/wp-content\/uploads\/2024\/03\/20240305_191018-768x678.jpg 768w, http:\/\/recettes-gourmandes-de-joce.fr\/wp-content\/uploads\/2024\/03\/20240305_191018-750x662.jpg 750w\" sizes=\"auto, (max-width: 193px) 100vw, 193px\" \/>\u00a0<\/em><\/span><\/p>\n<p style=\"text-align: center;\"><span style=\"font-size: 14pt; font-family: georgia, palatino, serif; color: #008080;\"><em>Ajouter les tenders de poulet, les zestes du citron, m\u00e9langer.<\/em><\/span><\/p>\n<p style=\"text-align: center;\"><span style=\"font-size: 14pt; font-family: georgia, palatino, serif; color: #008080;\"><em><img loading=\"lazy\" decoding=\"async\" class=\"alignnone wp-image-60804\" src=\"http:\/\/recettes-gourmandes-de-joce.fr\/wp-content\/uploads\/2024\/03\/20240305_192010.jpg\" alt=\"\" width=\"203\" height=\"170\" srcset=\"http:\/\/recettes-gourmandes-de-joce.fr\/wp-content\/uploads\/2024\/03\/20240305_192010.jpg 800w, http:\/\/recettes-gourmandes-de-joce.fr\/wp-content\/uploads\/2024\/03\/20240305_192010-768x644.jpg 768w, http:\/\/recettes-gourmandes-de-joce.fr\/wp-content\/uploads\/2024\/03\/20240305_192010-750x629.jpg 750w\" sizes=\"auto, (max-width: 203px) 100vw, 203px\" \/> <img loading=\"lazy\" decoding=\"async\" class=\"alignnone wp-image-60805\" src=\"http:\/\/recettes-gourmandes-de-joce.fr\/wp-content\/uploads\/2024\/03\/20240305_192809.jpg\" alt=\"\" width=\"206\" height=\"170\" srcset=\"http:\/\/recettes-gourmandes-de-joce.fr\/wp-content\/uploads\/2024\/03\/20240305_192809.jpg 800w, http:\/\/recettes-gourmandes-de-joce.fr\/wp-content\/uploads\/2024\/03\/20240305_192809-768x634.jpg 768w, http:\/\/recettes-gourmandes-de-joce.fr\/wp-content\/uploads\/2024\/03\/20240305_192809-750x619.jpg 750w\" sizes=\"auto, (max-width: 206px) 100vw, 206px\" \/> <img loading=\"lazy\" decoding=\"async\" class=\"alignnone wp-image-60806\" src=\"http:\/\/recettes-gourmandes-de-joce.fr\/wp-content\/uploads\/2024\/03\/20240305_193037.jpg\" alt=\"\" width=\"196\" height=\"170\" srcset=\"http:\/\/recettes-gourmandes-de-joce.fr\/wp-content\/uploads\/2024\/03\/20240305_193037.jpg 800w, http:\/\/recettes-gourmandes-de-joce.fr\/wp-content\/uploads\/2024\/03\/20240305_193037-768x667.jpg 768w, http:\/\/recettes-gourmandes-de-joce.fr\/wp-content\/uploads\/2024\/03\/20240305_193037-750x652.jpg 750w\" sizes=\"auto, (max-width: 196px) 100vw, 196px\" \/><\/em><\/span><\/p>\n<p style=\"text-align: center;\"><span style=\"color: #008080; font-size: 14pt;\"><span style=\"font-family: georgia, palatino, serif;\"><em>Verser le m\u00e9langer huile d&rsquo;olive\/jus de citron, saler, poivrer et m\u00e9langer, ajouter la semoule et m\u00e9langer une nouvelle fois rectifier \u00e9ventuellement l&rsquo;assaisonnement et r\u00e9server au r\u00e9frig\u00e9rateur.<\/em><\/span><\/span><\/p>\n<p style=\"text-align: center;\"><span style=\"color: #008080; font-size: 14pt;\"><span style=\"font-family: georgia, palatino, serif;\"><em>Bon app\u00e9tit!<\/em><\/span><\/span><\/p>\n<p style=\"text-align: center;\"><span style=\"color: #008080;\"><img loading=\"lazy\" decoding=\"async\" class=\"alignnone wp-image-60809\" src=\"http:\/\/recettes-gourmandes-de-joce.fr\/wp-content\/uploads\/2024\/03\/20240305_193259.jpg\" alt=\"\" width=\"215\" height=\"180\" srcset=\"http:\/\/recettes-gourmandes-de-joce.fr\/wp-content\/uploads\/2024\/03\/20240305_193259.jpg 800w, http:\/\/recettes-gourmandes-de-joce.fr\/wp-content\/uploads\/2024\/03\/20240305_193259-768x642.jpg 768w, http:\/\/recettes-gourmandes-de-joce.fr\/wp-content\/uploads\/2024\/03\/20240305_193259-750x627.jpg 750w\" sizes=\"auto, (max-width: 215px) 100vw, 215px\" \/> <img loading=\"lazy\" decoding=\"async\" class=\"alignnone wp-image-60811\" src=\"http:\/\/recettes-gourmandes-de-joce.fr\/wp-content\/uploads\/2024\/03\/20240305_193303.jpg\" alt=\"\" width=\"240\" height=\"180\" srcset=\"http:\/\/recettes-gourmandes-de-joce.fr\/wp-content\/uploads\/2024\/03\/20240305_193303.jpg 800w, http:\/\/recettes-gourmandes-de-joce.fr\/wp-content\/uploads\/2024\/03\/20240305_193303-768x576.jpg 768w, http:\/\/recettes-gourmandes-de-joce.fr\/wp-content\/uploads\/2024\/03\/20240305_193303-750x563.jpg 750w\" sizes=\"auto, (max-width: 240px) 100vw, 240px\" \/> <img loading=\"lazy\" decoding=\"async\" class=\"alignnone wp-image-60808\" src=\"http:\/\/recettes-gourmandes-de-joce.fr\/wp-content\/uploads\/2024\/03\/20240305_193257.jpg\" alt=\"\" width=\"246\" height=\"180\" srcset=\"http:\/\/recettes-gourmandes-de-joce.fr\/wp-content\/uploads\/2024\/03\/20240305_193257.jpg 800w, http:\/\/recettes-gourmandes-de-joce.fr\/wp-content\/uploads\/2024\/03\/20240305_193257-768x563.jpg 768w, http:\/\/recettes-gourmandes-de-joce.fr\/wp-content\/uploads\/2024\/03\/20240305_193257-750x549.jpg 750w\" sizes=\"auto, (max-width: 246px) 100vw, 246px\" \/><\/span><\/p>\n<p style=\"text-align: center;\"><span style=\"color: #008080;\"><img loading=\"lazy\" decoding=\"async\" class=\"alignnone wp-image-37354 size-full\" src=\"http:\/\/recettes-gourmandes-de-joce.fr\/wp-content\/uploads\/2021\/06\/logitech-gaming-software-14112014-121223.jpg\" alt=\"\" width=\"640\" height=\"144\" srcset=\"http:\/\/recettes-gourmandes-de-joce.fr\/wp-content\/uploads\/2021\/06\/logitech-gaming-software-14112014-121223.jpg 640w, http:\/\/recettes-gourmandes-de-joce.fr\/wp-content\/uploads\/2021\/06\/logitech-gaming-software-14112014-121223-300x68.jpg 300w\" sizes=\"auto, (max-width: 640px) 100vw, 640px\" \/><\/span><\/p>\n","protected":false},"excerpt":{"rendered":"<p>Une de mes recettes Ingr\u00e9dients pour 3 personnes 9 tenders de poulet \u00bd poivron jaune 2 tomates 1 oignon Blanc et ses tiges 2 carottes 5 feuilles de basilic 3 branches de persil 1 c \u00e0 s de m\u00e9lange marocain\u00a0 d\u00e9tails sur ce lien -&gt; \u00c9pic\u00e9too 1 citron vert 150 g de semoule moyenne 220 &hellip; <\/p>\n<p><a class=\"more-link btn\" href=\"http:\/\/recettes-gourmandes-de-joce.fr\/index.php\/index\/entrees\/salades-crudites\/salade-de-semoule-aux-tenders-de-poulet-et-crudites\/\">Lire la suite<\/a><\/p>\n","protected":false},"author":2,"featured_media":60808,"parent":165,"menu_order":0,"comment_status":"open","ping_status":"closed","template":"","meta":{"footnotes":""},"class_list":["post-60792","page","type-page","status-publish","has-post-thumbnail","hentry","nodate","item-wrap"],"_links":{"self":[{"href":"http:\/\/recettes-gourmandes-de-joce.fr\/index.php\/wp-json\/wp\/v2\/pages\/60792","targetHints":{"allow":["GET"]}}],"collection":[{"href":"http:\/\/recettes-gourmandes-de-joce.fr\/index.php\/wp-json\/wp\/v2\/pages"}],"about":[{"href":"http:\/\/recettes-gourmandes-de-joce.fr\/index.php\/wp-json\/wp\/v2\/types\/page"}],"author":[{"embeddable":true,"href":"http:\/\/recettes-gourmandes-de-joce.fr\/index.php\/wp-json\/wp\/v2\/users\/2"}],"replies":[{"embeddable":true,"href":"http:\/\/recettes-gourmandes-de-joce.fr\/index.php\/wp-json\/wp\/v2\/comments?post=60792"}],"version-history":[{"count":3,"href":"http:\/\/recettes-gourmandes-de-joce.fr\/index.php\/wp-json\/wp\/v2\/pages\/60792\/revisions"}],"predecessor-version":[{"id":90799,"href":"http:\/\/recettes-gourmandes-de-joce.fr\/index.php\/wp-json\/wp\/v2\/pages\/60792\/revisions\/90799"}],"up":[{"embeddable":true,"href":"http:\/\/recettes-gourmandes-de-joce.fr\/index.php\/wp-json\/wp\/v2\/pages\/165"}],"wp:featuredmedia":[{"embeddable":true,"href":"http:\/\/recettes-gourmandes-de-joce.fr\/index.php\/wp-json\/wp\/v2\/media\/60808"}],"wp:attachment":[{"href":"http:\/\/recettes-gourmandes-de-joce.fr\/index.php\/wp-json\/wp\/v2\/media?parent=60792"}],"curies":[{"name":"wp","href":"https:\/\/api.w.org\/{rel}","templated":true}]}}