{"id":60513,"date":"2024-02-26T21:35:34","date_gmt":"2024-02-26T21:35:34","guid":{"rendered":"https:\/\/recettes-gourmandes-de-joce.fr\/?page_id=60513"},"modified":"2024-10-25T11:39:26","modified_gmt":"2024-10-25T11:39:26","slug":"petit-plat-de-jambon-de-poulet-puree-de-pois-gourmands-et-vermicelles","status":"publish","type":"page","link":"http:\/\/recettes-gourmandes-de-joce.fr\/index.php\/index\/repas-pour-bebes-enfants-les-ptits-plats-de-hella\/petit-plat-de-jambon-de-poulet-puree-de-pois-gourmands-et-vermicelles\/","title":{"rendered":"Petit plat de jambon de poulet, pur\u00e9e de pois gourmands et vermicelles."},"content":{"rendered":"<p style=\"text-align: center;\"><span style=\"color: #008000;\"><em><span style=\"text-decoration: underline;\"><span style=\"font-size: 18pt; font-family: georgia, palatino, serif;\">Un de mes petits plats<\/span><\/span><\/em><\/span><\/p>\n<p style=\"text-align: center;\"><span style=\"font-family: georgia, palatino, serif; color: #008000; font-size: 14pt;\"><em>Je n&rsquo;indiquerai pas de quantit\u00e9s mais simplement la composition du repas, <span style=\"text-decoration: underline;\">il sera \u00e0 adapter \u00e0 votre enfant selon son \u00e2ge<\/span>.<\/em><\/span><\/p>\n<p style=\"text-align: center;\"><span style=\"font-family: georgia, palatino, serif; color: #008000; font-size: 14pt;\"><em> \u00c0 titre indicatif ce sont les repas de ma petite fille Hella \u00e2g\u00e9e de 12 mois et valid\u00e9s pas son m\u00e9decin \ud83d\ude09<\/em><\/span><\/p>\n<p style=\"text-align: center;\"><img loading=\"lazy\" decoding=\"async\" class=\"alignnone wp-image-60519\" src=\"http:\/\/recettes-gourmandes-de-joce.fr\/wp-content\/uploads\/2024\/02\/20240226_191400.jpg\" alt=\"\" width=\"333\" height=\"250\" srcset=\"http:\/\/recettes-gourmandes-de-joce.fr\/wp-content\/uploads\/2024\/02\/20240226_191400.jpg 800w, http:\/\/recettes-gourmandes-de-joce.fr\/wp-content\/uploads\/2024\/02\/20240226_191400-768x576.jpg 768w, http:\/\/recettes-gourmandes-de-joce.fr\/wp-content\/uploads\/2024\/02\/20240226_191400-750x563.jpg 750w\" sizes=\"auto, (max-width: 333px) 100vw, 333px\" \/><\/p>\n<p style=\"text-align: center;\"><span style=\"text-decoration: underline; color: #008000;\"><span style=\"font-size: 18pt; font-family: georgia, palatino, serif;\"><em>Ingr\u00e9dients<\/em><\/span><\/span><\/p>\n<p style=\"text-align: center;\"><span style=\"text-decoration: underline; color: #008000;\"><strong><span style=\"font-size: 14pt; font-family: georgia, palatino, serif;\"><em>Jambon de poulet<\/em><\/span><\/strong><\/span><\/p>\n<p style=\"text-align: center;\"><img loading=\"lazy\" decoding=\"async\" class=\"alignnone wp-image-60512\" src=\"http:\/\/recettes-gourmandes-de-joce.fr\/wp-content\/uploads\/2024\/02\/20240226_162205.jpg\" alt=\"\" width=\"213\" height=\"160\" srcset=\"http:\/\/recettes-gourmandes-de-joce.fr\/wp-content\/uploads\/2024\/02\/20240226_162205.jpg 800w, http:\/\/recettes-gourmandes-de-joce.fr\/wp-content\/uploads\/2024\/02\/20240226_162205-768x576.jpg 768w, http:\/\/recettes-gourmandes-de-joce.fr\/wp-content\/uploads\/2024\/02\/20240226_162205-750x563.jpg 750w\" sizes=\"auto, (max-width: 213px) 100vw, 213px\" \/><\/p>\n<p style=\"text-align: center;\"><span style=\"text-decoration: underline; color: #008000;\"><strong><span style=\"font-family: georgia, palatino, serif; font-size: 14pt;\"><em>Pur\u00e9e de pois gourmands<\/em><\/span><\/strong><\/span><\/p>\n<p style=\"text-align: center;\"><a href=\"http:\/\/recettes-gourmandes-de-joce.fr\/index.php\/index\/legumes\/purees-diverses\/puree-de-pois-gourmands\/\"><img loading=\"lazy\" decoding=\"async\" class=\"alignnone wp-image-60522\" src=\"http:\/\/recettes-gourmandes-de-joce.fr\/wp-content\/uploads\/2024\/02\/20240226_164952.jpg\" alt=\"\" width=\"135\" height=\"160\" \/><\/a><\/p>\n<p style=\"text-align: center;\"><span style=\"font-family: georgia, palatino, serif; font-size: 14pt; color: #008000;\"><em><strong>Recette sur ce lien<\/strong> -&gt; <a href=\"http:\/\/recettes-gourmandes-de-joce.fr\/index.php\/index\/legumes\/purees-diverses\/puree-de-pois-gourmands\/\">Pur\u00e9e de pois gourmands<\/a><\/em><\/span><\/p>\n<p style=\"text-align: center;\"><span style=\"font-size: 14pt; font-family: georgia, palatino, serif; color: #008000;\"><em><strong>Vermicelle<\/strong><\/em><\/span><\/p>\n<p style=\"text-align: center;\"><span style=\"font-size: 14pt; font-family: georgia, palatino, serif; color: #008000;\"><em><img loading=\"lazy\" decoding=\"async\" class=\"alignnone wp-image-47328 lazy-loaded\" src=\"http:\/\/recettes-gourmandes-de-joce.fr\/wp-content\/uploads\/2022\/11\/20221116_194803-300x224.jpg\" sizes=\"auto, (max-width: 214px) 100vw, 214px\" srcset=\"https:\/\/recettes-gourmandes-de-joce.fr\/wp-content\/uploads\/2022\/11\/20221116_194803-300x224.jpg 300w, https:\/\/recettes-gourmandes-de-joce.fr\/wp-content\/uploads\/2022\/11\/20221116_194803-1024x765.jpg 1024w, https:\/\/recettes-gourmandes-de-joce.fr\/wp-content\/uploads\/2022\/11\/20221116_194803-768x574.jpg 768w, https:\/\/recettes-gourmandes-de-joce.fr\/wp-content\/uploads\/2022\/11\/20221116_194803-1536x1148.jpg 1536w, https:\/\/recettes-gourmandes-de-joce.fr\/wp-content\/uploads\/2022\/11\/20221116_194803-2048x1531.jpg 2048w, https:\/\/recettes-gourmandes-de-joce.fr\/wp-content\/uploads\/2022\/11\/20221116_194803-750x561.jpg 750w\" alt=\"\" width=\"214\" height=\"160\" data-lazy-type=\"image\" data-src=\"http:\/\/recettes-gourmandes-de-joce.fr\/wp-content\/uploads\/2022\/11\/20221116_194803-300x224.jpg\" data-srcset=\"\" \/>\u00a0<img loading=\"lazy\" decoding=\"async\" class=\"alignnone wp-image-40745 lazy-loaded\" src=\"http:\/\/recettes-gourmandes-de-joce.fr\/wp-content\/uploads\/2021\/11\/soupe-choux-ail14-300x204.jpg\" sizes=\"auto, (max-width: 235px) 100vw, 235px\" srcset=\"https:\/\/recettes-gourmandes-de-joce.fr\/wp-content\/uploads\/2021\/11\/soupe-choux-ail14-300x204.jpg 300w, https:\/\/recettes-gourmandes-de-joce.fr\/wp-content\/uploads\/2021\/11\/soupe-choux-ail14-768x522.jpg 768w, https:\/\/recettes-gourmandes-de-joce.fr\/wp-content\/uploads\/2021\/11\/soupe-choux-ail14-750x510.jpg 750w, https:\/\/recettes-gourmandes-de-joce.fr\/wp-content\/uploads\/2021\/11\/soupe-choux-ail14.jpg 1024w\" alt=\"\" width=\"235\" height=\"160\" data-lazy-type=\"image\" data-src=\"http:\/\/recettes-gourmandes-de-joce.fr\/wp-content\/uploads\/2021\/11\/soupe-choux-ail14-300x204.jpg\" data-srcset=\"\" \/><\/em><\/span><\/p>\n<p style=\"text-align: center;\"><span style=\"font-size: 14pt; font-family: georgia, palatino, serif; color: #008000;\"><em><strong>Recette<\/strong>\u00a0-&gt; Dans une casserole d\u2019eau sal\u00e9e \u00e0 \u00e9bullition verser le vermicelle. Le cuire le temps indiqu\u00e9 sur le paquet en g\u00e9n\u00e9ral 5 minutes suffisent. Lorsqu\u2019il est cuit l\u2019\u00e9goutter.<\/em><\/span><\/p>\n<p style=\"text-align: center;\"><span style=\"color: #008000;\"><img loading=\"lazy\" decoding=\"async\" class=\"alignnone size-full wp-image-59803\" src=\"http:\/\/recettes-gourmandes-de-joce.fr\/wp-content\/uploads\/2024\/01\/logitech-gaming-software-14112014-121223.jpg\" alt=\"\" width=\"640\" height=\"144\" \/><\/span><\/p>\n<p>&nbsp;<\/p>\n","protected":false},"excerpt":{"rendered":"<p>Un de mes petits plats Je n&rsquo;indiquerai pas de quantit\u00e9s mais simplement la composition du repas, il sera \u00e0 adapter \u00e0 votre enfant selon son \u00e2ge. \u00c0 titre indicatif ce sont les repas de ma petite fille Hella \u00e2g\u00e9e de 12 mois et valid\u00e9s pas son m\u00e9decin \ud83d\ude09 Ingr\u00e9dients Jambon de poulet Pur\u00e9e de pois &hellip; <\/p>\n<p><a class=\"more-link btn\" href=\"http:\/\/recettes-gourmandes-de-joce.fr\/index.php\/index\/repas-pour-bebes-enfants-les-ptits-plats-de-hella\/petit-plat-de-jambon-de-poulet-puree-de-pois-gourmands-et-vermicelles\/\">Lire la suite<\/a><\/p>\n","protected":false},"author":2,"featured_media":60519,"parent":60448,"menu_order":0,"comment_status":"open","ping_status":"closed","template":"","meta":{"footnotes":""},"class_list":["post-60513","page","type-page","status-publish","has-post-thumbnail","hentry","nodate","item-wrap"],"_links":{"self":[{"href":"http:\/\/recettes-gourmandes-de-joce.fr\/index.php\/wp-json\/wp\/v2\/pages\/60513","targetHints":{"allow":["GET"]}}],"collection":[{"href":"http:\/\/recettes-gourmandes-de-joce.fr\/index.php\/wp-json\/wp\/v2\/pages"}],"about":[{"href":"http:\/\/recettes-gourmandes-de-joce.fr\/index.php\/wp-json\/wp\/v2\/types\/page"}],"author":[{"embeddable":true,"href":"http:\/\/recettes-gourmandes-de-joce.fr\/index.php\/wp-json\/wp\/v2\/users\/2"}],"replies":[{"embeddable":true,"href":"http:\/\/recettes-gourmandes-de-joce.fr\/index.php\/wp-json\/wp\/v2\/comments?post=60513"}],"version-history":[{"count":4,"href":"http:\/\/recettes-gourmandes-de-joce.fr\/index.php\/wp-json\/wp\/v2\/pages\/60513\/revisions"}],"predecessor-version":[{"id":90797,"href":"http:\/\/recettes-gourmandes-de-joce.fr\/index.php\/wp-json\/wp\/v2\/pages\/60513\/revisions\/90797"}],"up":[{"embeddable":true,"href":"http:\/\/recettes-gourmandes-de-joce.fr\/index.php\/wp-json\/wp\/v2\/pages\/60448"}],"wp:featuredmedia":[{"embeddable":true,"href":"http:\/\/recettes-gourmandes-de-joce.fr\/index.php\/wp-json\/wp\/v2\/media\/60519"}],"wp:attachment":[{"href":"http:\/\/recettes-gourmandes-de-joce.fr\/index.php\/wp-json\/wp\/v2\/media?parent=60513"}],"curies":[{"name":"wp","href":"https:\/\/api.w.org\/{rel}","templated":true}]}}