{"id":60460,"date":"2024-02-25T15:34:54","date_gmt":"2024-02-25T15:34:54","guid":{"rendered":"https:\/\/recettes-gourmandes-de-joce.fr\/?page_id=60460"},"modified":"2024-10-25T11:32:19","modified_gmt":"2024-10-25T11:32:19","slug":"petit-plat-de-saumon-puree-de-celeri-et-vermicelle","status":"publish","type":"page","link":"http:\/\/recettes-gourmandes-de-joce.fr\/index.php\/index\/repas-pour-bebes-enfants-les-ptits-plats-de-hella\/petit-plat-de-saumon-puree-de-celeri-et-vermicelle\/","title":{"rendered":"Petit plat de saumon, pur\u00e9e de c\u00e9leri et vermicelle."},"content":{"rendered":"<p style=\"text-align: center;\"><span style=\"color: #ffaf99;\"><em><span style=\"text-decoration: underline;\"><span style=\"font-size: 18pt; font-family: georgia, palatino, serif;\">Un de mes petits plats<\/span><\/span><\/em><\/span><\/p>\n<p style=\"text-align: center;\"><span style=\"font-family: georgia, palatino, serif; color: #ffaf99; font-size: 14pt;\"><em>Je n&rsquo;indiquerai pas de quantit\u00e9s mais simplement la composition du repas, <span style=\"text-decoration: underline;\">il sera \u00e0 adapter \u00e0 votre enfant selon son \u00e2ge<\/span>.<\/em><\/span><\/p>\n<p style=\"text-align: center;\"><span style=\"font-family: georgia, palatino, serif; color: #ffaf99; font-size: 14pt;\"><em> \u00c0 titre indicatif ce sont les repas de ma petite fille Hella \u00e2g\u00e9e de 12 mois et valid\u00e9s pas son m\u00e9decin \ud83d\ude09<\/em><\/span><\/p>\n<p style=\"text-align: center;\"><span style=\"color: #ffaf99;\"><img loading=\"lazy\" decoding=\"async\" class=\"alignnone wp-image-60444\" src=\"http:\/\/recettes-gourmandes-de-joce.fr\/wp-content\/uploads\/2024\/02\/d4bcc537-a3b6-416f-9c98-ddffb3391a61.jpg\" alt=\"\" width=\"275\" height=\"250\" srcset=\"http:\/\/recettes-gourmandes-de-joce.fr\/wp-content\/uploads\/2024\/02\/d4bcc537-a3b6-416f-9c98-ddffb3391a61.jpg 800w, http:\/\/recettes-gourmandes-de-joce.fr\/wp-content\/uploads\/2024\/02\/d4bcc537-a3b6-416f-9c98-ddffb3391a61-768x698.jpg 768w, http:\/\/recettes-gourmandes-de-joce.fr\/wp-content\/uploads\/2024\/02\/d4bcc537-a3b6-416f-9c98-ddffb3391a61-750x682.jpg 750w\" sizes=\"auto, (max-width: 275px) 100vw, 275px\" \/><\/span><\/p>\n<p style=\"text-align: center;\"><span style=\"text-decoration: underline; color: #ffaf99;\"><span style=\"font-size: 18pt; font-family: georgia, palatino, serif;\"><em>Ingr\u00e9dients<\/em><\/span><\/span><\/p>\n<p style=\"text-align: center;\"><strong><span style=\"text-decoration: underline; color: #ffaf99;\"><span style=\"font-family: georgia, palatino, serif; font-size: 14pt;\"><em>Saumon effeuill\u00e9 en petits morceaux<\/em><\/span><\/span><\/strong><\/p>\n<p style=\"text-align: center;\"><span style=\"color: #ffaf99;\"><img loading=\"lazy\" decoding=\"async\" class=\"alignnone wp-image-60461\" src=\"http:\/\/recettes-gourmandes-de-joce.fr\/wp-content\/uploads\/2024\/02\/P5070196.jpg\" alt=\"\" width=\"214\" height=\"160\" \/><\/span><\/p>\n<p style=\"text-align: center;\"><span style=\"font-family: georgia, palatino, serif; font-size: 14pt; color: #ffaf99;\"><em><strong>Recette -&gt;<\/strong>\u00a0Mettre les pav\u00e9s de saumon dans un plat allant au micro-ondes, saler et poivrer, ajouter un peu d\u2019\u00e9pices pour poisson et un filet d\u2019huile d\u2019olive. Enfourner votre saumon au micro-ondes, pour une cuisson moelleuse et non s\u00e8che compter 2 minutes \u00e0 pleine puissance pour 2 pav\u00e9s, pour une cuisson \u00e0 c\u0153ur 3 minutes. <\/em><\/span><\/p>\n<p style=\"text-align: center;\"><strong><span style=\"text-decoration: underline; color: #ffaf99;\"><span style=\"font-family: georgia, palatino, serif; font-size: 14pt;\"><em>Pur\u00e9e de c\u00e9leri branche <\/em><\/span><\/span><\/strong><\/p>\n<p style=\"text-align: center;\"><span style=\"color: #ffaf99;\"><em style=\"font-family: georgia, palatino, serif; font-size: 18.6667px;\"><strong>Recette <\/strong>sur ce lien -&gt; <a style=\"color: #ffaf99;\" href=\"http:\/\/recettes-gourmandes-de-joce.fr\/index.php\/index\/legumes\/purees-diverses\/puree-au-celeri-branche\/\">Pur\u00e9e de c\u00e9leri branche <\/a><a style=\"color: #ffaf99;\" href=\"http:\/\/recettes-gourmandes-de-joce.fr\/index.php\/index\/legumes\/purees-diverses\/puree-au-celeri-branche\/\"><img loading=\"lazy\" decoding=\"async\" class=\"alignnone wp-image-33517\" src=\"http:\/\/recettes-gourmandes-de-joce.fr\/wp-content\/uploads\/2021\/06\/pb110070-300x215.jpg\" alt=\"\" width=\"223\" height=\"160\" srcset=\"http:\/\/recettes-gourmandes-de-joce.fr\/wp-content\/uploads\/2021\/06\/pb110070-300x215.jpg 300w, http:\/\/recettes-gourmandes-de-joce.fr\/wp-content\/uploads\/2021\/06\/pb110070-768x551.jpg 768w, http:\/\/recettes-gourmandes-de-joce.fr\/wp-content\/uploads\/2021\/06\/pb110070-750x538.jpg 750w, http:\/\/recettes-gourmandes-de-joce.fr\/wp-content\/uploads\/2021\/06\/pb110070.jpg 782w\" sizes=\"auto, (max-width: 223px) 100vw, 223px\" \/><\/a><\/em><\/span><\/p>\n<p style=\"text-align: center;\"><strong><span style=\"text-decoration: underline; color: #ffaf99;\"><span style=\"font-size: 14pt; font-family: georgia, palatino, serif;\"><em>Vermicelle<\/em><\/span><\/span><\/strong><\/p>\n<p style=\"text-align: center;\"><span style=\"color: #ffaf99;\"><img loading=\"lazy\" decoding=\"async\" class=\"alignnone wp-image-47328\" src=\"http:\/\/recettes-gourmandes-de-joce.fr\/wp-content\/uploads\/2022\/11\/20221116_194803-300x224.jpg\" alt=\"\" width=\"214\" height=\"160\" srcset=\"http:\/\/recettes-gourmandes-de-joce.fr\/wp-content\/uploads\/2022\/11\/20221116_194803-300x224.jpg 300w, http:\/\/recettes-gourmandes-de-joce.fr\/wp-content\/uploads\/2022\/11\/20221116_194803-1024x765.jpg 1024w, http:\/\/recettes-gourmandes-de-joce.fr\/wp-content\/uploads\/2022\/11\/20221116_194803-768x574.jpg 768w, http:\/\/recettes-gourmandes-de-joce.fr\/wp-content\/uploads\/2022\/11\/20221116_194803-1536x1148.jpg 1536w, http:\/\/recettes-gourmandes-de-joce.fr\/wp-content\/uploads\/2022\/11\/20221116_194803-2048x1531.jpg 2048w, http:\/\/recettes-gourmandes-de-joce.fr\/wp-content\/uploads\/2022\/11\/20221116_194803-750x561.jpg 750w\" sizes=\"auto, (max-width: 214px) 100vw, 214px\" \/> <img loading=\"lazy\" decoding=\"async\" class=\"alignnone wp-image-40745\" src=\"http:\/\/recettes-gourmandes-de-joce.fr\/wp-content\/uploads\/2021\/11\/soupe-choux-ail14-300x204.jpg\" alt=\"\" width=\"235\" height=\"160\" srcset=\"http:\/\/recettes-gourmandes-de-joce.fr\/wp-content\/uploads\/2021\/11\/soupe-choux-ail14-300x204.jpg 300w, http:\/\/recettes-gourmandes-de-joce.fr\/wp-content\/uploads\/2021\/11\/soupe-choux-ail14-768x522.jpg 768w, http:\/\/recettes-gourmandes-de-joce.fr\/wp-content\/uploads\/2021\/11\/soupe-choux-ail14-750x510.jpg 750w, http:\/\/recettes-gourmandes-de-joce.fr\/wp-content\/uploads\/2021\/11\/soupe-choux-ail14.jpg 1024w\" sizes=\"auto, (max-width: 235px) 100vw, 235px\" \/><\/span><\/p>\n<p style=\"text-align: center;\"><span style=\"font-size: 14pt; font-family: georgia, palatino, serif; color: #ffaf99;\"><em><strong> Recette<\/strong> -&gt; Dans une casserole d\u2019eau sal\u00e9e \u00e0 \u00e9bullition verser le vermicelle. Le cuire le temps indiqu\u00e9 sur le paquet en g\u00e9n\u00e9ral 5 minutes suffisent. Lorsqu\u2019il est cuit l\u2019\u00e9goutter.<\/em><\/span><\/p>\n<p style=\"text-align: center;\"><span style=\"color: #ffaf99;\"><img loading=\"lazy\" decoding=\"async\" class=\"alignnone size-full wp-image-59803\" src=\"http:\/\/recettes-gourmandes-de-joce.fr\/wp-content\/uploads\/2024\/01\/logitech-gaming-software-14112014-121223.jpg\" alt=\"\" width=\"640\" height=\"144\" \/><\/span><\/p>\n<p>&nbsp;<\/p>\n","protected":false},"excerpt":{"rendered":"<p>Un de mes petits plats Je n&rsquo;indiquerai pas de quantit\u00e9s mais simplement la composition du repas, il sera \u00e0 adapter \u00e0 votre enfant selon son \u00e2ge. \u00c0 titre indicatif ce sont les repas de ma petite fille Hella \u00e2g\u00e9e de 12 mois et valid\u00e9s pas son m\u00e9decin \ud83d\ude09 Ingr\u00e9dients Saumon effeuill\u00e9 en petits morceaux Recette &hellip; <\/p>\n<p><a class=\"more-link btn\" href=\"http:\/\/recettes-gourmandes-de-joce.fr\/index.php\/index\/repas-pour-bebes-enfants-les-ptits-plats-de-hella\/petit-plat-de-saumon-puree-de-celeri-et-vermicelle\/\">Lire la suite<\/a><\/p>\n","protected":false},"author":2,"featured_media":60444,"parent":60448,"menu_order":0,"comment_status":"open","ping_status":"closed","template":"","meta":{"footnotes":""},"class_list":["post-60460","page","type-page","status-publish","has-post-thumbnail","hentry","nodate","item-wrap"],"_links":{"self":[{"href":"http:\/\/recettes-gourmandes-de-joce.fr\/index.php\/wp-json\/wp\/v2\/pages\/60460","targetHints":{"allow":["GET"]}}],"collection":[{"href":"http:\/\/recettes-gourmandes-de-joce.fr\/index.php\/wp-json\/wp\/v2\/pages"}],"about":[{"href":"http:\/\/recettes-gourmandes-de-joce.fr\/index.php\/wp-json\/wp\/v2\/types\/page"}],"author":[{"embeddable":true,"href":"http:\/\/recettes-gourmandes-de-joce.fr\/index.php\/wp-json\/wp\/v2\/users\/2"}],"replies":[{"embeddable":true,"href":"http:\/\/recettes-gourmandes-de-joce.fr\/index.php\/wp-json\/wp\/v2\/comments?post=60460"}],"version-history":[{"count":4,"href":"http:\/\/recettes-gourmandes-de-joce.fr\/index.php\/wp-json\/wp\/v2\/pages\/60460\/revisions"}],"predecessor-version":[{"id":90795,"href":"http:\/\/recettes-gourmandes-de-joce.fr\/index.php\/wp-json\/wp\/v2\/pages\/60460\/revisions\/90795"}],"up":[{"embeddable":true,"href":"http:\/\/recettes-gourmandes-de-joce.fr\/index.php\/wp-json\/wp\/v2\/pages\/60448"}],"wp:featuredmedia":[{"embeddable":true,"href":"http:\/\/recettes-gourmandes-de-joce.fr\/index.php\/wp-json\/wp\/v2\/media\/60444"}],"wp:attachment":[{"href":"http:\/\/recettes-gourmandes-de-joce.fr\/index.php\/wp-json\/wp\/v2\/media?parent=60460"}],"curies":[{"name":"wp","href":"https:\/\/api.w.org\/{rel}","templated":true}]}}