{"id":6035,"date":"2019-10-18T07:56:56","date_gmt":"2019-10-18T07:56:56","guid":{"rendered":"http:\/\/recettes-gourmandes-de-joce.fr\/?page_id=6035"},"modified":"2025-03-25T10:06:04","modified_gmt":"2025-03-25T10:06:04","slug":"pate-a-pizza-a-ma-facon-avec-ou-sans-map-machine-a-pain","status":"publish","type":"page","link":"http:\/\/recettes-gourmandes-de-joce.fr\/index.php\/index\/burgers-croques-tartines-pizzas\/pizzas\/pate-a-pizza-a-ma-facon-avec-ou-sans-map-machine-a-pain\/","title":{"rendered":"P\u00e2te \u00e0 pizza \u00e0 ma fa\u00e7on avec ou SANS MAP (machine \u00e0 pain)."},"content":{"rendered":"<p style=\"text-align: center;\"><span style=\"text-decoration: underline; color: #008000;\"><em style=\"font-family: georgia, serif; font-size: x-large; text-align: center;\">Une de mes recettes<\/em><\/span><img loading=\"lazy\" decoding=\"async\" class=\"aligncenter wp-image-6036\" src=\"http:\/\/recettes-gourmandes-de-joce.fr\/wp-content\/uploads\/2019\/10\/Logitech-Gaming-Software-18102019-094541-150x150.jpg\" alt=\"\" width=\"292\" height=\"187\" srcset=\"http:\/\/recettes-gourmandes-de-joce.fr\/wp-content\/uploads\/2019\/10\/Logitech-Gaming-Software-18102019-094541-300x192.jpg 300w, http:\/\/recettes-gourmandes-de-joce.fr\/wp-content\/uploads\/2019\/10\/Logitech-Gaming-Software-18102019-094541.jpg 640w\" sizes=\"auto, (max-width: 292px) 100vw, 292px\" \/><\/p>\n<p style=\"text-align: center;\"><span style=\"font-family: georgia,serif;\"><span style=\"color: #008000; font-size: x-large; text-decoration: underline;\"><em>Ingr\u00e9dients pour 3 grandes pizzas<\/em><\/span><\/span><\/p>\n<p style=\"text-align: center;\"><span style=\"font-family: georgia,serif;\"><em><span style=\"color: #ff0000; font-size: large;\">290 ml d&rsquo;eau<\/span><\/em><\/span><\/p>\n<p style=\"text-align: center;\"><span style=\"font-family: georgia,serif;\"><em><span style=\"color: #ff0000; font-size: large;\">10 ml d&rsquo;huile d&rsquo;olive<\/span><\/em><\/span><\/p>\n<p style=\"text-align: center;\"><span style=\"font-family: georgia,serif;\"><em><span style=\"color: #ff0000; font-size: large;\">500 g de farine<\/span><\/em><\/span><\/p>\n<p style=\"text-align: center;\"><span style=\"font-family: georgia,serif;\"><em><span style=\"color: #ff0000; font-size: large;\">15 g de sel<\/span><\/em><\/span><\/p>\n<p style=\"text-align: center;\"><span style=\"font-family: georgia,serif;\"><em><span style=\"color: #ff0000; font-size: large;\">10 g de levure de boulanger s\u00e8che ou 30 g de fra\u00eeche<\/span><\/em><\/span><\/p>\n<p style=\"text-align: center;\"><span style=\"font-family: georgia,serif;\"><span style=\"color: #008000; text-decoration: underline;\"><em><span style=\"font-size: large;\">Ensuite selon vos go\u00fbts vous pouvez ajouter<\/span><\/em><\/span><\/span><\/p>\n<p style=\"text-align: center;\"><span style=\"font-family: georgia,serif;\"><em><span style=\"color: #ff0000; font-size: large;\">\u00bd c \u00e0 c d&rsquo;\u00e9pices ou<\/span><\/em><\/span><\/p>\n<p style=\"text-align: center;\"><span style=\"font-family: georgia,serif;\"><em><span style=\"color: #ff0000; font-size: large;\">1 c \u00e0 c d&rsquo;herbes s\u00e8ches style, basilic etc.<\/span><\/em><\/span><\/p>\n<p style=\"text-align: center;\"><span style=\"font-size: 14pt;\"><em><span style=\"font-family: georgia,serif;\"><span style=\"color: #ff0000;\">SANS MAP\u00a0-&gt; <\/span>P\u00e9trir les ingr\u00e9dients en \u00e9vitant de mettre en contact direct la levure et le sel pendant 10 minutes et laisser lever 1h30 sous un torchon au chaud \u00e0 l&rsquo;abris des courants d&rsquo;air, reprendre ensuite la recette \u00e0 la phase fa\u00e7onnage.<\/span><\/em><\/span><\/p>\n<p style=\"text-align: center;\"><img loading=\"lazy\" decoding=\"async\" class=\"alignnone size-thumbnail wp-image-6039\" src=\"http:\/\/recettes-gourmandes-de-joce.fr\/wp-content\/uploads\/2019\/10\/p4040978-150x150.jpg\" alt=\"\" width=\"150\" height=\"150\" \/> <img loading=\"lazy\" decoding=\"async\" class=\"alignnone size-thumbnail wp-image-6040\" src=\"http:\/\/recettes-gourmandes-de-joce.fr\/wp-content\/uploads\/2019\/10\/p4040979-150x150.jpg\" alt=\"\" width=\"150\" height=\"150\" \/><\/p>\n<p style=\"text-align: center;\"><span style=\"font-family: georgia,serif;\"><em><span style=\"color: #ff0000; font-size: large;\">Mettre la levure et l&rsquo;eau dans la Map, m\u00e9langer, <\/span><\/em><\/span><em style=\"font-family: georgia, serif;\"><span style=\"color: #ff0000; font-size: large;\">ajouter l&rsquo;huile d&rsquo;olive (photo oubli\u00e9e).<\/span><\/em><\/p>\n<p style=\"text-align: center;\"><img loading=\"lazy\" decoding=\"async\" class=\"alignnone size-thumbnail wp-image-6037\" src=\"http:\/\/recettes-gourmandes-de-joce.fr\/wp-content\/uploads\/2019\/10\/p4040981-150x150.jpg\" alt=\"\" width=\"150\" height=\"150\" \/> <img loading=\"lazy\" decoding=\"async\" class=\"alignnone size-thumbnail wp-image-6041\" src=\"http:\/\/recettes-gourmandes-de-joce.fr\/wp-content\/uploads\/2019\/10\/P2030094-150x150.jpg\" alt=\"\" width=\"150\" height=\"150\" \/> <img loading=\"lazy\" decoding=\"async\" class=\"alignnone size-thumbnail wp-image-6038\" src=\"http:\/\/recettes-gourmandes-de-joce.fr\/wp-content\/uploads\/2019\/10\/p4040982-150x150.jpg\" alt=\"\" width=\"150\" height=\"150\" \/><\/p>\n<p style=\"text-align: center;\"><span style=\"font-family: georgia,serif;\"><em><span style=\"color: #ff0000; font-size: large;\">Ajouter la farine et en dernier le sel et les herbes ou \u00e9pices si vous le souhaitez.<\/span><\/em><\/span><\/p>\n<p style=\"text-align: center;\"><span style=\"font-family: georgia,serif;\"><em><span style=\"color: #ff0000; font-size: large;\">Lancer le programme p\u00e2te (dur\u00e9e 1h30 sans cuisson), d\u00e9s le programme termin\u00e9 vous pouvez utiliser votre p\u00e2te.<\/span><\/em><\/span><\/p>\n<p style=\"text-align: center;\"><span style=\"font-family: georgia,serif;\"><span style=\"color: #008000;\"><em><span style=\"font-size: large;\">Bonne pizza!<\/span><\/em><\/span><\/span><\/p>\n<p style=\"text-align: center;\"><em><span style=\"color: #ff0000; font-size: large;\"><span style=\"color: #ff0000; font-size: large;\"><a class=\"mb\" href=\"http:\/\/s3.e-monsite.com\/2011\/02\/05\/02\/resize_550_550\/\/P2030096.jpg\" rel=\"iframe\"><img decoding=\"async\" src=\"http:\/\/s3.e-monsite.com\/2011\/02\/05\/02\/resize_250_250\/\/P2030096.jpg\" alt=\"\" border=\"0\" \/><\/a><\/span><\/span><\/em><\/p>\n<p style=\"text-align: center;\"><img loading=\"lazy\" decoding=\"async\" class=\"alignnone size-full wp-image-59803\" src=\"http:\/\/recettes-gourmandes-de-joce.fr\/wp-content\/uploads\/2024\/01\/logitech-gaming-software-14112014-121223.jpg\" alt=\"\" width=\"640\" height=\"144\" \/><\/p>\n<h3>Commentaires\u00a0<small>(2)<\/small><\/h3>\n<div class=\"items-container\">\n<div class=\"item item-comment media\">\n<div class=\"pull-left\"><img decoding=\"async\" class=\"media-object\" src=\"https:\/\/www.gravatar.com\/avatar\/93c06df1ab73c474f7f730df735328c0?d=https%3A%2F%2Fwww.recettes-gourmandes-de-joce.com%2Fmedias%2Fstatic%2Fmanager%2Fim%2Favatar.png?s=50&amp;d=mm\" alt=\"Jeyne Jen\" width=\"50\" \/><\/div>\n<div class=\"media-body\">\n<ul class=\"inline item-infos\">\n<li><span class=\"comment-number\">1.<\/span>\u00a0<span class=\"comment-author\"><strong>Jeyne Jen<\/strong><\/span>\u00a0<span class=\"comment-date\">| 27\/08\/2013<\/span><\/li>\n<\/ul>\n<div class=\"comment-content\"><strong>Test\u00e9 et Approuv\u00e9 \u00e0 100% ; Super Recette que je recommande ; moelleuse \u00e9paisse une vraie tuerie MIAM<br \/>\n<\/strong><\/div>\n<div class=\"item item-comment media by-webmaster\">\n<div class=\"pull-left\">\n<p>&nbsp;<\/p>\n<\/div>\n<div class=\"media-body\">\n<ul class=\"inline item-infos\">\n<li><span class=\"comment-author\"><strong>jocelyne debon<\/strong>\u00a0(<a rel=\"nofollow\">site web<\/a>)<\/span>\u00a0<span class=\"comment-date\">| 27\/08\/2013<\/span><\/li>\n<\/ul>\n<div class=\"comment-content\">Coucou<\/div>\n<div class=\"comment-content\">Merciiiiiiiii beaucoup c&rsquo;est gentil, ravie que cette recette ait plu<\/div>\n<div class=\"comment-content\">Bonne journ\u00e9e<\/div>\n<div class=\"comment-content\">Amicalement Joce<\/div>\n<\/div>\n<\/div>\n<\/div>\n<\/div>\n<\/div>\n","protected":false},"excerpt":{"rendered":"<p>Une de mes recettes Ingr\u00e9dients pour 3 grandes pizzas 290 ml d&rsquo;eau 10 ml d&rsquo;huile d&rsquo;olive 500 g de farine 15 g de sel 10 g de levure de boulanger s\u00e8che ou 30 g de fra\u00eeche Ensuite selon vos go\u00fbts vous pouvez ajouter \u00bd c \u00e0 c d&rsquo;\u00e9pices ou 1 c \u00e0 c d&rsquo;herbes s\u00e8ches &hellip; <\/p>\n<p><a class=\"more-link btn\" href=\"http:\/\/recettes-gourmandes-de-joce.fr\/index.php\/index\/burgers-croques-tartines-pizzas\/pizzas\/pate-a-pizza-a-ma-facon-avec-ou-sans-map-machine-a-pain\/\">Lire la suite<\/a><\/p>\n","protected":false},"author":2,"featured_media":86528,"parent":231,"menu_order":0,"comment_status":"open","ping_status":"closed","template":"","meta":{"footnotes":""},"class_list":["post-6035","page","type-page","status-publish","has-post-thumbnail","hentry","nodate","item-wrap"],"_links":{"self":[{"href":"http:\/\/recettes-gourmandes-de-joce.fr\/index.php\/wp-json\/wp\/v2\/pages\/6035","targetHints":{"allow":["GET"]}}],"collection":[{"href":"http:\/\/recettes-gourmandes-de-joce.fr\/index.php\/wp-json\/wp\/v2\/pages"}],"about":[{"href":"http:\/\/recettes-gourmandes-de-joce.fr\/index.php\/wp-json\/wp\/v2\/types\/page"}],"author":[{"embeddable":true,"href":"http:\/\/recettes-gourmandes-de-joce.fr\/index.php\/wp-json\/wp\/v2\/users\/2"}],"replies":[{"embeddable":true,"href":"http:\/\/recettes-gourmandes-de-joce.fr\/index.php\/wp-json\/wp\/v2\/comments?post=6035"}],"version-history":[{"count":9,"href":"http:\/\/recettes-gourmandes-de-joce.fr\/index.php\/wp-json\/wp\/v2\/pages\/6035\/revisions"}],"predecessor-version":[{"id":93875,"href":"http:\/\/recettes-gourmandes-de-joce.fr\/index.php\/wp-json\/wp\/v2\/pages\/6035\/revisions\/93875"}],"up":[{"embeddable":true,"href":"http:\/\/recettes-gourmandes-de-joce.fr\/index.php\/wp-json\/wp\/v2\/pages\/231"}],"wp:featuredmedia":[{"embeddable":true,"href":"http:\/\/recettes-gourmandes-de-joce.fr\/index.php\/wp-json\/wp\/v2\/media\/86528"}],"wp:attachment":[{"href":"http:\/\/recettes-gourmandes-de-joce.fr\/index.php\/wp-json\/wp\/v2\/media?parent=6035"}],"curies":[{"name":"wp","href":"https:\/\/api.w.org\/{rel}","templated":true}]}}