{"id":5973,"date":"2019-10-17T11:39:12","date_gmt":"2019-10-17T11:39:12","guid":{"rendered":"http:\/\/recettes-gourmandes-de-joce.fr\/?page_id=5973"},"modified":"2024-06-21T11:36:17","modified_gmt":"2024-06-21T11:36:17","slug":"langues-de-porc-ou-boeuf-sauce-gribiche","status":"publish","type":"page","link":"http:\/\/recettes-gourmandes-de-joce.fr\/index.php\/index\/viandes\/abats-charcuterie\/langues-de-porc-ou-boeuf-sauce-gribiche\/","title":{"rendered":"Langues de porc (ou b\u0153uf) sauce gribiche."},"content":{"rendered":"<p style=\"text-align: center;\"><span style=\"font-family: georgia, palatino, serif; color: #808000;\"><em style=\"font-size: x-large;\"><span style=\"text-decoration-line: underline;\">Une de mes recettes<\/span><\/em><\/span><\/p>\n<p style=\"text-align: center;\"><span style=\"font-family: georgia, palatino, serif;\"><img loading=\"lazy\" decoding=\"async\" class=\"alignnone wp-image-5959\" src=\"http:\/\/recettes-gourmandes-de-joce.fr\/wp-content\/uploads\/2019\/10\/P1010652-150x150.jpg\" alt=\"\" width=\"233\" height=\"175\" srcset=\"http:\/\/recettes-gourmandes-de-joce.fr\/wp-content\/uploads\/2019\/10\/P1010652-300x225.jpg 300w, http:\/\/recettes-gourmandes-de-joce.fr\/wp-content\/uploads\/2019\/10\/P1010652.jpg 640w\" sizes=\"auto, (max-width: 233px) 100vw, 233px\" \/> <img loading=\"lazy\" decoding=\"async\" class=\"alignnone wp-image-5960\" src=\"http:\/\/recettes-gourmandes-de-joce.fr\/wp-content\/uploads\/2019\/10\/P1010653-150x150.jpg\" alt=\"\" width=\"233\" height=\"175\" srcset=\"http:\/\/recettes-gourmandes-de-joce.fr\/wp-content\/uploads\/2019\/10\/P1010653-300x225.jpg 300w, http:\/\/recettes-gourmandes-de-joce.fr\/wp-content\/uploads\/2019\/10\/P1010653.jpg 640w\" sizes=\"auto, (max-width: 233px) 100vw, 233px\" \/> <img loading=\"lazy\" decoding=\"async\" class=\"alignnone wp-image-5958\" src=\"http:\/\/recettes-gourmandes-de-joce.fr\/wp-content\/uploads\/2019\/10\/P1010650-150x150.jpg\" alt=\"\" width=\"259\" height=\"175\" srcset=\"http:\/\/recettes-gourmandes-de-joce.fr\/wp-content\/uploads\/2019\/10\/P1010650-300x203.jpg 300w, http:\/\/recettes-gourmandes-de-joce.fr\/wp-content\/uploads\/2019\/10\/P1010650.jpg 640w\" sizes=\"auto, (max-width: 259px) 100vw, 259px\" \/><\/span><\/p>\n<p style=\"text-align: center;\"><span style=\"font-family: georgia, palatino, serif;\"><span style=\"font-size: x-large;\"><em><span style=\"text-decoration: underline;\"><span style=\"color: #808000; text-decoration: underline;\">Ingr\u00e9dients pour 3 personnes<\/span><\/span><\/em><\/span><\/span><\/p>\n<p style=\"text-align: center;\"><span style=\"font-family: georgia, palatino, serif;\"><img loading=\"lazy\" decoding=\"async\" class=\"alignnone wp-image-5974\" src=\"http:\/\/recettes-gourmandes-de-joce.fr\/wp-content\/uploads\/2019\/10\/Logitech-Gaming-Software-17102019-133224-150x150.jpg\" alt=\"\" width=\"253\" height=\"175\" srcset=\"http:\/\/recettes-gourmandes-de-joce.fr\/wp-content\/uploads\/2019\/10\/Logitech-Gaming-Software-17102019-133224-300x208.jpg 300w, http:\/\/recettes-gourmandes-de-joce.fr\/wp-content\/uploads\/2019\/10\/Logitech-Gaming-Software-17102019-133224.jpg 640w\" sizes=\"auto, (max-width: 253px) 100vw, 253px\" \/><\/span><\/p>\n<p style=\"text-align: center;\"><span style=\"font-family: georgia, palatino, serif;\"><span style=\"color: #808000;\"><em><span style=\"font-size: large;\">2 langues de porc<\/span><\/em><\/span><\/span><\/p>\n<p style=\"text-align: center;\"><span style=\"font-family: georgia, palatino, serif;\"><span style=\"color: #808000;\"><em><span style=\"font-size: large;\">2\u00a0carottes<\/span><\/em><\/span><\/span><\/p>\n<p style=\"text-align: center;\"><span style=\"font-family: georgia, palatino, serif;\"><span style=\"color: #808000;\"><em><span style=\"font-size: large;\">1 branche de c\u00e9leri<\/span><\/em><\/span><\/span><\/p>\n<p style=\"text-align: center;\"><span style=\"font-family: georgia, palatino, serif;\"><span style=\"color: #808000;\"><em><span style=\"font-size: large;\">2 feuilles de laurier<\/span><\/em><\/span><\/span><\/p>\n<p style=\"text-align: center;\"><span style=\"font-family: georgia, palatino, serif;\"><span style=\"color: #808000;\"><em><span style=\"font-size: large;\">1 oignon<\/span><\/em><\/span><\/span><\/p>\n<p style=\"text-align: center;\"><span style=\"font-family: georgia, palatino, serif;\"><span style=\"color: #808000;\"><em><span style=\"font-size: large;\">Sel et poivre<\/span><\/em><\/span><\/span><\/p>\n<p style=\"text-align: center;\"><span style=\"font-family: georgia, palatino, serif;\"><span style=\"color: #808000; font-size: x-large; text-decoration: underline;\"><em>Pour la sauce<\/em><\/span><\/span><\/p>\n<p style=\"text-align: center;\"><span style=\"font-family: georgia, palatino, serif;\"><span style=\"font-size: large;\"><em><span style=\"color: #808000;\">2 \u0153ufs<\/span><\/em><\/span><\/span><\/p>\n<p style=\"text-align: center;\"><span style=\"font-family: georgia, palatino, serif;\"><span style=\"font-size: large;\"><em><span style=\"color: #808000;\">5 cornichons<\/span><\/em><\/span><\/span><\/p>\n<p style=\"text-align: center;\"><span style=\"font-family: georgia, palatino, serif;\"><span style=\"font-size: large;\"><em><span style=\"color: #808000;\">1 c \u00e0 s de c\u00e2pres<\/span><\/em><\/span><\/span><\/p>\n<p style=\"text-align: center;\"><span style=\"font-family: georgia, palatino, serif;\"><span style=\"font-size: large;\"><em><span style=\"color: #808000;\">1 \u00e9chalote<\/span><\/em><\/span><\/span><\/p>\n<p style=\"text-align: center;\"><span style=\"font-family: georgia, palatino, serif;\"><span style=\"font-size: large;\"><em><span style=\"color: #808000;\">1 bouquet de persil plat<\/span><\/em><\/span><\/span><\/p>\n<p style=\"text-align: center;\"><span style=\"font-family: georgia, palatino, serif;\"><span style=\"font-size: large;\"><em><span style=\"color: #808000;\">1 belle branche d&rsquo;estragon<\/span><\/em><\/span><\/span><\/p>\n<p style=\"text-align: center;\"><span style=\"font-family: georgia, palatino, serif;\"><span style=\"font-size: large;\"><em><span style=\"color: #808000;\">1 c \u00e0 c de vinaigre de vin<\/span><\/em><\/span><\/span><\/p>\n<p style=\"text-align: center;\"><span style=\"font-family: georgia, palatino, serif;\"><span style=\"font-size: large;\"><em><span style=\"color: #808000;\">1 c \u00e0 c de moutarde<\/span><\/em><\/span><\/span><\/p>\n<p style=\"text-align: center;\"><span style=\"font-family: georgia, palatino, serif;\"><span style=\"font-size: large;\"><em><span style=\"color: #808000;\">Sel et poivre<\/span><\/em><\/span><\/span><\/p>\n<p style=\"text-align: center;\"><span style=\"font-family: georgia, palatino, serif;\"><span style=\"font-size: large;\"><em><span style=\"color: #808000;\">Huile de tournesol<\/span><\/em><\/span><\/span><\/p>\n<p style=\"text-align: center;\"><span style=\"font-family: georgia, palatino, serif;\"><span style=\"font-size: large;\"><em><span style=\"color: #808000;\">Accompagnement pommes de terre cuites \u00e0 l&rsquo;eau<\/span><\/em><\/span><\/span><\/p>\n<p style=\"text-align: center;\"><span style=\"font-family: georgia, palatino, serif;\"><span style=\"font-size: large;\"><em><span style=\"color: #808000;\">Cuisson des langues de porc sur ce lien -&gt; <a href=\"http:\/\/recettes-gourmandes-de-joce.fr\/index.php\/index\/viandes\/abats-charcuterie\/5987-2\/\">Cuisson des langues de porc <img loading=\"lazy\" decoding=\"async\" class=\"alignnone size-thumbnail wp-image-5970\" src=\"http:\/\/recettes-gourmandes-de-joce.fr\/wp-content\/uploads\/2019\/10\/P1010635-150x150.jpg\" alt=\"\" width=\"150\" height=\"150\" \/><\/a><\/span><\/em><\/span><\/span><\/p>\n<p style=\"text-align: center;\"><span style=\"font-family: georgia, palatino, serif;\"><img loading=\"lazy\" decoding=\"async\" class=\"alignnone wp-image-5791\" src=\"http:\/\/recettes-gourmandes-de-joce.fr\/wp-content\/uploads\/2019\/10\/langues-de-porc-\u00e0-la-sauce-tomate-7-150x150.jpg\" alt=\"\" width=\"227\" height=\"170\" srcset=\"http:\/\/recettes-gourmandes-de-joce.fr\/wp-content\/uploads\/2019\/10\/langues-de-porc-\u00e0-la-sauce-tomate-7-300x225.jpg 300w, http:\/\/recettes-gourmandes-de-joce.fr\/wp-content\/uploads\/2019\/10\/langues-de-porc-\u00e0-la-sauce-tomate-7.jpg 640w\" sizes=\"auto, (max-width: 227px) 100vw, 227px\" \/> <img loading=\"lazy\" decoding=\"async\" class=\"alignnone wp-image-5898\" src=\"http:\/\/recettes-gourmandes-de-joce.fr\/wp-content\/uploads\/2019\/10\/Logitech-Gaming-Software-16102019-174150.bmp-150x150.jpg\" alt=\"\" width=\"227\" height=\"170\" srcset=\"http:\/\/recettes-gourmandes-de-joce.fr\/wp-content\/uploads\/2019\/10\/Logitech-Gaming-Software-16102019-174150.bmp-300x225.jpg 300w, http:\/\/recettes-gourmandes-de-joce.fr\/wp-content\/uploads\/2019\/10\/Logitech-Gaming-Software-16102019-174150.bmp.jpg 640w\" sizes=\"auto, (max-width: 227px) 100vw, 227px\" \/> <img loading=\"lazy\" decoding=\"async\" class=\"alignnone wp-image-5970\" src=\"http:\/\/recettes-gourmandes-de-joce.fr\/wp-content\/uploads\/2019\/10\/P1010635-150x150.jpg\" alt=\"\" width=\"226\" height=\"170\" srcset=\"http:\/\/recettes-gourmandes-de-joce.fr\/wp-content\/uploads\/2019\/10\/P1010635-300x226.jpg 300w, http:\/\/recettes-gourmandes-de-joce.fr\/wp-content\/uploads\/2019\/10\/P1010635.jpg 640w\" sizes=\"auto, (max-width: 226px) 100vw, 226px\" \/><\/span><\/p>\n<p style=\"text-align: center;\"><span style=\"font-family: georgia, palatino, serif;\"><span style=\"font-size: large;\"><em><span style=\"color: #808000;\">Cuire vos langues de porc, les laisser refroidir et les peler, coupez l\u00e8s en tranches.<\/span><\/em><\/span><\/span><\/p>\n<p style=\"text-align: center;\"><span style=\"font-family: georgia, palatino, serif;\"><img loading=\"lazy\" decoding=\"async\" class=\"alignnone wp-image-5975\" src=\"http:\/\/recettes-gourmandes-de-joce.fr\/wp-content\/uploads\/2019\/10\/Logitech-Gaming-Software-17102019-131329-150x150.jpg\" alt=\"\" width=\"128\" height=\"170\" srcset=\"http:\/\/recettes-gourmandes-de-joce.fr\/wp-content\/uploads\/2019\/10\/Logitech-Gaming-Software-17102019-131329-226x300.jpg 226w, http:\/\/recettes-gourmandes-de-joce.fr\/wp-content\/uploads\/2019\/10\/Logitech-Gaming-Software-17102019-131329.jpg 482w\" sizes=\"auto, (max-width: 128px) 100vw, 128px\" \/>\u00a0<img loading=\"lazy\" decoding=\"async\" class=\"alignnone wp-image-5971\" src=\"http:\/\/recettes-gourmandes-de-joce.fr\/wp-content\/uploads\/2019\/10\/P1010636-150x150.jpg\" alt=\"\" width=\"227\" height=\"170\" srcset=\"http:\/\/recettes-gourmandes-de-joce.fr\/wp-content\/uploads\/2019\/10\/P1010636-300x225.jpg 300w, http:\/\/recettes-gourmandes-de-joce.fr\/wp-content\/uploads\/2019\/10\/P1010636.jpg 640w\" sizes=\"auto, (max-width: 227px) 100vw, 227px\" \/> <img loading=\"lazy\" decoding=\"async\" class=\"alignnone wp-image-5951\" src=\"http:\/\/recettes-gourmandes-de-joce.fr\/wp-content\/uploads\/2019\/10\/P1010638-150x150.jpg\" alt=\"\" width=\"227\" height=\"170\" srcset=\"http:\/\/recettes-gourmandes-de-joce.fr\/wp-content\/uploads\/2019\/10\/P1010638-300x225.jpg 300w, http:\/\/recettes-gourmandes-de-joce.fr\/wp-content\/uploads\/2019\/10\/P1010638.jpg 640w\" sizes=\"auto, (max-width: 227px) 100vw, 227px\" \/>\u00a0<\/span><\/p>\n<p style=\"text-align: center;\"><span style=\"font-family: georgia, palatino, serif;\"><span style=\"font-size: large;\"><em><span style=\"color: #808000;\">Hacher les cornichons, les c\u00e2pres, les herbes lav\u00e9es et mettre le tout dans un bol, ajoutez y l&rsquo;\u00e9chalote pel\u00e9e et hach\u00e9e et m\u00e9langer. <\/span><\/em><\/span><\/span><\/p>\n<p style=\"text-align: center;\"><span style=\"font-family: georgia, palatino, serif;\"><img loading=\"lazy\" decoding=\"async\" class=\"alignnone wp-image-5330\" src=\"http:\/\/recettes-gourmandes-de-joce.fr\/wp-content\/uploads\/2019\/10\/103_4639-1-150x150.jpg\" alt=\"\" width=\"227\" height=\"170\" srcset=\"http:\/\/recettes-gourmandes-de-joce.fr\/wp-content\/uploads\/2019\/10\/103_4639-1-300x225.jpg 300w, http:\/\/recettes-gourmandes-de-joce.fr\/wp-content\/uploads\/2019\/10\/103_4639-1.jpg 640w\" sizes=\"auto, (max-width: 227px) 100vw, 227px\" \/> <img loading=\"lazy\" decoding=\"async\" class=\"alignnone wp-image-5952\" src=\"http:\/\/recettes-gourmandes-de-joce.fr\/wp-content\/uploads\/2019\/10\/P1010639-150x150.jpg\" alt=\"\" width=\"227\" height=\"170\" srcset=\"http:\/\/recettes-gourmandes-de-joce.fr\/wp-content\/uploads\/2019\/10\/P1010639-300x225.jpg 300w, http:\/\/recettes-gourmandes-de-joce.fr\/wp-content\/uploads\/2019\/10\/P1010639.jpg 640w\" sizes=\"auto, (max-width: 227px) 100vw, 227px\" \/> <img loading=\"lazy\" decoding=\"async\" class=\"alignnone wp-image-5953\" src=\"http:\/\/recettes-gourmandes-de-joce.fr\/wp-content\/uploads\/2019\/10\/P1010641-150x150.jpg\" alt=\"\" width=\"194\" height=\"170\" srcset=\"http:\/\/recettes-gourmandes-de-joce.fr\/wp-content\/uploads\/2019\/10\/P1010641-300x263.jpg 300w, http:\/\/recettes-gourmandes-de-joce.fr\/wp-content\/uploads\/2019\/10\/P1010641.jpg 640w\" sizes=\"auto, (max-width: 194px) 100vw, 194px\" \/><\/span><\/p>\n<p style=\"text-align: center;\"><span style=\"font-family: georgia, palatino, serif;\"><span style=\"font-size: large;\"><em><span style=\"color: #808000;\">Cuire les 2 \u0153ufs durs, laissez l\u00e8s refroidir et s\u00e9parer les blancs des jaunes, hacher les blancs et ajoutez l\u00e8s aux cornichons, c\u00e2pres etc., \u00e9mietter les jaunes dans un saladier, ajouter la moutarde, saler et poivrer et monter le tout comme une mayonnaise en ajoutant progressivement l&rsquo;huile, ajouter ensuite le vinaigre, m\u00e9langer.\u00a0<\/span><\/em><\/span><\/span><\/p>\n<p style=\"text-align: center;\"><span style=\"font-family: georgia, palatino, serif;\"><span style=\"font-size: large;\"><em><span style=\"color: #808000;\"><img loading=\"lazy\" decoding=\"async\" class=\"alignnone wp-image-5954\" src=\"http:\/\/recettes-gourmandes-de-joce.fr\/wp-content\/uploads\/2019\/10\/P1010642-150x150.jpg\" alt=\"\" width=\"209\" height=\"170\" srcset=\"http:\/\/recettes-gourmandes-de-joce.fr\/wp-content\/uploads\/2019\/10\/P1010642-300x244.jpg 300w, http:\/\/recettes-gourmandes-de-joce.fr\/wp-content\/uploads\/2019\/10\/P1010642.jpg 640w\" sizes=\"auto, (max-width: 209px) 100vw, 209px\" \/> <img loading=\"lazy\" decoding=\"async\" class=\"alignnone wp-image-5956\" src=\"http:\/\/recettes-gourmandes-de-joce.fr\/wp-content\/uploads\/2019\/10\/P1010645-150x150.jpg\" alt=\"\" width=\"227\" height=\"170\" srcset=\"http:\/\/recettes-gourmandes-de-joce.fr\/wp-content\/uploads\/2019\/10\/P1010645-300x225.jpg 300w, http:\/\/recettes-gourmandes-de-joce.fr\/wp-content\/uploads\/2019\/10\/P1010645.jpg 640w\" sizes=\"auto, (max-width: 227px) 100vw, 227px\" \/> <img loading=\"lazy\" decoding=\"async\" class=\"alignnone wp-image-69807\" src=\"http:\/\/recettes-gourmandes-de-joce.fr\/wp-content\/uploads\/2024\/04\/pdt-mais-creme16.jpg\" alt=\"\" width=\"218\" height=\"170\" srcset=\"http:\/\/recettes-gourmandes-de-joce.fr\/wp-content\/uploads\/2024\/04\/pdt-mais-creme16.jpg 800w, http:\/\/recettes-gourmandes-de-joce.fr\/wp-content\/uploads\/2024\/04\/pdt-mais-creme16-768x598.jpg 768w, http:\/\/recettes-gourmandes-de-joce.fr\/wp-content\/uploads\/2024\/04\/pdt-mais-creme16-750x584.jpg 750w\" sizes=\"auto, (max-width: 218px) 100vw, 218px\" \/><\/span><\/em><\/span><\/span><\/p>\n<p style=\"text-align: center;\"><span style=\"font-family: georgia, palatino, serif;\"><span style=\"font-size: large;\"><em><span style=\"color: #808000;\">\u00a0Verser dans le m\u00e9lange c\u00e2pres\/cornichons, fines herbes, votre sauce est pr\u00eate,\u00a0\u00a0servir les langues de porc ti\u00e8des ou froides accompagn\u00e9es de la sauce et de pommes de terre cuites \u00e0 l&rsquo;eau.<\/span><\/em><\/span><\/span><\/p>\n<p style=\"text-align: center;\"><span style=\"font-family: georgia, palatino, serif;\"><span style=\"font-size: large;\"><em><span style=\"color: #808000;\">Bon app\u00e9tit!<\/span><\/em><\/span><\/span><\/p>\n<p style=\"text-align: center;\"><span style=\"font-family: georgia, palatino, serif;\"><img loading=\"lazy\" decoding=\"async\" class=\"alignnone wp-image-5958\" src=\"http:\/\/recettes-gourmandes-de-joce.fr\/wp-content\/uploads\/2019\/10\/P1010650-150x150.jpg\" alt=\"\" width=\"259\" height=\"175\" srcset=\"http:\/\/recettes-gourmandes-de-joce.fr\/wp-content\/uploads\/2019\/10\/P1010650-300x203.jpg 300w, http:\/\/recettes-gourmandes-de-joce.fr\/wp-content\/uploads\/2019\/10\/P1010650.jpg 640w\" sizes=\"auto, (max-width: 259px) 100vw, 259px\" \/> <img loading=\"lazy\" decoding=\"async\" class=\"alignnone wp-image-5960\" src=\"http:\/\/recettes-gourmandes-de-joce.fr\/wp-content\/uploads\/2019\/10\/P1010653-150x150.jpg\" alt=\"\" width=\"233\" height=\"175\" srcset=\"http:\/\/recettes-gourmandes-de-joce.fr\/wp-content\/uploads\/2019\/10\/P1010653-300x225.jpg 300w, http:\/\/recettes-gourmandes-de-joce.fr\/wp-content\/uploads\/2019\/10\/P1010653.jpg 640w\" sizes=\"auto, (max-width: 233px) 100vw, 233px\" \/> <img loading=\"lazy\" decoding=\"async\" class=\"alignnone wp-image-5959\" src=\"http:\/\/recettes-gourmandes-de-joce.fr\/wp-content\/uploads\/2019\/10\/P1010652-150x150.jpg\" alt=\"\" width=\"233\" height=\"175\" srcset=\"http:\/\/recettes-gourmandes-de-joce.fr\/wp-content\/uploads\/2019\/10\/P1010652-300x225.jpg 300w, http:\/\/recettes-gourmandes-de-joce.fr\/wp-content\/uploads\/2019\/10\/P1010652.jpg 640w\" sizes=\"auto, (max-width: 233px) 100vw, 233px\" \/><\/span><\/p>\n<p style=\"text-align: center;\"><img loading=\"lazy\" decoding=\"async\" class=\"alignnone size-full wp-image-59803\" src=\"http:\/\/recettes-gourmandes-de-joce.fr\/wp-content\/uploads\/2024\/01\/logitech-gaming-software-14112014-121223.jpg\" alt=\"\" width=\"640\" height=\"144\" \/><\/p>\n<p style=\"text-align: center;\">\n","protected":false},"excerpt":{"rendered":"<p>Une de mes recettes Ingr\u00e9dients pour 3 personnes 2 langues de porc 2\u00a0carottes 1 branche de c\u00e9leri 2 feuilles de laurier 1 oignon Sel et poivre Pour la sauce 2 \u0153ufs 5 cornichons 1 c \u00e0 s de c\u00e2pres 1 \u00e9chalote 1 bouquet de persil plat 1 belle branche d&rsquo;estragon 1 c \u00e0 c de &hellip; <\/p>\n<p><a class=\"more-link btn\" href=\"http:\/\/recettes-gourmandes-de-joce.fr\/index.php\/index\/viandes\/abats-charcuterie\/langues-de-porc-ou-boeuf-sauce-gribiche\/\">Lire la suite<\/a><\/p>\n","protected":false},"author":2,"featured_media":84498,"parent":136,"menu_order":0,"comment_status":"open","ping_status":"closed","template":"","meta":{"footnotes":""},"class_list":["post-5973","page","type-page","status-publish","has-post-thumbnail","hentry","nodate","item-wrap"],"_links":{"self":[{"href":"http:\/\/recettes-gourmandes-de-joce.fr\/index.php\/wp-json\/wp\/v2\/pages\/5973","targetHints":{"allow":["GET"]}}],"collection":[{"href":"http:\/\/recettes-gourmandes-de-joce.fr\/index.php\/wp-json\/wp\/v2\/pages"}],"about":[{"href":"http:\/\/recettes-gourmandes-de-joce.fr\/index.php\/wp-json\/wp\/v2\/types\/page"}],"author":[{"embeddable":true,"href":"http:\/\/recettes-gourmandes-de-joce.fr\/index.php\/wp-json\/wp\/v2\/users\/2"}],"replies":[{"embeddable":true,"href":"http:\/\/recettes-gourmandes-de-joce.fr\/index.php\/wp-json\/wp\/v2\/comments?post=5973"}],"version-history":[{"count":6,"href":"http:\/\/recettes-gourmandes-de-joce.fr\/index.php\/wp-json\/wp\/v2\/pages\/5973\/revisions"}],"predecessor-version":[{"id":84499,"href":"http:\/\/recettes-gourmandes-de-joce.fr\/index.php\/wp-json\/wp\/v2\/pages\/5973\/revisions\/84499"}],"up":[{"embeddable":true,"href":"http:\/\/recettes-gourmandes-de-joce.fr\/index.php\/wp-json\/wp\/v2\/pages\/136"}],"wp:featuredmedia":[{"embeddable":true,"href":"http:\/\/recettes-gourmandes-de-joce.fr\/index.php\/wp-json\/wp\/v2\/media\/84498"}],"wp:attachment":[{"href":"http:\/\/recettes-gourmandes-de-joce.fr\/index.php\/wp-json\/wp\/v2\/media?parent=5973"}],"curies":[{"name":"wp","href":"https:\/\/api.w.org\/{rel}","templated":true}]}}